{"id":23566,"date":"2023-12-28T04:21:22","date_gmt":"2023-12-28T03:21:22","guid":{"rendered":"https:\/\/pb.edu.pl\/sjo\/?page_id=23566"},"modified":"2024-07-28T15:07:00","modified_gmt":"2024-07-28T13:07:00","slug":"jakub-jozef-orlinski","status":"publish","type":"page","link":"https:\/\/pb.edu.pl\/sjo\/polish-lab\/czy-wiecie-ze\/jakub-jozef-orlinski\/","title":{"rendered":"Jakub J\u00f3zef Orli\u0144ski"},"content":{"rendered":"<p><span style=\"font-family: verdana, geneva, sans-serif;font-size: 12pt\">Justin Timbelake opery \u2013 tak go okre\u015bli\u0142 ameryka\u0144ski tygodnik New Yorker, a brytyjski Daily Telegraph umie\u015bci\u0142 go w gronie 10 najbardziej czaruj\u0105cych artyst\u00f3w operowych \u015bwiata.<\/span><\/p>\n<p><span style=\"font-family: verdana, geneva, sans-serif;font-size: 12pt\"><strong>Jakub J\u00f3zef Orli\u0144ski<\/strong>, kontratenor, ale te\u017c b-boy, tancerz, akrobata i model urodzony w 1990 roku w Warszawie. Laureat wielu konkurs\u00f3w, kt\u00f3rego kalendarz artystyczny zape\u0142niony jest na wiele miesi\u0119cy w prz\u00f3d, i kt\u00f3rego koncerty sprzedaj\u0105 si\u0119 jak \u015bwie\u017ce bu\u0142eczki. S\u0142ynne opery i filharmonie prze\u015bcigaj\u0105 si\u0119 w zaproszeniach, a on ochoczo podejmuje kolejn\u0105 wsp\u00f3\u0142prac\u0119 i nowe wyzwania.<\/span><\/p>\n<p><span style=\"font-family: verdana, geneva, sans-serif;font-size: 12pt\">Jako jedyny polski artysta wyst\u0105pi\u0142 podczas ceremonii otwarcia Igrzysk Olimpijskich w Pary\u017cu, 26 lipca 2024 r., w towarzystwie takich gwiazd jak Lady Gaga, Celine Doin, Aya Nakamura czy Marina Viotti. Poni\u017cej fragment z jego wyst\u0119pem z TVP Sport.<\/span><\/p>\n<p>https:\/\/youtu.be\/QgMAJblVSZ8?si=WFsKq_vAlSM6oly5&#038;t=7<\/p>\n<p>&nbsp;<\/p>\n<p><span style=\"font-family: verdana, geneva, sans-serif;font-size: 12pt\">Kontratenor to najwy\u017cszy g\u0142os m\u0119ski, inaczej zwany falsetem, kt\u00f3rego wysokie d\u017awi\u0119ki s\u0105 wytwarzane przy wykorzystaniu brzeg\u00f3w strun g\u0142osowych. Technika \u015bpiewu trudna, wymagaj\u0105ca lat treningu, ale te\u017c niezwykle ciekawa. \u201ePoczu\u0142em, \u017ce \u015bpiewaj\u0105c kontratenorem jestem w&nbsp;stanie lepiej przekaza\u0107 moje emocje i&nbsp;postrzeganie utworu. G\u0142os naturalny nie dawa\u0142 mi tego uczucia spe\u0142nienia\u201d, powiedzia\u0142 w jednym z wywiad\u00f3w. Orli\u0144ski zdo\u0142a\u0142 t\u0119 technik\u0119 doprowadzi\u0107 do perfekcji, czym zauroczy\u0142 miliony meloman\u00f3w, kt\u00f3rzy wype\u0142niaj\u0105 sale koncertowe do ostatniego miejsca \u2013 pod ka\u017cd\u0105 szeroko\u015bci\u0105 geograficzn\u0105.<\/span><\/p>\n<p><span style=\"font-family: verdana, geneva, sans-serif;font-size: 12pt\">Podczas koncert\u00f3w Orli\u0144ski \u015bpiewa m.in. utwory Vivaldiego, Monteverdiego, Mariniego, Cacciniego, Frescobaldiego, Strozziego, Cavalliego, Jarz\u0119bskiego. Jest zafascynowany muzyk\u0105 barokow\u0105, co s\u0142ycha\u0107 na ostatnim, sz\u00f3stym ju\u017c solowym albumie zatytu\u0142owanym \u201eBeyond\u201d, nagranym przy akompaniamencie zespo\u0142u Il Pomo d\u2019Oro, wydanym jesieni\u0105 2023 r.<\/span><\/p>\nngg_shortcode_0_placeholder\n<div>\n<p><span style=\"font-family: verdana, geneva, sans-serif;font-size: 12pt\">Jest obsypywany nagrodami na ca\u0142ym \u015bwiecie. Kilkakrotnie otrzyma\u0142 statuetk\u0119 Opus Klassik w kategorii \u015bpiewak roku, dwukrotnie nominowany by\u0142 do Fryderyka w kategorii \u201eNajlepszy album polski za granic\u0105\u201d. W 2019 roku \u015bpiewak otrzyma\u0142 zaszczytny tytu\u0142 M\u0142odego Artysty Roku wg brytyjskiego magazynu \u201eGramophone\u201d, a w 2020 roku zosta\u0142 laureatem Paszportu \u201ePolityki\u201d w kategorii muzyka powa\u017cna za \u201eniepospolit\u0105 umiej\u0119tno\u015b\u0107 poruszania emocji w interpretacjach muzyki dawnej, pi\u0119kny g\u0142os, charyzm\u0119 estradow\u0105, pracowito\u015b\u0107, ambitne kszta\u0142towanie repertuaru i pokor\u0119 wobec muzyki\u201d. W 2021 r. otrzyma\u0142 International Opera Award, zwan\u0105 operowym Oscarem, za album \u201eFacce d\u2019Amore\u201d z barokowymi utworami \u015bwieckimi. By\u0142 te\u017c dwukrotnie nominowany do Grammy, jednej z najbardziej presti\u017cowych muzycznych nagr\u00f3d na \u015bwiecie.<\/span><\/p>\n<\/div>\n<p><span style=\"font-family: verdana, geneva, sans-serif;font-size: 12pt\">Jakub J\u00f3zef Orli\u0144ski ma r\u00f3wnie\u017c spore osi\u0105gni\u0119cia w dziedzinie ta\u0144ca breakdance. Bierze udzia\u0142 w konkursach tanecznych i wygrywa nagrody solo i zespo\u0142owe, m.in. drugie miejsce w konkursie Stylowe Uderzenie &#8211; Top Rock Contest oraz drugie miejsce w konkursie The Style Control. \u201eMam \u015bwiadomo\u015b\u0107 w\u0142asnego cia\u0142a\u201d, podkre\u015bla w wywiadach. Re\u017cyserzy ch\u0119tnie wykorzystuj\u0105 jego umiej\u0119tno\u015bci ruchowe w inscenizacjach operowych.<\/span><\/p>\n<p><span style=\"font-family: verdana, geneva, sans-serif;font-size: 12pt\">Orli\u0144ski jest te\u017c znany z kampanii reklamowych m.in. Levi&#8217;s, Nike, Turbokolor, Samsung, Mercedes-Benz czy Algida oraz Dannon, gdzie wyst\u0105pi\u0142 jako model, tancerz i akrobata.<\/span><\/p>\n<p><span style=\"font-family: verdana, geneva, sans-serif;font-size: 12pt\">W najbli\u017cszych miesi\u0105cach mo\u017cna go b\u0119dzie zobaczy\u0107 i wys\u0142ucha\u0107 m.in. w Barcelonie, Madrycie, Las Palmas de Gran Canaria, Santa Cruz de Tenerife, w Pradze, Wiedniu, Sofii, &nbsp;San Diego, Stanford, Vancouver.<\/span><\/p>\n<p><span style=\"font-family: verdana, geneva, sans-serif;font-size: 12pt\">Oficjalna strona artysty: https:\/\/jakubjozeforlinski.com\/<\/span><\/p>\n<div class=\"embed-responsive embed-responsive-16by9\"><iframe loading=\"lazy\" title=\"Vivaldi - Vedr\u00f2 con mio diletto (Jakub J\u00f3zef Orli\u0144ski)\" width=\"500\" height=\"281\" src=\"https:\/\/www.youtube.com\/embed\/CzF11RsxcWg?feature=oembed\" frameborder=\"0\" allow=\"accelerometer; autoplay; clipboard-write; encrypted-media; gyroscope; picture-in-picture; web-share\" referrerpolicy=\"strict-origin-when-cross-origin\" allowfullscreen><\/iframe><\/div>\n<p>&nbsp;<\/p>\n<p>&nbsp;<\/p>\n<div class=\"embed-responsive embed-responsive-16by9\"><iframe loading=\"lazy\" title=\"Inner Voice - Jakub J\u00f3zef Orli\u0144ski (direction: Andiamo)\" width=\"500\" height=\"281\" src=\"https:\/\/www.youtube.com\/embed\/3FvOth7sOeA?feature=oembed\" frameborder=\"0\" allow=\"accelerometer; autoplay; clipboard-write; encrypted-media; gyroscope; picture-in-picture; web-share\" referrerpolicy=\"strict-origin-when-cross-origin\" allowfullscreen><\/iframe><\/div>\n","protected":false},"excerpt":{"rendered":"<p>Justin Timbelake opery \u2013 tak go okre\u015bli\u0142 ameryka\u0144ski tygodnik New Yorker, a brytyjski Daily Telegraph<\/p>\n","protected":false},"author":77,"featured_media":0,"parent":8281,"menu_order":0,"comment_status":"closed","ping_status":"closed","template":"","meta":{"_acf_changed":false,"ngg_post_thumbnail":0,"footnotes":""},"class_list":["post-23566","page","type-page","status-publish","hentry"],"acf":[],"yoast_head":"<!-- This site is optimized with the Yoast SEO plugin v27.0 - https:\/\/yoast.com\/product\/yoast-seo-wordpress\/ -->\n<title>Jakub J\u00f3zef Orli\u0144ski - Studium J\u0119zyk\u00f3w Obcych<\/title>\n<meta name=\"description\" content=\"Justin Timbelake opery \u2013 tak go okre\u015bli\u0142 ameryka\u0144ski tygodnik New Yorker, a brytyjski Daily Telegraph umie\u015bci\u0142 go w gronie 10 najbardziej czaruj\u0105cych\" \/>\n<meta name=\"robots\" content=\"index, follow, max-snippet:-1, max-image-preview:large, max-video-preview:-1\" \/>\n<link rel=\"canonical\" href=\"https:\/\/pb.edu.pl\/sjo\/polish-lab\/czy-wiecie-ze\/jakub-jozef-orlinski\/\" \/>\n<meta property=\"og:locale\" content=\"pl_PL\" \/>\n<meta property=\"og:type\" content=\"article\" \/>\n<meta property=\"og:title\" content=\"Jakub J\u00f3zef Orli\u0144ski - Studium J\u0119zyk\u00f3w Obcych\" \/>\n<meta property=\"og:description\" content=\"Justin Timbelake opery \u2013 tak go okre\u015bli\u0142 ameryka\u0144ski tygodnik New Yorker, a brytyjski Daily Telegraph umie\u015bci\u0142 go w gronie 10 najbardziej czaruj\u0105cych\" \/>\n<meta property=\"og:url\" content=\"https:\/\/pb.edu.pl\/sjo\/polish-lab\/czy-wiecie-ze\/jakub-jozef-orlinski\/\" \/>\n<meta property=\"og:site_name\" content=\"Studium J\u0119zyk\u00f3w Obcych\" \/>\n<meta property=\"article:modified_time\" content=\"2024-07-28T13:07:00+00:00\" \/>\n<meta name=\"twitter:label1\" content=\"Szacowany czas czytania\" \/>\n\t<meta name=\"twitter:data1\" content=\"3 minuty\" \/>\n<script type=\"application\/ld+json\" class=\"yoast-schema-graph\">{\"@context\":\"https:\/\/schema.org\",\"@graph\":[{\"@type\":\"WebPage\",\"@id\":\"https:\/\/pb.edu.pl\/sjo\/polish-lab\/czy-wiecie-ze\/jakub-jozef-orlinski\/\",\"url\":\"https:\/\/pb.edu.pl\/sjo\/polish-lab\/czy-wiecie-ze\/jakub-jozef-orlinski\/\",\"name\":\"Jakub J\u00f3zef Orli\u0144ski - Studium J\u0119zyk\u00f3w Obcych\",\"isPartOf\":{\"@id\":\"https:\/\/pb.edu.pl\/sjo\/#website\"},\"datePublished\":\"2023-12-28T03:21:22+00:00\",\"dateModified\":\"2024-07-28T13:07:00+00:00\",\"description\":\"Justin Timbelake opery \u2013 tak go okre\u015bli\u0142 ameryka\u0144ski tygodnik New Yorker, a brytyjski Daily Telegraph umie\u015bci\u0142 go w gronie 10 najbardziej czaruj\u0105cych\",\"breadcrumb\":{\"@id\":\"https:\/\/pb.edu.pl\/sjo\/polish-lab\/czy-wiecie-ze\/jakub-jozef-orlinski\/#breadcrumb\"},\"inLanguage\":\"pl-PL\",\"potentialAction\":[{\"@type\":\"ReadAction\",\"target\":[\"https:\/\/pb.edu.pl\/sjo\/polish-lab\/czy-wiecie-ze\/jakub-jozef-orlinski\/\"]}]},{\"@type\":\"BreadcrumbList\",\"@id\":\"https:\/\/pb.edu.pl\/sjo\/polish-lab\/czy-wiecie-ze\/jakub-jozef-orlinski\/#breadcrumb\",\"itemListElement\":[{\"@type\":\"ListItem\",\"position\":1,\"name\":\"Home\",\"item\":\"https:\/\/pb.edu.pl\/sjo\/\"},{\"@type\":\"ListItem\",\"position\":2,\"name\":\"Centrum J\u0119zyka i Kultury Polskiej POLISH LAB\",\"item\":\"https:\/\/pb.edu.pl\/sjo\/polish-lab\/\"},{\"@type\":\"ListItem\",\"position\":3,\"name\":\"O Polsce i Polakach\",\"item\":\"https:\/\/pb.edu.pl\/sjo\/polish-lab\/czy-wiecie-ze\/\"},{\"@type\":\"ListItem\",\"position\":4,\"name\":\"Jakub J\u00f3zef Orli\u0144ski\"}]},{\"@type\":\"WebSite\",\"@id\":\"https:\/\/pb.edu.pl\/sjo\/#website\",\"url\":\"https:\/\/pb.edu.pl\/sjo\/\",\"name\":\"Studium J\u0119zyk\u00f3w Obcych\",\"description\":\"\",\"potentialAction\":[{\"@type\":\"SearchAction\",\"target\":{\"@type\":\"EntryPoint\",\"urlTemplate\":\"https:\/\/pb.edu.pl\/sjo\/?s={search_term_string}\"},\"query-input\":{\"@type\":\"PropertyValueSpecification\",\"valueRequired\":true,\"valueName\":\"search_term_string\"}}],\"inLanguage\":\"pl-PL\"}]}<\/script>\n<!-- \/ Yoast SEO plugin. -->","yoast_head_json":{"title":"Jakub J\u00f3zef Orli\u0144ski - Studium J\u0119zyk\u00f3w Obcych","description":"Justin Timbelake opery \u2013 tak go okre\u015bli\u0142 ameryka\u0144ski tygodnik New Yorker, a brytyjski Daily Telegraph umie\u015bci\u0142 go w gronie 10 najbardziej czaruj\u0105cych","robots":{"index":"index","follow":"follow","max-snippet":"max-snippet:-1","max-image-preview":"max-image-preview:large","max-video-preview":"max-video-preview:-1"},"canonical":"https:\/\/pb.edu.pl\/sjo\/polish-lab\/czy-wiecie-ze\/jakub-jozef-orlinski\/","og_locale":"pl_PL","og_type":"article","og_title":"Jakub J\u00f3zef Orli\u0144ski - Studium J\u0119zyk\u00f3w Obcych","og_description":"Justin Timbelake opery \u2013 tak go okre\u015bli\u0142 ameryka\u0144ski tygodnik New Yorker, a brytyjski Daily Telegraph umie\u015bci\u0142 go w gronie 10 najbardziej czaruj\u0105cych","og_url":"https:\/\/pb.edu.pl\/sjo\/polish-lab\/czy-wiecie-ze\/jakub-jozef-orlinski\/","og_site_name":"Studium J\u0119zyk\u00f3w Obcych","article_modified_time":"2024-07-28T13:07:00+00:00","twitter_misc":{"Szacowany czas czytania":"3 minuty"},"schema":{"@context":"https:\/\/schema.org","@graph":[{"@type":"WebPage","@id":"https:\/\/pb.edu.pl\/sjo\/polish-lab\/czy-wiecie-ze\/jakub-jozef-orlinski\/","url":"https:\/\/pb.edu.pl\/sjo\/polish-lab\/czy-wiecie-ze\/jakub-jozef-orlinski\/","name":"Jakub J\u00f3zef Orli\u0144ski - Studium J\u0119zyk\u00f3w Obcych","isPartOf":{"@id":"https:\/\/pb.edu.pl\/sjo\/#website"},"datePublished":"2023-12-28T03:21:22+00:00","dateModified":"2024-07-28T13:07:00+00:00","description":"Justin Timbelake opery \u2013 tak go okre\u015bli\u0142 ameryka\u0144ski tygodnik New Yorker, a brytyjski Daily Telegraph umie\u015bci\u0142 go w gronie 10 najbardziej czaruj\u0105cych","breadcrumb":{"@id":"https:\/\/pb.edu.pl\/sjo\/polish-lab\/czy-wiecie-ze\/jakub-jozef-orlinski\/#breadcrumb"},"inLanguage":"pl-PL","potentialAction":[{"@type":"ReadAction","target":["https:\/\/pb.edu.pl\/sjo\/polish-lab\/czy-wiecie-ze\/jakub-jozef-orlinski\/"]}]},{"@type":"BreadcrumbList","@id":"https:\/\/pb.edu.pl\/sjo\/polish-lab\/czy-wiecie-ze\/jakub-jozef-orlinski\/#breadcrumb","itemListElement":[{"@type":"ListItem","position":1,"name":"Home","item":"https:\/\/pb.edu.pl\/sjo\/"},{"@type":"ListItem","position":2,"name":"Centrum J\u0119zyka i Kultury Polskiej POLISH LAB","item":"https:\/\/pb.edu.pl\/sjo\/polish-lab\/"},{"@type":"ListItem","position":3,"name":"O Polsce i Polakach","item":"https:\/\/pb.edu.pl\/sjo\/polish-lab\/czy-wiecie-ze\/"},{"@type":"ListItem","position":4,"name":"Jakub J\u00f3zef Orli\u0144ski"}]},{"@type":"WebSite","@id":"https:\/\/pb.edu.pl\/sjo\/#website","url":"https:\/\/pb.edu.pl\/sjo\/","name":"Studium J\u0119zyk\u00f3w Obcych","description":"","potentialAction":[{"@type":"SearchAction","target":{"@type":"EntryPoint","urlTemplate":"https:\/\/pb.edu.pl\/sjo\/?s={search_term_string}"},"query-input":{"@type":"PropertyValueSpecification","valueRequired":true,"valueName":"search_term_string"}}],"inLanguage":"pl-PL"}]}},"_links":{"self":[{"href":"https:\/\/pb.edu.pl\/sjo\/wp-json\/wp\/v2\/pages\/23566","targetHints":{"allow":["GET"]}}],"collection":[{"href":"https:\/\/pb.edu.pl\/sjo\/wp-json\/wp\/v2\/pages"}],"about":[{"href":"https:\/\/pb.edu.pl\/sjo\/wp-json\/wp\/v2\/types\/page"}],"author":[{"embeddable":true,"href":"https:\/\/pb.edu.pl\/sjo\/wp-json\/wp\/v2\/users\/77"}],"replies":[{"embeddable":true,"href":"https:\/\/pb.edu.pl\/sjo\/wp-json\/wp\/v2\/comments?post=23566"}],"version-history":[{"count":0,"href":"https:\/\/pb.edu.pl\/sjo\/wp-json\/wp\/v2\/pages\/23566\/revisions"}],"up":[{"embeddable":true,"href":"https:\/\/pb.edu.pl\/sjo\/wp-json\/wp\/v2\/pages\/8281"}],"wp:attachment":[{"href":"https:\/\/pb.edu.pl\/sjo\/wp-json\/wp\/v2\/media?parent=23566"}],"curies":[{"name":"wp","href":"https:\/\/api.w.org\/{rel}","templated":true}]}}