{"id":23450,"date":"2023-12-19T12:16:09","date_gmt":"2023-12-19T11:16:09","guid":{"rendered":"https:\/\/pb.edu.pl\/sjo\/?page_id=23450"},"modified":"2025-02-18T13:24:08","modified_gmt":"2025-02-18T12:24:08","slug":"pozostale-audycje","status":"publish","type":"page","link":"https:\/\/pb.edu.pl\/sjo\/projekty-2-2\/sjo-w-radiu-akadera\/pozostale-audycje\/","title":{"rendered":"Pozosta\u0142e audycje"},"content":{"rendered":"<div class=\"mixcloud\">\n<div class=\"embed-responsive embed-responsive-16by9\"><iframe loading=\"lazy\" title=\"Randka Z Polskim - Rozmowa Z Ma\u0142gorzat\u0105 Ma\u0142gorzat\u0105 Komarewsk\u0105 Ze Studium J\u0119zyk\u00f3w Obcych\" width=\"100%\" height=\"120\" src=\"https:\/\/www.mixcloud.com\/widget\/iframe\/?feed=https%3A%2F%2Fwww.mixcloud.com%2FRADIO_AKADERA_87_7FM%2Frandka-z-polskim-rozmowa-z-ma%25C5%2582gorzat%25C4%2585-ma%25C5%2582gorzat%25C4%2585-komarewsk%25C4%2585-ze-studium-j%25C4%2599zyk%25C3%25B3w-obcych%2F&amp;hide_cover=1\" frameborder=\"0\" allow=\"encrypted-media; fullscreen; autoplay; idle-detection; speaker-selection; web-share;\"><\/iframe><\/div>\n<\/div>\n<h2>Podr\u00f3\u017ce z Erasmusem<\/h2>\n<div class=\"mixcloud\">\n<div class=\"embed-responsive embed-responsive-16by9\"><iframe loading=\"lazy\" title=\"Podr\u00f3\u017ce Z Erasmusem - Ma\u0142gorzata Komarewska Ze Studium J\u0119zyk\u00f3w Obcych Politechniki Bia\u0142ostockiej\" width=\"100%\" height=\"120\" src=\"https:\/\/www.mixcloud.com\/widget\/iframe\/?feed=https%3A%2F%2Fwww.mixcloud.com%2FRADIO_AKADERA_87_7FM%2Fpodr%25C3%25B3%25C5%25BCe-z-erasmusem-ma%25C5%2582gorzata-komarewska-ze-studium-j%25C4%2599zyk%25C3%25B3w-obcych-politechniki-bia%25C5%2582ostockiej%2F&amp;hide_cover=1\" frameborder=\"0\" allow=\"encrypted-media; fullscreen; autoplay; idle-detection; speaker-selection; web-share;\"><\/iframe><\/div>\n<\/div>\n<p>&nbsp;<\/p>\n<div class=\"mixcloud\">\n<div class=\"embed-responsive embed-responsive-16by9\"><iframe loading=\"lazy\" title=\"Podr\u00f3\u017ce Z Erasmusem - Cailyn Stewart, Stypendystka Fulbrighta I English Teaching Assistant Z Teksasu\" width=\"100%\" height=\"120\" src=\"https:\/\/www.mixcloud.com\/widget\/iframe\/?feed=https%3A%2F%2Fwww.mixcloud.com%2FRADIO_AKADERA_87_7FM%2Fpodr%25C3%25B3%25C5%25BCe-z-erasmusem-cailyn-stewart-stypendystka-fulbrighta-i-english-teaching-assistant-z-teksasu%2F&amp;hide_cover=1\" frameborder=\"0\" allow=\"encrypted-media; fullscreen; autoplay; idle-detection; speaker-selection; web-share;\"><\/iframe><\/div>\n<\/div>\n<p>&nbsp;<\/p>\n<div class=\"mixcloud\">\n<div class=\"embed-responsive embed-responsive-16by9\"><iframe loading=\"lazy\" title=\"Podr\u00f3\u017ce Z Erasmusem - Mgr Ma\u0142gorzata Komarewska, Koordynator Ds Erasmusa W Studium J\u0119zyk\u00f3w Obcych Pb\" width=\"100%\" height=\"120\" src=\"https:\/\/www.mixcloud.com\/widget\/iframe\/?feed=https%3A%2F%2Fwww.mixcloud.com%2FRADIO_AKADERA_87_7FM%2Fpodr%25C3%25B3%25C5%25BCe-z-erasmusem-mgr-ma%25C5%2582gorzata-komarewska-koordynator-ds-erasmusa-w-studium-j%25C4%2599zyk%25C3%25B3w-obcych-pb%2F&amp;hide_cover=1\" frameborder=\"0\" allow=\"encrypted-media; fullscreen; autoplay; idle-detection; speaker-selection; web-share;\"><\/iframe><\/div>\n<\/div>\n<p>&nbsp;<\/p>\n<div class=\"mixcloud\">\n<div class=\"embed-responsive embed-responsive-16by9\"><iframe loading=\"lazy\" title=\"Podr\u00f3\u017ce Z Erasmusem - Katarzyna Kochaniak Ze Studium J\u0119zyk\u00f3w Obcych Politechniki Bia\u0142ostockiej\" width=\"100%\" height=\"120\" src=\"https:\/\/www.mixcloud.com\/widget\/iframe\/?feed=https%3A%2F%2Fwww.mixcloud.com%2FRADIO_AKADERA_87_7FM%2Fpodr%25C3%25B3%25C5%25BCe-z-erasmusem-katarzyna-kochaniak-ze-studium-j%25C4%2599zyk%25C3%25B3w-obcych-politechniki-bia%25C5%2582ostockiej%2F&amp;hide_cover=1\" frameborder=\"0\" allow=\"encrypted-media; fullscreen; autoplay; idle-detection; speaker-selection; web-share;\"><\/iframe><\/div>\n<\/div>\n<p>&nbsp;<\/p>\n<div class=\"mixcloud\">\n<div class=\"embed-responsive embed-responsive-16by9\"><iframe loading=\"lazy\" title=\"Podr\u00f3\u017ce Z Erasmusem - Katarzyna Kochaniak I Eliza Masalska\" width=\"100%\" height=\"120\" src=\"https:\/\/www.mixcloud.com\/widget\/iframe\/?feed=https%3A%2F%2Fwww.mixcloud.com%2FRADIO_AKADERA_87_7FM%2Fpodr%25C3%25B3%25C5%25BCe-z-erasmusem-katarzyna-kochaniak-i-eliza-masalska%2F&amp;hide_cover=1\" frameborder=\"0\" allow=\"encrypted-media; fullscreen; autoplay; idle-detection; speaker-selection; web-share;\"><\/iframe><\/div>\n<\/div>\n","protected":false},"excerpt":{"rendered":"<p>Podr\u00f3\u017ce z Erasmusem &nbsp; &nbsp; &nbsp; &nbsp;<\/p>\n","protected":false},"author":6,"featured_media":0,"parent":23437,"menu_order":0,"comment_status":"closed","ping_status":"closed","template":"","meta":{"_acf_changed":false,"ngg_post_thumbnail":0,"footnotes":""},"class_list":["post-23450","page","type-page","status-publish","hentry"],"acf":[],"yoast_head":"<!-- This site is optimized with the Yoast SEO plugin v27.0 - https:\/\/yoast.com\/product\/yoast-seo-wordpress\/ -->\n<title>Pozosta\u0142e audycje - Studium J\u0119zyk\u00f3w Obcych<\/title>\n<meta name=\"description\" content=\"https:\/\/www.mixcloud.com\/RADIO_AKADERA_87_7FM\/randka-z-polskim-rozmowa-z-ma%C5%82gorzat%C4%85-ma%C5%82gorzat%C4%85-komarewsk%C4%85-ze-studium-j%C4%99zyk%C3%\" \/>\n<meta name=\"robots\" content=\"index, follow, max-snippet:-1, max-image-preview:large, max-video-preview:-1\" \/>\n<link rel=\"canonical\" href=\"https:\/\/pb.edu.pl\/sjo\/projekty-2-2\/sjo-w-radiu-akadera\/pozostale-audycje\/\" \/>\n<meta property=\"og:locale\" content=\"pl_PL\" \/>\n<meta property=\"og:type\" content=\"article\" \/>\n<meta property=\"og:title\" content=\"Pozosta\u0142e audycje - Studium J\u0119zyk\u00f3w Obcych\" \/>\n<meta property=\"og:description\" content=\"https:\/\/www.mixcloud.com\/RADIO_AKADERA_87_7FM\/randka-z-polskim-rozmowa-z-ma%C5%82gorzat%C4%85-ma%C5%82gorzat%C4%85-komarewsk%C4%85-ze-studium-j%C4%99zyk%C3%\" \/>\n<meta property=\"og:url\" content=\"https:\/\/pb.edu.pl\/sjo\/projekty-2-2\/sjo-w-radiu-akadera\/pozostale-audycje\/\" \/>\n<meta property=\"og:site_name\" content=\"Studium J\u0119zyk\u00f3w Obcych\" \/>\n<meta property=\"article:modified_time\" content=\"2025-02-18T12:24:08+00:00\" \/>\n<meta name=\"twitter:label1\" content=\"Szacowany czas czytania\" \/>\n\t<meta name=\"twitter:data1\" content=\"1 minuta\" \/>\n<script type=\"application\/ld+json\" class=\"yoast-schema-graph\">{\"@context\":\"https:\/\/schema.org\",\"@graph\":[{\"@type\":\"WebPage\",\"@id\":\"https:\/\/pb.edu.pl\/sjo\/projekty-2-2\/sjo-w-radiu-akadera\/pozostale-audycje\/\",\"url\":\"https:\/\/pb.edu.pl\/sjo\/projekty-2-2\/sjo-w-radiu-akadera\/pozostale-audycje\/\",\"name\":\"Pozosta\u0142e audycje - Studium J\u0119zyk\u00f3w Obcych\",\"isPartOf\":{\"@id\":\"https:\/\/pb.edu.pl\/sjo\/#website\"},\"datePublished\":\"2023-12-19T11:16:09+00:00\",\"dateModified\":\"2025-02-18T12:24:08+00:00\",\"description\":\"https:\/\/www.mixcloud.com\/RADIO_AKADERA_87_7FM\/randka-z-polskim-rozmowa-z-ma%C5%82gorzat%C4%85-ma%C5%82gorzat%C4%85-komarewsk%C4%85-ze-studium-j%C4%99zyk%C3%\",\"breadcrumb\":{\"@id\":\"https:\/\/pb.edu.pl\/sjo\/projekty-2-2\/sjo-w-radiu-akadera\/pozostale-audycje\/#breadcrumb\"},\"inLanguage\":\"pl-PL\",\"potentialAction\":[{\"@type\":\"ReadAction\",\"target\":[\"https:\/\/pb.edu.pl\/sjo\/projekty-2-2\/sjo-w-radiu-akadera\/pozostale-audycje\/\"]}]},{\"@type\":\"BreadcrumbList\",\"@id\":\"https:\/\/pb.edu.pl\/sjo\/projekty-2-2\/sjo-w-radiu-akadera\/pozostale-audycje\/#breadcrumb\",\"itemListElement\":[{\"@type\":\"ListItem\",\"position\":1,\"name\":\"Home\",\"item\":\"https:\/\/pb.edu.pl\/sjo\/\"},{\"@type\":\"ListItem\",\"position\":2,\"name\":\"Projekty\",\"item\":\"https:\/\/pb.edu.pl\/sjo\/projekty-2-2\/\"},{\"@type\":\"ListItem\",\"position\":3,\"name\":\"SJO w Radiu Akadera\",\"item\":\"https:\/\/pb.edu.pl\/sjo\/projekty-2-2\/sjo-w-radiu-akadera\/\"},{\"@type\":\"ListItem\",\"position\":4,\"name\":\"Pozosta\u0142e audycje\"}]},{\"@type\":\"WebSite\",\"@id\":\"https:\/\/pb.edu.pl\/sjo\/#website\",\"url\":\"https:\/\/pb.edu.pl\/sjo\/\",\"name\":\"Studium J\u0119zyk\u00f3w Obcych\",\"description\":\"\",\"potentialAction\":[{\"@type\":\"SearchAction\",\"target\":{\"@type\":\"EntryPoint\",\"urlTemplate\":\"https:\/\/pb.edu.pl\/sjo\/?s={search_term_string}\"},\"query-input\":{\"@type\":\"PropertyValueSpecification\",\"valueRequired\":true,\"valueName\":\"search_term_string\"}}],\"inLanguage\":\"pl-PL\"}]}<\/script>\n<!-- \/ Yoast SEO plugin. -->","yoast_head_json":{"title":"Pozosta\u0142e audycje - Studium J\u0119zyk\u00f3w Obcych","description":"https:\/\/www.mixcloud.com\/RADIO_AKADERA_87_7FM\/randka-z-polskim-rozmowa-z-ma%C5%82gorzat%C4%85-ma%C5%82gorzat%C4%85-komarewsk%C4%85-ze-studium-j%C4%99zyk%C3%","robots":{"index":"index","follow":"follow","max-snippet":"max-snippet:-1","max-image-preview":"max-image-preview:large","max-video-preview":"max-video-preview:-1"},"canonical":"https:\/\/pb.edu.pl\/sjo\/projekty-2-2\/sjo-w-radiu-akadera\/pozostale-audycje\/","og_locale":"pl_PL","og_type":"article","og_title":"Pozosta\u0142e audycje - Studium J\u0119zyk\u00f3w Obcych","og_description":"https:\/\/www.mixcloud.com\/RADIO_AKADERA_87_7FM\/randka-z-polskim-rozmowa-z-ma%C5%82gorzat%C4%85-ma%C5%82gorzat%C4%85-komarewsk%C4%85-ze-studium-j%C4%99zyk%C3%","og_url":"https:\/\/pb.edu.pl\/sjo\/projekty-2-2\/sjo-w-radiu-akadera\/pozostale-audycje\/","og_site_name":"Studium J\u0119zyk\u00f3w Obcych","article_modified_time":"2025-02-18T12:24:08+00:00","twitter_misc":{"Szacowany czas czytania":"1 minuta"},"schema":{"@context":"https:\/\/schema.org","@graph":[{"@type":"WebPage","@id":"https:\/\/pb.edu.pl\/sjo\/projekty-2-2\/sjo-w-radiu-akadera\/pozostale-audycje\/","url":"https:\/\/pb.edu.pl\/sjo\/projekty-2-2\/sjo-w-radiu-akadera\/pozostale-audycje\/","name":"Pozosta\u0142e audycje - Studium J\u0119zyk\u00f3w Obcych","isPartOf":{"@id":"https:\/\/pb.edu.pl\/sjo\/#website"},"datePublished":"2023-12-19T11:16:09+00:00","dateModified":"2025-02-18T12:24:08+00:00","description":"https:\/\/www.mixcloud.com\/RADIO_AKADERA_87_7FM\/randka-z-polskim-rozmowa-z-ma%C5%82gorzat%C4%85-ma%C5%82gorzat%C4%85-komarewsk%C4%85-ze-studium-j%C4%99zyk%C3%","breadcrumb":{"@id":"https:\/\/pb.edu.pl\/sjo\/projekty-2-2\/sjo-w-radiu-akadera\/pozostale-audycje\/#breadcrumb"},"inLanguage":"pl-PL","potentialAction":[{"@type":"ReadAction","target":["https:\/\/pb.edu.pl\/sjo\/projekty-2-2\/sjo-w-radiu-akadera\/pozostale-audycje\/"]}]},{"@type":"BreadcrumbList","@id":"https:\/\/pb.edu.pl\/sjo\/projekty-2-2\/sjo-w-radiu-akadera\/pozostale-audycje\/#breadcrumb","itemListElement":[{"@type":"ListItem","position":1,"name":"Home","item":"https:\/\/pb.edu.pl\/sjo\/"},{"@type":"ListItem","position":2,"name":"Projekty","item":"https:\/\/pb.edu.pl\/sjo\/projekty-2-2\/"},{"@type":"ListItem","position":3,"name":"SJO w Radiu Akadera","item":"https:\/\/pb.edu.pl\/sjo\/projekty-2-2\/sjo-w-radiu-akadera\/"},{"@type":"ListItem","position":4,"name":"Pozosta\u0142e audycje"}]},{"@type":"WebSite","@id":"https:\/\/pb.edu.pl\/sjo\/#website","url":"https:\/\/pb.edu.pl\/sjo\/","name":"Studium J\u0119zyk\u00f3w Obcych","description":"","potentialAction":[{"@type":"SearchAction","target":{"@type":"EntryPoint","urlTemplate":"https:\/\/pb.edu.pl\/sjo\/?s={search_term_string}"},"query-input":{"@type":"PropertyValueSpecification","valueRequired":true,"valueName":"search_term_string"}}],"inLanguage":"pl-PL"}]}},"_links":{"self":[{"href":"https:\/\/pb.edu.pl\/sjo\/wp-json\/wp\/v2\/pages\/23450","targetHints":{"allow":["GET"]}}],"collection":[{"href":"https:\/\/pb.edu.pl\/sjo\/wp-json\/wp\/v2\/pages"}],"about":[{"href":"https:\/\/pb.edu.pl\/sjo\/wp-json\/wp\/v2\/types\/page"}],"author":[{"embeddable":true,"href":"https:\/\/pb.edu.pl\/sjo\/wp-json\/wp\/v2\/users\/6"}],"replies":[{"embeddable":true,"href":"https:\/\/pb.edu.pl\/sjo\/wp-json\/wp\/v2\/comments?post=23450"}],"version-history":[{"count":0,"href":"https:\/\/pb.edu.pl\/sjo\/wp-json\/wp\/v2\/pages\/23450\/revisions"}],"up":[{"embeddable":true,"href":"https:\/\/pb.edu.pl\/sjo\/wp-json\/wp\/v2\/pages\/23437"}],"wp:attachment":[{"href":"https:\/\/pb.edu.pl\/sjo\/wp-json\/wp\/v2\/media?parent=23450"}],"curies":[{"name":"wp","href":"https:\/\/api.w.org\/{rel}","templated":true}]}}