{"id":23315,"date":"2023-12-14T02:49:16","date_gmt":"2023-12-14T01:49:16","guid":{"rendered":"https:\/\/pb.edu.pl\/sjo\/?page_id=23315"},"modified":"2023-12-14T04:00:54","modified_gmt":"2023-12-14T03:00:54","slug":"polonez","status":"publish","type":"page","link":"https:\/\/pb.edu.pl\/sjo\/polish-lab\/czy-wiecie-ze\/polonez\/","title":{"rendered":"Polonez"},"content":{"rendered":"<p><span style=\"font-size: 12pt;font-family: verdana, geneva, sans-serif\">Polonez to jeden z najstarszych polskich ta\u0144c\u00f3w narodowych, kt\u00f3ry zna i potrafi zata\u0144czy\u0107 chyba ka\u017cdy Polak. Dlatego wpisanie poloneza na <b>List\u0119 Reprezentatywn\u0105 Niematerialnego Dziedzictwa Kulturowego Ludzko\u015bci<\/b> jest dla nas wielkim powodem do rado\u015bci. Decyzj\u0119 o wpisie podj\u0119to w ubieg\u0142ym tygodniu, <b>5 grudnia 2023 r<\/b>.<\/span><\/p>\n<p><span style=\"font-size: 12pt;font-family: verdana, geneva, sans-serif\">Polonez to taniec grupowy o podnios\u0142ym, ale te\u017c radosnym charakterze. By\u0142 kiedy\u015b znany pod nazw\u0105 \u2018chodzony\u2019, poniewa\u017c tak on w zasadzie wygl\u0105da. Pary tancerzy maszeruj\u0105 jedna za drug\u0105 tworz\u0105c korow\u00f3d, wykonuj\u0105 te\u017c r\u00f3\u017cne, raczej proste figury, na przyk\u0142ad r\u0119koma uniesionymi do g\u00f3ry tworz\u0105 mosty, pod kt\u00f3rymi przechodz\u0105 inne pary, \u0142\u0105cz\u0105 si\u0119 w czw\u00f3rki i \u00f3semki lub tworz\u0105 ko\u0142a. Niekt\u00f3rzy znawcy zwracaj\u0105 uwag\u0119 na symbolik\u0119 zawart\u0105 w polonezie, odnosz\u0105c\u0105 si\u0119 do takich warto\u015bci jak r\u00f3wno\u015b\u0107, jedno\u015b\u0107 i harmonia, szczeg\u00f3lnie, \u017ce jest to taniec otwarty, egalitarny, kt\u00f3ry \u0142\u0105czy ta\u0144cz\u0105cych ponad podzia\u0142ami.<\/span><\/p>\n<p><span style=\"font-size: 12pt;font-family: verdana, geneva, sans-serif\">W dzisiejszych czasach polonez u\u015bwietnia obchody wa\u017cnych \u015bwi\u0105t narodowych, regionalnych czy nawet wesel. Kroki i figury poloneza znaj\u0105 wszyscy uczniowie ostatnich klas szko\u0142y \u015bredniej, gdy\u017c to w\u0142a\u015bnie uroczystym odta\u0144czeniem poloneza rozpoczyna si\u0119 studni\u00f3wka, czyli bal organizowany na oko\u0142o sto dni przed uko\u0144czeniem nauki. Poloneza maj\u0105 w swoim repertuarze wszystkie zespo\u0142y taneczne, amatorskie i profesjonalne, poniewa\u017c jest on cz\u0119\u015bci\u0105 polskiej to\u017csamo\u015bci kulturowej.<\/span><\/p>\n<div class=\"embed-responsive embed-responsive-16by9\"><iframe loading=\"lazy\" title=\"Polonez na placu Katedralnym w Wilnie | Poloneza czas zacz\u0105\u0107 2023\" width=\"500\" height=\"281\" src=\"https:\/\/www.youtube.com\/embed\/OS_gHZjRylc?feature=oembed\" frameborder=\"0\" allow=\"accelerometer; autoplay; clipboard-write; encrypted-media; gyroscope; picture-in-picture; web-share\" referrerpolicy=\"strict-origin-when-cross-origin\" allowfullscreen><\/iframe><\/div>\n<p>&nbsp;<\/p>\n<p><span style=\"font-family: verdana, geneva, sans-serif;font-size: 12pt\">Historia poloneza si\u0119ga XVI wieku. Znany by\u0142 w\u015br\u00f3d wszystkich warstw spo\u0142ecznych naszego kraju. Ta\u0144czono go zar\u00f3wno podczas bal\u00f3w na dworach kr\u00f3lewskich, jak i na wiejskich weselach. By\u0142 inspiracj\u0105 dla takich kompozytor\u00f3w jak Fryderyk Chopin, Georg Friedrich H\u00e4ndel czy Johann Sebastian Bach.<\/span><\/p>\n<p><span style=\"font-family: verdana, geneva, sans-serif;font-size: 12pt\">Poniewa\u017c polonez to nie tylko taniec. To r\u00f3wnie\u017c <strong>pi\u0119kny gatunek muzyczny<\/strong> o metrum tr\u00f3jdzielnym, umiarkowanym tempie i podnios\u0142ym charakterze. Najbardziej znane polonezy to:<\/span><\/p>\n<p><span style=\"font-family: verdana, geneva, sans-serif;font-size: 12pt\">Fryderyk Chopin &#8211; <strong>Polonez As-dur op. 53, zwany Heroicznym<\/strong>, skomponowany w 1842 r, uwa\u017cany za wa\u017cny symbol polsko\u015bci: <a href=\"https:\/\/chopin2020.pl\/pl\/compositions\/72\/polonaise-in-a-flat-major-op.-53\/video\">https:\/\/chopin2020.pl\/pl\/compositions\/72\/polonaise-in-a-flat-major-op.-53\/video<\/a><\/span><\/p>\n<p><span style=\"font-family: verdana, geneva, sans-serif;font-size: 12pt\">Micha\u0142 Kleofas Ogi\u0144ski \u2013<strong>Polonez pt. \u201dPo\u017cegnanie Ojczyzny\u201d<\/strong> (1831) <a href=\"https:\/\/www.youtube.com\/watch?v=Qo3mtx0cgdY\">https:\/\/www.youtube.com\/watch?v=Qo3mtx0cgdY<\/a><\/span><\/p>\n<p><span style=\"font-family: verdana, geneva, sans-serif;font-size: 12pt\">Henryk Wieniawski &nbsp;&#8211; Polonez D-dur op. 4 ( 1853) <a href=\"https:\/\/www.youtube.com\/watch?v=yGExjWfLGyQ\">https:\/\/www.youtube.com\/watch?v=yGExjWfLGyQ<\/a><\/span><\/p>\n<p><span style=\"font-family: verdana, geneva, sans-serif;font-size: 12pt\">Wojciech Kilar \u2013 <strong>Polonez do filmu pt \u201ePan Tadeusz\u201d<\/strong> Andrzeja Wajdy (1999) <a href=\"https:\/\/youtu.be\/rKaoCndSZI8?si=xv_dPwQevhPTxtnJ\">https:\/\/youtu.be\/rKaoCndSZI8?si=xv_dPwQevhPTxtnJ<\/a><\/span><\/p>\n<p><span style=\"font-family: verdana, geneva, sans-serif;font-size: 12pt\">Bartosz Chajdecki \u2013 Polonez z serialu \u201eCzas honoru\u201d (2008) <a href=\"https:\/\/youtu.be\/dnSKRaz8xiY?si=hWFi6WBPcAC7ZLJp\">https:\/\/youtu.be\/dnSKRaz8xiY?si=hWFi6WBPcAC7ZLJp<\/a><\/span><\/p>\n<p><span style=\"font-family: verdana, geneva, sans-serif;font-size: 12pt\">Pos\u0142uchajcie koniecznie!<\/span><\/p>\n<div id='gallery-1' class='gallery galleryid-23315 gallery-columns-3 gallery-size-medium'><figure class='gallery-item'>\n\t\t\t<div class='gallery-icon landscape'>\n\t\t\t\t<a href='https:\/\/pb.edu.pl\/sjo\/polish-lab\/czy-wiecie-ze\/polonez\/fotografia-by-pawe%c2%b3-tadejko\/'><img loading=\"lazy\" decoding=\"async\" width=\"300\" height=\"200\" src=\"https:\/\/pb.edu.pl\/sjo\/wp-content\/uploads\/sites\/9\/2023\/12\/DSC04826-300x200.jpg\" class=\"attachment-medium size-medium\" alt=\"\" srcset=\"https:\/\/pb.edu.pl\/sjo\/wp-content\/uploads\/sites\/9\/2023\/12\/DSC04826-300x200.jpg 300w, https:\/\/pb.edu.pl\/sjo\/wp-content\/uploads\/sites\/9\/2023\/12\/DSC04826-1024x683.jpg 1024w, https:\/\/pb.edu.pl\/sjo\/wp-content\/uploads\/sites\/9\/2023\/12\/DSC04826-768x512.jpg 768w, https:\/\/pb.edu.pl\/sjo\/wp-content\/uploads\/sites\/9\/2023\/12\/DSC04826-1536x1024.jpg 1536w, https:\/\/pb.edu.pl\/sjo\/wp-content\/uploads\/sites\/9\/2023\/12\/DSC04826-2048x1365.jpg 2048w, https:\/\/pb.edu.pl\/sjo\/wp-content\/uploads\/sites\/9\/2023\/12\/DSC04826-480x320.jpg 480w\" sizes=\"auto, (max-width: 300px) 100vw, 300px\" \/><\/a>\n\t\t\t<\/div><\/figure><figure class='gallery-item'>\n\t\t\t<div class='gallery-icon landscape'>\n\t\t\t\t<a href='https:\/\/pb.edu.pl\/sjo\/polish-lab\/czy-wiecie-ze\/polonez\/fotografia-by-pawel-tadejko-2\/'><img loading=\"lazy\" decoding=\"async\" width=\"300\" height=\"200\" src=\"https:\/\/pb.edu.pl\/sjo\/wp-content\/uploads\/sites\/9\/2023\/12\/DSC04663-300x200.jpg\" class=\"attachment-medium size-medium\" alt=\"\" srcset=\"https:\/\/pb.edu.pl\/sjo\/wp-content\/uploads\/sites\/9\/2023\/12\/DSC04663-300x200.jpg 300w, https:\/\/pb.edu.pl\/sjo\/wp-content\/uploads\/sites\/9\/2023\/12\/DSC04663-1024x683.jpg 1024w, https:\/\/pb.edu.pl\/sjo\/wp-content\/uploads\/sites\/9\/2023\/12\/DSC04663-768x512.jpg 768w, https:\/\/pb.edu.pl\/sjo\/wp-content\/uploads\/sites\/9\/2023\/12\/DSC04663-1536x1024.jpg 1536w, https:\/\/pb.edu.pl\/sjo\/wp-content\/uploads\/sites\/9\/2023\/12\/DSC04663-480x320.jpg 480w, https:\/\/pb.edu.pl\/sjo\/wp-content\/uploads\/sites\/9\/2023\/12\/DSC04663.jpg 1600w\" sizes=\"auto, (max-width: 300px) 100vw, 300px\" \/><\/a>\n\t\t\t<\/div><\/figure><figure class='gallery-item'>\n\t\t\t<div class='gallery-icon landscape'>\n\t\t\t\t<a href='https:\/\/pb.edu.pl\/sjo\/polish-lab\/czy-wiecie-ze\/polonez\/fotografia-by-pawel-tadejko\/'><img loading=\"lazy\" decoding=\"async\" width=\"300\" height=\"200\" src=\"https:\/\/pb.edu.pl\/sjo\/wp-content\/uploads\/sites\/9\/2023\/12\/DSC04597-300x200.jpg\" class=\"attachment-medium size-medium\" alt=\"\" srcset=\"https:\/\/pb.edu.pl\/sjo\/wp-content\/uploads\/sites\/9\/2023\/12\/DSC04597-300x200.jpg 300w, https:\/\/pb.edu.pl\/sjo\/wp-content\/uploads\/sites\/9\/2023\/12\/DSC04597-1024x683.jpg 1024w, https:\/\/pb.edu.pl\/sjo\/wp-content\/uploads\/sites\/9\/2023\/12\/DSC04597-768x512.jpg 768w, https:\/\/pb.edu.pl\/sjo\/wp-content\/uploads\/sites\/9\/2023\/12\/DSC04597-1536x1024.jpg 1536w, https:\/\/pb.edu.pl\/sjo\/wp-content\/uploads\/sites\/9\/2023\/12\/DSC04597-2048x1365.jpg 2048w, https:\/\/pb.edu.pl\/sjo\/wp-content\/uploads\/sites\/9\/2023\/12\/DSC04597-480x320.jpg 480w\" sizes=\"auto, (max-width: 300px) 100vw, 300px\" \/><\/a>\n\t\t\t<\/div><\/figure>\n\t\t<\/div>\n\n<p><em><span style=\"font-size: 8pt\">photos by Pawe\u0142 Tadejko <\/span><\/em><\/p>\n<p><span style=\"font-family: verdana, geneva, sans-serif;font-size: 12pt\">Dodajmy jeszcze, \u017ce polonez jest sz\u00f3st\u0105 polsk\u0105 tradycj\u0105 wpisan\u0105 na List\u0119 Niematerialnego Dziedzictwa Kulturowego UNESCO. Wcze\u015bnie wpisane zosta\u0142y:<\/span><\/p>\n<p><span style=\"font-family: verdana, geneva, sans-serif;font-size: 12pt\">&#8211; szopkarstwo krakowskie (2018 r.),<\/span><\/p>\n<p><span style=\"font-family: verdana, geneva, sans-serif;font-size: 12pt\">&#8211; kultura bartnicza (2020),<\/span><\/p>\n<p><span style=\"font-family: verdana, geneva, sans-serif;font-size: 12pt\">&#8211; sokolnictwo (2021 r.),<\/span><\/p>\n<p><span style=\"font-family: verdana, geneva, sans-serif;font-size: 12pt\">&#8211; tradycja dywan\u00f3w kwiatowych na procesje Bo\u017cego Cia\u0142a (2021 r.)<\/span><\/p>\n<p><span style=\"font-family: verdana, geneva, sans-serif;font-size: 12pt\">&#8211; flisactwo (2022 r.).<\/span><\/p>\n<p>&nbsp;<\/p>\n","protected":false},"excerpt":{"rendered":"<p>Polonez to jeden z najstarszych polskich ta\u0144c\u00f3w narodowych, kt\u00f3ry zna i potrafi zata\u0144czy\u0107 chyba ka\u017cdy<\/p>\n","protected":false},"author":77,"featured_media":0,"parent":8281,"menu_order":0,"comment_status":"closed","ping_status":"closed","template":"","meta":{"_acf_changed":false,"ngg_post_thumbnail":0,"footnotes":""},"class_list":["post-23315","page","type-page","status-publish","hentry"],"acf":[],"yoast_head":"<!-- This site is optimized with the Yoast SEO plugin v27.0 - https:\/\/yoast.com\/product\/yoast-seo-wordpress\/ -->\n<title>Polonez - Studium J\u0119zyk\u00f3w Obcych<\/title>\n<meta name=\"description\" content=\"Polonez to jeden z najstarszych polskich ta\u0144c\u00f3w narodowych, kt\u00f3ry zna i potrafi zata\u0144czy\u0107 chyba ka\u017cdy Polak. Dlatego wpisanie poloneza na List\u0119\" \/>\n<meta name=\"robots\" content=\"index, follow, max-snippet:-1, max-image-preview:large, max-video-preview:-1\" \/>\n<link rel=\"canonical\" href=\"https:\/\/pb.edu.pl\/sjo\/polish-lab\/czy-wiecie-ze\/polonez\/\" \/>\n<meta property=\"og:locale\" content=\"pl_PL\" \/>\n<meta property=\"og:type\" content=\"article\" \/>\n<meta property=\"og:title\" content=\"Polonez - Studium J\u0119zyk\u00f3w Obcych\" \/>\n<meta property=\"og:description\" content=\"Polonez to jeden z najstarszych polskich ta\u0144c\u00f3w narodowych, kt\u00f3ry zna i potrafi zata\u0144czy\u0107 chyba ka\u017cdy Polak. Dlatego wpisanie poloneza na List\u0119\" \/>\n<meta property=\"og:url\" content=\"https:\/\/pb.edu.pl\/sjo\/polish-lab\/czy-wiecie-ze\/polonez\/\" \/>\n<meta property=\"og:site_name\" content=\"Studium J\u0119zyk\u00f3w Obcych\" \/>\n<meta property=\"article:modified_time\" content=\"2023-12-14T03:00:54+00:00\" \/>\n<meta property=\"og:image\" content=\"https:\/\/pb.edu.pl\/sjo\/wp-content\/uploads\/sites\/9\/2023\/12\/DSC04826-300x200.jpg\" \/>\n<meta name=\"twitter:label1\" content=\"Szacowany czas czytania\" \/>\n\t<meta name=\"twitter:data1\" content=\"3 minuty\" \/>\n<script type=\"application\/ld+json\" class=\"yoast-schema-graph\">{\"@context\":\"https:\/\/schema.org\",\"@graph\":[{\"@type\":\"WebPage\",\"@id\":\"https:\/\/pb.edu.pl\/sjo\/polish-lab\/czy-wiecie-ze\/polonez\/\",\"url\":\"https:\/\/pb.edu.pl\/sjo\/polish-lab\/czy-wiecie-ze\/polonez\/\",\"name\":\"Polonez - Studium J\u0119zyk\u00f3w Obcych\",\"isPartOf\":{\"@id\":\"https:\/\/pb.edu.pl\/sjo\/#website\"},\"datePublished\":\"2023-12-14T01:49:16+00:00\",\"dateModified\":\"2023-12-14T03:00:54+00:00\",\"description\":\"Polonez to jeden z najstarszych polskich ta\u0144c\u00f3w narodowych, kt\u00f3ry zna i potrafi zata\u0144czy\u0107 chyba ka\u017cdy Polak. Dlatego wpisanie poloneza na List\u0119\",\"breadcrumb\":{\"@id\":\"https:\/\/pb.edu.pl\/sjo\/polish-lab\/czy-wiecie-ze\/polonez\/#breadcrumb\"},\"inLanguage\":\"pl-PL\",\"potentialAction\":[{\"@type\":\"ReadAction\",\"target\":[\"https:\/\/pb.edu.pl\/sjo\/polish-lab\/czy-wiecie-ze\/polonez\/\"]}]},{\"@type\":\"BreadcrumbList\",\"@id\":\"https:\/\/pb.edu.pl\/sjo\/polish-lab\/czy-wiecie-ze\/polonez\/#breadcrumb\",\"itemListElement\":[{\"@type\":\"ListItem\",\"position\":1,\"name\":\"Home\",\"item\":\"https:\/\/pb.edu.pl\/sjo\/\"},{\"@type\":\"ListItem\",\"position\":2,\"name\":\"Centrum J\u0119zyka i Kultury Polskiej POLISH LAB\",\"item\":\"https:\/\/pb.edu.pl\/sjo\/polish-lab\/\"},{\"@type\":\"ListItem\",\"position\":3,\"name\":\"O Polsce i Polakach\",\"item\":\"https:\/\/pb.edu.pl\/sjo\/polish-lab\/czy-wiecie-ze\/\"},{\"@type\":\"ListItem\",\"position\":4,\"name\":\"Polonez\"}]},{\"@type\":\"WebSite\",\"@id\":\"https:\/\/pb.edu.pl\/sjo\/#website\",\"url\":\"https:\/\/pb.edu.pl\/sjo\/\",\"name\":\"Studium J\u0119zyk\u00f3w Obcych\",\"description\":\"\",\"potentialAction\":[{\"@type\":\"SearchAction\",\"target\":{\"@type\":\"EntryPoint\",\"urlTemplate\":\"https:\/\/pb.edu.pl\/sjo\/?s={search_term_string}\"},\"query-input\":{\"@type\":\"PropertyValueSpecification\",\"valueRequired\":true,\"valueName\":\"search_term_string\"}}],\"inLanguage\":\"pl-PL\"}]}<\/script>\n<!-- \/ Yoast SEO plugin. -->","yoast_head_json":{"title":"Polonez - Studium J\u0119zyk\u00f3w Obcych","description":"Polonez to jeden z najstarszych polskich ta\u0144c\u00f3w narodowych, kt\u00f3ry zna i potrafi zata\u0144czy\u0107 chyba ka\u017cdy Polak. Dlatego wpisanie poloneza na List\u0119","robots":{"index":"index","follow":"follow","max-snippet":"max-snippet:-1","max-image-preview":"max-image-preview:large","max-video-preview":"max-video-preview:-1"},"canonical":"https:\/\/pb.edu.pl\/sjo\/polish-lab\/czy-wiecie-ze\/polonez\/","og_locale":"pl_PL","og_type":"article","og_title":"Polonez - Studium J\u0119zyk\u00f3w Obcych","og_description":"Polonez to jeden z najstarszych polskich ta\u0144c\u00f3w narodowych, kt\u00f3ry zna i potrafi zata\u0144czy\u0107 chyba ka\u017cdy Polak. Dlatego wpisanie poloneza na List\u0119","og_url":"https:\/\/pb.edu.pl\/sjo\/polish-lab\/czy-wiecie-ze\/polonez\/","og_site_name":"Studium J\u0119zyk\u00f3w Obcych","article_modified_time":"2023-12-14T03:00:54+00:00","og_image":[{"url":"https:\/\/pb.edu.pl\/sjo\/wp-content\/uploads\/sites\/9\/2023\/12\/DSC04826-300x200.jpg","type":"","width":"","height":""}],"twitter_misc":{"Szacowany czas czytania":"3 minuty"},"schema":{"@context":"https:\/\/schema.org","@graph":[{"@type":"WebPage","@id":"https:\/\/pb.edu.pl\/sjo\/polish-lab\/czy-wiecie-ze\/polonez\/","url":"https:\/\/pb.edu.pl\/sjo\/polish-lab\/czy-wiecie-ze\/polonez\/","name":"Polonez - Studium J\u0119zyk\u00f3w Obcych","isPartOf":{"@id":"https:\/\/pb.edu.pl\/sjo\/#website"},"datePublished":"2023-12-14T01:49:16+00:00","dateModified":"2023-12-14T03:00:54+00:00","description":"Polonez to jeden z najstarszych polskich ta\u0144c\u00f3w narodowych, kt\u00f3ry zna i potrafi zata\u0144czy\u0107 chyba ka\u017cdy Polak. Dlatego wpisanie poloneza na List\u0119","breadcrumb":{"@id":"https:\/\/pb.edu.pl\/sjo\/polish-lab\/czy-wiecie-ze\/polonez\/#breadcrumb"},"inLanguage":"pl-PL","potentialAction":[{"@type":"ReadAction","target":["https:\/\/pb.edu.pl\/sjo\/polish-lab\/czy-wiecie-ze\/polonez\/"]}]},{"@type":"BreadcrumbList","@id":"https:\/\/pb.edu.pl\/sjo\/polish-lab\/czy-wiecie-ze\/polonez\/#breadcrumb","itemListElement":[{"@type":"ListItem","position":1,"name":"Home","item":"https:\/\/pb.edu.pl\/sjo\/"},{"@type":"ListItem","position":2,"name":"Centrum J\u0119zyka i Kultury Polskiej POLISH LAB","item":"https:\/\/pb.edu.pl\/sjo\/polish-lab\/"},{"@type":"ListItem","position":3,"name":"O Polsce i Polakach","item":"https:\/\/pb.edu.pl\/sjo\/polish-lab\/czy-wiecie-ze\/"},{"@type":"ListItem","position":4,"name":"Polonez"}]},{"@type":"WebSite","@id":"https:\/\/pb.edu.pl\/sjo\/#website","url":"https:\/\/pb.edu.pl\/sjo\/","name":"Studium J\u0119zyk\u00f3w Obcych","description":"","potentialAction":[{"@type":"SearchAction","target":{"@type":"EntryPoint","urlTemplate":"https:\/\/pb.edu.pl\/sjo\/?s={search_term_string}"},"query-input":{"@type":"PropertyValueSpecification","valueRequired":true,"valueName":"search_term_string"}}],"inLanguage":"pl-PL"}]}},"_links":{"self":[{"href":"https:\/\/pb.edu.pl\/sjo\/wp-json\/wp\/v2\/pages\/23315","targetHints":{"allow":["GET"]}}],"collection":[{"href":"https:\/\/pb.edu.pl\/sjo\/wp-json\/wp\/v2\/pages"}],"about":[{"href":"https:\/\/pb.edu.pl\/sjo\/wp-json\/wp\/v2\/types\/page"}],"author":[{"embeddable":true,"href":"https:\/\/pb.edu.pl\/sjo\/wp-json\/wp\/v2\/users\/77"}],"replies":[{"embeddable":true,"href":"https:\/\/pb.edu.pl\/sjo\/wp-json\/wp\/v2\/comments?post=23315"}],"version-history":[{"count":0,"href":"https:\/\/pb.edu.pl\/sjo\/wp-json\/wp\/v2\/pages\/23315\/revisions"}],"up":[{"embeddable":true,"href":"https:\/\/pb.edu.pl\/sjo\/wp-json\/wp\/v2\/pages\/8281"}],"wp:attachment":[{"href":"https:\/\/pb.edu.pl\/sjo\/wp-json\/wp\/v2\/media?parent=23315"}],"curies":[{"name":"wp","href":"https:\/\/api.w.org\/{rel}","templated":true}]}}