{"id":233,"date":"2017-11-27T20:50:33","date_gmt":"2017-11-27T19:50:33","guid":{"rendered":"https:\/\/pb.edu.pl\/sjo\/?page_id=233"},"modified":"2017-11-27T21:25:45","modified_gmt":"2017-11-27T20:25:45","slug":"regulamin-polilingua","status":"publish","type":"page","link":"https:\/\/pb.edu.pl\/sjo\/oferta-sjo\/kursy-jezykowe\/regulamin-polilingua\/","title":{"rendered":"Regulamin"},"content":{"rendered":"<p align=\"center\"><strong>REGULAMIN KURS\u00d3W J\u0118ZYKOWYCH ,,POLILINGUA\u2019\u2019<\/strong><\/p>\n<p align=\"center\"><strong>W STUDIUM J\u0118ZYK\u00d3W OBCYCH POLITECHNIKI BIA\u0141OSTOCKIEJ<\/strong><\/p>\n<p align=\"center\">&nbsp;<\/p>\n<ol>\n<li>Studium J\u0119zyk\u00f3w Obcych (SJO) prowadzi kursy j\u0119zyk\u00f3w obcych dla student\u00f3w, doktorant\u00f3w i pracownik\u00f3w Politechniki Bia\u0142ostockiej na preferencyjnych warunkach cenowych. Istnieje r\u00f3wnie\u017c mo\u017cliwo\u015b\u0107 przyjmowania do grup os\u00f3b spoza Politechniki.<\/li>\n<li>Zaj\u0119cia odbywaj\u0105 si\u0119 na terenie PB, a prowadz\u0105 je lektorzy SJO.<\/li>\n<li>Standardowy kurs obejmuje 40 godzin w semestrze, tj. 20 spotka\u0144 x 90 minut.<\/li>\n<li>Przewiduje si\u0119 mo\u017cliwo\u015b\u0107 utworzenia grup o obni\u017conym wymiarze godzin.<\/li>\n<li>Dok\u0142adne terminy zaj\u0119\u0107 ustala lektor z grup\u0105 podczas pierwszego spotkania.<\/li>\n<li>Stawka godzinowa uzale\u017cniona jest od liczby os\u00f3b w grupie. Jest ustalana przez kierownika SJO.<\/li>\n<li>O przyj\u0119ciu do grupy decyduje kolejno\u015b\u0107 zg\u0142osze\u0144 oraz terminowe uiszczenie ustalonej op\u0142aty.<\/li>\n<li>Za s\u0142uchacza kursu uwa\u017ca si\u0119 osob\u0119, kt\u00f3ra w terminie wnios\u0142a pe\u0142n\u0105 op\u0142at\u0119.<\/li>\n<li>Op\u0142ata za kurs musi by\u0107 dokonana najp\u00f3\u017aniej w ci\u0105gu <u>14 dni<\/u> od daty rozpocz\u0119cia zaj\u0119\u0107 na konto: <strong>30 1240 1154 1111 0000 2148 7604.<\/strong><\/li>\n<li>W szczeg\u00f3lnych przypadkach dopuszcza si\u0119 zwrot wniesionej op\u0142aty:<\/li>\n<\/ol>\n<ul>\n<li value=\"10\">gdy nie dojdzie do rozpocz\u0119cia kursu z powodu zbyt ma\u0142ej liczby ch\u0119tnych (zwrot pe\u0142nej kwoty);<\/li>\n<li value=\"10\">w innych przypadkach o zwrocie op\u0142aty lub jej cz\u0119\u015bci decyduje kierownik SJO.<\/li>\n<\/ul>\n","protected":false},"excerpt":{"rendered":"<p>REGULAMIN KURS\u00d3W J\u0118ZYKOWYCH ,,POLILINGUA\u2019\u2019 W STUDIUM J\u0118ZYK\u00d3W OBCYCH POLITECHNIKI BIA\u0141OSTOCKIEJ &nbsp; Studium J\u0119zyk\u00f3w Obcych (SJO)<\/p>\n","protected":false},"author":6,"featured_media":0,"parent":20,"menu_order":4,"comment_status":"closed","ping_status":"closed","template":"","meta":{"_acf_changed":false,"ngg_post_thumbnail":0,"footnotes":""},"class_list":["post-233","page","type-page","status-publish","hentry"],"acf":[],"yoast_head":"<!-- This site is optimized with the Yoast SEO plugin v27.0 - https:\/\/yoast.com\/product\/yoast-seo-wordpress\/ -->\n<title>Regulamin - Studium J\u0119zyk\u00f3w Obcych<\/title>\n<meta name=\"description\" content=\"REGULAMIN KURS\u00d3W J\u0118ZYKOWYCH ,,POLILINGUA\u2019\u2019 W STUDIUM J\u0118ZYK\u00d3W OBCYCH POLITECHNIKI BIA\u0141OSTOCKIEJ &nbsp; Studium J\u0119zyk\u00f3w Obcych (SJO) prowadzi kursy j\u0119zyk\u00f3w\" \/>\n<meta name=\"robots\" content=\"index, follow, max-snippet:-1, max-image-preview:large, max-video-preview:-1\" \/>\n<link rel=\"canonical\" href=\"https:\/\/pb.edu.pl\/sjo\/oferta-sjo\/kursy-jezykowe\/regulamin-polilingua\/\" \/>\n<meta property=\"og:locale\" content=\"pl_PL\" \/>\n<meta property=\"og:type\" content=\"article\" \/>\n<meta property=\"og:title\" content=\"Regulamin - Studium J\u0119zyk\u00f3w Obcych\" \/>\n<meta property=\"og:description\" content=\"REGULAMIN KURS\u00d3W J\u0118ZYKOWYCH ,,POLILINGUA\u2019\u2019 W STUDIUM J\u0118ZYK\u00d3W OBCYCH POLITECHNIKI BIA\u0141OSTOCKIEJ &nbsp; Studium J\u0119zyk\u00f3w Obcych (SJO) prowadzi kursy j\u0119zyk\u00f3w\" \/>\n<meta property=\"og:url\" content=\"https:\/\/pb.edu.pl\/sjo\/oferta-sjo\/kursy-jezykowe\/regulamin-polilingua\/\" \/>\n<meta property=\"og:site_name\" content=\"Studium J\u0119zyk\u00f3w Obcych\" \/>\n<meta property=\"article:modified_time\" content=\"2017-11-27T20:25:45+00:00\" \/>\n<meta name=\"twitter:label1\" content=\"Szacowany czas czytania\" \/>\n\t<meta name=\"twitter:data1\" content=\"1 minuta\" \/>\n<script type=\"application\/ld+json\" class=\"yoast-schema-graph\">{\"@context\":\"https:\/\/schema.org\",\"@graph\":[{\"@type\":\"WebPage\",\"@id\":\"https:\/\/pb.edu.pl\/sjo\/oferta-sjo\/kursy-jezykowe\/regulamin-polilingua\/\",\"url\":\"https:\/\/pb.edu.pl\/sjo\/oferta-sjo\/kursy-jezykowe\/regulamin-polilingua\/\",\"name\":\"Regulamin - Studium J\u0119zyk\u00f3w Obcych\",\"isPartOf\":{\"@id\":\"https:\/\/pb.edu.pl\/sjo\/#website\"},\"datePublished\":\"2017-11-27T19:50:33+00:00\",\"dateModified\":\"2017-11-27T20:25:45+00:00\",\"description\":\"REGULAMIN KURS\u00d3W J\u0118ZYKOWYCH ,,POLILINGUA\u2019\u2019 W STUDIUM J\u0118ZYK\u00d3W OBCYCH POLITECHNIKI BIA\u0141OSTOCKIEJ &nbsp; Studium J\u0119zyk\u00f3w Obcych (SJO) prowadzi kursy j\u0119zyk\u00f3w\",\"breadcrumb\":{\"@id\":\"https:\/\/pb.edu.pl\/sjo\/oferta-sjo\/kursy-jezykowe\/regulamin-polilingua\/#breadcrumb\"},\"inLanguage\":\"pl-PL\",\"potentialAction\":[{\"@type\":\"ReadAction\",\"target\":[\"https:\/\/pb.edu.pl\/sjo\/oferta-sjo\/kursy-jezykowe\/regulamin-polilingua\/\"]}]},{\"@type\":\"BreadcrumbList\",\"@id\":\"https:\/\/pb.edu.pl\/sjo\/oferta-sjo\/kursy-jezykowe\/regulamin-polilingua\/#breadcrumb\",\"itemListElement\":[{\"@type\":\"ListItem\",\"position\":1,\"name\":\"Home\",\"item\":\"https:\/\/pb.edu.pl\/sjo\/\"},{\"@type\":\"ListItem\",\"position\":2,\"name\":\"Oferta komercyjna SJO\",\"item\":\"https:\/\/pb.edu.pl\/sjo\/oferta-sjo\/\"},{\"@type\":\"ListItem\",\"position\":3,\"name\":\"Kursy j\u0119zykowe\",\"item\":\"https:\/\/pb.edu.pl\/sjo\/oferta-sjo\/kursy-jezykowe\/\"},{\"@type\":\"ListItem\",\"position\":4,\"name\":\"Regulamin\"}]},{\"@type\":\"WebSite\",\"@id\":\"https:\/\/pb.edu.pl\/sjo\/#website\",\"url\":\"https:\/\/pb.edu.pl\/sjo\/\",\"name\":\"Studium J\u0119zyk\u00f3w Obcych\",\"description\":\"\",\"potentialAction\":[{\"@type\":\"SearchAction\",\"target\":{\"@type\":\"EntryPoint\",\"urlTemplate\":\"https:\/\/pb.edu.pl\/sjo\/?s={search_term_string}\"},\"query-input\":{\"@type\":\"PropertyValueSpecification\",\"valueRequired\":true,\"valueName\":\"search_term_string\"}}],\"inLanguage\":\"pl-PL\"}]}<\/script>\n<!-- \/ Yoast SEO plugin. -->","yoast_head_json":{"title":"Regulamin - Studium J\u0119zyk\u00f3w Obcych","description":"REGULAMIN KURS\u00d3W J\u0118ZYKOWYCH ,,POLILINGUA\u2019\u2019 W STUDIUM J\u0118ZYK\u00d3W OBCYCH POLITECHNIKI BIA\u0141OSTOCKIEJ &nbsp; Studium J\u0119zyk\u00f3w Obcych (SJO) prowadzi kursy j\u0119zyk\u00f3w","robots":{"index":"index","follow":"follow","max-snippet":"max-snippet:-1","max-image-preview":"max-image-preview:large","max-video-preview":"max-video-preview:-1"},"canonical":"https:\/\/pb.edu.pl\/sjo\/oferta-sjo\/kursy-jezykowe\/regulamin-polilingua\/","og_locale":"pl_PL","og_type":"article","og_title":"Regulamin - Studium J\u0119zyk\u00f3w Obcych","og_description":"REGULAMIN KURS\u00d3W J\u0118ZYKOWYCH ,,POLILINGUA\u2019\u2019 W STUDIUM J\u0118ZYK\u00d3W OBCYCH POLITECHNIKI BIA\u0141OSTOCKIEJ &nbsp; Studium J\u0119zyk\u00f3w Obcych (SJO) prowadzi kursy j\u0119zyk\u00f3w","og_url":"https:\/\/pb.edu.pl\/sjo\/oferta-sjo\/kursy-jezykowe\/regulamin-polilingua\/","og_site_name":"Studium J\u0119zyk\u00f3w Obcych","article_modified_time":"2017-11-27T20:25:45+00:00","twitter_misc":{"Szacowany czas czytania":"1 minuta"},"schema":{"@context":"https:\/\/schema.org","@graph":[{"@type":"WebPage","@id":"https:\/\/pb.edu.pl\/sjo\/oferta-sjo\/kursy-jezykowe\/regulamin-polilingua\/","url":"https:\/\/pb.edu.pl\/sjo\/oferta-sjo\/kursy-jezykowe\/regulamin-polilingua\/","name":"Regulamin - Studium J\u0119zyk\u00f3w Obcych","isPartOf":{"@id":"https:\/\/pb.edu.pl\/sjo\/#website"},"datePublished":"2017-11-27T19:50:33+00:00","dateModified":"2017-11-27T20:25:45+00:00","description":"REGULAMIN KURS\u00d3W J\u0118ZYKOWYCH ,,POLILINGUA\u2019\u2019 W STUDIUM J\u0118ZYK\u00d3W OBCYCH POLITECHNIKI BIA\u0141OSTOCKIEJ &nbsp; Studium J\u0119zyk\u00f3w Obcych (SJO) prowadzi kursy j\u0119zyk\u00f3w","breadcrumb":{"@id":"https:\/\/pb.edu.pl\/sjo\/oferta-sjo\/kursy-jezykowe\/regulamin-polilingua\/#breadcrumb"},"inLanguage":"pl-PL","potentialAction":[{"@type":"ReadAction","target":["https:\/\/pb.edu.pl\/sjo\/oferta-sjo\/kursy-jezykowe\/regulamin-polilingua\/"]}]},{"@type":"BreadcrumbList","@id":"https:\/\/pb.edu.pl\/sjo\/oferta-sjo\/kursy-jezykowe\/regulamin-polilingua\/#breadcrumb","itemListElement":[{"@type":"ListItem","position":1,"name":"Home","item":"https:\/\/pb.edu.pl\/sjo\/"},{"@type":"ListItem","position":2,"name":"Oferta komercyjna SJO","item":"https:\/\/pb.edu.pl\/sjo\/oferta-sjo\/"},{"@type":"ListItem","position":3,"name":"Kursy j\u0119zykowe","item":"https:\/\/pb.edu.pl\/sjo\/oferta-sjo\/kursy-jezykowe\/"},{"@type":"ListItem","position":4,"name":"Regulamin"}]},{"@type":"WebSite","@id":"https:\/\/pb.edu.pl\/sjo\/#website","url":"https:\/\/pb.edu.pl\/sjo\/","name":"Studium J\u0119zyk\u00f3w Obcych","description":"","potentialAction":[{"@type":"SearchAction","target":{"@type":"EntryPoint","urlTemplate":"https:\/\/pb.edu.pl\/sjo\/?s={search_term_string}"},"query-input":{"@type":"PropertyValueSpecification","valueRequired":true,"valueName":"search_term_string"}}],"inLanguage":"pl-PL"}]}},"_links":{"self":[{"href":"https:\/\/pb.edu.pl\/sjo\/wp-json\/wp\/v2\/pages\/233","targetHints":{"allow":["GET"]}}],"collection":[{"href":"https:\/\/pb.edu.pl\/sjo\/wp-json\/wp\/v2\/pages"}],"about":[{"href":"https:\/\/pb.edu.pl\/sjo\/wp-json\/wp\/v2\/types\/page"}],"author":[{"embeddable":true,"href":"https:\/\/pb.edu.pl\/sjo\/wp-json\/wp\/v2\/users\/6"}],"replies":[{"embeddable":true,"href":"https:\/\/pb.edu.pl\/sjo\/wp-json\/wp\/v2\/comments?post=233"}],"version-history":[{"count":0,"href":"https:\/\/pb.edu.pl\/sjo\/wp-json\/wp\/v2\/pages\/233\/revisions"}],"up":[{"embeddable":true,"href":"https:\/\/pb.edu.pl\/sjo\/wp-json\/wp\/v2\/pages\/20"}],"wp:attachment":[{"href":"https:\/\/pb.edu.pl\/sjo\/wp-json\/wp\/v2\/media?parent=233"}],"curies":[{"name":"wp","href":"https:\/\/api.w.org\/{rel}","templated":true}]}}