{"id":22876,"date":"2023-11-13T15:28:40","date_gmt":"2023-11-13T14:28:40","guid":{"rendered":"https:\/\/pb.edu.pl\/sjo\/?page_id=22876"},"modified":"2023-11-14T10:48:03","modified_gmt":"2023-11-14T09:48:03","slug":"fullbright-na-politechnice-bialostockiej","status":"publish","type":"page","link":"https:\/\/pb.edu.pl\/sjo\/projekty-2-2\/program-fulbright\/fullbright-na-politechnice-bialostockiej\/","title":{"rendered":"Fullbright na Politechnice Bia\u0142ostockiej"},"content":{"rendered":"<h2>Aktualno\u015bci<\/h2>\n\t\t<div class=\"box news-box \">\n\t\t<div class=\"row\">\n\t\t\t\n\t\t\t\n\t\t\t\t\n\t\t\t\t\t\t\t\t\t\t<div class=\"col-sm-3\">\n\t\t\t\t\t\t\t\n<article class=\"format-standard\">\n    <span class=\"date text-right\"><i class=\"fal fa-calendar-alt\"><\/i> 11-07-2024<\/span>\n    <a href=\"https:\/\/pb.edu.pl\/sjo\/2024\/07\/11\/pozegnalne-spotkanie-z-cailyn\/\">\n      <div class=\"article-image\">\n        <img loading=\"lazy\" decoding=\"async\" width=\"480\" height=\"300\" src=\"https:\/\/pb.edu.pl\/sjo\/wp-content\/uploads\/sites\/9\/2024\/07\/cailyn-ost-zajecia-480x300.png\" class=\"attachment-medium-image-16x10 size-medium-image-16x10 wp-post-image\" alt=\"\" \/>      <\/div>\n      <h3>Po\u017cegnalne spotkanie z Cailyn<\/h3>\n      Na pocz\u0105tku lipca Cailyn Stewart opu\u015bci\u0142a Polsk\u0119. Po\u017cegnalnych spotka\u0144, prezent\u00f3w, podzi\u0119kowa\u0144,    <\/a>\n<\/article>\t\t\t\t\t\t<\/div>\n\t\t\t\t\t\t\t\t\t\t\t<div class=\"col-sm-3\">\n\t\t\t\t\t\t\t\n<article class=\"format-standard\">\n    <span class=\"date text-right\"><i class=\"fal fa-calendar-alt\"><\/i> 12-06-2024<\/span>\n    <a href=\"https:\/\/pb.edu.pl\/sjo\/2024\/06\/12\/zakonczenie-rocznego-pobytu-cailyn-w-polsce\/\">\n      <div class=\"article-image\">\n        <img loading=\"lazy\" decoding=\"async\" width=\"480\" height=\"300\" src=\"https:\/\/pb.edu.pl\/sjo\/wp-content\/uploads\/sites\/9\/2024\/06\/graduation-480x300.png\" class=\"attachment-medium-image-16x10 size-medium-image-16x10 wp-post-image\" alt=\"\" srcset=\"https:\/\/pb.edu.pl\/sjo\/wp-content\/uploads\/sites\/9\/2024\/06\/graduation-480x300.png 480w, https:\/\/pb.edu.pl\/sjo\/wp-content\/uploads\/sites\/9\/2024\/06\/graduation-300x188.png 300w, https:\/\/pb.edu.pl\/sjo\/wp-content\/uploads\/sites\/9\/2024\/06\/graduation-1024x640.png 1024w, https:\/\/pb.edu.pl\/sjo\/wp-content\/uploads\/sites\/9\/2024\/06\/graduation-768x480.png 768w, https:\/\/pb.edu.pl\/sjo\/wp-content\/uploads\/sites\/9\/2024\/06\/graduation.png 1080w\" sizes=\"auto, (max-width: 480px) 100vw, 480px\" \/>      <\/div>\n      <h3>Zako\u0144czenie rocznego pobytu Cailyn w Polsce<\/h3>\n      W pi\u0105tek, 7 czerwca br. w Warszawie odby\u0142a si\u0119 oficjalna ceremonia    <\/a>\n<\/article>\t\t\t\t\t\t<\/div>\n\t\t\t\t\t\t\t\t\t\t\t<div class=\"col-sm-3\">\n\t\t\t\t\t\t\t\n<article class=\"format-standard\">\n    <span class=\"date text-right\"><i class=\"fal fa-calendar-alt\"><\/i> 03-10-2023<\/span>\n    <a href=\"https:\/\/pb.edu.pl\/sjo\/2023\/10\/03\/22172\/\">\n      <div class=\"article-image\">\n        <img loading=\"lazy\" decoding=\"async\" width=\"480\" height=\"300\" src=\"https:\/\/pb.edu.pl\/sjo\/wp-content\/uploads\/sites\/9\/2023\/10\/fb-newa-480x300.png\" class=\"attachment-medium-image-16x10 size-medium-image-16x10 wp-post-image\" alt=\"\" srcset=\"https:\/\/pb.edu.pl\/sjo\/wp-content\/uploads\/sites\/9\/2023\/10\/fb-newa-480x300.png 480w, https:\/\/pb.edu.pl\/sjo\/wp-content\/uploads\/sites\/9\/2023\/10\/fb-newa-300x188.png 300w, https:\/\/pb.edu.pl\/sjo\/wp-content\/uploads\/sites\/9\/2023\/10\/fb-newa-1024x640.png 1024w, https:\/\/pb.edu.pl\/sjo\/wp-content\/uploads\/sites\/9\/2023\/10\/fb-newa-768x480.png 768w, https:\/\/pb.edu.pl\/sjo\/wp-content\/uploads\/sites\/9\/2023\/10\/fb-newa.png 1080w\" sizes=\"auto, (max-width: 480px) 100vw, 480px\" \/>      <\/div>\n      <h3>Native speaker w SJO<\/h3>\n      W roku akademickim 2023\/24 w Studium J\u0119zyk\u00f3w Obcych go\u015bcimy ponownie stypendystk\u0119    <\/a>\n<\/article>\t\t\t\t\t\t<\/div>\n\t\t\t\t\t\t\t\t\t\t\t<div class=\"col-sm-3\">\n\t\t\t\t\t\t\t\n<article class=\"format-standard\">\n    <span class=\"date text-right\"><i class=\"fal fa-calendar-alt\"><\/i> 12-07-2023<\/span>\n    <a href=\"https:\/\/pb.edu.pl\/sjo\/2023\/07\/12\/zakonczenie-zajec-z-meghan\/\">\n      <div class=\"article-image\">\n        <img loading=\"lazy\" decoding=\"async\" width=\"480\" height=\"300\" src=\"https:\/\/pb.edu.pl\/sjo\/wp-content\/uploads\/sites\/9\/2023\/07\/24-czerwca-zaczyna-sie-kolejny-panstwowy-egzamin-z-jezyka-polskiego-jako-obcego2-480x300.png\" class=\"attachment-medium-image-16x10 size-medium-image-16x10 wp-post-image\" alt=\"\" \/>      <\/div>\n      <h3>Zako\u0144czenie zaj\u0119\u0107 z Meghan<\/h3>\n      Zako\u0144czy\u0142y si\u0119 konwersacyjne kursy j\u0119zyka angielskiego z nasz\u0105 ameryka\u0144sk\u0105 stypendystk\u0105 Programu    <\/a>\n<\/article>\t\t\t\t\t\t<\/div>\n\t\t\t\t\t\t\t\t\t\t\t<div class=\"col-sm-3\">\n\t\t\t\t\t\t\t\n<article class=\"format-standard\">\n    <span class=\"date text-right\"><i class=\"fal fa-calendar-alt\"><\/i> 02-06-2023<\/span>\n    <a href=\"https:\/\/pb.edu.pl\/sjo\/2023\/06\/02\/studium-jezykow-zaskakujaco-obcych-w-radiu-akadera\/\">\n      <div class=\"article-image\">\n        <img loading=\"lazy\" decoding=\"async\" width=\"480\" height=\"300\" src=\"https:\/\/pb.edu.pl\/sjo\/wp-content\/uploads\/sites\/9\/2023\/03\/11-480x300.png\" class=\"attachment-medium-image-16x10 size-medium-image-16x10 wp-post-image\" alt=\"\" \/>      <\/div>\n      <h3>Studium J\u0119zyk\u00f3w Zaskakuj\u0105co Obcych w Radiu Akadera<\/h3>\n      W Studium J\u0119zyk\u00f3w Zaskakuj\u0105co Obcych zadajemy zaskakuj\u0105ce pytania dotycz\u0105ce j\u0119zyka i    <\/a>\n<\/article>\t\t\t\t\t\t<\/div>\n\t\t\t\t\t\t\t\t\t\t\t<div class=\"col-sm-3\">\n\t\t\t\t\t\t\t\n<article class=\"format-standard\">\n    <span class=\"date text-right\"><i class=\"fal fa-calendar-alt\"><\/i> 03-10-2022<\/span>\n    <a href=\"https:\/\/pb.edu.pl\/sjo\/2022\/10\/03\/stypendystka-fulbrighta-w-sjo\/\">\n      <div class=\"article-image\">\n        <img loading=\"lazy\" decoding=\"async\" width=\"480\" height=\"300\" src=\"https:\/\/pb.edu.pl\/sjo\/wp-content\/uploads\/sites\/9\/2022\/09\/Fulbright-box-480x300.png\" class=\"attachment-medium-image-16x10 size-medium-image-16x10 wp-post-image\" alt=\"\" \/>      <\/div>\n      <h3>Stypendystka Fulbrighta w SJO<\/h3>\n      W roku akademickim 2022\/23 w Studium J\u0119zyk\u00f3w Obcych PB mamy now\u0105    <\/a>\n<\/article>\t\t\t\t\t\t<\/div>\n\t\t\t\t\t\n\t\t\t\t\n\t\t\t\t\t<\/div>\n\t\t\t\t\t<\/div>\n\n","protected":false},"excerpt":{"rendered":"<p>Aktualno\u015bci<\/p>\n","protected":false},"author":6,"featured_media":0,"parent":16812,"menu_order":0,"comment_status":"closed","ping_status":"closed","template":"","meta":{"_acf_changed":false,"ngg_post_thumbnail":0,"footnotes":""},"class_list":["post-22876","page","type-page","status-publish","hentry"],"acf":[],"yoast_head":"<!-- This site is optimized with the Yoast SEO plugin v27.0 - https:\/\/yoast.com\/product\/yoast-seo-wordpress\/ -->\n<title>Fullbright na Politechnice Bia\u0142ostockiej - Studium J\u0119zyk\u00f3w Obcych<\/title>\n<meta name=\"description\" content=\"Aktualno\u015bci\" \/>\n<meta name=\"robots\" content=\"index, follow, max-snippet:-1, max-image-preview:large, max-video-preview:-1\" \/>\n<link rel=\"canonical\" href=\"https:\/\/pb.edu.pl\/sjo\/projekty-2-2\/program-fulbright\/fullbright-na-politechnice-bialostockiej\/\" \/>\n<meta property=\"og:locale\" content=\"pl_PL\" \/>\n<meta property=\"og:type\" content=\"article\" \/>\n<meta property=\"og:title\" content=\"Fullbright na Politechnice Bia\u0142ostockiej - Studium J\u0119zyk\u00f3w Obcych\" \/>\n<meta property=\"og:description\" content=\"Aktualno\u015bci\" \/>\n<meta property=\"og:url\" content=\"https:\/\/pb.edu.pl\/sjo\/projekty-2-2\/program-fulbright\/fullbright-na-politechnice-bialostockiej\/\" \/>\n<meta property=\"og:site_name\" content=\"Studium J\u0119zyk\u00f3w Obcych\" \/>\n<meta property=\"article:modified_time\" content=\"2023-11-14T09:48:03+00:00\" \/>\n<script type=\"application\/ld+json\" class=\"yoast-schema-graph\">{\"@context\":\"https:\/\/schema.org\",\"@graph\":[{\"@type\":\"WebPage\",\"@id\":\"https:\/\/pb.edu.pl\/sjo\/projekty-2-2\/program-fulbright\/fullbright-na-politechnice-bialostockiej\/\",\"url\":\"https:\/\/pb.edu.pl\/sjo\/projekty-2-2\/program-fulbright\/fullbright-na-politechnice-bialostockiej\/\",\"name\":\"Fullbright na Politechnice Bia\u0142ostockiej - Studium J\u0119zyk\u00f3w Obcych\",\"isPartOf\":{\"@id\":\"https:\/\/pb.edu.pl\/sjo\/#website\"},\"datePublished\":\"2023-11-13T14:28:40+00:00\",\"dateModified\":\"2023-11-14T09:48:03+00:00\",\"description\":\"Aktualno\u015bci\",\"breadcrumb\":{\"@id\":\"https:\/\/pb.edu.pl\/sjo\/projekty-2-2\/program-fulbright\/fullbright-na-politechnice-bialostockiej\/#breadcrumb\"},\"inLanguage\":\"pl-PL\",\"potentialAction\":[{\"@type\":\"ReadAction\",\"target\":[\"https:\/\/pb.edu.pl\/sjo\/projekty-2-2\/program-fulbright\/fullbright-na-politechnice-bialostockiej\/\"]}]},{\"@type\":\"BreadcrumbList\",\"@id\":\"https:\/\/pb.edu.pl\/sjo\/projekty-2-2\/program-fulbright\/fullbright-na-politechnice-bialostockiej\/#breadcrumb\",\"itemListElement\":[{\"@type\":\"ListItem\",\"position\":1,\"name\":\"Home\",\"item\":\"https:\/\/pb.edu.pl\/sjo\/\"},{\"@type\":\"ListItem\",\"position\":2,\"name\":\"Projekty\",\"item\":\"https:\/\/pb.edu.pl\/sjo\/projekty-2-2\/\"},{\"@type\":\"ListItem\",\"position\":3,\"name\":\"Program Fulbrighta\",\"item\":\"https:\/\/pb.edu.pl\/sjo\/projekty-2-2\/program-fulbright\/\"},{\"@type\":\"ListItem\",\"position\":4,\"name\":\"Fullbright na Politechnice Bia\u0142ostockiej\"}]},{\"@type\":\"WebSite\",\"@id\":\"https:\/\/pb.edu.pl\/sjo\/#website\",\"url\":\"https:\/\/pb.edu.pl\/sjo\/\",\"name\":\"Studium J\u0119zyk\u00f3w Obcych\",\"description\":\"\",\"potentialAction\":[{\"@type\":\"SearchAction\",\"target\":{\"@type\":\"EntryPoint\",\"urlTemplate\":\"https:\/\/pb.edu.pl\/sjo\/?s={search_term_string}\"},\"query-input\":{\"@type\":\"PropertyValueSpecification\",\"valueRequired\":true,\"valueName\":\"search_term_string\"}}],\"inLanguage\":\"pl-PL\"}]}<\/script>\n<!-- \/ Yoast SEO plugin. -->","yoast_head_json":{"title":"Fullbright na Politechnice Bia\u0142ostockiej - Studium J\u0119zyk\u00f3w Obcych","description":"Aktualno\u015bci","robots":{"index":"index","follow":"follow","max-snippet":"max-snippet:-1","max-image-preview":"max-image-preview:large","max-video-preview":"max-video-preview:-1"},"canonical":"https:\/\/pb.edu.pl\/sjo\/projekty-2-2\/program-fulbright\/fullbright-na-politechnice-bialostockiej\/","og_locale":"pl_PL","og_type":"article","og_title":"Fullbright na Politechnice Bia\u0142ostockiej - Studium J\u0119zyk\u00f3w Obcych","og_description":"Aktualno\u015bci","og_url":"https:\/\/pb.edu.pl\/sjo\/projekty-2-2\/program-fulbright\/fullbright-na-politechnice-bialostockiej\/","og_site_name":"Studium J\u0119zyk\u00f3w Obcych","article_modified_time":"2023-11-14T09:48:03+00:00","schema":{"@context":"https:\/\/schema.org","@graph":[{"@type":"WebPage","@id":"https:\/\/pb.edu.pl\/sjo\/projekty-2-2\/program-fulbright\/fullbright-na-politechnice-bialostockiej\/","url":"https:\/\/pb.edu.pl\/sjo\/projekty-2-2\/program-fulbright\/fullbright-na-politechnice-bialostockiej\/","name":"Fullbright na Politechnice Bia\u0142ostockiej - Studium J\u0119zyk\u00f3w Obcych","isPartOf":{"@id":"https:\/\/pb.edu.pl\/sjo\/#website"},"datePublished":"2023-11-13T14:28:40+00:00","dateModified":"2023-11-14T09:48:03+00:00","description":"Aktualno\u015bci","breadcrumb":{"@id":"https:\/\/pb.edu.pl\/sjo\/projekty-2-2\/program-fulbright\/fullbright-na-politechnice-bialostockiej\/#breadcrumb"},"inLanguage":"pl-PL","potentialAction":[{"@type":"ReadAction","target":["https:\/\/pb.edu.pl\/sjo\/projekty-2-2\/program-fulbright\/fullbright-na-politechnice-bialostockiej\/"]}]},{"@type":"BreadcrumbList","@id":"https:\/\/pb.edu.pl\/sjo\/projekty-2-2\/program-fulbright\/fullbright-na-politechnice-bialostockiej\/#breadcrumb","itemListElement":[{"@type":"ListItem","position":1,"name":"Home","item":"https:\/\/pb.edu.pl\/sjo\/"},{"@type":"ListItem","position":2,"name":"Projekty","item":"https:\/\/pb.edu.pl\/sjo\/projekty-2-2\/"},{"@type":"ListItem","position":3,"name":"Program Fulbrighta","item":"https:\/\/pb.edu.pl\/sjo\/projekty-2-2\/program-fulbright\/"},{"@type":"ListItem","position":4,"name":"Fullbright na Politechnice Bia\u0142ostockiej"}]},{"@type":"WebSite","@id":"https:\/\/pb.edu.pl\/sjo\/#website","url":"https:\/\/pb.edu.pl\/sjo\/","name":"Studium J\u0119zyk\u00f3w Obcych","description":"","potentialAction":[{"@type":"SearchAction","target":{"@type":"EntryPoint","urlTemplate":"https:\/\/pb.edu.pl\/sjo\/?s={search_term_string}"},"query-input":{"@type":"PropertyValueSpecification","valueRequired":true,"valueName":"search_term_string"}}],"inLanguage":"pl-PL"}]}},"_links":{"self":[{"href":"https:\/\/pb.edu.pl\/sjo\/wp-json\/wp\/v2\/pages\/22876","targetHints":{"allow":["GET"]}}],"collection":[{"href":"https:\/\/pb.edu.pl\/sjo\/wp-json\/wp\/v2\/pages"}],"about":[{"href":"https:\/\/pb.edu.pl\/sjo\/wp-json\/wp\/v2\/types\/page"}],"author":[{"embeddable":true,"href":"https:\/\/pb.edu.pl\/sjo\/wp-json\/wp\/v2\/users\/6"}],"replies":[{"embeddable":true,"href":"https:\/\/pb.edu.pl\/sjo\/wp-json\/wp\/v2\/comments?post=22876"}],"version-history":[{"count":0,"href":"https:\/\/pb.edu.pl\/sjo\/wp-json\/wp\/v2\/pages\/22876\/revisions"}],"up":[{"embeddable":true,"href":"https:\/\/pb.edu.pl\/sjo\/wp-json\/wp\/v2\/pages\/16812"}],"wp:attachment":[{"href":"https:\/\/pb.edu.pl\/sjo\/wp-json\/wp\/v2\/media?parent=22876"}],"curies":[{"name":"wp","href":"https:\/\/api.w.org\/{rel}","templated":true}]}}