{"id":22871,"date":"2023-11-13T15:24:01","date_gmt":"2023-11-13T14:24:01","guid":{"rendered":"https:\/\/pb.edu.pl\/sjo\/?page_id=22871"},"modified":"2024-04-25T11:03:20","modified_gmt":"2024-04-25T09:03:20","slug":"wyklady-o-kulturze-stanow-zjednoczonych","status":"publish","type":"page","link":"https:\/\/pb.edu.pl\/sjo\/projekty-2-2\/program-fulbright\/wyklady-o-kulturze-stanow-zjednoczonych\/","title":{"rendered":"Wyk\u0142ady o kulturze Stan\u00f3w Zjednoczonych"},"content":{"rendered":"<p>Zapraszamy na seri\u0119 interaktywnych wyk\u0142ad\u00f3w o kulturze Stan\u00f3w Zjednoczonych <strong>American Hour: Interactive Lectures on American Life and Culture<\/strong>. Prowadzi je stypendystka Programu Fulbrighta, <a href=\"https:\/\/pb.edu.pl\/sjo\/2023\/10\/03\/22172\/\">Cailyn Stewart<\/a>, kt\u00f3ra w roku akademickim 2023\/24 pracuje w Studium J\u0119zyk\u00f3w Obcych.<\/p>\n<p>Poruszymy tematy z zakresu kultury ameryka\u0144skiej, edukacji, nauki i nie tylko. Wyk\u0142ady s\u0105 bezp\u0142atne i otwarte dla wszystkich.<\/p>\n<p>W <strong>semestrze zimowym<\/strong> 2023\/24 poruszymy nast\u0119puj\u0105ce zagadnienia:<\/p>\n<ul>\n<li>wyk\u0142ad 1 &#8211; 27.11.2023 &#8211; American Culture &amp; Regionalism<\/li>\n<li>wyk\u0142ad 2 &#8211; 18.12.2023 &#8211; An American Christmas Party, and Other Holidays!<\/li>\n<li>wyk\u0142ad 3 &#8211; 18.01.2024 &#8211; Innovations in Science<\/li>\n<\/ul>\n<p>W <strong>semestrze letnim<\/strong> 2023\/24 zapraszamy na:<\/p>\n<ul>\n<li>wyk\u0142ad 4 &#8211; 11.03.2024 &#8211; Collaborative Spaces for Using Technology<\/li>\n<li>wyk\u0142ad 5 &#8211; 08.04.2024 &#8211; Engineering for Humanity<\/li>\n<li>wyk\u0142ad 6 &#8211; 23.05.2024 &#8211; Fulbright Grantee Panel: Opportunities for Research and Study in the US<\/li>\n<li>wyk\u0142ad 7 &#8211; 13.06.2024 &#8211; Current Issues in Texas<\/li>\n<\/ul>\n<h2>Aktualno\u015bci<\/h2>\n\t\t<div class=\"box news-box \">\n\t\t<div class=\"row\">\n\t\t\t\n\t\t\t\n\t\t\t\t\n\t\t\t\t\t\t\t\t\t\t<div class=\"col-sm-3\">\n\t\t\t\t\t\t\t\n<article class=\"format-standard\">\n    <span class=\"date text-right\"><i class=\"fal fa-calendar-alt\"><\/i> 29-05-2024<\/span>\n    <a href=\"https:\/\/pb.edu.pl\/sjo\/2024\/05\/29\/zapraszamy-na-ostatni-wyklad-the-american-hour\/\">\n      <div class=\"article-image\">\n        <img loading=\"lazy\" decoding=\"async\" width=\"480\" height=\"300\" src=\"https:\/\/pb.edu.pl\/sjo\/wp-content\/uploads\/sites\/9\/2024\/05\/American-Hour-Interactive-Lectures-on-American-Life-and-Culture-7-480x300.png\" class=\"attachment-medium-image-16x10 size-medium-image-16x10 wp-post-image\" alt=\"\" srcset=\"https:\/\/pb.edu.pl\/sjo\/wp-content\/uploads\/sites\/9\/2024\/05\/American-Hour-Interactive-Lectures-on-American-Life-and-Culture-7-480x300.png 480w, https:\/\/pb.edu.pl\/sjo\/wp-content\/uploads\/sites\/9\/2024\/05\/American-Hour-Interactive-Lectures-on-American-Life-and-Culture-7-300x188.png 300w, https:\/\/pb.edu.pl\/sjo\/wp-content\/uploads\/sites\/9\/2024\/05\/American-Hour-Interactive-Lectures-on-American-Life-and-Culture-7-1024x640.png 1024w, https:\/\/pb.edu.pl\/sjo\/wp-content\/uploads\/sites\/9\/2024\/05\/American-Hour-Interactive-Lectures-on-American-Life-and-Culture-7-768x480.png 768w, https:\/\/pb.edu.pl\/sjo\/wp-content\/uploads\/sites\/9\/2024\/05\/American-Hour-Interactive-Lectures-on-American-Life-and-Culture-7.png 1080w\" sizes=\"auto, (max-width: 480px) 100vw, 480px\" \/>      <\/div>\n      <h3>Zapraszamy na ostatni wyk\u0142ad the American Hour<\/h3>\n      Join us for an interdisciplinary lecture series led by&nbsp;Cailyn Stewart, our    <\/a>\n<\/article>\t\t\t\t\t\t<\/div>\n\t\t\t\t\t\t\t\t\t\t\t<div class=\"col-sm-3\">\n\t\t\t\t\t\t\t\n<article class=\"format-standard\">\n    <span class=\"date text-right\"><i class=\"fal fa-calendar-alt\"><\/i> 29-05-2024<\/span>\n    <a href=\"https:\/\/pb.edu.pl\/sjo\/2024\/05\/29\/fulbright-grantee-panel-opportunities-for-research-and-study-in-the-us\/\">\n      <div class=\"article-image\">\n        <img loading=\"lazy\" decoding=\"async\" width=\"480\" height=\"300\" src=\"https:\/\/pb.edu.pl\/sjo\/wp-content\/uploads\/sites\/9\/2024\/05\/lecture-American-Hour-Interactive-Lectures-on-American-Life-and-Culture-6-480x300.png\" class=\"attachment-medium-image-16x10 size-medium-image-16x10 wp-post-image\" alt=\"\" srcset=\"https:\/\/pb.edu.pl\/sjo\/wp-content\/uploads\/sites\/9\/2024\/05\/lecture-American-Hour-Interactive-Lectures-on-American-Life-and-Culture-6-480x300.png 480w, https:\/\/pb.edu.pl\/sjo\/wp-content\/uploads\/sites\/9\/2024\/05\/lecture-American-Hour-Interactive-Lectures-on-American-Life-and-Culture-6-300x188.png 300w, https:\/\/pb.edu.pl\/sjo\/wp-content\/uploads\/sites\/9\/2024\/05\/lecture-American-Hour-Interactive-Lectures-on-American-Life-and-Culture-6-1024x640.png 1024w, https:\/\/pb.edu.pl\/sjo\/wp-content\/uploads\/sites\/9\/2024\/05\/lecture-American-Hour-Interactive-Lectures-on-American-Life-and-Culture-6-768x480.png 768w, https:\/\/pb.edu.pl\/sjo\/wp-content\/uploads\/sites\/9\/2024\/05\/lecture-American-Hour-Interactive-Lectures-on-American-Life-and-Culture-6.png 1080w\" sizes=\"auto, (max-width: 480px) 100vw, 480px\" \/>      <\/div>\n      <h3>Relacja z Fulbright Grantee Panel: Opportunities for Research and Study in the US<\/h3>\n      Za nami ju\u017c sz\u00f3sty wyk\u0142ad z serii American Hour: Interactive Lectures    <\/a>\n<\/article>\t\t\t\t\t\t<\/div>\n\t\t\t\t\t\t\t\t\t\t\t<div class=\"col-sm-3\">\n\t\t\t\t\t\t\t\n<article class=\"format-standard\">\n    <span class=\"date text-right\"><i class=\"fal fa-calendar-alt\"><\/i> 25-04-2024<\/span>\n    <a href=\"https:\/\/pb.edu.pl\/sjo\/2024\/04\/25\/zapraszamy-na-fulbright-grantee-panel-opportunities-for-research-and-study-in-the-us\/\">\n      <div class=\"article-image\">\n        <img loading=\"lazy\" decoding=\"async\" width=\"480\" height=\"300\" src=\"https:\/\/pb.edu.pl\/sjo\/wp-content\/uploads\/sites\/9\/2024\/04\/American-Hour-Interactive-Lectures-on-American-Life-and-Culture-6-480x300.png\" class=\"attachment-medium-image-16x10 size-medium-image-16x10 wp-post-image\" alt=\"\" srcset=\"https:\/\/pb.edu.pl\/sjo\/wp-content\/uploads\/sites\/9\/2024\/04\/American-Hour-Interactive-Lectures-on-American-Life-and-Culture-6-480x300.png 480w, https:\/\/pb.edu.pl\/sjo\/wp-content\/uploads\/sites\/9\/2024\/04\/American-Hour-Interactive-Lectures-on-American-Life-and-Culture-6-300x188.png 300w, https:\/\/pb.edu.pl\/sjo\/wp-content\/uploads\/sites\/9\/2024\/04\/American-Hour-Interactive-Lectures-on-American-Life-and-Culture-6-1024x640.png 1024w, https:\/\/pb.edu.pl\/sjo\/wp-content\/uploads\/sites\/9\/2024\/04\/American-Hour-Interactive-Lectures-on-American-Life-and-Culture-6-768x480.png 768w, https:\/\/pb.edu.pl\/sjo\/wp-content\/uploads\/sites\/9\/2024\/04\/American-Hour-Interactive-Lectures-on-American-Life-and-Culture-6.png 1080w\" sizes=\"auto, (max-width: 480px) 100vw, 480px\" \/>      <\/div>\n      <h3>Zapraszamy na Fulbright Grantee Panel: Opportunities for Research and Study in the US<\/h3>\n      Join us for an interdisciplinary lecture series led by&nbsp;Cailyn Stewart, our    <\/a>\n<\/article>\t\t\t\t\t\t<\/div>\n\t\t\t\t\t\t\t\t\t\t\t<div class=\"col-sm-3\">\n\t\t\t\t\t\t\t\n<article class=\"format-standard\">\n    <span class=\"date text-right\"><i class=\"fal fa-calendar-alt\"><\/i> 25-04-2024<\/span>\n    <a href=\"https:\/\/pb.edu.pl\/sjo\/2024\/04\/25\/wyklad-dla-infotech\/\">\n      <div class=\"article-image\">\n        <img loading=\"lazy\" decoding=\"async\" width=\"480\" height=\"300\" src=\"https:\/\/pb.edu.pl\/sjo\/wp-content\/uploads\/sites\/9\/2024\/04\/infotech-lecture-480x300.png\" class=\"attachment-medium-image-16x10 size-medium-image-16x10 wp-post-image\" alt=\"\" srcset=\"https:\/\/pb.edu.pl\/sjo\/wp-content\/uploads\/sites\/9\/2024\/04\/infotech-lecture-480x300.png 480w, https:\/\/pb.edu.pl\/sjo\/wp-content\/uploads\/sites\/9\/2024\/04\/infotech-lecture-300x188.png 300w, https:\/\/pb.edu.pl\/sjo\/wp-content\/uploads\/sites\/9\/2024\/04\/infotech-lecture-1024x640.png 1024w, https:\/\/pb.edu.pl\/sjo\/wp-content\/uploads\/sites\/9\/2024\/04\/infotech-lecture-768x480.png 768w, https:\/\/pb.edu.pl\/sjo\/wp-content\/uploads\/sites\/9\/2024\/04\/infotech-lecture.png 1080w\" sizes=\"auto, (max-width: 480px) 100vw, 480px\" \/>      <\/div>\n      <h3>Wyk\u0142ad dla Infotech<\/h3>\n      4 kwietnia zorganizowali\u015bmy wyk\u0142ad specjalnie dla Technikum Programistycznego Infotech w Bia\u0142ymstoku.    <\/a>\n<\/article>\t\t\t\t\t\t<\/div>\n\t\t\t\t\t\t\t\t\t\t\t<div class=\"col-sm-3\">\n\t\t\t\t\t\t\t\n<article class=\"format-standard\">\n    <span class=\"date text-right\"><i class=\"fal fa-calendar-alt\"><\/i> 18-03-2024<\/span>\n    <a href=\"https:\/\/pb.edu.pl\/sjo\/2024\/03\/18\/relacja-z-wykladu-o-wykorzystaniu-kreatywnych-przestrzeni\/\">\n      <div class=\"article-image\">\n        <img loading=\"lazy\" decoding=\"async\" width=\"480\" height=\"300\" src=\"https:\/\/pb.edu.pl\/sjo\/wp-content\/uploads\/sites\/9\/2024\/03\/American-Hour-Interactive-Lectures-on-American-Life-and-Culture-1080-x-675-px3-480x300.png\" class=\"attachment-medium-image-16x10 size-medium-image-16x10 wp-post-image\" alt=\"\" srcset=\"https:\/\/pb.edu.pl\/sjo\/wp-content\/uploads\/sites\/9\/2024\/03\/American-Hour-Interactive-Lectures-on-American-Life-and-Culture-1080-x-675-px3-480x300.png 480w, https:\/\/pb.edu.pl\/sjo\/wp-content\/uploads\/sites\/9\/2024\/03\/American-Hour-Interactive-Lectures-on-American-Life-and-Culture-1080-x-675-px3-300x188.png 300w, https:\/\/pb.edu.pl\/sjo\/wp-content\/uploads\/sites\/9\/2024\/03\/American-Hour-Interactive-Lectures-on-American-Life-and-Culture-1080-x-675-px3-1024x640.png 1024w, https:\/\/pb.edu.pl\/sjo\/wp-content\/uploads\/sites\/9\/2024\/03\/American-Hour-Interactive-Lectures-on-American-Life-and-Culture-1080-x-675-px3-768x480.png 768w, https:\/\/pb.edu.pl\/sjo\/wp-content\/uploads\/sites\/9\/2024\/03\/American-Hour-Interactive-Lectures-on-American-Life-and-Culture-1080-x-675-px3.png 1080w\" sizes=\"auto, (max-width: 480px) 100vw, 480px\" \/>      <\/div>\n      <h3>Relacja z wyk\u0142adu o wykorzystaniu Kreatywnych przestrzeni<\/h3>\n      Za nami kolejny wyk\u0142ad z serii American Hour: Interactive Lectures on    <\/a>\n<\/article>\t\t\t\t\t\t<\/div>\n\t\t\t\t\t\t\t\t\t\t\t<div class=\"col-sm-3\">\n\t\t\t\t\t\t\t\n<article class=\"format-standard\">\n    <span class=\"date text-right\"><i class=\"fal fa-calendar-alt\"><\/i> 13-03-2024<\/span>\n    <a href=\"https:\/\/pb.edu.pl\/sjo\/2024\/03\/13\/engineering-for-humanity-ciekawy-wyklad\/\">\n      <div class=\"article-image\">\n        <img loading=\"lazy\" decoding=\"async\" width=\"480\" height=\"300\" src=\"https:\/\/pb.edu.pl\/sjo\/wp-content\/uploads\/sites\/9\/2024\/03\/American-Hour-Interactive-Lectures-on-American-Life-and-Culture-1080-x-675-px2-480x300.png\" class=\"attachment-medium-image-16x10 size-medium-image-16x10 wp-post-image\" alt=\"\" srcset=\"https:\/\/pb.edu.pl\/sjo\/wp-content\/uploads\/sites\/9\/2024\/03\/American-Hour-Interactive-Lectures-on-American-Life-and-Culture-1080-x-675-px2-480x300.png 480w, https:\/\/pb.edu.pl\/sjo\/wp-content\/uploads\/sites\/9\/2024\/03\/American-Hour-Interactive-Lectures-on-American-Life-and-Culture-1080-x-675-px2-300x188.png 300w, https:\/\/pb.edu.pl\/sjo\/wp-content\/uploads\/sites\/9\/2024\/03\/American-Hour-Interactive-Lectures-on-American-Life-and-Culture-1080-x-675-px2-1024x640.png 1024w, https:\/\/pb.edu.pl\/sjo\/wp-content\/uploads\/sites\/9\/2024\/03\/American-Hour-Interactive-Lectures-on-American-Life-and-Culture-1080-x-675-px2-768x480.png 768w, https:\/\/pb.edu.pl\/sjo\/wp-content\/uploads\/sites\/9\/2024\/03\/American-Hour-Interactive-Lectures-on-American-Life-and-Culture-1080-x-675-px2.png 1080w\" sizes=\"auto, (max-width: 480px) 100vw, 480px\" \/>      <\/div>\n      <h3>Engineering for Humanity &#8211; ciekawy wyk\u0142ad!<\/h3>\n      Join us for an interdisciplinary lecture series led by&nbsp;Cailyn Stewart, our    <\/a>\n<\/article>\t\t\t\t\t\t<\/div>\n\t\t\t\t\t\t\t\t\t\t\t<div class=\"col-sm-3\">\n\t\t\t\t\t\t\t\n<article class=\"format-standard\">\n    <span class=\"date text-right\"><i class=\"fal fa-calendar-alt\"><\/i> 16-02-2024<\/span>\n    <a href=\"https:\/\/pb.edu.pl\/sjo\/2024\/02\/16\/wyklad-dla-iv-lo\/\">\n      <div class=\"article-image\">\n        <img loading=\"lazy\" decoding=\"async\" width=\"480\" height=\"300\" src=\"https:\/\/pb.edu.pl\/sjo\/wp-content\/uploads\/sites\/9\/2024\/02\/American-Hour-Interactive-Lectures-on-American-Life-and-Culture-1080-x-675-px-480x300.png\" class=\"attachment-medium-image-16x10 size-medium-image-16x10 wp-post-image\" alt=\"\" srcset=\"https:\/\/pb.edu.pl\/sjo\/wp-content\/uploads\/sites\/9\/2024\/02\/American-Hour-Interactive-Lectures-on-American-Life-and-Culture-1080-x-675-px-480x300.png 480w, https:\/\/pb.edu.pl\/sjo\/wp-content\/uploads\/sites\/9\/2024\/02\/American-Hour-Interactive-Lectures-on-American-Life-and-Culture-1080-x-675-px-300x188.png 300w, https:\/\/pb.edu.pl\/sjo\/wp-content\/uploads\/sites\/9\/2024\/02\/American-Hour-Interactive-Lectures-on-American-Life-and-Culture-1080-x-675-px-1024x640.png 1024w, https:\/\/pb.edu.pl\/sjo\/wp-content\/uploads\/sites\/9\/2024\/02\/American-Hour-Interactive-Lectures-on-American-Life-and-Culture-1080-x-675-px-768x480.png 768w, https:\/\/pb.edu.pl\/sjo\/wp-content\/uploads\/sites\/9\/2024\/02\/American-Hour-Interactive-Lectures-on-American-Life-and-Culture-1080-x-675-px.png 1080w\" sizes=\"auto, (max-width: 480px) 100vw, 480px\" \/>      <\/div>\n      <h3>Wyk\u0142ad dla IV LO<\/h3>\n      9 lutego zorganizowali\u015bmy wyk\u0142ad specjalnie dla IV Liceum Og\u00f3lnokszta\u0142c\u0105cego w Bia\u0142ymstoku.    <\/a>\n<\/article>\t\t\t\t\t\t<\/div>\n\t\t\t\t\t\t\t\t\t\t\t<div class=\"col-sm-3\">\n\t\t\t\t\t\t\t\n<article class=\"format-standard\">\n    <span class=\"date text-right\"><i class=\"fal fa-calendar-alt\"><\/i> 24-01-2024<\/span>\n    <a href=\"https:\/\/pb.edu.pl\/sjo\/2024\/01\/24\/kreatywna-przestrzen-dla-kazdego\/\">\n      <div class=\"article-image\">\n        <img loading=\"lazy\" decoding=\"async\" width=\"480\" height=\"300\" src=\"https:\/\/pb.edu.pl\/sjo\/wp-content\/uploads\/sites\/9\/2024\/01\/American-Hour-Interactive-Lectures-on-American-Life-and-Culture-1080-x-675-px1-480x300.png\" class=\"attachment-medium-image-16x10 size-medium-image-16x10 wp-post-image\" alt=\"\" srcset=\"https:\/\/pb.edu.pl\/sjo\/wp-content\/uploads\/sites\/9\/2024\/01\/American-Hour-Interactive-Lectures-on-American-Life-and-Culture-1080-x-675-px1-480x300.png 480w, https:\/\/pb.edu.pl\/sjo\/wp-content\/uploads\/sites\/9\/2024\/01\/American-Hour-Interactive-Lectures-on-American-Life-and-Culture-1080-x-675-px1-300x188.png 300w, https:\/\/pb.edu.pl\/sjo\/wp-content\/uploads\/sites\/9\/2024\/01\/American-Hour-Interactive-Lectures-on-American-Life-and-Culture-1080-x-675-px1-1024x640.png 1024w, https:\/\/pb.edu.pl\/sjo\/wp-content\/uploads\/sites\/9\/2024\/01\/American-Hour-Interactive-Lectures-on-American-Life-and-Culture-1080-x-675-px1-768x480.png 768w, https:\/\/pb.edu.pl\/sjo\/wp-content\/uploads\/sites\/9\/2024\/01\/American-Hour-Interactive-Lectures-on-American-Life-and-Culture-1080-x-675-px1.png 1080w\" sizes=\"auto, (max-width: 480px) 100vw, 480px\" \/>      <\/div>\n      <h3>Kreatywna przestrze\u0144 dla ka\u017cdego!<\/h3>\n      Join us for an interdisciplinary lecture series led by&nbsp;Cailyn Stewart, our    <\/a>\n<\/article>\t\t\t\t\t\t<\/div>\n\t\t\t\t\t\n\t\t\t\t\n\t\t\t\t\t<\/div>\n\t\t\n\t<nav class=\"navigation pagination\" aria-label=\"Stronicowanie wpis\u00f3w\">\n\t\t<h2 class=\"screen-reader-text\">Stronicowanie wpis\u00f3w<\/h2>\n\t\t<div class=\"nav-links\"><span aria-current=\"page\" class=\"page-numbers current\">1<\/span>\n<a class=\"page-numbers\" href=\"https:\/\/pb.edu.pl\/sjo\/wp-json\/wp\/v2\/pages\/22871\/page\/2\/\">2<\/a>\n<a class=\"next page-numbers\" href=\"https:\/\/pb.edu.pl\/sjo\/wp-json\/wp\/v2\/pages\/22871\/page\/2\/\">Nast\u0119pne<\/a><\/div>\n\t<\/nav>\t\t\t<\/div>\n\n","protected":false},"excerpt":{"rendered":"<p>Zapraszamy na seri\u0119 interaktywnych wyk\u0142ad\u00f3w o kulturze Stan\u00f3w Zjednoczonych American Hour: Interactive Lectures on American<\/p>\n","protected":false},"author":6,"featured_media":0,"parent":16812,"menu_order":0,"comment_status":"closed","ping_status":"closed","template":"","meta":{"_acf_changed":false,"ngg_post_thumbnail":0,"footnotes":""},"class_list":["post-22871","page","type-page","status-publish","hentry"],"acf":[],"yoast_head":"<!-- This site is optimized with the Yoast SEO plugin v27.0 - https:\/\/yoast.com\/product\/yoast-seo-wordpress\/ -->\n<title>Wyk\u0142ady o kulturze Stan\u00f3w Zjednoczonych - Studium J\u0119zyk\u00f3w Obcych<\/title>\n<meta name=\"description\" content=\"Zapraszamy na seri\u0119 interaktywnych wyk\u0142ad\u00f3w o kulturze Stan\u00f3w Zjednoczonych American Hour: Interactive Lectures on American Life and Culture. Prowadzi je\" \/>\n<meta name=\"robots\" content=\"index, follow, max-snippet:-1, max-image-preview:large, max-video-preview:-1\" \/>\n<link rel=\"canonical\" href=\"https:\/\/pb.edu.pl\/sjo\/projekty-2-2\/program-fulbright\/wyklady-o-kulturze-stanow-zjednoczonych\/\" \/>\n<meta property=\"og:locale\" content=\"pl_PL\" \/>\n<meta property=\"og:type\" content=\"article\" \/>\n<meta property=\"og:title\" content=\"Wyk\u0142ady o kulturze Stan\u00f3w Zjednoczonych - Studium J\u0119zyk\u00f3w Obcych\" \/>\n<meta property=\"og:description\" content=\"Zapraszamy na seri\u0119 interaktywnych wyk\u0142ad\u00f3w o kulturze Stan\u00f3w Zjednoczonych American Hour: Interactive Lectures on American Life and Culture. Prowadzi je\" \/>\n<meta property=\"og:url\" content=\"https:\/\/pb.edu.pl\/sjo\/projekty-2-2\/program-fulbright\/wyklady-o-kulturze-stanow-zjednoczonych\/\" \/>\n<meta property=\"og:site_name\" content=\"Studium J\u0119zyk\u00f3w Obcych\" \/>\n<meta property=\"article:modified_time\" content=\"2024-04-25T09:03:20+00:00\" \/>\n<meta name=\"twitter:label1\" content=\"Szacowany czas czytania\" \/>\n\t<meta name=\"twitter:data1\" content=\"1 minuta\" \/>\n<script type=\"application\/ld+json\" class=\"yoast-schema-graph\">{\"@context\":\"https:\/\/schema.org\",\"@graph\":[{\"@type\":\"WebPage\",\"@id\":\"https:\/\/pb.edu.pl\/sjo\/projekty-2-2\/program-fulbright\/wyklady-o-kulturze-stanow-zjednoczonych\/\",\"url\":\"https:\/\/pb.edu.pl\/sjo\/projekty-2-2\/program-fulbright\/wyklady-o-kulturze-stanow-zjednoczonych\/\",\"name\":\"Wyk\u0142ady o kulturze Stan\u00f3w Zjednoczonych - Studium J\u0119zyk\u00f3w Obcych\",\"isPartOf\":{\"@id\":\"https:\/\/pb.edu.pl\/sjo\/#website\"},\"datePublished\":\"2023-11-13T14:24:01+00:00\",\"dateModified\":\"2024-04-25T09:03:20+00:00\",\"description\":\"Zapraszamy na seri\u0119 interaktywnych wyk\u0142ad\u00f3w o kulturze Stan\u00f3w Zjednoczonych American Hour: Interactive Lectures on American Life and Culture. Prowadzi je\",\"breadcrumb\":{\"@id\":\"https:\/\/pb.edu.pl\/sjo\/projekty-2-2\/program-fulbright\/wyklady-o-kulturze-stanow-zjednoczonych\/#breadcrumb\"},\"inLanguage\":\"pl-PL\",\"potentialAction\":[{\"@type\":\"ReadAction\",\"target\":[\"https:\/\/pb.edu.pl\/sjo\/projekty-2-2\/program-fulbright\/wyklady-o-kulturze-stanow-zjednoczonych\/\"]}]},{\"@type\":\"BreadcrumbList\",\"@id\":\"https:\/\/pb.edu.pl\/sjo\/projekty-2-2\/program-fulbright\/wyklady-o-kulturze-stanow-zjednoczonych\/#breadcrumb\",\"itemListElement\":[{\"@type\":\"ListItem\",\"position\":1,\"name\":\"Home\",\"item\":\"https:\/\/pb.edu.pl\/sjo\/\"},{\"@type\":\"ListItem\",\"position\":2,\"name\":\"Projekty\",\"item\":\"https:\/\/pb.edu.pl\/sjo\/projekty-2-2\/\"},{\"@type\":\"ListItem\",\"position\":3,\"name\":\"Program Fulbrighta\",\"item\":\"https:\/\/pb.edu.pl\/sjo\/projekty-2-2\/program-fulbright\/\"},{\"@type\":\"ListItem\",\"position\":4,\"name\":\"Wyk\u0142ady o kulturze Stan\u00f3w Zjednoczonych\"}]},{\"@type\":\"WebSite\",\"@id\":\"https:\/\/pb.edu.pl\/sjo\/#website\",\"url\":\"https:\/\/pb.edu.pl\/sjo\/\",\"name\":\"Studium J\u0119zyk\u00f3w Obcych\",\"description\":\"\",\"potentialAction\":[{\"@type\":\"SearchAction\",\"target\":{\"@type\":\"EntryPoint\",\"urlTemplate\":\"https:\/\/pb.edu.pl\/sjo\/?s={search_term_string}\"},\"query-input\":{\"@type\":\"PropertyValueSpecification\",\"valueRequired\":true,\"valueName\":\"search_term_string\"}}],\"inLanguage\":\"pl-PL\"}]}<\/script>\n<!-- \/ Yoast SEO plugin. -->","yoast_head_json":{"title":"Wyk\u0142ady o kulturze Stan\u00f3w Zjednoczonych - Studium J\u0119zyk\u00f3w Obcych","description":"Zapraszamy na seri\u0119 interaktywnych wyk\u0142ad\u00f3w o kulturze Stan\u00f3w Zjednoczonych American Hour: Interactive Lectures on American Life and Culture. Prowadzi je","robots":{"index":"index","follow":"follow","max-snippet":"max-snippet:-1","max-image-preview":"max-image-preview:large","max-video-preview":"max-video-preview:-1"},"canonical":"https:\/\/pb.edu.pl\/sjo\/projekty-2-2\/program-fulbright\/wyklady-o-kulturze-stanow-zjednoczonych\/","og_locale":"pl_PL","og_type":"article","og_title":"Wyk\u0142ady o kulturze Stan\u00f3w Zjednoczonych - Studium J\u0119zyk\u00f3w Obcych","og_description":"Zapraszamy na seri\u0119 interaktywnych wyk\u0142ad\u00f3w o kulturze Stan\u00f3w Zjednoczonych American Hour: Interactive Lectures on American Life and Culture. Prowadzi je","og_url":"https:\/\/pb.edu.pl\/sjo\/projekty-2-2\/program-fulbright\/wyklady-o-kulturze-stanow-zjednoczonych\/","og_site_name":"Studium J\u0119zyk\u00f3w Obcych","article_modified_time":"2024-04-25T09:03:20+00:00","twitter_misc":{"Szacowany czas czytania":"1 minuta"},"schema":{"@context":"https:\/\/schema.org","@graph":[{"@type":"WebPage","@id":"https:\/\/pb.edu.pl\/sjo\/projekty-2-2\/program-fulbright\/wyklady-o-kulturze-stanow-zjednoczonych\/","url":"https:\/\/pb.edu.pl\/sjo\/projekty-2-2\/program-fulbright\/wyklady-o-kulturze-stanow-zjednoczonych\/","name":"Wyk\u0142ady o kulturze Stan\u00f3w Zjednoczonych - Studium J\u0119zyk\u00f3w Obcych","isPartOf":{"@id":"https:\/\/pb.edu.pl\/sjo\/#website"},"datePublished":"2023-11-13T14:24:01+00:00","dateModified":"2024-04-25T09:03:20+00:00","description":"Zapraszamy na seri\u0119 interaktywnych wyk\u0142ad\u00f3w o kulturze Stan\u00f3w Zjednoczonych American Hour: Interactive Lectures on American Life and Culture. Prowadzi je","breadcrumb":{"@id":"https:\/\/pb.edu.pl\/sjo\/projekty-2-2\/program-fulbright\/wyklady-o-kulturze-stanow-zjednoczonych\/#breadcrumb"},"inLanguage":"pl-PL","potentialAction":[{"@type":"ReadAction","target":["https:\/\/pb.edu.pl\/sjo\/projekty-2-2\/program-fulbright\/wyklady-o-kulturze-stanow-zjednoczonych\/"]}]},{"@type":"BreadcrumbList","@id":"https:\/\/pb.edu.pl\/sjo\/projekty-2-2\/program-fulbright\/wyklady-o-kulturze-stanow-zjednoczonych\/#breadcrumb","itemListElement":[{"@type":"ListItem","position":1,"name":"Home","item":"https:\/\/pb.edu.pl\/sjo\/"},{"@type":"ListItem","position":2,"name":"Projekty","item":"https:\/\/pb.edu.pl\/sjo\/projekty-2-2\/"},{"@type":"ListItem","position":3,"name":"Program Fulbrighta","item":"https:\/\/pb.edu.pl\/sjo\/projekty-2-2\/program-fulbright\/"},{"@type":"ListItem","position":4,"name":"Wyk\u0142ady o kulturze Stan\u00f3w Zjednoczonych"}]},{"@type":"WebSite","@id":"https:\/\/pb.edu.pl\/sjo\/#website","url":"https:\/\/pb.edu.pl\/sjo\/","name":"Studium J\u0119zyk\u00f3w Obcych","description":"","potentialAction":[{"@type":"SearchAction","target":{"@type":"EntryPoint","urlTemplate":"https:\/\/pb.edu.pl\/sjo\/?s={search_term_string}"},"query-input":{"@type":"PropertyValueSpecification","valueRequired":true,"valueName":"search_term_string"}}],"inLanguage":"pl-PL"}]}},"_links":{"self":[{"href":"https:\/\/pb.edu.pl\/sjo\/wp-json\/wp\/v2\/pages\/22871","targetHints":{"allow":["GET"]}}],"collection":[{"href":"https:\/\/pb.edu.pl\/sjo\/wp-json\/wp\/v2\/pages"}],"about":[{"href":"https:\/\/pb.edu.pl\/sjo\/wp-json\/wp\/v2\/types\/page"}],"author":[{"embeddable":true,"href":"https:\/\/pb.edu.pl\/sjo\/wp-json\/wp\/v2\/users\/6"}],"replies":[{"embeddable":true,"href":"https:\/\/pb.edu.pl\/sjo\/wp-json\/wp\/v2\/comments?post=22871"}],"version-history":[{"count":0,"href":"https:\/\/pb.edu.pl\/sjo\/wp-json\/wp\/v2\/pages\/22871\/revisions"}],"up":[{"embeddable":true,"href":"https:\/\/pb.edu.pl\/sjo\/wp-json\/wp\/v2\/pages\/16812"}],"wp:attachment":[{"href":"https:\/\/pb.edu.pl\/sjo\/wp-json\/wp\/v2\/media?parent=22871"}],"curies":[{"name":"wp","href":"https:\/\/api.w.org\/{rel}","templated":true}]}}