{"id":22652,"date":"2023-11-01T14:52:19","date_gmt":"2023-11-01T13:52:19","guid":{"rendered":"https:\/\/pb.edu.pl\/sjo\/?page_id=22652"},"modified":"2023-11-02T19:32:52","modified_gmt":"2023-11-02T18:32:52","slug":"feast-of-the-dead","status":"publish","type":"page","link":"https:\/\/pb.edu.pl\/sjo\/polish-lab\/czy-wiecie-ze\/feast-of-the-dead\/","title":{"rendered":"Feast of the Dead"},"content":{"rendered":"<p><span style=\"font-family: verdana, geneva, sans-serif;font-size: 12pt\">On<strong> 1 November,<\/strong> we celebrate <strong>All Saints&#8217; Day<\/strong> in Poland. It is a Catholic holiday, but also a day off work, a time of reflection and reverie. On this day, Poles go to cemeteries with their whole families to light candles, place bouquets of flowers and pray for deceased family and friends. It is customary to light candles also on the graves of the forgotten, those no longer visited by loved ones. <\/span><\/p>\n<p><span style=\"font-family: verdana, geneva, sans-serif;font-size: 12pt\">Apart from Catholics, this holiday is celebrated by a number of other faiths, and it is also a custom practised by non-believers to show remembrance and respect for the dead.<\/span><\/p>\n<p><span style=\"font-family: verdana, geneva, sans-serif;font-size: 12pt\">On this day, Polish cemeteries look extraordinarily beautiful and colourful, especially at dusk, when thousands of lights illuminate the evening, and flowers and wreaths shimmer in their light. <\/span><\/p>\n<p><span style=\"font-family: verdana, geneva, sans-serif;font-size: 12pt\">The burning of bonfires used to be a symbol of this festival. In the past, especially in the eastern areas, large bonfires were lit near cemeteries and at crossroads, so that the souls could warm themselves by them before the long journey back to the afterlife. In addition, fire was believed to protect people from evil spirits and ghosts, which is why All Souls&#8217; Day fires were always lit on the graves of people who had died a violent death, especially suicides. Today, burning candles are simply a symbol of remembrance of the dead.<\/span><\/p>\n<p><span style=\"font-family: verdana, geneva, sans-serif;font-size: 12pt\">The date of the feast was set by the Church in the ninth century. Although visiting graves was and is a custom known to almost all peoples and handed down from generation to generation, Christians took up this tradition and gave it a religious dimension. In 835, Pope John XI established All Saints&#8217; Day in honour of the dead, already saved.<\/span><\/p>\n<p><span style=\"font-family: verdana, geneva, sans-serif;font-size: 12pt\"><strong>All Souls&#8217; Day<\/strong>, on the other hand, is celebrated on <strong>2 November<\/strong>. As the name suggests, this is a day of prayer for the souls of the dead. Catholics once again go to cemeteries, light candles and pray for those who have already departed from this world, but are in Purgatory and need our prayers so that they can receive salvation.<\/span><\/p>\n<p><span style=\"font-family: verdana, geneva, sans-serif;font-size: 12pt\">It used to be believed in Poland that on All Souls&#8217; Day the souls of the dead visited their homes, so houses were cleaned and prepared to welcome these special guests. A bench was placed in the middle, and on it a bowl with water, a towel and a comb. This was because it was believed that the souls would want to wash and comb their hair. In order for the souls to enter the house, the doors and windows were kept open all night.<\/span><\/p>\n<p><span style=\"font-family: verdana, geneva, sans-serif;font-size: 12pt\">Both past and present celebrations of the <strong>Feast of the Dead<\/strong> share the same idea: the enduring memory of those who have walked our earth before us.<\/span><\/p>\n<p>&nbsp;<\/p>\n<div id='gallery-1' class='gallery galleryid-22652 gallery-columns-5 gallery-size-medium'><figure class='gallery-item'>\n\t\t\t<div class='gallery-icon landscape'>\n\t\t\t\t<a href='https:\/\/pb.edu.pl\/sjo\/polish-lab\/czy-wiecie-ze\/swieta-zmarlych\/4-26\/'><img loading=\"lazy\" decoding=\"async\" width=\"300\" height=\"225\" src=\"https:\/\/pb.edu.pl\/sjo\/wp-content\/uploads\/sites\/9\/2023\/11\/4-1-300x225.png\" class=\"attachment-medium size-medium\" alt=\"\" srcset=\"https:\/\/pb.edu.pl\/sjo\/wp-content\/uploads\/sites\/9\/2023\/11\/4-1-300x225.png 300w, https:\/\/pb.edu.pl\/sjo\/wp-content\/uploads\/sites\/9\/2023\/11\/4-1-1024x768.png 1024w, https:\/\/pb.edu.pl\/sjo\/wp-content\/uploads\/sites\/9\/2023\/11\/4-1-768x576.png 768w, https:\/\/pb.edu.pl\/sjo\/wp-content\/uploads\/sites\/9\/2023\/11\/4-1-1536x1152.png 1536w, https:\/\/pb.edu.pl\/sjo\/wp-content\/uploads\/sites\/9\/2023\/11\/4-1.png 1685w\" sizes=\"auto, (max-width: 300px) 100vw, 300px\" \/><\/a>\n\t\t\t<\/div><\/figure><figure class='gallery-item'>\n\t\t\t<div class='gallery-icon landscape'>\n\t\t\t\t<a href='https:\/\/pb.edu.pl\/sjo\/polish-lab\/czy-wiecie-ze\/swieta-zmarlych\/depositphotos_35107345_xl\/'><img loading=\"lazy\" decoding=\"async\" width=\"300\" height=\"200\" src=\"https:\/\/pb.edu.pl\/sjo\/wp-content\/uploads\/sites\/9\/2023\/11\/Depositphotos_35107345_XL-300x200.jpg\" class=\"attachment-medium size-medium\" alt=\"\" srcset=\"https:\/\/pb.edu.pl\/sjo\/wp-content\/uploads\/sites\/9\/2023\/11\/Depositphotos_35107345_XL-300x200.jpg 300w, https:\/\/pb.edu.pl\/sjo\/wp-content\/uploads\/sites\/9\/2023\/11\/Depositphotos_35107345_XL-1024x683.jpg 1024w, https:\/\/pb.edu.pl\/sjo\/wp-content\/uploads\/sites\/9\/2023\/11\/Depositphotos_35107345_XL-768x512.jpg 768w, https:\/\/pb.edu.pl\/sjo\/wp-content\/uploads\/sites\/9\/2023\/11\/Depositphotos_35107345_XL-1536x1024.jpg 1536w, https:\/\/pb.edu.pl\/sjo\/wp-content\/uploads\/sites\/9\/2023\/11\/Depositphotos_35107345_XL-2048x1365.jpg 2048w, https:\/\/pb.edu.pl\/sjo\/wp-content\/uploads\/sites\/9\/2023\/11\/Depositphotos_35107345_XL-480x320.jpg 480w\" sizes=\"auto, (max-width: 300px) 100vw, 300px\" \/><\/a>\n\t\t\t<\/div><\/figure><figure class='gallery-item'>\n\t\t\t<div class='gallery-icon landscape'>\n\t\t\t\t<a href='https:\/\/pb.edu.pl\/sjo\/polish-lab\/czy-wiecie-ze\/swieta-zmarlych\/depositphotos_87354462_xl\/'><img loading=\"lazy\" decoding=\"async\" width=\"300\" height=\"221\" src=\"https:\/\/pb.edu.pl\/sjo\/wp-content\/uploads\/sites\/9\/2023\/11\/Depositphotos_87354462_XL-300x221.jpg\" class=\"attachment-medium size-medium\" alt=\"\" srcset=\"https:\/\/pb.edu.pl\/sjo\/wp-content\/uploads\/sites\/9\/2023\/11\/Depositphotos_87354462_XL-300x221.jpg 300w, https:\/\/pb.edu.pl\/sjo\/wp-content\/uploads\/sites\/9\/2023\/11\/Depositphotos_87354462_XL-1024x754.jpg 1024w, https:\/\/pb.edu.pl\/sjo\/wp-content\/uploads\/sites\/9\/2023\/11\/Depositphotos_87354462_XL-768x566.jpg 768w, https:\/\/pb.edu.pl\/sjo\/wp-content\/uploads\/sites\/9\/2023\/11\/Depositphotos_87354462_XL-1536x1131.jpg 1536w, https:\/\/pb.edu.pl\/sjo\/wp-content\/uploads\/sites\/9\/2023\/11\/Depositphotos_87354462_XL-2048x1508.jpg 2048w\" sizes=\"auto, (max-width: 300px) 100vw, 300px\" \/><\/a>\n\t\t\t<\/div><\/figure><figure class='gallery-item'>\n\t\t\t<div class='gallery-icon landscape'>\n\t\t\t\t<a href='https:\/\/pb.edu.pl\/sjo\/polish-lab\/czy-wiecie-ze\/swieta-zmarlych\/colorful-candles-on-the-cemetery-at-all-saints-day-poland\/'><img loading=\"lazy\" decoding=\"async\" width=\"300\" height=\"200\" src=\"https:\/\/pb.edu.pl\/sjo\/wp-content\/uploads\/sites\/9\/2023\/11\/Depositphotos_224350898_XL-300x200.jpg\" class=\"attachment-medium size-medium\" alt=\"\" srcset=\"https:\/\/pb.edu.pl\/sjo\/wp-content\/uploads\/sites\/9\/2023\/11\/Depositphotos_224350898_XL-300x200.jpg 300w, https:\/\/pb.edu.pl\/sjo\/wp-content\/uploads\/sites\/9\/2023\/11\/Depositphotos_224350898_XL-1024x683.jpg 1024w, https:\/\/pb.edu.pl\/sjo\/wp-content\/uploads\/sites\/9\/2023\/11\/Depositphotos_224350898_XL-768x512.jpg 768w, https:\/\/pb.edu.pl\/sjo\/wp-content\/uploads\/sites\/9\/2023\/11\/Depositphotos_224350898_XL-1536x1024.jpg 1536w, https:\/\/pb.edu.pl\/sjo\/wp-content\/uploads\/sites\/9\/2023\/11\/Depositphotos_224350898_XL-2048x1365.jpg 2048w, https:\/\/pb.edu.pl\/sjo\/wp-content\/uploads\/sites\/9\/2023\/11\/Depositphotos_224350898_XL-480x320.jpg 480w\" sizes=\"auto, (max-width: 300px) 100vw, 300px\" \/><\/a>\n\t\t\t<\/div><\/figure><figure class='gallery-item'>\n\t\t\t<div class='gallery-icon landscape'>\n\t\t\t\t<a href='https:\/\/pb.edu.pl\/sjo\/polish-lab\/czy-wiecie-ze\/swieta-zmarlych\/candles-burning-at-a-cemetery-during-all-saints-day\/'><img loading=\"lazy\" decoding=\"async\" width=\"300\" height=\"213\" src=\"https:\/\/pb.edu.pl\/sjo\/wp-content\/uploads\/sites\/9\/2023\/11\/AdobeStock_233194407-scaled-e1698949900319-300x213.jpeg\" class=\"attachment-medium size-medium\" alt=\"\" srcset=\"https:\/\/pb.edu.pl\/sjo\/wp-content\/uploads\/sites\/9\/2023\/11\/AdobeStock_233194407-scaled-e1698949900319-300x213.jpeg 300w, https:\/\/pb.edu.pl\/sjo\/wp-content\/uploads\/sites\/9\/2023\/11\/AdobeStock_233194407-scaled-e1698949900319-1024x728.jpeg 1024w, https:\/\/pb.edu.pl\/sjo\/wp-content\/uploads\/sites\/9\/2023\/11\/AdobeStock_233194407-scaled-e1698949900319-768x546.jpeg 768w, https:\/\/pb.edu.pl\/sjo\/wp-content\/uploads\/sites\/9\/2023\/11\/AdobeStock_233194407-scaled-e1698949900319-1536x1091.jpeg 1536w, https:\/\/pb.edu.pl\/sjo\/wp-content\/uploads\/sites\/9\/2023\/11\/AdobeStock_233194407-scaled-e1698949900319-2048x1455.jpeg 2048w\" sizes=\"auto, (max-width: 300px) 100vw, 300px\" \/><\/a>\n\t\t\t<\/div><\/figure><figure class='gallery-item'>\n\t\t\t<div class='gallery-icon landscape'>\n\t\t\t\t<a href='https:\/\/pb.edu.pl\/sjo\/polish-lab\/czy-wiecie-ze\/swieta-zmarlych\/cmentarz_komunalny_we_wloclawku_1_listopada_2021_r-rafal-jendrzejewski-cc0-via-wikimedia-commons\/'><img loading=\"lazy\" decoding=\"async\" width=\"300\" height=\"145\" src=\"https:\/\/pb.edu.pl\/sjo\/wp-content\/uploads\/sites\/9\/2023\/11\/Cmentarz_Komunalny_we_Wloclawku_1_listopada_2021_r.-Rafal-Jendrzejewski-CC0-via-Wikimedia-Commons-300x145.jpg\" class=\"attachment-medium size-medium\" alt=\"\" aria-describedby=\"gallery-1-22621\" srcset=\"https:\/\/pb.edu.pl\/sjo\/wp-content\/uploads\/sites\/9\/2023\/11\/Cmentarz_Komunalny_we_Wloclawku_1_listopada_2021_r.-Rafal-Jendrzejewski-CC0-via-Wikimedia-Commons-300x145.jpg 300w, https:\/\/pb.edu.pl\/sjo\/wp-content\/uploads\/sites\/9\/2023\/11\/Cmentarz_Komunalny_we_Wloclawku_1_listopada_2021_r.-Rafal-Jendrzejewski-CC0-via-Wikimedia-Commons-1024x494.jpg 1024w, https:\/\/pb.edu.pl\/sjo\/wp-content\/uploads\/sites\/9\/2023\/11\/Cmentarz_Komunalny_we_Wloclawku_1_listopada_2021_r.-Rafal-Jendrzejewski-CC0-via-Wikimedia-Commons-768x370.jpg 768w, https:\/\/pb.edu.pl\/sjo\/wp-content\/uploads\/sites\/9\/2023\/11\/Cmentarz_Komunalny_we_Wloclawku_1_listopada_2021_r.-Rafal-Jendrzejewski-CC0-via-Wikimedia-Commons.jpg 1500w\" sizes=\"auto, (max-width: 300px) 100vw, 300px\" \/><\/a>\n\t\t\t<\/div>\n\t\t\t\t<figcaption class='wp-caption-text gallery-caption' id='gallery-1-22621'>\n\t\t\t\tCmentarz we W\u0142oc\u0142awku Rafa\u0142 Jendrzejewski, CC0, via Wikimedia Commons\n\t\t\t\t<\/figcaption><\/figure><figure class='gallery-item'>\n\t\t\t<div class='gallery-icon landscape'>\n\t\t\t\t<a href='https:\/\/pb.edu.pl\/sjo\/polish-lab\/czy-wiecie-ze\/swieta-zmarlych\/depositphotos_35107363_xl\/'><img loading=\"lazy\" decoding=\"async\" width=\"300\" height=\"200\" src=\"https:\/\/pb.edu.pl\/sjo\/wp-content\/uploads\/sites\/9\/2023\/11\/Depositphotos_35107363_XL-300x200.jpg\" class=\"attachment-medium size-medium\" alt=\"\" srcset=\"https:\/\/pb.edu.pl\/sjo\/wp-content\/uploads\/sites\/9\/2023\/11\/Depositphotos_35107363_XL-300x200.jpg 300w, https:\/\/pb.edu.pl\/sjo\/wp-content\/uploads\/sites\/9\/2023\/11\/Depositphotos_35107363_XL-1024x683.jpg 1024w, https:\/\/pb.edu.pl\/sjo\/wp-content\/uploads\/sites\/9\/2023\/11\/Depositphotos_35107363_XL-768x512.jpg 768w, https:\/\/pb.edu.pl\/sjo\/wp-content\/uploads\/sites\/9\/2023\/11\/Depositphotos_35107363_XL-1536x1024.jpg 1536w, https:\/\/pb.edu.pl\/sjo\/wp-content\/uploads\/sites\/9\/2023\/11\/Depositphotos_35107363_XL-2048x1365.jpg 2048w, https:\/\/pb.edu.pl\/sjo\/wp-content\/uploads\/sites\/9\/2023\/11\/Depositphotos_35107363_XL-480x320.jpg 480w\" sizes=\"auto, (max-width: 300px) 100vw, 300px\" \/><\/a>\n\t\t\t<\/div><\/figure><figure class='gallery-item'>\n\t\t\t<div class='gallery-icon landscape'>\n\t\t\t\t<a href='https:\/\/pb.edu.pl\/sjo\/polish-lab\/czy-wiecie-ze\/swieta-zmarlych\/evening-of-all-saints-day\/'><img loading=\"lazy\" decoding=\"async\" width=\"300\" height=\"148\" src=\"https:\/\/pb.edu.pl\/sjo\/wp-content\/uploads\/sites\/9\/2023\/11\/AdobeStock_284277860-scaled-e1698949771574-300x148.jpeg\" class=\"attachment-medium size-medium\" alt=\"\" srcset=\"https:\/\/pb.edu.pl\/sjo\/wp-content\/uploads\/sites\/9\/2023\/11\/AdobeStock_284277860-scaled-e1698949771574-300x148.jpeg 300w, https:\/\/pb.edu.pl\/sjo\/wp-content\/uploads\/sites\/9\/2023\/11\/AdobeStock_284277860-scaled-e1698949771574-1024x505.jpeg 1024w, https:\/\/pb.edu.pl\/sjo\/wp-content\/uploads\/sites\/9\/2023\/11\/AdobeStock_284277860-scaled-e1698949771574-768x379.jpeg 768w, https:\/\/pb.edu.pl\/sjo\/wp-content\/uploads\/sites\/9\/2023\/11\/AdobeStock_284277860-scaled-e1698949771574-1536x757.jpeg 1536w, https:\/\/pb.edu.pl\/sjo\/wp-content\/uploads\/sites\/9\/2023\/11\/AdobeStock_284277860-scaled-e1698949771574.jpeg 1971w\" sizes=\"auto, (max-width: 300px) 100vw, 300px\" \/><\/a>\n\t\t\t<\/div><\/figure><figure class='gallery-item'>\n\t\t\t<div class='gallery-icon landscape'>\n\t\t\t\t<a href='https:\/\/pb.edu.pl\/sjo\/polish-lab\/czy-wiecie-ze\/swieta-zmarlych\/cemetery-near-vitanova-slovakia\/'><img loading=\"lazy\" decoding=\"async\" width=\"300\" height=\"200\" src=\"https:\/\/pb.edu.pl\/sjo\/wp-content\/uploads\/sites\/9\/2023\/11\/Depositphotos_414342752_XL-300x200.jpg\" class=\"attachment-medium size-medium\" alt=\"\" srcset=\"https:\/\/pb.edu.pl\/sjo\/wp-content\/uploads\/sites\/9\/2023\/11\/Depositphotos_414342752_XL-300x200.jpg 300w, https:\/\/pb.edu.pl\/sjo\/wp-content\/uploads\/sites\/9\/2023\/11\/Depositphotos_414342752_XL-1024x683.jpg 1024w, https:\/\/pb.edu.pl\/sjo\/wp-content\/uploads\/sites\/9\/2023\/11\/Depositphotos_414342752_XL-768x512.jpg 768w, https:\/\/pb.edu.pl\/sjo\/wp-content\/uploads\/sites\/9\/2023\/11\/Depositphotos_414342752_XL-1536x1024.jpg 1536w, https:\/\/pb.edu.pl\/sjo\/wp-content\/uploads\/sites\/9\/2023\/11\/Depositphotos_414342752_XL-2048x1365.jpg 2048w, https:\/\/pb.edu.pl\/sjo\/wp-content\/uploads\/sites\/9\/2023\/11\/Depositphotos_414342752_XL-480x320.jpg 480w\" sizes=\"auto, (max-width: 300px) 100vw, 300px\" \/><\/a>\n\t\t\t<\/div><\/figure><figure class='gallery-item'>\n\t\t\t<div class='gallery-icon landscape'>\n\t\t\t\t<a href='https:\/\/pb.edu.pl\/sjo\/polish-lab\/egzaminy\/pink-chrysanthemum-flower\/'><img loading=\"lazy\" decoding=\"async\" width=\"300\" height=\"199\" src=\"https:\/\/pb.edu.pl\/sjo\/wp-content\/uploads\/sites\/9\/2023\/11\/AdobeStock_172461102-300x199.jpeg\" class=\"attachment-medium size-medium\" alt=\"\" srcset=\"https:\/\/pb.edu.pl\/sjo\/wp-content\/uploads\/sites\/9\/2023\/11\/AdobeStock_172461102-300x200.jpeg 300w, https:\/\/pb.edu.pl\/sjo\/wp-content\/uploads\/sites\/9\/2023\/11\/AdobeStock_172461102-1024x678.jpeg 1024w, https:\/\/pb.edu.pl\/sjo\/wp-content\/uploads\/sites\/9\/2023\/11\/AdobeStock_172461102-768x509.jpeg 768w, https:\/\/pb.edu.pl\/sjo\/wp-content\/uploads\/sites\/9\/2023\/11\/AdobeStock_172461102-1536x1017.jpeg 1536w, https:\/\/pb.edu.pl\/sjo\/wp-content\/uploads\/sites\/9\/2023\/11\/AdobeStock_172461102-2048x1356.jpeg 2048w, https:\/\/pb.edu.pl\/sjo\/wp-content\/uploads\/sites\/9\/2023\/11\/AdobeStock_172461102-480x320.jpeg 480w\" sizes=\"auto, (max-width: 300px) 100vw, 300px\" \/><\/a>\n\t\t\t<\/div><\/figure>\n\t\t<\/div>\n\n<p>Photos: Adobe Stock, Depositphotos, Canva<\/p>\n","protected":false},"excerpt":{"rendered":"<p>On 1 November, we celebrate All Saints&#8217; Day in Poland. It is a Catholic holiday,<\/p>\n","protected":false},"author":77,"featured_media":0,"parent":8281,"menu_order":0,"comment_status":"closed","ping_status":"closed","template":"","meta":{"_acf_changed":false,"ngg_post_thumbnail":0,"footnotes":""},"class_list":["post-22652","page","type-page","status-publish","hentry"],"acf":[],"yoast_head":"<!-- This site is optimized with the Yoast SEO plugin v27.0 - https:\/\/yoast.com\/product\/yoast-seo-wordpress\/ -->\n<title>Feast of the Dead - Studium J\u0119zyk\u00f3w Obcych<\/title>\n<meta name=\"description\" content=\"On 1 November, we celebrate All Saints&#039; Day in Poland. It is a Catholic holiday, but also a day off work, a time of reflection and reverie. On this day,\" \/>\n<meta name=\"robots\" content=\"index, follow, max-snippet:-1, max-image-preview:large, max-video-preview:-1\" \/>\n<link rel=\"canonical\" href=\"https:\/\/pb.edu.pl\/sjo\/polish-lab\/czy-wiecie-ze\/feast-of-the-dead\/\" \/>\n<meta property=\"og:locale\" content=\"pl_PL\" \/>\n<meta property=\"og:type\" content=\"article\" \/>\n<meta property=\"og:title\" content=\"Feast of the Dead - Studium J\u0119zyk\u00f3w Obcych\" \/>\n<meta property=\"og:description\" content=\"On 1 November, we celebrate All Saints&#039; Day in Poland. It is a Catholic holiday, but also a day off work, a time of reflection and reverie. On this day,\" \/>\n<meta property=\"og:url\" content=\"https:\/\/pb.edu.pl\/sjo\/polish-lab\/czy-wiecie-ze\/feast-of-the-dead\/\" \/>\n<meta property=\"og:site_name\" content=\"Studium J\u0119zyk\u00f3w Obcych\" \/>\n<meta property=\"article:modified_time\" content=\"2023-11-02T18:32:52+00:00\" \/>\n<meta property=\"og:image\" content=\"https:\/\/pb.edu.pl\/sjo\/wp-content\/uploads\/sites\/9\/2023\/11\/4-1-300x225.png\" \/>\n<meta name=\"twitter:label1\" content=\"Szacowany czas czytania\" \/>\n\t<meta name=\"twitter:data1\" content=\"3 minuty\" \/>\n<script type=\"application\/ld+json\" class=\"yoast-schema-graph\">{\"@context\":\"https:\/\/schema.org\",\"@graph\":[{\"@type\":\"WebPage\",\"@id\":\"https:\/\/pb.edu.pl\/sjo\/polish-lab\/czy-wiecie-ze\/feast-of-the-dead\/\",\"url\":\"https:\/\/pb.edu.pl\/sjo\/polish-lab\/czy-wiecie-ze\/feast-of-the-dead\/\",\"name\":\"Feast of the Dead - Studium J\u0119zyk\u00f3w Obcych\",\"isPartOf\":{\"@id\":\"https:\/\/pb.edu.pl\/sjo\/#website\"},\"datePublished\":\"2023-11-01T13:52:19+00:00\",\"dateModified\":\"2023-11-02T18:32:52+00:00\",\"description\":\"On 1 November, we celebrate All Saints' Day in Poland. It is a Catholic holiday, but also a day off work, a time of reflection and reverie. On this day,\",\"breadcrumb\":{\"@id\":\"https:\/\/pb.edu.pl\/sjo\/polish-lab\/czy-wiecie-ze\/feast-of-the-dead\/#breadcrumb\"},\"inLanguage\":\"pl-PL\",\"potentialAction\":[{\"@type\":\"ReadAction\",\"target\":[\"https:\/\/pb.edu.pl\/sjo\/polish-lab\/czy-wiecie-ze\/feast-of-the-dead\/\"]}]},{\"@type\":\"BreadcrumbList\",\"@id\":\"https:\/\/pb.edu.pl\/sjo\/polish-lab\/czy-wiecie-ze\/feast-of-the-dead\/#breadcrumb\",\"itemListElement\":[{\"@type\":\"ListItem\",\"position\":1,\"name\":\"Home\",\"item\":\"https:\/\/pb.edu.pl\/sjo\/\"},{\"@type\":\"ListItem\",\"position\":2,\"name\":\"Centrum J\u0119zyka i Kultury Polskiej POLISH LAB\",\"item\":\"https:\/\/pb.edu.pl\/sjo\/polish-lab\/\"},{\"@type\":\"ListItem\",\"position\":3,\"name\":\"O Polsce i Polakach\",\"item\":\"https:\/\/pb.edu.pl\/sjo\/polish-lab\/czy-wiecie-ze\/\"},{\"@type\":\"ListItem\",\"position\":4,\"name\":\"Feast of the Dead\"}]},{\"@type\":\"WebSite\",\"@id\":\"https:\/\/pb.edu.pl\/sjo\/#website\",\"url\":\"https:\/\/pb.edu.pl\/sjo\/\",\"name\":\"Studium J\u0119zyk\u00f3w Obcych\",\"description\":\"\",\"potentialAction\":[{\"@type\":\"SearchAction\",\"target\":{\"@type\":\"EntryPoint\",\"urlTemplate\":\"https:\/\/pb.edu.pl\/sjo\/?s={search_term_string}\"},\"query-input\":{\"@type\":\"PropertyValueSpecification\",\"valueRequired\":true,\"valueName\":\"search_term_string\"}}],\"inLanguage\":\"pl-PL\"}]}<\/script>\n<!-- \/ Yoast SEO plugin. -->","yoast_head_json":{"title":"Feast of the Dead - Studium J\u0119zyk\u00f3w Obcych","description":"On 1 November, we celebrate All Saints' Day in Poland. It is a Catholic holiday, but also a day off work, a time of reflection and reverie. On this day,","robots":{"index":"index","follow":"follow","max-snippet":"max-snippet:-1","max-image-preview":"max-image-preview:large","max-video-preview":"max-video-preview:-1"},"canonical":"https:\/\/pb.edu.pl\/sjo\/polish-lab\/czy-wiecie-ze\/feast-of-the-dead\/","og_locale":"pl_PL","og_type":"article","og_title":"Feast of the Dead - Studium J\u0119zyk\u00f3w Obcych","og_description":"On 1 November, we celebrate All Saints' Day in Poland. It is a Catholic holiday, but also a day off work, a time of reflection and reverie. On this day,","og_url":"https:\/\/pb.edu.pl\/sjo\/polish-lab\/czy-wiecie-ze\/feast-of-the-dead\/","og_site_name":"Studium J\u0119zyk\u00f3w Obcych","article_modified_time":"2023-11-02T18:32:52+00:00","og_image":[{"url":"https:\/\/pb.edu.pl\/sjo\/wp-content\/uploads\/sites\/9\/2023\/11\/4-1-300x225.png","type":"","width":"","height":""}],"twitter_misc":{"Szacowany czas czytania":"3 minuty"},"schema":{"@context":"https:\/\/schema.org","@graph":[{"@type":"WebPage","@id":"https:\/\/pb.edu.pl\/sjo\/polish-lab\/czy-wiecie-ze\/feast-of-the-dead\/","url":"https:\/\/pb.edu.pl\/sjo\/polish-lab\/czy-wiecie-ze\/feast-of-the-dead\/","name":"Feast of the Dead - Studium J\u0119zyk\u00f3w Obcych","isPartOf":{"@id":"https:\/\/pb.edu.pl\/sjo\/#website"},"datePublished":"2023-11-01T13:52:19+00:00","dateModified":"2023-11-02T18:32:52+00:00","description":"On 1 November, we celebrate All Saints' Day in Poland. It is a Catholic holiday, but also a day off work, a time of reflection and reverie. On this day,","breadcrumb":{"@id":"https:\/\/pb.edu.pl\/sjo\/polish-lab\/czy-wiecie-ze\/feast-of-the-dead\/#breadcrumb"},"inLanguage":"pl-PL","potentialAction":[{"@type":"ReadAction","target":["https:\/\/pb.edu.pl\/sjo\/polish-lab\/czy-wiecie-ze\/feast-of-the-dead\/"]}]},{"@type":"BreadcrumbList","@id":"https:\/\/pb.edu.pl\/sjo\/polish-lab\/czy-wiecie-ze\/feast-of-the-dead\/#breadcrumb","itemListElement":[{"@type":"ListItem","position":1,"name":"Home","item":"https:\/\/pb.edu.pl\/sjo\/"},{"@type":"ListItem","position":2,"name":"Centrum J\u0119zyka i Kultury Polskiej POLISH LAB","item":"https:\/\/pb.edu.pl\/sjo\/polish-lab\/"},{"@type":"ListItem","position":3,"name":"O Polsce i Polakach","item":"https:\/\/pb.edu.pl\/sjo\/polish-lab\/czy-wiecie-ze\/"},{"@type":"ListItem","position":4,"name":"Feast of the Dead"}]},{"@type":"WebSite","@id":"https:\/\/pb.edu.pl\/sjo\/#website","url":"https:\/\/pb.edu.pl\/sjo\/","name":"Studium J\u0119zyk\u00f3w Obcych","description":"","potentialAction":[{"@type":"SearchAction","target":{"@type":"EntryPoint","urlTemplate":"https:\/\/pb.edu.pl\/sjo\/?s={search_term_string}"},"query-input":{"@type":"PropertyValueSpecification","valueRequired":true,"valueName":"search_term_string"}}],"inLanguage":"pl-PL"}]}},"_links":{"self":[{"href":"https:\/\/pb.edu.pl\/sjo\/wp-json\/wp\/v2\/pages\/22652","targetHints":{"allow":["GET"]}}],"collection":[{"href":"https:\/\/pb.edu.pl\/sjo\/wp-json\/wp\/v2\/pages"}],"about":[{"href":"https:\/\/pb.edu.pl\/sjo\/wp-json\/wp\/v2\/types\/page"}],"author":[{"embeddable":true,"href":"https:\/\/pb.edu.pl\/sjo\/wp-json\/wp\/v2\/users\/77"}],"replies":[{"embeddable":true,"href":"https:\/\/pb.edu.pl\/sjo\/wp-json\/wp\/v2\/comments?post=22652"}],"version-history":[{"count":0,"href":"https:\/\/pb.edu.pl\/sjo\/wp-json\/wp\/v2\/pages\/22652\/revisions"}],"up":[{"embeddable":true,"href":"https:\/\/pb.edu.pl\/sjo\/wp-json\/wp\/v2\/pages\/8281"}],"wp:attachment":[{"href":"https:\/\/pb.edu.pl\/sjo\/wp-json\/wp\/v2\/media?parent=22652"}],"curies":[{"name":"wp","href":"https:\/\/api.w.org\/{rel}","templated":true}]}}