{"id":22611,"date":"2023-11-01T10:08:11","date_gmt":"2023-11-01T09:08:11","guid":{"rendered":"https:\/\/pb.edu.pl\/sjo\/?page_id=22611"},"modified":"2023-11-02T19:29:58","modified_gmt":"2023-11-02T18:29:58","slug":"swieta-zmarlych","status":"publish","type":"page","link":"https:\/\/pb.edu.pl\/sjo\/polish-lab\/czy-wiecie-ze\/swieta-zmarlych\/","title":{"rendered":"\u015awi\u0119ta Zmar\u0142ych"},"content":{"rendered":"<p><span style=\"font-family: verdana, geneva, sans-serif;font-size: 12pt\"><strong>1 listopada<\/strong><strong> o<\/strong>bchodzimy w Polsce <strong>Dzie\u0144 Wszystkich \u015awi\u0119tych<\/strong><strong>. <\/strong>Jest to \u015bwi\u0119to katolickie, ale te\u017c dzie\u0144 wolny od pracy, czas zadumy i refleksji. Tego dnia Polacy ca\u0142ymi rodzinami id\u0105 na cmentarze, aby zapali\u0107 znicze, postawi\u0107 wi\u0105zanki kwiat\u00f3w i pomodli\u0107 si\u0119 za zmar\u0142ych z rodziny i przyjaci\u00f3\u0142. Obyczaj nakazuje zapali\u0107 \u015bwiat\u0142o tak\u017ce na grobach zapomnianych, tych, kt\u00f3rych nie odwiedza ju\u017c nikt bliski.<\/span><\/p>\n<p><span style=\"font-family: verdana, geneva, sans-serif;font-size: 12pt\">Opr\u00f3cz katolik\u00f3w to \u015bwi\u0119to obchodzi szereg innych wyzna\u0144, jest to r\u00f3wnie\u017c zwyczaj praktykowany przez osoby niewierz\u0105ce w celu okazania pami\u0119ci i szacunku zmar\u0142ym.<\/span><\/p>\n<p><span style=\"font-family: verdana, geneva, sans-serif;font-size: 12pt\">Tego dnia polskie cmentarze wygl\u0105daj\u0105 niezwykle pi\u0119knie i kolorowo, zw\u0142aszcza o zmroku, kiedy to tysi\u0105ce \u015bwiate\u0142ek roz\u015bwietlaj\u0105 wiecz\u00f3r, a w ich \u015bwietle mieni\u0105 si\u0119 r\u00f3\u017cnymi barwami kwiaty i wie\u0144ce.<\/span><\/p>\n<p><span style=\"font-family: verdana, geneva, sans-serif;font-size: 12pt\">Niegdy\u015b symbolem tego \u015bwi\u0119ta by\u0142o palenie ognisk. W przesz\u0142o\u015bci, zw\u0142aszcza na terenach wschodnich, w pobli\u017cu cmentarzy i na rozstaju dr\u00f3g, rozpalano wielkie ogniska, aby dusze mog\u0142y si\u0119 przy nich ogrza\u0107 przed d\u0142ug\u0105 drog\u0105 powrotn\u0105 w za\u015bwiaty. Ponadto wierzono, \u017ce ogie\u0144 chroni ludzi przed z\u0142ymi duchami i upiorami, dlatego zawsze rozpalano ognie zaduszkowe na grobach os\u00f3b&nbsp; zmar\u0142ych gwa\u0142town\u0105 \u015bmierci\u0105, a zw\u0142aszcza samob\u00f3jc\u00f3w. Obecnie p\u0142on\u0105ce znicze s\u0105 po prostu symbolem pami\u0119ci o zmar\u0142ych.<\/span><\/p>\n<p><span style=\"font-family: verdana, geneva, sans-serif;font-size: 12pt\">Termin tych \u015bwi\u0105t wyznaczony zosta\u0142 przez Ko\u015bci\u00f3\u0142 &nbsp;w IX wieku. Chocia\u017c odwiedzanie grob\u00f3w by\u0142o i jest zwyczajem znanym niemal wszystkim ludom i przekazywanym z pokolenia na pokolenie, Chrze\u015bcijanie podj\u0119li t\u0119 tradycj\u0119 i nadali jej wymiar religijny. W 835 r. papie\u017c Jan XI ustanowi\u0142 Dzie\u0144 Wszystkich \u015awi\u0119tych ku czci zmar\u0142ych, ju\u017c zbawionych.<\/span><\/p>\n<p><span style=\"font-family: verdana, geneva, sans-serif;font-size: 12pt\">Natomiast <strong>2 listopada<\/strong> obchodzone s\u0105<strong> Zaduszki<\/strong>. Jak sama nazwa wskazuje, jest to dzie\u0144 modlitwy za dusze zmar\u0142ych. Katolicy ponownie udaj\u0105 si\u0119 na cmentarze, zapalaj\u0105 znicze i modl\u0105 si\u0119 za tych, kt\u00f3rzy odeszli ju\u017c z tego \u015bwiata, ale przebywaj\u0105 w czy\u015b\u0107cu i potrzebuj\u0105 naszej modlitwy, aby mogli dost\u0105pi\u0107 zbawienia.<\/span><\/p>\n<p><span style=\"font-family: verdana, geneva, sans-serif;font-size: 12pt\">Dawniej w Polsce wierzono, \u017ce w Zaduszki dusze zmar\u0142ych odwiedzaj\u0105 swoje domostwa, dlatego domy by\u0142y sprz\u0105tane i przygotowywane na przyj\u0119cie tych szczeg\u00f3lnych go\u015bci. Na \u015brodku stawiano \u0142awk\u0119, a na niej misk\u0119 z wod\u0105, r\u0119cznik i grzebie\u0144. Wierzono bowiem, \u017ce dusze b\u0119d\u0105 chcia\u0142y si\u0119 umy\u0107 i uczesa\u0107. Aby dusze mog\u0142y wej\u015b\u0107 do domu, drzwi i okna by\u0142y otwarte przez ca\u0142\u0105 noc.<\/span><\/p>\n<p><span style=\"font-family: verdana, geneva, sans-serif;font-size: 12pt\">Zar\u00f3wno dawne jak i dzisiejsze obchody <strong>\u015awi\u0105t Zmar\u0142ych<\/strong> \u0142\u0105czy ta sama idea: nieprzemijaj\u0105ca pami\u0119\u0107 o tych, kt\u00f3rzy st\u0105pali po naszej ziemi przed nami.<\/span><\/p>\n<div id='gallery-1' class='gallery galleryid-22611 gallery-columns-5 gallery-size-medium'><figure class='gallery-item'>\n\t\t\t<div class='gallery-icon landscape'>\n\t\t\t\t<a href='https:\/\/pb.edu.pl\/sjo\/polish-lab\/czy-wiecie-ze\/swieta-zmarlych\/4-26\/'><img loading=\"lazy\" decoding=\"async\" width=\"300\" height=\"225\" src=\"https:\/\/pb.edu.pl\/sjo\/wp-content\/uploads\/sites\/9\/2023\/11\/4-1-300x225.png\" class=\"attachment-medium size-medium\" alt=\"\" srcset=\"https:\/\/pb.edu.pl\/sjo\/wp-content\/uploads\/sites\/9\/2023\/11\/4-1-300x225.png 300w, https:\/\/pb.edu.pl\/sjo\/wp-content\/uploads\/sites\/9\/2023\/11\/4-1-1024x768.png 1024w, https:\/\/pb.edu.pl\/sjo\/wp-content\/uploads\/sites\/9\/2023\/11\/4-1-768x576.png 768w, https:\/\/pb.edu.pl\/sjo\/wp-content\/uploads\/sites\/9\/2023\/11\/4-1-1536x1152.png 1536w, https:\/\/pb.edu.pl\/sjo\/wp-content\/uploads\/sites\/9\/2023\/11\/4-1.png 1685w\" sizes=\"auto, (max-width: 300px) 100vw, 300px\" \/><\/a>\n\t\t\t<\/div><\/figure><figure class='gallery-item'>\n\t\t\t<div class='gallery-icon landscape'>\n\t\t\t\t<a href='https:\/\/pb.edu.pl\/sjo\/polish-lab\/czy-wiecie-ze\/swieta-zmarlych\/depositphotos_35107345_xl\/'><img loading=\"lazy\" decoding=\"async\" width=\"300\" height=\"200\" src=\"https:\/\/pb.edu.pl\/sjo\/wp-content\/uploads\/sites\/9\/2023\/11\/Depositphotos_35107345_XL-300x200.jpg\" class=\"attachment-medium size-medium\" alt=\"\" srcset=\"https:\/\/pb.edu.pl\/sjo\/wp-content\/uploads\/sites\/9\/2023\/11\/Depositphotos_35107345_XL-300x200.jpg 300w, https:\/\/pb.edu.pl\/sjo\/wp-content\/uploads\/sites\/9\/2023\/11\/Depositphotos_35107345_XL-1024x683.jpg 1024w, https:\/\/pb.edu.pl\/sjo\/wp-content\/uploads\/sites\/9\/2023\/11\/Depositphotos_35107345_XL-768x512.jpg 768w, https:\/\/pb.edu.pl\/sjo\/wp-content\/uploads\/sites\/9\/2023\/11\/Depositphotos_35107345_XL-1536x1024.jpg 1536w, https:\/\/pb.edu.pl\/sjo\/wp-content\/uploads\/sites\/9\/2023\/11\/Depositphotos_35107345_XL-2048x1365.jpg 2048w, https:\/\/pb.edu.pl\/sjo\/wp-content\/uploads\/sites\/9\/2023\/11\/Depositphotos_35107345_XL-480x320.jpg 480w\" sizes=\"auto, (max-width: 300px) 100vw, 300px\" \/><\/a>\n\t\t\t<\/div><\/figure><figure class='gallery-item'>\n\t\t\t<div class='gallery-icon landscape'>\n\t\t\t\t<a href='https:\/\/pb.edu.pl\/sjo\/polish-lab\/czy-wiecie-ze\/swieta-zmarlych\/depositphotos_87354462_xl\/'><img loading=\"lazy\" decoding=\"async\" width=\"300\" height=\"221\" src=\"https:\/\/pb.edu.pl\/sjo\/wp-content\/uploads\/sites\/9\/2023\/11\/Depositphotos_87354462_XL-300x221.jpg\" class=\"attachment-medium size-medium\" alt=\"\" srcset=\"https:\/\/pb.edu.pl\/sjo\/wp-content\/uploads\/sites\/9\/2023\/11\/Depositphotos_87354462_XL-300x221.jpg 300w, https:\/\/pb.edu.pl\/sjo\/wp-content\/uploads\/sites\/9\/2023\/11\/Depositphotos_87354462_XL-1024x754.jpg 1024w, https:\/\/pb.edu.pl\/sjo\/wp-content\/uploads\/sites\/9\/2023\/11\/Depositphotos_87354462_XL-768x566.jpg 768w, https:\/\/pb.edu.pl\/sjo\/wp-content\/uploads\/sites\/9\/2023\/11\/Depositphotos_87354462_XL-1536x1131.jpg 1536w, https:\/\/pb.edu.pl\/sjo\/wp-content\/uploads\/sites\/9\/2023\/11\/Depositphotos_87354462_XL-2048x1508.jpg 2048w\" sizes=\"auto, (max-width: 300px) 100vw, 300px\" \/><\/a>\n\t\t\t<\/div><\/figure><figure class='gallery-item'>\n\t\t\t<div class='gallery-icon landscape'>\n\t\t\t\t<a href='https:\/\/pb.edu.pl\/sjo\/polish-lab\/czy-wiecie-ze\/swieta-zmarlych\/colorful-candles-on-the-cemetery-at-all-saints-day-poland\/'><img loading=\"lazy\" decoding=\"async\" width=\"300\" height=\"200\" src=\"https:\/\/pb.edu.pl\/sjo\/wp-content\/uploads\/sites\/9\/2023\/11\/Depositphotos_224350898_XL-300x200.jpg\" class=\"attachment-medium size-medium\" alt=\"\" srcset=\"https:\/\/pb.edu.pl\/sjo\/wp-content\/uploads\/sites\/9\/2023\/11\/Depositphotos_224350898_XL-300x200.jpg 300w, https:\/\/pb.edu.pl\/sjo\/wp-content\/uploads\/sites\/9\/2023\/11\/Depositphotos_224350898_XL-1024x683.jpg 1024w, https:\/\/pb.edu.pl\/sjo\/wp-content\/uploads\/sites\/9\/2023\/11\/Depositphotos_224350898_XL-768x512.jpg 768w, https:\/\/pb.edu.pl\/sjo\/wp-content\/uploads\/sites\/9\/2023\/11\/Depositphotos_224350898_XL-1536x1024.jpg 1536w, https:\/\/pb.edu.pl\/sjo\/wp-content\/uploads\/sites\/9\/2023\/11\/Depositphotos_224350898_XL-2048x1365.jpg 2048w, https:\/\/pb.edu.pl\/sjo\/wp-content\/uploads\/sites\/9\/2023\/11\/Depositphotos_224350898_XL-480x320.jpg 480w\" sizes=\"auto, (max-width: 300px) 100vw, 300px\" \/><\/a>\n\t\t\t<\/div><\/figure><figure class='gallery-item'>\n\t\t\t<div class='gallery-icon landscape'>\n\t\t\t\t<a href='https:\/\/pb.edu.pl\/sjo\/polish-lab\/czy-wiecie-ze\/swieta-zmarlych\/candles-burning-at-a-cemetery-during-all-saints-day\/'><img loading=\"lazy\" decoding=\"async\" width=\"300\" height=\"213\" src=\"https:\/\/pb.edu.pl\/sjo\/wp-content\/uploads\/sites\/9\/2023\/11\/AdobeStock_233194407-scaled-e1698949900319-300x213.jpeg\" class=\"attachment-medium size-medium\" alt=\"\" srcset=\"https:\/\/pb.edu.pl\/sjo\/wp-content\/uploads\/sites\/9\/2023\/11\/AdobeStock_233194407-scaled-e1698949900319-300x213.jpeg 300w, https:\/\/pb.edu.pl\/sjo\/wp-content\/uploads\/sites\/9\/2023\/11\/AdobeStock_233194407-scaled-e1698949900319-1024x728.jpeg 1024w, https:\/\/pb.edu.pl\/sjo\/wp-content\/uploads\/sites\/9\/2023\/11\/AdobeStock_233194407-scaled-e1698949900319-768x546.jpeg 768w, https:\/\/pb.edu.pl\/sjo\/wp-content\/uploads\/sites\/9\/2023\/11\/AdobeStock_233194407-scaled-e1698949900319-1536x1091.jpeg 1536w, https:\/\/pb.edu.pl\/sjo\/wp-content\/uploads\/sites\/9\/2023\/11\/AdobeStock_233194407-scaled-e1698949900319-2048x1455.jpeg 2048w\" sizes=\"auto, (max-width: 300px) 100vw, 300px\" \/><\/a>\n\t\t\t<\/div><\/figure>\n\t\t<\/div>\n\n<div id='gallery-2' class='gallery galleryid-22611 gallery-columns-5 gallery-size-medium'><figure class='gallery-item'>\n\t\t\t<div class='gallery-icon landscape'>\n\t\t\t\t<a href='https:\/\/pb.edu.pl\/sjo\/polish-lab\/czy-wiecie-ze\/swieta-zmarlych\/cmentarz_komunalny_we_wloclawku_1_listopada_2021_r-rafal-jendrzejewski-cc0-via-wikimedia-commons\/'><img loading=\"lazy\" decoding=\"async\" width=\"300\" height=\"145\" src=\"https:\/\/pb.edu.pl\/sjo\/wp-content\/uploads\/sites\/9\/2023\/11\/Cmentarz_Komunalny_we_Wloclawku_1_listopada_2021_r.-Rafal-Jendrzejewski-CC0-via-Wikimedia-Commons-300x145.jpg\" class=\"attachment-medium size-medium\" alt=\"\" aria-describedby=\"gallery-2-22621\" srcset=\"https:\/\/pb.edu.pl\/sjo\/wp-content\/uploads\/sites\/9\/2023\/11\/Cmentarz_Komunalny_we_Wloclawku_1_listopada_2021_r.-Rafal-Jendrzejewski-CC0-via-Wikimedia-Commons-300x145.jpg 300w, https:\/\/pb.edu.pl\/sjo\/wp-content\/uploads\/sites\/9\/2023\/11\/Cmentarz_Komunalny_we_Wloclawku_1_listopada_2021_r.-Rafal-Jendrzejewski-CC0-via-Wikimedia-Commons-1024x494.jpg 1024w, https:\/\/pb.edu.pl\/sjo\/wp-content\/uploads\/sites\/9\/2023\/11\/Cmentarz_Komunalny_we_Wloclawku_1_listopada_2021_r.-Rafal-Jendrzejewski-CC0-via-Wikimedia-Commons-768x370.jpg 768w, https:\/\/pb.edu.pl\/sjo\/wp-content\/uploads\/sites\/9\/2023\/11\/Cmentarz_Komunalny_we_Wloclawku_1_listopada_2021_r.-Rafal-Jendrzejewski-CC0-via-Wikimedia-Commons.jpg 1500w\" sizes=\"auto, (max-width: 300px) 100vw, 300px\" \/><\/a>\n\t\t\t<\/div>\n\t\t\t\t<figcaption class='wp-caption-text gallery-caption' id='gallery-2-22621'>\n\t\t\t\tCmentarz we W\u0142oc\u0142awku Rafa\u0142 Jendrzejewski, CC0, via Wikimedia Commons\n\t\t\t\t<\/figcaption><\/figure><figure class='gallery-item'>\n\t\t\t<div class='gallery-icon landscape'>\n\t\t\t\t<a href='https:\/\/pb.edu.pl\/sjo\/polish-lab\/czy-wiecie-ze\/swieta-zmarlych\/depositphotos_35107363_xl\/'><img loading=\"lazy\" decoding=\"async\" width=\"300\" height=\"200\" src=\"https:\/\/pb.edu.pl\/sjo\/wp-content\/uploads\/sites\/9\/2023\/11\/Depositphotos_35107363_XL-300x200.jpg\" class=\"attachment-medium size-medium\" alt=\"\" srcset=\"https:\/\/pb.edu.pl\/sjo\/wp-content\/uploads\/sites\/9\/2023\/11\/Depositphotos_35107363_XL-300x200.jpg 300w, https:\/\/pb.edu.pl\/sjo\/wp-content\/uploads\/sites\/9\/2023\/11\/Depositphotos_35107363_XL-1024x683.jpg 1024w, https:\/\/pb.edu.pl\/sjo\/wp-content\/uploads\/sites\/9\/2023\/11\/Depositphotos_35107363_XL-768x512.jpg 768w, https:\/\/pb.edu.pl\/sjo\/wp-content\/uploads\/sites\/9\/2023\/11\/Depositphotos_35107363_XL-1536x1024.jpg 1536w, https:\/\/pb.edu.pl\/sjo\/wp-content\/uploads\/sites\/9\/2023\/11\/Depositphotos_35107363_XL-2048x1365.jpg 2048w, https:\/\/pb.edu.pl\/sjo\/wp-content\/uploads\/sites\/9\/2023\/11\/Depositphotos_35107363_XL-480x320.jpg 480w\" sizes=\"auto, (max-width: 300px) 100vw, 300px\" \/><\/a>\n\t\t\t<\/div><\/figure><figure class='gallery-item'>\n\t\t\t<div class='gallery-icon landscape'>\n\t\t\t\t<a href='https:\/\/pb.edu.pl\/sjo\/polish-lab\/czy-wiecie-ze\/swieta-zmarlych\/evening-of-all-saints-day\/'><img loading=\"lazy\" decoding=\"async\" width=\"300\" height=\"148\" src=\"https:\/\/pb.edu.pl\/sjo\/wp-content\/uploads\/sites\/9\/2023\/11\/AdobeStock_284277860-scaled-e1698949771574-300x148.jpeg\" class=\"attachment-medium size-medium\" alt=\"\" srcset=\"https:\/\/pb.edu.pl\/sjo\/wp-content\/uploads\/sites\/9\/2023\/11\/AdobeStock_284277860-scaled-e1698949771574-300x148.jpeg 300w, https:\/\/pb.edu.pl\/sjo\/wp-content\/uploads\/sites\/9\/2023\/11\/AdobeStock_284277860-scaled-e1698949771574-1024x505.jpeg 1024w, https:\/\/pb.edu.pl\/sjo\/wp-content\/uploads\/sites\/9\/2023\/11\/AdobeStock_284277860-scaled-e1698949771574-768x379.jpeg 768w, https:\/\/pb.edu.pl\/sjo\/wp-content\/uploads\/sites\/9\/2023\/11\/AdobeStock_284277860-scaled-e1698949771574-1536x757.jpeg 1536w, https:\/\/pb.edu.pl\/sjo\/wp-content\/uploads\/sites\/9\/2023\/11\/AdobeStock_284277860-scaled-e1698949771574.jpeg 1971w\" sizes=\"auto, (max-width: 300px) 100vw, 300px\" \/><\/a>\n\t\t\t<\/div><\/figure><figure class='gallery-item'>\n\t\t\t<div class='gallery-icon landscape'>\n\t\t\t\t<a href='https:\/\/pb.edu.pl\/sjo\/polish-lab\/czy-wiecie-ze\/swieta-zmarlych\/cemetery-near-vitanova-slovakia\/'><img loading=\"lazy\" decoding=\"async\" width=\"300\" height=\"200\" src=\"https:\/\/pb.edu.pl\/sjo\/wp-content\/uploads\/sites\/9\/2023\/11\/Depositphotos_414342752_XL-300x200.jpg\" class=\"attachment-medium size-medium\" alt=\"\" srcset=\"https:\/\/pb.edu.pl\/sjo\/wp-content\/uploads\/sites\/9\/2023\/11\/Depositphotos_414342752_XL-300x200.jpg 300w, https:\/\/pb.edu.pl\/sjo\/wp-content\/uploads\/sites\/9\/2023\/11\/Depositphotos_414342752_XL-1024x683.jpg 1024w, https:\/\/pb.edu.pl\/sjo\/wp-content\/uploads\/sites\/9\/2023\/11\/Depositphotos_414342752_XL-768x512.jpg 768w, https:\/\/pb.edu.pl\/sjo\/wp-content\/uploads\/sites\/9\/2023\/11\/Depositphotos_414342752_XL-1536x1024.jpg 1536w, https:\/\/pb.edu.pl\/sjo\/wp-content\/uploads\/sites\/9\/2023\/11\/Depositphotos_414342752_XL-2048x1365.jpg 2048w, https:\/\/pb.edu.pl\/sjo\/wp-content\/uploads\/sites\/9\/2023\/11\/Depositphotos_414342752_XL-480x320.jpg 480w\" sizes=\"auto, (max-width: 300px) 100vw, 300px\" \/><\/a>\n\t\t\t<\/div><\/figure><figure class='gallery-item'>\n\t\t\t<div class='gallery-icon landscape'>\n\t\t\t\t<a href='https:\/\/pb.edu.pl\/sjo\/polish-lab\/egzaminy\/pink-chrysanthemum-flower\/'><img loading=\"lazy\" decoding=\"async\" width=\"300\" height=\"199\" src=\"https:\/\/pb.edu.pl\/sjo\/wp-content\/uploads\/sites\/9\/2023\/11\/AdobeStock_172461102-300x199.jpeg\" class=\"attachment-medium size-medium\" alt=\"\" srcset=\"https:\/\/pb.edu.pl\/sjo\/wp-content\/uploads\/sites\/9\/2023\/11\/AdobeStock_172461102-300x200.jpeg 300w, https:\/\/pb.edu.pl\/sjo\/wp-content\/uploads\/sites\/9\/2023\/11\/AdobeStock_172461102-1024x678.jpeg 1024w, https:\/\/pb.edu.pl\/sjo\/wp-content\/uploads\/sites\/9\/2023\/11\/AdobeStock_172461102-768x509.jpeg 768w, https:\/\/pb.edu.pl\/sjo\/wp-content\/uploads\/sites\/9\/2023\/11\/AdobeStock_172461102-1536x1017.jpeg 1536w, https:\/\/pb.edu.pl\/sjo\/wp-content\/uploads\/sites\/9\/2023\/11\/AdobeStock_172461102-2048x1356.jpeg 2048w, https:\/\/pb.edu.pl\/sjo\/wp-content\/uploads\/sites\/9\/2023\/11\/AdobeStock_172461102-480x320.jpeg 480w\" sizes=\"auto, (max-width: 300px) 100vw, 300px\" \/><\/a>\n\t\t\t<\/div><\/figure>\n\t\t<\/div>\n\n<p>Zdj\u0119cia: Adobe Stock, Depositphotos, Canva<\/p>\n","protected":false},"excerpt":{"rendered":"<p>1 listopada obchodzimy w Polsce Dzie\u0144 Wszystkich \u015awi\u0119tych. Jest to \u015bwi\u0119to katolickie, ale te\u017c dzie\u0144<\/p>\n","protected":false},"author":77,"featured_media":0,"parent":8281,"menu_order":0,"comment_status":"closed","ping_status":"closed","template":"","meta":{"_acf_changed":false,"ngg_post_thumbnail":0,"footnotes":""},"class_list":["post-22611","page","type-page","status-publish","hentry"],"acf":[],"yoast_head":"<!-- This site is optimized with the Yoast SEO plugin v27.0 - https:\/\/yoast.com\/product\/yoast-seo-wordpress\/ -->\n<title>\u015awi\u0119ta Zmar\u0142ych - Studium J\u0119zyk\u00f3w Obcych<\/title>\n<meta name=\"description\" content=\"1 listopada obchodzimy w Polsce Dzie\u0144 Wszystkich \u015awi\u0119tych. Jest to \u015bwi\u0119to katolickie, ale te\u017c dzie\u0144 wolny od pracy, czas zadumy i refleksji. Tego dnia\" \/>\n<meta name=\"robots\" content=\"index, follow, max-snippet:-1, max-image-preview:large, max-video-preview:-1\" \/>\n<link rel=\"canonical\" href=\"https:\/\/pb.edu.pl\/sjo\/polish-lab\/czy-wiecie-ze\/swieta-zmarlych\/\" \/>\n<meta property=\"og:locale\" content=\"pl_PL\" \/>\n<meta property=\"og:type\" content=\"article\" \/>\n<meta property=\"og:title\" content=\"\u015awi\u0119ta Zmar\u0142ych - Studium J\u0119zyk\u00f3w Obcych\" \/>\n<meta property=\"og:description\" content=\"1 listopada obchodzimy w Polsce Dzie\u0144 Wszystkich \u015awi\u0119tych. Jest to \u015bwi\u0119to katolickie, ale te\u017c dzie\u0144 wolny od pracy, czas zadumy i refleksji. Tego dnia\" \/>\n<meta property=\"og:url\" content=\"https:\/\/pb.edu.pl\/sjo\/polish-lab\/czy-wiecie-ze\/swieta-zmarlych\/\" \/>\n<meta property=\"og:site_name\" content=\"Studium J\u0119zyk\u00f3w Obcych\" \/>\n<meta property=\"article:modified_time\" content=\"2023-11-02T18:29:58+00:00\" \/>\n<meta property=\"og:image\" content=\"https:\/\/pb.edu.pl\/sjo\/wp-content\/uploads\/sites\/9\/2023\/11\/4-1-300x225.png\" \/>\n<meta name=\"twitter:label1\" content=\"Szacowany czas czytania\" \/>\n\t<meta name=\"twitter:data1\" content=\"3 minuty\" \/>\n<script type=\"application\/ld+json\" class=\"yoast-schema-graph\">{\"@context\":\"https:\/\/schema.org\",\"@graph\":[{\"@type\":\"WebPage\",\"@id\":\"https:\/\/pb.edu.pl\/sjo\/polish-lab\/czy-wiecie-ze\/swieta-zmarlych\/\",\"url\":\"https:\/\/pb.edu.pl\/sjo\/polish-lab\/czy-wiecie-ze\/swieta-zmarlych\/\",\"name\":\"\u015awi\u0119ta Zmar\u0142ych - Studium J\u0119zyk\u00f3w Obcych\",\"isPartOf\":{\"@id\":\"https:\/\/pb.edu.pl\/sjo\/#website\"},\"datePublished\":\"2023-11-01T09:08:11+00:00\",\"dateModified\":\"2023-11-02T18:29:58+00:00\",\"description\":\"1 listopada obchodzimy w Polsce Dzie\u0144 Wszystkich \u015awi\u0119tych. Jest to \u015bwi\u0119to katolickie, ale te\u017c dzie\u0144 wolny od pracy, czas zadumy i refleksji. Tego dnia\",\"breadcrumb\":{\"@id\":\"https:\/\/pb.edu.pl\/sjo\/polish-lab\/czy-wiecie-ze\/swieta-zmarlych\/#breadcrumb\"},\"inLanguage\":\"pl-PL\",\"potentialAction\":[{\"@type\":\"ReadAction\",\"target\":[\"https:\/\/pb.edu.pl\/sjo\/polish-lab\/czy-wiecie-ze\/swieta-zmarlych\/\"]}]},{\"@type\":\"BreadcrumbList\",\"@id\":\"https:\/\/pb.edu.pl\/sjo\/polish-lab\/czy-wiecie-ze\/swieta-zmarlych\/#breadcrumb\",\"itemListElement\":[{\"@type\":\"ListItem\",\"position\":1,\"name\":\"Home\",\"item\":\"https:\/\/pb.edu.pl\/sjo\/\"},{\"@type\":\"ListItem\",\"position\":2,\"name\":\"Centrum J\u0119zyka i Kultury Polskiej POLISH LAB\",\"item\":\"https:\/\/pb.edu.pl\/sjo\/polish-lab\/\"},{\"@type\":\"ListItem\",\"position\":3,\"name\":\"O Polsce i Polakach\",\"item\":\"https:\/\/pb.edu.pl\/sjo\/polish-lab\/czy-wiecie-ze\/\"},{\"@type\":\"ListItem\",\"position\":4,\"name\":\"\u015awi\u0119ta Zmar\u0142ych\"}]},{\"@type\":\"WebSite\",\"@id\":\"https:\/\/pb.edu.pl\/sjo\/#website\",\"url\":\"https:\/\/pb.edu.pl\/sjo\/\",\"name\":\"Studium J\u0119zyk\u00f3w Obcych\",\"description\":\"\",\"potentialAction\":[{\"@type\":\"SearchAction\",\"target\":{\"@type\":\"EntryPoint\",\"urlTemplate\":\"https:\/\/pb.edu.pl\/sjo\/?s={search_term_string}\"},\"query-input\":{\"@type\":\"PropertyValueSpecification\",\"valueRequired\":true,\"valueName\":\"search_term_string\"}}],\"inLanguage\":\"pl-PL\"}]}<\/script>\n<!-- \/ Yoast SEO plugin. -->","yoast_head_json":{"title":"\u015awi\u0119ta Zmar\u0142ych - Studium J\u0119zyk\u00f3w Obcych","description":"1 listopada obchodzimy w Polsce Dzie\u0144 Wszystkich \u015awi\u0119tych. Jest to \u015bwi\u0119to katolickie, ale te\u017c dzie\u0144 wolny od pracy, czas zadumy i refleksji. Tego dnia","robots":{"index":"index","follow":"follow","max-snippet":"max-snippet:-1","max-image-preview":"max-image-preview:large","max-video-preview":"max-video-preview:-1"},"canonical":"https:\/\/pb.edu.pl\/sjo\/polish-lab\/czy-wiecie-ze\/swieta-zmarlych\/","og_locale":"pl_PL","og_type":"article","og_title":"\u015awi\u0119ta Zmar\u0142ych - Studium J\u0119zyk\u00f3w Obcych","og_description":"1 listopada obchodzimy w Polsce Dzie\u0144 Wszystkich \u015awi\u0119tych. Jest to \u015bwi\u0119to katolickie, ale te\u017c dzie\u0144 wolny od pracy, czas zadumy i refleksji. Tego dnia","og_url":"https:\/\/pb.edu.pl\/sjo\/polish-lab\/czy-wiecie-ze\/swieta-zmarlych\/","og_site_name":"Studium J\u0119zyk\u00f3w Obcych","article_modified_time":"2023-11-02T18:29:58+00:00","og_image":[{"url":"https:\/\/pb.edu.pl\/sjo\/wp-content\/uploads\/sites\/9\/2023\/11\/4-1-300x225.png","type":"","width":"","height":""}],"twitter_misc":{"Szacowany czas czytania":"3 minuty"},"schema":{"@context":"https:\/\/schema.org","@graph":[{"@type":"WebPage","@id":"https:\/\/pb.edu.pl\/sjo\/polish-lab\/czy-wiecie-ze\/swieta-zmarlych\/","url":"https:\/\/pb.edu.pl\/sjo\/polish-lab\/czy-wiecie-ze\/swieta-zmarlych\/","name":"\u015awi\u0119ta Zmar\u0142ych - Studium J\u0119zyk\u00f3w Obcych","isPartOf":{"@id":"https:\/\/pb.edu.pl\/sjo\/#website"},"datePublished":"2023-11-01T09:08:11+00:00","dateModified":"2023-11-02T18:29:58+00:00","description":"1 listopada obchodzimy w Polsce Dzie\u0144 Wszystkich \u015awi\u0119tych. Jest to \u015bwi\u0119to katolickie, ale te\u017c dzie\u0144 wolny od pracy, czas zadumy i refleksji. Tego dnia","breadcrumb":{"@id":"https:\/\/pb.edu.pl\/sjo\/polish-lab\/czy-wiecie-ze\/swieta-zmarlych\/#breadcrumb"},"inLanguage":"pl-PL","potentialAction":[{"@type":"ReadAction","target":["https:\/\/pb.edu.pl\/sjo\/polish-lab\/czy-wiecie-ze\/swieta-zmarlych\/"]}]},{"@type":"BreadcrumbList","@id":"https:\/\/pb.edu.pl\/sjo\/polish-lab\/czy-wiecie-ze\/swieta-zmarlych\/#breadcrumb","itemListElement":[{"@type":"ListItem","position":1,"name":"Home","item":"https:\/\/pb.edu.pl\/sjo\/"},{"@type":"ListItem","position":2,"name":"Centrum J\u0119zyka i Kultury Polskiej POLISH LAB","item":"https:\/\/pb.edu.pl\/sjo\/polish-lab\/"},{"@type":"ListItem","position":3,"name":"O Polsce i Polakach","item":"https:\/\/pb.edu.pl\/sjo\/polish-lab\/czy-wiecie-ze\/"},{"@type":"ListItem","position":4,"name":"\u015awi\u0119ta Zmar\u0142ych"}]},{"@type":"WebSite","@id":"https:\/\/pb.edu.pl\/sjo\/#website","url":"https:\/\/pb.edu.pl\/sjo\/","name":"Studium J\u0119zyk\u00f3w Obcych","description":"","potentialAction":[{"@type":"SearchAction","target":{"@type":"EntryPoint","urlTemplate":"https:\/\/pb.edu.pl\/sjo\/?s={search_term_string}"},"query-input":{"@type":"PropertyValueSpecification","valueRequired":true,"valueName":"search_term_string"}}],"inLanguage":"pl-PL"}]}},"_links":{"self":[{"href":"https:\/\/pb.edu.pl\/sjo\/wp-json\/wp\/v2\/pages\/22611","targetHints":{"allow":["GET"]}}],"collection":[{"href":"https:\/\/pb.edu.pl\/sjo\/wp-json\/wp\/v2\/pages"}],"about":[{"href":"https:\/\/pb.edu.pl\/sjo\/wp-json\/wp\/v2\/types\/page"}],"author":[{"embeddable":true,"href":"https:\/\/pb.edu.pl\/sjo\/wp-json\/wp\/v2\/users\/77"}],"replies":[{"embeddable":true,"href":"https:\/\/pb.edu.pl\/sjo\/wp-json\/wp\/v2\/comments?post=22611"}],"version-history":[{"count":0,"href":"https:\/\/pb.edu.pl\/sjo\/wp-json\/wp\/v2\/pages\/22611\/revisions"}],"up":[{"embeddable":true,"href":"https:\/\/pb.edu.pl\/sjo\/wp-json\/wp\/v2\/pages\/8281"}],"wp:attachment":[{"href":"https:\/\/pb.edu.pl\/sjo\/wp-json\/wp\/v2\/media?parent=22611"}],"curies":[{"name":"wp","href":"https:\/\/api.w.org\/{rel}","templated":true}]}}