{"id":22220,"date":"2023-10-04T13:08:20","date_gmt":"2023-10-04T11:08:20","guid":{"rendered":"https:\/\/pb.edu.pl\/sjo\/?page_id=22220"},"modified":"2023-10-04T13:09:18","modified_gmt":"2023-10-04T11:09:18","slug":"zasady-odbywania-i-zaliczania-zajec-dydaktycznych-z-jezykow-obcych-w-sjo-pb","status":"publish","type":"page","link":"https:\/\/pb.edu.pl\/sjo\/dla-studenta\/zasady-dotyczace-lektoratow\/zasady-odbywania-i-zaliczania-zajec-dydaktycznych-z-jezykow-obcych-w-sjo-pb\/","title":{"rendered":"Zasady odbywania i zaliczania zaj\u0119\u0107 dydaktycznych z j\u0119zyk\u00f3w obcych w SJO PB"},"content":{"rendered":"<p style=\"text-align: center\"><strong>ORGANIZACJA ZAJ\u0118\u0106 Z J\u0118ZYK\u00d3W OBCYCH<\/strong><\/p>\n<p style=\"text-align: center\"><strong>&nbsp;<\/strong><\/p>\n<p style=\"text-align: center\"><strong>I Studia pierwszego stopnia<\/strong><\/p>\n<ol>\n<li>SJO prowadzi lektoraty na poziomach A1-C1 wed\u0142ug Europejskiego Systemu Opisu Kszta\u0142cenia J\u0119zykowego (Common European Framework).<\/li>\n<li>Lektoraty s\u0105 obowi\u0105zkowe, zgodnie z obowi\u0105zuj\u0105cymi dla danego kierunku planami studi\u00f3w.<\/li>\n<li>SJO oferuje trzy typy lektorat\u00f3w:<\/li>\n<\/ol>\n<ul>\n<li>Lektoraty profilowane \u2013 nawi\u0105zuj\u0105ce tematyk\u0105 do studiowanego kierunku (lub kierunk\u00f3w, w przypadku grup mi\u0119dzykierunkowych), prowadzone na trzech poziomach bieg\u0142o\u015bci j\u0119zykowej B1+ (z poziomem docelowym B2), B2, C1.<\/li>\n<li>Lektoraty tematyczne \u00ad\u2013 z oferty SJO (np. pisanie akademickie), dost\u0119pne tylko po osi\u0105gni\u0119ciu efekt\u00f3w uczenia si\u0119 dla danego kierunku zatwierdzonych decyzj\u0105 dziekana na podstawie przedstawionego certyfikatu z j\u0119zyka obcego na poziomie B2 lub wy\u017cszym, honorowanego przez SJO (<a href=\"https:\/\/pb.edu.pl\/sjo\/dla-studenta\/egzaminy\/egzamin-b2-na-koniec-lektoratu\/zwolnienia-z-egzaminu\/\">Lista honorowanych certyfikat\u00f3w oraz przelicznik punktowy dla danej oceny\/poziomu<\/a>);<\/li>\n<li>Lektoraty z drugiego j\u0119zyka obcego \u2013 nauka drugiego j\u0119zyka na dowolnym poziomie (A1-B1) z oferty SJO, dost\u0119pne tylko po osi\u0105gni\u0119ciu efekt\u00f3w uczenia si\u0119 dla danego kierunku zatwierdzonych decyzj\u0105 dziekana na podstawie przedstawionego certyfikatu z&nbsp;j\u0119zyka obcego na poziomie B2 lub wy\u017cszym, honorowanego przez SJO.<\/li>\n<\/ul>\n<ol start=\"4\">\n<li>Przydzia\u0142 student\u00f3w na pierwszym semestrze nauki j\u0119zyk\u00f3w obcych&nbsp; do grup B1+ (z poziomem docelowym B2), B2, lub C1 odbywa si\u0119 na podstawie deklaracji student\u00f3w lub testu kompetencyjnego oraz w oparciu o wyniki&nbsp;matur pisemnych.<\/li>\n<li>Zmiana poziomu lektoratu mo\u017cliwa jest do ko\u0144ca pierwszego miesi\u0105ca nauki j\u0119zyka obcego wy\u0142\u0105cznie w uzasadnionych przypadkach, na wniosek studenta lub prowadz\u0105cego zaj\u0119cia oraz za zgod\u0105 kierownika SJO.<\/li>\n<li>Studenci posiadaj\u0105cy certyfikat z j\u0119zyka obcego na poziomie B2 lub wy\u017cszym, honorowany przez SJO, mog\u0105 zosta\u0107 zwolnieni z obowi\u0105zku zdawania egzaminu przeprowadzanego na ostatnim semestrze lektoratu. Ocena z egzaminu wystawiona zostaje na podstawie przedstawionego certyfikatu.<\/li>\n<li>Studenci, o kt\u00f3rych mowa w ust. 6 mog\u0105, nie wcze\u015bniej ni\u017c od drugiego (pierwszego, w przypadku student\u00f3w realizuj\u0105cych drugi kierunek, dotyczy tylko lektorat\u00f3w tematycznych) semestru lektoratu, zapisa\u0107 si\u0119 na lektoraty tematyczne lub lektoraty z drugiego j\u0119zyka obcego. Lektoraty te staj\u0105 si\u0119 dla nich obowi\u0105zkowe i podlegaj\u0105 zaliczeniu semestralnemu.<\/li>\n<li>Zapisy na zaj\u0119cia z lektorat\u00f3w tematycznych lub lektorat\u00f3w z drugiego j\u0119zyka obcego odbywaj\u0105 si\u0119 w ramach oferty przedstawionej w danym semestrze przez SJO.<\/li>\n<li>Zaj\u0119cia z lektorat\u00f3w tematycznych lub lektorat\u00f3w z drugiego j\u0119zyka obcego mog\u0105 odbywa\u0107 si\u0119 poza wyznaczonym dla j\u0119zyk\u00f3w obcych na danym wydziale blokiem czasowym (w&nbsp;godzinach popo\u0142udniowych).<\/li>\n<li>W przypadku wyboru lektoratu z j\u0119zyka drugiego student zobowi\u0105zany jest do kontynuacji tego lektoratu przez wszystkie pozosta\u0142e semestry nauki j\u0119zyka obcego przewidziane planem studi\u00f3w.<\/li>\n<li>W przypadku wyboru lektoratu z j\u0119zyka drugiego zaj\u0119ciom na ostatnim semestrze lektoratu przypisuje si\u0119 liczb\u0119 punkt\u00f3w ECTS wynikaj\u0105c\u0105 z planu studi\u00f3w, a zaliczenie podlega ocenie. Student otrzymuje r\u00f3wnie\u017c ocen\u0119 z egzaminu z pierwszego j\u0119zyka obcego na podstawie przed\u0142o\u017conego wcze\u015bniej certyfikatu na poziomie B2 (patrz pkt. 3). Ocena z egzaminu stanowi ocen\u0119 dodatkow\u0105 i nie jest wliczana do \u015bredniej ocen.<\/li>\n<li>W przypadku wyboru lektoratu tematycznego student w ka\u017cdym semestrze mo\u017ce wybra\u0107 inny lektorat tematyczny lub profilowany, pod warunkiem, \u017ce jest prowadzony na tym samym (lub wy\u017cszym) poziomie bieg\u0142o\u015bci j\u0119zykowej.<\/li>\n<\/ol>\n<p><strong>&nbsp;<\/strong><\/p>\n<p style=\"text-align: center\"><strong>II Studia drugiego stopnia<\/strong><\/p>\n<ol>\n<li>Studenci odbywaj\u0105 lektorat na poziomie B2+ zawieraj\u0105cy elementy terminologii specjalistycznej zwi\u0105zanej ze studiowanym kierunkiem.<\/li>\n<li>Zaliczenie semestru odbywa si\u0119 na zasadach podanych w 3, z wy\u0142\u0105czeniem pkt. 4.<\/li>\n<li>Studenci, kt\u00f3rzy osi\u0105gn\u0119li efekty uczenia si\u0119 dla danego kierunku zatwierdzone decyzj\u0105 dziekana na podstawie przedstawionego certyfikatu z j\u0119zyka obcego na poziomie B2+ lub wy\u017cszym, honorowanego przez SJO oraz zaliczenia testu z terminologii specjalistycznej przed rozpocz\u0119ciem lektoratu, mog\u0105 ucz\u0119szcza\u0107 na lektorat tematyczny lub lektorat z&nbsp;drugiego j\u0119zyka obcego<em>.<\/em><\/li>\n<\/ol>\n<p>&nbsp;<\/p>\n<p>&nbsp;<\/p>\n<p style=\"text-align: center\"><strong>ZALICZENIE ZAJ\u0118\u0106 Z J\u0118ZYKA OBCEGO<\/strong><\/p>\n<ol>\n<li>Zaliczenie zaj\u0119\u0107 jest dokonywane na podstawie kontroli wynik\u00f3w uczenia si\u0119 w trakcie semestru przez prowadz\u0105cego lektorat.<\/li>\n<li>Zasady zaliczenia, zgodne z celami przedmiotu oraz efektami uczenia si\u0119 zapisanymi w&nbsp;karcie przedmiotu zamieszczonej razem z tymi zasadami w systemie USOS, ustalane s\u0105 przez prowadz\u0105cego i podane do wiadomo\u015bci student\u00f3w na pierwszych zaj\u0119ciach.<\/li>\n<li>\u0141\u0105cznie student mo\u017ce uzyska\u0107 maksymalnie 100 pkt. w semestrze. Ocena zale\u017cy od sumy zdobytych punkt\u00f3w wed\u0142ug poni\u017cszej skali:<\/li>\n<\/ol>\n<p>poni\u017cej 51 pkt. \u2013 ocena niedostateczna (2,0)<\/p>\n<p>&#8211; od 51 do 60 pkt. &#8211; ocena dostateczna (3,0),<\/p>\n<p>&#8211; od 61 do 70 pkt. &#8211; ocena dostateczna plus (3,5),<\/p>\n<p>&#8211; od 71 do 80 pkt. &#8211; ocena dobra (4,0),<\/p>\n<p>&#8211; od 81 do 90 pkt. &#8211; ocena dobra plus (4,5),<\/p>\n<p>&#8211; od 91 do 100 pkt. &#8211; ocena bardzo dobra (5,0).<\/p>\n<p>Ocena z zaliczenia zostaje wpisana do systemu USOS.<\/p>\n<ol start=\"4\">\n<li>Warunkiem zaliczenia lektoratu w danym semestrze i uzyskania przez studenta liczby punkt\u00f3w ECTS przypisanych przedmiotowi jest uzyskanie przynajmniej oceny dostatecznej (3,0). Ostatni semestr lektoratu zaliczany jest na podstawie egzaminu (z wyj\u0105tkiem lektorat\u00f3w tematycznych i z drugiego j\u0119zyka obcego). &nbsp;<\/li>\n<li>O&nbsp;dopuszczeniu do egzaminu decyduje prowadz\u0105cy zaj\u0119cia na zasadach okre\u015blonych ze&nbsp;studentami na pierwszych zaj\u0119ciach, zgodne z celami przedmiotu oraz efektami uczenia si\u0119 zapisanymi w karcie przedmiotu zamieszczonej razem z tymi zasadami w systemie USOS.<\/li>\n<li>Je\u017celi w trakcie zaliczania prowadz\u0105cy stwierdzi niesamodzielno\u015b\u0107 pracy studenta lub korzystanie przez niego z niedozwolonych materia\u0142\u00f3w \u2013 student otrzymuje ocen\u0119 niedostateczn\u0105 z tego zaliczenia.<\/li>\n<li>Dziekan mo\u017ce zarz\u0105dzi\u0107 na wniosek studenta przeprowadzenie zaliczenia w formie komisyjnej. Umotywowany wniosek, przedstawiaj\u0105cy szczeg\u00f3\u0142owe uzasadnienie, nale\u017cy z\u0142o\u017cy\u0107 najp\u00f3\u017aniej w terminie 3 dni od daty og\u0142oszenia wynik\u00f3w zaliczenia w systemie USOS.<\/li>\n<\/ol>\n<p>&nbsp;<\/p>\n<p style=\"text-align: center\"><strong>EGZAMIN B2 Z J\u0118ZYKA OBCEGO<\/strong><\/p>\n<ol>\n<li>Egzamin na poziomie B2 przeprowadzany jest z j\u0119zyk\u00f3w nauczanych w SJO.<\/li>\n<li>Egzamin przeprowadza si\u0119 raz w semestrze, w terminach wsp\u00f3lnych dla student\u00f3w ca\u0142ej Politechniki Bia\u0142ostockiej.<\/li>\n<li>Szczeg\u00f3\u0142owa forma oraz zakres wymaga\u0144 egzaminacyjnych wraz z przyk\u0142adowymi poleceniami s\u0105 na sta\u0142e podane do wiadomo\u015bci student\u00f3w na stronie internetowej SJO.<\/li>\n<li>Termin egzaminu podawany jest do wiadomo\u015bci student\u00f3w najp\u00f3\u017aniej na 6 tygodni przed terminem na stronie internetowej SJO.<\/li>\n<li>Przyst\u0105pienie do egzaminu jest obowi\u0105zkowe. Na danym kierunku egzamin zdawany jest po ostatnim semestrze nauki j\u0119zyka obcego.<\/li>\n<li>Na egzamin student ma obowi\u0105zek zg\u0142osi\u0107 si\u0119 z wa\u017cn\u0105 legitymacj\u0105 studenck\u0105. Zabrania si\u0119 korzystania w czasie egzaminu z urz\u0105dze\u0144 komunikacyjnych i multimedialnych.<\/li>\n<li>Je\u017celi w trakcie egzaminu przeprowadzaj\u0105cy egzamin stwierdzi niesamodzielno\u015b\u0107 pracy studenta lub korzystanie przez niego z niedozwolonych materia\u0142\u00f3w \u2013 student otrzymuje z&nbsp;egzaminu ocen\u0119 niedostateczn\u0105.<\/li>\n<li>Egzamin oceniany jest wed\u0142ug nast\u0119puj\u0105cej skali:<\/li>\n<\/ol>\n<ul>\n<li>poni\u017cej 51 %. \u2013 ocena niedostateczna (2,0)<\/li>\n<li>od 51 do 60 %. &#8211; ocena dostateczna (3,0),<\/li>\n<li>od 61 do 70 %. &#8211; ocena dostateczna plus (3,5),<\/li>\n<li>od 71 do 80 %. &#8211; ocena dobra (4,0),<\/li>\n<li>od 81 do 90 %. &#8211; ocena dobra plus (4,5),<\/li>\n<li>od 91 do 100 %. &#8211; ocena bardzo dobra (5,0).<\/li>\n<\/ul>\n<p>Ocena z egzaminu zostaje wpisana do systemu USOS.<\/p>\n<ol start=\"9\">\n<li>Student ma prawo wgl\u0105du do swojej pracy egzaminacyjnej w terminie wyznaczonym i&nbsp;podanym do wiadomo\u015bci student\u00f3w na stronie SJO przed terminem egzaminu.<\/li>\n<li>Student ma prawo do jednego egzaminu poprawkowego (w sesji poprawkowej) w&nbsp;przypadku uzyskania oceny niedostatecznej.<\/li>\n<li>Je\u017celi w trakcie egzaminu prowadz\u0105cy stwierdzi niesamodzielno\u015b\u0107 pracy studenta lub korzystanie przez niego z niedozwolonych materia\u0142\u00f3w \u2013 student otrzymuje ocen\u0119 niedostateczn\u0105 z egzaminu.<\/li>\n<li>Dziekan mo\u017ce zarz\u0105dzi\u0107 na wniosek studenta przeprowadzenie egzaminu w formie komisyjnej. Umotywowany wniosek, przedstawiaj\u0105cy szczeg\u00f3\u0142owe uzasadnienie, nale\u017cy z\u0142o\u017cy\u0107 najp\u00f3\u017aniej w terminie 3 dni od daty og\u0142oszenia wynik\u00f3w egzaminu w systemie USOS.<\/li>\n<li>W przypadku student\u00f3w, kt\u00f3rzy na podstawie posiadanego certyfikatu z j\u0119zyka obcego nie przyst\u0119puj\u0105 do egzaminu (patrz 2 ust. 6), ocena z egzaminu jest wystawiona podstawie wyniku uzyskanego na certyfikacie.<\/li>\n<\/ol>\n","protected":false},"excerpt":{"rendered":"<p>ORGANIZACJA ZAJ\u0118\u0106 Z J\u0118ZYK\u00d3W OBCYCH &nbsp; I Studia pierwszego stopnia SJO prowadzi lektoraty na poziomach<\/p>\n","protected":false},"author":6,"featured_media":0,"parent":100,"menu_order":0,"comment_status":"closed","ping_status":"closed","template":"","meta":{"_acf_changed":false,"ngg_post_thumbnail":0,"footnotes":""},"class_list":["post-22220","page","type-page","status-publish","hentry"],"acf":[],"yoast_head":"<!-- This site is optimized with the Yoast SEO plugin v27.0 - https:\/\/yoast.com\/product\/yoast-seo-wordpress\/ -->\n<title>Zasady odbywania i zaliczania zaj\u0119\u0107 dydaktycznych z j\u0119zyk\u00f3w obcych w SJO PB - Studium J\u0119zyk\u00f3w Obcych<\/title>\n<meta name=\"description\" content=\"ORGANIZACJA ZAJ\u0118\u0106 Z J\u0118ZYK\u00d3W OBCYCH &nbsp; I Studia pierwszego stopnia SJO prowadzi lektoraty na poziomach A1-C1 wed\u0142ug Europejskiego Systemu Opisu\" \/>\n<meta name=\"robots\" content=\"index, follow, max-snippet:-1, max-image-preview:large, max-video-preview:-1\" \/>\n<link rel=\"canonical\" href=\"https:\/\/pb.edu.pl\/sjo\/dla-studenta\/zasady-dotyczace-lektoratow\/zasady-odbywania-i-zaliczania-zajec-dydaktycznych-z-jezykow-obcych-w-sjo-pb\/\" \/>\n<meta property=\"og:locale\" content=\"pl_PL\" \/>\n<meta property=\"og:type\" content=\"article\" \/>\n<meta property=\"og:title\" content=\"Zasady odbywania i zaliczania zaj\u0119\u0107 dydaktycznych z j\u0119zyk\u00f3w obcych w SJO PB - Studium J\u0119zyk\u00f3w Obcych\" \/>\n<meta property=\"og:description\" content=\"ORGANIZACJA ZAJ\u0118\u0106 Z J\u0118ZYK\u00d3W OBCYCH &nbsp; I Studia pierwszego stopnia SJO prowadzi lektoraty na poziomach A1-C1 wed\u0142ug Europejskiego Systemu Opisu\" \/>\n<meta property=\"og:url\" content=\"https:\/\/pb.edu.pl\/sjo\/dla-studenta\/zasady-dotyczace-lektoratow\/zasady-odbywania-i-zaliczania-zajec-dydaktycznych-z-jezykow-obcych-w-sjo-pb\/\" \/>\n<meta property=\"og:site_name\" content=\"Studium J\u0119zyk\u00f3w Obcych\" \/>\n<meta property=\"article:modified_time\" content=\"2023-10-04T11:09:18+00:00\" \/>\n<meta name=\"twitter:label1\" content=\"Szacowany czas czytania\" \/>\n\t<meta name=\"twitter:data1\" content=\"7 minut\" \/>\n<script type=\"application\/ld+json\" class=\"yoast-schema-graph\">{\"@context\":\"https:\/\/schema.org\",\"@graph\":[{\"@type\":\"WebPage\",\"@id\":\"https:\/\/pb.edu.pl\/sjo\/dla-studenta\/zasady-dotyczace-lektoratow\/zasady-odbywania-i-zaliczania-zajec-dydaktycznych-z-jezykow-obcych-w-sjo-pb\/\",\"url\":\"https:\/\/pb.edu.pl\/sjo\/dla-studenta\/zasady-dotyczace-lektoratow\/zasady-odbywania-i-zaliczania-zajec-dydaktycznych-z-jezykow-obcych-w-sjo-pb\/\",\"name\":\"Zasady odbywania i zaliczania zaj\u0119\u0107 dydaktycznych z j\u0119zyk\u00f3w obcych w SJO PB - Studium J\u0119zyk\u00f3w Obcych\",\"isPartOf\":{\"@id\":\"https:\/\/pb.edu.pl\/sjo\/#website\"},\"datePublished\":\"2023-10-04T11:08:20+00:00\",\"dateModified\":\"2023-10-04T11:09:18+00:00\",\"description\":\"ORGANIZACJA ZAJ\u0118\u0106 Z J\u0118ZYK\u00d3W OBCYCH &nbsp; I Studia pierwszego stopnia SJO prowadzi lektoraty na poziomach A1-C1 wed\u0142ug Europejskiego Systemu Opisu\",\"breadcrumb\":{\"@id\":\"https:\/\/pb.edu.pl\/sjo\/dla-studenta\/zasady-dotyczace-lektoratow\/zasady-odbywania-i-zaliczania-zajec-dydaktycznych-z-jezykow-obcych-w-sjo-pb\/#breadcrumb\"},\"inLanguage\":\"pl-PL\",\"potentialAction\":[{\"@type\":\"ReadAction\",\"target\":[\"https:\/\/pb.edu.pl\/sjo\/dla-studenta\/zasady-dotyczace-lektoratow\/zasady-odbywania-i-zaliczania-zajec-dydaktycznych-z-jezykow-obcych-w-sjo-pb\/\"]}]},{\"@type\":\"BreadcrumbList\",\"@id\":\"https:\/\/pb.edu.pl\/sjo\/dla-studenta\/zasady-dotyczace-lektoratow\/zasady-odbywania-i-zaliczania-zajec-dydaktycznych-z-jezykow-obcych-w-sjo-pb\/#breadcrumb\",\"itemListElement\":[{\"@type\":\"ListItem\",\"position\":1,\"name\":\"Home\",\"item\":\"https:\/\/pb.edu.pl\/sjo\/\"},{\"@type\":\"ListItem\",\"position\":2,\"name\":\"Studiuj\u0119 w PB\",\"item\":\"https:\/\/pb.edu.pl\/sjo\/dla-studenta\/\"},{\"@type\":\"ListItem\",\"position\":3,\"name\":\"Zasady dotycz\u0105ce lektorat\u00f3w\",\"item\":\"https:\/\/pb.edu.pl\/sjo\/dla-studenta\/zasady-dotyczace-lektoratow\/\"},{\"@type\":\"ListItem\",\"position\":4,\"name\":\"Zasady odbywania i zaliczania zaj\u0119\u0107 dydaktycznych z j\u0119zyk\u00f3w obcych w SJO PB\"}]},{\"@type\":\"WebSite\",\"@id\":\"https:\/\/pb.edu.pl\/sjo\/#website\",\"url\":\"https:\/\/pb.edu.pl\/sjo\/\",\"name\":\"Studium J\u0119zyk\u00f3w Obcych\",\"description\":\"\",\"potentialAction\":[{\"@type\":\"SearchAction\",\"target\":{\"@type\":\"EntryPoint\",\"urlTemplate\":\"https:\/\/pb.edu.pl\/sjo\/?s={search_term_string}\"},\"query-input\":{\"@type\":\"PropertyValueSpecification\",\"valueRequired\":true,\"valueName\":\"search_term_string\"}}],\"inLanguage\":\"pl-PL\"}]}<\/script>\n<!-- \/ Yoast SEO plugin. -->","yoast_head_json":{"title":"Zasady odbywania i zaliczania zaj\u0119\u0107 dydaktycznych z j\u0119zyk\u00f3w obcych w SJO PB - Studium J\u0119zyk\u00f3w Obcych","description":"ORGANIZACJA ZAJ\u0118\u0106 Z J\u0118ZYK\u00d3W OBCYCH &nbsp; I Studia pierwszego stopnia SJO prowadzi lektoraty na poziomach A1-C1 wed\u0142ug Europejskiego Systemu Opisu","robots":{"index":"index","follow":"follow","max-snippet":"max-snippet:-1","max-image-preview":"max-image-preview:large","max-video-preview":"max-video-preview:-1"},"canonical":"https:\/\/pb.edu.pl\/sjo\/dla-studenta\/zasady-dotyczace-lektoratow\/zasady-odbywania-i-zaliczania-zajec-dydaktycznych-z-jezykow-obcych-w-sjo-pb\/","og_locale":"pl_PL","og_type":"article","og_title":"Zasady odbywania i zaliczania zaj\u0119\u0107 dydaktycznych z j\u0119zyk\u00f3w obcych w SJO PB - Studium J\u0119zyk\u00f3w Obcych","og_description":"ORGANIZACJA ZAJ\u0118\u0106 Z J\u0118ZYK\u00d3W OBCYCH &nbsp; I Studia pierwszego stopnia SJO prowadzi lektoraty na poziomach A1-C1 wed\u0142ug Europejskiego Systemu Opisu","og_url":"https:\/\/pb.edu.pl\/sjo\/dla-studenta\/zasady-dotyczace-lektoratow\/zasady-odbywania-i-zaliczania-zajec-dydaktycznych-z-jezykow-obcych-w-sjo-pb\/","og_site_name":"Studium J\u0119zyk\u00f3w Obcych","article_modified_time":"2023-10-04T11:09:18+00:00","twitter_misc":{"Szacowany czas czytania":"7 minut"},"schema":{"@context":"https:\/\/schema.org","@graph":[{"@type":"WebPage","@id":"https:\/\/pb.edu.pl\/sjo\/dla-studenta\/zasady-dotyczace-lektoratow\/zasady-odbywania-i-zaliczania-zajec-dydaktycznych-z-jezykow-obcych-w-sjo-pb\/","url":"https:\/\/pb.edu.pl\/sjo\/dla-studenta\/zasady-dotyczace-lektoratow\/zasady-odbywania-i-zaliczania-zajec-dydaktycznych-z-jezykow-obcych-w-sjo-pb\/","name":"Zasady odbywania i zaliczania zaj\u0119\u0107 dydaktycznych z j\u0119zyk\u00f3w obcych w SJO PB - Studium J\u0119zyk\u00f3w Obcych","isPartOf":{"@id":"https:\/\/pb.edu.pl\/sjo\/#website"},"datePublished":"2023-10-04T11:08:20+00:00","dateModified":"2023-10-04T11:09:18+00:00","description":"ORGANIZACJA ZAJ\u0118\u0106 Z J\u0118ZYK\u00d3W OBCYCH &nbsp; I Studia pierwszego stopnia SJO prowadzi lektoraty na poziomach A1-C1 wed\u0142ug Europejskiego Systemu Opisu","breadcrumb":{"@id":"https:\/\/pb.edu.pl\/sjo\/dla-studenta\/zasady-dotyczace-lektoratow\/zasady-odbywania-i-zaliczania-zajec-dydaktycznych-z-jezykow-obcych-w-sjo-pb\/#breadcrumb"},"inLanguage":"pl-PL","potentialAction":[{"@type":"ReadAction","target":["https:\/\/pb.edu.pl\/sjo\/dla-studenta\/zasady-dotyczace-lektoratow\/zasady-odbywania-i-zaliczania-zajec-dydaktycznych-z-jezykow-obcych-w-sjo-pb\/"]}]},{"@type":"BreadcrumbList","@id":"https:\/\/pb.edu.pl\/sjo\/dla-studenta\/zasady-dotyczace-lektoratow\/zasady-odbywania-i-zaliczania-zajec-dydaktycznych-z-jezykow-obcych-w-sjo-pb\/#breadcrumb","itemListElement":[{"@type":"ListItem","position":1,"name":"Home","item":"https:\/\/pb.edu.pl\/sjo\/"},{"@type":"ListItem","position":2,"name":"Studiuj\u0119 w PB","item":"https:\/\/pb.edu.pl\/sjo\/dla-studenta\/"},{"@type":"ListItem","position":3,"name":"Zasady dotycz\u0105ce lektorat\u00f3w","item":"https:\/\/pb.edu.pl\/sjo\/dla-studenta\/zasady-dotyczace-lektoratow\/"},{"@type":"ListItem","position":4,"name":"Zasady odbywania i zaliczania zaj\u0119\u0107 dydaktycznych z j\u0119zyk\u00f3w obcych w SJO PB"}]},{"@type":"WebSite","@id":"https:\/\/pb.edu.pl\/sjo\/#website","url":"https:\/\/pb.edu.pl\/sjo\/","name":"Studium J\u0119zyk\u00f3w Obcych","description":"","potentialAction":[{"@type":"SearchAction","target":{"@type":"EntryPoint","urlTemplate":"https:\/\/pb.edu.pl\/sjo\/?s={search_term_string}"},"query-input":{"@type":"PropertyValueSpecification","valueRequired":true,"valueName":"search_term_string"}}],"inLanguage":"pl-PL"}]}},"_links":{"self":[{"href":"https:\/\/pb.edu.pl\/sjo\/wp-json\/wp\/v2\/pages\/22220","targetHints":{"allow":["GET"]}}],"collection":[{"href":"https:\/\/pb.edu.pl\/sjo\/wp-json\/wp\/v2\/pages"}],"about":[{"href":"https:\/\/pb.edu.pl\/sjo\/wp-json\/wp\/v2\/types\/page"}],"author":[{"embeddable":true,"href":"https:\/\/pb.edu.pl\/sjo\/wp-json\/wp\/v2\/users\/6"}],"replies":[{"embeddable":true,"href":"https:\/\/pb.edu.pl\/sjo\/wp-json\/wp\/v2\/comments?post=22220"}],"version-history":[{"count":0,"href":"https:\/\/pb.edu.pl\/sjo\/wp-json\/wp\/v2\/pages\/22220\/revisions"}],"up":[{"embeddable":true,"href":"https:\/\/pb.edu.pl\/sjo\/wp-json\/wp\/v2\/pages\/100"}],"wp:attachment":[{"href":"https:\/\/pb.edu.pl\/sjo\/wp-json\/wp\/v2\/media?parent=22220"}],"curies":[{"name":"wp","href":"https:\/\/api.w.org\/{rel}","templated":true}]}}