{"id":22204,"date":"2023-10-04T12:51:16","date_gmt":"2023-10-04T10:51:16","guid":{"rendered":"https:\/\/pb.edu.pl\/sjo\/?page_id=22204"},"modified":"2025-10-03T12:05:30","modified_gmt":"2025-10-03T10:05:30","slug":"zasady-odbywania-i-zaliczania-zajec-dydaktycznych-z-jezykow-obcych-w-sjo-pb-dotyczace-studentow-od-roku-akademickiego-2023-2024","status":"publish","type":"page","link":"https:\/\/pb.edu.pl\/sjo\/dla-studenta\/zasady-dotyczace-lektoratow\/zasady-odbywania-i-zaliczania-zajec-dydaktycznych-z-jezykow-obcych-w-sjo-pb-dotyczace-studentow-od-roku-akademickiego-2023-2024\/","title":{"rendered":"Zasady odbywania i zaliczania zaj\u0119\u0107 dydaktycznych z j\u0119zyk\u00f3w obcych w SJO PB dotycz\u0105ce student\u00f3w od roku akademickiego 2023\/2024"},"content":{"rendered":"<p><a href=\"https:\/\/bip.pb.edu.pl\/?event=informacja&amp;id=22263\">Zasady odbywania i zaliczania zaj\u0119\u0107 dydaktycznych z j\u0119zyk\u00f3w obcych w Studium J\u0119zyk\u00f3w Obcych Politechniki Bia\u0142ostockiej\u201d dla student\u00f3w na studiach pierwszego i drugiego stopnia prowadzonych w Politechnice Bia\u0142ostockiej, kt\u00f3rzy rozpocz\u0119li studia od roku akademickiego 2023\/2024<\/a><br \/>\n&nbsp;<\/p>\n<h2>Lista honorowanych certyfikat\u00f3w znajduje si\u0119 <a href=\"https:\/\/pb.edu.pl\/sjo\/dla-studenta\/lista-honorowanych-certyfikatow\/\">tutaj<\/a>.<\/h2>\n","protected":false},"excerpt":{"rendered":"<p>Zasady odbywania i zaliczania zaj\u0119\u0107 dydaktycznych z j\u0119zyk\u00f3w obcych w Studium J\u0119zyk\u00f3w Obcych Politechniki Bia\u0142ostockiej\u201d<\/p>\n","protected":false},"author":6,"featured_media":0,"parent":100,"menu_order":0,"comment_status":"closed","ping_status":"closed","template":"","meta":{"_acf_changed":false,"ngg_post_thumbnail":0,"footnotes":""},"class_list":["post-22204","page","type-page","status-publish","hentry"],"acf":[],"yoast_head":"<!-- This site is optimized with the Yoast SEO plugin v27.0 - https:\/\/yoast.com\/product\/yoast-seo-wordpress\/ -->\n<title>Zasady odbywania i zaliczania zaj\u0119\u0107 dydaktycznych z j\u0119zyk\u00f3w obcych w SJO PB dotycz\u0105ce student\u00f3w od roku akademickiego 2023\/2024 - Studium J\u0119zyk\u00f3w Obcych<\/title>\n<meta name=\"description\" content=\"Zasady odbywania i zaliczania zaj\u0119\u0107 dydaktycznych z j\u0119zyk\u00f3w obcych w Studium J\u0119zyk\u00f3w Obcych Politechniki Bia\u0142ostockiej\u201d dla student\u00f3w na studiach\" \/>\n<meta name=\"robots\" content=\"index, follow, max-snippet:-1, max-image-preview:large, max-video-preview:-1\" \/>\n<link rel=\"canonical\" href=\"https:\/\/pb.edu.pl\/sjo\/dla-studenta\/zasady-dotyczace-lektoratow\/zasady-odbywania-i-zaliczania-zajec-dydaktycznych-z-jezykow-obcych-w-sjo-pb-dotyczace-studentow-od-roku-akademickiego-2023-2024\/\" \/>\n<meta property=\"og:locale\" content=\"pl_PL\" \/>\n<meta property=\"og:type\" content=\"article\" \/>\n<meta property=\"og:title\" content=\"Zasady odbywania i zaliczania zaj\u0119\u0107 dydaktycznych z j\u0119zyk\u00f3w obcych w SJO PB dotycz\u0105ce student\u00f3w od roku akademickiego 2023\/2024 - Studium J\u0119zyk\u00f3w Obcych\" \/>\n<meta property=\"og:description\" content=\"Zasady odbywania i zaliczania zaj\u0119\u0107 dydaktycznych z j\u0119zyk\u00f3w obcych w Studium J\u0119zyk\u00f3w Obcych Politechniki Bia\u0142ostockiej\u201d dla student\u00f3w na studiach\" \/>\n<meta property=\"og:url\" content=\"https:\/\/pb.edu.pl\/sjo\/dla-studenta\/zasady-dotyczace-lektoratow\/zasady-odbywania-i-zaliczania-zajec-dydaktycznych-z-jezykow-obcych-w-sjo-pb-dotyczace-studentow-od-roku-akademickiego-2023-2024\/\" \/>\n<meta property=\"og:site_name\" content=\"Studium J\u0119zyk\u00f3w Obcych\" \/>\n<meta property=\"article:modified_time\" content=\"2025-10-03T10:05:30+00:00\" \/>\n<meta name=\"twitter:label1\" content=\"Szacowany czas czytania\" \/>\n\t<meta name=\"twitter:data1\" content=\"1 minuta\" \/>\n<script type=\"application\/ld+json\" class=\"yoast-schema-graph\">{\"@context\":\"https:\/\/schema.org\",\"@graph\":[{\"@type\":\"WebPage\",\"@id\":\"https:\/\/pb.edu.pl\/sjo\/dla-studenta\/zasady-dotyczace-lektoratow\/zasady-odbywania-i-zaliczania-zajec-dydaktycznych-z-jezykow-obcych-w-sjo-pb-dotyczace-studentow-od-roku-akademickiego-2023-2024\/\",\"url\":\"https:\/\/pb.edu.pl\/sjo\/dla-studenta\/zasady-dotyczace-lektoratow\/zasady-odbywania-i-zaliczania-zajec-dydaktycznych-z-jezykow-obcych-w-sjo-pb-dotyczace-studentow-od-roku-akademickiego-2023-2024\/\",\"name\":\"Zasady odbywania i zaliczania zaj\u0119\u0107 dydaktycznych z j\u0119zyk\u00f3w obcych w SJO PB dotycz\u0105ce student\u00f3w od roku akademickiego 2023\/2024 - Studium J\u0119zyk\u00f3w Obcych\",\"isPartOf\":{\"@id\":\"https:\/\/pb.edu.pl\/sjo\/#website\"},\"datePublished\":\"2023-10-04T10:51:16+00:00\",\"dateModified\":\"2025-10-03T10:05:30+00:00\",\"description\":\"Zasady odbywania i zaliczania zaj\u0119\u0107 dydaktycznych z j\u0119zyk\u00f3w obcych w Studium J\u0119zyk\u00f3w Obcych Politechniki Bia\u0142ostockiej\u201d dla student\u00f3w na studiach\",\"breadcrumb\":{\"@id\":\"https:\/\/pb.edu.pl\/sjo\/dla-studenta\/zasady-dotyczace-lektoratow\/zasady-odbywania-i-zaliczania-zajec-dydaktycznych-z-jezykow-obcych-w-sjo-pb-dotyczace-studentow-od-roku-akademickiego-2023-2024\/#breadcrumb\"},\"inLanguage\":\"pl-PL\",\"potentialAction\":[{\"@type\":\"ReadAction\",\"target\":[\"https:\/\/pb.edu.pl\/sjo\/dla-studenta\/zasady-dotyczace-lektoratow\/zasady-odbywania-i-zaliczania-zajec-dydaktycznych-z-jezykow-obcych-w-sjo-pb-dotyczace-studentow-od-roku-akademickiego-2023-2024\/\"]}]},{\"@type\":\"BreadcrumbList\",\"@id\":\"https:\/\/pb.edu.pl\/sjo\/dla-studenta\/zasady-dotyczace-lektoratow\/zasady-odbywania-i-zaliczania-zajec-dydaktycznych-z-jezykow-obcych-w-sjo-pb-dotyczace-studentow-od-roku-akademickiego-2023-2024\/#breadcrumb\",\"itemListElement\":[{\"@type\":\"ListItem\",\"position\":1,\"name\":\"Home\",\"item\":\"https:\/\/pb.edu.pl\/sjo\/\"},{\"@type\":\"ListItem\",\"position\":2,\"name\":\"Studiuj\u0119 w PB\",\"item\":\"https:\/\/pb.edu.pl\/sjo\/dla-studenta\/\"},{\"@type\":\"ListItem\",\"position\":3,\"name\":\"Zasady dotycz\u0105ce lektorat\u00f3w\",\"item\":\"https:\/\/pb.edu.pl\/sjo\/dla-studenta\/zasady-dotyczace-lektoratow\/\"},{\"@type\":\"ListItem\",\"position\":4,\"name\":\"Zasady odbywania i zaliczania zaj\u0119\u0107 dydaktycznych z j\u0119zyk\u00f3w obcych w SJO PB dotycz\u0105ce student\u00f3w od roku akademickiego 2023\/2024\"}]},{\"@type\":\"WebSite\",\"@id\":\"https:\/\/pb.edu.pl\/sjo\/#website\",\"url\":\"https:\/\/pb.edu.pl\/sjo\/\",\"name\":\"Studium J\u0119zyk\u00f3w Obcych\",\"description\":\"\",\"potentialAction\":[{\"@type\":\"SearchAction\",\"target\":{\"@type\":\"EntryPoint\",\"urlTemplate\":\"https:\/\/pb.edu.pl\/sjo\/?s={search_term_string}\"},\"query-input\":{\"@type\":\"PropertyValueSpecification\",\"valueRequired\":true,\"valueName\":\"search_term_string\"}}],\"inLanguage\":\"pl-PL\"}]}<\/script>\n<!-- \/ Yoast SEO plugin. -->","yoast_head_json":{"title":"Zasady odbywania i zaliczania zaj\u0119\u0107 dydaktycznych z j\u0119zyk\u00f3w obcych w SJO PB dotycz\u0105ce student\u00f3w od roku akademickiego 2023\/2024 - Studium J\u0119zyk\u00f3w Obcych","description":"Zasady odbywania i zaliczania zaj\u0119\u0107 dydaktycznych z j\u0119zyk\u00f3w obcych w Studium J\u0119zyk\u00f3w Obcych Politechniki Bia\u0142ostockiej\u201d dla student\u00f3w na studiach","robots":{"index":"index","follow":"follow","max-snippet":"max-snippet:-1","max-image-preview":"max-image-preview:large","max-video-preview":"max-video-preview:-1"},"canonical":"https:\/\/pb.edu.pl\/sjo\/dla-studenta\/zasady-dotyczace-lektoratow\/zasady-odbywania-i-zaliczania-zajec-dydaktycznych-z-jezykow-obcych-w-sjo-pb-dotyczace-studentow-od-roku-akademickiego-2023-2024\/","og_locale":"pl_PL","og_type":"article","og_title":"Zasady odbywania i zaliczania zaj\u0119\u0107 dydaktycznych z j\u0119zyk\u00f3w obcych w SJO PB dotycz\u0105ce student\u00f3w od roku akademickiego 2023\/2024 - Studium J\u0119zyk\u00f3w Obcych","og_description":"Zasady odbywania i zaliczania zaj\u0119\u0107 dydaktycznych z j\u0119zyk\u00f3w obcych w Studium J\u0119zyk\u00f3w Obcych Politechniki Bia\u0142ostockiej\u201d dla student\u00f3w na studiach","og_url":"https:\/\/pb.edu.pl\/sjo\/dla-studenta\/zasady-dotyczace-lektoratow\/zasady-odbywania-i-zaliczania-zajec-dydaktycznych-z-jezykow-obcych-w-sjo-pb-dotyczace-studentow-od-roku-akademickiego-2023-2024\/","og_site_name":"Studium J\u0119zyk\u00f3w Obcych","article_modified_time":"2025-10-03T10:05:30+00:00","twitter_misc":{"Szacowany czas czytania":"1 minuta"},"schema":{"@context":"https:\/\/schema.org","@graph":[{"@type":"WebPage","@id":"https:\/\/pb.edu.pl\/sjo\/dla-studenta\/zasady-dotyczace-lektoratow\/zasady-odbywania-i-zaliczania-zajec-dydaktycznych-z-jezykow-obcych-w-sjo-pb-dotyczace-studentow-od-roku-akademickiego-2023-2024\/","url":"https:\/\/pb.edu.pl\/sjo\/dla-studenta\/zasady-dotyczace-lektoratow\/zasady-odbywania-i-zaliczania-zajec-dydaktycznych-z-jezykow-obcych-w-sjo-pb-dotyczace-studentow-od-roku-akademickiego-2023-2024\/","name":"Zasady odbywania i zaliczania zaj\u0119\u0107 dydaktycznych z j\u0119zyk\u00f3w obcych w SJO PB dotycz\u0105ce student\u00f3w od roku akademickiego 2023\/2024 - Studium J\u0119zyk\u00f3w Obcych","isPartOf":{"@id":"https:\/\/pb.edu.pl\/sjo\/#website"},"datePublished":"2023-10-04T10:51:16+00:00","dateModified":"2025-10-03T10:05:30+00:00","description":"Zasady odbywania i zaliczania zaj\u0119\u0107 dydaktycznych z j\u0119zyk\u00f3w obcych w Studium J\u0119zyk\u00f3w Obcych Politechniki Bia\u0142ostockiej\u201d dla student\u00f3w na studiach","breadcrumb":{"@id":"https:\/\/pb.edu.pl\/sjo\/dla-studenta\/zasady-dotyczace-lektoratow\/zasady-odbywania-i-zaliczania-zajec-dydaktycznych-z-jezykow-obcych-w-sjo-pb-dotyczace-studentow-od-roku-akademickiego-2023-2024\/#breadcrumb"},"inLanguage":"pl-PL","potentialAction":[{"@type":"ReadAction","target":["https:\/\/pb.edu.pl\/sjo\/dla-studenta\/zasady-dotyczace-lektoratow\/zasady-odbywania-i-zaliczania-zajec-dydaktycznych-z-jezykow-obcych-w-sjo-pb-dotyczace-studentow-od-roku-akademickiego-2023-2024\/"]}]},{"@type":"BreadcrumbList","@id":"https:\/\/pb.edu.pl\/sjo\/dla-studenta\/zasady-dotyczace-lektoratow\/zasady-odbywania-i-zaliczania-zajec-dydaktycznych-z-jezykow-obcych-w-sjo-pb-dotyczace-studentow-od-roku-akademickiego-2023-2024\/#breadcrumb","itemListElement":[{"@type":"ListItem","position":1,"name":"Home","item":"https:\/\/pb.edu.pl\/sjo\/"},{"@type":"ListItem","position":2,"name":"Studiuj\u0119 w PB","item":"https:\/\/pb.edu.pl\/sjo\/dla-studenta\/"},{"@type":"ListItem","position":3,"name":"Zasady dotycz\u0105ce lektorat\u00f3w","item":"https:\/\/pb.edu.pl\/sjo\/dla-studenta\/zasady-dotyczace-lektoratow\/"},{"@type":"ListItem","position":4,"name":"Zasady odbywania i zaliczania zaj\u0119\u0107 dydaktycznych z j\u0119zyk\u00f3w obcych w SJO PB dotycz\u0105ce student\u00f3w od roku akademickiego 2023\/2024"}]},{"@type":"WebSite","@id":"https:\/\/pb.edu.pl\/sjo\/#website","url":"https:\/\/pb.edu.pl\/sjo\/","name":"Studium J\u0119zyk\u00f3w Obcych","description":"","potentialAction":[{"@type":"SearchAction","target":{"@type":"EntryPoint","urlTemplate":"https:\/\/pb.edu.pl\/sjo\/?s={search_term_string}"},"query-input":{"@type":"PropertyValueSpecification","valueRequired":true,"valueName":"search_term_string"}}],"inLanguage":"pl-PL"}]}},"_links":{"self":[{"href":"https:\/\/pb.edu.pl\/sjo\/wp-json\/wp\/v2\/pages\/22204","targetHints":{"allow":["GET"]}}],"collection":[{"href":"https:\/\/pb.edu.pl\/sjo\/wp-json\/wp\/v2\/pages"}],"about":[{"href":"https:\/\/pb.edu.pl\/sjo\/wp-json\/wp\/v2\/types\/page"}],"author":[{"embeddable":true,"href":"https:\/\/pb.edu.pl\/sjo\/wp-json\/wp\/v2\/users\/6"}],"replies":[{"embeddable":true,"href":"https:\/\/pb.edu.pl\/sjo\/wp-json\/wp\/v2\/comments?post=22204"}],"version-history":[{"count":0,"href":"https:\/\/pb.edu.pl\/sjo\/wp-json\/wp\/v2\/pages\/22204\/revisions"}],"up":[{"embeddable":true,"href":"https:\/\/pb.edu.pl\/sjo\/wp-json\/wp\/v2\/pages\/100"}],"wp:attachment":[{"href":"https:\/\/pb.edu.pl\/sjo\/wp-json\/wp\/v2\/media?parent=22204"}],"curies":[{"name":"wp","href":"https:\/\/api.w.org\/{rel}","templated":true}]}}