{"id":22155,"date":"2023-10-03T09:55:46","date_gmt":"2023-10-03T07:55:46","guid":{"rendered":"https:\/\/pb.edu.pl\/sjo\/?page_id=22155"},"modified":"2025-05-27T10:42:31","modified_gmt":"2025-05-27T08:42:31","slug":"gramy-po-polsku","status":"publish","type":"page","link":"https:\/\/pb.edu.pl\/sjo\/polish-lab\/wydarzenia-kulturalne\/imprezy-kulturalne\/gramy-po-polsku\/","title":{"rendered":"Gramy po polsku"},"content":{"rendered":"<p>Centrum J\u0119zyka i Kultury Polskiej POLISH LAB dzia\u0142aj\u0105ce w strukturach Studium J\u0119zyk\u00f3w Obcych Politechniki Bia\u0142ostockiej po raz kolejny zorganizowa\u0142o wydarzenie promuj\u0105ce nauk\u0119 polskiego, tym razem pod has\u0142em \u201eGramy po polsku\u201d. Impreza odby\u0142a si\u0119 28.09.2023r. w Centrum Nowoczesnego Kszta\u0142cenia, a jej uczestnikami by\u0142y zar\u00f3wno osoby, kt\u00f3re postawi\u0142y ju\u017c pierwsze kroki ucz\u0105c si\u0119 naszego j\u0119zyka, jak i te, dla kt\u00f3rych j\u0119zyk polski jest nadal zupe\u0142nie obcy.<\/p>\n<p>Organizatorki wydarzenia, w sk\u0142adzie mgr Alina Jab\u0142o\u0144ska Domurat, mgr Ma\u0142gorzata Komarewska, mgr Justyna Paszko, mgr Dorota Szuper-Jakubiuk oraz mgr Sylwia Dobkowska, postawi\u0142y tym razem na r\u00f3\u017cnorodne gry j\u0119zykowe, pocz\u0105wszy od tych prostych wymagaj\u0105cych znajomo\u015bci pojedynczych s\u0142\u00f3w, po te rozbudowane, pozwalaj\u0105ce na tworzenie d\u0142u\u017cszych wypowiedzi i \u0107wiczenie komunikacji. Uczestnicy wykonuj\u0105c zadania&nbsp; mieli okazj\u0119 wyj\u015b\u0107 poza tradycyjn\u0105 form\u0119 uczenia si\u0119. Mogli si\u0119 te\u017c przekona\u0107, \u017ce nauka przez zabaw\u0119 mo\u017ce mie\u0107 ogromn\u0105 moc. W trakcie gier organizatorki zwraca\u0142y uwag\u0119 na zawi\u0142o\u015bci j\u0119zykowe, wyja\u015bnia\u0142y w\u0105tpliwo\u015bci, wspiera\u0142y w u\u017cyciu poprawnej wymowy i tworzeniu wypowiedzi, a to wszystko w radosnej atmosferze sprzyjaj\u0105cej nauce j\u0119zyka polskiego. Jak zwykle nie brakowa\u0142o rozm\u00f3w przy kawie, herbacie i pysznym cie\u015bcie. Uczestnicy ch\u0119tnie dzielili si\u0119 swoimi do\u015bwiadczeniami z pobytu w Polsce, nauk\u0105 j\u0119zyka oraz zauwa\u017canymi trudno\u015bciami, a niekt\u00f3rzy zdecydowali si\u0119 nawet zapisa\u0107 na kursy j\u0119zykowe organizowane przez Centrum J\u0119zyka i Kultury Polskiej POLISH LAB.<\/p>\n<p>Nie mo\u017cemy si\u0119 ju\u017c doczeka\u0107 spotkania na naszych zaj\u0119ciach! Z pewno\u015bci\u0105 tam te\u017c nie zabraknie dobrej zabawy i gier j\u0119zykowych utrwalaj\u0105cych poznane zwroty i struktury. I kto wie, mo\u017ce j\u0119zyk polski ju\u017c nie b\u0119dzie taki obcy&#8230;<\/p>\n<div id='gallery-1' class='gallery galleryid-22155 gallery-columns-5 gallery-size-medium'><figure class='gallery-item'>\n\t\t\t<div class='gallery-icon landscape'>\n\t\t\t\t<a href='https:\/\/pb.edu.pl\/sjo\/polish-lab\/wydarzenia-kulturalne\/imprezy-kulturalne\/gramy-po-polsku\/20230928_192212\/'><img loading=\"lazy\" decoding=\"async\" width=\"300\" height=\"169\" src=\"https:\/\/pb.edu.pl\/sjo\/wp-content\/uploads\/sites\/9\/2023\/10\/20230928_192212-300x169.jpg\" class=\"attachment-medium size-medium\" alt=\"\" srcset=\"https:\/\/pb.edu.pl\/sjo\/wp-content\/uploads\/sites\/9\/2023\/10\/20230928_192212-300x169.jpg 300w, https:\/\/pb.edu.pl\/sjo\/wp-content\/uploads\/sites\/9\/2023\/10\/20230928_192212-1024x576.jpg 1024w, https:\/\/pb.edu.pl\/sjo\/wp-content\/uploads\/sites\/9\/2023\/10\/20230928_192212-768x432.jpg 768w, https:\/\/pb.edu.pl\/sjo\/wp-content\/uploads\/sites\/9\/2023\/10\/20230928_192212-1536x864.jpg 1536w, https:\/\/pb.edu.pl\/sjo\/wp-content\/uploads\/sites\/9\/2023\/10\/20230928_192212-2048x1152.jpg 2048w\" sizes=\"auto, (max-width: 300px) 100vw, 300px\" \/><\/a>\n\t\t\t<\/div><\/figure><figure class='gallery-item'>\n\t\t\t<div class='gallery-icon landscape'>\n\t\t\t\t<a href='https:\/\/pb.edu.pl\/sjo\/polish-lab\/wydarzenia-kulturalne\/imprezy-kulturalne\/gramy-po-polsku\/20230928_192227\/'><img loading=\"lazy\" decoding=\"async\" width=\"300\" height=\"169\" src=\"https:\/\/pb.edu.pl\/sjo\/wp-content\/uploads\/sites\/9\/2023\/10\/20230928_192227-300x169.jpg\" class=\"attachment-medium size-medium\" alt=\"\" srcset=\"https:\/\/pb.edu.pl\/sjo\/wp-content\/uploads\/sites\/9\/2023\/10\/20230928_192227-300x169.jpg 300w, https:\/\/pb.edu.pl\/sjo\/wp-content\/uploads\/sites\/9\/2023\/10\/20230928_192227-1024x576.jpg 1024w, https:\/\/pb.edu.pl\/sjo\/wp-content\/uploads\/sites\/9\/2023\/10\/20230928_192227-768x432.jpg 768w, https:\/\/pb.edu.pl\/sjo\/wp-content\/uploads\/sites\/9\/2023\/10\/20230928_192227-1536x864.jpg 1536w, https:\/\/pb.edu.pl\/sjo\/wp-content\/uploads\/sites\/9\/2023\/10\/20230928_192227-2048x1152.jpg 2048w\" sizes=\"auto, (max-width: 300px) 100vw, 300px\" \/><\/a>\n\t\t\t<\/div><\/figure><figure class='gallery-item'>\n\t\t\t<div class='gallery-icon landscape'>\n\t\t\t\t<a href='https:\/\/pb.edu.pl\/sjo\/polish-lab\/wydarzenia-kulturalne\/imprezy-kulturalne\/gramy-po-polsku\/20230928_191258\/'><img loading=\"lazy\" decoding=\"async\" width=\"300\" height=\"169\" src=\"https:\/\/pb.edu.pl\/sjo\/wp-content\/uploads\/sites\/9\/2023\/10\/20230928_191258-300x169.jpg\" class=\"attachment-medium size-medium\" alt=\"\" srcset=\"https:\/\/pb.edu.pl\/sjo\/wp-content\/uploads\/sites\/9\/2023\/10\/20230928_191258-300x169.jpg 300w, https:\/\/pb.edu.pl\/sjo\/wp-content\/uploads\/sites\/9\/2023\/10\/20230928_191258-1024x576.jpg 1024w, https:\/\/pb.edu.pl\/sjo\/wp-content\/uploads\/sites\/9\/2023\/10\/20230928_191258-768x432.jpg 768w, https:\/\/pb.edu.pl\/sjo\/wp-content\/uploads\/sites\/9\/2023\/10\/20230928_191258-1536x864.jpg 1536w, https:\/\/pb.edu.pl\/sjo\/wp-content\/uploads\/sites\/9\/2023\/10\/20230928_191258-2048x1152.jpg 2048w\" sizes=\"auto, (max-width: 300px) 100vw, 300px\" \/><\/a>\n\t\t\t<\/div><\/figure><figure class='gallery-item'>\n\t\t\t<div class='gallery-icon landscape'>\n\t\t\t\t<a href='https:\/\/pb.edu.pl\/sjo\/polish-lab\/wydarzenia-kulturalne\/imprezy-kulturalne\/gramy-po-polsku\/20230928_191252\/'><img loading=\"lazy\" decoding=\"async\" width=\"300\" height=\"169\" src=\"https:\/\/pb.edu.pl\/sjo\/wp-content\/uploads\/sites\/9\/2023\/10\/20230928_191252-300x169.jpg\" class=\"attachment-medium size-medium\" alt=\"\" srcset=\"https:\/\/pb.edu.pl\/sjo\/wp-content\/uploads\/sites\/9\/2023\/10\/20230928_191252-300x169.jpg 300w, https:\/\/pb.edu.pl\/sjo\/wp-content\/uploads\/sites\/9\/2023\/10\/20230928_191252-1024x576.jpg 1024w, https:\/\/pb.edu.pl\/sjo\/wp-content\/uploads\/sites\/9\/2023\/10\/20230928_191252-768x432.jpg 768w, https:\/\/pb.edu.pl\/sjo\/wp-content\/uploads\/sites\/9\/2023\/10\/20230928_191252-1536x864.jpg 1536w, https:\/\/pb.edu.pl\/sjo\/wp-content\/uploads\/sites\/9\/2023\/10\/20230928_191252-2048x1152.jpg 2048w\" sizes=\"auto, (max-width: 300px) 100vw, 300px\" \/><\/a>\n\t\t\t<\/div><\/figure><figure class='gallery-item'>\n\t\t\t<div class='gallery-icon landscape'>\n\t\t\t\t<a href='https:\/\/pb.edu.pl\/sjo\/polish-lab\/wydarzenia-kulturalne\/imprezy-kulturalne\/gramy-po-polsku\/20230928_191150\/'><img loading=\"lazy\" decoding=\"async\" width=\"300\" height=\"169\" src=\"https:\/\/pb.edu.pl\/sjo\/wp-content\/uploads\/sites\/9\/2023\/10\/20230928_191150-300x169.jpg\" class=\"attachment-medium size-medium\" alt=\"\" srcset=\"https:\/\/pb.edu.pl\/sjo\/wp-content\/uploads\/sites\/9\/2023\/10\/20230928_191150-300x169.jpg 300w, https:\/\/pb.edu.pl\/sjo\/wp-content\/uploads\/sites\/9\/2023\/10\/20230928_191150-1024x576.jpg 1024w, https:\/\/pb.edu.pl\/sjo\/wp-content\/uploads\/sites\/9\/2023\/10\/20230928_191150-768x432.jpg 768w, https:\/\/pb.edu.pl\/sjo\/wp-content\/uploads\/sites\/9\/2023\/10\/20230928_191150-1536x864.jpg 1536w, https:\/\/pb.edu.pl\/sjo\/wp-content\/uploads\/sites\/9\/2023\/10\/20230928_191150-2048x1152.jpg 2048w\" sizes=\"auto, (max-width: 300px) 100vw, 300px\" \/><\/a>\n\t\t\t<\/div><\/figure><figure class='gallery-item'>\n\t\t\t<div class='gallery-icon landscape'>\n\t\t\t\t<a href='https:\/\/pb.edu.pl\/sjo\/polish-lab\/wydarzenia-kulturalne\/imprezy-kulturalne\/gramy-po-polsku\/20230928_191141\/'><img loading=\"lazy\" decoding=\"async\" width=\"300\" height=\"169\" src=\"https:\/\/pb.edu.pl\/sjo\/wp-content\/uploads\/sites\/9\/2023\/10\/20230928_191141-300x169.jpg\" class=\"attachment-medium size-medium\" alt=\"\" srcset=\"https:\/\/pb.edu.pl\/sjo\/wp-content\/uploads\/sites\/9\/2023\/10\/20230928_191141-300x169.jpg 300w, https:\/\/pb.edu.pl\/sjo\/wp-content\/uploads\/sites\/9\/2023\/10\/20230928_191141-1024x576.jpg 1024w, https:\/\/pb.edu.pl\/sjo\/wp-content\/uploads\/sites\/9\/2023\/10\/20230928_191141-768x432.jpg 768w, https:\/\/pb.edu.pl\/sjo\/wp-content\/uploads\/sites\/9\/2023\/10\/20230928_191141-1536x864.jpg 1536w, https:\/\/pb.edu.pl\/sjo\/wp-content\/uploads\/sites\/9\/2023\/10\/20230928_191141-2048x1152.jpg 2048w\" sizes=\"auto, (max-width: 300px) 100vw, 300px\" \/><\/a>\n\t\t\t<\/div><\/figure><figure class='gallery-item'>\n\t\t\t<div class='gallery-icon landscape'>\n\t\t\t\t<a href='https:\/\/pb.edu.pl\/sjo\/polish-lab\/wydarzenia-kulturalne\/imprezy-kulturalne\/gramy-po-polsku\/20230928_191005\/'><img loading=\"lazy\" decoding=\"async\" width=\"300\" height=\"169\" src=\"https:\/\/pb.edu.pl\/sjo\/wp-content\/uploads\/sites\/9\/2023\/10\/20230928_191005-300x169.jpg\" class=\"attachment-medium size-medium\" alt=\"\" srcset=\"https:\/\/pb.edu.pl\/sjo\/wp-content\/uploads\/sites\/9\/2023\/10\/20230928_191005-300x169.jpg 300w, https:\/\/pb.edu.pl\/sjo\/wp-content\/uploads\/sites\/9\/2023\/10\/20230928_191005-1024x576.jpg 1024w, https:\/\/pb.edu.pl\/sjo\/wp-content\/uploads\/sites\/9\/2023\/10\/20230928_191005-768x432.jpg 768w, https:\/\/pb.edu.pl\/sjo\/wp-content\/uploads\/sites\/9\/2023\/10\/20230928_191005-1536x864.jpg 1536w, https:\/\/pb.edu.pl\/sjo\/wp-content\/uploads\/sites\/9\/2023\/10\/20230928_191005-2048x1152.jpg 2048w\" sizes=\"auto, (max-width: 300px) 100vw, 300px\" \/><\/a>\n\t\t\t<\/div><\/figure><figure class='gallery-item'>\n\t\t\t<div class='gallery-icon landscape'>\n\t\t\t\t<a href='https:\/\/pb.edu.pl\/sjo\/polish-lab\/wydarzenia-kulturalne\/imprezy-kulturalne\/gramy-po-polsku\/20230928_185539\/'><img loading=\"lazy\" decoding=\"async\" width=\"300\" height=\"169\" src=\"https:\/\/pb.edu.pl\/sjo\/wp-content\/uploads\/sites\/9\/2023\/10\/20230928_185539-300x169.jpg\" class=\"attachment-medium size-medium\" alt=\"\" srcset=\"https:\/\/pb.edu.pl\/sjo\/wp-content\/uploads\/sites\/9\/2023\/10\/20230928_185539-300x169.jpg 300w, https:\/\/pb.edu.pl\/sjo\/wp-content\/uploads\/sites\/9\/2023\/10\/20230928_185539-1024x576.jpg 1024w, https:\/\/pb.edu.pl\/sjo\/wp-content\/uploads\/sites\/9\/2023\/10\/20230928_185539-768x432.jpg 768w, https:\/\/pb.edu.pl\/sjo\/wp-content\/uploads\/sites\/9\/2023\/10\/20230928_185539-1536x864.jpg 1536w, https:\/\/pb.edu.pl\/sjo\/wp-content\/uploads\/sites\/9\/2023\/10\/20230928_185539-2048x1152.jpg 2048w\" sizes=\"auto, (max-width: 300px) 100vw, 300px\" \/><\/a>\n\t\t\t<\/div><\/figure><figure class='gallery-item'>\n\t\t\t<div class='gallery-icon landscape'>\n\t\t\t\t<a href='https:\/\/pb.edu.pl\/sjo\/polish-lab\/wydarzenia-kulturalne\/imprezy-kulturalne\/gramy-po-polsku\/20230928_185511\/'><img loading=\"lazy\" decoding=\"async\" width=\"300\" height=\"169\" src=\"https:\/\/pb.edu.pl\/sjo\/wp-content\/uploads\/sites\/9\/2023\/10\/20230928_185511-300x169.jpg\" class=\"attachment-medium size-medium\" alt=\"\" srcset=\"https:\/\/pb.edu.pl\/sjo\/wp-content\/uploads\/sites\/9\/2023\/10\/20230928_185511-300x169.jpg 300w, https:\/\/pb.edu.pl\/sjo\/wp-content\/uploads\/sites\/9\/2023\/10\/20230928_185511-1024x576.jpg 1024w, https:\/\/pb.edu.pl\/sjo\/wp-content\/uploads\/sites\/9\/2023\/10\/20230928_185511-768x432.jpg 768w, https:\/\/pb.edu.pl\/sjo\/wp-content\/uploads\/sites\/9\/2023\/10\/20230928_185511-1536x864.jpg 1536w, https:\/\/pb.edu.pl\/sjo\/wp-content\/uploads\/sites\/9\/2023\/10\/20230928_185511-2048x1152.jpg 2048w\" sizes=\"auto, (max-width: 300px) 100vw, 300px\" \/><\/a>\n\t\t\t<\/div><\/figure><figure class='gallery-item'>\n\t\t\t<div class='gallery-icon landscape'>\n\t\t\t\t<a href='https:\/\/pb.edu.pl\/sjo\/polish-lab\/wydarzenia-kulturalne\/imprezy-kulturalne\/gramy-po-polsku\/20230928_185445\/'><img loading=\"lazy\" decoding=\"async\" width=\"300\" height=\"169\" src=\"https:\/\/pb.edu.pl\/sjo\/wp-content\/uploads\/sites\/9\/2023\/10\/20230928_185445-300x169.jpg\" class=\"attachment-medium size-medium\" alt=\"\" srcset=\"https:\/\/pb.edu.pl\/sjo\/wp-content\/uploads\/sites\/9\/2023\/10\/20230928_185445-300x169.jpg 300w, https:\/\/pb.edu.pl\/sjo\/wp-content\/uploads\/sites\/9\/2023\/10\/20230928_185445-1024x576.jpg 1024w, https:\/\/pb.edu.pl\/sjo\/wp-content\/uploads\/sites\/9\/2023\/10\/20230928_185445-768x432.jpg 768w, https:\/\/pb.edu.pl\/sjo\/wp-content\/uploads\/sites\/9\/2023\/10\/20230928_185445-1536x864.jpg 1536w, https:\/\/pb.edu.pl\/sjo\/wp-content\/uploads\/sites\/9\/2023\/10\/20230928_185445-2048x1152.jpg 2048w\" sizes=\"auto, (max-width: 300px) 100vw, 300px\" \/><\/a>\n\t\t\t<\/div><\/figure><figure class='gallery-item'>\n\t\t\t<div class='gallery-icon landscape'>\n\t\t\t\t<a href='https:\/\/pb.edu.pl\/sjo\/polish-lab\/wydarzenia-kulturalne\/imprezy-kulturalne\/gramy-po-polsku\/20230928_192303\/'><img loading=\"lazy\" decoding=\"async\" width=\"300\" height=\"169\" src=\"https:\/\/pb.edu.pl\/sjo\/wp-content\/uploads\/sites\/9\/2023\/10\/20230928_192303-300x169.jpg\" class=\"attachment-medium size-medium\" alt=\"\" srcset=\"https:\/\/pb.edu.pl\/sjo\/wp-content\/uploads\/sites\/9\/2023\/10\/20230928_192303-300x169.jpg 300w, https:\/\/pb.edu.pl\/sjo\/wp-content\/uploads\/sites\/9\/2023\/10\/20230928_192303-1024x576.jpg 1024w, https:\/\/pb.edu.pl\/sjo\/wp-content\/uploads\/sites\/9\/2023\/10\/20230928_192303-768x432.jpg 768w, https:\/\/pb.edu.pl\/sjo\/wp-content\/uploads\/sites\/9\/2023\/10\/20230928_192303-1536x864.jpg 1536w, https:\/\/pb.edu.pl\/sjo\/wp-content\/uploads\/sites\/9\/2023\/10\/20230928_192303-2048x1152.jpg 2048w\" sizes=\"auto, (max-width: 300px) 100vw, 300px\" \/><\/a>\n\t\t\t<\/div><\/figure><figure class='gallery-item'>\n\t\t\t<div class='gallery-icon landscape'>\n\t\t\t\t<a href='https:\/\/pb.edu.pl\/sjo\/polish-lab\/wydarzenia-kulturalne\/imprezy-kulturalne\/gramy-po-polsku\/20230928_182218\/'><img loading=\"lazy\" decoding=\"async\" width=\"300\" height=\"169\" src=\"https:\/\/pb.edu.pl\/sjo\/wp-content\/uploads\/sites\/9\/2023\/10\/20230928_182218-300x169.jpg\" class=\"attachment-medium size-medium\" alt=\"\" srcset=\"https:\/\/pb.edu.pl\/sjo\/wp-content\/uploads\/sites\/9\/2023\/10\/20230928_182218-300x169.jpg 300w, https:\/\/pb.edu.pl\/sjo\/wp-content\/uploads\/sites\/9\/2023\/10\/20230928_182218-1024x576.jpg 1024w, https:\/\/pb.edu.pl\/sjo\/wp-content\/uploads\/sites\/9\/2023\/10\/20230928_182218-768x432.jpg 768w, https:\/\/pb.edu.pl\/sjo\/wp-content\/uploads\/sites\/9\/2023\/10\/20230928_182218-1536x864.jpg 1536w, https:\/\/pb.edu.pl\/sjo\/wp-content\/uploads\/sites\/9\/2023\/10\/20230928_182218-2048x1152.jpg 2048w\" sizes=\"auto, (max-width: 300px) 100vw, 300px\" \/><\/a>\n\t\t\t<\/div><\/figure><figure class='gallery-item'>\n\t\t\t<div class='gallery-icon landscape'>\n\t\t\t\t<a href='https:\/\/pb.edu.pl\/sjo\/polish-lab\/wydarzenia-kulturalne\/imprezy-kulturalne\/gramy-po-polsku\/20230928_182125\/'><img loading=\"lazy\" decoding=\"async\" width=\"300\" height=\"169\" src=\"https:\/\/pb.edu.pl\/sjo\/wp-content\/uploads\/sites\/9\/2023\/10\/20230928_182125-300x169.jpg\" class=\"attachment-medium size-medium\" alt=\"\" srcset=\"https:\/\/pb.edu.pl\/sjo\/wp-content\/uploads\/sites\/9\/2023\/10\/20230928_182125-300x169.jpg 300w, https:\/\/pb.edu.pl\/sjo\/wp-content\/uploads\/sites\/9\/2023\/10\/20230928_182125-1024x576.jpg 1024w, https:\/\/pb.edu.pl\/sjo\/wp-content\/uploads\/sites\/9\/2023\/10\/20230928_182125-768x432.jpg 768w, https:\/\/pb.edu.pl\/sjo\/wp-content\/uploads\/sites\/9\/2023\/10\/20230928_182125-1536x864.jpg 1536w, https:\/\/pb.edu.pl\/sjo\/wp-content\/uploads\/sites\/9\/2023\/10\/20230928_182125-2048x1152.jpg 2048w\" sizes=\"auto, (max-width: 300px) 100vw, 300px\" \/><\/a>\n\t\t\t<\/div><\/figure><figure class='gallery-item'>\n\t\t\t<div class='gallery-icon landscape'>\n\t\t\t\t<a href='https:\/\/pb.edu.pl\/sjo\/polish-lab\/wydarzenia-kulturalne\/imprezy-kulturalne\/gramy-po-polsku\/20230928_182042\/'><img loading=\"lazy\" decoding=\"async\" width=\"300\" height=\"169\" src=\"https:\/\/pb.edu.pl\/sjo\/wp-content\/uploads\/sites\/9\/2023\/10\/20230928_182042-300x169.jpg\" class=\"attachment-medium size-medium\" alt=\"\" srcset=\"https:\/\/pb.edu.pl\/sjo\/wp-content\/uploads\/sites\/9\/2023\/10\/20230928_182042-300x169.jpg 300w, https:\/\/pb.edu.pl\/sjo\/wp-content\/uploads\/sites\/9\/2023\/10\/20230928_182042-1024x576.jpg 1024w, https:\/\/pb.edu.pl\/sjo\/wp-content\/uploads\/sites\/9\/2023\/10\/20230928_182042-768x432.jpg 768w, https:\/\/pb.edu.pl\/sjo\/wp-content\/uploads\/sites\/9\/2023\/10\/20230928_182042-1536x864.jpg 1536w, https:\/\/pb.edu.pl\/sjo\/wp-content\/uploads\/sites\/9\/2023\/10\/20230928_182042-2048x1152.jpg 2048w\" sizes=\"auto, (max-width: 300px) 100vw, 300px\" \/><\/a>\n\t\t\t<\/div><\/figure><figure class='gallery-item'>\n\t\t\t<div class='gallery-icon landscape'>\n\t\t\t\t<a href='https:\/\/pb.edu.pl\/sjo\/polish-lab\/wydarzenia-kulturalne\/imprezy-kulturalne\/gramy-po-polsku\/20230928_191230\/'><img loading=\"lazy\" decoding=\"async\" width=\"300\" height=\"169\" src=\"https:\/\/pb.edu.pl\/sjo\/wp-content\/uploads\/sites\/9\/2023\/10\/20230928_191230-300x169.jpg\" class=\"attachment-medium size-medium\" alt=\"\" srcset=\"https:\/\/pb.edu.pl\/sjo\/wp-content\/uploads\/sites\/9\/2023\/10\/20230928_191230-300x169.jpg 300w, https:\/\/pb.edu.pl\/sjo\/wp-content\/uploads\/sites\/9\/2023\/10\/20230928_191230-1024x576.jpg 1024w, https:\/\/pb.edu.pl\/sjo\/wp-content\/uploads\/sites\/9\/2023\/10\/20230928_191230-768x432.jpg 768w, https:\/\/pb.edu.pl\/sjo\/wp-content\/uploads\/sites\/9\/2023\/10\/20230928_191230-1536x864.jpg 1536w, https:\/\/pb.edu.pl\/sjo\/wp-content\/uploads\/sites\/9\/2023\/10\/20230928_191230-2048x1152.jpg 2048w\" sizes=\"auto, (max-width: 300px) 100vw, 300px\" \/><\/a>\n\t\t\t<\/div><\/figure>\n\t\t<\/div>\n\n","protected":false},"excerpt":{"rendered":"<p>Centrum J\u0119zyka i Kultury Polskiej POLISH LAB dzia\u0142aj\u0105ce w strukturach Studium J\u0119zyk\u00f3w Obcych Politechniki Bia\u0142ostockiej<\/p>\n","protected":false},"author":6,"featured_media":0,"parent":26304,"menu_order":0,"comment_status":"closed","ping_status":"closed","template":"","meta":{"_acf_changed":false,"ngg_post_thumbnail":0,"footnotes":""},"class_list":["post-22155","page","type-page","status-publish","hentry"],"acf":[],"yoast_head":"<!-- This site is optimized with the Yoast SEO plugin v27.0 - https:\/\/yoast.com\/product\/yoast-seo-wordpress\/ -->\n<title>Gramy po polsku - Studium J\u0119zyk\u00f3w Obcych<\/title>\n<meta name=\"description\" content=\"Centrum J\u0119zyka i Kultury Polskiej POLISH LAB dzia\u0142aj\u0105ce w strukturach Studium J\u0119zyk\u00f3w Obcych Politechniki Bia\u0142ostockiej po raz kolejny zorganizowa\u0142o\" \/>\n<meta name=\"robots\" content=\"index, follow, max-snippet:-1, max-image-preview:large, max-video-preview:-1\" \/>\n<link rel=\"canonical\" href=\"https:\/\/pb.edu.pl\/sjo\/polish-lab\/wydarzenia-kulturalne\/imprezy-kulturalne\/gramy-po-polsku\/\" \/>\n<meta property=\"og:locale\" content=\"pl_PL\" \/>\n<meta property=\"og:type\" content=\"article\" \/>\n<meta property=\"og:title\" content=\"Gramy po polsku - Studium J\u0119zyk\u00f3w Obcych\" \/>\n<meta property=\"og:description\" content=\"Centrum J\u0119zyka i Kultury Polskiej POLISH LAB dzia\u0142aj\u0105ce w strukturach Studium J\u0119zyk\u00f3w Obcych Politechniki Bia\u0142ostockiej po raz kolejny zorganizowa\u0142o\" \/>\n<meta property=\"og:url\" content=\"https:\/\/pb.edu.pl\/sjo\/polish-lab\/wydarzenia-kulturalne\/imprezy-kulturalne\/gramy-po-polsku\/\" \/>\n<meta property=\"og:site_name\" content=\"Studium J\u0119zyk\u00f3w Obcych\" \/>\n<meta property=\"article:modified_time\" content=\"2025-05-27T08:42:31+00:00\" \/>\n<meta property=\"og:image\" content=\"https:\/\/pb.edu.pl\/sjo\/wp-content\/uploads\/sites\/9\/2023\/10\/20230928_192212-300x169.jpg\" \/>\n<meta name=\"twitter:label1\" content=\"Szacowany czas czytania\" \/>\n\t<meta name=\"twitter:data1\" content=\"2 minuty\" \/>\n<script type=\"application\/ld+json\" class=\"yoast-schema-graph\">{\"@context\":\"https:\/\/schema.org\",\"@graph\":[{\"@type\":\"WebPage\",\"@id\":\"https:\/\/pb.edu.pl\/sjo\/polish-lab\/wydarzenia-kulturalne\/imprezy-kulturalne\/gramy-po-polsku\/\",\"url\":\"https:\/\/pb.edu.pl\/sjo\/polish-lab\/wydarzenia-kulturalne\/imprezy-kulturalne\/gramy-po-polsku\/\",\"name\":\"Gramy po polsku - Studium J\u0119zyk\u00f3w Obcych\",\"isPartOf\":{\"@id\":\"https:\/\/pb.edu.pl\/sjo\/#website\"},\"datePublished\":\"2023-10-03T07:55:46+00:00\",\"dateModified\":\"2025-05-27T08:42:31+00:00\",\"description\":\"Centrum J\u0119zyka i Kultury Polskiej POLISH LAB dzia\u0142aj\u0105ce w strukturach Studium J\u0119zyk\u00f3w Obcych Politechniki Bia\u0142ostockiej po raz kolejny zorganizowa\u0142o\",\"breadcrumb\":{\"@id\":\"https:\/\/pb.edu.pl\/sjo\/polish-lab\/wydarzenia-kulturalne\/imprezy-kulturalne\/gramy-po-polsku\/#breadcrumb\"},\"inLanguage\":\"pl-PL\",\"potentialAction\":[{\"@type\":\"ReadAction\",\"target\":[\"https:\/\/pb.edu.pl\/sjo\/polish-lab\/wydarzenia-kulturalne\/imprezy-kulturalne\/gramy-po-polsku\/\"]}]},{\"@type\":\"BreadcrumbList\",\"@id\":\"https:\/\/pb.edu.pl\/sjo\/polish-lab\/wydarzenia-kulturalne\/imprezy-kulturalne\/gramy-po-polsku\/#breadcrumb\",\"itemListElement\":[{\"@type\":\"ListItem\",\"position\":1,\"name\":\"Home\",\"item\":\"https:\/\/pb.edu.pl\/sjo\/\"},{\"@type\":\"ListItem\",\"position\":2,\"name\":\"Centrum J\u0119zyka i Kultury Polskiej POLISH LAB\",\"item\":\"https:\/\/pb.edu.pl\/sjo\/polish-lab\/\"},{\"@type\":\"ListItem\",\"position\":3,\"name\":\"Wydarzenia kulturalne\",\"item\":\"https:\/\/pb.edu.pl\/sjo\/polish-lab\/wydarzenia-kulturalne\/\"},{\"@type\":\"ListItem\",\"position\":4,\"name\":\"Imprezy kulturalne\",\"item\":\"https:\/\/pb.edu.pl\/sjo\/polish-lab\/wydarzenia-kulturalne\/imprezy-kulturalne\/\"},{\"@type\":\"ListItem\",\"position\":5,\"name\":\"Gramy po polsku\"}]},{\"@type\":\"WebSite\",\"@id\":\"https:\/\/pb.edu.pl\/sjo\/#website\",\"url\":\"https:\/\/pb.edu.pl\/sjo\/\",\"name\":\"Studium J\u0119zyk\u00f3w Obcych\",\"description\":\"\",\"potentialAction\":[{\"@type\":\"SearchAction\",\"target\":{\"@type\":\"EntryPoint\",\"urlTemplate\":\"https:\/\/pb.edu.pl\/sjo\/?s={search_term_string}\"},\"query-input\":{\"@type\":\"PropertyValueSpecification\",\"valueRequired\":true,\"valueName\":\"search_term_string\"}}],\"inLanguage\":\"pl-PL\"}]}<\/script>\n<!-- \/ Yoast SEO plugin. -->","yoast_head_json":{"title":"Gramy po polsku - Studium J\u0119zyk\u00f3w Obcych","description":"Centrum J\u0119zyka i Kultury Polskiej POLISH LAB dzia\u0142aj\u0105ce w strukturach Studium J\u0119zyk\u00f3w Obcych Politechniki Bia\u0142ostockiej po raz kolejny zorganizowa\u0142o","robots":{"index":"index","follow":"follow","max-snippet":"max-snippet:-1","max-image-preview":"max-image-preview:large","max-video-preview":"max-video-preview:-1"},"canonical":"https:\/\/pb.edu.pl\/sjo\/polish-lab\/wydarzenia-kulturalne\/imprezy-kulturalne\/gramy-po-polsku\/","og_locale":"pl_PL","og_type":"article","og_title":"Gramy po polsku - Studium J\u0119zyk\u00f3w Obcych","og_description":"Centrum J\u0119zyka i Kultury Polskiej POLISH LAB dzia\u0142aj\u0105ce w strukturach Studium J\u0119zyk\u00f3w Obcych Politechniki Bia\u0142ostockiej po raz kolejny zorganizowa\u0142o","og_url":"https:\/\/pb.edu.pl\/sjo\/polish-lab\/wydarzenia-kulturalne\/imprezy-kulturalne\/gramy-po-polsku\/","og_site_name":"Studium J\u0119zyk\u00f3w Obcych","article_modified_time":"2025-05-27T08:42:31+00:00","og_image":[{"url":"https:\/\/pb.edu.pl\/sjo\/wp-content\/uploads\/sites\/9\/2023\/10\/20230928_192212-300x169.jpg","type":"","width":"","height":""}],"twitter_misc":{"Szacowany czas czytania":"2 minuty"},"schema":{"@context":"https:\/\/schema.org","@graph":[{"@type":"WebPage","@id":"https:\/\/pb.edu.pl\/sjo\/polish-lab\/wydarzenia-kulturalne\/imprezy-kulturalne\/gramy-po-polsku\/","url":"https:\/\/pb.edu.pl\/sjo\/polish-lab\/wydarzenia-kulturalne\/imprezy-kulturalne\/gramy-po-polsku\/","name":"Gramy po polsku - Studium J\u0119zyk\u00f3w Obcych","isPartOf":{"@id":"https:\/\/pb.edu.pl\/sjo\/#website"},"datePublished":"2023-10-03T07:55:46+00:00","dateModified":"2025-05-27T08:42:31+00:00","description":"Centrum J\u0119zyka i Kultury Polskiej POLISH LAB dzia\u0142aj\u0105ce w strukturach Studium J\u0119zyk\u00f3w Obcych Politechniki Bia\u0142ostockiej po raz kolejny zorganizowa\u0142o","breadcrumb":{"@id":"https:\/\/pb.edu.pl\/sjo\/polish-lab\/wydarzenia-kulturalne\/imprezy-kulturalne\/gramy-po-polsku\/#breadcrumb"},"inLanguage":"pl-PL","potentialAction":[{"@type":"ReadAction","target":["https:\/\/pb.edu.pl\/sjo\/polish-lab\/wydarzenia-kulturalne\/imprezy-kulturalne\/gramy-po-polsku\/"]}]},{"@type":"BreadcrumbList","@id":"https:\/\/pb.edu.pl\/sjo\/polish-lab\/wydarzenia-kulturalne\/imprezy-kulturalne\/gramy-po-polsku\/#breadcrumb","itemListElement":[{"@type":"ListItem","position":1,"name":"Home","item":"https:\/\/pb.edu.pl\/sjo\/"},{"@type":"ListItem","position":2,"name":"Centrum J\u0119zyka i Kultury Polskiej POLISH LAB","item":"https:\/\/pb.edu.pl\/sjo\/polish-lab\/"},{"@type":"ListItem","position":3,"name":"Wydarzenia kulturalne","item":"https:\/\/pb.edu.pl\/sjo\/polish-lab\/wydarzenia-kulturalne\/"},{"@type":"ListItem","position":4,"name":"Imprezy kulturalne","item":"https:\/\/pb.edu.pl\/sjo\/polish-lab\/wydarzenia-kulturalne\/imprezy-kulturalne\/"},{"@type":"ListItem","position":5,"name":"Gramy po polsku"}]},{"@type":"WebSite","@id":"https:\/\/pb.edu.pl\/sjo\/#website","url":"https:\/\/pb.edu.pl\/sjo\/","name":"Studium J\u0119zyk\u00f3w Obcych","description":"","potentialAction":[{"@type":"SearchAction","target":{"@type":"EntryPoint","urlTemplate":"https:\/\/pb.edu.pl\/sjo\/?s={search_term_string}"},"query-input":{"@type":"PropertyValueSpecification","valueRequired":true,"valueName":"search_term_string"}}],"inLanguage":"pl-PL"}]}},"_links":{"self":[{"href":"https:\/\/pb.edu.pl\/sjo\/wp-json\/wp\/v2\/pages\/22155","targetHints":{"allow":["GET"]}}],"collection":[{"href":"https:\/\/pb.edu.pl\/sjo\/wp-json\/wp\/v2\/pages"}],"about":[{"href":"https:\/\/pb.edu.pl\/sjo\/wp-json\/wp\/v2\/types\/page"}],"author":[{"embeddable":true,"href":"https:\/\/pb.edu.pl\/sjo\/wp-json\/wp\/v2\/users\/6"}],"replies":[{"embeddable":true,"href":"https:\/\/pb.edu.pl\/sjo\/wp-json\/wp\/v2\/comments?post=22155"}],"version-history":[{"count":0,"href":"https:\/\/pb.edu.pl\/sjo\/wp-json\/wp\/v2\/pages\/22155\/revisions"}],"up":[{"embeddable":true,"href":"https:\/\/pb.edu.pl\/sjo\/wp-json\/wp\/v2\/pages\/26304"}],"wp:attachment":[{"href":"https:\/\/pb.edu.pl\/sjo\/wp-json\/wp\/v2\/media?parent=22155"}],"curies":[{"name":"wp","href":"https:\/\/api.w.org\/{rel}","templated":true}]}}