{"id":22073,"date":"2023-10-02T09:08:54","date_gmt":"2023-10-02T07:08:54","guid":{"rendered":"https:\/\/pb.edu.pl\/sjo\/?page_id=22073"},"modified":"2025-09-24T13:28:06","modified_gmt":"2025-09-24T11:28:06","slug":"to-musisz-wiedziec-o-lektoracie","status":"publish","type":"page","link":"https:\/\/pb.edu.pl\/sjo\/to-musisz-wiedziec-o-lektoracie\/","title":{"rendered":"To musisz wiedzie\u0107 o lektoracie!"},"content":{"rendered":"<h2>Jak znajd\u0119 swoj\u0105 sal\u0119?<\/h2>\n<p>Je\u015bli w swoim planie studi\u00f3w masz informacj\u0119 np. P2\/17, oznacza to, \u017ce Twoja sala nr 17 znajduje si\u0119 na II pi\u0119trze. Analogicznie P1\/13 to sala nr 13 na I pi\u0119trze. Wszystkie zaj\u0119cia j\u0119zykowe na studiach stacjonarnych odbywaj\u0105 si\u0119 w CNK.<\/p>\n<h2>Gdzie jest Sekretariat SJO?<\/h2>\n<p>znajduje si\u0119 na II pi\u0119trze w pokoju nr 12. Pani Dorota udzieli Ci wszelkich informacji albo skieruje do w\u0142a\u015bciwej osoby. Czeka na Ciebie w godzinach 8.00 &#8211; 15.00. Je\u015bli masz pytania, mo\u017cesz do niej r\u00f3wnie\u017c zadzwoni\u0107, tel. 85 746 9021 lub napisa\u0107 na adres: sjo@pb.edu.pl.<\/p>\n<h2>Czy mog\u0119 spotka\u0107 si\u0119 z moim wyk\u0142adowc\u0105?<\/h2>\n<p>Ka\u017cdy wyk\u0142adowca ma wyznaczony termin na konsultacje. <a href=\"https:\/\/pb.edu.pl\/sjo\/dla-studenta\/konsultacje\/\">Tutaj<\/a> dowiesz si\u0119 kiedy i gdzie mo\u017cesz go odwiedzi\u0107.<\/p>\n<h2>Czy znasz swojego opiekuna wydzia\u0142owego?<\/h2>\n<p>To oni s\u0105 odpowiedzialni za tworzenie i aktualizacje grup j\u0119zykowych, kierowanie student\u00f3w powtarzaj\u0105cych semestr\/zmieniaj\u0105cych poziom j\u0119zykowy do odpowiednich grup oraz za bie\u017c\u0105cy kontakt z dziekanatami. <a href=\"https:\/\/pb.edu.pl\/sjo\/dla-studenta\/opiekunowie-jezykowi\/\">Zajrzyj tu<\/a>, \u017ceby dowiedzie\u0107 si\u0119 do kogo zg\u0142osi\u0107 si\u0119 w razie pyta\u0144 czy problem\u00f3w.<\/p>\n<h2>Rozk\u0142ady pracownik\u00f3w<\/h2>\n<p>Je\u015bli chcesz si\u0119 dowiedzie\u0107, kt\u00f3ry nauczyciel ma zaj\u0119cia w jakich godzinach i w kt\u00f3rej sali to <a href=\"https:\/\/pb.edu.pl\/sjo\/o-nas\/rozklady-pracownikow\/\">zajrzyj tutaj<\/a>.<\/p>\n<h2>Szykujemy dla Was&#8230;<\/h2>\n<p>W ci\u0105gu ca\u0142ego roku organizujemy <a href=\"https:\/\/pb.edu.pl\/sjo\/wydarzenia-sjo\/\">du\u017co fajnych wydarze\u0144 dla student\u00f3w<\/a>, podsy\u0142amy <a href=\"https:\/\/pb.edu.pl\/sjo\/projekty-2-2\/\">informacje o projektach<\/a>, w kt\u00f3rych mo\u017cesz wzi\u0105\u0107 udzia\u0142, zapraszamy na ciekawe warsztaty, dodatkowe kursy j\u0119zykowe, inspiruj\u0105ce spotkania. Zagl\u0105daj na <a href=\"https:\/\/pb.edu.pl\/sjo\/\">nasz\u0105 stron\u0119<\/a> oraz na <a href=\"https:\/\/www.facebook.com\/StudiumJezykowObcychPB\">Facebook <\/a>&nbsp;i <a href=\"https:\/\/www.instagram.com\/sjo_pb\/\">Instagram<\/a>.<\/p>\n<p>&nbsp;<\/p>\n","protected":false},"excerpt":{"rendered":"<p>Jak znajd\u0119 swoj\u0105 sal\u0119? Je\u015bli w swoim planie studi\u00f3w masz informacj\u0119 np. P2\/17, oznacza to,<\/p>\n","protected":false},"author":6,"featured_media":0,"parent":0,"menu_order":0,"comment_status":"closed","ping_status":"closed","template":"","meta":{"_acf_changed":false,"ngg_post_thumbnail":0,"footnotes":""},"class_list":["post-22073","page","type-page","status-publish","hentry"],"acf":[],"yoast_head":"<!-- This site is optimized with the Yoast SEO plugin v27.0 - https:\/\/yoast.com\/product\/yoast-seo-wordpress\/ -->\n<title>To musisz wiedzie\u0107 o lektoracie! - Studium J\u0119zyk\u00f3w Obcych<\/title>\n<meta name=\"description\" content=\"Jak znajd\u0119 swoj\u0105 sal\u0119? Je\u015bli w swoim planie studi\u00f3w masz informacj\u0119 np. P2\/17, oznacza to, \u017ce Twoja sala nr 17 znajduje si\u0119 na II pi\u0119trze. Analogicznie\" \/>\n<meta name=\"robots\" content=\"index, follow, max-snippet:-1, max-image-preview:large, max-video-preview:-1\" \/>\n<link rel=\"canonical\" href=\"https:\/\/pb.edu.pl\/sjo\/to-musisz-wiedziec-o-lektoracie\/\" \/>\n<meta property=\"og:locale\" content=\"pl_PL\" \/>\n<meta property=\"og:type\" content=\"article\" \/>\n<meta property=\"og:title\" content=\"To musisz wiedzie\u0107 o lektoracie! - Studium J\u0119zyk\u00f3w Obcych\" \/>\n<meta property=\"og:description\" content=\"Jak znajd\u0119 swoj\u0105 sal\u0119? Je\u015bli w swoim planie studi\u00f3w masz informacj\u0119 np. P2\/17, oznacza to, \u017ce Twoja sala nr 17 znajduje si\u0119 na II pi\u0119trze. Analogicznie\" \/>\n<meta property=\"og:url\" content=\"https:\/\/pb.edu.pl\/sjo\/to-musisz-wiedziec-o-lektoracie\/\" \/>\n<meta property=\"og:site_name\" content=\"Studium J\u0119zyk\u00f3w Obcych\" \/>\n<meta property=\"article:modified_time\" content=\"2025-09-24T11:28:06+00:00\" \/>\n<meta name=\"twitter:label1\" content=\"Szacowany czas czytania\" \/>\n\t<meta name=\"twitter:data1\" content=\"2 minuty\" \/>\n<script type=\"application\/ld+json\" class=\"yoast-schema-graph\">{\"@context\":\"https:\/\/schema.org\",\"@graph\":[{\"@type\":\"WebPage\",\"@id\":\"https:\/\/pb.edu.pl\/sjo\/to-musisz-wiedziec-o-lektoracie\/\",\"url\":\"https:\/\/pb.edu.pl\/sjo\/to-musisz-wiedziec-o-lektoracie\/\",\"name\":\"To musisz wiedzie\u0107 o lektoracie! - Studium J\u0119zyk\u00f3w Obcych\",\"isPartOf\":{\"@id\":\"https:\/\/pb.edu.pl\/sjo\/#website\"},\"datePublished\":\"2023-10-02T07:08:54+00:00\",\"dateModified\":\"2025-09-24T11:28:06+00:00\",\"description\":\"Jak znajd\u0119 swoj\u0105 sal\u0119? Je\u015bli w swoim planie studi\u00f3w masz informacj\u0119 np. P2\/17, oznacza to, \u017ce Twoja sala nr 17 znajduje si\u0119 na II pi\u0119trze. Analogicznie\",\"breadcrumb\":{\"@id\":\"https:\/\/pb.edu.pl\/sjo\/to-musisz-wiedziec-o-lektoracie\/#breadcrumb\"},\"inLanguage\":\"pl-PL\",\"potentialAction\":[{\"@type\":\"ReadAction\",\"target\":[\"https:\/\/pb.edu.pl\/sjo\/to-musisz-wiedziec-o-lektoracie\/\"]}]},{\"@type\":\"BreadcrumbList\",\"@id\":\"https:\/\/pb.edu.pl\/sjo\/to-musisz-wiedziec-o-lektoracie\/#breadcrumb\",\"itemListElement\":[{\"@type\":\"ListItem\",\"position\":1,\"name\":\"Home\",\"item\":\"https:\/\/pb.edu.pl\/sjo\/\"},{\"@type\":\"ListItem\",\"position\":2,\"name\":\"To musisz wiedzie\u0107 o lektoracie!\"}]},{\"@type\":\"WebSite\",\"@id\":\"https:\/\/pb.edu.pl\/sjo\/#website\",\"url\":\"https:\/\/pb.edu.pl\/sjo\/\",\"name\":\"Studium J\u0119zyk\u00f3w Obcych\",\"description\":\"\",\"potentialAction\":[{\"@type\":\"SearchAction\",\"target\":{\"@type\":\"EntryPoint\",\"urlTemplate\":\"https:\/\/pb.edu.pl\/sjo\/?s={search_term_string}\"},\"query-input\":{\"@type\":\"PropertyValueSpecification\",\"valueRequired\":true,\"valueName\":\"search_term_string\"}}],\"inLanguage\":\"pl-PL\"}]}<\/script>\n<!-- \/ Yoast SEO plugin. -->","yoast_head_json":{"title":"To musisz wiedzie\u0107 o lektoracie! - Studium J\u0119zyk\u00f3w Obcych","description":"Jak znajd\u0119 swoj\u0105 sal\u0119? Je\u015bli w swoim planie studi\u00f3w masz informacj\u0119 np. P2\/17, oznacza to, \u017ce Twoja sala nr 17 znajduje si\u0119 na II pi\u0119trze. Analogicznie","robots":{"index":"index","follow":"follow","max-snippet":"max-snippet:-1","max-image-preview":"max-image-preview:large","max-video-preview":"max-video-preview:-1"},"canonical":"https:\/\/pb.edu.pl\/sjo\/to-musisz-wiedziec-o-lektoracie\/","og_locale":"pl_PL","og_type":"article","og_title":"To musisz wiedzie\u0107 o lektoracie! - Studium J\u0119zyk\u00f3w Obcych","og_description":"Jak znajd\u0119 swoj\u0105 sal\u0119? Je\u015bli w swoim planie studi\u00f3w masz informacj\u0119 np. P2\/17, oznacza to, \u017ce Twoja sala nr 17 znajduje si\u0119 na II pi\u0119trze. Analogicznie","og_url":"https:\/\/pb.edu.pl\/sjo\/to-musisz-wiedziec-o-lektoracie\/","og_site_name":"Studium J\u0119zyk\u00f3w Obcych","article_modified_time":"2025-09-24T11:28:06+00:00","twitter_misc":{"Szacowany czas czytania":"2 minuty"},"schema":{"@context":"https:\/\/schema.org","@graph":[{"@type":"WebPage","@id":"https:\/\/pb.edu.pl\/sjo\/to-musisz-wiedziec-o-lektoracie\/","url":"https:\/\/pb.edu.pl\/sjo\/to-musisz-wiedziec-o-lektoracie\/","name":"To musisz wiedzie\u0107 o lektoracie! - Studium J\u0119zyk\u00f3w Obcych","isPartOf":{"@id":"https:\/\/pb.edu.pl\/sjo\/#website"},"datePublished":"2023-10-02T07:08:54+00:00","dateModified":"2025-09-24T11:28:06+00:00","description":"Jak znajd\u0119 swoj\u0105 sal\u0119? Je\u015bli w swoim planie studi\u00f3w masz informacj\u0119 np. P2\/17, oznacza to, \u017ce Twoja sala nr 17 znajduje si\u0119 na II pi\u0119trze. Analogicznie","breadcrumb":{"@id":"https:\/\/pb.edu.pl\/sjo\/to-musisz-wiedziec-o-lektoracie\/#breadcrumb"},"inLanguage":"pl-PL","potentialAction":[{"@type":"ReadAction","target":["https:\/\/pb.edu.pl\/sjo\/to-musisz-wiedziec-o-lektoracie\/"]}]},{"@type":"BreadcrumbList","@id":"https:\/\/pb.edu.pl\/sjo\/to-musisz-wiedziec-o-lektoracie\/#breadcrumb","itemListElement":[{"@type":"ListItem","position":1,"name":"Home","item":"https:\/\/pb.edu.pl\/sjo\/"},{"@type":"ListItem","position":2,"name":"To musisz wiedzie\u0107 o lektoracie!"}]},{"@type":"WebSite","@id":"https:\/\/pb.edu.pl\/sjo\/#website","url":"https:\/\/pb.edu.pl\/sjo\/","name":"Studium J\u0119zyk\u00f3w Obcych","description":"","potentialAction":[{"@type":"SearchAction","target":{"@type":"EntryPoint","urlTemplate":"https:\/\/pb.edu.pl\/sjo\/?s={search_term_string}"},"query-input":{"@type":"PropertyValueSpecification","valueRequired":true,"valueName":"search_term_string"}}],"inLanguage":"pl-PL"}]}},"_links":{"self":[{"href":"https:\/\/pb.edu.pl\/sjo\/wp-json\/wp\/v2\/pages\/22073","targetHints":{"allow":["GET"]}}],"collection":[{"href":"https:\/\/pb.edu.pl\/sjo\/wp-json\/wp\/v2\/pages"}],"about":[{"href":"https:\/\/pb.edu.pl\/sjo\/wp-json\/wp\/v2\/types\/page"}],"author":[{"embeddable":true,"href":"https:\/\/pb.edu.pl\/sjo\/wp-json\/wp\/v2\/users\/6"}],"replies":[{"embeddable":true,"href":"https:\/\/pb.edu.pl\/sjo\/wp-json\/wp\/v2\/comments?post=22073"}],"version-history":[{"count":0,"href":"https:\/\/pb.edu.pl\/sjo\/wp-json\/wp\/v2\/pages\/22073\/revisions"}],"wp:attachment":[{"href":"https:\/\/pb.edu.pl\/sjo\/wp-json\/wp\/v2\/media?parent=22073"}],"curies":[{"name":"wp","href":"https:\/\/api.w.org\/{rel}","templated":true}]}}