{"id":22,"date":"2017-11-11T17:31:52","date_gmt":"2017-11-11T16:31:52","guid":{"rendered":"https:\/\/pb.edu.pl\/sjo\/?page_id=22"},"modified":"2025-09-15T11:22:47","modified_gmt":"2025-09-15T09:22:47","slug":"kontakt","status":"publish","type":"page","link":"https:\/\/pb.edu.pl\/sjo\/o-nas\/kontakt\/","title":{"rendered":"Kontakt"},"content":{"rendered":"<div class=\"h2\" style=\"font-family: verdana, geneva, sans-serif;font-size: 18pt\"><img loading=\"lazy\" decoding=\"async\" class=\"alignleft wp-image-19888 size-medium\" src=\"https:\/\/pb.edu.pl\/sjo\/wp-content\/uploads\/sites\/9\/2023\/04\/DJ-300x300.png\" alt=\"\" width=\"300\" height=\"300\" srcset=\"https:\/\/pb.edu.pl\/sjo\/wp-content\/uploads\/sites\/9\/2023\/04\/DJ-300x300.png 300w, https:\/\/pb.edu.pl\/sjo\/wp-content\/uploads\/sites\/9\/2023\/04\/DJ.png 500w\" sizes=\"auto, (max-width: 300px) 100vw, 300px\" \/><\/div>\n<div>&nbsp;<\/div>\n<div class=\"h2\" style=\"font-family: verdana, geneva, sans-serif;font-size: 18pt\">Sekretariat SJO<\/div>\n<p><strong>mgr Dorota Jerlecka<\/strong><br \/>\n<i class=\"fal fa-phone\"><\/i> 85 746 90 21<br \/>\nCNK &#8211; II pi\u0119tro, pok\u00f3j 12<br \/>\n<i class=\"fal fa-envelope\"> <\/i> <a href=\"#\" rel=\"nofollow\"  onclick=\"this.href='mailto:' + 'sjo' + '@' + 'pb.edu.pl'\">sjo [at] pb.edu.pl<\/a>\n<p><strong>Godziny pracy:<\/strong><br \/>\nponiedzia\u0142ek &#8211; pi\u0105tek, godz. 7:30 &#8211; 15:30<\/p>\n<div style=\"clear: both\">&nbsp;<\/div>\n<div class=\"h2\" style=\"font-family: verdana, geneva, sans-serif;font-size: 18pt\"><img loading=\"lazy\" decoding=\"async\" class=\"alignleft wp-image-19888 size-medium\" src=\"https:\/\/pb.edu.pl\/sjo\/wp-content\/uploads\/sites\/9\/2022\/11\/MK-300x300.png\" alt=\"\" width=\"300\" height=\"300\"><\/div>\n<div>&nbsp;<\/div>\n<div class=\"h2\" style=\"font-family: verdana, geneva, sans-serif;font-size: 18pt\">Koordynatorka ds. programu Erasmus+ w SJO<\/div>\n<p><strong>mgr Ma\u0142gorzata Komarewska<\/strong><br \/>\n<i class=\"fal fa-phone\"><\/i> 85 746 96 29<br \/>\nCNK &#8211; II pi\u0119tro, pok\u00f3j 11<br \/>\n<i class=\"fal fa-envelope\"> <\/i> <a href=\"#\" rel=\"nofollow\"  onclick=\"this.href='mailto:' + 'm.komarewska' + '@' + 'pb.edu.pl'\">m.komarewska [at] pb.edu.pl<\/a>\n<div style=\"clear: both\">&nbsp;<\/div>\n<div class=\"h2\" style=\"font-family: verdana, geneva, sans-serif;font-size: 18pt\"><img loading=\"lazy\" decoding=\"async\" class=\"size-medium wp-image-12622 alignleft\" src=\"https:\/\/pb.edu.pl\/sjo\/wp-content\/uploads\/sites\/9\/2024\/08\/AJD-2-300x300.png\" alt=\"Profil\" width=\"300\" height=\"300\"><\/div>\n<div>&nbsp;<\/div>\n<div class=\"h2\" style=\"font-family: verdana, geneva, sans-serif;font-size: 18pt\">Centrum J\u0119zyka i Kultury Polskiej POLISH LAB<\/div>\n<p><strong>mgr Alina Jab\u0142o\u0144ska Domurat<\/strong><br \/>\n<i class=\"fal fa-phone\"><\/i> 85 746 91 43<br \/>\nCNK &#8211; II pi\u0119tro, pok\u00f3j 6<br \/>\n<i class=\"fal fa-envelope\"> <\/i> <a href=\"#\" rel=\"nofollow\"  onclick=\"this.href='mailto:' + 'a.domurat' + '@' + 'pb.edu.pl'\">a.domurat [at] pb.edu.pl<\/a>\n<div style=\"clear: both\">&nbsp;<\/div>\n<p><span style=\"font-family: verdana, geneva, sans-serif;font-size: 18pt\"><img loading=\"lazy\" decoding=\"async\" class=\"size-medium wp-image-12608 alignleft\" src=\"https:\/\/pb.edu.pl\/sjo\/wp-content\/uploads\/sites\/9\/2024\/09\/AnJ.png\" alt=\"Profil AJuchnicka\" width=\"300\" height=\"300\"><\/span><\/p>\n<div>&nbsp;<\/div>\n<p><span style=\"font-family: verdana, geneva, sans-serif;font-size: 18pt\">Zesp\u00f3\u0142 samodzielnych stanowisk ds. t\u0142umacze\u0144<\/span><br \/>\n<strong>mgr Aneta Juchnicka<\/strong><br \/>\n<i class=\"fal fa-phone\"> <\/i> 85 746 70 34<br \/>\nCNK &#8211; I pi\u0119tro, pok\u00f3j 12<br \/>\n<i class=\"fal fa-envelope\"> <\/i> <a href=\"#\" rel=\"nofollow\"  onclick=\"this.href='mailto:' + 'sjo.tlumaczenia' + '@' + 'pb.edu.pl'\">sjo.tlumaczenia [at] pb.edu.pl<\/a>\n<p><strong>Godziny pracy:<\/strong><br \/>\nponiedzia\u0142ek &#8211; pi\u0105tek, godz. 7:45 &#8211; 15:45<\/p>\n<div style=\"clear: both\">&nbsp;<\/div>\n<div class=\"h2\" style=\"font-family: verdana, geneva, sans-serif;font-size: 18pt\"><img loading=\"lazy\" decoding=\"async\" class=\"size-medium wp-image-12609 alignleft\" src=\"https:\/\/pb.edu.pl\/sjo\/wp-content\/uploads\/sites\/9\/2022\/02\/LZ-300x300.png\" alt=\"Profil LZdrodowski\" width=\"300\" height=\"300\" srcset=\"https:\/\/pb.edu.pl\/sjo\/wp-content\/uploads\/sites\/9\/2022\/02\/LZ-300x300.png 300w, https:\/\/pb.edu.pl\/sjo\/wp-content\/uploads\/sites\/9\/2022\/02\/LZ.png 500w\" sizes=\"auto, (max-width: 300px) 100vw, 300px\" \/><\/div>\n<div>&nbsp;<\/div>\n<div class=\"h2\" style=\"font-family: verdana, geneva, sans-serif;font-size: 18pt\">Dzia\u0142 techniczny<\/div>\n<div><strong>Leszek Zdrodowski<\/strong><\/div>\n<p><i class=\"fal fa-phone\"> <\/i> 85 746 90 68<br \/>\nCNK &#8211; I pi\u0119tro, pok\u00f3j 3<br \/>\n<i class=\"fal fa-envelope\"> <\/i> <a href=\"#\" rel=\"nofollow\"  onclick=\"this.href='mailto:' + 'sjo.technik' + '@' + 'pb.edu.pl'\">sjo.technik [at] pb.edu.pl<\/a>\n<p><strong>Godziny pracy:<\/strong><br \/>\nponiedzia\u0142ek &#8211; pi\u0105tek, godz. 8:00 &#8211; 16:00<\/p>\n<div style=\"clear: both\">&nbsp;<\/div>\n<p><span style=\"font-family: verdana, geneva, sans-serif;font-size: 16pt\">Znajd\u017a nas na mapie miasteczka akademickiego:<\/span><\/p>\n<p><img loading=\"lazy\" decoding=\"async\" class=\"alignnone wp-image-23182 size-large\" src=\"https:\/\/pb.edu.pl\/sjo\/wp-content\/uploads\/sites\/9\/2025\/09\/2025-04-Kampus_mapa_PB-PL.jpg\" alt=\"\" width=\"1024\" height=\"724\"><\/p>\n<p><img loading=\"lazy\" decoding=\"async\" class=\"alignnone wp-image-23180 size-large\" src=\"https:\/\/pb.edu.pl\/sjo\/wp-content\/uploads\/sites\/9\/2025\/09\/2025-photo-campus-BUT.jpg\" alt=\"\" width=\"1024\" height=\"259\"><\/p>\n<p>&nbsp;<\/p>\n<h2>Legenda:<\/h2>\n<p>1 \u2013 Rektorat. Wydzia\u0142 Informatyki.<br \/>\n2 \u2013 Wydzia\u0142 Mechaniczny<br \/>\n3 \u2013 Wydzia\u0142 Elektryczny. Aula Du\u017ca<br \/>\n4 \u2013 Wydzia\u0142 Budownictwa i Nauk o \u015arodowisku<br \/>\n5 \u2013 Centrum INNO-EKO-TECH<br \/>\n6 \u2013 Centrum Nowoczesnego Kszta\u0142cenia PB:<br \/>\n&nbsp;&nbsp;&nbsp;&nbsp;<strong>Studium J\u0119zyk\u00f3w Obcych (SJO)<\/strong><br \/>\n&nbsp;&nbsp;&nbsp;&nbsp;<strong>Centrum J\u0119zyka i Kultury Polskiej POLISH LAB<\/strong><br \/>\n&nbsp;&nbsp;&nbsp;&nbsp;&nbsp;&nbsp;&nbsp;Biblioteka G\u0142\u00f3wna<br \/>\n&nbsp;&nbsp;&nbsp;&nbsp;&nbsp;&nbsp;&nbsp;Dzia\u0142 Dydaktyki i Rekrutacji<br \/>\n7 \u2013 Centrum Sigma (Biuro Kanclerza, Centralny Punkt Rekrutacyjny, Strefa Studenta); Centrum Badawczo-Dydaktyczne Wydzia\u0142u Elektrycznego; Klub Studencki GWINT, ul. Zwierzyniecka 10<br \/>\n8 \u2013 Akademickie Centrum Sportu<br \/>\n9 \u2013 Kompleks kort\u00f3w i boisk Politechniki Bia\u0142ostockiej<\/p>\n<p>DS1 \u2013 Dom Studenta Alfa, ul. Zwierzyniecka 14<br \/>\nDS2 \u2013 Dom Studenta Beta, ul. Zwierzyniecka 12<br \/>\nDS3 \u2013 Dom Studenta Gamma, ul. Zwierzyniecka 8<br \/>\nDS4 \u2013 Dom Studenta Delta, ul. Zwierzyniecka 6<br \/>\nDS5 \u2013 Dom Studenta Epsilon, ul. Zwierzyniecka 4<\/p>\n","protected":false},"excerpt":{"rendered":"<p>&nbsp; Sekretariat SJO mgr Dorota Jerlecka 85 746 90 21 CNK &#8211; II pi\u0119tro, pok\u00f3j<\/p>\n","protected":false},"author":2,"featured_media":0,"parent":14,"menu_order":1,"comment_status":"closed","ping_status":"closed","template":"","meta":{"_acf_changed":false,"ngg_post_thumbnail":0,"footnotes":""},"class_list":["post-22","page","type-page","status-publish","hentry"],"acf":[],"yoast_head":"<!-- This site is optimized with the Yoast SEO plugin v27.0 - https:\/\/yoast.com\/product\/yoast-seo-wordpress\/ -->\n<title>Kontakt - Studium J\u0119zyk\u00f3w Obcych<\/title>\n<meta name=\"description\" content=\"&nbsp; Sekretariat SJO mgr Dorota Jerlecka 85 746 90 21 CNK - II pi\u0119tro, pok\u00f3j 12 Godziny pracy: poniedzia\u0142ek - pi\u0105tek, godz. 7:30 - 15:30 &nbsp; &nbsp;\" \/>\n<meta name=\"robots\" content=\"index, follow, max-snippet:-1, max-image-preview:large, max-video-preview:-1\" \/>\n<link rel=\"canonical\" href=\"https:\/\/pb.edu.pl\/sjo\/o-nas\/kontakt\/\" \/>\n<meta property=\"og:locale\" content=\"pl_PL\" \/>\n<meta property=\"og:type\" content=\"article\" \/>\n<meta property=\"og:title\" content=\"Kontakt - Studium J\u0119zyk\u00f3w Obcych\" \/>\n<meta property=\"og:description\" content=\"&nbsp; Sekretariat SJO mgr Dorota Jerlecka 85 746 90 21 CNK - II pi\u0119tro, pok\u00f3j 12 Godziny pracy: poniedzia\u0142ek - pi\u0105tek, godz. 7:30 - 15:30 &nbsp; &nbsp;\" \/>\n<meta property=\"og:url\" content=\"https:\/\/pb.edu.pl\/sjo\/o-nas\/kontakt\/\" \/>\n<meta property=\"og:site_name\" content=\"Studium J\u0119zyk\u00f3w Obcych\" \/>\n<meta property=\"article:modified_time\" content=\"2025-09-15T09:22:47+00:00\" \/>\n<meta property=\"og:image\" content=\"https:\/\/pb.edu.pl\/sjo\/wp-content\/uploads\/sites\/9\/2023\/04\/DJ.png\" \/>\n\t<meta property=\"og:image:width\" content=\"500\" \/>\n\t<meta property=\"og:image:height\" content=\"500\" \/>\n\t<meta property=\"og:image:type\" content=\"image\/png\" \/>\n<meta name=\"twitter:label1\" content=\"Szacowany czas czytania\" \/>\n\t<meta name=\"twitter:data1\" content=\"3 minuty\" \/>\n<script type=\"application\/ld+json\" class=\"yoast-schema-graph\">{\"@context\":\"https:\/\/schema.org\",\"@graph\":[{\"@type\":\"WebPage\",\"@id\":\"https:\/\/pb.edu.pl\/sjo\/o-nas\/kontakt\/\",\"url\":\"https:\/\/pb.edu.pl\/sjo\/o-nas\/kontakt\/\",\"name\":\"Kontakt - Studium J\u0119zyk\u00f3w Obcych\",\"isPartOf\":{\"@id\":\"https:\/\/pb.edu.pl\/sjo\/#website\"},\"primaryImageOfPage\":{\"@id\":\"https:\/\/pb.edu.pl\/sjo\/o-nas\/kontakt\/#primaryimage\"},\"image\":{\"@id\":\"https:\/\/pb.edu.pl\/sjo\/o-nas\/kontakt\/#primaryimage\"},\"thumbnailUrl\":\"https:\/\/pb.edu.pl\/sjo\/wp-content\/uploads\/sites\/9\/2023\/04\/DJ-300x300.png\",\"datePublished\":\"2017-11-11T16:31:52+00:00\",\"dateModified\":\"2025-09-15T09:22:47+00:00\",\"description\":\"&nbsp; Sekretariat SJO mgr Dorota Jerlecka 85 746 90 21 CNK - II pi\u0119tro, pok\u00f3j 12 Godziny pracy: poniedzia\u0142ek - pi\u0105tek, godz. 7:30 - 15:30 &nbsp; &nbsp;\",\"breadcrumb\":{\"@id\":\"https:\/\/pb.edu.pl\/sjo\/o-nas\/kontakt\/#breadcrumb\"},\"inLanguage\":\"pl-PL\",\"potentialAction\":[{\"@type\":\"ReadAction\",\"target\":[\"https:\/\/pb.edu.pl\/sjo\/o-nas\/kontakt\/\"]}]},{\"@type\":\"ImageObject\",\"inLanguage\":\"pl-PL\",\"@id\":\"https:\/\/pb.edu.pl\/sjo\/o-nas\/kontakt\/#primaryimage\",\"url\":\"https:\/\/pb.edu.pl\/sjo\/wp-content\/uploads\/sites\/9\/2023\/04\/DJ.png\",\"contentUrl\":\"https:\/\/pb.edu.pl\/sjo\/wp-content\/uploads\/sites\/9\/2023\/04\/DJ.png\",\"width\":500,\"height\":500},{\"@type\":\"BreadcrumbList\",\"@id\":\"https:\/\/pb.edu.pl\/sjo\/o-nas\/kontakt\/#breadcrumb\",\"itemListElement\":[{\"@type\":\"ListItem\",\"position\":1,\"name\":\"Home\",\"item\":\"https:\/\/pb.edu.pl\/sjo\/\"},{\"@type\":\"ListItem\",\"position\":2,\"name\":\"O nas\",\"item\":\"https:\/\/pb.edu.pl\/sjo\/o-nas\/\"},{\"@type\":\"ListItem\",\"position\":3,\"name\":\"Kontakt\"}]},{\"@type\":\"WebSite\",\"@id\":\"https:\/\/pb.edu.pl\/sjo\/#website\",\"url\":\"https:\/\/pb.edu.pl\/sjo\/\",\"name\":\"Studium J\u0119zyk\u00f3w Obcych\",\"description\":\"\",\"potentialAction\":[{\"@type\":\"SearchAction\",\"target\":{\"@type\":\"EntryPoint\",\"urlTemplate\":\"https:\/\/pb.edu.pl\/sjo\/?s={search_term_string}\"},\"query-input\":{\"@type\":\"PropertyValueSpecification\",\"valueRequired\":true,\"valueName\":\"search_term_string\"}}],\"inLanguage\":\"pl-PL\"}]}<\/script>\n<!-- \/ Yoast SEO plugin. -->","yoast_head_json":{"title":"Kontakt - Studium J\u0119zyk\u00f3w Obcych","description":"&nbsp; Sekretariat SJO mgr Dorota Jerlecka 85 746 90 21 CNK - II pi\u0119tro, pok\u00f3j 12 Godziny pracy: poniedzia\u0142ek - pi\u0105tek, godz. 7:30 - 15:30 &nbsp; &nbsp;","robots":{"index":"index","follow":"follow","max-snippet":"max-snippet:-1","max-image-preview":"max-image-preview:large","max-video-preview":"max-video-preview:-1"},"canonical":"https:\/\/pb.edu.pl\/sjo\/o-nas\/kontakt\/","og_locale":"pl_PL","og_type":"article","og_title":"Kontakt - Studium J\u0119zyk\u00f3w Obcych","og_description":"&nbsp; Sekretariat SJO mgr Dorota Jerlecka 85 746 90 21 CNK - II pi\u0119tro, pok\u00f3j 12 Godziny pracy: poniedzia\u0142ek - pi\u0105tek, godz. 7:30 - 15:30 &nbsp; &nbsp;","og_url":"https:\/\/pb.edu.pl\/sjo\/o-nas\/kontakt\/","og_site_name":"Studium J\u0119zyk\u00f3w Obcych","article_modified_time":"2025-09-15T09:22:47+00:00","og_image":[{"width":500,"height":500,"url":"https:\/\/pb.edu.pl\/sjo\/wp-content\/uploads\/sites\/9\/2023\/04\/DJ.png","type":"image\/png"}],"twitter_misc":{"Szacowany czas czytania":"3 minuty"},"schema":{"@context":"https:\/\/schema.org","@graph":[{"@type":"WebPage","@id":"https:\/\/pb.edu.pl\/sjo\/o-nas\/kontakt\/","url":"https:\/\/pb.edu.pl\/sjo\/o-nas\/kontakt\/","name":"Kontakt - Studium J\u0119zyk\u00f3w Obcych","isPartOf":{"@id":"https:\/\/pb.edu.pl\/sjo\/#website"},"primaryImageOfPage":{"@id":"https:\/\/pb.edu.pl\/sjo\/o-nas\/kontakt\/#primaryimage"},"image":{"@id":"https:\/\/pb.edu.pl\/sjo\/o-nas\/kontakt\/#primaryimage"},"thumbnailUrl":"https:\/\/pb.edu.pl\/sjo\/wp-content\/uploads\/sites\/9\/2023\/04\/DJ-300x300.png","datePublished":"2017-11-11T16:31:52+00:00","dateModified":"2025-09-15T09:22:47+00:00","description":"&nbsp; Sekretariat SJO mgr Dorota Jerlecka 85 746 90 21 CNK - II pi\u0119tro, pok\u00f3j 12 Godziny pracy: poniedzia\u0142ek - pi\u0105tek, godz. 7:30 - 15:30 &nbsp; &nbsp;","breadcrumb":{"@id":"https:\/\/pb.edu.pl\/sjo\/o-nas\/kontakt\/#breadcrumb"},"inLanguage":"pl-PL","potentialAction":[{"@type":"ReadAction","target":["https:\/\/pb.edu.pl\/sjo\/o-nas\/kontakt\/"]}]},{"@type":"ImageObject","inLanguage":"pl-PL","@id":"https:\/\/pb.edu.pl\/sjo\/o-nas\/kontakt\/#primaryimage","url":"https:\/\/pb.edu.pl\/sjo\/wp-content\/uploads\/sites\/9\/2023\/04\/DJ.png","contentUrl":"https:\/\/pb.edu.pl\/sjo\/wp-content\/uploads\/sites\/9\/2023\/04\/DJ.png","width":500,"height":500},{"@type":"BreadcrumbList","@id":"https:\/\/pb.edu.pl\/sjo\/o-nas\/kontakt\/#breadcrumb","itemListElement":[{"@type":"ListItem","position":1,"name":"Home","item":"https:\/\/pb.edu.pl\/sjo\/"},{"@type":"ListItem","position":2,"name":"O nas","item":"https:\/\/pb.edu.pl\/sjo\/o-nas\/"},{"@type":"ListItem","position":3,"name":"Kontakt"}]},{"@type":"WebSite","@id":"https:\/\/pb.edu.pl\/sjo\/#website","url":"https:\/\/pb.edu.pl\/sjo\/","name":"Studium J\u0119zyk\u00f3w Obcych","description":"","potentialAction":[{"@type":"SearchAction","target":{"@type":"EntryPoint","urlTemplate":"https:\/\/pb.edu.pl\/sjo\/?s={search_term_string}"},"query-input":{"@type":"PropertyValueSpecification","valueRequired":true,"valueName":"search_term_string"}}],"inLanguage":"pl-PL"}]}},"_links":{"self":[{"href":"https:\/\/pb.edu.pl\/sjo\/wp-json\/wp\/v2\/pages\/22","targetHints":{"allow":["GET"]}}],"collection":[{"href":"https:\/\/pb.edu.pl\/sjo\/wp-json\/wp\/v2\/pages"}],"about":[{"href":"https:\/\/pb.edu.pl\/sjo\/wp-json\/wp\/v2\/types\/page"}],"author":[{"embeddable":true,"href":"https:\/\/pb.edu.pl\/sjo\/wp-json\/wp\/v2\/users\/2"}],"replies":[{"embeddable":true,"href":"https:\/\/pb.edu.pl\/sjo\/wp-json\/wp\/v2\/comments?post=22"}],"version-history":[{"count":0,"href":"https:\/\/pb.edu.pl\/sjo\/wp-json\/wp\/v2\/pages\/22\/revisions"}],"up":[{"embeddable":true,"href":"https:\/\/pb.edu.pl\/sjo\/wp-json\/wp\/v2\/pages\/14"}],"wp:attachment":[{"href":"https:\/\/pb.edu.pl\/sjo\/wp-json\/wp\/v2\/media?parent=22"}],"curies":[{"name":"wp","href":"https:\/\/api.w.org\/{rel}","templated":true}]}}