{"id":21706,"date":"2023-09-08T13:00:19","date_gmt":"2023-09-08T11:00:19","guid":{"rendered":"https:\/\/pb.edu.pl\/sjo\/?page_id=21706"},"modified":"2023-09-26T11:58:58","modified_gmt":"2023-09-26T09:58:58","slug":"golabki","status":"publish","type":"page","link":"https:\/\/pb.edu.pl\/sjo\/polish-lab\/czy-wiecie-ze\/golabki\/","title":{"rendered":"Go\u0142\u0105bki"},"content":{"rendered":"<p><span style=\"font-family: verdana, geneva, sans-serif;font-size: 12pt\">Ulubione danie g\u0142\u00f3wne na polskich sto\u0142ach. Przygotowanie go\u0142\u0105bk\u00f3w zajmuje naprawd\u0119 sporo czasu, ale nie zniech\u0119ca to nawet os\u00f3b, kt\u00f3re niepewnie czuj\u0105 si\u0119 w roli kucharza. Dlaczego? Bo to absolutnie wyborne danie!<\/span><\/p>\n<p><span style=\"font-family: verdana, geneva, sans-serif;font-size: 12pt\">Tradycyjne go\u0142\u0105bki to potrawa z mielonego lub siekanego mi\u0119sa zmieszanego z ry\u017cem i zawini\u0119tego w li\u015bcie kapusty. Kapusta mo\u017ce by\u0107 bia\u0142a lub peki\u0144ska, czy w\u0142oska. Tak przygotowane, ciasno u\u0142o\u017cone jeden obok drugiego, gotujemy d\u0142ugo na wolnym ogniu lub pieczemy w piekarniku.<\/span><\/p>\n<p><span style=\"font-family: verdana, geneva, sans-serif;font-size: 12pt\">Jakie mi\u0119so zazwyczaj wybieramy do go\u0142\u0105bk\u00f3w? Pasuje do nich wieprzowina, baranina, dr\u00f3b, jagni\u0119cina oraz wo\u0142owina. Je\u015bli chodzi o ry\u017c, to mo\u017cna go zast\u0105pi\u0107 kasz\u0105 jaglan\u0105, j\u0119czmienn\u0105, lub te\u017c kasz\u0105 p\u0119czak czy gryczan\u0105.&nbsp;&nbsp;<\/span><\/p>\n<p><span style=\"font-family: verdana, geneva, sans-serif;font-size: 12pt\">Danie serwujemy zwykle oblane aromatycznym sosem, z gotowanymi ziemniakami. Najbardziej typowy jest g\u0119sty sos pomidorowy, ale go\u0142\u0105bki doskonale smakuj\u0105 zar\u00f3wno z tym koperkowo-\u015bmietanowym, jak i czosnkowym czy pieczeniowym.<\/span><\/p>\n<p><strong><span style=\"font-family: verdana, geneva, sans-serif;font-size: 12pt\">Smacznego!<\/span><\/strong><\/p>\n<p><span style=\"font-family: verdana, geneva, sans-serif;font-size: 12pt\">Pozostaje jeszcze do wyja\u015bnienia nazwa i tu nie ma zgodno\u015bci w\u015br\u00f3d j\u0119zykoznawc\u00f3w. Jak podaje Narodowy Instytut Kultury: \u201ecz\u0119\u015b\u0107 badaczy uwa\u017ca, \u017ce zapo\u017cyczyli\u015bmy potraw\u0119 wraz z nazw\u0105 z j\u0119zyk\u00f3w wschodnios\u0142owia\u0144skich. Nazwa by\u0142aby w\u00f3wczas symboliczna \u2013 go\u0142\u0119biom przypisywano m.in. takie cechy, jak czysto\u015b\u0107 i si\u0142a, wi\u0119c GO\u0141\u0104BKI by\u0142yby potraw\u0105, kt\u00f3ra dodaje si\u0142y [\u2026]. Inni badacze s\u0105 zdania, \u017ce GO\u0141\u0104BKI jako nazwa powsta\u0142y na gruncie polskim przez nawi\u0105zanie do eleganckiej potrawy rodem z Francji: faszerowanych go\u0142\u0119bi pieczonych w li\u015bciach kapusty. \u017beby delikatne mi\u0119so go\u0142\u0119bia nie wysycha\u0142o podczas pieczenia, owijano go w kapu\u015bciane li\u015bcie\u201d.<\/span><\/p>\n<div id='gallery-1' class='gallery galleryid-21706 gallery-columns-3 gallery-size-large'><figure class='gallery-item'>\n\t\t\t<div class='gallery-icon landscape'>\n\t\t\t\t<a href='https:\/\/pb.edu.pl\/sjo\/polish-lab\/czy-wiecie-ze\/golabki\/golabki\/'><img loading=\"lazy\" decoding=\"async\" width=\"1024\" height=\"683\" src=\"https:\/\/pb.edu.pl\/sjo\/wp-content\/uploads\/sites\/9\/2023\/09\/golabki-AdobeStock_55716657-1024x683.jpeg\" class=\"attachment-large size-large\" alt=\"Danie obiadowe - trzy go\u0142\u0105bki\" srcset=\"https:\/\/pb.edu.pl\/sjo\/wp-content\/uploads\/sites\/9\/2023\/09\/golabki-AdobeStock_55716657-1024x683.jpeg 1024w, https:\/\/pb.edu.pl\/sjo\/wp-content\/uploads\/sites\/9\/2023\/09\/golabki-AdobeStock_55716657-300x200.jpeg 300w, https:\/\/pb.edu.pl\/sjo\/wp-content\/uploads\/sites\/9\/2023\/09\/golabki-AdobeStock_55716657-768x512.jpeg 768w, https:\/\/pb.edu.pl\/sjo\/wp-content\/uploads\/sites\/9\/2023\/09\/golabki-AdobeStock_55716657-1536x1024.jpeg 1536w, https:\/\/pb.edu.pl\/sjo\/wp-content\/uploads\/sites\/9\/2023\/09\/golabki-AdobeStock_55716657-2048x1365.jpeg 2048w, https:\/\/pb.edu.pl\/sjo\/wp-content\/uploads\/sites\/9\/2023\/09\/golabki-AdobeStock_55716657-480x320.jpeg 480w\" sizes=\"auto, (max-width: 1024px) 100vw, 1024px\" \/><\/a>\n\t\t\t<\/div><\/figure><figure class='gallery-item'>\n\t\t\t<div class='gallery-icon landscape'>\n\t\t\t\t<a href='https:\/\/pb.edu.pl\/sjo\/polish-lab\/czy-wiecie-ze\/golabki\/kapusta-faszerowana-golabki\/'><img loading=\"lazy\" decoding=\"async\" width=\"1024\" height=\"705\" src=\"https:\/\/pb.edu.pl\/sjo\/wp-content\/uploads\/sites\/9\/2023\/09\/golabki-AdobeStock_54211768-1024x705.jpeg\" class=\"attachment-large size-large\" alt=\"Danie obiadowe - dwa go\u0142\u0105bki i li\u015bcie kapusty\" aria-describedby=\"gallery-1-21744\" srcset=\"https:\/\/pb.edu.pl\/sjo\/wp-content\/uploads\/sites\/9\/2023\/09\/golabki-AdobeStock_54211768-1024x705.jpeg 1024w, https:\/\/pb.edu.pl\/sjo\/wp-content\/uploads\/sites\/9\/2023\/09\/golabki-AdobeStock_54211768-300x207.jpeg 300w, https:\/\/pb.edu.pl\/sjo\/wp-content\/uploads\/sites\/9\/2023\/09\/golabki-AdobeStock_54211768-768x529.jpeg 768w, https:\/\/pb.edu.pl\/sjo\/wp-content\/uploads\/sites\/9\/2023\/09\/golabki-AdobeStock_54211768-1536x1058.jpeg 1536w, https:\/\/pb.edu.pl\/sjo\/wp-content\/uploads\/sites\/9\/2023\/09\/golabki-AdobeStock_54211768-2048x1410.jpeg 2048w\" sizes=\"auto, (max-width: 1024px) 100vw, 1024px\" \/><\/a>\n\t\t\t<\/div>\n\t\t\t\t<figcaption class='wp-caption-text gallery-caption' id='gallery-1-21744'>\n\t\t\t\tphotos: Adobe Stock\n\t\t\t\t<\/figcaption><\/figure><figure class='gallery-item'>\n\t\t\t<div class='gallery-icon landscape'>\n\t\t\t\t<a href='https:\/\/pb.edu.pl\/sjo\/polish-lab\/czy-wiecie-ze\/golabki\/golabki-3\/'><img loading=\"lazy\" decoding=\"async\" width=\"1024\" height=\"683\" src=\"https:\/\/pb.edu.pl\/sjo\/wp-content\/uploads\/sites\/9\/2023\/09\/golabki-AdobeStock_1852871282-1024x683.jpeg\" class=\"attachment-large size-large\" alt=\"Danie obiadowe - trzy go\u0142\u0105bki w li\u015bciach kapusty\" srcset=\"https:\/\/pb.edu.pl\/sjo\/wp-content\/uploads\/sites\/9\/2023\/09\/golabki-AdobeStock_1852871282-1024x683.jpeg 1024w, https:\/\/pb.edu.pl\/sjo\/wp-content\/uploads\/sites\/9\/2023\/09\/golabki-AdobeStock_1852871282-300x200.jpeg 300w, https:\/\/pb.edu.pl\/sjo\/wp-content\/uploads\/sites\/9\/2023\/09\/golabki-AdobeStock_1852871282-768x512.jpeg 768w, https:\/\/pb.edu.pl\/sjo\/wp-content\/uploads\/sites\/9\/2023\/09\/golabki-AdobeStock_1852871282-1536x1024.jpeg 1536w, https:\/\/pb.edu.pl\/sjo\/wp-content\/uploads\/sites\/9\/2023\/09\/golabki-AdobeStock_1852871282-2048x1365.jpeg 2048w, https:\/\/pb.edu.pl\/sjo\/wp-content\/uploads\/sites\/9\/2023\/09\/golabki-AdobeStock_1852871282-480x320.jpeg 480w\" sizes=\"auto, (max-width: 1024px) 100vw, 1024px\" \/><\/a>\n\t\t\t<\/div><\/figure>\n\t\t<\/div>\n\n<p>&nbsp;<\/p>\n<p><span style=\"font-family: verdana, geneva, sans-serif;font-size: 12pt\">I na koniec, czy znacie takie przys\u0142owie:<\/span><\/p>\n<h1 style=\"padding-left: 40px\"><span style=\"font-family: book antiqua, palatino, serif;color: #339966;font-size: 18pt\">Pieczone go\u0142\u0105bki nie lec\u0105 same do g\u0105bki<\/span><\/h1>\n<p><span style=\"font-family: verdana, geneva, sans-serif;font-size: 12pt\">&nbsp;&#8211; m\u00f3wimy tak, gdy chcemy podkre\u015bli\u0107, \u017ce aby co\u015b osi\u0105gn\u0105\u0107, trzeba si\u0119 wysili\u0107 i na to zapracowa\u0107.<\/span><\/p>\n<div id='gallery-2' class='gallery galleryid-21706 gallery-columns-2 gallery-size-large'><figure class='gallery-item'>\n\t\t\t<div class='gallery-icon landscape'>\n\t\t\t\t<a href='https:\/\/pb.edu.pl\/sjo\/polish-lab\/czy-wiecie-ze\/golabki\/golabki-attribution-2-0-generic-cc-by-2-0-by-marco-verch-professional-photographer\/'><img loading=\"lazy\" decoding=\"async\" width=\"1024\" height=\"683\" src=\"https:\/\/pb.edu.pl\/sjo\/wp-content\/uploads\/sites\/9\/2023\/09\/golabki-Attribution-2.0-Generic-CC-BY-2.0-by-Marco-Verch-Professional-Photographer-1024x683.jpg\" class=\"attachment-large size-large\" alt=\"Danie obiadowe - dwa rozkrojone go\u0142\u0105bki\" aria-describedby=\"gallery-2-21750\" srcset=\"https:\/\/pb.edu.pl\/sjo\/wp-content\/uploads\/sites\/9\/2023\/09\/golabki-Attribution-2.0-Generic-CC-BY-2.0-by-Marco-Verch-Professional-Photographer-1024x683.jpg 1024w, https:\/\/pb.edu.pl\/sjo\/wp-content\/uploads\/sites\/9\/2023\/09\/golabki-Attribution-2.0-Generic-CC-BY-2.0-by-Marco-Verch-Professional-Photographer-300x200.jpg 300w, https:\/\/pb.edu.pl\/sjo\/wp-content\/uploads\/sites\/9\/2023\/09\/golabki-Attribution-2.0-Generic-CC-BY-2.0-by-Marco-Verch-Professional-Photographer-768x512.jpg 768w, https:\/\/pb.edu.pl\/sjo\/wp-content\/uploads\/sites\/9\/2023\/09\/golabki-Attribution-2.0-Generic-CC-BY-2.0-by-Marco-Verch-Professional-Photographer-1536x1024.jpg 1536w, https:\/\/pb.edu.pl\/sjo\/wp-content\/uploads\/sites\/9\/2023\/09\/golabki-Attribution-2.0-Generic-CC-BY-2.0-by-Marco-Verch-Professional-Photographer-480x320.jpg 480w, https:\/\/pb.edu.pl\/sjo\/wp-content\/uploads\/sites\/9\/2023\/09\/golabki-Attribution-2.0-Generic-CC-BY-2.0-by-Marco-Verch-Professional-Photographer.jpg 2048w\" sizes=\"auto, (max-width: 1024px) 100vw, 1024px\" \/><\/a>\n\t\t\t<\/div>\n\t\t\t\t<figcaption class='wp-caption-text gallery-caption' id='gallery-2-21750'>\n\t\t\t\t Attribution 2.0 Generic (CC BY 2.0) by Marco Verch Professional Photographer\n\t\t\t\t<\/figcaption><\/figure>\n\t\t<\/div>\n\n<p>&nbsp;<\/p>\n","protected":false},"excerpt":{"rendered":"<p>Ulubione danie g\u0142\u00f3wne na polskich sto\u0142ach. Przygotowanie go\u0142\u0105bk\u00f3w zajmuje naprawd\u0119 sporo czasu, ale nie zniech\u0119ca<\/p>\n","protected":false},"author":6,"featured_media":0,"parent":8281,"menu_order":0,"comment_status":"closed","ping_status":"closed","template":"","meta":{"_acf_changed":false,"ngg_post_thumbnail":0,"footnotes":""},"class_list":["post-21706","page","type-page","status-publish","hentry"],"acf":[],"yoast_head":"<!-- This site is optimized with the Yoast SEO plugin v27.0 - https:\/\/yoast.com\/product\/yoast-seo-wordpress\/ -->\n<title>Go\u0142\u0105bki - Studium J\u0119zyk\u00f3w Obcych<\/title>\n<meta name=\"description\" content=\"Ulubione danie g\u0142\u00f3wne na polskich sto\u0142ach. Przygotowanie go\u0142\u0105bk\u00f3w zajmuje naprawd\u0119 sporo czasu, ale nie zniech\u0119ca to nawet os\u00f3b, kt\u00f3re niepewnie czuj\u0105 si\u0119\" \/>\n<meta name=\"robots\" content=\"index, follow, max-snippet:-1, max-image-preview:large, max-video-preview:-1\" \/>\n<link rel=\"canonical\" href=\"https:\/\/pb.edu.pl\/sjo\/polish-lab\/czy-wiecie-ze\/golabki\/\" \/>\n<meta property=\"og:locale\" content=\"pl_PL\" \/>\n<meta property=\"og:type\" content=\"article\" \/>\n<meta property=\"og:title\" content=\"Go\u0142\u0105bki - Studium J\u0119zyk\u00f3w Obcych\" \/>\n<meta property=\"og:description\" content=\"Ulubione danie g\u0142\u00f3wne na polskich sto\u0142ach. Przygotowanie go\u0142\u0105bk\u00f3w zajmuje naprawd\u0119 sporo czasu, ale nie zniech\u0119ca to nawet os\u00f3b, kt\u00f3re niepewnie czuj\u0105 si\u0119\" \/>\n<meta property=\"og:url\" content=\"https:\/\/pb.edu.pl\/sjo\/polish-lab\/czy-wiecie-ze\/golabki\/\" \/>\n<meta property=\"og:site_name\" content=\"Studium J\u0119zyk\u00f3w Obcych\" \/>\n<meta property=\"article:modified_time\" content=\"2023-09-26T09:58:58+00:00\" \/>\n<meta property=\"og:image\" content=\"https:\/\/pb.edu.pl\/sjo\/wp-content\/uploads\/sites\/9\/2023\/09\/golabki-AdobeStock_55716657-1024x683.jpeg\" \/>\n<meta name=\"twitter:label1\" content=\"Szacowany czas czytania\" \/>\n\t<meta name=\"twitter:data1\" content=\"2 minuty\" \/>\n<script type=\"application\/ld+json\" class=\"yoast-schema-graph\">{\"@context\":\"https:\/\/schema.org\",\"@graph\":[{\"@type\":\"WebPage\",\"@id\":\"https:\/\/pb.edu.pl\/sjo\/polish-lab\/czy-wiecie-ze\/golabki\/\",\"url\":\"https:\/\/pb.edu.pl\/sjo\/polish-lab\/czy-wiecie-ze\/golabki\/\",\"name\":\"Go\u0142\u0105bki - Studium J\u0119zyk\u00f3w Obcych\",\"isPartOf\":{\"@id\":\"https:\/\/pb.edu.pl\/sjo\/#website\"},\"datePublished\":\"2023-09-08T11:00:19+00:00\",\"dateModified\":\"2023-09-26T09:58:58+00:00\",\"description\":\"Ulubione danie g\u0142\u00f3wne na polskich sto\u0142ach. Przygotowanie go\u0142\u0105bk\u00f3w zajmuje naprawd\u0119 sporo czasu, ale nie zniech\u0119ca to nawet os\u00f3b, kt\u00f3re niepewnie czuj\u0105 si\u0119\",\"breadcrumb\":{\"@id\":\"https:\/\/pb.edu.pl\/sjo\/polish-lab\/czy-wiecie-ze\/golabki\/#breadcrumb\"},\"inLanguage\":\"pl-PL\",\"potentialAction\":[{\"@type\":\"ReadAction\",\"target\":[\"https:\/\/pb.edu.pl\/sjo\/polish-lab\/czy-wiecie-ze\/golabki\/\"]}]},{\"@type\":\"BreadcrumbList\",\"@id\":\"https:\/\/pb.edu.pl\/sjo\/polish-lab\/czy-wiecie-ze\/golabki\/#breadcrumb\",\"itemListElement\":[{\"@type\":\"ListItem\",\"position\":1,\"name\":\"Home\",\"item\":\"https:\/\/pb.edu.pl\/sjo\/\"},{\"@type\":\"ListItem\",\"position\":2,\"name\":\"Centrum J\u0119zyka i Kultury Polskiej POLISH LAB\",\"item\":\"https:\/\/pb.edu.pl\/sjo\/polish-lab\/\"},{\"@type\":\"ListItem\",\"position\":3,\"name\":\"O Polsce i Polakach\",\"item\":\"https:\/\/pb.edu.pl\/sjo\/polish-lab\/czy-wiecie-ze\/\"},{\"@type\":\"ListItem\",\"position\":4,\"name\":\"Go\u0142\u0105bki\"}]},{\"@type\":\"WebSite\",\"@id\":\"https:\/\/pb.edu.pl\/sjo\/#website\",\"url\":\"https:\/\/pb.edu.pl\/sjo\/\",\"name\":\"Studium J\u0119zyk\u00f3w Obcych\",\"description\":\"\",\"potentialAction\":[{\"@type\":\"SearchAction\",\"target\":{\"@type\":\"EntryPoint\",\"urlTemplate\":\"https:\/\/pb.edu.pl\/sjo\/?s={search_term_string}\"},\"query-input\":{\"@type\":\"PropertyValueSpecification\",\"valueRequired\":true,\"valueName\":\"search_term_string\"}}],\"inLanguage\":\"pl-PL\"}]}<\/script>\n<!-- \/ Yoast SEO plugin. -->","yoast_head_json":{"title":"Go\u0142\u0105bki - Studium J\u0119zyk\u00f3w Obcych","description":"Ulubione danie g\u0142\u00f3wne na polskich sto\u0142ach. Przygotowanie go\u0142\u0105bk\u00f3w zajmuje naprawd\u0119 sporo czasu, ale nie zniech\u0119ca to nawet os\u00f3b, kt\u00f3re niepewnie czuj\u0105 si\u0119","robots":{"index":"index","follow":"follow","max-snippet":"max-snippet:-1","max-image-preview":"max-image-preview:large","max-video-preview":"max-video-preview:-1"},"canonical":"https:\/\/pb.edu.pl\/sjo\/polish-lab\/czy-wiecie-ze\/golabki\/","og_locale":"pl_PL","og_type":"article","og_title":"Go\u0142\u0105bki - Studium J\u0119zyk\u00f3w Obcych","og_description":"Ulubione danie g\u0142\u00f3wne na polskich sto\u0142ach. Przygotowanie go\u0142\u0105bk\u00f3w zajmuje naprawd\u0119 sporo czasu, ale nie zniech\u0119ca to nawet os\u00f3b, kt\u00f3re niepewnie czuj\u0105 si\u0119","og_url":"https:\/\/pb.edu.pl\/sjo\/polish-lab\/czy-wiecie-ze\/golabki\/","og_site_name":"Studium J\u0119zyk\u00f3w Obcych","article_modified_time":"2023-09-26T09:58:58+00:00","og_image":[{"url":"https:\/\/pb.edu.pl\/sjo\/wp-content\/uploads\/sites\/9\/2023\/09\/golabki-AdobeStock_55716657-1024x683.jpeg","type":"","width":"","height":""}],"twitter_misc":{"Szacowany czas czytania":"2 minuty"},"schema":{"@context":"https:\/\/schema.org","@graph":[{"@type":"WebPage","@id":"https:\/\/pb.edu.pl\/sjo\/polish-lab\/czy-wiecie-ze\/golabki\/","url":"https:\/\/pb.edu.pl\/sjo\/polish-lab\/czy-wiecie-ze\/golabki\/","name":"Go\u0142\u0105bki - Studium J\u0119zyk\u00f3w Obcych","isPartOf":{"@id":"https:\/\/pb.edu.pl\/sjo\/#website"},"datePublished":"2023-09-08T11:00:19+00:00","dateModified":"2023-09-26T09:58:58+00:00","description":"Ulubione danie g\u0142\u00f3wne na polskich sto\u0142ach. Przygotowanie go\u0142\u0105bk\u00f3w zajmuje naprawd\u0119 sporo czasu, ale nie zniech\u0119ca to nawet os\u00f3b, kt\u00f3re niepewnie czuj\u0105 si\u0119","breadcrumb":{"@id":"https:\/\/pb.edu.pl\/sjo\/polish-lab\/czy-wiecie-ze\/golabki\/#breadcrumb"},"inLanguage":"pl-PL","potentialAction":[{"@type":"ReadAction","target":["https:\/\/pb.edu.pl\/sjo\/polish-lab\/czy-wiecie-ze\/golabki\/"]}]},{"@type":"BreadcrumbList","@id":"https:\/\/pb.edu.pl\/sjo\/polish-lab\/czy-wiecie-ze\/golabki\/#breadcrumb","itemListElement":[{"@type":"ListItem","position":1,"name":"Home","item":"https:\/\/pb.edu.pl\/sjo\/"},{"@type":"ListItem","position":2,"name":"Centrum J\u0119zyka i Kultury Polskiej POLISH LAB","item":"https:\/\/pb.edu.pl\/sjo\/polish-lab\/"},{"@type":"ListItem","position":3,"name":"O Polsce i Polakach","item":"https:\/\/pb.edu.pl\/sjo\/polish-lab\/czy-wiecie-ze\/"},{"@type":"ListItem","position":4,"name":"Go\u0142\u0105bki"}]},{"@type":"WebSite","@id":"https:\/\/pb.edu.pl\/sjo\/#website","url":"https:\/\/pb.edu.pl\/sjo\/","name":"Studium J\u0119zyk\u00f3w Obcych","description":"","potentialAction":[{"@type":"SearchAction","target":{"@type":"EntryPoint","urlTemplate":"https:\/\/pb.edu.pl\/sjo\/?s={search_term_string}"},"query-input":{"@type":"PropertyValueSpecification","valueRequired":true,"valueName":"search_term_string"}}],"inLanguage":"pl-PL"}]}},"_links":{"self":[{"href":"https:\/\/pb.edu.pl\/sjo\/wp-json\/wp\/v2\/pages\/21706","targetHints":{"allow":["GET"]}}],"collection":[{"href":"https:\/\/pb.edu.pl\/sjo\/wp-json\/wp\/v2\/pages"}],"about":[{"href":"https:\/\/pb.edu.pl\/sjo\/wp-json\/wp\/v2\/types\/page"}],"author":[{"embeddable":true,"href":"https:\/\/pb.edu.pl\/sjo\/wp-json\/wp\/v2\/users\/6"}],"replies":[{"embeddable":true,"href":"https:\/\/pb.edu.pl\/sjo\/wp-json\/wp\/v2\/comments?post=21706"}],"version-history":[{"count":0,"href":"https:\/\/pb.edu.pl\/sjo\/wp-json\/wp\/v2\/pages\/21706\/revisions"}],"up":[{"embeddable":true,"href":"https:\/\/pb.edu.pl\/sjo\/wp-json\/wp\/v2\/pages\/8281"}],"wp:attachment":[{"href":"https:\/\/pb.edu.pl\/sjo\/wp-json\/wp\/v2\/media?parent=21706"}],"curies":[{"name":"wp","href":"https:\/\/api.w.org\/{rel}","templated":true}]}}