{"id":21369,"date":"2023-08-17T09:39:46","date_gmt":"2023-08-17T07:39:46","guid":{"rendered":"https:\/\/pb.edu.pl\/sjo\/?page_id=21369"},"modified":"2023-08-17T11:38:51","modified_gmt":"2023-08-17T09:38:51","slug":"szkolenia","status":"publish","type":"page","link":"https:\/\/pb.edu.pl\/sjo\/projekty-2-2\/program-tutorski\/szkolenia\/","title":{"rendered":"Szkolenia"},"content":{"rendered":"\t\t<div class=\"box news-box \">\n\t\t<div class=\"row\">\n\t\t\t\n\t\t\t\n\t\t\t\t\n\t\t\t\t\t\t\t\t\t\t<div class=\"col-sm-3\">\n\t\t\t\t\t\t\t\n<article class=\"format-standard\">\n    <span class=\"date text-right\"><i class=\"fal fa-calendar-alt\"><\/i> 03-10-2025<\/span>\n    <a href=\"https:\/\/pb.edu.pl\/sjo\/2025\/10\/03\/wykladowczynie-sjo-na-xii-ogolnopolskim-kongresie-tutoringu\/\">\n      <div class=\"article-image\">\n        <img loading=\"lazy\" decoding=\"async\" width=\"480\" height=\"300\" src=\"https:\/\/pb.edu.pl\/sjo\/wp-content\/uploads\/sites\/9\/2025\/10\/XII-OGOLNOPOLSKI-KONGRES-TUTORINGU-480x300.png\" class=\"attachment-medium-image-16x10 size-medium-image-16x10 wp-post-image\" alt=\"\" srcset=\"https:\/\/pb.edu.pl\/sjo\/wp-content\/uploads\/sites\/9\/2025\/10\/XII-OGOLNOPOLSKI-KONGRES-TUTORINGU-480x300.png 480w, https:\/\/pb.edu.pl\/sjo\/wp-content\/uploads\/sites\/9\/2025\/10\/XII-OGOLNOPOLSKI-KONGRES-TUTORINGU-300x188.png 300w, https:\/\/pb.edu.pl\/sjo\/wp-content\/uploads\/sites\/9\/2025\/10\/XII-OGOLNOPOLSKI-KONGRES-TUTORINGU-1024x640.png 1024w, https:\/\/pb.edu.pl\/sjo\/wp-content\/uploads\/sites\/9\/2025\/10\/XII-OGOLNOPOLSKI-KONGRES-TUTORINGU-768x480.png 768w, https:\/\/pb.edu.pl\/sjo\/wp-content\/uploads\/sites\/9\/2025\/10\/XII-OGOLNOPOLSKI-KONGRES-TUTORINGU.png 1080w\" sizes=\"auto, (max-width: 480px) 100vw, 480px\" \/>      <\/div>\n      <h3>Wyk\u0142adowczynie SJO na XII Og\u00f3lnopolskim Kongresie Tutoringu<\/h3>\n      Jak wiadomo, Wroc\u0142aw jest miastem spotka\u0144. My w Studium J\u0119zyk\u00f3w Obcych    <\/a>\n<\/article>\t\t\t\t\t\t<\/div>\n\t\t\t\t\t\t\t\t\t\t\t<div class=\"col-sm-3\">\n\t\t\t\t\t\t\t\n<article class=\"format-standard\">\n    <span class=\"date text-right\"><i class=\"fal fa-calendar-alt\"><\/i> 13-11-2024<\/span>\n    <a href=\"https:\/\/pb.edu.pl\/sjo\/2024\/11\/13\/wyniki-konkursu-na-haslo-przewodnie-xii-kongresu-tutoringu\/\">\n      <div class=\"article-image\">\n        <img loading=\"lazy\" decoding=\"async\" width=\"480\" height=\"300\" src=\"https:\/\/pb.edu.pl\/sjo\/wp-content\/uploads\/sites\/9\/2024\/11\/aktualnosci-www-1-480x300.png\" class=\"attachment-medium-image-16x10 size-medium-image-16x10 wp-post-image\" alt=\"\" srcset=\"https:\/\/pb.edu.pl\/sjo\/wp-content\/uploads\/sites\/9\/2024\/11\/aktualnosci-www-1-480x300.png 480w, https:\/\/pb.edu.pl\/sjo\/wp-content\/uploads\/sites\/9\/2024\/11\/aktualnosci-www-1-300x188.png 300w, https:\/\/pb.edu.pl\/sjo\/wp-content\/uploads\/sites\/9\/2024\/11\/aktualnosci-www-1-1024x640.png 1024w, https:\/\/pb.edu.pl\/sjo\/wp-content\/uploads\/sites\/9\/2024\/11\/aktualnosci-www-1-768x480.png 768w, https:\/\/pb.edu.pl\/sjo\/wp-content\/uploads\/sites\/9\/2024\/11\/aktualnosci-www-1.png 1080w\" sizes=\"auto, (max-width: 480px) 100vw, 480px\" \/>      <\/div>\n      <h3>Wyniki konkursu na has\u0142o przewodnie XII Kongresu Tutoringu<\/h3>\n      Z rado\u015bci\u0105 informujemy, \u017ce konkurs na temat przewodni XII Kongresu Tutoringu,    <\/a>\n<\/article>\t\t\t\t\t\t<\/div>\n\t\t\t\t\t\t\t\t\t\t\t<div class=\"col-sm-3\">\n\t\t\t\t\t\t\t\n<article class=\"format-standard\">\n    <span class=\"date text-right\"><i class=\"fal fa-calendar-alt\"><\/i> 17-08-2023<\/span>\n    <a href=\"https:\/\/pb.edu.pl\/sjo\/2023\/08\/17\/21418\/\">\n      <div class=\"article-image\">\n        <img loading=\"lazy\" decoding=\"async\" width=\"480\" height=\"300\" src=\"https:\/\/pb.edu.pl\/sjo\/wp-content\/uploads\/sites\/9\/2023\/07\/3-480x300.png\" class=\"attachment-medium-image-16x10 size-medium-image-16x10 wp-post-image\" alt=\"\" \/>      <\/div>\n      <h3>Kolejni tutorzy w SJO<\/h3>\n      W czasie przerwy wakacyjnej kolejna grupa wyk\u0142adowczy\u0144 SJO uczestniczy\u0142a w \u201eSzkole    <\/a>\n<\/article>\t\t\t\t\t\t<\/div>\n\t\t\t\t\t\t\t\t\t\t\t<div class=\"col-sm-3\">\n\t\t\t\t\t\t\t\n<article class=\"format-standard\">\n    <span class=\"date text-right\"><i class=\"fal fa-calendar-alt\"><\/i> 28-09-2020<\/span>\n    <a href=\"https:\/\/pb.edu.pl\/sjo\/2020\/09\/28\/szkola-tutorow-akademickich\/\">\n      <div class=\"article-image\">\n        <img loading=\"lazy\" decoding=\"async\" width=\"480\" height=\"300\" src=\"https:\/\/pb.edu.pl\/sjo\/wp-content\/uploads\/sites\/9\/2020\/09\/DSC_0297-480x300.jpg\" class=\"attachment-medium-image-16x10 size-medium-image-16x10 wp-post-image\" alt=\"\" \/>      <\/div>\n      <h3>Szko\u0142a Tutor\u00f3w Akademickich<\/h3>\n      W ramach projektu PB2020 w dniach 07.09-10.09.2020 oraz 21.09-24.09.2020 w Studium    <\/a>\n<\/article>\t\t\t\t\t\t<\/div>\n\t\t\t\t\t\n\t\t\t\t\n\t\t\t\t\t<\/div>\n\t\t\t\t\t<\/div>\n\n","protected":false},"excerpt":{"rendered":"","protected":false},"author":6,"featured_media":0,"parent":19547,"menu_order":0,"comment_status":"closed","ping_status":"closed","template":"","meta":{"_acf_changed":false,"ngg_post_thumbnail":0,"footnotes":""},"class_list":["post-21369","page","type-page","status-publish","hentry"],"acf":[],"yoast_head":"<!-- This site is optimized with the Yoast SEO plugin v27.0 - https:\/\/yoast.com\/product\/yoast-seo-wordpress\/ -->\n<title>Szkolenia - Studium J\u0119zyk\u00f3w Obcych<\/title>\n<meta name=\"robots\" content=\"index, follow, max-snippet:-1, max-image-preview:large, max-video-preview:-1\" \/>\n<link rel=\"canonical\" href=\"https:\/\/pb.edu.pl\/sjo\/projekty-2-2\/program-tutorski\/szkolenia\/\" \/>\n<meta property=\"og:locale\" content=\"pl_PL\" \/>\n<meta property=\"og:type\" content=\"article\" \/>\n<meta property=\"og:title\" content=\"Szkolenia - Studium J\u0119zyk\u00f3w Obcych\" \/>\n<meta property=\"og:url\" content=\"https:\/\/pb.edu.pl\/sjo\/projekty-2-2\/program-tutorski\/szkolenia\/\" \/>\n<meta property=\"og:site_name\" content=\"Studium J\u0119zyk\u00f3w Obcych\" \/>\n<meta property=\"article:modified_time\" content=\"2023-08-17T09:38:51+00:00\" \/>\n<script type=\"application\/ld+json\" class=\"yoast-schema-graph\">{\"@context\":\"https:\/\/schema.org\",\"@graph\":[{\"@type\":\"WebPage\",\"@id\":\"https:\/\/pb.edu.pl\/sjo\/projekty-2-2\/program-tutorski\/szkolenia\/\",\"url\":\"https:\/\/pb.edu.pl\/sjo\/projekty-2-2\/program-tutorski\/szkolenia\/\",\"name\":\"Szkolenia - Studium J\u0119zyk\u00f3w Obcych\",\"isPartOf\":{\"@id\":\"https:\/\/pb.edu.pl\/sjo\/#website\"},\"datePublished\":\"2023-08-17T07:39:46+00:00\",\"dateModified\":\"2023-08-17T09:38:51+00:00\",\"breadcrumb\":{\"@id\":\"https:\/\/pb.edu.pl\/sjo\/projekty-2-2\/program-tutorski\/szkolenia\/#breadcrumb\"},\"inLanguage\":\"pl-PL\",\"potentialAction\":[{\"@type\":\"ReadAction\",\"target\":[\"https:\/\/pb.edu.pl\/sjo\/projekty-2-2\/program-tutorski\/szkolenia\/\"]}]},{\"@type\":\"BreadcrumbList\",\"@id\":\"https:\/\/pb.edu.pl\/sjo\/projekty-2-2\/program-tutorski\/szkolenia\/#breadcrumb\",\"itemListElement\":[{\"@type\":\"ListItem\",\"position\":1,\"name\":\"Home\",\"item\":\"https:\/\/pb.edu.pl\/sjo\/\"},{\"@type\":\"ListItem\",\"position\":2,\"name\":\"Projekty\",\"item\":\"https:\/\/pb.edu.pl\/sjo\/projekty-2-2\/\"},{\"@type\":\"ListItem\",\"position\":3,\"name\":\"Program tutorski\",\"item\":\"https:\/\/pb.edu.pl\/sjo\/projekty-2-2\/program-tutorski\/\"},{\"@type\":\"ListItem\",\"position\":4,\"name\":\"Szkolenia\"}]},{\"@type\":\"WebSite\",\"@id\":\"https:\/\/pb.edu.pl\/sjo\/#website\",\"url\":\"https:\/\/pb.edu.pl\/sjo\/\",\"name\":\"Studium J\u0119zyk\u00f3w Obcych\",\"description\":\"\",\"potentialAction\":[{\"@type\":\"SearchAction\",\"target\":{\"@type\":\"EntryPoint\",\"urlTemplate\":\"https:\/\/pb.edu.pl\/sjo\/?s={search_term_string}\"},\"query-input\":{\"@type\":\"PropertyValueSpecification\",\"valueRequired\":true,\"valueName\":\"search_term_string\"}}],\"inLanguage\":\"pl-PL\"}]}<\/script>\n<!-- \/ Yoast SEO plugin. -->","yoast_head_json":{"title":"Szkolenia - Studium J\u0119zyk\u00f3w Obcych","robots":{"index":"index","follow":"follow","max-snippet":"max-snippet:-1","max-image-preview":"max-image-preview:large","max-video-preview":"max-video-preview:-1"},"canonical":"https:\/\/pb.edu.pl\/sjo\/projekty-2-2\/program-tutorski\/szkolenia\/","og_locale":"pl_PL","og_type":"article","og_title":"Szkolenia - Studium J\u0119zyk\u00f3w Obcych","og_url":"https:\/\/pb.edu.pl\/sjo\/projekty-2-2\/program-tutorski\/szkolenia\/","og_site_name":"Studium J\u0119zyk\u00f3w Obcych","article_modified_time":"2023-08-17T09:38:51+00:00","schema":{"@context":"https:\/\/schema.org","@graph":[{"@type":"WebPage","@id":"https:\/\/pb.edu.pl\/sjo\/projekty-2-2\/program-tutorski\/szkolenia\/","url":"https:\/\/pb.edu.pl\/sjo\/projekty-2-2\/program-tutorski\/szkolenia\/","name":"Szkolenia - Studium J\u0119zyk\u00f3w Obcych","isPartOf":{"@id":"https:\/\/pb.edu.pl\/sjo\/#website"},"datePublished":"2023-08-17T07:39:46+00:00","dateModified":"2023-08-17T09:38:51+00:00","breadcrumb":{"@id":"https:\/\/pb.edu.pl\/sjo\/projekty-2-2\/program-tutorski\/szkolenia\/#breadcrumb"},"inLanguage":"pl-PL","potentialAction":[{"@type":"ReadAction","target":["https:\/\/pb.edu.pl\/sjo\/projekty-2-2\/program-tutorski\/szkolenia\/"]}]},{"@type":"BreadcrumbList","@id":"https:\/\/pb.edu.pl\/sjo\/projekty-2-2\/program-tutorski\/szkolenia\/#breadcrumb","itemListElement":[{"@type":"ListItem","position":1,"name":"Home","item":"https:\/\/pb.edu.pl\/sjo\/"},{"@type":"ListItem","position":2,"name":"Projekty","item":"https:\/\/pb.edu.pl\/sjo\/projekty-2-2\/"},{"@type":"ListItem","position":3,"name":"Program tutorski","item":"https:\/\/pb.edu.pl\/sjo\/projekty-2-2\/program-tutorski\/"},{"@type":"ListItem","position":4,"name":"Szkolenia"}]},{"@type":"WebSite","@id":"https:\/\/pb.edu.pl\/sjo\/#website","url":"https:\/\/pb.edu.pl\/sjo\/","name":"Studium J\u0119zyk\u00f3w Obcych","description":"","potentialAction":[{"@type":"SearchAction","target":{"@type":"EntryPoint","urlTemplate":"https:\/\/pb.edu.pl\/sjo\/?s={search_term_string}"},"query-input":{"@type":"PropertyValueSpecification","valueRequired":true,"valueName":"search_term_string"}}],"inLanguage":"pl-PL"}]}},"_links":{"self":[{"href":"https:\/\/pb.edu.pl\/sjo\/wp-json\/wp\/v2\/pages\/21369","targetHints":{"allow":["GET"]}}],"collection":[{"href":"https:\/\/pb.edu.pl\/sjo\/wp-json\/wp\/v2\/pages"}],"about":[{"href":"https:\/\/pb.edu.pl\/sjo\/wp-json\/wp\/v2\/types\/page"}],"author":[{"embeddable":true,"href":"https:\/\/pb.edu.pl\/sjo\/wp-json\/wp\/v2\/users\/6"}],"replies":[{"embeddable":true,"href":"https:\/\/pb.edu.pl\/sjo\/wp-json\/wp\/v2\/comments?post=21369"}],"version-history":[{"count":0,"href":"https:\/\/pb.edu.pl\/sjo\/wp-json\/wp\/v2\/pages\/21369\/revisions"}],"up":[{"embeddable":true,"href":"https:\/\/pb.edu.pl\/sjo\/wp-json\/wp\/v2\/pages\/19547"}],"wp:attachment":[{"href":"https:\/\/pb.edu.pl\/sjo\/wp-json\/wp\/v2\/media?parent=21369"}],"curies":[{"name":"wp","href":"https:\/\/api.w.org\/{rel}","templated":true}]}}