{"id":21365,"date":"2023-08-17T09:32:50","date_gmt":"2023-08-17T07:32:50","guid":{"rendered":"https:\/\/pb.edu.pl\/sjo\/?page_id=21365"},"modified":"2026-01-20T13:55:13","modified_gmt":"2026-01-20T12:55:13","slug":"tutoring","status":"publish","type":"page","link":"https:\/\/pb.edu.pl\/sjo\/projekty-2-2\/program-tutorski\/tutoring\/","title":{"rendered":"Tutoring"},"content":{"rendered":"<p><img loading=\"lazy\" decoding=\"async\" class=\"wp-image-21379 alignleft\" src=\"https:\/\/pb.edu.pl\/sjo\/wp-content\/uploads\/sites\/9\/2023\/08\/2-300x200.png\" alt=\"\" width=\"350\" height=\"233\" srcset=\"https:\/\/pb.edu.pl\/sjo\/wp-content\/uploads\/sites\/9\/2023\/08\/2-300x200.png 300w, https:\/\/pb.edu.pl\/sjo\/wp-content\/uploads\/sites\/9\/2023\/08\/2-768x512.png 768w, https:\/\/pb.edu.pl\/sjo\/wp-content\/uploads\/sites\/9\/2023\/08\/2-480x320.png 480w, https:\/\/pb.edu.pl\/sjo\/wp-content\/uploads\/sites\/9\/2023\/08\/2.png 799w\" sizes=\"auto, (max-width: 350px) 100vw, 350px\" \/><\/p>\n<div class=\"h2\">Co to jest Program Tutorski?<\/div>\n<p>Program Tutorski (PT) to seria indywidualnych spotka\u0144 z wykwalifikowanym tutorem. Z regu\u0142y obejmuje on od 8 do 12 sesji, kt\u00f3re odbywaj\u0105 si\u0119 w terminach uzgodnionych przez obie strony i mo\u017ce mie\u0107 profil naukowy lub rozwojowy, ale najcz\u0119\u015bciej integruje oba aspekty. Dotychczas PT odbywa\u0142y si\u0119 w ramach projekt\u00f3w PB.<\/p>\n<p>&nbsp;<\/p>\n<p><span style=\"font-size: 18pt\">Kim jest tutor?<\/span><\/p>\n<p>To wyk\u0142adowca, kt\u00f3ry ma predyspozycje, zapa\u0142 i kwalifikacje do pracy dydaktycznej w wymiarze spersonalizowanym, odzwierciedlaj\u0105cym relacj\u0119 mistrz-ucze\u0144. Tutoring jest edukacj\u0105 opart\u0105 na zdobywaniu wiedzy w wyniku spotkania, dialogu, odkrywania i pog\u0142\u0119bionej refleksji. W ten spos\u00f3b na uczelni otwiera si\u0119 przestrze\u0144 dla wieloaspektowego procesu rozwojowego, w kt\u00f3rym nauczyciel-mistrz (tutor) prowadzi, towarzyszy i inspiruje, a student-ucze\u0144 (podopieczny) pod\u0105\u017ca, analizuje i docieka.<\/p>\n<div class=\"h2\">Co zyskam bior\u0105c udzia\u0142 w programie?<\/div>\n<p>Zarz\u0105dzenie Rektora PB z dn. 14 lutego 2025 wymienia nast\u0119puj\u0105ce cele tutoringu:<\/p>\n<ul>\n<li>wzbogacanie specjalistycznej wiedzy, poszukiwanie \u015bcie\u017cek rozwoju osobistego, naukowego i zawodowego;<\/li>\n<li>budowanie relacji mi\u0119dzy tutorem a tutorantem opartej na otwarto\u015bci na nowe do\u015bwiadczenia, dialogu, szacunku i przestrzeganiu uzgodnionych zasad wsp\u00f3\u0142pracy;<\/li>\n<li>zidentyfikowanie i rozw\u00f3j mocnych stron oraz zainteresowa\u0144 zawodowych i naukowych;<\/li>\n<li>motywowanie do sta\u0142ego doskonalenia si\u0119 i wyposa\u017cenie w nowoczesn\u0105 wiedz\u0119 wspieraj\u0105c\u0105 zdolno\u015bci innowacyjne oraz umiej\u0119tno\u015bci i kompetencje niezb\u0119dne do radzenia sobie w \u017cyciu i aktywno\u015bci zawodowej;<\/li>\n<li>budowanie postawy proaktywnej z podkre\u015bleniem wagi pracy w\u0142asnej, jak\u0105 nale\u017cy w\u0142o\u017cy\u0107 w proces d\u0105\u017cenia do wyznaczonych cel\u00f3w.<\/li>\n<\/ul>\n<p>Korzy\u015bci zale\u017c\u0105 od obranego celu tutorialu, dopasowania oczekiwa\u0144 studenta do oferty tutora oraz&nbsp; determinacji i ch\u0119ci rozwoju. Tutor obserwuje, towarzyszy i m\u0105drze wspiera.<\/p>\n<div class=\"h2\">Kiedy program jest realizowany?<\/div>\n<ul>\n<li><strong>Pilota\u017cowy Program Tutorski 2021\/22&nbsp;<\/strong>\u2013 projekt PB i pocz\u0105tek przygody SJO z tutoringiem: zrealizowane 4 tutoriale, ka\u017cdy liczy\u0142 12 spotka\u0144 i trwa\u0142 6 miesi\u0119cy<\/li>\n<li><strong>Program Tutorski 2023 \u2013 <\/strong>kolejny projekt PB: tutorki SJO przeprowadzi\u0142y 5 p\u00f3\u0142rocznych tutoriali<\/li>\n<li><strong><a href=\"https:\/\/pb.edu.pl\/sjo\/projekty-2-2\/program-tutorski\/herbatka-z-tutorem\/\">Herbatka z tutorem<\/a>&nbsp;<\/strong>\u2013 nowa propozycja SJO: kontynuacja spotka\u0144 tutorskich, tym razem w formie nieformalnych rozm\u00f3w przy fili\u017cance herbaty<\/li>\n<li><strong>Aktualnie <\/strong>nie realizujemy program\u00f3w tutorskich, ale czekamy na <strong>rekrutacje w semestrze letnim 2025\/26<\/strong> \u2013 trzymajcie r\u0119k\u0119 na pulsie, \u015bled\u017acie informacje na stronie PB oraz <a href=\"https:\/\/pb.edu.pl\/sjo\/aktualnosci\/\">Aktualno\u015bci<\/a> SJO<\/li>\n<\/ul>\n<div class=\"h2\">\n<p>Opinie naszych podopiecznych<\/p>\n<\/div>\n<p>Kliknij, aby powi\u0119kszy\u0107.<\/p>\n<div id='gallery-1' class='gallery galleryid-21365 gallery-columns-2 gallery-size-medium'><figure class='gallery-item'>\n\t\t\t<div class='gallery-icon landscape'>\n\t\t\t\t<a href='https:\/\/pb.edu.pl\/sjo\/wp-content\/uploads\/sites\/9\/2022\/07\/4.png'><img loading=\"lazy\" decoding=\"async\" width=\"300\" height=\"169\" src=\"https:\/\/pb.edu.pl\/sjo\/wp-content\/uploads\/sites\/9\/2022\/07\/4-300x169.png\" class=\"attachment-medium size-medium\" alt=\"\" srcset=\"https:\/\/pb.edu.pl\/sjo\/wp-content\/uploads\/sites\/9\/2022\/07\/4-300x169.png 300w, https:\/\/pb.edu.pl\/sjo\/wp-content\/uploads\/sites\/9\/2022\/07\/4-1024x576.png 1024w, https:\/\/pb.edu.pl\/sjo\/wp-content\/uploads\/sites\/9\/2022\/07\/4-768x432.png 768w, https:\/\/pb.edu.pl\/sjo\/wp-content\/uploads\/sites\/9\/2022\/07\/4-1536x864.png 1536w, https:\/\/pb.edu.pl\/sjo\/wp-content\/uploads\/sites\/9\/2022\/07\/4.png 1920w\" sizes=\"auto, (max-width: 300px) 100vw, 300px\" \/><\/a>\n\t\t\t<\/div><\/figure><figure class='gallery-item'>\n\t\t\t<div class='gallery-icon landscape'>\n\t\t\t\t<a href='https:\/\/pb.edu.pl\/sjo\/wp-content\/uploads\/sites\/9\/2022\/07\/3.png'><img loading=\"lazy\" decoding=\"async\" width=\"300\" height=\"169\" src=\"https:\/\/pb.edu.pl\/sjo\/wp-content\/uploads\/sites\/9\/2022\/07\/3-300x169.png\" class=\"attachment-medium size-medium\" alt=\"\" srcset=\"https:\/\/pb.edu.pl\/sjo\/wp-content\/uploads\/sites\/9\/2022\/07\/3-300x169.png 300w, https:\/\/pb.edu.pl\/sjo\/wp-content\/uploads\/sites\/9\/2022\/07\/3-1024x576.png 1024w, https:\/\/pb.edu.pl\/sjo\/wp-content\/uploads\/sites\/9\/2022\/07\/3-768x432.png 768w, https:\/\/pb.edu.pl\/sjo\/wp-content\/uploads\/sites\/9\/2022\/07\/3-1536x864.png 1536w, https:\/\/pb.edu.pl\/sjo\/wp-content\/uploads\/sites\/9\/2022\/07\/3.png 1920w\" sizes=\"auto, (max-width: 300px) 100vw, 300px\" \/><\/a>\n\t\t\t<\/div><\/figure><figure class='gallery-item'>\n\t\t\t<div class='gallery-icon landscape'>\n\t\t\t\t<a href='https:\/\/pb.edu.pl\/sjo\/wp-content\/uploads\/sites\/9\/2022\/07\/2.png'><img loading=\"lazy\" decoding=\"async\" width=\"300\" height=\"169\" src=\"https:\/\/pb.edu.pl\/sjo\/wp-content\/uploads\/sites\/9\/2022\/07\/2-300x169.png\" class=\"attachment-medium size-medium\" alt=\"\" srcset=\"https:\/\/pb.edu.pl\/sjo\/wp-content\/uploads\/sites\/9\/2022\/07\/2-300x169.png 300w, https:\/\/pb.edu.pl\/sjo\/wp-content\/uploads\/sites\/9\/2022\/07\/2-1024x576.png 1024w, https:\/\/pb.edu.pl\/sjo\/wp-content\/uploads\/sites\/9\/2022\/07\/2-768x432.png 768w, https:\/\/pb.edu.pl\/sjo\/wp-content\/uploads\/sites\/9\/2022\/07\/2-1536x864.png 1536w, https:\/\/pb.edu.pl\/sjo\/wp-content\/uploads\/sites\/9\/2022\/07\/2.png 1920w\" sizes=\"auto, (max-width: 300px) 100vw, 300px\" \/><\/a>\n\t\t\t<\/div><\/figure><figure class='gallery-item'>\n\t\t\t<div class='gallery-icon landscape'>\n\t\t\t\t<a href='https:\/\/pb.edu.pl\/sjo\/wp-content\/uploads\/sites\/9\/2022\/07\/1.png'><img loading=\"lazy\" decoding=\"async\" width=\"300\" height=\"169\" src=\"https:\/\/pb.edu.pl\/sjo\/wp-content\/uploads\/sites\/9\/2022\/07\/1-300x169.png\" class=\"attachment-medium size-medium\" alt=\"\" srcset=\"https:\/\/pb.edu.pl\/sjo\/wp-content\/uploads\/sites\/9\/2022\/07\/1-300x169.png 300w, https:\/\/pb.edu.pl\/sjo\/wp-content\/uploads\/sites\/9\/2022\/07\/1-1024x576.png 1024w, https:\/\/pb.edu.pl\/sjo\/wp-content\/uploads\/sites\/9\/2022\/07\/1-768x432.png 768w, https:\/\/pb.edu.pl\/sjo\/wp-content\/uploads\/sites\/9\/2022\/07\/1-1536x864.png 1536w, https:\/\/pb.edu.pl\/sjo\/wp-content\/uploads\/sites\/9\/2022\/07\/1.png 1920w\" sizes=\"auto, (max-width: 300px) 100vw, 300px\" \/><\/a>\n\t\t\t<\/div><\/figure>\n\t\t<\/div>\n\n<div id='gallery-2' class='gallery galleryid-21365 gallery-columns-2 gallery-size-medium'><figure class='gallery-item'>\n\t\t\t<div class='gallery-icon landscape'>\n\t\t\t\t<a href='https:\/\/pb.edu.pl\/sjo\/wp-content\/uploads\/sites\/9\/2023\/07\/VG.png'><img loading=\"lazy\" decoding=\"async\" width=\"300\" height=\"169\" src=\"https:\/\/pb.edu.pl\/sjo\/wp-content\/uploads\/sites\/9\/2023\/07\/VG-300x169.png\" class=\"attachment-medium size-medium\" alt=\"\" srcset=\"https:\/\/pb.edu.pl\/sjo\/wp-content\/uploads\/sites\/9\/2023\/07\/VG-300x169.png 300w, https:\/\/pb.edu.pl\/sjo\/wp-content\/uploads\/sites\/9\/2023\/07\/VG-1024x576.png 1024w, https:\/\/pb.edu.pl\/sjo\/wp-content\/uploads\/sites\/9\/2023\/07\/VG-768x432.png 768w, https:\/\/pb.edu.pl\/sjo\/wp-content\/uploads\/sites\/9\/2023\/07\/VG-1536x864.png 1536w, https:\/\/pb.edu.pl\/sjo\/wp-content\/uploads\/sites\/9\/2023\/07\/VG.png 1920w\" sizes=\"auto, (max-width: 300px) 100vw, 300px\" \/><\/a>\n\t\t\t<\/div><\/figure><figure class='gallery-item'>\n\t\t\t<div class='gallery-icon landscape'>\n\t\t\t\t<a href='https:\/\/pb.edu.pl\/sjo\/wp-content\/uploads\/sites\/9\/2023\/07\/US.png'><img loading=\"lazy\" decoding=\"async\" width=\"300\" height=\"169\" src=\"https:\/\/pb.edu.pl\/sjo\/wp-content\/uploads\/sites\/9\/2023\/07\/US-300x169.png\" class=\"attachment-medium size-medium\" alt=\"\" srcset=\"https:\/\/pb.edu.pl\/sjo\/wp-content\/uploads\/sites\/9\/2023\/07\/US-300x169.png 300w, https:\/\/pb.edu.pl\/sjo\/wp-content\/uploads\/sites\/9\/2023\/07\/US-1024x576.png 1024w, https:\/\/pb.edu.pl\/sjo\/wp-content\/uploads\/sites\/9\/2023\/07\/US-768x432.png 768w, https:\/\/pb.edu.pl\/sjo\/wp-content\/uploads\/sites\/9\/2023\/07\/US-1536x864.png 1536w, https:\/\/pb.edu.pl\/sjo\/wp-content\/uploads\/sites\/9\/2023\/07\/US.png 1920w\" sizes=\"auto, (max-width: 300px) 100vw, 300px\" \/><\/a>\n\t\t\t<\/div><\/figure><figure class='gallery-item'>\n\t\t\t<div class='gallery-icon landscape'>\n\t\t\t\t<a href='https:\/\/pb.edu.pl\/sjo\/wp-content\/uploads\/sites\/9\/2023\/07\/MK.png'><img loading=\"lazy\" decoding=\"async\" width=\"300\" height=\"169\" src=\"https:\/\/pb.edu.pl\/sjo\/wp-content\/uploads\/sites\/9\/2023\/07\/MK-300x169.png\" class=\"attachment-medium size-medium\" alt=\"\" srcset=\"https:\/\/pb.edu.pl\/sjo\/wp-content\/uploads\/sites\/9\/2023\/07\/MK-300x169.png 300w, https:\/\/pb.edu.pl\/sjo\/wp-content\/uploads\/sites\/9\/2023\/07\/MK-1024x576.png 1024w, https:\/\/pb.edu.pl\/sjo\/wp-content\/uploads\/sites\/9\/2023\/07\/MK-768x432.png 768w, https:\/\/pb.edu.pl\/sjo\/wp-content\/uploads\/sites\/9\/2023\/07\/MK-1536x864.png 1536w, https:\/\/pb.edu.pl\/sjo\/wp-content\/uploads\/sites\/9\/2023\/07\/MK.png 1920w\" sizes=\"auto, (max-width: 300px) 100vw, 300px\" \/><\/a>\n\t\t\t<\/div><\/figure><figure class='gallery-item'>\n\t\t\t<div class='gallery-icon landscape'>\n\t\t\t\t<a href='https:\/\/pb.edu.pl\/sjo\/wp-content\/uploads\/sites\/9\/2023\/07\/AK.png'><img loading=\"lazy\" decoding=\"async\" width=\"300\" height=\"169\" src=\"https:\/\/pb.edu.pl\/sjo\/wp-content\/uploads\/sites\/9\/2023\/07\/AK-300x169.png\" class=\"attachment-medium size-medium\" alt=\"\" srcset=\"https:\/\/pb.edu.pl\/sjo\/wp-content\/uploads\/sites\/9\/2023\/07\/AK-300x169.png 300w, https:\/\/pb.edu.pl\/sjo\/wp-content\/uploads\/sites\/9\/2023\/07\/AK-1024x576.png 1024w, https:\/\/pb.edu.pl\/sjo\/wp-content\/uploads\/sites\/9\/2023\/07\/AK-768x432.png 768w, https:\/\/pb.edu.pl\/sjo\/wp-content\/uploads\/sites\/9\/2023\/07\/AK-1536x864.png 1536w, https:\/\/pb.edu.pl\/sjo\/wp-content\/uploads\/sites\/9\/2023\/07\/AK.png 1920w\" sizes=\"auto, (max-width: 300px) 100vw, 300px\" \/><\/a>\n\t\t\t<\/div><\/figure>\n\t\t<\/div>\n\n<div class=\"h2\">Poznaj tutorki z SJO<\/div>\n<div>\n<p>Obecnie&nbsp;w SJO mamy&nbsp;<strong>dwana\u015bcie&nbsp;certyfikowanych tutorek (<em>tutors<\/em>) I stopnia<\/strong> i&nbsp;<strong>jedn\u0105 akredytowan\u0105 tutork\u0119 II stopnia.&nbsp;<\/strong>To nie tylko&nbsp;<strong>wyk\u0142adowczynie<\/strong>&nbsp;j\u0119zyk\u00f3w obcych, ale przede wszystkim <strong>osoby otwarte<\/strong> na innych, ch\u0119tne do rozmowy i wsparcia, pe\u0142ne pomys\u0142\u00f3w i wiedzy.&nbsp;<\/p>\n<p><a href=\"https:\/\/pb.edu.pl\/sjo\/projekty-2-2\/program-tutorski\/baza-tutorow-sjo\/\">Nasze tutorki zapraszaj\u0105.<\/a><\/p>\n<\/div>\n<p>&nbsp;<\/p>\n<p><a href=\"https:\/\/pb.edu.pl\/liceum-ogolnoksztalcace\/2022\/04\/06\/the-beauty-of-the-unnoticed-microcosm\/\">The Beauty of the Unnoticed Microcosm<\/a> &#8211; poznaj Marka, uczestnika Pilota\u017cowego Programu Tutoringu PB, pod opiek\u0105 dydaktyczn\u0105 mgr Urszuli Socho\u0144-Okruszko.<\/p>\n<p><a href=\"https:\/\/pb.edu.pl\/sjo\/2023\/07\/27\/poznaj-abla-uczestnika-programu-tutorskiego\/\">Poznaj Abla, uczestnika Programu Tutorskiego<\/a>, pod opiek\u0105 mgr Urszuli Socho\u0144-Okruszko.<\/p>\n<div class=\"h2\">Tutoring na innych uczelniach &#8211; przyk\u0142ady<\/div>\n<p><a href=\"https:\/\/www.ox.ac.uk\/admissions\/undergraduate\/student-life\/exceptional-education\/personalised-learning\">Uniwersytet Oksfordzki<\/a><\/p>\n<p><a href=\"https:\/\/tutoring.pwr.edu.pl\/\">Politechnika Wroc\u0142awska<\/a><\/p>\n<p><a href=\"https:\/\/cddit.ug.edu.pl\/o-tutoringu-slow-kilka\/\">Uniwersytet Gda\u0144ski<\/a><\/p>\n<p><a href=\"https:\/\/www.cel.agh.edu.pl\/tutoring\/co-to-jest-tutoring\/\">AGH w Krakowie<\/a><\/p>\n<p><a href=\"https:\/\/cdv.pl\/tutoring\/\">Collegium Da Vinci w Poznaniu<\/a><\/p>\n<p><a href=\"https:\/\/cjk.uek.krakow.pl\/blog\/tutoring_akademicki\/o-tutoringu\/\">Uniwersytet Ekonomiczny w Krakowie <\/a><\/p>\n<p><a href=\"https:\/\/ue.poznan.pl\/studenci\/tutoring-akademicki-dla-studentow\/\">Uniwersytet Ekonomiczny w Poznaniu<\/a><\/p>\n<p><a title=\"\" href=\"https:\/\/www.sggw.edu.pl\/tutoring-i-mentoring-w-sggw-2\/\">Szko\u0142a G\u0142\u00f3wna Gospodarstwa Wiejskiego w Warszawie<\/a><\/p>\n<p><a title=\"\" href=\"https:\/\/tutoring.put.poznan.pl\/\">Politechnika Pozna\u0144ska<\/a><\/p>\n<p><img loading=\"lazy\" decoding=\"async\" class=\"alignnone size-medium wp-image-7415\" src=\"https:\/\/pb.edu.pl\/sjo\/wp-content\/uploads\/sites\/9\/2019\/10\/Fundusze-Europejskie-300x39.jpg\" alt=\"Fundusze Europejskie\" width=\"300\" height=\"39\" srcset=\"https:\/\/pb.edu.pl\/sjo\/wp-content\/uploads\/sites\/9\/2019\/10\/Fundusze-Europejskie-300x39.jpg 300w, https:\/\/pb.edu.pl\/sjo\/wp-content\/uploads\/sites\/9\/2019\/10\/Fundusze-Europejskie-768x99.jpg 768w, https:\/\/pb.edu.pl\/sjo\/wp-content\/uploads\/sites\/9\/2019\/10\/Fundusze-Europejskie-1024x132.jpg 1024w\" sizes=\"auto, (max-width: 300px) 100vw, 300px\" \/><\/p>\n","protected":false},"excerpt":{"rendered":"<p>Co to jest Program Tutorski? Program Tutorski (PT) to seria indywidualnych spotka\u0144 z wykwalifikowanym tutorem.<\/p>\n","protected":false},"author":6,"featured_media":0,"parent":19547,"menu_order":0,"comment_status":"closed","ping_status":"closed","template":"","meta":{"_acf_changed":false,"ngg_post_thumbnail":0,"footnotes":""},"class_list":["post-21365","page","type-page","status-publish","hentry"],"acf":[],"yoast_head":"<!-- This site is optimized with the Yoast SEO plugin v27.0 - https:\/\/yoast.com\/product\/yoast-seo-wordpress\/ -->\n<title>Tutoring - Studium J\u0119zyk\u00f3w Obcych<\/title>\n<meta name=\"description\" content=\"Co to jest Program Tutorski? Program Tutorski (PT) to seria indywidualnych spotka\u0144 z wykwalifikowanym tutorem. Z regu\u0142y obejmuje on od 8 do 12 sesji,\" \/>\n<meta name=\"robots\" content=\"index, follow, max-snippet:-1, max-image-preview:large, max-video-preview:-1\" \/>\n<link rel=\"canonical\" href=\"https:\/\/pb.edu.pl\/sjo\/projekty-2-2\/program-tutorski\/tutoring\/\" \/>\n<meta property=\"og:locale\" content=\"pl_PL\" \/>\n<meta property=\"og:type\" content=\"article\" \/>\n<meta property=\"og:title\" content=\"Tutoring - Studium J\u0119zyk\u00f3w Obcych\" \/>\n<meta property=\"og:description\" content=\"Co to jest Program Tutorski? Program Tutorski (PT) to seria indywidualnych spotka\u0144 z wykwalifikowanym tutorem. Z regu\u0142y obejmuje on od 8 do 12 sesji,\" \/>\n<meta property=\"og:url\" content=\"https:\/\/pb.edu.pl\/sjo\/projekty-2-2\/program-tutorski\/tutoring\/\" \/>\n<meta property=\"og:site_name\" content=\"Studium J\u0119zyk\u00f3w Obcych\" \/>\n<meta property=\"article:modified_time\" content=\"2026-01-20T12:55:13+00:00\" \/>\n<meta property=\"og:image\" content=\"https:\/\/pb.edu.pl\/sjo\/wp-content\/uploads\/sites\/9\/2022\/07\/4-300x169.png\" \/>\n<meta name=\"twitter:label1\" content=\"Szacowany czas czytania\" \/>\n\t<meta name=\"twitter:data1\" content=\"4 minuty\" \/>\n<script type=\"application\/ld+json\" class=\"yoast-schema-graph\">{\"@context\":\"https:\/\/schema.org\",\"@graph\":[{\"@type\":\"WebPage\",\"@id\":\"https:\/\/pb.edu.pl\/sjo\/projekty-2-2\/program-tutorski\/tutoring\/\",\"url\":\"https:\/\/pb.edu.pl\/sjo\/projekty-2-2\/program-tutorski\/tutoring\/\",\"name\":\"Tutoring - Studium J\u0119zyk\u00f3w Obcych\",\"isPartOf\":{\"@id\":\"https:\/\/pb.edu.pl\/sjo\/#website\"},\"primaryImageOfPage\":{\"@id\":\"https:\/\/pb.edu.pl\/sjo\/projekty-2-2\/program-tutorski\/tutoring\/#primaryimage\"},\"image\":{\"@id\":\"https:\/\/pb.edu.pl\/sjo\/projekty-2-2\/program-tutorski\/tutoring\/#primaryimage\"},\"thumbnailUrl\":\"https:\/\/pb.edu.pl\/sjo\/wp-content\/uploads\/sites\/9\/2023\/08\/2-300x200.png\",\"datePublished\":\"2023-08-17T07:32:50+00:00\",\"dateModified\":\"2026-01-20T12:55:13+00:00\",\"description\":\"Co to jest Program Tutorski? Program Tutorski (PT) to seria indywidualnych spotka\u0144 z wykwalifikowanym tutorem. Z regu\u0142y obejmuje on od 8 do 12 sesji,\",\"breadcrumb\":{\"@id\":\"https:\/\/pb.edu.pl\/sjo\/projekty-2-2\/program-tutorski\/tutoring\/#breadcrumb\"},\"inLanguage\":\"pl-PL\",\"potentialAction\":[{\"@type\":\"ReadAction\",\"target\":[\"https:\/\/pb.edu.pl\/sjo\/projekty-2-2\/program-tutorski\/tutoring\/\"]}]},{\"@type\":\"ImageObject\",\"inLanguage\":\"pl-PL\",\"@id\":\"https:\/\/pb.edu.pl\/sjo\/projekty-2-2\/program-tutorski\/tutoring\/#primaryimage\",\"url\":\"https:\/\/pb.edu.pl\/sjo\/wp-content\/uploads\/sites\/9\/2023\/08\/2.png\",\"contentUrl\":\"https:\/\/pb.edu.pl\/sjo\/wp-content\/uploads\/sites\/9\/2023\/08\/2.png\",\"width\":799,\"height\":533},{\"@type\":\"BreadcrumbList\",\"@id\":\"https:\/\/pb.edu.pl\/sjo\/projekty-2-2\/program-tutorski\/tutoring\/#breadcrumb\",\"itemListElement\":[{\"@type\":\"ListItem\",\"position\":1,\"name\":\"Home\",\"item\":\"https:\/\/pb.edu.pl\/sjo\/\"},{\"@type\":\"ListItem\",\"position\":2,\"name\":\"Projekty\",\"item\":\"https:\/\/pb.edu.pl\/sjo\/projekty-2-2\/\"},{\"@type\":\"ListItem\",\"position\":3,\"name\":\"Program tutorski\",\"item\":\"https:\/\/pb.edu.pl\/sjo\/projekty-2-2\/program-tutorski\/\"},{\"@type\":\"ListItem\",\"position\":4,\"name\":\"Tutoring\"}]},{\"@type\":\"WebSite\",\"@id\":\"https:\/\/pb.edu.pl\/sjo\/#website\",\"url\":\"https:\/\/pb.edu.pl\/sjo\/\",\"name\":\"Studium J\u0119zyk\u00f3w Obcych\",\"description\":\"\",\"potentialAction\":[{\"@type\":\"SearchAction\",\"target\":{\"@type\":\"EntryPoint\",\"urlTemplate\":\"https:\/\/pb.edu.pl\/sjo\/?s={search_term_string}\"},\"query-input\":{\"@type\":\"PropertyValueSpecification\",\"valueRequired\":true,\"valueName\":\"search_term_string\"}}],\"inLanguage\":\"pl-PL\"}]}<\/script>\n<!-- \/ Yoast SEO plugin. -->","yoast_head_json":{"title":"Tutoring - Studium J\u0119zyk\u00f3w Obcych","description":"Co to jest Program Tutorski? Program Tutorski (PT) to seria indywidualnych spotka\u0144 z wykwalifikowanym tutorem. Z regu\u0142y obejmuje on od 8 do 12 sesji,","robots":{"index":"index","follow":"follow","max-snippet":"max-snippet:-1","max-image-preview":"max-image-preview:large","max-video-preview":"max-video-preview:-1"},"canonical":"https:\/\/pb.edu.pl\/sjo\/projekty-2-2\/program-tutorski\/tutoring\/","og_locale":"pl_PL","og_type":"article","og_title":"Tutoring - Studium J\u0119zyk\u00f3w Obcych","og_description":"Co to jest Program Tutorski? Program Tutorski (PT) to seria indywidualnych spotka\u0144 z wykwalifikowanym tutorem. Z regu\u0142y obejmuje on od 8 do 12 sesji,","og_url":"https:\/\/pb.edu.pl\/sjo\/projekty-2-2\/program-tutorski\/tutoring\/","og_site_name":"Studium J\u0119zyk\u00f3w Obcych","article_modified_time":"2026-01-20T12:55:13+00:00","og_image":[{"url":"https:\/\/pb.edu.pl\/sjo\/wp-content\/uploads\/sites\/9\/2022\/07\/4-300x169.png","type":"","width":"","height":""}],"twitter_misc":{"Szacowany czas czytania":"4 minuty"},"schema":{"@context":"https:\/\/schema.org","@graph":[{"@type":"WebPage","@id":"https:\/\/pb.edu.pl\/sjo\/projekty-2-2\/program-tutorski\/tutoring\/","url":"https:\/\/pb.edu.pl\/sjo\/projekty-2-2\/program-tutorski\/tutoring\/","name":"Tutoring - Studium J\u0119zyk\u00f3w Obcych","isPartOf":{"@id":"https:\/\/pb.edu.pl\/sjo\/#website"},"primaryImageOfPage":{"@id":"https:\/\/pb.edu.pl\/sjo\/projekty-2-2\/program-tutorski\/tutoring\/#primaryimage"},"image":{"@id":"https:\/\/pb.edu.pl\/sjo\/projekty-2-2\/program-tutorski\/tutoring\/#primaryimage"},"thumbnailUrl":"https:\/\/pb.edu.pl\/sjo\/wp-content\/uploads\/sites\/9\/2023\/08\/2-300x200.png","datePublished":"2023-08-17T07:32:50+00:00","dateModified":"2026-01-20T12:55:13+00:00","description":"Co to jest Program Tutorski? Program Tutorski (PT) to seria indywidualnych spotka\u0144 z wykwalifikowanym tutorem. Z regu\u0142y obejmuje on od 8 do 12 sesji,","breadcrumb":{"@id":"https:\/\/pb.edu.pl\/sjo\/projekty-2-2\/program-tutorski\/tutoring\/#breadcrumb"},"inLanguage":"pl-PL","potentialAction":[{"@type":"ReadAction","target":["https:\/\/pb.edu.pl\/sjo\/projekty-2-2\/program-tutorski\/tutoring\/"]}]},{"@type":"ImageObject","inLanguage":"pl-PL","@id":"https:\/\/pb.edu.pl\/sjo\/projekty-2-2\/program-tutorski\/tutoring\/#primaryimage","url":"https:\/\/pb.edu.pl\/sjo\/wp-content\/uploads\/sites\/9\/2023\/08\/2.png","contentUrl":"https:\/\/pb.edu.pl\/sjo\/wp-content\/uploads\/sites\/9\/2023\/08\/2.png","width":799,"height":533},{"@type":"BreadcrumbList","@id":"https:\/\/pb.edu.pl\/sjo\/projekty-2-2\/program-tutorski\/tutoring\/#breadcrumb","itemListElement":[{"@type":"ListItem","position":1,"name":"Home","item":"https:\/\/pb.edu.pl\/sjo\/"},{"@type":"ListItem","position":2,"name":"Projekty","item":"https:\/\/pb.edu.pl\/sjo\/projekty-2-2\/"},{"@type":"ListItem","position":3,"name":"Program tutorski","item":"https:\/\/pb.edu.pl\/sjo\/projekty-2-2\/program-tutorski\/"},{"@type":"ListItem","position":4,"name":"Tutoring"}]},{"@type":"WebSite","@id":"https:\/\/pb.edu.pl\/sjo\/#website","url":"https:\/\/pb.edu.pl\/sjo\/","name":"Studium J\u0119zyk\u00f3w Obcych","description":"","potentialAction":[{"@type":"SearchAction","target":{"@type":"EntryPoint","urlTemplate":"https:\/\/pb.edu.pl\/sjo\/?s={search_term_string}"},"query-input":{"@type":"PropertyValueSpecification","valueRequired":true,"valueName":"search_term_string"}}],"inLanguage":"pl-PL"}]}},"_links":{"self":[{"href":"https:\/\/pb.edu.pl\/sjo\/wp-json\/wp\/v2\/pages\/21365","targetHints":{"allow":["GET"]}}],"collection":[{"href":"https:\/\/pb.edu.pl\/sjo\/wp-json\/wp\/v2\/pages"}],"about":[{"href":"https:\/\/pb.edu.pl\/sjo\/wp-json\/wp\/v2\/types\/page"}],"author":[{"embeddable":true,"href":"https:\/\/pb.edu.pl\/sjo\/wp-json\/wp\/v2\/users\/6"}],"replies":[{"embeddable":true,"href":"https:\/\/pb.edu.pl\/sjo\/wp-json\/wp\/v2\/comments?post=21365"}],"version-history":[{"count":0,"href":"https:\/\/pb.edu.pl\/sjo\/wp-json\/wp\/v2\/pages\/21365\/revisions"}],"up":[{"embeddable":true,"href":"https:\/\/pb.edu.pl\/sjo\/wp-json\/wp\/v2\/pages\/19547"}],"wp:attachment":[{"href":"https:\/\/pb.edu.pl\/sjo\/wp-json\/wp\/v2\/media?parent=21365"}],"curies":[{"name":"wp","href":"https:\/\/api.w.org\/{rel}","templated":true}]}}