{"id":21038,"date":"2023-06-12T11:48:11","date_gmt":"2023-06-12T09:48:11","guid":{"rendered":"https:\/\/pb.edu.pl\/sjo\/?page_id=21038"},"modified":"2025-11-26T14:26:37","modified_gmt":"2025-11-26T13:26:37","slug":"poczatek-przygody-z-rosyjskim","status":"publish","type":"page","link":"https:\/\/pb.edu.pl\/sjo\/dla-studenta\/lektoraty-obieralne\/poczatek-przygody-z-rosyjskim\/","title":{"rendered":"Pocz\u0105tek przygody z rosyjskim"},"content":{"rendered":"<h2>Czego si\u0119 mog\u0119 nauczy\u0107?<\/h2>\n<p>Uczenie j\u0119zyk\u00f3w jest moj\u0105 pasj\u0105, bardzo lubi\u0119 przekazywa\u0107 wiedz\u0119 bezstresowo w przyjaznej i pozytywnej atmosferze.<\/p>\n<p>Na moich zaj\u0119ciach poznasz s\u0142ownictwo dotycz\u0105ce \u017cycia codziennego, miejsca zamieszkania, b\u0119dziesz umia\u0142 przedstawia\u0107 siebie i innych, zadawa\u0107 pytania i formu\u0142owa\u0107 pro\u015bby. Na podstawie <span style=\"color: #000000\">film\u00f3w i piosenek om\u00f3wimy&nbsp; rosyjskie obyczaje i tradycje. W czasie zaj\u0119\u0107 nauczysz si\u0119 poprawnej wymowy.<\/span><\/p>\n<h2><span style=\"color: #000000\">Kiedy?<\/span><\/h2>\n<p><span style=\"color: #000000\">Zaj\u0119cia odbywaj\u0105 si\u0119 we czwartki w godzinach 19:25 \u2013 20:55. Lektorat rusza od semestru letniego 2025\/26.<\/span><\/p>\n<h2><span style=\"color: #000000\">Brzmi ciekawie! Rejestruj\u0119 si\u0119.<\/span><\/h2>\n<p><span style=\"color: #000000\">Zarejestruj si\u0119 przez <a style=\"color: #000000\" href=\"https:\/\/usosweb.pb.edu.pl\/kontroler.php?_action=news\/default\">USOSweb<\/a> do 23.01.2026.<\/span><\/p>\n<h2><span style=\"color: #000000\">Kto prowadzi zaj\u0119cia?<\/span><\/h2>\n<p><strong><img loading=\"lazy\" decoding=\"async\" class=\"alignleft wp-image-17400\" src=\"https:\/\/pb.edu.pl\/sjo\/wp-content\/uploads\/sites\/9\/2022\/11\/IK-300x300.png\" alt=\"\" width=\"350\" height=\"350\" srcset=\"https:\/\/pb.edu.pl\/sjo\/wp-content\/uploads\/sites\/9\/2022\/11\/IK-300x300.png 300w, https:\/\/pb.edu.pl\/sjo\/wp-content\/uploads\/sites\/9\/2022\/11\/IK.png 500w\" sizes=\"auto, (max-width: 350px) 100vw, 350px\" \/><\/strong><br \/>\n&nbsp;<br \/>\n<strong>Mgr Irena Kami\u0144ska<\/strong><\/p>\n<p>Absolwentka Uniwersytetu im. A. S. Puszkina w Brze\u015bciu (Bia\u0142oru\u015b) na kierunku filologia rosyjska oraz Uniwersytetu Warszawskiego na kierunku filologia angielska.&nbsp; Uczy j\u0119zyka rosyjskiego na Politechnice Bia\u0142ostockiej oraz w Akademickim Liceum Og\u00f3lnokszta\u0142c\u0105cym, jest t\u0142umaczem przysi\u0119g\u0142ym j\u0119zyka rosyjskiego.<\/p>\n<p>Bardzo lubi rozmawia\u0107 z lud\u017ami, podr\u00f3\u017cowa\u0107, uczy\u0107 si\u0119 nowych j\u0119zyk\u00f3w i poznawa\u0107 nowe kultury. W czasie wolnym projektuje i robi bi\u017cuteri\u0119, je\u017adzi rowerem oraz obserwuje przyrod\u0119.<\/p>\n<a href=\"#\" rel=\"nofollow\"  onclick=\"this.href='mailto:' + 'i.kaminska' + '@' + 'pb.edu.pl'\">i.kaminska [at] pb.edu.pl<\/a>\n","protected":false},"excerpt":{"rendered":"<p>Czego si\u0119 mog\u0119 nauczy\u0107? Uczenie j\u0119zyk\u00f3w jest moj\u0105 pasj\u0105, bardzo lubi\u0119 przekazywa\u0107 wiedz\u0119 bezstresowo w<\/p>\n","protected":false},"author":6,"featured_media":0,"parent":18747,"menu_order":0,"comment_status":"closed","ping_status":"closed","template":"","meta":{"_acf_changed":false,"ngg_post_thumbnail":0,"footnotes":""},"class_list":["post-21038","page","type-page","status-publish","hentry"],"acf":[],"yoast_head":"<!-- This site is optimized with the Yoast SEO plugin v27.0 - https:\/\/yoast.com\/product\/yoast-seo-wordpress\/ -->\n<title>Pocz\u0105tek przygody z rosyjskim - Studium J\u0119zyk\u00f3w Obcych<\/title>\n<meta name=\"description\" content=\"Czego si\u0119 mog\u0119 nauczy\u0107? Uczenie j\u0119zyk\u00f3w jest moj\u0105 pasj\u0105, bardzo lubi\u0119 przekazywa\u0107 wiedz\u0119 bezstresowo w przyjaznej i pozytywnej atmosferze. Na moich\" \/>\n<meta name=\"robots\" content=\"index, follow, max-snippet:-1, max-image-preview:large, max-video-preview:-1\" \/>\n<link rel=\"canonical\" href=\"https:\/\/pb.edu.pl\/sjo\/dla-studenta\/lektoraty-obieralne\/poczatek-przygody-z-rosyjskim\/\" \/>\n<meta property=\"og:locale\" content=\"pl_PL\" \/>\n<meta property=\"og:type\" content=\"article\" \/>\n<meta property=\"og:title\" content=\"Pocz\u0105tek przygody z rosyjskim - Studium J\u0119zyk\u00f3w Obcych\" \/>\n<meta property=\"og:description\" content=\"Czego si\u0119 mog\u0119 nauczy\u0107? Uczenie j\u0119zyk\u00f3w jest moj\u0105 pasj\u0105, bardzo lubi\u0119 przekazywa\u0107 wiedz\u0119 bezstresowo w przyjaznej i pozytywnej atmosferze. Na moich\" \/>\n<meta property=\"og:url\" content=\"https:\/\/pb.edu.pl\/sjo\/dla-studenta\/lektoraty-obieralne\/poczatek-przygody-z-rosyjskim\/\" \/>\n<meta property=\"og:site_name\" content=\"Studium J\u0119zyk\u00f3w Obcych\" \/>\n<meta property=\"article:modified_time\" content=\"2025-11-26T13:26:37+00:00\" \/>\n<meta property=\"og:image\" content=\"https:\/\/pb.edu.pl\/sjo\/wp-content\/uploads\/sites\/9\/2022\/11\/IK.png\" \/>\n\t<meta property=\"og:image:width\" content=\"500\" \/>\n\t<meta property=\"og:image:height\" content=\"500\" \/>\n\t<meta property=\"og:image:type\" content=\"image\/png\" \/>\n<meta name=\"twitter:label1\" content=\"Szacowany czas czytania\" \/>\n\t<meta name=\"twitter:data1\" content=\"2 minuty\" \/>\n<script type=\"application\/ld+json\" class=\"yoast-schema-graph\">{\"@context\":\"https:\/\/schema.org\",\"@graph\":[{\"@type\":\"WebPage\",\"@id\":\"https:\/\/pb.edu.pl\/sjo\/dla-studenta\/lektoraty-obieralne\/poczatek-przygody-z-rosyjskim\/\",\"url\":\"https:\/\/pb.edu.pl\/sjo\/dla-studenta\/lektoraty-obieralne\/poczatek-przygody-z-rosyjskim\/\",\"name\":\"Pocz\u0105tek przygody z rosyjskim - Studium J\u0119zyk\u00f3w Obcych\",\"isPartOf\":{\"@id\":\"https:\/\/pb.edu.pl\/sjo\/#website\"},\"primaryImageOfPage\":{\"@id\":\"https:\/\/pb.edu.pl\/sjo\/dla-studenta\/lektoraty-obieralne\/poczatek-przygody-z-rosyjskim\/#primaryimage\"},\"image\":{\"@id\":\"https:\/\/pb.edu.pl\/sjo\/dla-studenta\/lektoraty-obieralne\/poczatek-przygody-z-rosyjskim\/#primaryimage\"},\"thumbnailUrl\":\"https:\/\/pb.edu.pl\/sjo\/wp-content\/uploads\/sites\/9\/2022\/11\/IK-300x300.png\",\"datePublished\":\"2023-06-12T09:48:11+00:00\",\"dateModified\":\"2025-11-26T13:26:37+00:00\",\"description\":\"Czego si\u0119 mog\u0119 nauczy\u0107? Uczenie j\u0119zyk\u00f3w jest moj\u0105 pasj\u0105, bardzo lubi\u0119 przekazywa\u0107 wiedz\u0119 bezstresowo w przyjaznej i pozytywnej atmosferze. Na moich\",\"breadcrumb\":{\"@id\":\"https:\/\/pb.edu.pl\/sjo\/dla-studenta\/lektoraty-obieralne\/poczatek-przygody-z-rosyjskim\/#breadcrumb\"},\"inLanguage\":\"pl-PL\",\"potentialAction\":[{\"@type\":\"ReadAction\",\"target\":[\"https:\/\/pb.edu.pl\/sjo\/dla-studenta\/lektoraty-obieralne\/poczatek-przygody-z-rosyjskim\/\"]}]},{\"@type\":\"ImageObject\",\"inLanguage\":\"pl-PL\",\"@id\":\"https:\/\/pb.edu.pl\/sjo\/dla-studenta\/lektoraty-obieralne\/poczatek-przygody-z-rosyjskim\/#primaryimage\",\"url\":\"https:\/\/pb.edu.pl\/sjo\/wp-content\/uploads\/sites\/9\/2022\/11\/IK.png\",\"contentUrl\":\"https:\/\/pb.edu.pl\/sjo\/wp-content\/uploads\/sites\/9\/2022\/11\/IK.png\",\"width\":500,\"height\":500},{\"@type\":\"BreadcrumbList\",\"@id\":\"https:\/\/pb.edu.pl\/sjo\/dla-studenta\/lektoraty-obieralne\/poczatek-przygody-z-rosyjskim\/#breadcrumb\",\"itemListElement\":[{\"@type\":\"ListItem\",\"position\":1,\"name\":\"Home\",\"item\":\"https:\/\/pb.edu.pl\/sjo\/\"},{\"@type\":\"ListItem\",\"position\":2,\"name\":\"Studiuj\u0119 w PB\",\"item\":\"https:\/\/pb.edu.pl\/sjo\/dla-studenta\/\"},{\"@type\":\"ListItem\",\"position\":3,\"name\":\"Lektoraty obieralne\",\"item\":\"https:\/\/pb.edu.pl\/sjo\/dla-studenta\/lektoraty-obieralne\/\"},{\"@type\":\"ListItem\",\"position\":4,\"name\":\"Pocz\u0105tek przygody z rosyjskim\"}]},{\"@type\":\"WebSite\",\"@id\":\"https:\/\/pb.edu.pl\/sjo\/#website\",\"url\":\"https:\/\/pb.edu.pl\/sjo\/\",\"name\":\"Studium J\u0119zyk\u00f3w Obcych\",\"description\":\"\",\"potentialAction\":[{\"@type\":\"SearchAction\",\"target\":{\"@type\":\"EntryPoint\",\"urlTemplate\":\"https:\/\/pb.edu.pl\/sjo\/?s={search_term_string}\"},\"query-input\":{\"@type\":\"PropertyValueSpecification\",\"valueRequired\":true,\"valueName\":\"search_term_string\"}}],\"inLanguage\":\"pl-PL\"}]}<\/script>\n<!-- \/ Yoast SEO plugin. -->","yoast_head_json":{"title":"Pocz\u0105tek przygody z rosyjskim - Studium J\u0119zyk\u00f3w Obcych","description":"Czego si\u0119 mog\u0119 nauczy\u0107? Uczenie j\u0119zyk\u00f3w jest moj\u0105 pasj\u0105, bardzo lubi\u0119 przekazywa\u0107 wiedz\u0119 bezstresowo w przyjaznej i pozytywnej atmosferze. Na moich","robots":{"index":"index","follow":"follow","max-snippet":"max-snippet:-1","max-image-preview":"max-image-preview:large","max-video-preview":"max-video-preview:-1"},"canonical":"https:\/\/pb.edu.pl\/sjo\/dla-studenta\/lektoraty-obieralne\/poczatek-przygody-z-rosyjskim\/","og_locale":"pl_PL","og_type":"article","og_title":"Pocz\u0105tek przygody z rosyjskim - Studium J\u0119zyk\u00f3w Obcych","og_description":"Czego si\u0119 mog\u0119 nauczy\u0107? Uczenie j\u0119zyk\u00f3w jest moj\u0105 pasj\u0105, bardzo lubi\u0119 przekazywa\u0107 wiedz\u0119 bezstresowo w przyjaznej i pozytywnej atmosferze. Na moich","og_url":"https:\/\/pb.edu.pl\/sjo\/dla-studenta\/lektoraty-obieralne\/poczatek-przygody-z-rosyjskim\/","og_site_name":"Studium J\u0119zyk\u00f3w Obcych","article_modified_time":"2025-11-26T13:26:37+00:00","og_image":[{"width":500,"height":500,"url":"https:\/\/pb.edu.pl\/sjo\/wp-content\/uploads\/sites\/9\/2022\/11\/IK.png","type":"image\/png"}],"twitter_misc":{"Szacowany czas czytania":"2 minuty"},"schema":{"@context":"https:\/\/schema.org","@graph":[{"@type":"WebPage","@id":"https:\/\/pb.edu.pl\/sjo\/dla-studenta\/lektoraty-obieralne\/poczatek-przygody-z-rosyjskim\/","url":"https:\/\/pb.edu.pl\/sjo\/dla-studenta\/lektoraty-obieralne\/poczatek-przygody-z-rosyjskim\/","name":"Pocz\u0105tek przygody z rosyjskim - Studium J\u0119zyk\u00f3w Obcych","isPartOf":{"@id":"https:\/\/pb.edu.pl\/sjo\/#website"},"primaryImageOfPage":{"@id":"https:\/\/pb.edu.pl\/sjo\/dla-studenta\/lektoraty-obieralne\/poczatek-przygody-z-rosyjskim\/#primaryimage"},"image":{"@id":"https:\/\/pb.edu.pl\/sjo\/dla-studenta\/lektoraty-obieralne\/poczatek-przygody-z-rosyjskim\/#primaryimage"},"thumbnailUrl":"https:\/\/pb.edu.pl\/sjo\/wp-content\/uploads\/sites\/9\/2022\/11\/IK-300x300.png","datePublished":"2023-06-12T09:48:11+00:00","dateModified":"2025-11-26T13:26:37+00:00","description":"Czego si\u0119 mog\u0119 nauczy\u0107? Uczenie j\u0119zyk\u00f3w jest moj\u0105 pasj\u0105, bardzo lubi\u0119 przekazywa\u0107 wiedz\u0119 bezstresowo w przyjaznej i pozytywnej atmosferze. Na moich","breadcrumb":{"@id":"https:\/\/pb.edu.pl\/sjo\/dla-studenta\/lektoraty-obieralne\/poczatek-przygody-z-rosyjskim\/#breadcrumb"},"inLanguage":"pl-PL","potentialAction":[{"@type":"ReadAction","target":["https:\/\/pb.edu.pl\/sjo\/dla-studenta\/lektoraty-obieralne\/poczatek-przygody-z-rosyjskim\/"]}]},{"@type":"ImageObject","inLanguage":"pl-PL","@id":"https:\/\/pb.edu.pl\/sjo\/dla-studenta\/lektoraty-obieralne\/poczatek-przygody-z-rosyjskim\/#primaryimage","url":"https:\/\/pb.edu.pl\/sjo\/wp-content\/uploads\/sites\/9\/2022\/11\/IK.png","contentUrl":"https:\/\/pb.edu.pl\/sjo\/wp-content\/uploads\/sites\/9\/2022\/11\/IK.png","width":500,"height":500},{"@type":"BreadcrumbList","@id":"https:\/\/pb.edu.pl\/sjo\/dla-studenta\/lektoraty-obieralne\/poczatek-przygody-z-rosyjskim\/#breadcrumb","itemListElement":[{"@type":"ListItem","position":1,"name":"Home","item":"https:\/\/pb.edu.pl\/sjo\/"},{"@type":"ListItem","position":2,"name":"Studiuj\u0119 w PB","item":"https:\/\/pb.edu.pl\/sjo\/dla-studenta\/"},{"@type":"ListItem","position":3,"name":"Lektoraty obieralne","item":"https:\/\/pb.edu.pl\/sjo\/dla-studenta\/lektoraty-obieralne\/"},{"@type":"ListItem","position":4,"name":"Pocz\u0105tek przygody z rosyjskim"}]},{"@type":"WebSite","@id":"https:\/\/pb.edu.pl\/sjo\/#website","url":"https:\/\/pb.edu.pl\/sjo\/","name":"Studium J\u0119zyk\u00f3w Obcych","description":"","potentialAction":[{"@type":"SearchAction","target":{"@type":"EntryPoint","urlTemplate":"https:\/\/pb.edu.pl\/sjo\/?s={search_term_string}"},"query-input":{"@type":"PropertyValueSpecification","valueRequired":true,"valueName":"search_term_string"}}],"inLanguage":"pl-PL"}]}},"_links":{"self":[{"href":"https:\/\/pb.edu.pl\/sjo\/wp-json\/wp\/v2\/pages\/21038","targetHints":{"allow":["GET"]}}],"collection":[{"href":"https:\/\/pb.edu.pl\/sjo\/wp-json\/wp\/v2\/pages"}],"about":[{"href":"https:\/\/pb.edu.pl\/sjo\/wp-json\/wp\/v2\/types\/page"}],"author":[{"embeddable":true,"href":"https:\/\/pb.edu.pl\/sjo\/wp-json\/wp\/v2\/users\/6"}],"replies":[{"embeddable":true,"href":"https:\/\/pb.edu.pl\/sjo\/wp-json\/wp\/v2\/comments?post=21038"}],"version-history":[{"count":0,"href":"https:\/\/pb.edu.pl\/sjo\/wp-json\/wp\/v2\/pages\/21038\/revisions"}],"up":[{"embeddable":true,"href":"https:\/\/pb.edu.pl\/sjo\/wp-json\/wp\/v2\/pages\/18747"}],"wp:attachment":[{"href":"https:\/\/pb.edu.pl\/sjo\/wp-json\/wp\/v2\/media?parent=21038"}],"curies":[{"name":"wp","href":"https:\/\/api.w.org\/{rel}","templated":true}]}}