{"id":20900,"date":"2023-05-26T13:21:22","date_gmt":"2023-05-26T11:21:22","guid":{"rendered":"https:\/\/pb.edu.pl\/sjo\/?page_id=20900"},"modified":"2024-01-04T09:43:56","modified_gmt":"2024-01-04T08:43:56","slug":"studium-jezykow-zaskakujaco-obcych","status":"publish","type":"page","link":"https:\/\/pb.edu.pl\/sjo\/projekty-2-2\/sjo-w-radiu-akadera\/studium-jezykow-zaskakujaco-obcych\/","title":{"rendered":"Studium J\u0119zyk\u00f3w Zaskakuj\u0105co Obcych"},"content":{"rendered":"<p><img loading=\"lazy\" decoding=\"async\" class=\"size-medium wp-image-20116 alignleft\" src=\"https:\/\/pb.edu.pl\/sjo\/wp-content\/uploads\/sites\/9\/2023\/03\/11-300x200.png\" alt=\"\" width=\"300\" height=\"200\" srcset=\"https:\/\/pb.edu.pl\/sjo\/wp-content\/uploads\/sites\/9\/2023\/03\/11-300x200.png 300w, https:\/\/pb.edu.pl\/sjo\/wp-content\/uploads\/sites\/9\/2023\/03\/11.png 480w\" sizes=\"auto, (max-width: 300px) 100vw, 300px\" \/>W Studium J\u0119zyk\u00f3w Zaskakuj\u0105co Obcych zadajemy zaskakuj\u0105ce pytania dotycz\u0105ce j\u0119zyka i dochodzimy do zaskakuj\u0105cych odpowiedzi.<\/p>\n<ul>\n<li>Jak poprawnie wym\u00f3wi\u0107 wyraz Ultimate?<\/li>\n<li>Czy ceny mog\u0105 pikowa\u0107 w d\u00f3\u0142?<\/li>\n<li>Dlaczego Szwedzi tak dobrze znaj\u0105 angielski?<\/li>\n<\/ul>\n<p>Do\u0142\u0105cz na kwadrans do rodzimego u\u017cytkownika j\u0119zyka polskiego (dr Citko) oraz rodzimej u\u017cytkowniczki j\u0119zyka angielskiego (Meghan) i dowied\u017a si\u0119 czego\u015b zaskakuj\u0105cego o j\u0119zyku (tym z mi\u0119\u015bni i tym z my\u015bli, tym z d\u017awi\u0119k\u00f3w i tym z liter, tym z Polski i tym z Ameryki), a przy okazji szlifuj sw\u00f3j angielski (Meghan p\u00f3ki co nie m\u00f3wi po polsku).<\/p>\n<p>&nbsp;<\/p>\n<p>Studium J\u0119zyk\u00f3w Zaskakuj\u0105co Obcych rusza ju\u017c w przysz\u0142ym tygodniu w radiu Akadera. Tymczasem we\u017a udzia\u0142 w naszym kr\u00f3tkim quizie i s\u0142uchaj audycji, aby dowiedzie\u0107 si\u0119 jaka jest zaskakuj\u0105ca prawda.<\/p>\n<p><strong>Poniedzia\u0142ek 05.06<\/strong><\/p>\n<p>Kto powiedzia\u0142, \u017ce j\u0119zyk polski jest trudny?<br \/>\nWho said Polish was difficult?<\/p>\n<p><strong>Jak przecz\u0105co odpowiedzie\u0107 na pytanie: \u201eCzy jest Janek\u201d?<\/strong><\/p>\n<ul>\n<li>Janek nie jest<\/li>\n<li>Nie Janek jest<\/li>\n<li>Janek jest nie<\/li>\n<li>Nie lubi\u0119 Janka.<\/li>\n<\/ul>\n<div class=\"mixcloud\">\n<div class=\"embed-responsive embed-responsive-16by9\"><iframe loading=\"lazy\" title=\"Studium J\u0119zyk\u00f3w Zaskakujaco Obcych - Odcinek 7\" width=\"100%\" height=\"120\" src=\"https:\/\/www.mixcloud.com\/widget\/iframe\/?feed=https%3A%2F%2Fwww.mixcloud.com%2FRADIO_AKADERA_87_7FM%2Fstudium-j%25C4%2599zyk%25C3%25B3w-zaskakujaco-obcych-odcinek-7%2F&amp;hide_cover=1\" frameborder=\"0\" allow=\"encrypted-media; fullscreen; autoplay; idle-detection; speaker-selection; web-share;\"><\/iframe><\/div>\n<\/div>\n<p>&nbsp;<br \/>\n<strong>Poniedzia\u0142ek 29.05<\/strong><\/p>\n<p>Dlaczego nie powinni\u015bmy specjalnie przejmowa\u0107 si\u0119 za\u015bmiecaniem polskiego?<br \/>\nWhy shoudn\u2019t we care too much about littering Polish with English?<\/p>\n<p><strong>Jak poprawnie wym\u00f3wi\u0107 s\u0142owo &#8222;ultimate&#8221; (to z reklam telewizyjnych)?<\/strong><\/p>\n<ul>\n<li>altimejt<\/li>\n<li>ultimejt<\/li>\n<li>lepiej wcale nie wymawia\u0107.<\/li>\n<\/ul>\n<div class=\"mixcloud\">\n<div class=\"embed-responsive embed-responsive-16by9\"><iframe loading=\"lazy\" title=\"Studium J\u0119zyk\u00f3w Zaskakuj\u0105co Obcych - Odcinek 6\" width=\"100%\" height=\"120\" src=\"https:\/\/www.mixcloud.com\/widget\/iframe\/?feed=https%3A%2F%2Fwww.mixcloud.com%2FRADIO_AKADERA_87_7FM%2Fstudium-j%25C4%2599zyk%25C3%25B3w-zaskakuj%25C4%2585co-obcych-odcinek-6%2F&amp;hide_cover=1\" frameborder=\"0\" allow=\"encrypted-media; fullscreen; autoplay; idle-detection; speaker-selection; web-share;\"><\/iframe><\/div>\n<\/div>\n<p>&nbsp;<br \/>\n<strong>Poniedzia\u0142ek 22.05<\/strong><\/p>\n<p>Dlaczego j\u0119zyk angielski, jako przedmiot szkolny, przestanie wkr\u00f3tce istnie\u0107?<br \/>\nWhy English will soon disappear from the list of school subjcts?<\/p>\n<p><strong>Dlaczego Szwedzi tak dobrze znaj\u0105 j\u0119zyk angielski:<\/strong><\/p>\n<ul>\n<li>poniewa\u017c s\u0105 s\u0105siadami z Wielk\u0105 Brytani\u0105 (przez Morze P\u00f3\u0142nocne);<\/li>\n<li>dzi\u0119ki ciep\u0142ym relacjom mi\u0119dzy (zmar\u0142\u0105) kr\u00f3low\u0105 El\u017cbiet\u0105 oraz kr\u00f3lem Karolem Gustawem;<\/li>\n<li>dzi\u0119ki nowatorskim rozwi\u0105zaniom w zakresie nauki j\u0119zyk\u00f3w obcych oraz \u015bwietnym nauczycielom?<\/li>\n<\/ul>\n<div class=\"mixcloud\">\n<div class=\"embed-responsive embed-responsive-16by9\"><iframe loading=\"lazy\" title=\"Studium J\u0119zyk\u00f3w Zaskakuj\u0105co Obcych - Odcinek 5\" width=\"100%\" height=\"120\" src=\"https:\/\/www.mixcloud.com\/widget\/iframe\/?feed=https%3A%2F%2Fwww.mixcloud.com%2FRADIO_AKADERA_87_7FM%2Fstudium-j%25C4%2599zyk%25C3%25B3w-zaskakuj%25C4%2585co-obcych-odcinek-5%2F&amp;hide_cover=1\" frameborder=\"0\" allow=\"encrypted-media; fullscreen; autoplay; idle-detection; speaker-selection; web-share;\"><\/iframe><\/div>\n<\/div>\n<p>&nbsp;<br \/>\n<strong>Pi\u0105tek 19.05<\/strong><\/p>\n<p>Dlaczego zawsze nale\u017cy uwa\u017ca\u0107 na po\u017cyczki (szczeg\u00f3lnie te angielskie)?<br \/>\nWhy should we always be careful about borrowings, especially the English ones?<\/p>\n<p><strong>Czy game-changer to:<\/strong><\/p>\n<ul>\n<li>kto\u015b, kto co i rusz gra w now\u0105 gr\u0119<\/li>\n<li>urz\u0105dzenie, kt\u00f3re wy\u015bwietla wynik meczu tenisowego<\/li>\n<li>ulubione wyra\u017cenie polskich polityk\u00f3w, kt\u00f3rzy lizn\u0119li angielskiego<\/li>\n<\/ul>\n<div class=\"mixcloud\">\n<div class=\"embed-responsive embed-responsive-16by9\"><iframe loading=\"lazy\" title=\"Studium J\u0119zyk\u00f3w Zaskakjuj\u0105co Obcych - Odcinek 4\" width=\"100%\" height=\"120\" src=\"https:\/\/www.mixcloud.com\/widget\/iframe\/?feed=https%3A%2F%2Fwww.mixcloud.com%2FRADIO_AKADERA_87_7FM%2Fstudium-j%25C4%2599zyk%25C3%25B3w-zaskakjuj%25C4%2585co-obcych-odcinek-4%2F&amp;hide_cover=1\" frameborder=\"0\" allow=\"encrypted-media; fullscreen; autoplay; idle-detection; speaker-selection; web-share;\"><\/iframe><\/div>\n<\/div>\n<p>&nbsp;<br \/>\n<strong>Poniedzia\u0142ek 15.05<\/strong><\/p>\n<p>Jakie wyrazy j\u0119zyka obcego s\u0105 najwa\u017cniejsze i dlatego nale\u017cy uczy\u0107 si\u0119 ich w pierwszej kolejno\u015bci?<br \/>\nWhich words of a foreign language are the most important and hence we should learn them first?<\/p>\n<p><strong>Jakie jest najcz\u0119\u015bciej u\u017cywane s\u0142owo w j\u0119zyku: angielskim i polskim?<\/strong><br \/>\n<div class=\"row\">\n<div class=\"col-md-2\">\n<ul>\n<li>hi<\/li>\n<li>okay<\/li>\n<li>baby<\/li>\n<li>coronavirus<\/li>\n<\/ul>\n<\/div>\n<div class=\"col-md-2\">\n<ul>\n<li>tak<\/li>\n<li>nie<\/li>\n<li>okej<\/li>\n<li>plus (np.500+)<\/li>\n<\/ul>\n<\/div>\n<\/div>\n<div class=\"mixcloud\">\n<div class=\"embed-responsive embed-responsive-16by9\"><iframe loading=\"lazy\" title=\"Studium J\u0119zyk\u00f3w Zaskakuj\u0105co Obcych - Odc. 3\" width=\"100%\" height=\"120\" src=\"https:\/\/www.mixcloud.com\/widget\/iframe\/?feed=https%3A%2F%2Fwww.mixcloud.com%2FRADIO_AKADERA_87_7FM%2Fstudium-j%25C4%2599zyk%25C3%25B3w-zaskakuj%25C4%2585co-obcych-odc-3%2F&amp;hide_cover=1\" frameborder=\"0\" allow=\"encrypted-media; fullscreen; autoplay; idle-detection; speaker-selection; web-share;\"><\/iframe><\/div>\n<\/div>\n<p>&nbsp;<br \/>\n<strong>Poniedzia\u0142ek 28.04<\/strong><\/p>\n<p><strong>Jak si\u0119 poprawnie wymawia? <\/strong><\/p>\n<ul>\n<li>[w\u0142ancza\u0107]<\/li>\n<li>[w\u0142oncza\u0107]<\/li>\n<li>[w\u0142ouncza\u0107]<\/li>\n<li>dajcie mi wreszcie z tym spok\u00f3j<\/li>\n<\/ul>\n<div class=\"mixcloud\">\n<div class=\"embed-responsive embed-responsive-16by9\"><iframe loading=\"lazy\" title=\"Studium J\u0119zyk\u00f3w Zaskakuj\u0105co Obcych - Odcinek 2\" width=\"100%\" height=\"120\" src=\"https:\/\/www.mixcloud.com\/widget\/iframe\/?feed=https%3A%2F%2Fwww.mixcloud.com%2FRADIO_AKADERA_87_7FM%2Fstudium-j%25C4%2599zyk%25C3%25B3w-zaskakuj%25C4%2585co-obcych-odcinek-2%2F&amp;hide_cover=1\" frameborder=\"0\" allow=\"encrypted-media; fullscreen; autoplay; idle-detection; speaker-selection; web-share;\"><\/iframe><\/div>\n<\/div>\n<p>&nbsp;<br \/>\n<strong>Poniedzia\u0142ek 24.04<\/strong><\/p>\n<p><strong>Quiz: Ile czas\u00f3w jest w j\u0119zyku angielskim?<\/strong><\/p>\n<ul>\n<li>6<\/li>\n<li>8<\/li>\n<li>13<\/li>\n<li>tego nie wie nawet m\u00f3j nauczyciel angielskiego<\/li>\n<\/ul>\n<div class=\"mixcloud\">\n<div class=\"embed-responsive embed-responsive-16by9\"><iframe loading=\"lazy\" title=\"Studium J\u0119zyk\u00f3w Zaskakuj\u0105co Obcych - Odcinek 1\" width=\"100%\" height=\"120\" src=\"https:\/\/www.mixcloud.com\/widget\/iframe\/?feed=https%3A%2F%2Fwww.mixcloud.com%2FRADIO_AKADERA_87_7FM%2Fstudium-j%25C4%2599zyk%25C3%25B3w-zaskakuj%25C4%2585co-obcych-odcinek-1%2F&amp;hide_cover=1\" frameborder=\"0\" allow=\"encrypted-media; fullscreen; autoplay; idle-detection; speaker-selection; web-share;\"><\/iframe><\/div>\n<\/div>\n","protected":false},"excerpt":{"rendered":"<p>W Studium J\u0119zyk\u00f3w Zaskakuj\u0105co Obcych zadajemy zaskakuj\u0105ce pytania dotycz\u0105ce j\u0119zyka i dochodzimy do zaskakuj\u0105cych odpowiedzi.<\/p>\n","protected":false},"author":6,"featured_media":0,"parent":23437,"menu_order":0,"comment_status":"closed","ping_status":"closed","template":"","meta":{"_acf_changed":false,"ngg_post_thumbnail":0,"footnotes":""},"class_list":["post-20900","page","type-page","status-publish","hentry"],"acf":[],"yoast_head":"<!-- This site is optimized with the Yoast SEO plugin v27.0 - https:\/\/yoast.com\/product\/yoast-seo-wordpress\/ -->\n<title>Studium J\u0119zyk\u00f3w Zaskakuj\u0105co Obcych - Studium J\u0119zyk\u00f3w Obcych<\/title>\n<meta name=\"description\" content=\"W Studium J\u0119zyk\u00f3w Zaskakuj\u0105co Obcych zadajemy zaskakuj\u0105ce pytania dotycz\u0105ce j\u0119zyka i dochodzimy do zaskakuj\u0105cych odpowiedzi. Jak poprawnie wym\u00f3wi\u0107 wyraz\" \/>\n<meta name=\"robots\" content=\"index, follow, max-snippet:-1, max-image-preview:large, max-video-preview:-1\" \/>\n<link rel=\"canonical\" href=\"https:\/\/pb.edu.pl\/sjo\/projekty-2-2\/sjo-w-radiu-akadera\/studium-jezykow-zaskakujaco-obcych\/\" \/>\n<meta property=\"og:locale\" content=\"pl_PL\" \/>\n<meta property=\"og:type\" content=\"article\" \/>\n<meta property=\"og:title\" content=\"Studium J\u0119zyk\u00f3w Zaskakuj\u0105co Obcych - Studium J\u0119zyk\u00f3w Obcych\" \/>\n<meta property=\"og:description\" content=\"W Studium J\u0119zyk\u00f3w Zaskakuj\u0105co Obcych zadajemy zaskakuj\u0105ce pytania dotycz\u0105ce j\u0119zyka i dochodzimy do zaskakuj\u0105cych odpowiedzi. Jak poprawnie wym\u00f3wi\u0107 wyraz\" \/>\n<meta property=\"og:url\" content=\"https:\/\/pb.edu.pl\/sjo\/projekty-2-2\/sjo-w-radiu-akadera\/studium-jezykow-zaskakujaco-obcych\/\" \/>\n<meta property=\"og:site_name\" content=\"Studium J\u0119zyk\u00f3w Obcych\" \/>\n<meta property=\"article:modified_time\" content=\"2024-01-04T08:43:56+00:00\" \/>\n<meta property=\"og:image\" content=\"https:\/\/pb.edu.pl\/sjo\/wp-content\/uploads\/sites\/9\/2023\/03\/11-300x200.png\" \/>\n<meta name=\"twitter:label1\" content=\"Szacowany czas czytania\" \/>\n\t<meta name=\"twitter:data1\" content=\"3 minuty\" \/>\n<script type=\"application\/ld+json\" class=\"yoast-schema-graph\">{\"@context\":\"https:\/\/schema.org\",\"@graph\":[{\"@type\":\"WebPage\",\"@id\":\"https:\/\/pb.edu.pl\/sjo\/projekty-2-2\/sjo-w-radiu-akadera\/studium-jezykow-zaskakujaco-obcych\/\",\"url\":\"https:\/\/pb.edu.pl\/sjo\/projekty-2-2\/sjo-w-radiu-akadera\/studium-jezykow-zaskakujaco-obcych\/\",\"name\":\"Studium J\u0119zyk\u00f3w Zaskakuj\u0105co Obcych - Studium J\u0119zyk\u00f3w Obcych\",\"isPartOf\":{\"@id\":\"https:\/\/pb.edu.pl\/sjo\/#website\"},\"primaryImageOfPage\":{\"@id\":\"https:\/\/pb.edu.pl\/sjo\/projekty-2-2\/sjo-w-radiu-akadera\/studium-jezykow-zaskakujaco-obcych\/#primaryimage\"},\"image\":{\"@id\":\"https:\/\/pb.edu.pl\/sjo\/projekty-2-2\/sjo-w-radiu-akadera\/studium-jezykow-zaskakujaco-obcych\/#primaryimage\"},\"thumbnailUrl\":\"https:\/\/pb.edu.pl\/sjo\/wp-content\/uploads\/sites\/9\/2023\/03\/11-300x200.png\",\"datePublished\":\"2023-05-26T11:21:22+00:00\",\"dateModified\":\"2024-01-04T08:43:56+00:00\",\"description\":\"W Studium J\u0119zyk\u00f3w Zaskakuj\u0105co Obcych zadajemy zaskakuj\u0105ce pytania dotycz\u0105ce j\u0119zyka i dochodzimy do zaskakuj\u0105cych odpowiedzi. Jak poprawnie wym\u00f3wi\u0107 wyraz\",\"breadcrumb\":{\"@id\":\"https:\/\/pb.edu.pl\/sjo\/projekty-2-2\/sjo-w-radiu-akadera\/studium-jezykow-zaskakujaco-obcych\/#breadcrumb\"},\"inLanguage\":\"pl-PL\",\"potentialAction\":[{\"@type\":\"ReadAction\",\"target\":[\"https:\/\/pb.edu.pl\/sjo\/projekty-2-2\/sjo-w-radiu-akadera\/studium-jezykow-zaskakujaco-obcych\/\"]}]},{\"@type\":\"ImageObject\",\"inLanguage\":\"pl-PL\",\"@id\":\"https:\/\/pb.edu.pl\/sjo\/projekty-2-2\/sjo-w-radiu-akadera\/studium-jezykow-zaskakujaco-obcych\/#primaryimage\",\"url\":\"https:\/\/pb.edu.pl\/sjo\/wp-content\/uploads\/sites\/9\/2023\/03\/11.png\",\"contentUrl\":\"https:\/\/pb.edu.pl\/sjo\/wp-content\/uploads\/sites\/9\/2023\/03\/11.png\",\"width\":480,\"height\":320},{\"@type\":\"BreadcrumbList\",\"@id\":\"https:\/\/pb.edu.pl\/sjo\/projekty-2-2\/sjo-w-radiu-akadera\/studium-jezykow-zaskakujaco-obcych\/#breadcrumb\",\"itemListElement\":[{\"@type\":\"ListItem\",\"position\":1,\"name\":\"Home\",\"item\":\"https:\/\/pb.edu.pl\/sjo\/\"},{\"@type\":\"ListItem\",\"position\":2,\"name\":\"Projekty\",\"item\":\"https:\/\/pb.edu.pl\/sjo\/projekty-2-2\/\"},{\"@type\":\"ListItem\",\"position\":3,\"name\":\"SJO w Radiu Akadera\",\"item\":\"https:\/\/pb.edu.pl\/sjo\/projekty-2-2\/sjo-w-radiu-akadera\/\"},{\"@type\":\"ListItem\",\"position\":4,\"name\":\"Studium J\u0119zyk\u00f3w Zaskakuj\u0105co Obcych\"}]},{\"@type\":\"WebSite\",\"@id\":\"https:\/\/pb.edu.pl\/sjo\/#website\",\"url\":\"https:\/\/pb.edu.pl\/sjo\/\",\"name\":\"Studium J\u0119zyk\u00f3w Obcych\",\"description\":\"\",\"potentialAction\":[{\"@type\":\"SearchAction\",\"target\":{\"@type\":\"EntryPoint\",\"urlTemplate\":\"https:\/\/pb.edu.pl\/sjo\/?s={search_term_string}\"},\"query-input\":{\"@type\":\"PropertyValueSpecification\",\"valueRequired\":true,\"valueName\":\"search_term_string\"}}],\"inLanguage\":\"pl-PL\"}]}<\/script>\n<!-- \/ Yoast SEO plugin. -->","yoast_head_json":{"title":"Studium J\u0119zyk\u00f3w Zaskakuj\u0105co Obcych - Studium J\u0119zyk\u00f3w Obcych","description":"W Studium J\u0119zyk\u00f3w Zaskakuj\u0105co Obcych zadajemy zaskakuj\u0105ce pytania dotycz\u0105ce j\u0119zyka i dochodzimy do zaskakuj\u0105cych odpowiedzi. Jak poprawnie wym\u00f3wi\u0107 wyraz","robots":{"index":"index","follow":"follow","max-snippet":"max-snippet:-1","max-image-preview":"max-image-preview:large","max-video-preview":"max-video-preview:-1"},"canonical":"https:\/\/pb.edu.pl\/sjo\/projekty-2-2\/sjo-w-radiu-akadera\/studium-jezykow-zaskakujaco-obcych\/","og_locale":"pl_PL","og_type":"article","og_title":"Studium J\u0119zyk\u00f3w Zaskakuj\u0105co Obcych - Studium J\u0119zyk\u00f3w Obcych","og_description":"W Studium J\u0119zyk\u00f3w Zaskakuj\u0105co Obcych zadajemy zaskakuj\u0105ce pytania dotycz\u0105ce j\u0119zyka i dochodzimy do zaskakuj\u0105cych odpowiedzi. Jak poprawnie wym\u00f3wi\u0107 wyraz","og_url":"https:\/\/pb.edu.pl\/sjo\/projekty-2-2\/sjo-w-radiu-akadera\/studium-jezykow-zaskakujaco-obcych\/","og_site_name":"Studium J\u0119zyk\u00f3w Obcych","article_modified_time":"2024-01-04T08:43:56+00:00","og_image":[{"url":"https:\/\/pb.edu.pl\/sjo\/wp-content\/uploads\/sites\/9\/2023\/03\/11-300x200.png","type":"","width":"","height":""}],"twitter_misc":{"Szacowany czas czytania":"3 minuty"},"schema":{"@context":"https:\/\/schema.org","@graph":[{"@type":"WebPage","@id":"https:\/\/pb.edu.pl\/sjo\/projekty-2-2\/sjo-w-radiu-akadera\/studium-jezykow-zaskakujaco-obcych\/","url":"https:\/\/pb.edu.pl\/sjo\/projekty-2-2\/sjo-w-radiu-akadera\/studium-jezykow-zaskakujaco-obcych\/","name":"Studium J\u0119zyk\u00f3w Zaskakuj\u0105co Obcych - Studium J\u0119zyk\u00f3w Obcych","isPartOf":{"@id":"https:\/\/pb.edu.pl\/sjo\/#website"},"primaryImageOfPage":{"@id":"https:\/\/pb.edu.pl\/sjo\/projekty-2-2\/sjo-w-radiu-akadera\/studium-jezykow-zaskakujaco-obcych\/#primaryimage"},"image":{"@id":"https:\/\/pb.edu.pl\/sjo\/projekty-2-2\/sjo-w-radiu-akadera\/studium-jezykow-zaskakujaco-obcych\/#primaryimage"},"thumbnailUrl":"https:\/\/pb.edu.pl\/sjo\/wp-content\/uploads\/sites\/9\/2023\/03\/11-300x200.png","datePublished":"2023-05-26T11:21:22+00:00","dateModified":"2024-01-04T08:43:56+00:00","description":"W Studium J\u0119zyk\u00f3w Zaskakuj\u0105co Obcych zadajemy zaskakuj\u0105ce pytania dotycz\u0105ce j\u0119zyka i dochodzimy do zaskakuj\u0105cych odpowiedzi. Jak poprawnie wym\u00f3wi\u0107 wyraz","breadcrumb":{"@id":"https:\/\/pb.edu.pl\/sjo\/projekty-2-2\/sjo-w-radiu-akadera\/studium-jezykow-zaskakujaco-obcych\/#breadcrumb"},"inLanguage":"pl-PL","potentialAction":[{"@type":"ReadAction","target":["https:\/\/pb.edu.pl\/sjo\/projekty-2-2\/sjo-w-radiu-akadera\/studium-jezykow-zaskakujaco-obcych\/"]}]},{"@type":"ImageObject","inLanguage":"pl-PL","@id":"https:\/\/pb.edu.pl\/sjo\/projekty-2-2\/sjo-w-radiu-akadera\/studium-jezykow-zaskakujaco-obcych\/#primaryimage","url":"https:\/\/pb.edu.pl\/sjo\/wp-content\/uploads\/sites\/9\/2023\/03\/11.png","contentUrl":"https:\/\/pb.edu.pl\/sjo\/wp-content\/uploads\/sites\/9\/2023\/03\/11.png","width":480,"height":320},{"@type":"BreadcrumbList","@id":"https:\/\/pb.edu.pl\/sjo\/projekty-2-2\/sjo-w-radiu-akadera\/studium-jezykow-zaskakujaco-obcych\/#breadcrumb","itemListElement":[{"@type":"ListItem","position":1,"name":"Home","item":"https:\/\/pb.edu.pl\/sjo\/"},{"@type":"ListItem","position":2,"name":"Projekty","item":"https:\/\/pb.edu.pl\/sjo\/projekty-2-2\/"},{"@type":"ListItem","position":3,"name":"SJO w Radiu Akadera","item":"https:\/\/pb.edu.pl\/sjo\/projekty-2-2\/sjo-w-radiu-akadera\/"},{"@type":"ListItem","position":4,"name":"Studium J\u0119zyk\u00f3w Zaskakuj\u0105co Obcych"}]},{"@type":"WebSite","@id":"https:\/\/pb.edu.pl\/sjo\/#website","url":"https:\/\/pb.edu.pl\/sjo\/","name":"Studium J\u0119zyk\u00f3w Obcych","description":"","potentialAction":[{"@type":"SearchAction","target":{"@type":"EntryPoint","urlTemplate":"https:\/\/pb.edu.pl\/sjo\/?s={search_term_string}"},"query-input":{"@type":"PropertyValueSpecification","valueRequired":true,"valueName":"search_term_string"}}],"inLanguage":"pl-PL"}]}},"_links":{"self":[{"href":"https:\/\/pb.edu.pl\/sjo\/wp-json\/wp\/v2\/pages\/20900","targetHints":{"allow":["GET"]}}],"collection":[{"href":"https:\/\/pb.edu.pl\/sjo\/wp-json\/wp\/v2\/pages"}],"about":[{"href":"https:\/\/pb.edu.pl\/sjo\/wp-json\/wp\/v2\/types\/page"}],"author":[{"embeddable":true,"href":"https:\/\/pb.edu.pl\/sjo\/wp-json\/wp\/v2\/users\/6"}],"replies":[{"embeddable":true,"href":"https:\/\/pb.edu.pl\/sjo\/wp-json\/wp\/v2\/comments?post=20900"}],"version-history":[{"count":0,"href":"https:\/\/pb.edu.pl\/sjo\/wp-json\/wp\/v2\/pages\/20900\/revisions"}],"up":[{"embeddable":true,"href":"https:\/\/pb.edu.pl\/sjo\/wp-json\/wp\/v2\/pages\/23437"}],"wp:attachment":[{"href":"https:\/\/pb.edu.pl\/sjo\/wp-json\/wp\/v2\/media?parent=20900"}],"curies":[{"name":"wp","href":"https:\/\/api.w.org\/{rel}","templated":true}]}}