{"id":20758,"date":"2023-05-25T11:55:55","date_gmt":"2023-05-25T09:55:55","guid":{"rendered":"https:\/\/pb.edu.pl\/sjo\/?page_id=20758"},"modified":"2023-05-25T11:55:55","modified_gmt":"2023-05-25T09:55:55","slug":"fulbright","status":"publish","type":"page","link":"https:\/\/pb.edu.pl\/sjo\/aktualnosci\/fulbright\/","title":{"rendered":"Fulbright"},"content":{"rendered":"\t\t<div class=\"box news-box \">\n\t\t<div class=\"row\">\n\t\t\t\n\t\t\t\n\t\t\t\t\n\t\t\t\t\t\t\t\t\t\t<div class=\"col-sm-3\">\n\t\t\t\t\t\t\t\n<article class=\"format-standard\">\n    <span class=\"date text-right\"><i class=\"fal fa-calendar-alt\"><\/i> 11-07-2024<\/span>\n    <a href=\"https:\/\/pb.edu.pl\/sjo\/2024\/07\/11\/pozegnalne-spotkanie-z-cailyn\/\">\n      <div class=\"article-image\">\n        <img loading=\"lazy\" decoding=\"async\" width=\"480\" height=\"300\" src=\"https:\/\/pb.edu.pl\/sjo\/wp-content\/uploads\/sites\/9\/2024\/07\/cailyn-ost-zajecia-480x300.png\" class=\"attachment-medium-image-16x10 size-medium-image-16x10 wp-post-image\" alt=\"\" \/>      <\/div>\n      <h3>Po\u017cegnalne spotkanie z Cailyn<\/h3>\n      Na pocz\u0105tku lipca Cailyn Stewart opu\u015bci\u0142a Polsk\u0119. Po\u017cegnalnych spotka\u0144, prezent\u00f3w, podzi\u0119kowa\u0144,    <\/a>\n<\/article>\t\t\t\t\t\t<\/div>\n\t\t\t\t\t\t\t\t\t\t\t<div class=\"col-sm-3\">\n\t\t\t\t\t\t\t\n<article class=\"format-standard\">\n    <span class=\"date text-right\"><i class=\"fal fa-calendar-alt\"><\/i> 29-05-2024<\/span>\n    <a href=\"https:\/\/pb.edu.pl\/sjo\/2024\/05\/29\/zapraszamy-na-ostatni-wyklad-the-american-hour\/\">\n      <div class=\"article-image\">\n        <img loading=\"lazy\" decoding=\"async\" width=\"480\" height=\"300\" src=\"https:\/\/pb.edu.pl\/sjo\/wp-content\/uploads\/sites\/9\/2024\/05\/American-Hour-Interactive-Lectures-on-American-Life-and-Culture-7-480x300.png\" class=\"attachment-medium-image-16x10 size-medium-image-16x10 wp-post-image\" alt=\"\" srcset=\"https:\/\/pb.edu.pl\/sjo\/wp-content\/uploads\/sites\/9\/2024\/05\/American-Hour-Interactive-Lectures-on-American-Life-and-Culture-7-480x300.png 480w, https:\/\/pb.edu.pl\/sjo\/wp-content\/uploads\/sites\/9\/2024\/05\/American-Hour-Interactive-Lectures-on-American-Life-and-Culture-7-300x188.png 300w, https:\/\/pb.edu.pl\/sjo\/wp-content\/uploads\/sites\/9\/2024\/05\/American-Hour-Interactive-Lectures-on-American-Life-and-Culture-7-1024x640.png 1024w, https:\/\/pb.edu.pl\/sjo\/wp-content\/uploads\/sites\/9\/2024\/05\/American-Hour-Interactive-Lectures-on-American-Life-and-Culture-7-768x480.png 768w, https:\/\/pb.edu.pl\/sjo\/wp-content\/uploads\/sites\/9\/2024\/05\/American-Hour-Interactive-Lectures-on-American-Life-and-Culture-7.png 1080w\" sizes=\"auto, (max-width: 480px) 100vw, 480px\" \/>      <\/div>\n      <h3>Zapraszamy na ostatni wyk\u0142ad the American Hour<\/h3>\n      Join us for an interdisciplinary lecture series led by&nbsp;Cailyn Stewart, our    <\/a>\n<\/article>\t\t\t\t\t\t<\/div>\n\t\t\t\t\t\t\t\t\t\t\t<div class=\"col-sm-3\">\n\t\t\t\t\t\t\t\n<article class=\"format-standard\">\n    <span class=\"date text-right\"><i class=\"fal fa-calendar-alt\"><\/i> 29-05-2024<\/span>\n    <a href=\"https:\/\/pb.edu.pl\/sjo\/2024\/05\/29\/fulbright-grantee-panel-opportunities-for-research-and-study-in-the-us\/\">\n      <div class=\"article-image\">\n        <img loading=\"lazy\" decoding=\"async\" width=\"480\" height=\"300\" src=\"https:\/\/pb.edu.pl\/sjo\/wp-content\/uploads\/sites\/9\/2024\/05\/lecture-American-Hour-Interactive-Lectures-on-American-Life-and-Culture-6-480x300.png\" class=\"attachment-medium-image-16x10 size-medium-image-16x10 wp-post-image\" alt=\"\" srcset=\"https:\/\/pb.edu.pl\/sjo\/wp-content\/uploads\/sites\/9\/2024\/05\/lecture-American-Hour-Interactive-Lectures-on-American-Life-and-Culture-6-480x300.png 480w, https:\/\/pb.edu.pl\/sjo\/wp-content\/uploads\/sites\/9\/2024\/05\/lecture-American-Hour-Interactive-Lectures-on-American-Life-and-Culture-6-300x188.png 300w, https:\/\/pb.edu.pl\/sjo\/wp-content\/uploads\/sites\/9\/2024\/05\/lecture-American-Hour-Interactive-Lectures-on-American-Life-and-Culture-6-1024x640.png 1024w, https:\/\/pb.edu.pl\/sjo\/wp-content\/uploads\/sites\/9\/2024\/05\/lecture-American-Hour-Interactive-Lectures-on-American-Life-and-Culture-6-768x480.png 768w, https:\/\/pb.edu.pl\/sjo\/wp-content\/uploads\/sites\/9\/2024\/05\/lecture-American-Hour-Interactive-Lectures-on-American-Life-and-Culture-6.png 1080w\" sizes=\"auto, (max-width: 480px) 100vw, 480px\" \/>      <\/div>\n      <h3>Relacja z Fulbright Grantee Panel: Opportunities for Research and Study in the US<\/h3>\n      Za nami ju\u017c sz\u00f3sty wyk\u0142ad z serii American Hour: Interactive Lectures    <\/a>\n<\/article>\t\t\t\t\t\t<\/div>\n\t\t\t\t\t\t\t\t\t\t\t<div class=\"col-sm-3\">\n\t\t\t\t\t\t\t\n<article class=\"format-standard\">\n    <span class=\"date text-right\"><i class=\"fal fa-calendar-alt\"><\/i> 03-10-2023<\/span>\n    <a href=\"https:\/\/pb.edu.pl\/sjo\/2023\/10\/03\/22172\/\">\n      <div class=\"article-image\">\n        <img loading=\"lazy\" decoding=\"async\" width=\"480\" height=\"300\" src=\"https:\/\/pb.edu.pl\/sjo\/wp-content\/uploads\/sites\/9\/2023\/10\/fb-newa-480x300.png\" class=\"attachment-medium-image-16x10 size-medium-image-16x10 wp-post-image\" alt=\"\" srcset=\"https:\/\/pb.edu.pl\/sjo\/wp-content\/uploads\/sites\/9\/2023\/10\/fb-newa-480x300.png 480w, https:\/\/pb.edu.pl\/sjo\/wp-content\/uploads\/sites\/9\/2023\/10\/fb-newa-300x188.png 300w, https:\/\/pb.edu.pl\/sjo\/wp-content\/uploads\/sites\/9\/2023\/10\/fb-newa-1024x640.png 1024w, https:\/\/pb.edu.pl\/sjo\/wp-content\/uploads\/sites\/9\/2023\/10\/fb-newa-768x480.png 768w, https:\/\/pb.edu.pl\/sjo\/wp-content\/uploads\/sites\/9\/2023\/10\/fb-newa.png 1080w\" sizes=\"auto, (max-width: 480px) 100vw, 480px\" \/>      <\/div>\n      <h3>Native speaker w SJO<\/h3>\n      W roku akademickim 2023\/24 w Studium J\u0119zyk\u00f3w Obcych go\u015bcimy ponownie stypendystk\u0119    <\/a>\n<\/article>\t\t\t\t\t\t<\/div>\n\t\t\t\t\t\t\t\t\t\t\t<div class=\"col-sm-3\">\n\t\t\t\t\t\t\t\n<article class=\"format-standard\">\n    <span class=\"date text-right\"><i class=\"fal fa-calendar-alt\"><\/i> 12-07-2023<\/span>\n    <a href=\"https:\/\/pb.edu.pl\/sjo\/2023\/07\/12\/zakonczenie-zajec-z-meghan\/\">\n      <div class=\"article-image\">\n        <img loading=\"lazy\" decoding=\"async\" width=\"480\" height=\"300\" src=\"https:\/\/pb.edu.pl\/sjo\/wp-content\/uploads\/sites\/9\/2023\/07\/24-czerwca-zaczyna-sie-kolejny-panstwowy-egzamin-z-jezyka-polskiego-jako-obcego2-480x300.png\" class=\"attachment-medium-image-16x10 size-medium-image-16x10 wp-post-image\" alt=\"\" \/>      <\/div>\n      <h3>Zako\u0144czenie zaj\u0119\u0107 z Meghan<\/h3>\n      Zako\u0144czy\u0142y si\u0119 konwersacyjne kursy j\u0119zyka angielskiego z nasz\u0105 ameryka\u0144sk\u0105 stypendystk\u0105 Programu    <\/a>\n<\/article>\t\t\t\t\t\t<\/div>\n\t\t\t\t\t\t\t\t\t\t\t<div class=\"col-sm-3\">\n\t\t\t\t\t\t\t\n<article class=\"format-standard\">\n    <span class=\"date text-right\"><i class=\"fal fa-calendar-alt\"><\/i> 02-06-2023<\/span>\n    <a href=\"https:\/\/pb.edu.pl\/sjo\/2023\/06\/02\/studium-jezykow-zaskakujaco-obcych-w-radiu-akadera\/\">\n      <div class=\"article-image\">\n        <img loading=\"lazy\" decoding=\"async\" width=\"480\" height=\"300\" src=\"https:\/\/pb.edu.pl\/sjo\/wp-content\/uploads\/sites\/9\/2023\/03\/11-480x300.png\" class=\"attachment-medium-image-16x10 size-medium-image-16x10 wp-post-image\" alt=\"\" \/>      <\/div>\n      <h3>Studium J\u0119zyk\u00f3w Zaskakuj\u0105co Obcych w Radiu Akadera<\/h3>\n      W Studium J\u0119zyk\u00f3w Zaskakuj\u0105co Obcych zadajemy zaskakuj\u0105ce pytania dotycz\u0105ce j\u0119zyka i    <\/a>\n<\/article>\t\t\t\t\t\t<\/div>\n\t\t\t\t\t\t\t\t\t\t\t<div class=\"col-sm-3\">\n\t\t\t\t\t\t\t\n<article class=\"format-standard\">\n    <span class=\"date text-right\"><i class=\"fal fa-calendar-alt\"><\/i> 14-03-2023<\/span>\n    <a href=\"https:\/\/pb.edu.pl\/sjo\/2023\/03\/14\/relacja-z-wizyty-meghan-w-sp14\/\">\n      <div class=\"article-image\">\n        <img loading=\"lazy\" decoding=\"async\" width=\"480\" height=\"300\" src=\"https:\/\/pb.edu.pl\/sjo\/wp-content\/uploads\/sites\/9\/2023\/03\/20230303_084124-480x300.jpg\" class=\"attachment-medium-image-16x10 size-medium-image-16x10 wp-post-image\" alt=\"\" \/>      <\/div>\n      <h3>Relacja z wizyty Meghan w SP14<\/h3>\n      &#8222;W dniach 3 i 13 marca 2023 roku go\u015bcili\u015bmy w Szkole    <\/a>\n<\/article>\t\t\t\t\t\t<\/div>\n\t\t\t\t\t\t\t\t\t\t\t<div class=\"col-sm-3\">\n\t\t\t\t\t\t\t\n<article class=\"format-standard\">\n    <span class=\"date text-right\"><i class=\"fal fa-calendar-alt\"><\/i> 25-01-2023<\/span>\n    <a href=\"https:\/\/pb.edu.pl\/sjo\/2023\/01\/25\/kolejne-spotkanie-z-bialostocka-mlodzieza\/\">\n      <div class=\"article-image\">\n        <img loading=\"lazy\" decoding=\"async\" width=\"480\" height=\"300\" src=\"https:\/\/pb.edu.pl\/sjo\/wp-content\/uploads\/sites\/9\/2023\/02\/326487966_740866390546160_6785207255591744961_n-480x300.jpg\" class=\"attachment-medium-image-16x10 size-medium-image-16x10 wp-post-image\" alt=\"\" \/>      <\/div>\n      <h3>Kolejne spotkanie z bia\u0142ostock\u0105 m\u0142odzie\u017c\u0105<\/h3>\n      18 stycznia 2023 r. Meghan Ludke poprowadzi\u0142a ciekawe zaj\u0119cia o kulturze    <\/a>\n<\/article>\t\t\t\t\t\t<\/div>\n\t\t\t\t\t\n\t\t\t\t\n\t\t\t\t\t<\/div>\n\t\t\n\t<nav class=\"navigation pagination\" aria-label=\"Stronicowanie wpis\u00f3w\">\n\t\t<h2 class=\"screen-reader-text\">Stronicowanie wpis\u00f3w<\/h2>\n\t\t<div class=\"nav-links\"><span aria-current=\"page\" class=\"page-numbers current\">1<\/span>\n<a class=\"page-numbers\" href=\"https:\/\/pb.edu.pl\/sjo\/wp-json\/wp\/v2\/pages\/20758\/page\/2\/\">2<\/a>\n<a class=\"next page-numbers\" href=\"https:\/\/pb.edu.pl\/sjo\/wp-json\/wp\/v2\/pages\/20758\/page\/2\/\">Nast\u0119pne<\/a><\/div>\n\t<\/nav>\t\t\t<\/div>\n\n","protected":false},"excerpt":{"rendered":"","protected":false},"author":6,"featured_media":0,"parent":84,"menu_order":0,"comment_status":"closed","ping_status":"closed","template":"","meta":{"_acf_changed":false,"ngg_post_thumbnail":0,"footnotes":""},"class_list":["post-20758","page","type-page","status-publish","hentry"],"acf":[],"yoast_head":"<!-- This site is optimized with the Yoast SEO plugin v27.0 - https:\/\/yoast.com\/product\/yoast-seo-wordpress\/ -->\n<title>Fulbright - Studium J\u0119zyk\u00f3w Obcych<\/title>\n<meta name=\"robots\" content=\"index, follow, max-snippet:-1, max-image-preview:large, max-video-preview:-1\" \/>\n<link rel=\"canonical\" href=\"https:\/\/pb.edu.pl\/sjo\/aktualnosci\/fulbright\/\" \/>\n<meta property=\"og:locale\" content=\"pl_PL\" \/>\n<meta property=\"og:type\" content=\"article\" \/>\n<meta property=\"og:title\" content=\"Fulbright - Studium J\u0119zyk\u00f3w Obcych\" \/>\n<meta property=\"og:url\" content=\"https:\/\/pb.edu.pl\/sjo\/aktualnosci\/fulbright\/\" \/>\n<meta property=\"og:site_name\" content=\"Studium J\u0119zyk\u00f3w Obcych\" \/>\n<script type=\"application\/ld+json\" class=\"yoast-schema-graph\">{\"@context\":\"https:\/\/schema.org\",\"@graph\":[{\"@type\":\"WebPage\",\"@id\":\"https:\/\/pb.edu.pl\/sjo\/aktualnosci\/fulbright\/\",\"url\":\"https:\/\/pb.edu.pl\/sjo\/aktualnosci\/fulbright\/\",\"name\":\"Fulbright - Studium J\u0119zyk\u00f3w Obcych\",\"isPartOf\":{\"@id\":\"https:\/\/pb.edu.pl\/sjo\/#website\"},\"datePublished\":\"2023-05-25T09:55:55+00:00\",\"breadcrumb\":{\"@id\":\"https:\/\/pb.edu.pl\/sjo\/aktualnosci\/fulbright\/#breadcrumb\"},\"inLanguage\":\"pl-PL\",\"potentialAction\":[{\"@type\":\"ReadAction\",\"target\":[\"https:\/\/pb.edu.pl\/sjo\/aktualnosci\/fulbright\/\"]}]},{\"@type\":\"BreadcrumbList\",\"@id\":\"https:\/\/pb.edu.pl\/sjo\/aktualnosci\/fulbright\/#breadcrumb\",\"itemListElement\":[{\"@type\":\"ListItem\",\"position\":1,\"name\":\"Home\",\"item\":\"https:\/\/pb.edu.pl\/sjo\/\"},{\"@type\":\"ListItem\",\"position\":2,\"name\":\"Aktualno\u015bci\",\"item\":\"https:\/\/pb.edu.pl\/sjo\/aktualnosci\/\"},{\"@type\":\"ListItem\",\"position\":3,\"name\":\"Fulbright\"}]},{\"@type\":\"WebSite\",\"@id\":\"https:\/\/pb.edu.pl\/sjo\/#website\",\"url\":\"https:\/\/pb.edu.pl\/sjo\/\",\"name\":\"Studium J\u0119zyk\u00f3w Obcych\",\"description\":\"\",\"potentialAction\":[{\"@type\":\"SearchAction\",\"target\":{\"@type\":\"EntryPoint\",\"urlTemplate\":\"https:\/\/pb.edu.pl\/sjo\/?s={search_term_string}\"},\"query-input\":{\"@type\":\"PropertyValueSpecification\",\"valueRequired\":true,\"valueName\":\"search_term_string\"}}],\"inLanguage\":\"pl-PL\"}]}<\/script>\n<!-- \/ Yoast SEO plugin. -->","yoast_head_json":{"title":"Fulbright - Studium J\u0119zyk\u00f3w Obcych","robots":{"index":"index","follow":"follow","max-snippet":"max-snippet:-1","max-image-preview":"max-image-preview:large","max-video-preview":"max-video-preview:-1"},"canonical":"https:\/\/pb.edu.pl\/sjo\/aktualnosci\/fulbright\/","og_locale":"pl_PL","og_type":"article","og_title":"Fulbright - Studium J\u0119zyk\u00f3w Obcych","og_url":"https:\/\/pb.edu.pl\/sjo\/aktualnosci\/fulbright\/","og_site_name":"Studium J\u0119zyk\u00f3w Obcych","schema":{"@context":"https:\/\/schema.org","@graph":[{"@type":"WebPage","@id":"https:\/\/pb.edu.pl\/sjo\/aktualnosci\/fulbright\/","url":"https:\/\/pb.edu.pl\/sjo\/aktualnosci\/fulbright\/","name":"Fulbright - Studium J\u0119zyk\u00f3w Obcych","isPartOf":{"@id":"https:\/\/pb.edu.pl\/sjo\/#website"},"datePublished":"2023-05-25T09:55:55+00:00","breadcrumb":{"@id":"https:\/\/pb.edu.pl\/sjo\/aktualnosci\/fulbright\/#breadcrumb"},"inLanguage":"pl-PL","potentialAction":[{"@type":"ReadAction","target":["https:\/\/pb.edu.pl\/sjo\/aktualnosci\/fulbright\/"]}]},{"@type":"BreadcrumbList","@id":"https:\/\/pb.edu.pl\/sjo\/aktualnosci\/fulbright\/#breadcrumb","itemListElement":[{"@type":"ListItem","position":1,"name":"Home","item":"https:\/\/pb.edu.pl\/sjo\/"},{"@type":"ListItem","position":2,"name":"Aktualno\u015bci","item":"https:\/\/pb.edu.pl\/sjo\/aktualnosci\/"},{"@type":"ListItem","position":3,"name":"Fulbright"}]},{"@type":"WebSite","@id":"https:\/\/pb.edu.pl\/sjo\/#website","url":"https:\/\/pb.edu.pl\/sjo\/","name":"Studium J\u0119zyk\u00f3w Obcych","description":"","potentialAction":[{"@type":"SearchAction","target":{"@type":"EntryPoint","urlTemplate":"https:\/\/pb.edu.pl\/sjo\/?s={search_term_string}"},"query-input":{"@type":"PropertyValueSpecification","valueRequired":true,"valueName":"search_term_string"}}],"inLanguage":"pl-PL"}]}},"_links":{"self":[{"href":"https:\/\/pb.edu.pl\/sjo\/wp-json\/wp\/v2\/pages\/20758","targetHints":{"allow":["GET"]}}],"collection":[{"href":"https:\/\/pb.edu.pl\/sjo\/wp-json\/wp\/v2\/pages"}],"about":[{"href":"https:\/\/pb.edu.pl\/sjo\/wp-json\/wp\/v2\/types\/page"}],"author":[{"embeddable":true,"href":"https:\/\/pb.edu.pl\/sjo\/wp-json\/wp\/v2\/users\/6"}],"replies":[{"embeddable":true,"href":"https:\/\/pb.edu.pl\/sjo\/wp-json\/wp\/v2\/comments?post=20758"}],"version-history":[{"count":0,"href":"https:\/\/pb.edu.pl\/sjo\/wp-json\/wp\/v2\/pages\/20758\/revisions"}],"up":[{"embeddable":true,"href":"https:\/\/pb.edu.pl\/sjo\/wp-json\/wp\/v2\/pages\/84"}],"wp:attachment":[{"href":"https:\/\/pb.edu.pl\/sjo\/wp-json\/wp\/v2\/media?parent=20758"}],"curies":[{"name":"wp","href":"https:\/\/api.w.org\/{rel}","templated":true}]}}