{"id":20419,"date":"2023-05-11T15:16:38","date_gmt":"2023-05-11T13:16:38","guid":{"rendered":"https:\/\/pb.edu.pl\/sjo\/?page_id=20419"},"modified":"2023-05-16T13:22:22","modified_gmt":"2023-05-16T11:22:22","slug":"laureaci-konkursu","status":"publish","type":"page","link":"https:\/\/pb.edu.pl\/sjo\/wydarzenia-sjo\/konkurs-fotograficzny-my-university-my-life\/laureaci-konkursu\/","title":{"rendered":"Laureaci konkursu"},"content":{"rendered":"<h2><img loading=\"lazy\" decoding=\"async\" class=\"alignleft wp-image-20413\" src=\"https:\/\/pb.edu.pl\/sjo\/wp-content\/uploads\/sites\/9\/2023\/05\/My-university-my-life-1680\u00d71050-px-799\u00d7533-px-480\u00d7320-px1-300x200.png\" alt=\"\" width=\"350\" height=\"233\" srcset=\"https:\/\/pb.edu.pl\/sjo\/wp-content\/uploads\/sites\/9\/2023\/05\/My-university-my-life-1680\u00d71050-px-799\u00d7533-px-480\u00d7320-px1-300x200.png 300w, https:\/\/pb.edu.pl\/sjo\/wp-content\/uploads\/sites\/9\/2023\/05\/My-university-my-life-1680\u00d71050-px-799\u00d7533-px-480\u00d7320-px1.png 480w\" sizes=\"auto, (max-width: 350px) 100vw, 350px\" \/><\/h2>\n<h2>Znamy wyniki konkursu fotograficznego!<\/h2>\n<p>Jury konkursu stan\u0119\u0142o przed trudnym zadaniem \u2013 dostali\u015bmy 138 zdj\u0119\u0107! Wykazali\u015bcie si\u0119 pomys\u0142owo\u015bci\u0105 i kreatywnym podej\u015bciem do tematu!<\/p>\n<p>Wszystkim gratulujemy ciekawego spojrzenia na nasz\u0105 Uczelni\u0119.<\/p>\n<p>Jury przyzna\u0142o:<\/p>\n<ul>\n<li>4 nagrody g\u0142\u00f3wne,<\/li>\n<li>14 wyr\u00f3\u017cnie\u0144,<\/li>\n<li>dodatkowo 2 nagrody za oryginaln\u0105 interpretacj\u0119 tematu zr\u00f3wnowa\u017conego rozwoju PB.<\/li>\n<\/ul>\n<p>Do 10 maja do godz. 11.00 g\u0142osowali\u015bcie na <strong>Nagrod\u0119 Publiczno\u015bci <\/strong>na <a href=\"https:\/\/www.facebook.com\/StudiumJezykowObcychPB\">profilu Facebook SJO.<\/a><\/p>\n<p>Poni\u017cej publikujemy list\u0119 laureat\u00f3w, a wszystkich uczestnik\u00f3w, ale tak\u017ce ich znajomych i rodziny <strong>zapraszamy na wystaw\u0119 prac<\/strong>. Zdj\u0119cia b\u0119dzie mo\u017cna ogl\u0105da\u0107 w dniach <strong>15 &#8211; 26 maja 2023 r. w holu g\u0142\u00f3wnym CNK<\/strong>.<\/p>\n<h2>Przedstawiamy list\u0119 laureat\u00f3w:<\/h2>\n<table style=\"border-collapse: collapse;width: 100%\">\n<tbody>\n<tr>\n<td style=\"width: 21.3214%\"><img loading=\"lazy\" decoding=\"async\" class=\"alignnone wp-image-12880\" src=\"https:\/\/pb.edu.pl\/sjo\/wp-content\/uploads\/sites\/9\/2022\/02\/1-4-300x200.png\" alt=\"\" width=\"350\" height=\"233\" srcset=\"https:\/\/pb.edu.pl\/sjo\/wp-content\/uploads\/sites\/9\/2022\/02\/1-4-300x200.png 300w, https:\/\/pb.edu.pl\/sjo\/wp-content\/uploads\/sites\/9\/2022\/02\/1-4-768x512.png 768w, https:\/\/pb.edu.pl\/sjo\/wp-content\/uploads\/sites\/9\/2022\/02\/1-4-480x320.png 480w, https:\/\/pb.edu.pl\/sjo\/wp-content\/uploads\/sites\/9\/2022\/02\/1-4.png 799w\" sizes=\"auto, (max-width: 350px) 100vw, 350px\" \/><\/td>\n<td style=\"width: 45.3453%\">\u201eNightowls\u201d <strong>Mateusz \u017bendzian<\/strong><\/p>\n<p><a title=\"\" href=\"https:\/\/tiny.pl\/w3mvh\">Zobacz zdj\u0119cie<\/a>\n<\/td>\n<\/tr>\n<tr>\n<td style=\"width: 21.3214%\"><img loading=\"lazy\" decoding=\"async\" class=\"alignnone wp-image-12881\" src=\"https:\/\/pb.edu.pl\/sjo\/wp-content\/uploads\/sites\/9\/2022\/02\/2-5-300x200.png\" alt=\"\" width=\"350\" height=\"233\" srcset=\"https:\/\/pb.edu.pl\/sjo\/wp-content\/uploads\/sites\/9\/2022\/02\/2-5-300x200.png 300w, https:\/\/pb.edu.pl\/sjo\/wp-content\/uploads\/sites\/9\/2022\/02\/2-5-768x512.png 768w, https:\/\/pb.edu.pl\/sjo\/wp-content\/uploads\/sites\/9\/2022\/02\/2-5-480x320.png 480w, https:\/\/pb.edu.pl\/sjo\/wp-content\/uploads\/sites\/9\/2022\/02\/2-5.png 799w\" sizes=\"auto, (max-width: 350px) 100vw, 350px\" \/><\/td>\n<td style=\"width: 45.3453%\">\u201eInvention\u201d <strong>Wiktoria Ciszewska<\/strong><\/p>\n<p><a title=\"\" href=\"https:\/\/tiny.pl\/w3mv9\">Zobacz zdj\u0119cie<\/a><br \/>\nex aequo<br \/>\n\u201eLooking for better vista\u201d <strong>Stanis\u0142aw Dzie\u0142ak<\/strong> i <strong>Maciej Nosorowski<\/strong><\/p>\n<p><a title=\"\" href=\"https:\/\/tiny.pl\/w3mvl\">Zobacz zdj\u0119cie<\/a>\n<\/td>\n<\/tr>\n<tr>\n<td style=\"width: 21.3214%\"><img loading=\"lazy\" decoding=\"async\" class=\"alignnone wp-image-12882\" src=\"https:\/\/pb.edu.pl\/sjo\/wp-content\/uploads\/sites\/9\/2022\/02\/3-3-300x200.png\" alt=\"\" width=\"350\" height=\"233\" srcset=\"https:\/\/pb.edu.pl\/sjo\/wp-content\/uploads\/sites\/9\/2022\/02\/3-3-300x200.png 300w, https:\/\/pb.edu.pl\/sjo\/wp-content\/uploads\/sites\/9\/2022\/02\/3-3-768x512.png 768w, https:\/\/pb.edu.pl\/sjo\/wp-content\/uploads\/sites\/9\/2022\/02\/3-3-480x320.png 480w, https:\/\/pb.edu.pl\/sjo\/wp-content\/uploads\/sites\/9\/2022\/02\/3-3.png 799w\" sizes=\"auto, (max-width: 350px) 100vw, 350px\" \/><\/td>\n<td style=\"width: 45.3453%\">\u201eMess with hope\u201d <strong>Maria Marta Kulesza<\/strong><\/p>\n<p><a title=\"\" href=\"https:\/\/www.facebook.com\/StudiumJezykowObcychPB\/photos\/pcb.754333619612672\/754306752948692\">Zobacz zdj\u0119cie<\/a>\n<\/td>\n<\/tr>\n<tr>\n<td style=\"width: 21.3214%\"><img loading=\"lazy\" decoding=\"async\" class=\"alignnone wp-image-12883\" src=\"https:\/\/pb.edu.pl\/sjo\/wp-content\/uploads\/sites\/9\/2022\/02\/Boks-centrum-jezyka-i-kultury-polskiej-zaprasza-Wpis-na-Facebooku-799\u00d7533-px1-300x200.png\" alt=\"\" width=\"350\" height=\"233\" srcset=\"https:\/\/pb.edu.pl\/sjo\/wp-content\/uploads\/sites\/9\/2022\/02\/Boks-centrum-jezyka-i-kultury-polskiej-zaprasza-Wpis-na-Facebooku-799\u00d7533-px1-300x200.png 300w, https:\/\/pb.edu.pl\/sjo\/wp-content\/uploads\/sites\/9\/2022\/02\/Boks-centrum-jezyka-i-kultury-polskiej-zaprasza-Wpis-na-Facebooku-799\u00d7533-px1-768x512.png 768w, https:\/\/pb.edu.pl\/sjo\/wp-content\/uploads\/sites\/9\/2022\/02\/Boks-centrum-jezyka-i-kultury-polskiej-zaprasza-Wpis-na-Facebooku-799\u00d7533-px1-480x320.png 480w, https:\/\/pb.edu.pl\/sjo\/wp-content\/uploads\/sites\/9\/2022\/02\/Boks-centrum-jezyka-i-kultury-polskiej-zaprasza-Wpis-na-Facebooku-799\u00d7533-px1.png 799w\" sizes=\"auto, (max-width: 350px) 100vw, 350px\" \/><\/td>\n<td style=\"width: 45.3453%\">&nbsp;<\/p>\n<p>&nbsp;<\/p>\n<p>\u201eGreen Dream\u201d <strong>Agata Sawicka<\/strong><\/p>\n<p><a title=\"\" href=\"https:\/\/tiny.pl\/w3mbt\">Zobacz zdj\u0119cie<\/a><\/p>\n<p>&nbsp;<\/td>\n<\/tr>\n<\/tbody>\n<\/table>\n<p>&nbsp;<\/p>\n<h2>Nagroda za oryginaln\u0105 interpretacj\u0119 tematu zr\u00f3wnowa\u017conego rozwoju PB otrzymuj\u0105:<\/h2>\n<ul>\n<li><strong>Mateusz Mikiewicz<\/strong>, \u201eDreams come true if you really want to\u201d <a title=\"\" href=\"https:\/\/tiny.pl\/w3652\">Zobacz zdj\u0119cie<\/a><\/li>\n<li><strong>Wioletta Olechwirowicz<\/strong>, \u201eThe future is in our hands\u201d <a title=\"\" href=\"https:\/\/tiny.pl\/w361q\">Zobacz zdj\u0119cie<\/a><\/li>\n<\/ul>\n<h2>Wyr\u00f3\u017cnienia otrzymuj\u0105:<\/h2>\n<ul>\n<li><strong>El\u017cbieta Zalewska, <\/strong>\u201eWith respect for the environment\u201d <a title=\"\" href=\"https:\/\/tiny.pl\/w361t\">Zobacz zdj\u0119cie<\/a><strong><br \/>\n<\/strong><\/li>\n<li><strong>Karolina Dani\u0142owicz, Patrycja Domurad<\/strong>, \u201eFriends in the labirynth of knowledge\u201d&nbsp;<a title=\"\" href=\"https:\/\/tiny.pl\/w3vm3\">Zobacz zdj\u0119cie<\/a><\/li>\n<li><strong>Dominika Ba\u0142dyga<\/strong>, \u201eArchitecture student\u2019s workplace\u201d&nbsp;<a title=\"\" href=\"https:\/\/tiny.pl\/w3vgx\">Zobacz zdj\u0119cie<\/a><\/li>\n<li><strong>Piotr Sadkowski<\/strong>, \u201eFirst Shines of Sun\u201d&nbsp;<a title=\"\" href=\"https:\/\/tiny.pl\/w3vg9\">Zobacz zdj\u0119cie<\/a><\/li>\n<li><strong>Zuzanna Siemieniuk<\/strong>, \u201eDualism\u201d&nbsp;<a title=\"\" href=\"https:\/\/tiny.pl\/w3vgc\">Zobacz zdj\u0119cie<\/a><\/li>\n<li><strong>Martyna Brz\u0119k<\/strong>, \u201eFaculty of Management Engineering \u2013 Faculty of Game and Play\u201d&nbsp;<a title=\"\" href=\"https:\/\/tiny.pl\/w3vgl\">Zobacz zdj\u0119cie<\/a><\/li>\n<li><strong>Patrycja Bielawska<\/strong>, \u201eIn Nature\u2019s lap\u201d&nbsp;<a title=\"\" href=\"https:\/\/tiny.pl\/w3vg2\">Zobacz zdj\u0119cie<\/a><\/li>\n<li><strong>Natalia Tochwin<\/strong>, \u201eUniversity gives me Energy\u201d&nbsp;<a title=\"\" href=\"https:\/\/tiny.pl\/w3vg6\">Zobacz zdj\u0119cie<\/a><\/li>\n<li><strong>Anna Cio\u0142ko<\/strong>, \u201eStudy-life balance\u201d&nbsp;<a title=\"\" href=\"https:\/\/tiny.pl\/w3vgz\">Zobacz zdj\u0119cie<\/a><\/li>\n<li><strong>Jakub Kuczy\u0144ski<\/strong>, \u201eUnlimited\u201d <a title=\"\" href=\"https:\/\/tiny.pl\/w3vtv\">Zobacz zdj\u0119cie<\/a><\/li>\n<li><strong>Paulina Szczube\u0142ek<\/strong>, \u201eBetter choices to become some one of your dreams\u201d&nbsp;<a title=\"\" href=\"https:\/\/tiny.pl\/w3v7m\">Zobacz zdj\u0119cie<\/a><\/li>\n<li><strong>Zuzanna Jaczy\u0144ska<\/strong>, \u201eThe Subject\u201d&nbsp;<a title=\"\" href=\"https:\/\/tiny.pl\/w3v71\">Zobacz zdj\u0119cie<\/a><\/li>\n<li><strong>Jakub Kazimiruk<\/strong>, \u201eIn never empty hall I am studying alone\u201d&nbsp;<a title=\"\" href=\"https:\/\/tiny.pl\/w3v7s\">Zobacz zdj\u0119cie<\/a><\/li>\n<li><strong>Ewa Chilimoniuk<\/strong>, \u201eChemical crazies\u201d&nbsp;<a title=\"\" href=\"https:\/\/tiny.pl\/w3vrx\">Zobacz zdj\u0119cie<\/a><\/li>\n<\/ul>\n<h2>Uroczyste wr\u0119czenie nagr\u00f3d odb\u0119dzie si\u0119 15 maja (poniedzia\u0142ek) o godzinie 12.30 w holu g\u0142\u00f3wnym CNK.<\/h2>\n<p>Nagrody wr\u0119czy pani Prorektor ds. Kszta\u0142cenia, dr hab. Agnieszka Dardzi\u0144ska-G\u0142\u0119bocka, prof. PB.<\/p>\n","protected":false},"excerpt":{"rendered":"<p>Znamy wyniki konkursu fotograficznego! Jury konkursu stan\u0119\u0142o przed trudnym zadaniem \u2013 dostali\u015bmy 138 zdj\u0119\u0107! Wykazali\u015bcie<\/p>\n","protected":false},"author":38,"featured_media":0,"parent":18716,"menu_order":0,"comment_status":"closed","ping_status":"closed","template":"","meta":{"_acf_changed":false,"ngg_post_thumbnail":0,"footnotes":""},"class_list":["post-20419","page","type-page","status-publish","hentry"],"acf":[],"yoast_head":"<!-- This site is optimized with the Yoast SEO plugin v27.0 - https:\/\/yoast.com\/product\/yoast-seo-wordpress\/ -->\n<title>Laureaci konkursu - Studium J\u0119zyk\u00f3w Obcych<\/title>\n<meta name=\"description\" content=\"Znamy wyniki konkursu fotograficznego! Jury konkursu stan\u0119\u0142o przed trudnym zadaniem \u2013 dostali\u015bmy 138 zdj\u0119\u0107! Wykazali\u015bcie si\u0119 pomys\u0142owo\u015bci\u0105 i kreatywnym\" \/>\n<meta name=\"robots\" content=\"index, follow, max-snippet:-1, max-image-preview:large, max-video-preview:-1\" \/>\n<link rel=\"canonical\" href=\"https:\/\/pb.edu.pl\/sjo\/wydarzenia-sjo\/konkurs-fotograficzny-my-university-my-life\/laureaci-konkursu\/\" \/>\n<meta property=\"og:locale\" content=\"pl_PL\" \/>\n<meta property=\"og:type\" content=\"article\" \/>\n<meta property=\"og:title\" content=\"Laureaci konkursu - Studium J\u0119zyk\u00f3w Obcych\" \/>\n<meta property=\"og:description\" content=\"Znamy wyniki konkursu fotograficznego! Jury konkursu stan\u0119\u0142o przed trudnym zadaniem \u2013 dostali\u015bmy 138 zdj\u0119\u0107! Wykazali\u015bcie si\u0119 pomys\u0142owo\u015bci\u0105 i kreatywnym\" \/>\n<meta property=\"og:url\" content=\"https:\/\/pb.edu.pl\/sjo\/wydarzenia-sjo\/konkurs-fotograficzny-my-university-my-life\/laureaci-konkursu\/\" \/>\n<meta property=\"og:site_name\" content=\"Studium J\u0119zyk\u00f3w Obcych\" \/>\n<meta property=\"article:modified_time\" content=\"2023-05-16T11:22:22+00:00\" \/>\n<meta property=\"og:image\" content=\"https:\/\/pb.edu.pl\/sjo\/wp-content\/uploads\/sites\/9\/2022\/02\/1-4-300x200.png\" \/>\n<meta name=\"twitter:label1\" content=\"Szacowany czas czytania\" \/>\n\t<meta name=\"twitter:data1\" content=\"3 minuty\" \/>\n<script type=\"application\/ld+json\" class=\"yoast-schema-graph\">{\"@context\":\"https:\/\/schema.org\",\"@graph\":[{\"@type\":\"WebPage\",\"@id\":\"https:\/\/pb.edu.pl\/sjo\/wydarzenia-sjo\/konkurs-fotograficzny-my-university-my-life\/laureaci-konkursu\/\",\"url\":\"https:\/\/pb.edu.pl\/sjo\/wydarzenia-sjo\/konkurs-fotograficzny-my-university-my-life\/laureaci-konkursu\/\",\"name\":\"Laureaci konkursu - Studium J\u0119zyk\u00f3w Obcych\",\"isPartOf\":{\"@id\":\"https:\/\/pb.edu.pl\/sjo\/#website\"},\"primaryImageOfPage\":{\"@id\":\"https:\/\/pb.edu.pl\/sjo\/wydarzenia-sjo\/konkurs-fotograficzny-my-university-my-life\/laureaci-konkursu\/#primaryimage\"},\"image\":{\"@id\":\"https:\/\/pb.edu.pl\/sjo\/wydarzenia-sjo\/konkurs-fotograficzny-my-university-my-life\/laureaci-konkursu\/#primaryimage\"},\"thumbnailUrl\":\"https:\/\/pb.edu.pl\/sjo\/wp-content\/uploads\/sites\/9\/2022\/02\/1-4-300x200.png\",\"datePublished\":\"2023-05-11T13:16:38+00:00\",\"dateModified\":\"2023-05-16T11:22:22+00:00\",\"description\":\"Znamy wyniki konkursu fotograficznego! Jury konkursu stan\u0119\u0142o przed trudnym zadaniem \u2013 dostali\u015bmy 138 zdj\u0119\u0107! Wykazali\u015bcie si\u0119 pomys\u0142owo\u015bci\u0105 i kreatywnym\",\"breadcrumb\":{\"@id\":\"https:\/\/pb.edu.pl\/sjo\/wydarzenia-sjo\/konkurs-fotograficzny-my-university-my-life\/laureaci-konkursu\/#breadcrumb\"},\"inLanguage\":\"pl-PL\",\"potentialAction\":[{\"@type\":\"ReadAction\",\"target\":[\"https:\/\/pb.edu.pl\/sjo\/wydarzenia-sjo\/konkurs-fotograficzny-my-university-my-life\/laureaci-konkursu\/\"]}]},{\"@type\":\"ImageObject\",\"inLanguage\":\"pl-PL\",\"@id\":\"https:\/\/pb.edu.pl\/sjo\/wydarzenia-sjo\/konkurs-fotograficzny-my-university-my-life\/laureaci-konkursu\/#primaryimage\",\"url\":\"https:\/\/pb.edu.pl\/sjo\/wp-content\/uploads\/sites\/9\/2022\/02\/1-4.png\",\"contentUrl\":\"https:\/\/pb.edu.pl\/sjo\/wp-content\/uploads\/sites\/9\/2022\/02\/1-4.png\",\"width\":799,\"height\":533},{\"@type\":\"BreadcrumbList\",\"@id\":\"https:\/\/pb.edu.pl\/sjo\/wydarzenia-sjo\/konkurs-fotograficzny-my-university-my-life\/laureaci-konkursu\/#breadcrumb\",\"itemListElement\":[{\"@type\":\"ListItem\",\"position\":1,\"name\":\"Home\",\"item\":\"https:\/\/pb.edu.pl\/sjo\/\"},{\"@type\":\"ListItem\",\"position\":2,\"name\":\"Wydarzenia SJO\",\"item\":\"https:\/\/pb.edu.pl\/sjo\/wydarzenia-sjo\/\"},{\"@type\":\"ListItem\",\"position\":3,\"name\":\"Konkurs fotograficzno-j\u0119zykowy &#8222;My university &#8211; my life&#8221;\",\"item\":\"https:\/\/pb.edu.pl\/sjo\/wydarzenia-sjo\/konkurs-fotograficzny-my-university-my-life\/\"},{\"@type\":\"ListItem\",\"position\":4,\"name\":\"Laureaci konkursu\"}]},{\"@type\":\"WebSite\",\"@id\":\"https:\/\/pb.edu.pl\/sjo\/#website\",\"url\":\"https:\/\/pb.edu.pl\/sjo\/\",\"name\":\"Studium J\u0119zyk\u00f3w Obcych\",\"description\":\"\",\"potentialAction\":[{\"@type\":\"SearchAction\",\"target\":{\"@type\":\"EntryPoint\",\"urlTemplate\":\"https:\/\/pb.edu.pl\/sjo\/?s={search_term_string}\"},\"query-input\":{\"@type\":\"PropertyValueSpecification\",\"valueRequired\":true,\"valueName\":\"search_term_string\"}}],\"inLanguage\":\"pl-PL\"}]}<\/script>\n<!-- \/ Yoast SEO plugin. -->","yoast_head_json":{"title":"Laureaci konkursu - Studium J\u0119zyk\u00f3w Obcych","description":"Znamy wyniki konkursu fotograficznego! Jury konkursu stan\u0119\u0142o przed trudnym zadaniem \u2013 dostali\u015bmy 138 zdj\u0119\u0107! Wykazali\u015bcie si\u0119 pomys\u0142owo\u015bci\u0105 i kreatywnym","robots":{"index":"index","follow":"follow","max-snippet":"max-snippet:-1","max-image-preview":"max-image-preview:large","max-video-preview":"max-video-preview:-1"},"canonical":"https:\/\/pb.edu.pl\/sjo\/wydarzenia-sjo\/konkurs-fotograficzny-my-university-my-life\/laureaci-konkursu\/","og_locale":"pl_PL","og_type":"article","og_title":"Laureaci konkursu - Studium J\u0119zyk\u00f3w Obcych","og_description":"Znamy wyniki konkursu fotograficznego! Jury konkursu stan\u0119\u0142o przed trudnym zadaniem \u2013 dostali\u015bmy 138 zdj\u0119\u0107! Wykazali\u015bcie si\u0119 pomys\u0142owo\u015bci\u0105 i kreatywnym","og_url":"https:\/\/pb.edu.pl\/sjo\/wydarzenia-sjo\/konkurs-fotograficzny-my-university-my-life\/laureaci-konkursu\/","og_site_name":"Studium J\u0119zyk\u00f3w Obcych","article_modified_time":"2023-05-16T11:22:22+00:00","og_image":[{"url":"https:\/\/pb.edu.pl\/sjo\/wp-content\/uploads\/sites\/9\/2022\/02\/1-4-300x200.png","type":"","width":"","height":""}],"twitter_misc":{"Szacowany czas czytania":"3 minuty"},"schema":{"@context":"https:\/\/schema.org","@graph":[{"@type":"WebPage","@id":"https:\/\/pb.edu.pl\/sjo\/wydarzenia-sjo\/konkurs-fotograficzny-my-university-my-life\/laureaci-konkursu\/","url":"https:\/\/pb.edu.pl\/sjo\/wydarzenia-sjo\/konkurs-fotograficzny-my-university-my-life\/laureaci-konkursu\/","name":"Laureaci konkursu - Studium J\u0119zyk\u00f3w Obcych","isPartOf":{"@id":"https:\/\/pb.edu.pl\/sjo\/#website"},"primaryImageOfPage":{"@id":"https:\/\/pb.edu.pl\/sjo\/wydarzenia-sjo\/konkurs-fotograficzny-my-university-my-life\/laureaci-konkursu\/#primaryimage"},"image":{"@id":"https:\/\/pb.edu.pl\/sjo\/wydarzenia-sjo\/konkurs-fotograficzny-my-university-my-life\/laureaci-konkursu\/#primaryimage"},"thumbnailUrl":"https:\/\/pb.edu.pl\/sjo\/wp-content\/uploads\/sites\/9\/2022\/02\/1-4-300x200.png","datePublished":"2023-05-11T13:16:38+00:00","dateModified":"2023-05-16T11:22:22+00:00","description":"Znamy wyniki konkursu fotograficznego! Jury konkursu stan\u0119\u0142o przed trudnym zadaniem \u2013 dostali\u015bmy 138 zdj\u0119\u0107! Wykazali\u015bcie si\u0119 pomys\u0142owo\u015bci\u0105 i kreatywnym","breadcrumb":{"@id":"https:\/\/pb.edu.pl\/sjo\/wydarzenia-sjo\/konkurs-fotograficzny-my-university-my-life\/laureaci-konkursu\/#breadcrumb"},"inLanguage":"pl-PL","potentialAction":[{"@type":"ReadAction","target":["https:\/\/pb.edu.pl\/sjo\/wydarzenia-sjo\/konkurs-fotograficzny-my-university-my-life\/laureaci-konkursu\/"]}]},{"@type":"ImageObject","inLanguage":"pl-PL","@id":"https:\/\/pb.edu.pl\/sjo\/wydarzenia-sjo\/konkurs-fotograficzny-my-university-my-life\/laureaci-konkursu\/#primaryimage","url":"https:\/\/pb.edu.pl\/sjo\/wp-content\/uploads\/sites\/9\/2022\/02\/1-4.png","contentUrl":"https:\/\/pb.edu.pl\/sjo\/wp-content\/uploads\/sites\/9\/2022\/02\/1-4.png","width":799,"height":533},{"@type":"BreadcrumbList","@id":"https:\/\/pb.edu.pl\/sjo\/wydarzenia-sjo\/konkurs-fotograficzny-my-university-my-life\/laureaci-konkursu\/#breadcrumb","itemListElement":[{"@type":"ListItem","position":1,"name":"Home","item":"https:\/\/pb.edu.pl\/sjo\/"},{"@type":"ListItem","position":2,"name":"Wydarzenia SJO","item":"https:\/\/pb.edu.pl\/sjo\/wydarzenia-sjo\/"},{"@type":"ListItem","position":3,"name":"Konkurs fotograficzno-j\u0119zykowy &#8222;My university &#8211; my life&#8221;","item":"https:\/\/pb.edu.pl\/sjo\/wydarzenia-sjo\/konkurs-fotograficzny-my-university-my-life\/"},{"@type":"ListItem","position":4,"name":"Laureaci konkursu"}]},{"@type":"WebSite","@id":"https:\/\/pb.edu.pl\/sjo\/#website","url":"https:\/\/pb.edu.pl\/sjo\/","name":"Studium J\u0119zyk\u00f3w Obcych","description":"","potentialAction":[{"@type":"SearchAction","target":{"@type":"EntryPoint","urlTemplate":"https:\/\/pb.edu.pl\/sjo\/?s={search_term_string}"},"query-input":{"@type":"PropertyValueSpecification","valueRequired":true,"valueName":"search_term_string"}}],"inLanguage":"pl-PL"}]}},"_links":{"self":[{"href":"https:\/\/pb.edu.pl\/sjo\/wp-json\/wp\/v2\/pages\/20419","targetHints":{"allow":["GET"]}}],"collection":[{"href":"https:\/\/pb.edu.pl\/sjo\/wp-json\/wp\/v2\/pages"}],"about":[{"href":"https:\/\/pb.edu.pl\/sjo\/wp-json\/wp\/v2\/types\/page"}],"author":[{"embeddable":true,"href":"https:\/\/pb.edu.pl\/sjo\/wp-json\/wp\/v2\/users\/38"}],"replies":[{"embeddable":true,"href":"https:\/\/pb.edu.pl\/sjo\/wp-json\/wp\/v2\/comments?post=20419"}],"version-history":[{"count":0,"href":"https:\/\/pb.edu.pl\/sjo\/wp-json\/wp\/v2\/pages\/20419\/revisions"}],"up":[{"embeddable":true,"href":"https:\/\/pb.edu.pl\/sjo\/wp-json\/wp\/v2\/pages\/18716"}],"wp:attachment":[{"href":"https:\/\/pb.edu.pl\/sjo\/wp-json\/wp\/v2\/media?parent=20419"}],"curies":[{"name":"wp","href":"https:\/\/api.w.org\/{rel}","templated":true}]}}