{"id":20101,"date":"2023-04-19T15:55:17","date_gmt":"2023-04-19T13:55:17","guid":{"rendered":"https:\/\/pb.edu.pl\/sjo\/?page_id=20101"},"modified":"2023-04-25T14:09:59","modified_gmt":"2023-04-25T12:09:59","slug":"czochanscy","status":"publish","type":"page","link":"https:\/\/pb.edu.pl\/sjo\/wydarzenia-sjo\/mock-job-interview-2023\/pracodawcy\/czochanscy\/","title":{"rendered":"Czocha\u0144scy Pracownia Architektury"},"content":{"rendered":"<p><img loading=\"lazy\" decoding=\"async\" class=\"alignleft wp-image-20200\" src=\"https:\/\/pb.edu.pl\/sjo\/wp-content\/uploads\/sites\/9\/2023\/04\/Szkolenia-300x200.png\" alt=\"\" width=\"350\" height=\"233\" srcset=\"https:\/\/pb.edu.pl\/sjo\/wp-content\/uploads\/sites\/9\/2023\/04\/Szkolenia-300x200.png 300w, https:\/\/pb.edu.pl\/sjo\/wp-content\/uploads\/sites\/9\/2023\/04\/Szkolenia-768x512.png 768w, https:\/\/pb.edu.pl\/sjo\/wp-content\/uploads\/sites\/9\/2023\/04\/Szkolenia-480x320.png 480w, https:\/\/pb.edu.pl\/sjo\/wp-content\/uploads\/sites\/9\/2023\/04\/Szkolenia.png 799w\" sizes=\"auto, (max-width: 350px) 100vw, 350px\" \/>Czocha\u0144scy Pracownia Architektury to rodzinna firma dzia\u0142aj\u0105ca na rynku podlaskim od 13 lat. <strong>Specjalizuje si\u0119 w projektach budownictwa mieszkalnego. Wsp\u00f3\u0142pracuje zar\u00f3wno z klientami indywidualnymi jak i firmami deweloperskimi, ale tak\u017ce z projektantami bran\u017cowymi oferuj\u0105c pe\u0142en zakres us\u0142ug projektowych.<\/strong> Korzysta z licencjonowanego oprogramowania dla architekt\u00f3w Archicad, pakietu do oblicze\u0144 konstrukcji budowlanych SPECBUD oraz program\u00f3w graficznych z grupy Adobe. Projekty obiekt\u00f3w kubaturowych wykonywane s\u0105 w technologii 3D, aby w jak najbardziej czytelny spos\u00f3b zobrazowa\u0107 cz\u0119sto odleg\u0142\u0105 realizacj\u0119. Pracownia cechuje si\u0119 indywidualnym podej\u015bciem do ka\u017cdego projektu przy zastosowaniu nowych technologii.<\/p>\n","protected":false},"excerpt":{"rendered":"<p>Czocha\u0144scy Pracownia Architektury to rodzinna firma dzia\u0142aj\u0105ca na rynku podlaskim od 13 lat. Specjalizuje si\u0119<\/p>\n","protected":false},"author":6,"featured_media":0,"parent":19904,"menu_order":0,"comment_status":"closed","ping_status":"closed","template":"","meta":{"_acf_changed":false,"ngg_post_thumbnail":0,"footnotes":""},"class_list":["post-20101","page","type-page","status-publish","hentry"],"acf":[],"yoast_head":"<!-- This site is optimized with the Yoast SEO plugin v27.0 - https:\/\/yoast.com\/product\/yoast-seo-wordpress\/ -->\n<title>Czocha\u0144scy Pracownia Architektury - Studium J\u0119zyk\u00f3w Obcych<\/title>\n<meta name=\"description\" content=\"Czocha\u0144scy Pracownia Architektury to rodzinna firma dzia\u0142aj\u0105ca na rynku podlaskim od 13 lat. Specjalizuje si\u0119 w projektach budownictwa mieszkalnego.\" \/>\n<meta name=\"robots\" content=\"index, follow, max-snippet:-1, max-image-preview:large, max-video-preview:-1\" \/>\n<link rel=\"canonical\" href=\"https:\/\/pb.edu.pl\/sjo\/wydarzenia-sjo\/mock-job-interview-2023\/pracodawcy\/czochanscy\/\" \/>\n<meta property=\"og:locale\" content=\"pl_PL\" \/>\n<meta property=\"og:type\" content=\"article\" \/>\n<meta property=\"og:title\" content=\"Czocha\u0144scy Pracownia Architektury - Studium J\u0119zyk\u00f3w Obcych\" \/>\n<meta property=\"og:description\" content=\"Czocha\u0144scy Pracownia Architektury to rodzinna firma dzia\u0142aj\u0105ca na rynku podlaskim od 13 lat. Specjalizuje si\u0119 w projektach budownictwa mieszkalnego.\" \/>\n<meta property=\"og:url\" content=\"https:\/\/pb.edu.pl\/sjo\/wydarzenia-sjo\/mock-job-interview-2023\/pracodawcy\/czochanscy\/\" \/>\n<meta property=\"og:site_name\" content=\"Studium J\u0119zyk\u00f3w Obcych\" \/>\n<meta property=\"article:modified_time\" content=\"2023-04-25T12:09:59+00:00\" \/>\n<meta property=\"og:image\" content=\"https:\/\/pb.edu.pl\/sjo\/wp-content\/uploads\/sites\/9\/2023\/04\/Szkolenia-300x200.png\" \/>\n<meta name=\"twitter:label1\" content=\"Szacowany czas czytania\" \/>\n\t<meta name=\"twitter:data1\" content=\"1 minuta\" \/>\n<script type=\"application\/ld+json\" class=\"yoast-schema-graph\">{\"@context\":\"https:\/\/schema.org\",\"@graph\":[{\"@type\":\"WebPage\",\"@id\":\"https:\/\/pb.edu.pl\/sjo\/wydarzenia-sjo\/mock-job-interview-2023\/pracodawcy\/czochanscy\/\",\"url\":\"https:\/\/pb.edu.pl\/sjo\/wydarzenia-sjo\/mock-job-interview-2023\/pracodawcy\/czochanscy\/\",\"name\":\"Czocha\u0144scy Pracownia Architektury - Studium J\u0119zyk\u00f3w Obcych\",\"isPartOf\":{\"@id\":\"https:\/\/pb.edu.pl\/sjo\/#website\"},\"primaryImageOfPage\":{\"@id\":\"https:\/\/pb.edu.pl\/sjo\/wydarzenia-sjo\/mock-job-interview-2023\/pracodawcy\/czochanscy\/#primaryimage\"},\"image\":{\"@id\":\"https:\/\/pb.edu.pl\/sjo\/wydarzenia-sjo\/mock-job-interview-2023\/pracodawcy\/czochanscy\/#primaryimage\"},\"thumbnailUrl\":\"https:\/\/pb.edu.pl\/sjo\/wp-content\/uploads\/sites\/9\/2023\/04\/Szkolenia-300x200.png\",\"datePublished\":\"2023-04-19T13:55:17+00:00\",\"dateModified\":\"2023-04-25T12:09:59+00:00\",\"description\":\"Czocha\u0144scy Pracownia Architektury to rodzinna firma dzia\u0142aj\u0105ca na rynku podlaskim od 13 lat. Specjalizuje si\u0119 w projektach budownictwa mieszkalnego.\",\"breadcrumb\":{\"@id\":\"https:\/\/pb.edu.pl\/sjo\/wydarzenia-sjo\/mock-job-interview-2023\/pracodawcy\/czochanscy\/#breadcrumb\"},\"inLanguage\":\"pl-PL\",\"potentialAction\":[{\"@type\":\"ReadAction\",\"target\":[\"https:\/\/pb.edu.pl\/sjo\/wydarzenia-sjo\/mock-job-interview-2023\/pracodawcy\/czochanscy\/\"]}]},{\"@type\":\"ImageObject\",\"inLanguage\":\"pl-PL\",\"@id\":\"https:\/\/pb.edu.pl\/sjo\/wydarzenia-sjo\/mock-job-interview-2023\/pracodawcy\/czochanscy\/#primaryimage\",\"url\":\"https:\/\/pb.edu.pl\/sjo\/wp-content\/uploads\/sites\/9\/2023\/04\/Szkolenia.png\",\"contentUrl\":\"https:\/\/pb.edu.pl\/sjo\/wp-content\/uploads\/sites\/9\/2023\/04\/Szkolenia.png\",\"width\":799,\"height\":533},{\"@type\":\"BreadcrumbList\",\"@id\":\"https:\/\/pb.edu.pl\/sjo\/wydarzenia-sjo\/mock-job-interview-2023\/pracodawcy\/czochanscy\/#breadcrumb\",\"itemListElement\":[{\"@type\":\"ListItem\",\"position\":1,\"name\":\"Home\",\"item\":\"https:\/\/pb.edu.pl\/sjo\/\"},{\"@type\":\"ListItem\",\"position\":2,\"name\":\"Wydarzenia SJO\",\"item\":\"https:\/\/pb.edu.pl\/sjo\/wydarzenia-sjo\/\"},{\"@type\":\"ListItem\",\"position\":3,\"name\":\"Mock Job Interview 2023\",\"item\":\"https:\/\/pb.edu.pl\/sjo\/wydarzenia-sjo\/mock-job-interview-2023\/\"},{\"@type\":\"ListItem\",\"position\":4,\"name\":\"Pracodawcy\",\"item\":\"https:\/\/pb.edu.pl\/sjo\/wydarzenia-sjo\/mock-job-interview-2023\/pracodawcy\/\"},{\"@type\":\"ListItem\",\"position\":5,\"name\":\"Czocha\u0144scy Pracownia Architektury\"}]},{\"@type\":\"WebSite\",\"@id\":\"https:\/\/pb.edu.pl\/sjo\/#website\",\"url\":\"https:\/\/pb.edu.pl\/sjo\/\",\"name\":\"Studium J\u0119zyk\u00f3w Obcych\",\"description\":\"\",\"potentialAction\":[{\"@type\":\"SearchAction\",\"target\":{\"@type\":\"EntryPoint\",\"urlTemplate\":\"https:\/\/pb.edu.pl\/sjo\/?s={search_term_string}\"},\"query-input\":{\"@type\":\"PropertyValueSpecification\",\"valueRequired\":true,\"valueName\":\"search_term_string\"}}],\"inLanguage\":\"pl-PL\"}]}<\/script>\n<!-- \/ Yoast SEO plugin. -->","yoast_head_json":{"title":"Czocha\u0144scy Pracownia Architektury - Studium J\u0119zyk\u00f3w Obcych","description":"Czocha\u0144scy Pracownia Architektury to rodzinna firma dzia\u0142aj\u0105ca na rynku podlaskim od 13 lat. Specjalizuje si\u0119 w projektach budownictwa mieszkalnego.","robots":{"index":"index","follow":"follow","max-snippet":"max-snippet:-1","max-image-preview":"max-image-preview:large","max-video-preview":"max-video-preview:-1"},"canonical":"https:\/\/pb.edu.pl\/sjo\/wydarzenia-sjo\/mock-job-interview-2023\/pracodawcy\/czochanscy\/","og_locale":"pl_PL","og_type":"article","og_title":"Czocha\u0144scy Pracownia Architektury - Studium J\u0119zyk\u00f3w Obcych","og_description":"Czocha\u0144scy Pracownia Architektury to rodzinna firma dzia\u0142aj\u0105ca na rynku podlaskim od 13 lat. Specjalizuje si\u0119 w projektach budownictwa mieszkalnego.","og_url":"https:\/\/pb.edu.pl\/sjo\/wydarzenia-sjo\/mock-job-interview-2023\/pracodawcy\/czochanscy\/","og_site_name":"Studium J\u0119zyk\u00f3w Obcych","article_modified_time":"2023-04-25T12:09:59+00:00","og_image":[{"url":"https:\/\/pb.edu.pl\/sjo\/wp-content\/uploads\/sites\/9\/2023\/04\/Szkolenia-300x200.png","type":"","width":"","height":""}],"twitter_misc":{"Szacowany czas czytania":"1 minuta"},"schema":{"@context":"https:\/\/schema.org","@graph":[{"@type":"WebPage","@id":"https:\/\/pb.edu.pl\/sjo\/wydarzenia-sjo\/mock-job-interview-2023\/pracodawcy\/czochanscy\/","url":"https:\/\/pb.edu.pl\/sjo\/wydarzenia-sjo\/mock-job-interview-2023\/pracodawcy\/czochanscy\/","name":"Czocha\u0144scy Pracownia Architektury - Studium J\u0119zyk\u00f3w Obcych","isPartOf":{"@id":"https:\/\/pb.edu.pl\/sjo\/#website"},"primaryImageOfPage":{"@id":"https:\/\/pb.edu.pl\/sjo\/wydarzenia-sjo\/mock-job-interview-2023\/pracodawcy\/czochanscy\/#primaryimage"},"image":{"@id":"https:\/\/pb.edu.pl\/sjo\/wydarzenia-sjo\/mock-job-interview-2023\/pracodawcy\/czochanscy\/#primaryimage"},"thumbnailUrl":"https:\/\/pb.edu.pl\/sjo\/wp-content\/uploads\/sites\/9\/2023\/04\/Szkolenia-300x200.png","datePublished":"2023-04-19T13:55:17+00:00","dateModified":"2023-04-25T12:09:59+00:00","description":"Czocha\u0144scy Pracownia Architektury to rodzinna firma dzia\u0142aj\u0105ca na rynku podlaskim od 13 lat. Specjalizuje si\u0119 w projektach budownictwa mieszkalnego.","breadcrumb":{"@id":"https:\/\/pb.edu.pl\/sjo\/wydarzenia-sjo\/mock-job-interview-2023\/pracodawcy\/czochanscy\/#breadcrumb"},"inLanguage":"pl-PL","potentialAction":[{"@type":"ReadAction","target":["https:\/\/pb.edu.pl\/sjo\/wydarzenia-sjo\/mock-job-interview-2023\/pracodawcy\/czochanscy\/"]}]},{"@type":"ImageObject","inLanguage":"pl-PL","@id":"https:\/\/pb.edu.pl\/sjo\/wydarzenia-sjo\/mock-job-interview-2023\/pracodawcy\/czochanscy\/#primaryimage","url":"https:\/\/pb.edu.pl\/sjo\/wp-content\/uploads\/sites\/9\/2023\/04\/Szkolenia.png","contentUrl":"https:\/\/pb.edu.pl\/sjo\/wp-content\/uploads\/sites\/9\/2023\/04\/Szkolenia.png","width":799,"height":533},{"@type":"BreadcrumbList","@id":"https:\/\/pb.edu.pl\/sjo\/wydarzenia-sjo\/mock-job-interview-2023\/pracodawcy\/czochanscy\/#breadcrumb","itemListElement":[{"@type":"ListItem","position":1,"name":"Home","item":"https:\/\/pb.edu.pl\/sjo\/"},{"@type":"ListItem","position":2,"name":"Wydarzenia SJO","item":"https:\/\/pb.edu.pl\/sjo\/wydarzenia-sjo\/"},{"@type":"ListItem","position":3,"name":"Mock Job Interview 2023","item":"https:\/\/pb.edu.pl\/sjo\/wydarzenia-sjo\/mock-job-interview-2023\/"},{"@type":"ListItem","position":4,"name":"Pracodawcy","item":"https:\/\/pb.edu.pl\/sjo\/wydarzenia-sjo\/mock-job-interview-2023\/pracodawcy\/"},{"@type":"ListItem","position":5,"name":"Czocha\u0144scy Pracownia Architektury"}]},{"@type":"WebSite","@id":"https:\/\/pb.edu.pl\/sjo\/#website","url":"https:\/\/pb.edu.pl\/sjo\/","name":"Studium J\u0119zyk\u00f3w Obcych","description":"","potentialAction":[{"@type":"SearchAction","target":{"@type":"EntryPoint","urlTemplate":"https:\/\/pb.edu.pl\/sjo\/?s={search_term_string}"},"query-input":{"@type":"PropertyValueSpecification","valueRequired":true,"valueName":"search_term_string"}}],"inLanguage":"pl-PL"}]}},"_links":{"self":[{"href":"https:\/\/pb.edu.pl\/sjo\/wp-json\/wp\/v2\/pages\/20101","targetHints":{"allow":["GET"]}}],"collection":[{"href":"https:\/\/pb.edu.pl\/sjo\/wp-json\/wp\/v2\/pages"}],"about":[{"href":"https:\/\/pb.edu.pl\/sjo\/wp-json\/wp\/v2\/types\/page"}],"author":[{"embeddable":true,"href":"https:\/\/pb.edu.pl\/sjo\/wp-json\/wp\/v2\/users\/6"}],"replies":[{"embeddable":true,"href":"https:\/\/pb.edu.pl\/sjo\/wp-json\/wp\/v2\/comments?post=20101"}],"version-history":[{"count":0,"href":"https:\/\/pb.edu.pl\/sjo\/wp-json\/wp\/v2\/pages\/20101\/revisions"}],"up":[{"embeddable":true,"href":"https:\/\/pb.edu.pl\/sjo\/wp-json\/wp\/v2\/pages\/19904"}],"wp:attachment":[{"href":"https:\/\/pb.edu.pl\/sjo\/wp-json\/wp\/v2\/media?parent=20101"}],"curies":[{"name":"wp","href":"https:\/\/api.w.org\/{rel}","templated":true}]}}