{"id":20095,"date":"2023-04-19T15:42:30","date_gmt":"2023-04-19T13:42:30","guid":{"rendered":"https:\/\/pb.edu.pl\/sjo\/?page_id=20095"},"modified":"2023-04-25T11:41:19","modified_gmt":"2023-04-25T09:41:19","slug":"bee2code","status":"publish","type":"page","link":"https:\/\/pb.edu.pl\/sjo\/wydarzenia-sjo\/mock-job-interview-2023\/pracodawcy\/bee2code\/","title":{"rendered":"Bee2code"},"content":{"rendered":"<h2><img loading=\"lazy\" decoding=\"async\" class=\"alignleft wp-image-20171\" src=\"https:\/\/pb.edu.pl\/sjo\/wp-content\/uploads\/sites\/9\/2023\/04\/Projekt-bez-tytulu13-300x200.png\" alt=\"\" width=\"350\" height=\"233\" srcset=\"https:\/\/pb.edu.pl\/sjo\/wp-content\/uploads\/sites\/9\/2023\/04\/Projekt-bez-tytulu13-300x200.png 300w, https:\/\/pb.edu.pl\/sjo\/wp-content\/uploads\/sites\/9\/2023\/04\/Projekt-bez-tytulu13-768x512.png 768w, https:\/\/pb.edu.pl\/sjo\/wp-content\/uploads\/sites\/9\/2023\/04\/Projekt-bez-tytulu13-480x320.png 480w, https:\/\/pb.edu.pl\/sjo\/wp-content\/uploads\/sites\/9\/2023\/04\/Projekt-bez-tytulu13.png 799w\" sizes=\"auto, (max-width: 350px) 100vw, 350px\" \/>Tworzymy oprogramowanie o najwy\u017cszej jako\u015bci, by efektywnie pomaga\u0107 ludziom i organizacjom.<\/h2>\n<p>Dzia\u0142amy na rynku IT od 2017 roku, mamy biura w Gliwicach i Bia\u0142ymstoku, cz\u0119\u015b\u0107 zespo\u0142u pracuje w pe\u0142ni zdalnie.<br \/>\nProwadzimy bardzo r\u00f3\u017cnorodne projekty \u2013 od budowy rozwi\u0105za\u0144 pod klucz od zera, poprzez rozw\u00f3j istniej\u0105cych system\u00f3w, po przej\u0119cie utrzymania, a tak\u017ce kr\u00f3tkie wsparcie w newralgicznych fazach przedsi\u0119wzi\u0119\u0107. Wspomagamy wiele r\u00f3\u017cnych bran\u017c, nasi klienci to mi\u0119dzy innymi administracja publiczna, uniwersytety, \u015brednie i du\u017ce firmy komercyjne w Polsce i zagranic\u0105.<br \/>\nTechnologi\u0119 dobieramy pod konkretny projekt w zale\u017cno\u015bci od potrzeb \u2013 dlatego tak wiele mo\u017cna si\u0119 u nas nauczy\u0107. Nasi programi\u015bci skutecznie \u0142\u0105cz\u0105 studia z prac\u0105, dzi\u0119ki elastycznemu grafikowi i indywidualnemu podej\u015bciu i ch\u0119tnie polecaj\u0105 nasz\u0105 firm\u0119 znajomym \u2013 co jest najbardziej wiarygodn\u0105 rekomendacj\u0105.<\/p>\n<p>Zapraszamy do <a href=\"https:\/\/bee2code.pl\/\">zapoznania si\u0119 z nasz\u0105 ofert\u0105<\/a>.<\/p>\n<div class=\"embed-responsive embed-responsive-16by9\"><iframe loading=\"lazy\" title=\"bee2code: Poznaj nasz\u0105 firm\u0119\" width=\"500\" height=\"281\" src=\"https:\/\/www.youtube.com\/embed\/4oOf0zNhXTU?feature=oembed\" frameborder=\"0\" allow=\"accelerometer; autoplay; clipboard-write; encrypted-media; gyroscope; picture-in-picture; web-share\" referrerpolicy=\"strict-origin-when-cross-origin\" allowfullscreen><\/iframe><\/div>\n","protected":false},"excerpt":{"rendered":"<p>Tworzymy oprogramowanie o najwy\u017cszej jako\u015bci, by efektywnie pomaga\u0107 ludziom i organizacjom. Dzia\u0142amy na rynku IT<\/p>\n","protected":false},"author":6,"featured_media":0,"parent":19904,"menu_order":0,"comment_status":"closed","ping_status":"closed","template":"","meta":{"_acf_changed":false,"ngg_post_thumbnail":0,"footnotes":""},"class_list":["post-20095","page","type-page","status-publish","hentry"],"acf":[],"yoast_head":"<!-- This site is optimized with the Yoast SEO plugin v27.0 - https:\/\/yoast.com\/product\/yoast-seo-wordpress\/ -->\n<title>Bee2code - Studium J\u0119zyk\u00f3w Obcych<\/title>\n<meta name=\"description\" content=\"Tworzymy oprogramowanie o najwy\u017cszej jako\u015bci, by efektywnie pomaga\u0107 ludziom i organizacjom. Dzia\u0142amy na rynku IT od 2017 roku, mamy biura w Gliwicach i\" \/>\n<meta name=\"robots\" content=\"index, follow, max-snippet:-1, max-image-preview:large, max-video-preview:-1\" \/>\n<link rel=\"canonical\" href=\"https:\/\/pb.edu.pl\/sjo\/wydarzenia-sjo\/mock-job-interview-2023\/pracodawcy\/bee2code\/\" \/>\n<meta property=\"og:locale\" content=\"pl_PL\" \/>\n<meta property=\"og:type\" content=\"article\" \/>\n<meta property=\"og:title\" content=\"Bee2code - Studium J\u0119zyk\u00f3w Obcych\" \/>\n<meta property=\"og:description\" content=\"Tworzymy oprogramowanie o najwy\u017cszej jako\u015bci, by efektywnie pomaga\u0107 ludziom i organizacjom. Dzia\u0142amy na rynku IT od 2017 roku, mamy biura w Gliwicach i\" \/>\n<meta property=\"og:url\" content=\"https:\/\/pb.edu.pl\/sjo\/wydarzenia-sjo\/mock-job-interview-2023\/pracodawcy\/bee2code\/\" \/>\n<meta property=\"og:site_name\" content=\"Studium J\u0119zyk\u00f3w Obcych\" \/>\n<meta property=\"article:modified_time\" content=\"2023-04-25T09:41:19+00:00\" \/>\n<meta property=\"og:image\" content=\"https:\/\/pb.edu.pl\/sjo\/wp-content\/uploads\/sites\/9\/2023\/04\/Projekt-bez-tytulu13-300x200.png\" \/>\n<meta name=\"twitter:label1\" content=\"Szacowany czas czytania\" \/>\n\t<meta name=\"twitter:data1\" content=\"1 minuta\" \/>\n<script type=\"application\/ld+json\" class=\"yoast-schema-graph\">{\"@context\":\"https:\/\/schema.org\",\"@graph\":[{\"@type\":\"WebPage\",\"@id\":\"https:\/\/pb.edu.pl\/sjo\/wydarzenia-sjo\/mock-job-interview-2023\/pracodawcy\/bee2code\/\",\"url\":\"https:\/\/pb.edu.pl\/sjo\/wydarzenia-sjo\/mock-job-interview-2023\/pracodawcy\/bee2code\/\",\"name\":\"Bee2code - Studium J\u0119zyk\u00f3w Obcych\",\"isPartOf\":{\"@id\":\"https:\/\/pb.edu.pl\/sjo\/#website\"},\"primaryImageOfPage\":{\"@id\":\"https:\/\/pb.edu.pl\/sjo\/wydarzenia-sjo\/mock-job-interview-2023\/pracodawcy\/bee2code\/#primaryimage\"},\"image\":{\"@id\":\"https:\/\/pb.edu.pl\/sjo\/wydarzenia-sjo\/mock-job-interview-2023\/pracodawcy\/bee2code\/#primaryimage\"},\"thumbnailUrl\":\"https:\/\/pb.edu.pl\/sjo\/wp-content\/uploads\/sites\/9\/2023\/04\/Projekt-bez-tytulu13-300x200.png\",\"datePublished\":\"2023-04-19T13:42:30+00:00\",\"dateModified\":\"2023-04-25T09:41:19+00:00\",\"description\":\"Tworzymy oprogramowanie o najwy\u017cszej jako\u015bci, by efektywnie pomaga\u0107 ludziom i organizacjom. Dzia\u0142amy na rynku IT od 2017 roku, mamy biura w Gliwicach i\",\"breadcrumb\":{\"@id\":\"https:\/\/pb.edu.pl\/sjo\/wydarzenia-sjo\/mock-job-interview-2023\/pracodawcy\/bee2code\/#breadcrumb\"},\"inLanguage\":\"pl-PL\",\"potentialAction\":[{\"@type\":\"ReadAction\",\"target\":[\"https:\/\/pb.edu.pl\/sjo\/wydarzenia-sjo\/mock-job-interview-2023\/pracodawcy\/bee2code\/\"]}]},{\"@type\":\"ImageObject\",\"inLanguage\":\"pl-PL\",\"@id\":\"https:\/\/pb.edu.pl\/sjo\/wydarzenia-sjo\/mock-job-interview-2023\/pracodawcy\/bee2code\/#primaryimage\",\"url\":\"https:\/\/pb.edu.pl\/sjo\/wp-content\/uploads\/sites\/9\/2023\/04\/Projekt-bez-tytulu13.png\",\"contentUrl\":\"https:\/\/pb.edu.pl\/sjo\/wp-content\/uploads\/sites\/9\/2023\/04\/Projekt-bez-tytulu13.png\",\"width\":799,\"height\":533},{\"@type\":\"BreadcrumbList\",\"@id\":\"https:\/\/pb.edu.pl\/sjo\/wydarzenia-sjo\/mock-job-interview-2023\/pracodawcy\/bee2code\/#breadcrumb\",\"itemListElement\":[{\"@type\":\"ListItem\",\"position\":1,\"name\":\"Home\",\"item\":\"https:\/\/pb.edu.pl\/sjo\/\"},{\"@type\":\"ListItem\",\"position\":2,\"name\":\"Wydarzenia SJO\",\"item\":\"https:\/\/pb.edu.pl\/sjo\/wydarzenia-sjo\/\"},{\"@type\":\"ListItem\",\"position\":3,\"name\":\"Mock Job Interview 2023\",\"item\":\"https:\/\/pb.edu.pl\/sjo\/wydarzenia-sjo\/mock-job-interview-2023\/\"},{\"@type\":\"ListItem\",\"position\":4,\"name\":\"Pracodawcy\",\"item\":\"https:\/\/pb.edu.pl\/sjo\/wydarzenia-sjo\/mock-job-interview-2023\/pracodawcy\/\"},{\"@type\":\"ListItem\",\"position\":5,\"name\":\"Bee2code\"}]},{\"@type\":\"WebSite\",\"@id\":\"https:\/\/pb.edu.pl\/sjo\/#website\",\"url\":\"https:\/\/pb.edu.pl\/sjo\/\",\"name\":\"Studium J\u0119zyk\u00f3w Obcych\",\"description\":\"\",\"potentialAction\":[{\"@type\":\"SearchAction\",\"target\":{\"@type\":\"EntryPoint\",\"urlTemplate\":\"https:\/\/pb.edu.pl\/sjo\/?s={search_term_string}\"},\"query-input\":{\"@type\":\"PropertyValueSpecification\",\"valueRequired\":true,\"valueName\":\"search_term_string\"}}],\"inLanguage\":\"pl-PL\"}]}<\/script>\n<!-- \/ Yoast SEO plugin. -->","yoast_head_json":{"title":"Bee2code - Studium J\u0119zyk\u00f3w Obcych","description":"Tworzymy oprogramowanie o najwy\u017cszej jako\u015bci, by efektywnie pomaga\u0107 ludziom i organizacjom. Dzia\u0142amy na rynku IT od 2017 roku, mamy biura w Gliwicach i","robots":{"index":"index","follow":"follow","max-snippet":"max-snippet:-1","max-image-preview":"max-image-preview:large","max-video-preview":"max-video-preview:-1"},"canonical":"https:\/\/pb.edu.pl\/sjo\/wydarzenia-sjo\/mock-job-interview-2023\/pracodawcy\/bee2code\/","og_locale":"pl_PL","og_type":"article","og_title":"Bee2code - Studium J\u0119zyk\u00f3w Obcych","og_description":"Tworzymy oprogramowanie o najwy\u017cszej jako\u015bci, by efektywnie pomaga\u0107 ludziom i organizacjom. Dzia\u0142amy na rynku IT od 2017 roku, mamy biura w Gliwicach i","og_url":"https:\/\/pb.edu.pl\/sjo\/wydarzenia-sjo\/mock-job-interview-2023\/pracodawcy\/bee2code\/","og_site_name":"Studium J\u0119zyk\u00f3w Obcych","article_modified_time":"2023-04-25T09:41:19+00:00","og_image":[{"url":"https:\/\/pb.edu.pl\/sjo\/wp-content\/uploads\/sites\/9\/2023\/04\/Projekt-bez-tytulu13-300x200.png","type":"","width":"","height":""}],"twitter_misc":{"Szacowany czas czytania":"1 minuta"},"schema":{"@context":"https:\/\/schema.org","@graph":[{"@type":"WebPage","@id":"https:\/\/pb.edu.pl\/sjo\/wydarzenia-sjo\/mock-job-interview-2023\/pracodawcy\/bee2code\/","url":"https:\/\/pb.edu.pl\/sjo\/wydarzenia-sjo\/mock-job-interview-2023\/pracodawcy\/bee2code\/","name":"Bee2code - Studium J\u0119zyk\u00f3w Obcych","isPartOf":{"@id":"https:\/\/pb.edu.pl\/sjo\/#website"},"primaryImageOfPage":{"@id":"https:\/\/pb.edu.pl\/sjo\/wydarzenia-sjo\/mock-job-interview-2023\/pracodawcy\/bee2code\/#primaryimage"},"image":{"@id":"https:\/\/pb.edu.pl\/sjo\/wydarzenia-sjo\/mock-job-interview-2023\/pracodawcy\/bee2code\/#primaryimage"},"thumbnailUrl":"https:\/\/pb.edu.pl\/sjo\/wp-content\/uploads\/sites\/9\/2023\/04\/Projekt-bez-tytulu13-300x200.png","datePublished":"2023-04-19T13:42:30+00:00","dateModified":"2023-04-25T09:41:19+00:00","description":"Tworzymy oprogramowanie o najwy\u017cszej jako\u015bci, by efektywnie pomaga\u0107 ludziom i organizacjom. Dzia\u0142amy na rynku IT od 2017 roku, mamy biura w Gliwicach i","breadcrumb":{"@id":"https:\/\/pb.edu.pl\/sjo\/wydarzenia-sjo\/mock-job-interview-2023\/pracodawcy\/bee2code\/#breadcrumb"},"inLanguage":"pl-PL","potentialAction":[{"@type":"ReadAction","target":["https:\/\/pb.edu.pl\/sjo\/wydarzenia-sjo\/mock-job-interview-2023\/pracodawcy\/bee2code\/"]}]},{"@type":"ImageObject","inLanguage":"pl-PL","@id":"https:\/\/pb.edu.pl\/sjo\/wydarzenia-sjo\/mock-job-interview-2023\/pracodawcy\/bee2code\/#primaryimage","url":"https:\/\/pb.edu.pl\/sjo\/wp-content\/uploads\/sites\/9\/2023\/04\/Projekt-bez-tytulu13.png","contentUrl":"https:\/\/pb.edu.pl\/sjo\/wp-content\/uploads\/sites\/9\/2023\/04\/Projekt-bez-tytulu13.png","width":799,"height":533},{"@type":"BreadcrumbList","@id":"https:\/\/pb.edu.pl\/sjo\/wydarzenia-sjo\/mock-job-interview-2023\/pracodawcy\/bee2code\/#breadcrumb","itemListElement":[{"@type":"ListItem","position":1,"name":"Home","item":"https:\/\/pb.edu.pl\/sjo\/"},{"@type":"ListItem","position":2,"name":"Wydarzenia SJO","item":"https:\/\/pb.edu.pl\/sjo\/wydarzenia-sjo\/"},{"@type":"ListItem","position":3,"name":"Mock Job Interview 2023","item":"https:\/\/pb.edu.pl\/sjo\/wydarzenia-sjo\/mock-job-interview-2023\/"},{"@type":"ListItem","position":4,"name":"Pracodawcy","item":"https:\/\/pb.edu.pl\/sjo\/wydarzenia-sjo\/mock-job-interview-2023\/pracodawcy\/"},{"@type":"ListItem","position":5,"name":"Bee2code"}]},{"@type":"WebSite","@id":"https:\/\/pb.edu.pl\/sjo\/#website","url":"https:\/\/pb.edu.pl\/sjo\/","name":"Studium J\u0119zyk\u00f3w Obcych","description":"","potentialAction":[{"@type":"SearchAction","target":{"@type":"EntryPoint","urlTemplate":"https:\/\/pb.edu.pl\/sjo\/?s={search_term_string}"},"query-input":{"@type":"PropertyValueSpecification","valueRequired":true,"valueName":"search_term_string"}}],"inLanguage":"pl-PL"}]}},"_links":{"self":[{"href":"https:\/\/pb.edu.pl\/sjo\/wp-json\/wp\/v2\/pages\/20095","targetHints":{"allow":["GET"]}}],"collection":[{"href":"https:\/\/pb.edu.pl\/sjo\/wp-json\/wp\/v2\/pages"}],"about":[{"href":"https:\/\/pb.edu.pl\/sjo\/wp-json\/wp\/v2\/types\/page"}],"author":[{"embeddable":true,"href":"https:\/\/pb.edu.pl\/sjo\/wp-json\/wp\/v2\/users\/6"}],"replies":[{"embeddable":true,"href":"https:\/\/pb.edu.pl\/sjo\/wp-json\/wp\/v2\/comments?post=20095"}],"version-history":[{"count":0,"href":"https:\/\/pb.edu.pl\/sjo\/wp-json\/wp\/v2\/pages\/20095\/revisions"}],"up":[{"embeddable":true,"href":"https:\/\/pb.edu.pl\/sjo\/wp-json\/wp\/v2\/pages\/19904"}],"wp:attachment":[{"href":"https:\/\/pb.edu.pl\/sjo\/wp-json\/wp\/v2\/media?parent=20095"}],"curies":[{"name":"wp","href":"https:\/\/api.w.org\/{rel}","templated":true}]}}