{"id":20,"date":"2017-11-11T17:32:39","date_gmt":"2017-11-11T16:32:39","guid":{"rendered":"https:\/\/pb.edu.pl\/sjo\/?page_id=20"},"modified":"2022-02-28T08:47:06","modified_gmt":"2022-02-28T07:47:06","slug":"kursy-jezykowe","status":"publish","type":"page","link":"https:\/\/pb.edu.pl\/sjo\/oferta-sjo\/kursy-jezykowe\/","title":{"rendered":"Kursy j\u0119zykowe"},"content":{"rendered":"<p>&nbsp;<\/p>\n<p><span style=\"font-family: verdana, geneva, sans-serif;font-size: 12pt\"><strong>POLILINGUA<\/strong> zaprasza wszystkich ch\u0119tnych do nauki j\u0119zyk\u00f3w angielskiego, niemieckiego, rosyjskiego i hiszpa\u0144skiego.<\/span><\/p>\n<p><span style=\"font-family: verdana, geneva, sans-serif;font-size: 12pt\">Zaj\u0119cia prowadzone s\u0105 przez wysoko wykwalifikowanych lektor\u00f3w Studium J\u0119zyk\u00f3w Obcych Politechniki Bia\u0142ostockiej.<\/span><\/p>\n<p><span style=\"font-family: verdana, geneva, sans-serif;font-size: 12pt\">Zapraszamy na intensywne kursy j\u0119zyka angielskiego (poziomy A1-C1) &#8211; indywidualne lub grupowe, w wymiarze 200 godzin (8 godz.\/tyg.).<\/span><\/p>\n<p><span style=\"font-family: verdana, geneva, sans-serif;font-size: 12pt\">Zapisy i wszelkie pytania prosimy kierowa\u0107 do os\u00f3b wymienionych w poni\u017cszych zak\u0142adkach:<\/span><\/p>\n<p>&nbsp;<\/p>\n<p><a style=\"font-family: verdana, geneva, sans-serif;font-size: 12pt\" href=\"https:\/\/pb.edu.pl\/sjo\/kursy-jezykowe\/polilingua-jezyk-angielski\/\">Kursy j\u0119zyka angielskiego<\/a><\/p>\n<p><a style=\"font-family: verdana, geneva, sans-serif;font-size: 12pt\" href=\"https:\/\/pb.edu.pl\/sjo\/oferta-sjo\/kursy-jezykowe\/polilingua-jezyk-hiszpanski\/\">Kursy j\u0119zyka hiszpa\u0144skiego<\/a><\/p>\n<p><a style=\"font-family: verdana, geneva, sans-serif;font-size: 12pt\" href=\"https:\/\/pb.edu.pl\/sjo\/polilingua-jezyk-niemiecki\/\">Kursy j\u0119zyka niemieckiego<\/a><\/p>\n<p><a style=\"font-family: verdana, geneva, sans-serif;font-size: 12pt\" href=\"https:\/\/pb.edu.pl\/sjo\/polilingua-jezyk-rosyjski\/\">Kursy j\u0119zyka rosyjskiego<\/a><\/p>\n<p>oraz<\/p>\n<p><span style=\"font-size: 12pt;font-family: verdana, geneva, sans-serif\"><a href=\"https:\/\/pb.edu.pl\/sjo\/polish-lab\/kursy-jezyka-polskiego-jako-obcego\/\">Kursy j\u0119zyka polskiego<\/a> w <\/span><span style=\"font-family: verdana, geneva, sans-serif;font-size: 12pt\">Centrum J\u0119zyka i Kultury Polskiej <a href=\"https:\/\/pb.edu.pl\/sjo\/polish-lab\/\">POLISH LAB<\/a>.<\/span><\/p>\n<p>&nbsp;<\/p>\n<p><span style=\"font-family: verdana, geneva, sans-serif;font-size: 12pt\">lub osobi\u015bcie w siedzibie Studium J\u0119zyk\u00f3w Obcych, pok\u00f3j P2\/12 w CNK&nbsp; w godz. 8:00-15:00<\/span><\/p>\n<p>&nbsp;<\/p>\n<p><strong style=\"font-family: verdana, geneva, sans-serif;font-size: 12pt\">SZCZEG\u00d3\u0141OWE INFORMACJE NA TEMAT TWOJEGO KURSU<\/strong><\/p>\n<ul style=\"font-family: verdana, geneva, sans-serif;font-size: 12pt\">\n<li>Koszt kursu jest uzale\u017cniony od liczby os\u00f3b w grupie oraz liczby godzin lekcyjnych.<\/li>\n<li>Maksymalnie w twojej grupie mo\u017ce by\u0107 15 os\u00f3b.<\/li>\n<li>Wi\u0119ksza liczba os\u00f3b dopuszczalna jest w szczeg\u00f3lnych przypadkach, za zgod\u0105 kursant\u00f3w.<\/li>\n<li>Na spotkaniu organizacyjnym s\u0142uchacze maj\u0105 mo\u017cliwo\u015b\u0107 napisania testu kompetencji j\u0119zykowej, na podstawie, kt\u00f3rego, lektor dokona podzia\u0142u na grupy.<\/li>\n<li>Mo\u017cesz samodzielnie sprawdzi\u0107 sw\u00f3j poziom kompetencji j\u0119zykowych, rozwi\u0105zuj\u0105c test na jednej z ni\u017cej podanych stron:<br \/>\n<span style=\"font-family: verdana, geneva, sans-serif;font-size: 12pt\">j\u0119zyk angielski<\/span><br \/>\n<a style=\"font-family: verdana, geneva, sans-serif;font-size: 12pt\" href=\"http:\/\/www.kul.lublin.pl\/ogolne\/spnjo\/testy\/longman.html\" target=\"_blank\" rel=\"noopener noreferrer\">test<\/a><\/li>\n<\/ul>\n<p>&nbsp;<\/p>\n<p><span style=\"font-family: verdana, geneva, sans-serif;font-size: 12pt\">Zaj\u0119cia odbywaj\u0105 si\u0119 raz lub dwa razy w tygodniu po 90 minut.<\/span><\/p>\n<p><span style=\"font-family: verdana, geneva, sans-serif;font-size: 12pt\">Wszyscy s\u0142uchacze kurs\u00f3w s\u0105 zobowi\u0105zani zapozna\u0107 si\u0119 z tre\u015bci\u0105 <a href=\"https:\/\/pb.edu.pl\/sjo\/kursy-jezykowe\/regulamin-polilingua\/\">regulaminu<\/a>.<\/span><\/p>\n<p><span style=\"font-family: verdana, geneva, sans-serif;font-size: 12pt\">Op\u0142aty za kurs i egzaminy nale\u017cy wp\u0142aca\u0107 na konto Politechniki Bia\u0142ostockiej:<\/span><\/p>\n<p><span style=\"font-family: verdana, geneva, sans-serif;font-size: 12pt\"><strong>BANK PEKAO SA 30 1240 1154 1111 0000 2148 7604<\/strong><\/span><\/p>\n","protected":false},"excerpt":{"rendered":"<p>&nbsp; POLILINGUA zaprasza wszystkich ch\u0119tnych do nauki j\u0119zyk\u00f3w angielskiego, niemieckiego, rosyjskiego i hiszpa\u0144skiego. Zaj\u0119cia prowadzone<\/p>\n","protected":false},"author":2,"featured_media":0,"parent":5156,"menu_order":5,"comment_status":"closed","ping_status":"closed","template":"","meta":{"_acf_changed":false,"ngg_post_thumbnail":0,"footnotes":""},"class_list":["post-20","page","type-page","status-publish","hentry"],"acf":[],"yoast_head":"<!-- This site is optimized with the Yoast SEO plugin v27.0 - https:\/\/yoast.com\/product\/yoast-seo-wordpress\/ -->\n<title>Kursy j\u0119zykowe - Studium J\u0119zyk\u00f3w Obcych<\/title>\n<meta name=\"description\" content=\"&nbsp; POLILINGUA zaprasza wszystkich ch\u0119tnych do nauki j\u0119zyk\u00f3w angielskiego, niemieckiego, rosyjskiego i hiszpa\u0144skiego. Zaj\u0119cia prowadzone s\u0105 przez\" \/>\n<meta name=\"robots\" content=\"index, follow, max-snippet:-1, max-image-preview:large, max-video-preview:-1\" \/>\n<link rel=\"canonical\" href=\"https:\/\/pb.edu.pl\/sjo\/oferta-sjo\/kursy-jezykowe\/\" \/>\n<meta property=\"og:locale\" content=\"pl_PL\" \/>\n<meta property=\"og:type\" content=\"article\" \/>\n<meta property=\"og:title\" content=\"Kursy j\u0119zykowe - Studium J\u0119zyk\u00f3w Obcych\" \/>\n<meta property=\"og:description\" content=\"&nbsp; POLILINGUA zaprasza wszystkich ch\u0119tnych do nauki j\u0119zyk\u00f3w angielskiego, niemieckiego, rosyjskiego i hiszpa\u0144skiego. Zaj\u0119cia prowadzone s\u0105 przez\" \/>\n<meta property=\"og:url\" content=\"https:\/\/pb.edu.pl\/sjo\/oferta-sjo\/kursy-jezykowe\/\" \/>\n<meta property=\"og:site_name\" content=\"Studium J\u0119zyk\u00f3w Obcych\" \/>\n<meta property=\"article:modified_time\" content=\"2022-02-28T07:47:06+00:00\" \/>\n<meta name=\"twitter:label1\" content=\"Szacowany czas czytania\" \/>\n\t<meta name=\"twitter:data1\" content=\"1 minuta\" \/>\n<script type=\"application\/ld+json\" class=\"yoast-schema-graph\">{\"@context\":\"https:\/\/schema.org\",\"@graph\":[{\"@type\":\"WebPage\",\"@id\":\"https:\/\/pb.edu.pl\/sjo\/oferta-sjo\/kursy-jezykowe\/\",\"url\":\"https:\/\/pb.edu.pl\/sjo\/oferta-sjo\/kursy-jezykowe\/\",\"name\":\"Kursy j\u0119zykowe - Studium J\u0119zyk\u00f3w Obcych\",\"isPartOf\":{\"@id\":\"https:\/\/pb.edu.pl\/sjo\/#website\"},\"datePublished\":\"2017-11-11T16:32:39+00:00\",\"dateModified\":\"2022-02-28T07:47:06+00:00\",\"description\":\"&nbsp; POLILINGUA zaprasza wszystkich ch\u0119tnych do nauki j\u0119zyk\u00f3w angielskiego, niemieckiego, rosyjskiego i hiszpa\u0144skiego. Zaj\u0119cia prowadzone s\u0105 przez\",\"breadcrumb\":{\"@id\":\"https:\/\/pb.edu.pl\/sjo\/oferta-sjo\/kursy-jezykowe\/#breadcrumb\"},\"inLanguage\":\"pl-PL\",\"potentialAction\":[{\"@type\":\"ReadAction\",\"target\":[\"https:\/\/pb.edu.pl\/sjo\/oferta-sjo\/kursy-jezykowe\/\"]}]},{\"@type\":\"BreadcrumbList\",\"@id\":\"https:\/\/pb.edu.pl\/sjo\/oferta-sjo\/kursy-jezykowe\/#breadcrumb\",\"itemListElement\":[{\"@type\":\"ListItem\",\"position\":1,\"name\":\"Home\",\"item\":\"https:\/\/pb.edu.pl\/sjo\/\"},{\"@type\":\"ListItem\",\"position\":2,\"name\":\"Oferta komercyjna SJO\",\"item\":\"https:\/\/pb.edu.pl\/sjo\/oferta-sjo\/\"},{\"@type\":\"ListItem\",\"position\":3,\"name\":\"Kursy j\u0119zykowe\"}]},{\"@type\":\"WebSite\",\"@id\":\"https:\/\/pb.edu.pl\/sjo\/#website\",\"url\":\"https:\/\/pb.edu.pl\/sjo\/\",\"name\":\"Studium J\u0119zyk\u00f3w Obcych\",\"description\":\"\",\"potentialAction\":[{\"@type\":\"SearchAction\",\"target\":{\"@type\":\"EntryPoint\",\"urlTemplate\":\"https:\/\/pb.edu.pl\/sjo\/?s={search_term_string}\"},\"query-input\":{\"@type\":\"PropertyValueSpecification\",\"valueRequired\":true,\"valueName\":\"search_term_string\"}}],\"inLanguage\":\"pl-PL\"}]}<\/script>\n<!-- \/ Yoast SEO plugin. -->","yoast_head_json":{"title":"Kursy j\u0119zykowe - Studium J\u0119zyk\u00f3w Obcych","description":"&nbsp; POLILINGUA zaprasza wszystkich ch\u0119tnych do nauki j\u0119zyk\u00f3w angielskiego, niemieckiego, rosyjskiego i hiszpa\u0144skiego. Zaj\u0119cia prowadzone s\u0105 przez","robots":{"index":"index","follow":"follow","max-snippet":"max-snippet:-1","max-image-preview":"max-image-preview:large","max-video-preview":"max-video-preview:-1"},"canonical":"https:\/\/pb.edu.pl\/sjo\/oferta-sjo\/kursy-jezykowe\/","og_locale":"pl_PL","og_type":"article","og_title":"Kursy j\u0119zykowe - Studium J\u0119zyk\u00f3w Obcych","og_description":"&nbsp; POLILINGUA zaprasza wszystkich ch\u0119tnych do nauki j\u0119zyk\u00f3w angielskiego, niemieckiego, rosyjskiego i hiszpa\u0144skiego. Zaj\u0119cia prowadzone s\u0105 przez","og_url":"https:\/\/pb.edu.pl\/sjo\/oferta-sjo\/kursy-jezykowe\/","og_site_name":"Studium J\u0119zyk\u00f3w Obcych","article_modified_time":"2022-02-28T07:47:06+00:00","twitter_misc":{"Szacowany czas czytania":"1 minuta"},"schema":{"@context":"https:\/\/schema.org","@graph":[{"@type":"WebPage","@id":"https:\/\/pb.edu.pl\/sjo\/oferta-sjo\/kursy-jezykowe\/","url":"https:\/\/pb.edu.pl\/sjo\/oferta-sjo\/kursy-jezykowe\/","name":"Kursy j\u0119zykowe - Studium J\u0119zyk\u00f3w Obcych","isPartOf":{"@id":"https:\/\/pb.edu.pl\/sjo\/#website"},"datePublished":"2017-11-11T16:32:39+00:00","dateModified":"2022-02-28T07:47:06+00:00","description":"&nbsp; POLILINGUA zaprasza wszystkich ch\u0119tnych do nauki j\u0119zyk\u00f3w angielskiego, niemieckiego, rosyjskiego i hiszpa\u0144skiego. Zaj\u0119cia prowadzone s\u0105 przez","breadcrumb":{"@id":"https:\/\/pb.edu.pl\/sjo\/oferta-sjo\/kursy-jezykowe\/#breadcrumb"},"inLanguage":"pl-PL","potentialAction":[{"@type":"ReadAction","target":["https:\/\/pb.edu.pl\/sjo\/oferta-sjo\/kursy-jezykowe\/"]}]},{"@type":"BreadcrumbList","@id":"https:\/\/pb.edu.pl\/sjo\/oferta-sjo\/kursy-jezykowe\/#breadcrumb","itemListElement":[{"@type":"ListItem","position":1,"name":"Home","item":"https:\/\/pb.edu.pl\/sjo\/"},{"@type":"ListItem","position":2,"name":"Oferta komercyjna SJO","item":"https:\/\/pb.edu.pl\/sjo\/oferta-sjo\/"},{"@type":"ListItem","position":3,"name":"Kursy j\u0119zykowe"}]},{"@type":"WebSite","@id":"https:\/\/pb.edu.pl\/sjo\/#website","url":"https:\/\/pb.edu.pl\/sjo\/","name":"Studium J\u0119zyk\u00f3w Obcych","description":"","potentialAction":[{"@type":"SearchAction","target":{"@type":"EntryPoint","urlTemplate":"https:\/\/pb.edu.pl\/sjo\/?s={search_term_string}"},"query-input":{"@type":"PropertyValueSpecification","valueRequired":true,"valueName":"search_term_string"}}],"inLanguage":"pl-PL"}]}},"_links":{"self":[{"href":"https:\/\/pb.edu.pl\/sjo\/wp-json\/wp\/v2\/pages\/20","targetHints":{"allow":["GET"]}}],"collection":[{"href":"https:\/\/pb.edu.pl\/sjo\/wp-json\/wp\/v2\/pages"}],"about":[{"href":"https:\/\/pb.edu.pl\/sjo\/wp-json\/wp\/v2\/types\/page"}],"author":[{"embeddable":true,"href":"https:\/\/pb.edu.pl\/sjo\/wp-json\/wp\/v2\/users\/2"}],"replies":[{"embeddable":true,"href":"https:\/\/pb.edu.pl\/sjo\/wp-json\/wp\/v2\/comments?post=20"}],"version-history":[{"count":0,"href":"https:\/\/pb.edu.pl\/sjo\/wp-json\/wp\/v2\/pages\/20\/revisions"}],"up":[{"embeddable":true,"href":"https:\/\/pb.edu.pl\/sjo\/wp-json\/wp\/v2\/pages\/5156"}],"wp:attachment":[{"href":"https:\/\/pb.edu.pl\/sjo\/wp-json\/wp\/v2\/media?parent=20"}],"curies":[{"name":"wp","href":"https:\/\/api.w.org\/{rel}","templated":true}]}}