{"id":19906,"date":"2023-04-12T11:41:41","date_gmt":"2023-04-12T09:41:41","guid":{"rendered":"https:\/\/pb.edu.pl\/sjo\/?page_id=19906"},"modified":"2023-04-24T12:02:30","modified_gmt":"2023-04-24T10:02:30","slug":"eksperci","status":"publish","type":"page","link":"https:\/\/pb.edu.pl\/sjo\/wydarzenia-sjo\/mock-job-interview-2023\/eksperci\/","title":{"rendered":"Eksperci"},"content":{"rendered":"<p><a id=\"beata\"><\/a><br \/>\n&nbsp;<br \/>\n&nbsp;<\/p>\n<div class=\"row\">\n<div class=\"col-sm-4\"><img loading=\"lazy\" decoding=\"async\" class=\"wp-image-20035 size-full alignleft\" src=\"https:\/\/pb.edu.pl\/sjo\/wp-content\/uploads\/sites\/9\/2023\/04\/4.png\" alt=\"\" width=\"400\" height=\"320\" srcset=\"https:\/\/pb.edu.pl\/sjo\/wp-content\/uploads\/sites\/9\/2023\/04\/4.png 400w, https:\/\/pb.edu.pl\/sjo\/wp-content\/uploads\/sites\/9\/2023\/04\/4-300x240.png 300w\" sizes=\"auto, (max-width: 400px) 100vw, 400px\" \/><\/div>\n<div class=\"col-sm-8\"><strong>mgr Beata Falkowska<\/strong><a id=\"violetta\"><\/a><br \/>\nWyk\u0142adowca j\u0119zyka angielskiego w SJO PB. Prowadz\u0105c biuro nieruchomo\u015bci przeprowadzi\u0142a wiele rozm\u00f3w kwalifikacyjnych i dzieli si\u0119 w\u0142asnymi spostrze\u017ceniami na temat wypowiedzi i zachowania kandydat\u00f3w. Prywatnie kocha podr\u00f3\u017ce, powie\u015bci historyczne i gry j\u0119zykowe.<\/div>\n<\/div>\n<div class=\"row\">\n<div class=\"col-sm-4\"><img decoding=\"async\" class=\"alignnone size-medium wp-image-11689\" src=\"https:\/\/pb.edu.pl\/sjo\/wp-content\/uploads\/sites\/9\/2023\/04\/2.png\" alt=\"Violetta Grabi\u0144ska\"><\/div>\n<div class=\"col-sm-8\"><strong>mgr Violetta Grabi\u0144ska<\/strong><a id=\"ma\u0142gorzata\"><\/a><br \/>\nWyk\u0142adowca j\u0119zyka angielskiego i hiszpa\u0144skiego w Studium J\u0119zyk\u00f3w Obcych Politechniki Bia\u0142ostockiej. Prowadzi zaj\u0119cia w ramach lektoratu z obydwu j\u0119zyk\u00f3w, ale uko\u0144czy\u0142a r\u00f3wnie\u017c studia podyplomowe z zakresu zarz\u0105dzania nieruchomo\u015bciami oraz MBA \u2013 Innowacje i Analiza Danych. Jest pasjonatk\u0105 podr\u00f3\u017cy i fank\u0105 Erasmusa \u2013 w ramach programu Erasmus+ pracowa\u0142a ze studentami w Hiszpanii, Czechach, Finlandii i Ameryce Po\u0142udniowej (Boliwia). Uwielbia dobr\u0105 lektur\u0119, koty, g\u00f3rskie w\u0119dr\u00f3wki, fitness i jazd\u0119 rowerem. Bardzo sobie ceni uwa\u017cno\u015b\u0107, zdystansowane podej\u015bcie do \u015bwiata i ludzi oraz umiej\u0119tno\u015b\u0107 podj\u0119cia rozmowy i zag\u0142\u0119bienia si\u0119 w omawiany temat. Poczucie humoru i zdolno\u015b\u0107 ws\u0142uchania si\u0119 w drugiego cz\u0142owieka to jej dodatkowe atuty.<\/div>\n<\/div>\n<div class=\"row\">\n<div class=\"col-sm-4\"><img loading=\"lazy\" decoding=\"async\" width=\"400\" height=\"320\" class=\"alignnone size-medium wp-image-11691\" src=\"https:\/\/pb.edu.pl\/sjo\/wp-content\/uploads\/sites\/9\/2023\/04\/6.png\" alt=\"Ma\u0142gorzata Komarewska\"><\/div>\n<div class=\"col-sm-8\"><strong>mgr Ma\u0142gorzata Komarewska<\/strong><a id=\"ewa\"><\/a><br \/>\nWyk\u0142adowca j\u0119zyka angielskiego i polskiego jako obcego w SJO PB. Jest r\u00f3wnie\u017c koordynatorem egzamin\u00f3w komercyjnych oferowanych przez Studium i ch\u0119tnie doradzi na jaki egzamin si\u0119 zdecydowa\u0107. Jest przekonana, \u017ce certyfikat j\u0119zykowy mo\u017ce by\u0107 cennym dodatkiem do CV w oczach wielu potencjalnych pracodawc\u00f3w.<\/div>\n<\/div>\n<div class=\"row\">\n<div class=\"col-sm-4\"><img decoding=\"async\" class=\"alignnone size-medium wp-image-11688\" src=\"https:\/\/pb.edu.pl\/sjo\/wp-content\/uploads\/sites\/9\/2023\/04\/EKC.png\" alt=\"Ewa Kowalczuk-Czapko\"><\/div>\n<div class=\"col-sm-8\"><strong>mgr Ewa Kowalczuk-Czapko<\/strong><a id=\"artur\"><\/a><br \/>\nDoradca Zawodowy na Politechnice Bia\u0142ostockiej. W pracy zawodowej aktywnie s\u0142ucha i ch\u0119tnie wskazuje najw\u0142a\u015bciwsz\u0105, cho\u0107 nie zawsze najkr\u00f3tsz\u0105 drog\u0119 do wymarzonej kariery. Potrafi doszlifowa\u0107 ka\u017cde CV i doda\u0107 mu kolorytu, by \u017caden rekruter nie pozosta\u0142 na nie oboj\u0119tny. Prywatnie mi\u0142o\u015bniczka literatury i gorzkiej czekolady.<\/div>\n<\/div>\n<div class=\"row\">\n<div class=\"col-sm-4\"><img decoding=\"async\" class=\"alignnone size-medium wp-image-11692\" src=\"https:\/\/pb.edu.pl\/sjo\/wp-content\/uploads\/sites\/9\/2023\/04\/AK.png\" alt=\"Artur Ku\u017amicz\"><\/div>\n<div class=\"col-sm-8\"><strong>mgr Artur Ku\u017amicz<\/strong><a id=\"meghan\"><\/a><br \/>\nWyk\u0142adowca j\u0119zyka niemieckiego w SJO PB i nauczyciel j\u0119zyka niemieckiego w ALO PB i&nbsp; Infotech oraz na kursach j\u0119zyka specjalistycznego. Stara si\u0119 nie tylko uczy\u0107 j\u0119zyka niemieckiego lecz tak\u017ce wspiera\u0107 naukowe kontakty polsko-niemieckie.&nbsp; Pozyska\u0142 finansowanie i zorganizowa\u0142 wsp\u00f3\u0142prac\u0119 naukow\u0105 z niemieckim partnerem &#8211; Elisabeth-Gymnasium w Halle, w ramach kt\u00f3rej uczniowie ALO PB i niemieccy partnerzy prowadz\u0105 wsp\u00f3lnie mi\u0119dzynarodowe badania naukowe w obszarze ochrony \u015brodowiska i analizy jego stanu oraz publikuj\u0105 wyniki na wsp\u00f3lnej stronie internetowej (DE, PL, E). T\u0142umacz przysi\u0119g\u0142y j\u0119zyka niemieckiego z wieloletnim do\u015bwiadczeniem we wsp\u00f3\u0142pracy z firmami i instytucjami publicznymi.<br \/>\nNa zaj\u0119ciach ze studentami nawi\u0105zuj\u0119 do oczekiwa\u0144 wiod\u0105cych firm na rynku bia\u0142ostockim, szczeg\u00f3lnie w bran\u017cy budowlanej, transportowej i logistycznej.<\/div>\n<\/div>\n<div class=\"row\">\n<div class=\"col-sm-4\"><img decoding=\"async\" class=\"alignnone size-medium wp-image-11692\" src=\"https:\/\/pb.edu.pl\/sjo\/wp-content\/uploads\/sites\/9\/2023\/04\/1.png\" alt=\"Meghan Ludke\"><\/div>\n<div class=\"col-sm-8\"><strong>Meghan Ludke<\/strong><a id=\"eliza\"><\/a><br \/>\nStypendystka Programu Fulbright w roku akademickim 2022\/23 w Studium J\u0119zyk\u00f3w Obcych PB. Pochodzi ze Stan\u00f3w Zjednoczonych. Na Politechnice prowadzi zaj\u0119cia ze studentami w ramach lektoratu, kursy konwersacyjne dla pracownik\u00f3w i student\u00f3w oraz bierze udzia\u0142 w wydarzeniach promuj\u0105cych nasz\u0105 Uczelni\u0119. Na zaproszenie podlaskich szk\u00f3\u0142 podstawowych i ponadpodstawowych prowadzi lekcje o kulturze USA. Lubi uczy\u0107, biega\u0107 i piec s\u0142odko\u015bci.<\/div>\n<\/div>\n<div class=\"row\">\n<div class=\"col-sm-4\"><img decoding=\"async\" class=\"alignnone size-medium wp-image-11687\" src=\"https:\/\/pb.edu.pl\/sjo\/wp-content\/uploads\/sites\/9\/2023\/04\/9.png\" alt=\"Eliza Masalska\"><\/div>\n<div class=\"col-sm-8\"><strong>mgr Eliza Masalska<\/strong><a id=\"liliana\"><\/a><br \/>\nDoradca Zawodowy na Politechnice Bia\u0142ostockiej. W pracy zawodowej pomaga studentom w odnalezieniu si\u0119 na rynku pracy i przygotowaniu dokument\u00f3w rekrutacyjnych. K\u0142adzie szczeg\u00f3lny nacisk na rozw\u00f3j kreatywno\u015bci student\u00f3w i budowanie ich marki w\u0142asnej. Prywatnie kocha podr\u00f3\u017ce, g\u00f3ry i biegi d\u0142ugodystansowe.<\/div>\n<\/div>\n<div class=\"row\">\n<div class=\"col-sm-4\"><img decoding=\"async\" class=\"alignnone size-medium wp-image-11687\" src=\"https:\/\/pb.edu.pl\/sjo\/wp-content\/uploads\/sites\/9\/2023\/04\/8.png\" alt=\"Liliana Sienkiewicz\"><\/div>\n<div class=\"col-sm-8\"><strong>mgr Liliana Sienkiewicz<\/strong><a id=\"urszula\"><\/a><br \/>\nWyk\u0142adowca j\u0119zyka angielskiego w SJO PB. Interesuje si\u0119 strategiami rozm\u00f3w kwalifikacyjnych. Podpowiada studentom co robi\u0107, by nie da\u0107 si\u0119 zaskoczy\u0107 i wyj\u015b\u0107 z ka\u017cdej sytuacji obronn\u0105 r\u0119k\u0105. Wyznaj\u0105c zasad\u0119 <em>practice makes perfect<\/em>, od wielu lat przeprowadza pr\u00f3bne rozmowy rekrutacyjne ze studentami wykorzystuj\u0105c uwagi i sugestie podlaskich przedsi\u0119biorc\u00f3w. Jest organizatork\u0105 licznych konkurs\u00f3w studenckich.<\/div>\n<\/div>\n<div class=\"row\">\n<div class=\"col-sm-4\"><img decoding=\"async\" class=\"alignnone size-medium wp-image-11687\" src=\"https:\/\/pb.edu.pl\/sjo\/wp-content\/uploads\/sites\/9\/2023\/04\/5.png\" alt=\"Urszula Socho\u0144\"><\/div>\n<div class=\"col-sm-8\"><strong>mgr Urszula Socho\u0144-Okruszko<\/strong><a id=\"aniela\"><\/a><br \/>\nWyk\u0142adowca j\u0119zyka angielskiego w SJO PB, tutor akademicki. Prowadzi lektoraty, warsztaty bran\u017cowe, kursy i cykle tutorskie. Na swoich zaj\u0119ciach cz\u0119sto nawi\u0105zuje do oczekiwa\u0144 rynku pracy, st\u0105d jej zainteresowanie wiod\u0105cymi kompetencjami XXI wieku (<em>skills of the future<\/em>). Lubi, kiedy studenci pracuj\u0105 zespo\u0142owo, bo <em>ability to work in a team<\/em> to pewniak na li\u015bcie wymaga\u0144 pracodawc\u00f3w. \u015aledzi krajowe i zagraniczne oferty pracy, dokszta\u0142ca si\u0119 w dziedzinie <em>employability skills<\/em>, korzysta z do\u015bwiadcze\u0144 m\u0142odych os\u00f3b wkraczaj\u0105cych na rynek pracy i przemyca rekrutacyjne ciekawostki na zaj\u0119cia.<\/div>\n<\/div>\n<div class=\"row\">\n<div class=\"col-sm-4\"><img decoding=\"async\" class=\"alignnone size-medium wp-image-11870\" src=\"https:\/\/pb.edu.pl\/sjo\/wp-content\/uploads\/sites\/9\/2023\/04\/3.png\" alt=\"Aniela Staszewska\"><\/div>\n<div class=\"col-sm-8\"><strong>mgr Aniela Staszewska<\/strong><a id=\"dorota\"><\/a><br \/>\nNauczyciel j\u0119zyka angielskiego w SJO PB i native speaker ze Stan\u00f3w Zjednoczonych. Z wielu rozm\u00f3w o prac\u0119, w kt\u00f3rych wzi\u0119\u0142a udzia\u0142, ciekawe by\u0142o zaproszenie do firmy FinTech. W ci\u0105gu godziny musia\u0142a przeprowadzi\u0107 badania i przygotowa\u0107 prezentacj\u0119 na temat, o kt\u00f3rym wiedzia\u0142a bardzo ma\u0142o. Jej pracodawca chcia\u0142 sprawdzi\u0107 jak szybko mo\u017ce si\u0119 nauczy\u0107 czego\u015b nowego. Prezentacja zako\u0144czy\u0142a si\u0119 sukcesem i kilkuletni\u0105 wsp\u00f3\u0142prac\u0105. Jedn\u0105 z umiej\u0119tno\u015bci, kt\u00f3re musimy \u0107wiczy\u0107, jest umiej\u0119tno\u015b\u0107 uczenia si\u0119, oduczania i ponownego uczenia si\u0119, aby odkrywa\u0107 siebie na nowo we wsp\u00f3\u0142czesnym \u015bwiecie.<\/div>\n<\/div>\n<div class=\"row\">\n<div class=\"col-sm-4\"><img decoding=\"async\" class=\"alignnone size-medium wp-image-11870\" src=\"https:\/\/pb.edu.pl\/sjo\/wp-content\/uploads\/sites\/9\/2023\/04\/DSJ-1.png\" alt=\"Dorota Szuper-Jakubiuk\"><\/div>\n<div class=\"col-sm-8\"><strong>mgr Dorota Szuper-Jakubiuk<\/strong><a id=\"monika\"><\/a><br \/>\nWyk\u0142adowca j\u0119zyka rosyjskiego w SJO PB oraz j\u0119zyka polskiego jako obcego w Centrum J\u0119zyka i Kultury Polskiej POLISH LAB. Zna biegle rosyjski i ukrai\u0144ski. &nbsp;Od 5 lat wraz z innymi egzaminatorami przeprowadza egzaminy pa\u0144stwowe z j\u0119zyka polskiego jako obcego na Politechnice Bia\u0142ostockiej. Rekrutuje kandydat\u00f3w na studia w zakresie j\u0119zyka. Jej nowa pasja to nauczanie j\u0119zyka polskiego obcokrajowc\u00f3w. Jest pomys\u0142odawczyni\u0105 utworzenia na naszej uczelni komercyjnych kurs\u00f3w j\u0119zyka polskiego. Do swoich zaj\u0119\u0107 podchodzi z pasj\u0105 i zaanga\u017cowaniem. Zanim zacz\u0119\u0142a pracowa\u0107 na uczelni technicznej, przez 6 lat zajmowa\u0142a si\u0119 zawodowo transakcjami w handlu zagranicznym w du\u017cej firmie. Przeprowadzi\u0142a setki negocjacji i wiele rozm\u00f3w kwalifikacyjnych dla pracownik\u00f3w. Przekonuje do tego, \u017ce zawsze warto zna\u0107 j\u0119zyki. Niejednokrotnie sprawdzi\u0142a na sobie, \u017ce aby si\u0119 nie stresowa\u0107, nale\u017cy dobrze si\u0119 przygotowa\u0107 do konkretnego zadania, dlatego rozmowa kwalifikacyjna z przysz\u0142ym pracodawc\u0105 nie musi by\u0107 wyzwaniem.<\/div>\n<\/div>\n<div class=\"row\">\n<div class=\"col-sm-4\"><img decoding=\"async\" class=\"alignnone size-medium wp-image-11878\" src=\"https:\/\/pb.edu.pl\/sjo\/wp-content\/uploads\/sites\/9\/2023\/04\/7.png\" alt=\"Monika \u015aleszy\u0144ska\"><\/div>\n<div class=\"col-sm-8\"><strong>mgr Monika \u015aleszy\u0144ska<\/strong><br \/>\nWyk\u0142adowca j\u0119zyka angielskiego w SJO PB. Zach\u0119ca do stosowania zasad uproszczonego j\u0119zyka angielskiego (Plain English) w wypowiedziach ustnych i pisemnych o tematyce specjalistycznej. Na jej zaj\u0119ciach studenci pisz\u0105 listy motywacyjne i przeprowadzaj\u0105 mock job interviews w oparciu o autentyczne oferty pracy. Jest przekonana, \u017ce zasada KISS (keep it short and simple) przydaje si\u0119 w wielu sytuacjach formalnych, tak\u017ce podczas rozmowy kwalifikacyjnej.<\/div>\n<\/div>\n","protected":false},"excerpt":{"rendered":"<p>&nbsp; &nbsp; mgr Beata Falkowska Wyk\u0142adowca j\u0119zyka angielskiego w SJO PB. Prowadz\u0105c biuro nieruchomo\u015bci przeprowadzi\u0142a<\/p>\n","protected":false},"author":6,"featured_media":0,"parent":19893,"menu_order":0,"comment_status":"closed","ping_status":"closed","template":"","meta":{"_acf_changed":false,"ngg_post_thumbnail":0,"footnotes":""},"class_list":["post-19906","page","type-page","status-publish","hentry"],"acf":[],"yoast_head":"<!-- This site is optimized with the Yoast SEO plugin v27.0 - https:\/\/yoast.com\/product\/yoast-seo-wordpress\/ -->\n<title>Eksperci - Studium J\u0119zyk\u00f3w Obcych<\/title>\n<meta name=\"description\" content=\"&nbsp; &nbsp; mgr Beata Falkowska Wyk\u0142adowca j\u0119zyka angielskiego w SJO PB. Prowadz\u0105c biuro nieruchomo\u015bci przeprowadzi\u0142a wiele rozm\u00f3w kwalifikacyjnych i\" \/>\n<meta name=\"robots\" content=\"index, follow, max-snippet:-1, max-image-preview:large, max-video-preview:-1\" \/>\n<link rel=\"canonical\" href=\"https:\/\/pb.edu.pl\/sjo\/wydarzenia-sjo\/mock-job-interview-2023\/eksperci\/\" \/>\n<meta property=\"og:locale\" content=\"pl_PL\" \/>\n<meta property=\"og:type\" content=\"article\" \/>\n<meta property=\"og:title\" content=\"Eksperci - Studium J\u0119zyk\u00f3w Obcych\" \/>\n<meta property=\"og:description\" content=\"&nbsp; &nbsp; mgr Beata Falkowska Wyk\u0142adowca j\u0119zyka angielskiego w SJO PB. Prowadz\u0105c biuro nieruchomo\u015bci przeprowadzi\u0142a wiele rozm\u00f3w kwalifikacyjnych i\" \/>\n<meta property=\"og:url\" content=\"https:\/\/pb.edu.pl\/sjo\/wydarzenia-sjo\/mock-job-interview-2023\/eksperci\/\" \/>\n<meta property=\"og:site_name\" content=\"Studium J\u0119zyk\u00f3w Obcych\" \/>\n<meta property=\"article:modified_time\" content=\"2023-04-24T10:02:30+00:00\" \/>\n<meta property=\"og:image\" content=\"https:\/\/pb.edu.pl\/sjo\/wp-content\/uploads\/sites\/9\/2023\/04\/4.png\" \/>\n<meta name=\"twitter:label1\" content=\"Szacowany czas czytania\" \/>\n\t<meta name=\"twitter:data1\" content=\"8 minut\" \/>\n<script type=\"application\/ld+json\" class=\"yoast-schema-graph\">{\"@context\":\"https:\/\/schema.org\",\"@graph\":[{\"@type\":\"WebPage\",\"@id\":\"https:\/\/pb.edu.pl\/sjo\/wydarzenia-sjo\/mock-job-interview-2023\/eksperci\/\",\"url\":\"https:\/\/pb.edu.pl\/sjo\/wydarzenia-sjo\/mock-job-interview-2023\/eksperci\/\",\"name\":\"Eksperci - Studium J\u0119zyk\u00f3w Obcych\",\"isPartOf\":{\"@id\":\"https:\/\/pb.edu.pl\/sjo\/#website\"},\"primaryImageOfPage\":{\"@id\":\"https:\/\/pb.edu.pl\/sjo\/wydarzenia-sjo\/mock-job-interview-2023\/eksperci\/#primaryimage\"},\"image\":{\"@id\":\"https:\/\/pb.edu.pl\/sjo\/wydarzenia-sjo\/mock-job-interview-2023\/eksperci\/#primaryimage\"},\"thumbnailUrl\":\"https:\/\/pb.edu.pl\/sjo\/wp-content\/uploads\/sites\/9\/2023\/04\/4.png\",\"datePublished\":\"2023-04-12T09:41:41+00:00\",\"dateModified\":\"2023-04-24T10:02:30+00:00\",\"description\":\"&nbsp; &nbsp; mgr Beata Falkowska Wyk\u0142adowca j\u0119zyka angielskiego w SJO PB. Prowadz\u0105c biuro nieruchomo\u015bci przeprowadzi\u0142a wiele rozm\u00f3w kwalifikacyjnych i\",\"breadcrumb\":{\"@id\":\"https:\/\/pb.edu.pl\/sjo\/wydarzenia-sjo\/mock-job-interview-2023\/eksperci\/#breadcrumb\"},\"inLanguage\":\"pl-PL\",\"potentialAction\":[{\"@type\":\"ReadAction\",\"target\":[\"https:\/\/pb.edu.pl\/sjo\/wydarzenia-sjo\/mock-job-interview-2023\/eksperci\/\"]}]},{\"@type\":\"ImageObject\",\"inLanguage\":\"pl-PL\",\"@id\":\"https:\/\/pb.edu.pl\/sjo\/wydarzenia-sjo\/mock-job-interview-2023\/eksperci\/#primaryimage\",\"url\":\"https:\/\/pb.edu.pl\/sjo\/wp-content\/uploads\/sites\/9\/2023\/04\/4.png\",\"contentUrl\":\"https:\/\/pb.edu.pl\/sjo\/wp-content\/uploads\/sites\/9\/2023\/04\/4.png\",\"width\":400,\"height\":320},{\"@type\":\"BreadcrumbList\",\"@id\":\"https:\/\/pb.edu.pl\/sjo\/wydarzenia-sjo\/mock-job-interview-2023\/eksperci\/#breadcrumb\",\"itemListElement\":[{\"@type\":\"ListItem\",\"position\":1,\"name\":\"Home\",\"item\":\"https:\/\/pb.edu.pl\/sjo\/\"},{\"@type\":\"ListItem\",\"position\":2,\"name\":\"Wydarzenia SJO\",\"item\":\"https:\/\/pb.edu.pl\/sjo\/wydarzenia-sjo\/\"},{\"@type\":\"ListItem\",\"position\":3,\"name\":\"Mock Job Interview 2023\",\"item\":\"https:\/\/pb.edu.pl\/sjo\/wydarzenia-sjo\/mock-job-interview-2023\/\"},{\"@type\":\"ListItem\",\"position\":4,\"name\":\"Eksperci\"}]},{\"@type\":\"WebSite\",\"@id\":\"https:\/\/pb.edu.pl\/sjo\/#website\",\"url\":\"https:\/\/pb.edu.pl\/sjo\/\",\"name\":\"Studium J\u0119zyk\u00f3w Obcych\",\"description\":\"\",\"potentialAction\":[{\"@type\":\"SearchAction\",\"target\":{\"@type\":\"EntryPoint\",\"urlTemplate\":\"https:\/\/pb.edu.pl\/sjo\/?s={search_term_string}\"},\"query-input\":{\"@type\":\"PropertyValueSpecification\",\"valueRequired\":true,\"valueName\":\"search_term_string\"}}],\"inLanguage\":\"pl-PL\"}]}<\/script>\n<!-- \/ Yoast SEO plugin. -->","yoast_head_json":{"title":"Eksperci - Studium J\u0119zyk\u00f3w Obcych","description":"&nbsp; &nbsp; mgr Beata Falkowska Wyk\u0142adowca j\u0119zyka angielskiego w SJO PB. Prowadz\u0105c biuro nieruchomo\u015bci przeprowadzi\u0142a wiele rozm\u00f3w kwalifikacyjnych i","robots":{"index":"index","follow":"follow","max-snippet":"max-snippet:-1","max-image-preview":"max-image-preview:large","max-video-preview":"max-video-preview:-1"},"canonical":"https:\/\/pb.edu.pl\/sjo\/wydarzenia-sjo\/mock-job-interview-2023\/eksperci\/","og_locale":"pl_PL","og_type":"article","og_title":"Eksperci - Studium J\u0119zyk\u00f3w Obcych","og_description":"&nbsp; &nbsp; mgr Beata Falkowska Wyk\u0142adowca j\u0119zyka angielskiego w SJO PB. Prowadz\u0105c biuro nieruchomo\u015bci przeprowadzi\u0142a wiele rozm\u00f3w kwalifikacyjnych i","og_url":"https:\/\/pb.edu.pl\/sjo\/wydarzenia-sjo\/mock-job-interview-2023\/eksperci\/","og_site_name":"Studium J\u0119zyk\u00f3w Obcych","article_modified_time":"2023-04-24T10:02:30+00:00","og_image":[{"url":"https:\/\/pb.edu.pl\/sjo\/wp-content\/uploads\/sites\/9\/2023\/04\/4.png","type":"","width":"","height":""}],"twitter_misc":{"Szacowany czas czytania":"8 minut"},"schema":{"@context":"https:\/\/schema.org","@graph":[{"@type":"WebPage","@id":"https:\/\/pb.edu.pl\/sjo\/wydarzenia-sjo\/mock-job-interview-2023\/eksperci\/","url":"https:\/\/pb.edu.pl\/sjo\/wydarzenia-sjo\/mock-job-interview-2023\/eksperci\/","name":"Eksperci - Studium J\u0119zyk\u00f3w Obcych","isPartOf":{"@id":"https:\/\/pb.edu.pl\/sjo\/#website"},"primaryImageOfPage":{"@id":"https:\/\/pb.edu.pl\/sjo\/wydarzenia-sjo\/mock-job-interview-2023\/eksperci\/#primaryimage"},"image":{"@id":"https:\/\/pb.edu.pl\/sjo\/wydarzenia-sjo\/mock-job-interview-2023\/eksperci\/#primaryimage"},"thumbnailUrl":"https:\/\/pb.edu.pl\/sjo\/wp-content\/uploads\/sites\/9\/2023\/04\/4.png","datePublished":"2023-04-12T09:41:41+00:00","dateModified":"2023-04-24T10:02:30+00:00","description":"&nbsp; &nbsp; mgr Beata Falkowska Wyk\u0142adowca j\u0119zyka angielskiego w SJO PB. Prowadz\u0105c biuro nieruchomo\u015bci przeprowadzi\u0142a wiele rozm\u00f3w kwalifikacyjnych i","breadcrumb":{"@id":"https:\/\/pb.edu.pl\/sjo\/wydarzenia-sjo\/mock-job-interview-2023\/eksperci\/#breadcrumb"},"inLanguage":"pl-PL","potentialAction":[{"@type":"ReadAction","target":["https:\/\/pb.edu.pl\/sjo\/wydarzenia-sjo\/mock-job-interview-2023\/eksperci\/"]}]},{"@type":"ImageObject","inLanguage":"pl-PL","@id":"https:\/\/pb.edu.pl\/sjo\/wydarzenia-sjo\/mock-job-interview-2023\/eksperci\/#primaryimage","url":"https:\/\/pb.edu.pl\/sjo\/wp-content\/uploads\/sites\/9\/2023\/04\/4.png","contentUrl":"https:\/\/pb.edu.pl\/sjo\/wp-content\/uploads\/sites\/9\/2023\/04\/4.png","width":400,"height":320},{"@type":"BreadcrumbList","@id":"https:\/\/pb.edu.pl\/sjo\/wydarzenia-sjo\/mock-job-interview-2023\/eksperci\/#breadcrumb","itemListElement":[{"@type":"ListItem","position":1,"name":"Home","item":"https:\/\/pb.edu.pl\/sjo\/"},{"@type":"ListItem","position":2,"name":"Wydarzenia SJO","item":"https:\/\/pb.edu.pl\/sjo\/wydarzenia-sjo\/"},{"@type":"ListItem","position":3,"name":"Mock Job Interview 2023","item":"https:\/\/pb.edu.pl\/sjo\/wydarzenia-sjo\/mock-job-interview-2023\/"},{"@type":"ListItem","position":4,"name":"Eksperci"}]},{"@type":"WebSite","@id":"https:\/\/pb.edu.pl\/sjo\/#website","url":"https:\/\/pb.edu.pl\/sjo\/","name":"Studium J\u0119zyk\u00f3w Obcych","description":"","potentialAction":[{"@type":"SearchAction","target":{"@type":"EntryPoint","urlTemplate":"https:\/\/pb.edu.pl\/sjo\/?s={search_term_string}"},"query-input":{"@type":"PropertyValueSpecification","valueRequired":true,"valueName":"search_term_string"}}],"inLanguage":"pl-PL"}]}},"_links":{"self":[{"href":"https:\/\/pb.edu.pl\/sjo\/wp-json\/wp\/v2\/pages\/19906","targetHints":{"allow":["GET"]}}],"collection":[{"href":"https:\/\/pb.edu.pl\/sjo\/wp-json\/wp\/v2\/pages"}],"about":[{"href":"https:\/\/pb.edu.pl\/sjo\/wp-json\/wp\/v2\/types\/page"}],"author":[{"embeddable":true,"href":"https:\/\/pb.edu.pl\/sjo\/wp-json\/wp\/v2\/users\/6"}],"replies":[{"embeddable":true,"href":"https:\/\/pb.edu.pl\/sjo\/wp-json\/wp\/v2\/comments?post=19906"}],"version-history":[{"count":0,"href":"https:\/\/pb.edu.pl\/sjo\/wp-json\/wp\/v2\/pages\/19906\/revisions"}],"up":[{"embeddable":true,"href":"https:\/\/pb.edu.pl\/sjo\/wp-json\/wp\/v2\/pages\/19893"}],"wp:attachment":[{"href":"https:\/\/pb.edu.pl\/sjo\/wp-json\/wp\/v2\/media?parent=19906"}],"curies":[{"name":"wp","href":"https:\/\/api.w.org\/{rel}","templated":true}]}}