{"id":19893,"date":"2023-04-12T11:36:13","date_gmt":"2023-04-12T09:36:13","guid":{"rendered":"https:\/\/pb.edu.pl\/sjo\/?page_id=19893"},"modified":"2025-04-25T13:05:36","modified_gmt":"2025-04-25T11:05:36","slug":"mock-job-interview-2023","status":"publish","type":"page","link":"https:\/\/pb.edu.pl\/sjo\/wydarzenia-sjo\/mock-job-interview-2023\/","title":{"rendered":"Mock Job Interview 2023"},"content":{"rendered":"<div class=\"img-full\"><img loading=\"lazy\" decoding=\"async\" class=\"wp-image-11250 size-full\" src=\"https:\/\/pb.edu.pl\/sjo\/wp-content\/uploads\/sites\/9\/2023\/04\/Mock-Job-Interview-8.png\" alt=\"Mock pasek niebieski\" width=\"1920\" height=\"220\"><\/div>\n<div>&nbsp;<\/div>\n<div>\n<h2>Wydarzenie odby\u0142o si\u0119 24 maja 2023 r. <a href=\"https:\/\/pb.edu.pl\/sjo\/wydarzenia-sjo\/mock-job-interview-2025\/\">Zapraszamy na aktualn\u0105 edycj\u0119<\/a>.<\/h2>\n<\/div>\n<div>&nbsp;<\/div>\n<div style=\"margin: 0 auto;max-width: 900px\"><div class=\"row\">\n<div class=\"col-md-4\">\n\t<div class=\"boxlink animated zoomIn \">\n\t\t<a href=\"https:\/\/pb.edu.pl\/sjo\/wydarzenia-sjo\/mock-job-interview-2023\/Wydarzenie\/\" class=\"no-icon\">\n\t\t\t<div class=\"boxlink-title\"><span>Wydarzenie<\/span><\/div>\n\t\t\t<div class=\"boxlink-content\">\n\t\t\t\t<img decoding=\"async\" class=\"size-medium wp-image-11227 aligncenter\" src=\"https:\/\/pb.edu.pl\/sjo\/wp-content\/uploads\/sites\/9\/2023\/04\/Mock-opis.png\" alt=\"\">\t\t\t<\/div>\n\t\t<\/a>\n\t<\/div>\n\n<\/div>\n<div class=\"col-md-4\">\n\t<div class=\"boxlink animated zoomIn \">\n\t\t<a href=\"https:\/\/pb.edu.pl\/sjo\/wydarzenia-sjo\/mock-job-interview-2023\/program\/\" class=\"no-icon\">\n\t\t\t<div class=\"boxlink-title\"><span>Program<\/span><\/div>\n\t\t\t<div class=\"boxlink-content\">\n\t\t\t\t<img decoding=\"async\" class=\"size-medium wp-image-11229 aligncenter\" src=\"https:\/\/pb.edu.pl\/sjo\/wp-content\/uploads\/sites\/9\/2023\/04\/Mock-plan.png\" alt=\"\"><\/div>\n<div style=\"margin: 0 auto;max-width: 900px\">\t\t\t<\/div>\n\t\t<\/a>\n\t<\/div>\n\n<\/div>\n<div class=\"col-md-4\">\n\t<div class=\"boxlink animated zoomIn \">\n\t\t<a href=\"https:\/\/pb.edu.pl\/sjo\/wydarzenia-sjo\/mock-job-interview-2023\/zarejestruj-sie\/\/\" class=\"no-icon\">\n\t\t\t<div class=\"boxlink-title\"><span>Zarejestruj si\u0119<\/span><\/div>\n\t\t\t<div class=\"boxlink-content\">\n\t\t\t\t<img loading=\"lazy\" decoding=\"async\" width=\"799\" height=\"533\" class=\"size-medium wp-image-11239 aligncenter\" src=\"https:\/\/pb.edu.pl\/sjo\/wp-content\/uploads\/sites\/9\/2023\/04\/Mock-formularz.png\" alt=\"\">\t\t\t<\/div>\n\t\t<\/a>\n\t<\/div>\n\n<\/div>\n<\/div>\n<div class=\"row\">\n<div class=\"col-md-4\">\n\t<div class=\"boxlink animated zoomIn \">\n\t\t<a href=\"https:\/\/pb.edu.pl\/sjo\/wydarzenia-sjo\/mock-job-interview-2023\/pracodawcy\/\" class=\"no-icon\">\n\t\t\t<div class=\"boxlink-title\"><span>Pracodawcy<\/span><\/div>\n\t\t\t<div class=\"boxlink-content\">\n\t\t\t\t<img decoding=\"async\" class=\"size-medium wp-image-11231 aligncenter\" src=\"https:\/\/pb.edu.pl\/sjo\/wp-content\/uploads\/sites\/9\/2023\/04\/Mock-pracodawcy.png\" alt=\"\">\t\t\t<\/div>\n\t\t<\/a>\n\t<\/div>\n\n<\/div>\n<div class=\"col-md-4\">\n\t<div class=\"boxlink animated zoomIn \">\n\t\t<a href=\"https:\/\/pb.edu.pl\/sjo\/wydarzenia-sjo\/mock-job-interview-2023\/eksperci\/\" class=\"no-icon\">\n\t\t\t<div class=\"boxlink-title\"><span>Eksperci<\/span><\/div>\n\t\t\t<div class=\"boxlink-content\">\n\t\t\t\t<img decoding=\"async\" class=\"size-medium wp-image-11232 aligncenter\" src=\"https:\/\/pb.edu.pl\/sjo\/wp-content\/uploads\/sites\/9\/2023\/04\/Mock-eksperci.png\" alt=\"\">\t\t\t<\/div>\n\t\t<\/a>\n\t<\/div>\n\n<\/div>\n<div class=\"col-md-4\">\n\t<div class=\"boxlink animated zoomIn \">\n\t\t<a href=\"https:\/\/pb.edu.pl\/sjo\/wydarzenia-sjo\/mock-job-interview-2023\/media\/\" class=\"no-icon\">\n\t\t\t<div class=\"boxlink-title\"><span>Media<\/span><\/div>\n\t\t\t<div class=\"boxlink-content\">\n\t\t\t\t<img decoding=\"async\" class=\"size-medium wp-image-11233 aligncenter\" src=\"https:\/\/pb.edu.pl\/sjo\/wp-content\/uploads\/sites\/9\/2023\/04\/Mock-galeria.png\" alt=\"\">\t\t\t<\/div>\n\t\t<\/a>\n\t<\/div>\n\n<\/div>\n<\/div><\/div>\n","protected":false},"excerpt":{"rendered":"<p>&nbsp; Wydarzenie odby\u0142o si\u0119 24 maja 2023 r. Zapraszamy na aktualn\u0105 edycj\u0119. &nbsp;<\/p>\n","protected":false},"author":6,"featured_media":0,"parent":10915,"menu_order":0,"comment_status":"closed","ping_status":"closed","template":"templates\/dzial.php","meta":{"_acf_changed":false,"ngg_post_thumbnail":0,"footnotes":""},"class_list":["post-19893","page","type-page","status-publish","hentry"],"acf":[],"yoast_head":"<!-- This site is optimized with the Yoast SEO plugin v27.0 - https:\/\/yoast.com\/product\/yoast-seo-wordpress\/ -->\n<title>Mock Job Interview 2023 - Studium J\u0119zyk\u00f3w Obcych<\/title>\n<meta name=\"description\" content=\"&nbsp;  Wydarzenie odby\u0142o si\u0119 24 maja 2023 r. Zapraszamy na aktualn\u0105 edycj\u0119.  &nbsp;\" \/>\n<meta name=\"robots\" content=\"index, follow, max-snippet:-1, max-image-preview:large, max-video-preview:-1\" \/>\n<link rel=\"canonical\" href=\"https:\/\/pb.edu.pl\/sjo\/wydarzenia-sjo\/mock-job-interview-2023\/\" \/>\n<meta property=\"og:locale\" content=\"pl_PL\" \/>\n<meta property=\"og:type\" content=\"article\" \/>\n<meta property=\"og:title\" content=\"Mock Job Interview 2023 - Studium J\u0119zyk\u00f3w Obcych\" \/>\n<meta property=\"og:description\" content=\"&nbsp;  Wydarzenie odby\u0142o si\u0119 24 maja 2023 r. Zapraszamy na aktualn\u0105 edycj\u0119.  &nbsp;\" \/>\n<meta property=\"og:url\" content=\"https:\/\/pb.edu.pl\/sjo\/wydarzenia-sjo\/mock-job-interview-2023\/\" \/>\n<meta property=\"og:site_name\" content=\"Studium J\u0119zyk\u00f3w Obcych\" \/>\n<meta property=\"article:modified_time\" content=\"2025-04-25T11:05:36+00:00\" \/>\n<meta property=\"og:image\" content=\"https:\/\/pb.edu.pl\/sjo\/wp-content\/uploads\/sites\/9\/2021\/11\/Mock-Job-Interview-3-1.png\" \/>\n\t<meta property=\"og:image:width\" content=\"1920\" \/>\n\t<meta property=\"og:image:height\" content=\"220\" \/>\n\t<meta property=\"og:image:type\" content=\"image\/png\" \/>\n<meta name=\"twitter:label1\" content=\"Szacowany czas czytania\" \/>\n\t<meta name=\"twitter:data1\" content=\"2 minuty\" \/>\n<script type=\"application\/ld+json\" class=\"yoast-schema-graph\">{\"@context\":\"https:\/\/schema.org\",\"@graph\":[{\"@type\":\"WebPage\",\"@id\":\"https:\/\/pb.edu.pl\/sjo\/wydarzenia-sjo\/mock-job-interview-2023\/\",\"url\":\"https:\/\/pb.edu.pl\/sjo\/wydarzenia-sjo\/mock-job-interview-2023\/\",\"name\":\"Mock Job Interview 2023 - Studium J\u0119zyk\u00f3w Obcych\",\"isPartOf\":{\"@id\":\"https:\/\/pb.edu.pl\/sjo\/#website\"},\"primaryImageOfPage\":{\"@id\":\"https:\/\/pb.edu.pl\/sjo\/wydarzenia-sjo\/mock-job-interview-2023\/#primaryimage\"},\"image\":{\"@id\":\"https:\/\/pb.edu.pl\/sjo\/wydarzenia-sjo\/mock-job-interview-2023\/#primaryimage\"},\"thumbnailUrl\":\"https:\/\/pb.edu.pl\/sjo\/wp-content\/uploads\/sites\/9\/2023\/04\/Mock-Job-Interview-8.png\",\"datePublished\":\"2023-04-12T09:36:13+00:00\",\"dateModified\":\"2025-04-25T11:05:36+00:00\",\"description\":\"&nbsp; Wydarzenie odby\u0142o si\u0119 24 maja 2023 r. Zapraszamy na aktualn\u0105 edycj\u0119. &nbsp;\",\"breadcrumb\":{\"@id\":\"https:\/\/pb.edu.pl\/sjo\/wydarzenia-sjo\/mock-job-interview-2023\/#breadcrumb\"},\"inLanguage\":\"pl-PL\",\"potentialAction\":[{\"@type\":\"ReadAction\",\"target\":[\"https:\/\/pb.edu.pl\/sjo\/wydarzenia-sjo\/mock-job-interview-2023\/\"]}]},{\"@type\":\"ImageObject\",\"inLanguage\":\"pl-PL\",\"@id\":\"https:\/\/pb.edu.pl\/sjo\/wydarzenia-sjo\/mock-job-interview-2023\/#primaryimage\",\"url\":\"https:\/\/pb.edu.pl\/sjo\/wp-content\/uploads\/sites\/9\/2023\/04\/Mock-Job-Interview-8.png\",\"contentUrl\":\"https:\/\/pb.edu.pl\/sjo\/wp-content\/uploads\/sites\/9\/2023\/04\/Mock-Job-Interview-8.png\",\"width\":1920,\"height\":220},{\"@type\":\"BreadcrumbList\",\"@id\":\"https:\/\/pb.edu.pl\/sjo\/wydarzenia-sjo\/mock-job-interview-2023\/#breadcrumb\",\"itemListElement\":[{\"@type\":\"ListItem\",\"position\":1,\"name\":\"Home\",\"item\":\"https:\/\/pb.edu.pl\/sjo\/\"},{\"@type\":\"ListItem\",\"position\":2,\"name\":\"Wydarzenia SJO\",\"item\":\"https:\/\/pb.edu.pl\/sjo\/wydarzenia-sjo\/\"},{\"@type\":\"ListItem\",\"position\":3,\"name\":\"Mock Job Interview 2023\"}]},{\"@type\":\"WebSite\",\"@id\":\"https:\/\/pb.edu.pl\/sjo\/#website\",\"url\":\"https:\/\/pb.edu.pl\/sjo\/\",\"name\":\"Studium J\u0119zyk\u00f3w Obcych\",\"description\":\"\",\"potentialAction\":[{\"@type\":\"SearchAction\",\"target\":{\"@type\":\"EntryPoint\",\"urlTemplate\":\"https:\/\/pb.edu.pl\/sjo\/?s={search_term_string}\"},\"query-input\":{\"@type\":\"PropertyValueSpecification\",\"valueRequired\":true,\"valueName\":\"search_term_string\"}}],\"inLanguage\":\"pl-PL\"}]}<\/script>\n<!-- \/ Yoast SEO plugin. -->","yoast_head_json":{"title":"Mock Job Interview 2023 - Studium J\u0119zyk\u00f3w Obcych","description":"&nbsp;  Wydarzenie odby\u0142o si\u0119 24 maja 2023 r. Zapraszamy na aktualn\u0105 edycj\u0119.  &nbsp;","robots":{"index":"index","follow":"follow","max-snippet":"max-snippet:-1","max-image-preview":"max-image-preview:large","max-video-preview":"max-video-preview:-1"},"canonical":"https:\/\/pb.edu.pl\/sjo\/wydarzenia-sjo\/mock-job-interview-2023\/","og_locale":"pl_PL","og_type":"article","og_title":"Mock Job Interview 2023 - Studium J\u0119zyk\u00f3w Obcych","og_description":"&nbsp;  Wydarzenie odby\u0142o si\u0119 24 maja 2023 r. Zapraszamy na aktualn\u0105 edycj\u0119.  &nbsp;","og_url":"https:\/\/pb.edu.pl\/sjo\/wydarzenia-sjo\/mock-job-interview-2023\/","og_site_name":"Studium J\u0119zyk\u00f3w Obcych","article_modified_time":"2025-04-25T11:05:36+00:00","og_image":[{"width":1920,"height":220,"url":"https:\/\/pb.edu.pl\/sjo\/wp-content\/uploads\/sites\/9\/2021\/11\/Mock-Job-Interview-3-1.png","type":"image\/png"}],"twitter_misc":{"Szacowany czas czytania":"2 minuty"},"schema":{"@context":"https:\/\/schema.org","@graph":[{"@type":"WebPage","@id":"https:\/\/pb.edu.pl\/sjo\/wydarzenia-sjo\/mock-job-interview-2023\/","url":"https:\/\/pb.edu.pl\/sjo\/wydarzenia-sjo\/mock-job-interview-2023\/","name":"Mock Job Interview 2023 - Studium J\u0119zyk\u00f3w Obcych","isPartOf":{"@id":"https:\/\/pb.edu.pl\/sjo\/#website"},"primaryImageOfPage":{"@id":"https:\/\/pb.edu.pl\/sjo\/wydarzenia-sjo\/mock-job-interview-2023\/#primaryimage"},"image":{"@id":"https:\/\/pb.edu.pl\/sjo\/wydarzenia-sjo\/mock-job-interview-2023\/#primaryimage"},"thumbnailUrl":"https:\/\/pb.edu.pl\/sjo\/wp-content\/uploads\/sites\/9\/2023\/04\/Mock-Job-Interview-8.png","datePublished":"2023-04-12T09:36:13+00:00","dateModified":"2025-04-25T11:05:36+00:00","description":"&nbsp; Wydarzenie odby\u0142o si\u0119 24 maja 2023 r. Zapraszamy na aktualn\u0105 edycj\u0119. &nbsp;","breadcrumb":{"@id":"https:\/\/pb.edu.pl\/sjo\/wydarzenia-sjo\/mock-job-interview-2023\/#breadcrumb"},"inLanguage":"pl-PL","potentialAction":[{"@type":"ReadAction","target":["https:\/\/pb.edu.pl\/sjo\/wydarzenia-sjo\/mock-job-interview-2023\/"]}]},{"@type":"ImageObject","inLanguage":"pl-PL","@id":"https:\/\/pb.edu.pl\/sjo\/wydarzenia-sjo\/mock-job-interview-2023\/#primaryimage","url":"https:\/\/pb.edu.pl\/sjo\/wp-content\/uploads\/sites\/9\/2023\/04\/Mock-Job-Interview-8.png","contentUrl":"https:\/\/pb.edu.pl\/sjo\/wp-content\/uploads\/sites\/9\/2023\/04\/Mock-Job-Interview-8.png","width":1920,"height":220},{"@type":"BreadcrumbList","@id":"https:\/\/pb.edu.pl\/sjo\/wydarzenia-sjo\/mock-job-interview-2023\/#breadcrumb","itemListElement":[{"@type":"ListItem","position":1,"name":"Home","item":"https:\/\/pb.edu.pl\/sjo\/"},{"@type":"ListItem","position":2,"name":"Wydarzenia SJO","item":"https:\/\/pb.edu.pl\/sjo\/wydarzenia-sjo\/"},{"@type":"ListItem","position":3,"name":"Mock Job Interview 2023"}]},{"@type":"WebSite","@id":"https:\/\/pb.edu.pl\/sjo\/#website","url":"https:\/\/pb.edu.pl\/sjo\/","name":"Studium J\u0119zyk\u00f3w Obcych","description":"","potentialAction":[{"@type":"SearchAction","target":{"@type":"EntryPoint","urlTemplate":"https:\/\/pb.edu.pl\/sjo\/?s={search_term_string}"},"query-input":{"@type":"PropertyValueSpecification","valueRequired":true,"valueName":"search_term_string"}}],"inLanguage":"pl-PL"}]}},"_links":{"self":[{"href":"https:\/\/pb.edu.pl\/sjo\/wp-json\/wp\/v2\/pages\/19893","targetHints":{"allow":["GET"]}}],"collection":[{"href":"https:\/\/pb.edu.pl\/sjo\/wp-json\/wp\/v2\/pages"}],"about":[{"href":"https:\/\/pb.edu.pl\/sjo\/wp-json\/wp\/v2\/types\/page"}],"author":[{"embeddable":true,"href":"https:\/\/pb.edu.pl\/sjo\/wp-json\/wp\/v2\/users\/6"}],"replies":[{"embeddable":true,"href":"https:\/\/pb.edu.pl\/sjo\/wp-json\/wp\/v2\/comments?post=19893"}],"version-history":[{"count":0,"href":"https:\/\/pb.edu.pl\/sjo\/wp-json\/wp\/v2\/pages\/19893\/revisions"}],"up":[{"embeddable":true,"href":"https:\/\/pb.edu.pl\/sjo\/wp-json\/wp\/v2\/pages\/10915"}],"wp:attachment":[{"href":"https:\/\/pb.edu.pl\/sjo\/wp-json\/wp\/v2\/media?parent=19893"}],"curies":[{"name":"wp","href":"https:\/\/api.w.org\/{rel}","templated":true}]}}