{"id":19710,"date":"2023-03-28T09:58:14","date_gmt":"2023-03-28T07:58:14","guid":{"rendered":"https:\/\/pb.edu.pl\/sjo\/?page_id=19710"},"modified":"2023-03-30T09:42:55","modified_gmt":"2023-03-30T07:42:55","slug":"egzaminy-z-jezyka-angielskiego-zestawienie","status":"publish","type":"page","link":"https:\/\/pb.edu.pl\/sjo\/dla-pracownika\/egzaminy-komercyjne\/egzaminy-z-jezyka-angielskiego-zestawienie\/","title":{"rendered":"Egzaminy z j\u0119zyka angielskiego \u2013 zestawienie"},"content":{"rendered":"<p><img loading=\"lazy\" decoding=\"async\" class=\"aligncenter wp-image-19707 size-full\" src=\"https:\/\/pb.edu.pl\/sjo\/wp-content\/uploads\/sites\/9\/2023\/03\/zestawienie-28.03.2023.png\" alt=\"\" width=\"1024\" height=\"768\" srcset=\"https:\/\/pb.edu.pl\/sjo\/wp-content\/uploads\/sites\/9\/2023\/03\/zestawienie-28.03.2023.png 1024w, https:\/\/pb.edu.pl\/sjo\/wp-content\/uploads\/sites\/9\/2023\/03\/zestawienie-28.03.2023-300x225.png 300w, https:\/\/pb.edu.pl\/sjo\/wp-content\/uploads\/sites\/9\/2023\/03\/zestawienie-28.03.2023-768x576.png 768w\" sizes=\"auto, (max-width: 1024px) 100vw, 1024px\" \/><br \/>\nDowiedz si\u0119 wi\u0119cej o:<\/p>\n<ul style=\"list-style-type: circle\">\n<li><a href=\"https:\/\/pb.edu.pl\/sjo\/dla-studenta\/egzaminy\/technical-english-certificate\/\">Technical English Certificate<\/a><\/li>\n<li><a href=\"https:\/\/pb.edu.pl\/sjo\/dla-studenta\/egzaminy\/egzamin-na-ucj\/\">Egzamin na Uczelniany Certyfikat J\u0119zykowy o profilu og\u00f3lnym<\/a><\/li>\n<li><a href=\"https:\/\/pb.edu.pl\/sjo\/dla-studenta\/egzaminy\/ucj-o-profilu-biznesowym\/\">Egzamin na Uczelniany Certyfikat J\u0119zykowy o profilu biznesowym<\/a><\/li>\n<li><a href=\"https:\/\/pb.edu.pl\/sjo\/dla-studenta\/egzaminy\/toeic\/\">TOEIC Listening &amp; Reading<\/a><\/li>\n<li><a href=\"https:\/\/pb.edu.pl\/sjo\/dla-studenta\/egzaminy\/languagecert-lte\/\">Language CERT<\/a><\/li>\n<li><a href=\"https:\/\/pb.edu.pl\/sjo\/dla-studenta\/egzaminy\/englishscore\/\">EnglishScore<\/a><\/li>\n<\/ul>\n","protected":false},"excerpt":{"rendered":"<p>Dowiedz si\u0119 wi\u0119cej o: Technical English Certificate Egzamin na Uczelniany Certyfikat J\u0119zykowy o profilu og\u00f3lnym<\/p>\n","protected":false},"author":6,"featured_media":0,"parent":6242,"menu_order":0,"comment_status":"closed","ping_status":"closed","template":"","meta":{"_acf_changed":false,"ngg_post_thumbnail":0,"footnotes":""},"class_list":["post-19710","page","type-page","status-publish","hentry"],"acf":[],"yoast_head":"<!-- This site is optimized with the Yoast SEO plugin v27.0 - https:\/\/yoast.com\/product\/yoast-seo-wordpress\/ -->\n<title>Egzaminy z j\u0119zyka angielskiego \u2013 zestawienie - Studium J\u0119zyk\u00f3w Obcych<\/title>\n<meta name=\"description\" content=\"Dowiedz si\u0119 wi\u0119cej o: Technical English Certificate Egzamin na Uczelniany Certyfikat J\u0119zykowy o profilu og\u00f3lnym Egzamin na Uczelniany Certyfikat J\u0119zykowy\" \/>\n<meta name=\"robots\" content=\"index, follow, max-snippet:-1, max-image-preview:large, max-video-preview:-1\" \/>\n<link rel=\"canonical\" href=\"https:\/\/pb.edu.pl\/sjo\/dla-pracownika\/egzaminy-komercyjne\/egzaminy-z-jezyka-angielskiego-zestawienie\/\" \/>\n<meta property=\"og:locale\" content=\"pl_PL\" \/>\n<meta property=\"og:type\" content=\"article\" \/>\n<meta property=\"og:title\" content=\"Egzaminy z j\u0119zyka angielskiego \u2013 zestawienie - Studium J\u0119zyk\u00f3w Obcych\" \/>\n<meta property=\"og:description\" content=\"Dowiedz si\u0119 wi\u0119cej o: Technical English Certificate Egzamin na Uczelniany Certyfikat J\u0119zykowy o profilu og\u00f3lnym Egzamin na Uczelniany Certyfikat J\u0119zykowy\" \/>\n<meta property=\"og:url\" content=\"https:\/\/pb.edu.pl\/sjo\/dla-pracownika\/egzaminy-komercyjne\/egzaminy-z-jezyka-angielskiego-zestawienie\/\" \/>\n<meta property=\"og:site_name\" content=\"Studium J\u0119zyk\u00f3w Obcych\" \/>\n<meta property=\"article:modified_time\" content=\"2023-03-30T07:42:55+00:00\" \/>\n<meta property=\"og:image\" content=\"https:\/\/pb.edu.pl\/sjo\/wp-content\/uploads\/sites\/9\/2023\/03\/zestawienie-28.03.2023.png\" \/>\n<meta name=\"twitter:label1\" content=\"Szacowany czas czytania\" \/>\n\t<meta name=\"twitter:data1\" content=\"1 minuta\" \/>\n<script type=\"application\/ld+json\" class=\"yoast-schema-graph\">{\"@context\":\"https:\/\/schema.org\",\"@graph\":[{\"@type\":\"WebPage\",\"@id\":\"https:\/\/pb.edu.pl\/sjo\/dla-pracownika\/egzaminy-komercyjne\/egzaminy-z-jezyka-angielskiego-zestawienie\/\",\"url\":\"https:\/\/pb.edu.pl\/sjo\/dla-pracownika\/egzaminy-komercyjne\/egzaminy-z-jezyka-angielskiego-zestawienie\/\",\"name\":\"Egzaminy z j\u0119zyka angielskiego \u2013 zestawienie - Studium J\u0119zyk\u00f3w Obcych\",\"isPartOf\":{\"@id\":\"https:\/\/pb.edu.pl\/sjo\/#website\"},\"primaryImageOfPage\":{\"@id\":\"https:\/\/pb.edu.pl\/sjo\/dla-pracownika\/egzaminy-komercyjne\/egzaminy-z-jezyka-angielskiego-zestawienie\/#primaryimage\"},\"image\":{\"@id\":\"https:\/\/pb.edu.pl\/sjo\/dla-pracownika\/egzaminy-komercyjne\/egzaminy-z-jezyka-angielskiego-zestawienie\/#primaryimage\"},\"thumbnailUrl\":\"https:\/\/pb.edu.pl\/sjo\/wp-content\/uploads\/sites\/9\/2023\/03\/zestawienie-28.03.2023.png\",\"datePublished\":\"2023-03-28T07:58:14+00:00\",\"dateModified\":\"2023-03-30T07:42:55+00:00\",\"description\":\"Dowiedz si\u0119 wi\u0119cej o: Technical English Certificate Egzamin na Uczelniany Certyfikat J\u0119zykowy o profilu og\u00f3lnym Egzamin na Uczelniany Certyfikat J\u0119zykowy\",\"breadcrumb\":{\"@id\":\"https:\/\/pb.edu.pl\/sjo\/dla-pracownika\/egzaminy-komercyjne\/egzaminy-z-jezyka-angielskiego-zestawienie\/#breadcrumb\"},\"inLanguage\":\"pl-PL\",\"potentialAction\":[{\"@type\":\"ReadAction\",\"target\":[\"https:\/\/pb.edu.pl\/sjo\/dla-pracownika\/egzaminy-komercyjne\/egzaminy-z-jezyka-angielskiego-zestawienie\/\"]}]},{\"@type\":\"ImageObject\",\"inLanguage\":\"pl-PL\",\"@id\":\"https:\/\/pb.edu.pl\/sjo\/dla-pracownika\/egzaminy-komercyjne\/egzaminy-z-jezyka-angielskiego-zestawienie\/#primaryimage\",\"url\":\"https:\/\/pb.edu.pl\/sjo\/wp-content\/uploads\/sites\/9\/2023\/03\/zestawienie-28.03.2023.png\",\"contentUrl\":\"https:\/\/pb.edu.pl\/sjo\/wp-content\/uploads\/sites\/9\/2023\/03\/zestawienie-28.03.2023.png\",\"width\":1024,\"height\":768},{\"@type\":\"BreadcrumbList\",\"@id\":\"https:\/\/pb.edu.pl\/sjo\/dla-pracownika\/egzaminy-komercyjne\/egzaminy-z-jezyka-angielskiego-zestawienie\/#breadcrumb\",\"itemListElement\":[{\"@type\":\"ListItem\",\"position\":1,\"name\":\"Home\",\"item\":\"https:\/\/pb.edu.pl\/sjo\/\"},{\"@type\":\"ListItem\",\"position\":2,\"name\":\"Pracuj\u0119 w PB\",\"item\":\"https:\/\/pb.edu.pl\/sjo\/dla-pracownika\/\"},{\"@type\":\"ListItem\",\"position\":3,\"name\":\"Egzaminy komercyjne\",\"item\":\"https:\/\/pb.edu.pl\/sjo\/dla-pracownika\/egzaminy-komercyjne\/\"},{\"@type\":\"ListItem\",\"position\":4,\"name\":\"Egzaminy z j\u0119zyka angielskiego \u2013 zestawienie\"}]},{\"@type\":\"WebSite\",\"@id\":\"https:\/\/pb.edu.pl\/sjo\/#website\",\"url\":\"https:\/\/pb.edu.pl\/sjo\/\",\"name\":\"Studium J\u0119zyk\u00f3w Obcych\",\"description\":\"\",\"potentialAction\":[{\"@type\":\"SearchAction\",\"target\":{\"@type\":\"EntryPoint\",\"urlTemplate\":\"https:\/\/pb.edu.pl\/sjo\/?s={search_term_string}\"},\"query-input\":{\"@type\":\"PropertyValueSpecification\",\"valueRequired\":true,\"valueName\":\"search_term_string\"}}],\"inLanguage\":\"pl-PL\"}]}<\/script>\n<!-- \/ Yoast SEO plugin. -->","yoast_head_json":{"title":"Egzaminy z j\u0119zyka angielskiego \u2013 zestawienie - Studium J\u0119zyk\u00f3w Obcych","description":"Dowiedz si\u0119 wi\u0119cej o: Technical English Certificate Egzamin na Uczelniany Certyfikat J\u0119zykowy o profilu og\u00f3lnym Egzamin na Uczelniany Certyfikat J\u0119zykowy","robots":{"index":"index","follow":"follow","max-snippet":"max-snippet:-1","max-image-preview":"max-image-preview:large","max-video-preview":"max-video-preview:-1"},"canonical":"https:\/\/pb.edu.pl\/sjo\/dla-pracownika\/egzaminy-komercyjne\/egzaminy-z-jezyka-angielskiego-zestawienie\/","og_locale":"pl_PL","og_type":"article","og_title":"Egzaminy z j\u0119zyka angielskiego \u2013 zestawienie - Studium J\u0119zyk\u00f3w Obcych","og_description":"Dowiedz si\u0119 wi\u0119cej o: Technical English Certificate Egzamin na Uczelniany Certyfikat J\u0119zykowy o profilu og\u00f3lnym Egzamin na Uczelniany Certyfikat J\u0119zykowy","og_url":"https:\/\/pb.edu.pl\/sjo\/dla-pracownika\/egzaminy-komercyjne\/egzaminy-z-jezyka-angielskiego-zestawienie\/","og_site_name":"Studium J\u0119zyk\u00f3w Obcych","article_modified_time":"2023-03-30T07:42:55+00:00","og_image":[{"url":"https:\/\/pb.edu.pl\/sjo\/wp-content\/uploads\/sites\/9\/2023\/03\/zestawienie-28.03.2023.png","type":"","width":"","height":""}],"twitter_misc":{"Szacowany czas czytania":"1 minuta"},"schema":{"@context":"https:\/\/schema.org","@graph":[{"@type":"WebPage","@id":"https:\/\/pb.edu.pl\/sjo\/dla-pracownika\/egzaminy-komercyjne\/egzaminy-z-jezyka-angielskiego-zestawienie\/","url":"https:\/\/pb.edu.pl\/sjo\/dla-pracownika\/egzaminy-komercyjne\/egzaminy-z-jezyka-angielskiego-zestawienie\/","name":"Egzaminy z j\u0119zyka angielskiego \u2013 zestawienie - Studium J\u0119zyk\u00f3w Obcych","isPartOf":{"@id":"https:\/\/pb.edu.pl\/sjo\/#website"},"primaryImageOfPage":{"@id":"https:\/\/pb.edu.pl\/sjo\/dla-pracownika\/egzaminy-komercyjne\/egzaminy-z-jezyka-angielskiego-zestawienie\/#primaryimage"},"image":{"@id":"https:\/\/pb.edu.pl\/sjo\/dla-pracownika\/egzaminy-komercyjne\/egzaminy-z-jezyka-angielskiego-zestawienie\/#primaryimage"},"thumbnailUrl":"https:\/\/pb.edu.pl\/sjo\/wp-content\/uploads\/sites\/9\/2023\/03\/zestawienie-28.03.2023.png","datePublished":"2023-03-28T07:58:14+00:00","dateModified":"2023-03-30T07:42:55+00:00","description":"Dowiedz si\u0119 wi\u0119cej o: Technical English Certificate Egzamin na Uczelniany Certyfikat J\u0119zykowy o profilu og\u00f3lnym Egzamin na Uczelniany Certyfikat J\u0119zykowy","breadcrumb":{"@id":"https:\/\/pb.edu.pl\/sjo\/dla-pracownika\/egzaminy-komercyjne\/egzaminy-z-jezyka-angielskiego-zestawienie\/#breadcrumb"},"inLanguage":"pl-PL","potentialAction":[{"@type":"ReadAction","target":["https:\/\/pb.edu.pl\/sjo\/dla-pracownika\/egzaminy-komercyjne\/egzaminy-z-jezyka-angielskiego-zestawienie\/"]}]},{"@type":"ImageObject","inLanguage":"pl-PL","@id":"https:\/\/pb.edu.pl\/sjo\/dla-pracownika\/egzaminy-komercyjne\/egzaminy-z-jezyka-angielskiego-zestawienie\/#primaryimage","url":"https:\/\/pb.edu.pl\/sjo\/wp-content\/uploads\/sites\/9\/2023\/03\/zestawienie-28.03.2023.png","contentUrl":"https:\/\/pb.edu.pl\/sjo\/wp-content\/uploads\/sites\/9\/2023\/03\/zestawienie-28.03.2023.png","width":1024,"height":768},{"@type":"BreadcrumbList","@id":"https:\/\/pb.edu.pl\/sjo\/dla-pracownika\/egzaminy-komercyjne\/egzaminy-z-jezyka-angielskiego-zestawienie\/#breadcrumb","itemListElement":[{"@type":"ListItem","position":1,"name":"Home","item":"https:\/\/pb.edu.pl\/sjo\/"},{"@type":"ListItem","position":2,"name":"Pracuj\u0119 w PB","item":"https:\/\/pb.edu.pl\/sjo\/dla-pracownika\/"},{"@type":"ListItem","position":3,"name":"Egzaminy komercyjne","item":"https:\/\/pb.edu.pl\/sjo\/dla-pracownika\/egzaminy-komercyjne\/"},{"@type":"ListItem","position":4,"name":"Egzaminy z j\u0119zyka angielskiego \u2013 zestawienie"}]},{"@type":"WebSite","@id":"https:\/\/pb.edu.pl\/sjo\/#website","url":"https:\/\/pb.edu.pl\/sjo\/","name":"Studium J\u0119zyk\u00f3w Obcych","description":"","potentialAction":[{"@type":"SearchAction","target":{"@type":"EntryPoint","urlTemplate":"https:\/\/pb.edu.pl\/sjo\/?s={search_term_string}"},"query-input":{"@type":"PropertyValueSpecification","valueRequired":true,"valueName":"search_term_string"}}],"inLanguage":"pl-PL"}]}},"_links":{"self":[{"href":"https:\/\/pb.edu.pl\/sjo\/wp-json\/wp\/v2\/pages\/19710","targetHints":{"allow":["GET"]}}],"collection":[{"href":"https:\/\/pb.edu.pl\/sjo\/wp-json\/wp\/v2\/pages"}],"about":[{"href":"https:\/\/pb.edu.pl\/sjo\/wp-json\/wp\/v2\/types\/page"}],"author":[{"embeddable":true,"href":"https:\/\/pb.edu.pl\/sjo\/wp-json\/wp\/v2\/users\/6"}],"replies":[{"embeddable":true,"href":"https:\/\/pb.edu.pl\/sjo\/wp-json\/wp\/v2\/comments?post=19710"}],"version-history":[{"count":0,"href":"https:\/\/pb.edu.pl\/sjo\/wp-json\/wp\/v2\/pages\/19710\/revisions"}],"up":[{"embeddable":true,"href":"https:\/\/pb.edu.pl\/sjo\/wp-json\/wp\/v2\/pages\/6242"}],"wp:attachment":[{"href":"https:\/\/pb.edu.pl\/sjo\/wp-json\/wp\/v2\/media?parent=19710"}],"curies":[{"name":"wp","href":"https:\/\/api.w.org\/{rel}","templated":true}]}}