{"id":19617,"date":"2023-03-27T12:56:53","date_gmt":"2023-03-27T10:56:53","guid":{"rendered":"https:\/\/pb.edu.pl\/sjo\/?page_id=19617"},"modified":"2026-02-10T07:47:28","modified_gmt":"2026-02-10T06:47:28","slug":"zespoly","status":"publish","type":"page","link":"https:\/\/pb.edu.pl\/sjo\/o-nas\/zespoly\/","title":{"rendered":"Zespo\u0142y"},"content":{"rendered":"<p><img loading=\"lazy\" decoding=\"async\" class=\"alignnone wp-image-19653 size-large\" src=\"https:\/\/pb.edu.pl\/sjo\/wp-content\/uploads\/sites\/9\/2023\/03\/3-1-1024x183.png\" alt=\"\" width=\"1024\" height=\"183\" srcset=\"https:\/\/pb.edu.pl\/sjo\/wp-content\/uploads\/sites\/9\/2023\/03\/3-1-1024x183.png 1024w, https:\/\/pb.edu.pl\/sjo\/wp-content\/uploads\/sites\/9\/2023\/03\/3-1-300x54.png 300w, https:\/\/pb.edu.pl\/sjo\/wp-content\/uploads\/sites\/9\/2023\/03\/3-1-768x138.png 768w, https:\/\/pb.edu.pl\/sjo\/wp-content\/uploads\/sites\/9\/2023\/03\/3-1.png 1200w\" sizes=\"auto, (max-width: 1024px) 100vw, 1024px\" \/><\/p>\n<p><strong>Cz\u0142onkowie<\/strong>:<\/p>\n<p>mgr Dorota \u015aleszy\u0144ska &#8211; przewodnicz\u0105ca<\/p>\n<p>mgr Sylwia Dobkowska<br \/>\n&nbsp;<\/p>\n<p><img loading=\"lazy\" decoding=\"async\" class=\"alignnone wp-image-19651 size-large\" src=\"https:\/\/pb.edu.pl\/sjo\/wp-content\/uploads\/sites\/9\/2023\/03\/2-1-1024x183.png\" alt=\"\" width=\"1024\" height=\"183\" srcset=\"https:\/\/pb.edu.pl\/sjo\/wp-content\/uploads\/sites\/9\/2023\/03\/2-1-1024x183.png 1024w, https:\/\/pb.edu.pl\/sjo\/wp-content\/uploads\/sites\/9\/2023\/03\/2-1-300x54.png 300w, https:\/\/pb.edu.pl\/sjo\/wp-content\/uploads\/sites\/9\/2023\/03\/2-1-768x138.png 768w, https:\/\/pb.edu.pl\/sjo\/wp-content\/uploads\/sites\/9\/2023\/03\/2-1.png 1200w\" sizes=\"auto, (max-width: 1024px) 100vw, 1024px\" \/><\/p>\n<p><strong>Cz\u0142onkowie<\/strong>:<\/p>\n<p>mgr Ma\u0142gorzata Komarewska &#8211; przewodnicz\u0105ca<\/p>\n<p>dr Ma\u0142gorzata Ciereszko<\/p>\n<p>mgr Dorota Ostrowska<\/p>\n<p>dr Monika \u015aleszy\u0144ska<br \/>\n&nbsp;<\/p>\n<p><img loading=\"lazy\" decoding=\"async\" class=\"alignnone wp-image-19657 size-large\" src=\"https:\/\/pb.edu.pl\/sjo\/wp-content\/uploads\/sites\/9\/2024\/10\/5.png\" alt=\"\" width=\"1024\" height=\"183\"><\/p>\n<p>mgr Ma\u0142gorzata Komarewska<br \/>\n&nbsp;<\/p>\n<p><img loading=\"lazy\" decoding=\"async\" class=\"alignnone wp-image-19655 size-large\" src=\"https:\/\/pb.edu.pl\/sjo\/wp-content\/uploads\/sites\/9\/2023\/03\/4-1-1024x183.png\" alt=\"\" width=\"1024\" height=\"183\" srcset=\"https:\/\/pb.edu.pl\/sjo\/wp-content\/uploads\/sites\/9\/2023\/03\/4-1-1024x183.png 1024w, https:\/\/pb.edu.pl\/sjo\/wp-content\/uploads\/sites\/9\/2023\/03\/4-1-300x54.png 300w, https:\/\/pb.edu.pl\/sjo\/wp-content\/uploads\/sites\/9\/2023\/03\/4-1-768x138.png 768w, https:\/\/pb.edu.pl\/sjo\/wp-content\/uploads\/sites\/9\/2023\/03\/4-1.png 1200w\" sizes=\"auto, (max-width: 1024px) 100vw, 1024px\" \/><\/p>\n<p><strong>Cz\u0142onkowie<\/strong>:<\/p>\n<p>mgr Ma\u0142gorzata Komarewska &#8211; przewodnicz\u0105ca<\/p>\n<p>mgr Dorota Ostrowska<\/p>\n<p>dr Monika \u015aleszy\u0144ska<br \/>\n&nbsp;<\/p>\n<p><img loading=\"lazy\" decoding=\"async\" class=\"alignnone wp-image-19641 size-large\" src=\"https:\/\/pb.edu.pl\/sjo\/wp-content\/uploads\/sites\/9\/2023\/03\/Kopia-Pastelowy-Niebieski-i-Khaki-Skala-Zdjecie-Tabela-Porownawcza-1200\u00d7215-px-1024x183.png\" alt=\"\" width=\"1024\" height=\"183\" srcset=\"https:\/\/pb.edu.pl\/sjo\/wp-content\/uploads\/sites\/9\/2023\/03\/Kopia-Pastelowy-Niebieski-i-Khaki-Skala-Zdjecie-Tabela-Porownawcza-1200\u00d7215-px-1024x183.png 1024w, https:\/\/pb.edu.pl\/sjo\/wp-content\/uploads\/sites\/9\/2023\/03\/Kopia-Pastelowy-Niebieski-i-Khaki-Skala-Zdjecie-Tabela-Porownawcza-1200\u00d7215-px-300x54.png 300w, https:\/\/pb.edu.pl\/sjo\/wp-content\/uploads\/sites\/9\/2023\/03\/Kopia-Pastelowy-Niebieski-i-Khaki-Skala-Zdjecie-Tabela-Porownawcza-1200\u00d7215-px-768x138.png 768w, https:\/\/pb.edu.pl\/sjo\/wp-content\/uploads\/sites\/9\/2023\/03\/Kopia-Pastelowy-Niebieski-i-Khaki-Skala-Zdjecie-Tabela-Porownawcza-1200\u00d7215-px.png 1200w\" sizes=\"auto, (max-width: 1024px) 100vw, 1024px\" \/><\/p>\n<p>mgr Urszula Socho\u0144-Okruszko<br \/>\n&nbsp;<\/p>\n<p><img loading=\"lazy\" decoding=\"async\" class=\"alignnone wp-image-19641 size-large\" src=\"https:\/\/pb.edu.pl\/sjo\/wp-content\/uploads\/sites\/9\/2024\/10\/6.png\" alt=\"\" width=\"1024\" height=\"183\"><\/p>\n<p><strong>Cz\u0142onkowie<\/strong>:<\/p>\n<p>mgr Urszula Socho\u0144-Okruszko &#8211; przewodnicz\u0105ca<\/p>\n<p>mgr Joanna Nazarko<\/p>\n<p>&nbsp;<\/p>\n<p><img loading=\"lazy\" decoding=\"async\" class=\"alignnone wp-image-19641 size-large\" src=\"https:\/\/pb.edu.pl\/sjo\/wp-content\/uploads\/sites\/9\/2025\/02\/banner-zespol-BUP-1.png\" alt=\"\" width=\"1024\" height=\"183\"><\/p>\n<p><strong>Cz\u0142onkowie<\/strong>:<\/p>\n<p>mgr Aniela Staszewska &#8211; przewodnicz\u0105ca<\/p>\n<p>mgr Greta G\u0142owacka-Czarnopy\u015b<\/p>\n<p>&nbsp;<\/p>\n","protected":false},"excerpt":{"rendered":"<p>Cz\u0142onkowie: mgr Dorota \u015aleszy\u0144ska &#8211; przewodnicz\u0105ca mgr Sylwia Dobkowska &nbsp; Cz\u0142onkowie: mgr Ma\u0142gorzata Komarewska &#8211;<\/p>\n","protected":false},"author":38,"featured_media":0,"parent":14,"menu_order":0,"comment_status":"closed","ping_status":"closed","template":"","meta":{"_acf_changed":false,"ngg_post_thumbnail":0,"footnotes":""},"class_list":["post-19617","page","type-page","status-publish","hentry"],"acf":[],"yoast_head":"<!-- This site is optimized with the Yoast SEO plugin v27.0 - https:\/\/yoast.com\/product\/yoast-seo-wordpress\/ -->\n<title>Zespo\u0142y - Studium J\u0119zyk\u00f3w Obcych<\/title>\n<meta name=\"description\" content=\"Cz\u0142onkowie: mgr Dorota \u015aleszy\u0144ska - przewodnicz\u0105ca mgr Sylwia Dobkowska &nbsp; Cz\u0142onkowie: mgr Ma\u0142gorzata Komarewska - przewodnicz\u0105ca dr Ma\u0142gorzata\" \/>\n<meta name=\"robots\" content=\"index, follow, max-snippet:-1, max-image-preview:large, max-video-preview:-1\" \/>\n<link rel=\"canonical\" href=\"https:\/\/pb.edu.pl\/sjo\/o-nas\/zespoly\/\" \/>\n<meta property=\"og:locale\" content=\"pl_PL\" \/>\n<meta property=\"og:type\" content=\"article\" \/>\n<meta property=\"og:title\" content=\"Zespo\u0142y - Studium J\u0119zyk\u00f3w Obcych\" \/>\n<meta property=\"og:description\" content=\"Cz\u0142onkowie: mgr Dorota \u015aleszy\u0144ska - przewodnicz\u0105ca mgr Sylwia Dobkowska &nbsp; Cz\u0142onkowie: mgr Ma\u0142gorzata Komarewska - przewodnicz\u0105ca dr Ma\u0142gorzata\" \/>\n<meta property=\"og:url\" content=\"https:\/\/pb.edu.pl\/sjo\/o-nas\/zespoly\/\" \/>\n<meta property=\"og:site_name\" content=\"Studium J\u0119zyk\u00f3w Obcych\" \/>\n<meta property=\"article:modified_time\" content=\"2026-02-10T06:47:28+00:00\" \/>\n<meta property=\"og:image\" content=\"https:\/\/pb.edu.pl\/sjo\/wp-content\/uploads\/sites\/9\/2023\/03\/3-1.png\" \/>\n\t<meta property=\"og:image:width\" content=\"1200\" \/>\n\t<meta property=\"og:image:height\" content=\"215\" \/>\n\t<meta property=\"og:image:type\" content=\"image\/png\" \/>\n<meta name=\"twitter:label1\" content=\"Szacowany czas czytania\" \/>\n\t<meta name=\"twitter:data1\" content=\"2 minuty\" \/>\n<script type=\"application\/ld+json\" class=\"yoast-schema-graph\">{\"@context\":\"https:\/\/schema.org\",\"@graph\":[{\"@type\":\"WebPage\",\"@id\":\"https:\/\/pb.edu.pl\/sjo\/o-nas\/zespoly\/\",\"url\":\"https:\/\/pb.edu.pl\/sjo\/o-nas\/zespoly\/\",\"name\":\"Zespo\u0142y - Studium J\u0119zyk\u00f3w Obcych\",\"isPartOf\":{\"@id\":\"https:\/\/pb.edu.pl\/sjo\/#website\"},\"primaryImageOfPage\":{\"@id\":\"https:\/\/pb.edu.pl\/sjo\/o-nas\/zespoly\/#primaryimage\"},\"image\":{\"@id\":\"https:\/\/pb.edu.pl\/sjo\/o-nas\/zespoly\/#primaryimage\"},\"thumbnailUrl\":\"https:\/\/pb.edu.pl\/sjo\/wp-content\/uploads\/sites\/9\/2023\/03\/3-1-1024x183.png\",\"datePublished\":\"2023-03-27T10:56:53+00:00\",\"dateModified\":\"2026-02-10T06:47:28+00:00\",\"description\":\"Cz\u0142onkowie: mgr Dorota \u015aleszy\u0144ska - przewodnicz\u0105ca mgr Sylwia Dobkowska &nbsp; Cz\u0142onkowie: mgr Ma\u0142gorzata Komarewska - przewodnicz\u0105ca dr Ma\u0142gorzata\",\"breadcrumb\":{\"@id\":\"https:\/\/pb.edu.pl\/sjo\/o-nas\/zespoly\/#breadcrumb\"},\"inLanguage\":\"pl-PL\",\"potentialAction\":[{\"@type\":\"ReadAction\",\"target\":[\"https:\/\/pb.edu.pl\/sjo\/o-nas\/zespoly\/\"]}]},{\"@type\":\"ImageObject\",\"inLanguage\":\"pl-PL\",\"@id\":\"https:\/\/pb.edu.pl\/sjo\/o-nas\/zespoly\/#primaryimage\",\"url\":\"https:\/\/pb.edu.pl\/sjo\/wp-content\/uploads\/sites\/9\/2023\/03\/3-1.png\",\"contentUrl\":\"https:\/\/pb.edu.pl\/sjo\/wp-content\/uploads\/sites\/9\/2023\/03\/3-1.png\",\"width\":1200,\"height\":215},{\"@type\":\"BreadcrumbList\",\"@id\":\"https:\/\/pb.edu.pl\/sjo\/o-nas\/zespoly\/#breadcrumb\",\"itemListElement\":[{\"@type\":\"ListItem\",\"position\":1,\"name\":\"Home\",\"item\":\"https:\/\/pb.edu.pl\/sjo\/\"},{\"@type\":\"ListItem\",\"position\":2,\"name\":\"O nas\",\"item\":\"https:\/\/pb.edu.pl\/sjo\/o-nas\/\"},{\"@type\":\"ListItem\",\"position\":3,\"name\":\"Zespo\u0142y\"}]},{\"@type\":\"WebSite\",\"@id\":\"https:\/\/pb.edu.pl\/sjo\/#website\",\"url\":\"https:\/\/pb.edu.pl\/sjo\/\",\"name\":\"Studium J\u0119zyk\u00f3w Obcych\",\"description\":\"\",\"potentialAction\":[{\"@type\":\"SearchAction\",\"target\":{\"@type\":\"EntryPoint\",\"urlTemplate\":\"https:\/\/pb.edu.pl\/sjo\/?s={search_term_string}\"},\"query-input\":{\"@type\":\"PropertyValueSpecification\",\"valueRequired\":true,\"valueName\":\"search_term_string\"}}],\"inLanguage\":\"pl-PL\"}]}<\/script>\n<!-- \/ Yoast SEO plugin. -->","yoast_head_json":{"title":"Zespo\u0142y - Studium J\u0119zyk\u00f3w Obcych","description":"Cz\u0142onkowie: mgr Dorota \u015aleszy\u0144ska - przewodnicz\u0105ca mgr Sylwia Dobkowska &nbsp; Cz\u0142onkowie: mgr Ma\u0142gorzata Komarewska - przewodnicz\u0105ca dr Ma\u0142gorzata","robots":{"index":"index","follow":"follow","max-snippet":"max-snippet:-1","max-image-preview":"max-image-preview:large","max-video-preview":"max-video-preview:-1"},"canonical":"https:\/\/pb.edu.pl\/sjo\/o-nas\/zespoly\/","og_locale":"pl_PL","og_type":"article","og_title":"Zespo\u0142y - Studium J\u0119zyk\u00f3w Obcych","og_description":"Cz\u0142onkowie: mgr Dorota \u015aleszy\u0144ska - przewodnicz\u0105ca mgr Sylwia Dobkowska &nbsp; Cz\u0142onkowie: mgr Ma\u0142gorzata Komarewska - przewodnicz\u0105ca dr Ma\u0142gorzata","og_url":"https:\/\/pb.edu.pl\/sjo\/o-nas\/zespoly\/","og_site_name":"Studium J\u0119zyk\u00f3w Obcych","article_modified_time":"2026-02-10T06:47:28+00:00","og_image":[{"width":1200,"height":215,"url":"https:\/\/pb.edu.pl\/sjo\/wp-content\/uploads\/sites\/9\/2023\/03\/3-1.png","type":"image\/png"}],"twitter_misc":{"Szacowany czas czytania":"2 minuty"},"schema":{"@context":"https:\/\/schema.org","@graph":[{"@type":"WebPage","@id":"https:\/\/pb.edu.pl\/sjo\/o-nas\/zespoly\/","url":"https:\/\/pb.edu.pl\/sjo\/o-nas\/zespoly\/","name":"Zespo\u0142y - Studium J\u0119zyk\u00f3w Obcych","isPartOf":{"@id":"https:\/\/pb.edu.pl\/sjo\/#website"},"primaryImageOfPage":{"@id":"https:\/\/pb.edu.pl\/sjo\/o-nas\/zespoly\/#primaryimage"},"image":{"@id":"https:\/\/pb.edu.pl\/sjo\/o-nas\/zespoly\/#primaryimage"},"thumbnailUrl":"https:\/\/pb.edu.pl\/sjo\/wp-content\/uploads\/sites\/9\/2023\/03\/3-1-1024x183.png","datePublished":"2023-03-27T10:56:53+00:00","dateModified":"2026-02-10T06:47:28+00:00","description":"Cz\u0142onkowie: mgr Dorota \u015aleszy\u0144ska - przewodnicz\u0105ca mgr Sylwia Dobkowska &nbsp; Cz\u0142onkowie: mgr Ma\u0142gorzata Komarewska - przewodnicz\u0105ca dr Ma\u0142gorzata","breadcrumb":{"@id":"https:\/\/pb.edu.pl\/sjo\/o-nas\/zespoly\/#breadcrumb"},"inLanguage":"pl-PL","potentialAction":[{"@type":"ReadAction","target":["https:\/\/pb.edu.pl\/sjo\/o-nas\/zespoly\/"]}]},{"@type":"ImageObject","inLanguage":"pl-PL","@id":"https:\/\/pb.edu.pl\/sjo\/o-nas\/zespoly\/#primaryimage","url":"https:\/\/pb.edu.pl\/sjo\/wp-content\/uploads\/sites\/9\/2023\/03\/3-1.png","contentUrl":"https:\/\/pb.edu.pl\/sjo\/wp-content\/uploads\/sites\/9\/2023\/03\/3-1.png","width":1200,"height":215},{"@type":"BreadcrumbList","@id":"https:\/\/pb.edu.pl\/sjo\/o-nas\/zespoly\/#breadcrumb","itemListElement":[{"@type":"ListItem","position":1,"name":"Home","item":"https:\/\/pb.edu.pl\/sjo\/"},{"@type":"ListItem","position":2,"name":"O nas","item":"https:\/\/pb.edu.pl\/sjo\/o-nas\/"},{"@type":"ListItem","position":3,"name":"Zespo\u0142y"}]},{"@type":"WebSite","@id":"https:\/\/pb.edu.pl\/sjo\/#website","url":"https:\/\/pb.edu.pl\/sjo\/","name":"Studium J\u0119zyk\u00f3w Obcych","description":"","potentialAction":[{"@type":"SearchAction","target":{"@type":"EntryPoint","urlTemplate":"https:\/\/pb.edu.pl\/sjo\/?s={search_term_string}"},"query-input":{"@type":"PropertyValueSpecification","valueRequired":true,"valueName":"search_term_string"}}],"inLanguage":"pl-PL"}]}},"_links":{"self":[{"href":"https:\/\/pb.edu.pl\/sjo\/wp-json\/wp\/v2\/pages\/19617","targetHints":{"allow":["GET"]}}],"collection":[{"href":"https:\/\/pb.edu.pl\/sjo\/wp-json\/wp\/v2\/pages"}],"about":[{"href":"https:\/\/pb.edu.pl\/sjo\/wp-json\/wp\/v2\/types\/page"}],"author":[{"embeddable":true,"href":"https:\/\/pb.edu.pl\/sjo\/wp-json\/wp\/v2\/users\/38"}],"replies":[{"embeddable":true,"href":"https:\/\/pb.edu.pl\/sjo\/wp-json\/wp\/v2\/comments?post=19617"}],"version-history":[{"count":1,"href":"https:\/\/pb.edu.pl\/sjo\/wp-json\/wp\/v2\/pages\/19617\/revisions"}],"predecessor-version":[{"id":30632,"href":"https:\/\/pb.edu.pl\/sjo\/wp-json\/wp\/v2\/pages\/19617\/revisions\/30632"}],"up":[{"embeddable":true,"href":"https:\/\/pb.edu.pl\/sjo\/wp-json\/wp\/v2\/pages\/14"}],"wp:attachment":[{"href":"https:\/\/pb.edu.pl\/sjo\/wp-json\/wp\/v2\/media?parent=19617"}],"curies":[{"name":"wp","href":"https:\/\/api.w.org\/{rel}","templated":true}]}}