{"id":19547,"date":"2023-03-21T10:25:17","date_gmt":"2023-03-21T09:25:17","guid":{"rendered":"https:\/\/pb.edu.pl\/sjo\/?page_id=19547"},"modified":"2025-12-16T12:42:24","modified_gmt":"2025-12-16T11:42:24","slug":"program-tutorski","status":"publish","type":"page","link":"https:\/\/pb.edu.pl\/sjo\/projekty-2-2\/program-tutorski\/","title":{"rendered":"Program tutorski"},"content":{"rendered":"<div class=\"row\">\n<div class=\"col-md-3\">\n\t<div class=\"boxlink animated zoomIn \">\n\t\t<a href=\"https:\/\/pb.edu.pl\/sjo\/projekty-2-2\/program-tutorski\/baza-tutorow-sjo\/\" class=\"no-icon\">\n\t\t\t<div class=\"boxlink-title\"><span>Baza Tutor\u00f3w SJO<\/span><\/div>\n\t\t\t<div class=\"boxlink-content\">\n\t\t\t\t<img loading=\"lazy\" decoding=\"async\" class=\"aligncenter wp-image-29691 size-full\" src=\"https:\/\/pb.edu.pl\/sjo\/wp-content\/uploads\/sites\/9\/2025\/09\/baza-tutorow-SJO-kafelek.png\" alt=\"\" width=\"799\" height=\"533\" srcset=\"https:\/\/pb.edu.pl\/sjo\/wp-content\/uploads\/sites\/9\/2025\/09\/baza-tutorow-SJO-kafelek.png 799w, https:\/\/pb.edu.pl\/sjo\/wp-content\/uploads\/sites\/9\/2025\/09\/baza-tutorow-SJO-kafelek-300x200.png 300w, https:\/\/pb.edu.pl\/sjo\/wp-content\/uploads\/sites\/9\/2025\/09\/baza-tutorow-SJO-kafelek-768x512.png 768w, https:\/\/pb.edu.pl\/sjo\/wp-content\/uploads\/sites\/9\/2025\/09\/baza-tutorow-SJO-kafelek-480x320.png 480w\" sizes=\"auto, (max-width: 799px) 100vw, 799px\" \/>\t\t\t<\/div>\n\t\t<\/a>\n\t<\/div>\n\n<\/div>\n<div class=\"col-md-3\">\n\t<div class=\"boxlink animated zoomIn \">\n\t\t<a href=\"https:\/\/pb.edu.pl\/sjo\/projekty-2-2\/program-tutorski\/tutoring\/\" class=\"no-icon\">\n\t\t\t<div class=\"boxlink-title\"><span>Tutoring<\/span><\/div>\n\t\t\t<div class=\"boxlink-content\">\n\t\t\t\t<img loading=\"lazy\" decoding=\"async\" class=\"aligncenter wp-image-29693 size-full\" src=\"https:\/\/pb.edu.pl\/sjo\/wp-content\/uploads\/sites\/9\/2025\/09\/tutoring-kafelek-GPT-U.-Okruszko.png\" alt=\"\" width=\"799\" height=\"533\" srcset=\"https:\/\/pb.edu.pl\/sjo\/wp-content\/uploads\/sites\/9\/2025\/09\/tutoring-kafelek-GPT-U.-Okruszko.png 799w, https:\/\/pb.edu.pl\/sjo\/wp-content\/uploads\/sites\/9\/2025\/09\/tutoring-kafelek-GPT-U.-Okruszko-300x200.png 300w, https:\/\/pb.edu.pl\/sjo\/wp-content\/uploads\/sites\/9\/2025\/09\/tutoring-kafelek-GPT-U.-Okruszko-768x512.png 768w, https:\/\/pb.edu.pl\/sjo\/wp-content\/uploads\/sites\/9\/2025\/09\/tutoring-kafelek-GPT-U.-Okruszko-480x320.png 480w\" sizes=\"auto, (max-width: 799px) 100vw, 799px\" \/>\t\t\t<\/div>\n\t\t<\/a>\n\t<\/div>\n\n<\/div>\n<div class=\"col-md-3\">\n\t<div class=\"boxlink animated zoomIn \">\n\t\t<a href=\"https:\/\/pb.edu.pl\/sjo\/projekty-2-2\/program-tutorski\/herbatka-z-tutorem\/\" class=\"no-icon\">\n\t\t\t<div class=\"boxlink-title\"><span>Herbatka z tutorem<\/span><\/div>\n\t\t\t<div class=\"boxlink-content\">\n\t\t\t\t<img loading=\"lazy\" decoding=\"async\" class=\"aligncenter wp-image-10611 size-full\" src=\"https:\/\/pb.edu.pl\/sjo\/wp-content\/uploads\/sites\/9\/2025\/10\/resized_image-1.png\" alt=\"\" width=\"799\" height=\"533\">\t\t\t<\/div>\n\t\t<\/a>\n\t<\/div>\n\n<\/div>\n<div class=\"col-md-3\">\n\t<div class=\"boxlink animated zoomIn \">\n\t\t<a href=\"https:\/\/pb.edu.pl\/sjo\/projekty-2-2\/program-tutorski\/szkolenia\/\" class=\"no-icon\">\n\t\t\t<div class=\"boxlink-title\"><span>Szkolenia<\/span><\/div>\n\t\t\t<div class=\"boxlink-content\">\n\t\t\t\t<img loading=\"lazy\" decoding=\"async\" class=\"aligncenter wp-image-10611 size-full\" src=\"https:\/\/pb.edu.pl\/sjo\/wp-content\/uploads\/sites\/9\/2025\/10\/workshop_scene.png\" alt=\"\" width=\"799\" height=\"533\">\t\t\t<\/div>\n\t\t<\/a>\n\t<\/div>\n\n<\/div>\n<\/div>\n<div class=\"row\">\n<div class=\"col-md-3\">\n<\/div>\n<div class=\"col-md-6\">\n<img decoding=\"async\" class=\"alignnone size-medium wp-image-21374\" src=\"https:\/\/pb.edu.pl\/sjo\/wp-content\/uploads\/sites\/9\/2023\/10\/aktualnosci-bup-960-x-80-px.png\" alt=\"\"><br \/>\n<\/div>\n<\/div>\n<div class=\"row\">\n<div class=\"col-md-3\">\n02-10-2025 <a title=\"\" href=\"https:\/\/pb.edu.pl\/sjo\/2025\/10\/03\/wykladowczynie-sjo-na-xii-ogolnopolskim-kongresie-tutoringu\/\">Wyk\u0142adowczynie SJO na XII Og\u00f3lnopolskim Kongresie Tutoringu<\/a><br \/>\n&nbsp;<br \/>\n27-10-2023 <a title=\"\" href=\"https:\/\/pb.edu.pl\/sjo\/2023\/10\/27\/22561\/\"> Ruszamy z now\u0105 seri\u0105 spotka\u0144<\/a><br \/>\n&nbsp;<br \/>\n17-08-2023 <a title=\"\" href=\"https:\/\/pb.edu.pl\/sjo\/2023\/08\/17\/21418\/\">Kolejni tutorzy w SJO<\/a><br \/>\n&nbsp;<br \/>\n19-07-2023 <a href=\"https:\/\/pb.edu.pl\/sjo\/2023\/07\/19\/opinie-uczestnikow-o-programie-tutorskim-w-sjo\/\">Opinie uczestnik\u00f3w o Programie Tutorskim w SJO<\/a><br \/>\n<\/div>\n<div class=\"col-md-3\">\n08-03-2023 <a href=\"https:\/\/pb.edu.pl\/sjo\/2023\/03\/08\/nietypowa-lekcja-angielskiego-prosze-bardzo\/\">Nietypowa lekcja angielskiego? Prosz\u0119 bardzo!<\/a><br \/>\n&nbsp;<br \/>\n13-07-2022 <a href=\"https:\/\/pb.edu.pl\/sjo\/2022\/07\/13\/zakonczyl-sie-program-tutorski-na-pb\/\">Zako\u0144czy\u0142 si\u0119 Program Tutorski na PB<\/a><br \/>\n&nbsp;<br \/>\n21-05-2021 <a href=\"https:\/\/pb.edu.pl\/sjo\/2021\/05\/21\/tutoring\/\">Tutoring<\/a><br \/>\n&nbsp;<br \/>\n28-09-2020 <a href=\"https:\/\/pb.edu.pl\/sjo\/2020\/09\/28\/szkola-tutorow-akademickich\/\">Szko\u0142a Tutor\u00f3w Akademickich<\/a><br \/>\n<\/div>\n<div class=\"col-md-3\">\n<\/div>\n<div class=\"col-md-3\">\n<\/div>\n<\/div>\n","protected":false},"excerpt":{"rendered":"","protected":false},"author":6,"featured_media":0,"parent":11674,"menu_order":0,"comment_status":"closed","ping_status":"closed","template":"","meta":{"_acf_changed":false,"ngg_post_thumbnail":0,"footnotes":""},"class_list":["post-19547","page","type-page","status-publish","hentry"],"acf":[],"yoast_head":"<!-- This site is optimized with the Yoast SEO plugin v27.0 - https:\/\/yoast.com\/product\/yoast-seo-wordpress\/ -->\n<title>Program tutorski - Studium J\u0119zyk\u00f3w Obcych<\/title>\n<meta name=\"robots\" content=\"index, follow, max-snippet:-1, max-image-preview:large, max-video-preview:-1\" \/>\n<link rel=\"canonical\" href=\"https:\/\/pb.edu.pl\/sjo\/projekty-2-2\/program-tutorski\/\" \/>\n<meta property=\"og:locale\" content=\"pl_PL\" \/>\n<meta property=\"og:type\" content=\"article\" \/>\n<meta property=\"og:title\" content=\"Program tutorski - Studium J\u0119zyk\u00f3w Obcych\" \/>\n<meta property=\"og:url\" content=\"https:\/\/pb.edu.pl\/sjo\/projekty-2-2\/program-tutorski\/\" \/>\n<meta property=\"og:site_name\" content=\"Studium J\u0119zyk\u00f3w Obcych\" \/>\n<meta property=\"article:modified_time\" content=\"2025-12-16T11:42:24+00:00\" \/>\n<meta property=\"og:image\" content=\"https:\/\/pb.edu.pl\/sjo\/wp-content\/uploads\/sites\/9\/2025\/09\/baza-tutorow-SJO-kafelek.png\" \/>\n\t<meta property=\"og:image:width\" content=\"799\" \/>\n\t<meta property=\"og:image:height\" content=\"533\" \/>\n\t<meta property=\"og:image:type\" content=\"image\/png\" \/>\n<meta name=\"twitter:label1\" content=\"Szacowany czas czytania\" \/>\n\t<meta name=\"twitter:data1\" content=\"2 minuty\" \/>\n<script type=\"application\/ld+json\" class=\"yoast-schema-graph\">{\"@context\":\"https:\/\/schema.org\",\"@graph\":[{\"@type\":\"WebPage\",\"@id\":\"https:\/\/pb.edu.pl\/sjo\/projekty-2-2\/program-tutorski\/\",\"url\":\"https:\/\/pb.edu.pl\/sjo\/projekty-2-2\/program-tutorski\/\",\"name\":\"Program tutorski - Studium J\u0119zyk\u00f3w Obcych\",\"isPartOf\":{\"@id\":\"https:\/\/pb.edu.pl\/sjo\/#website\"},\"primaryImageOfPage\":{\"@id\":\"https:\/\/pb.edu.pl\/sjo\/projekty-2-2\/program-tutorski\/#primaryimage\"},\"image\":{\"@id\":\"https:\/\/pb.edu.pl\/sjo\/projekty-2-2\/program-tutorski\/#primaryimage\"},\"thumbnailUrl\":\"https:\/\/pb.edu.pl\/sjo\/wp-content\/uploads\/sites\/9\/2025\/09\/baza-tutorow-SJO-kafelek.png\",\"datePublished\":\"2023-03-21T09:25:17+00:00\",\"dateModified\":\"2025-12-16T11:42:24+00:00\",\"breadcrumb\":{\"@id\":\"https:\/\/pb.edu.pl\/sjo\/projekty-2-2\/program-tutorski\/#breadcrumb\"},\"inLanguage\":\"pl-PL\",\"potentialAction\":[{\"@type\":\"ReadAction\",\"target\":[\"https:\/\/pb.edu.pl\/sjo\/projekty-2-2\/program-tutorski\/\"]}]},{\"@type\":\"ImageObject\",\"inLanguage\":\"pl-PL\",\"@id\":\"https:\/\/pb.edu.pl\/sjo\/projekty-2-2\/program-tutorski\/#primaryimage\",\"url\":\"https:\/\/pb.edu.pl\/sjo\/wp-content\/uploads\/sites\/9\/2025\/09\/baza-tutorow-SJO-kafelek.png\",\"contentUrl\":\"https:\/\/pb.edu.pl\/sjo\/wp-content\/uploads\/sites\/9\/2025\/09\/baza-tutorow-SJO-kafelek.png\",\"width\":799,\"height\":533},{\"@type\":\"BreadcrumbList\",\"@id\":\"https:\/\/pb.edu.pl\/sjo\/projekty-2-2\/program-tutorski\/#breadcrumb\",\"itemListElement\":[{\"@type\":\"ListItem\",\"position\":1,\"name\":\"Home\",\"item\":\"https:\/\/pb.edu.pl\/sjo\/\"},{\"@type\":\"ListItem\",\"position\":2,\"name\":\"Projekty\",\"item\":\"https:\/\/pb.edu.pl\/sjo\/projekty-2-2\/\"},{\"@type\":\"ListItem\",\"position\":3,\"name\":\"Program tutorski\"}]},{\"@type\":\"WebSite\",\"@id\":\"https:\/\/pb.edu.pl\/sjo\/#website\",\"url\":\"https:\/\/pb.edu.pl\/sjo\/\",\"name\":\"Studium J\u0119zyk\u00f3w Obcych\",\"description\":\"\",\"potentialAction\":[{\"@type\":\"SearchAction\",\"target\":{\"@type\":\"EntryPoint\",\"urlTemplate\":\"https:\/\/pb.edu.pl\/sjo\/?s={search_term_string}\"},\"query-input\":{\"@type\":\"PropertyValueSpecification\",\"valueRequired\":true,\"valueName\":\"search_term_string\"}}],\"inLanguage\":\"pl-PL\"}]}<\/script>\n<!-- \/ Yoast SEO plugin. -->","yoast_head_json":{"title":"Program tutorski - Studium J\u0119zyk\u00f3w Obcych","robots":{"index":"index","follow":"follow","max-snippet":"max-snippet:-1","max-image-preview":"max-image-preview:large","max-video-preview":"max-video-preview:-1"},"canonical":"https:\/\/pb.edu.pl\/sjo\/projekty-2-2\/program-tutorski\/","og_locale":"pl_PL","og_type":"article","og_title":"Program tutorski - Studium J\u0119zyk\u00f3w Obcych","og_url":"https:\/\/pb.edu.pl\/sjo\/projekty-2-2\/program-tutorski\/","og_site_name":"Studium J\u0119zyk\u00f3w Obcych","article_modified_time":"2025-12-16T11:42:24+00:00","og_image":[{"width":799,"height":533,"url":"https:\/\/pb.edu.pl\/sjo\/wp-content\/uploads\/sites\/9\/2025\/09\/baza-tutorow-SJO-kafelek.png","type":"image\/png"}],"twitter_misc":{"Szacowany czas czytania":"2 minuty"},"schema":{"@context":"https:\/\/schema.org","@graph":[{"@type":"WebPage","@id":"https:\/\/pb.edu.pl\/sjo\/projekty-2-2\/program-tutorski\/","url":"https:\/\/pb.edu.pl\/sjo\/projekty-2-2\/program-tutorski\/","name":"Program tutorski - Studium J\u0119zyk\u00f3w Obcych","isPartOf":{"@id":"https:\/\/pb.edu.pl\/sjo\/#website"},"primaryImageOfPage":{"@id":"https:\/\/pb.edu.pl\/sjo\/projekty-2-2\/program-tutorski\/#primaryimage"},"image":{"@id":"https:\/\/pb.edu.pl\/sjo\/projekty-2-2\/program-tutorski\/#primaryimage"},"thumbnailUrl":"https:\/\/pb.edu.pl\/sjo\/wp-content\/uploads\/sites\/9\/2025\/09\/baza-tutorow-SJO-kafelek.png","datePublished":"2023-03-21T09:25:17+00:00","dateModified":"2025-12-16T11:42:24+00:00","breadcrumb":{"@id":"https:\/\/pb.edu.pl\/sjo\/projekty-2-2\/program-tutorski\/#breadcrumb"},"inLanguage":"pl-PL","potentialAction":[{"@type":"ReadAction","target":["https:\/\/pb.edu.pl\/sjo\/projekty-2-2\/program-tutorski\/"]}]},{"@type":"ImageObject","inLanguage":"pl-PL","@id":"https:\/\/pb.edu.pl\/sjo\/projekty-2-2\/program-tutorski\/#primaryimage","url":"https:\/\/pb.edu.pl\/sjo\/wp-content\/uploads\/sites\/9\/2025\/09\/baza-tutorow-SJO-kafelek.png","contentUrl":"https:\/\/pb.edu.pl\/sjo\/wp-content\/uploads\/sites\/9\/2025\/09\/baza-tutorow-SJO-kafelek.png","width":799,"height":533},{"@type":"BreadcrumbList","@id":"https:\/\/pb.edu.pl\/sjo\/projekty-2-2\/program-tutorski\/#breadcrumb","itemListElement":[{"@type":"ListItem","position":1,"name":"Home","item":"https:\/\/pb.edu.pl\/sjo\/"},{"@type":"ListItem","position":2,"name":"Projekty","item":"https:\/\/pb.edu.pl\/sjo\/projekty-2-2\/"},{"@type":"ListItem","position":3,"name":"Program tutorski"}]},{"@type":"WebSite","@id":"https:\/\/pb.edu.pl\/sjo\/#website","url":"https:\/\/pb.edu.pl\/sjo\/","name":"Studium J\u0119zyk\u00f3w Obcych","description":"","potentialAction":[{"@type":"SearchAction","target":{"@type":"EntryPoint","urlTemplate":"https:\/\/pb.edu.pl\/sjo\/?s={search_term_string}"},"query-input":{"@type":"PropertyValueSpecification","valueRequired":true,"valueName":"search_term_string"}}],"inLanguage":"pl-PL"}]}},"_links":{"self":[{"href":"https:\/\/pb.edu.pl\/sjo\/wp-json\/wp\/v2\/pages\/19547","targetHints":{"allow":["GET"]}}],"collection":[{"href":"https:\/\/pb.edu.pl\/sjo\/wp-json\/wp\/v2\/pages"}],"about":[{"href":"https:\/\/pb.edu.pl\/sjo\/wp-json\/wp\/v2\/types\/page"}],"author":[{"embeddable":true,"href":"https:\/\/pb.edu.pl\/sjo\/wp-json\/wp\/v2\/users\/6"}],"replies":[{"embeddable":true,"href":"https:\/\/pb.edu.pl\/sjo\/wp-json\/wp\/v2\/comments?post=19547"}],"version-history":[{"count":0,"href":"https:\/\/pb.edu.pl\/sjo\/wp-json\/wp\/v2\/pages\/19547\/revisions"}],"up":[{"embeddable":true,"href":"https:\/\/pb.edu.pl\/sjo\/wp-json\/wp\/v2\/pages\/11674"}],"wp:attachment":[{"href":"https:\/\/pb.edu.pl\/sjo\/wp-json\/wp\/v2\/media?parent=19547"}],"curies":[{"name":"wp","href":"https:\/\/api.w.org\/{rel}","templated":true}]}}