{"id":19176,"date":"2023-02-27T11:55:44","date_gmt":"2023-02-27T10:55:44","guid":{"rendered":"https:\/\/pb.edu.pl\/sjo\/?page_id=19176"},"modified":"2024-01-02T15:56:30","modified_gmt":"2024-01-02T14:56:30","slug":"baltic-university-programme","status":"publish","type":"page","link":"https:\/\/pb.edu.pl\/sjo\/projekty-2-2\/baltic-university-programme\/","title":{"rendered":"Baltic University Programme"},"content":{"rendered":"<div class=\"image\"><a href=\"https:\/\/ig.ft.com\/climate-game\/\" target=\"_blank\" rel=\"noopener noreferrer\"><img decoding=\"async\" class=\"alignleft\" src=\"https:\/\/pb.edu.pl\/sjo\/wp-content\/uploads\/sites\/9\/2023\/12\/2-1.png\" alt=\"\"><\/a><\/div>\n<div class=\"image\"><a href=\"https:\/\/pb.edu.pl\/sjo\/projekty-2-2\/baltic-university-programme\/bup\/\" rel=\"noopener\"><img loading=\"lazy\" decoding=\"async\" class=\"alignleft\" src=\"https:\/\/pb.edu.pl\/sjo\/wp-content\/uploads\/sites\/9\/2023\/12\/1-2.png\" alt=\"\" width=\"4309\" height=\"246\"><\/a><\/div>\n<p>Politechnika Bia\u0142ostocka jest cz\u0119\u015bci\u0105 sieci 90 uczelni z ca\u0142ego regionu Morza Ba\u0142tyckiego &#8211; <a href=\"https:\/\/www.balticuniv.uu.se\/?languageId=1\">Baltic University Programme<\/a>.<\/p>\n<p>Celem sieci jest <strong>wspieranie wsp\u00f3\u0142pracy w zakresie edukacji i bada\u0144 w zakresie zr\u00f3wnowa\u017conego rozwoju i demokracji.<\/strong> Sie\u0107 d\u0105\u017cy do znalezienia nowych sposob\u00f3w interakcji mi\u0119dzy uniwersytetami oraz mi\u0119dzy uniwersytetami a spo\u0142ecze\u0144stwem. Cele organizacji mo\u017cna podsumowa\u0107 jako:<\/p>\n<h2>Ocali\u0107 Ba\u0142tyk, Po\u0142\u0105czy\u0107 region i Zwi\u0119kszy\u0107 Dobrobyt.<\/h2>\n<p>&nbsp;<\/p>\n<p>Dziesi\u0119\u0107 temat\u00f3w badawczych, na kt\u00f3rych koncentruje si\u0119 BUP, obejmuje:<\/p>\n<p>1. Zmiany klimatyczne<\/p>\n<p>2. Systemy energetyczne<\/p>\n<p>3. Zr\u00f3wnowa\u017cone spo\u0142ecze\u0144stwa<\/p>\n<p>4. Zr\u00f3wnowa\u017cone zasoby wodne<\/p>\n<p>5. Rozw\u00f3j obszar\u00f3w wiejskich<\/p>\n<p>6. Zr\u00f3wnowa\u017cona mobilno\u015b\u0107<\/p>\n<p>7. Gospodarka o obiegu zamkni\u0119tym<\/p>\n<p>8. Zr\u00f3wnowa\u017cona turystyka<\/p>\n<p>9. Edukacja na rzecz zr\u00f3wnowa\u017conego rozwoju<\/p>\n<p>10. Zr\u00f3wnowa\u017cone systemy \u017cywno\u015bciowe<\/p>\n<p>Przeczytaj wi\u0119cej o <a href=\"https:\/\/www.balticuniv.uu.se\/about-us\/themes\/\">tematach badawczych BUP.<\/a><\/p>\n<p>&nbsp;<\/p>\n<p>Zach\u0119camy do przy\u0142\u0105czenia si\u0119 do sieci badawczej BUP, dodaj\u0105c swoje prolife na stronie internetowej BUP w swojej dziedzinie bada\u0144.<\/p>\n<p>Poznaj <a href=\"https:\/\/www.balticuniv.uu.se\/about-us\/participating-universities\/\">uczelnie, kt\u00f3re s\u0105 cz\u0119\u015bci\u0105 Baltic University Programme<\/a>.<\/p>\n<p>Program jest koordynowany przez Uniwersytet w Uppsali w Szwecji. Krajowe Centra BUP zajmuj\u0105 si\u0119 koordynacj\u0105 sieci i interakcj\u0105 student\u00f3w w ka\u017cdym kraju BUP.<\/p>\n<p><a href=\"https:\/\/pb.edu.pl\/sjo\/2023\/02\/14\/wykladowca-jezyka-angielskiego-z-sjo-pelnomocnikiem-rektora-pb-ds-baltic-university-programme\/\">Pe\u0142nomocnikiem Rektora ds. Baltic University Programme na PB<\/a> jest mgr Aniela Staszewska <a href=\"#\" rel=\"nofollow\"  onclick=\"this.href='mailto:' + 'a.staszewska' + '@' + 'pb.edu.pl '\">a.staszewska [at] pb.edu.pl <\/a>.<\/p>\n<div class=\"embed-responsive embed-responsive-16by9\"><iframe loading=\"lazy\" title=\"Presentation of the BUP\" width=\"500\" height=\"281\" src=\"https:\/\/www.youtube.com\/embed\/kC0kFOsu8lA?feature=oembed\" frameborder=\"0\" allow=\"accelerometer; autoplay; clipboard-write; encrypted-media; gyroscope; picture-in-picture; web-share\" referrerpolicy=\"strict-origin-when-cross-origin\" allowfullscreen><\/iframe><\/div>\n","protected":false},"excerpt":{"rendered":"<p>Politechnika Bia\u0142ostocka jest cz\u0119\u015bci\u0105 sieci 90 uczelni z ca\u0142ego regionu Morza Ba\u0142tyckiego &#8211; Baltic University<\/p>\n","protected":false},"author":6,"featured_media":0,"parent":11674,"menu_order":0,"comment_status":"closed","ping_status":"closed","template":"","meta":{"_acf_changed":false,"ngg_post_thumbnail":0,"footnotes":""},"class_list":["post-19176","page","type-page","status-publish","hentry"],"acf":[],"yoast_head":"<!-- This site is optimized with the Yoast SEO plugin v27.0 - https:\/\/yoast.com\/product\/yoast-seo-wordpress\/ -->\n<title>Baltic University Programme - Studium J\u0119zyk\u00f3w Obcych<\/title>\n<meta name=\"description\" content=\"Politechnika Bia\u0142ostocka jest cz\u0119\u015bci\u0105 sieci 90 uczelni z ca\u0142ego regionu Morza Ba\u0142tyckiego - Baltic University Programme. Celem sieci jest wspieranie\" \/>\n<meta name=\"robots\" content=\"index, follow, max-snippet:-1, max-image-preview:large, max-video-preview:-1\" \/>\n<link rel=\"canonical\" href=\"https:\/\/pb.edu.pl\/sjo\/projekty-2-2\/baltic-university-programme\/\" \/>\n<meta property=\"og:locale\" content=\"pl_PL\" \/>\n<meta property=\"og:type\" content=\"article\" \/>\n<meta property=\"og:title\" content=\"Baltic University Programme - Studium J\u0119zyk\u00f3w Obcych\" \/>\n<meta property=\"og:description\" content=\"Politechnika Bia\u0142ostocka jest cz\u0119\u015bci\u0105 sieci 90 uczelni z ca\u0142ego regionu Morza Ba\u0142tyckiego - Baltic University Programme. Celem sieci jest wspieranie\" \/>\n<meta property=\"og:url\" content=\"https:\/\/pb.edu.pl\/sjo\/projekty-2-2\/baltic-university-programme\/\" \/>\n<meta property=\"og:site_name\" content=\"Studium J\u0119zyk\u00f3w Obcych\" \/>\n<meta property=\"article:modified_time\" content=\"2024-01-02T14:56:30+00:00\" \/>\n<meta property=\"og:image\" content=\"https:\/\/pb.edu.pl\/sjo\/wp-content\/uploads\/sites\/9\/2023\/12\/2-1.png\" \/>\n<meta name=\"twitter:label1\" content=\"Szacowany czas czytania\" \/>\n\t<meta name=\"twitter:data1\" content=\"2 minuty\" \/>\n<script type=\"application\/ld+json\" class=\"yoast-schema-graph\">{\"@context\":\"https:\/\/schema.org\",\"@graph\":[{\"@type\":\"WebPage\",\"@id\":\"https:\/\/pb.edu.pl\/sjo\/projekty-2-2\/baltic-university-programme\/\",\"url\":\"https:\/\/pb.edu.pl\/sjo\/projekty-2-2\/baltic-university-programme\/\",\"name\":\"Baltic University Programme - Studium J\u0119zyk\u00f3w Obcych\",\"isPartOf\":{\"@id\":\"https:\/\/pb.edu.pl\/sjo\/#website\"},\"primaryImageOfPage\":{\"@id\":\"https:\/\/pb.edu.pl\/sjo\/projekty-2-2\/baltic-university-programme\/#primaryimage\"},\"image\":{\"@id\":\"https:\/\/pb.edu.pl\/sjo\/projekty-2-2\/baltic-university-programme\/#primaryimage\"},\"thumbnailUrl\":\"https:\/\/pb.edu.pl\/sjo\/wp-content\/uploads\/sites\/9\/2023\/12\/2-1.png\",\"datePublished\":\"2023-02-27T10:55:44+00:00\",\"dateModified\":\"2024-01-02T14:56:30+00:00\",\"description\":\"Politechnika Bia\u0142ostocka jest cz\u0119\u015bci\u0105 sieci 90 uczelni z ca\u0142ego regionu Morza Ba\u0142tyckiego - Baltic University Programme. Celem sieci jest wspieranie\",\"breadcrumb\":{\"@id\":\"https:\/\/pb.edu.pl\/sjo\/projekty-2-2\/baltic-university-programme\/#breadcrumb\"},\"inLanguage\":\"pl-PL\",\"potentialAction\":[{\"@type\":\"ReadAction\",\"target\":[\"https:\/\/pb.edu.pl\/sjo\/projekty-2-2\/baltic-university-programme\/\"]}]},{\"@type\":\"ImageObject\",\"inLanguage\":\"pl-PL\",\"@id\":\"https:\/\/pb.edu.pl\/sjo\/projekty-2-2\/baltic-university-programme\/#primaryimage\",\"url\":\"https:\/\/pb.edu.pl\/sjo\/wp-content\/uploads\/sites\/9\/2023\/12\/2-1.png\",\"contentUrl\":\"https:\/\/pb.edu.pl\/sjo\/wp-content\/uploads\/sites\/9\/2023\/12\/2-1.png\",\"width\":4309,\"height\":246},{\"@type\":\"BreadcrumbList\",\"@id\":\"https:\/\/pb.edu.pl\/sjo\/projekty-2-2\/baltic-university-programme\/#breadcrumb\",\"itemListElement\":[{\"@type\":\"ListItem\",\"position\":1,\"name\":\"Home\",\"item\":\"https:\/\/pb.edu.pl\/sjo\/\"},{\"@type\":\"ListItem\",\"position\":2,\"name\":\"Projekty\",\"item\":\"https:\/\/pb.edu.pl\/sjo\/projekty-2-2\/\"},{\"@type\":\"ListItem\",\"position\":3,\"name\":\"Baltic University Programme\"}]},{\"@type\":\"WebSite\",\"@id\":\"https:\/\/pb.edu.pl\/sjo\/#website\",\"url\":\"https:\/\/pb.edu.pl\/sjo\/\",\"name\":\"Studium J\u0119zyk\u00f3w Obcych\",\"description\":\"\",\"potentialAction\":[{\"@type\":\"SearchAction\",\"target\":{\"@type\":\"EntryPoint\",\"urlTemplate\":\"https:\/\/pb.edu.pl\/sjo\/?s={search_term_string}\"},\"query-input\":{\"@type\":\"PropertyValueSpecification\",\"valueRequired\":true,\"valueName\":\"search_term_string\"}}],\"inLanguage\":\"pl-PL\"}]}<\/script>\n<!-- \/ Yoast SEO plugin. -->","yoast_head_json":{"title":"Baltic University Programme - Studium J\u0119zyk\u00f3w Obcych","description":"Politechnika Bia\u0142ostocka jest cz\u0119\u015bci\u0105 sieci 90 uczelni z ca\u0142ego regionu Morza Ba\u0142tyckiego - Baltic University Programme. Celem sieci jest wspieranie","robots":{"index":"index","follow":"follow","max-snippet":"max-snippet:-1","max-image-preview":"max-image-preview:large","max-video-preview":"max-video-preview:-1"},"canonical":"https:\/\/pb.edu.pl\/sjo\/projekty-2-2\/baltic-university-programme\/","og_locale":"pl_PL","og_type":"article","og_title":"Baltic University Programme - Studium J\u0119zyk\u00f3w Obcych","og_description":"Politechnika Bia\u0142ostocka jest cz\u0119\u015bci\u0105 sieci 90 uczelni z ca\u0142ego regionu Morza Ba\u0142tyckiego - Baltic University Programme. Celem sieci jest wspieranie","og_url":"https:\/\/pb.edu.pl\/sjo\/projekty-2-2\/baltic-university-programme\/","og_site_name":"Studium J\u0119zyk\u00f3w Obcych","article_modified_time":"2024-01-02T14:56:30+00:00","og_image":[{"url":"https:\/\/pb.edu.pl\/sjo\/wp-content\/uploads\/sites\/9\/2023\/12\/2-1.png","type":"","width":"","height":""}],"twitter_misc":{"Szacowany czas czytania":"2 minuty"},"schema":{"@context":"https:\/\/schema.org","@graph":[{"@type":"WebPage","@id":"https:\/\/pb.edu.pl\/sjo\/projekty-2-2\/baltic-university-programme\/","url":"https:\/\/pb.edu.pl\/sjo\/projekty-2-2\/baltic-university-programme\/","name":"Baltic University Programme - Studium J\u0119zyk\u00f3w Obcych","isPartOf":{"@id":"https:\/\/pb.edu.pl\/sjo\/#website"},"primaryImageOfPage":{"@id":"https:\/\/pb.edu.pl\/sjo\/projekty-2-2\/baltic-university-programme\/#primaryimage"},"image":{"@id":"https:\/\/pb.edu.pl\/sjo\/projekty-2-2\/baltic-university-programme\/#primaryimage"},"thumbnailUrl":"https:\/\/pb.edu.pl\/sjo\/wp-content\/uploads\/sites\/9\/2023\/12\/2-1.png","datePublished":"2023-02-27T10:55:44+00:00","dateModified":"2024-01-02T14:56:30+00:00","description":"Politechnika Bia\u0142ostocka jest cz\u0119\u015bci\u0105 sieci 90 uczelni z ca\u0142ego regionu Morza Ba\u0142tyckiego - Baltic University Programme. Celem sieci jest wspieranie","breadcrumb":{"@id":"https:\/\/pb.edu.pl\/sjo\/projekty-2-2\/baltic-university-programme\/#breadcrumb"},"inLanguage":"pl-PL","potentialAction":[{"@type":"ReadAction","target":["https:\/\/pb.edu.pl\/sjo\/projekty-2-2\/baltic-university-programme\/"]}]},{"@type":"ImageObject","inLanguage":"pl-PL","@id":"https:\/\/pb.edu.pl\/sjo\/projekty-2-2\/baltic-university-programme\/#primaryimage","url":"https:\/\/pb.edu.pl\/sjo\/wp-content\/uploads\/sites\/9\/2023\/12\/2-1.png","contentUrl":"https:\/\/pb.edu.pl\/sjo\/wp-content\/uploads\/sites\/9\/2023\/12\/2-1.png","width":4309,"height":246},{"@type":"BreadcrumbList","@id":"https:\/\/pb.edu.pl\/sjo\/projekty-2-2\/baltic-university-programme\/#breadcrumb","itemListElement":[{"@type":"ListItem","position":1,"name":"Home","item":"https:\/\/pb.edu.pl\/sjo\/"},{"@type":"ListItem","position":2,"name":"Projekty","item":"https:\/\/pb.edu.pl\/sjo\/projekty-2-2\/"},{"@type":"ListItem","position":3,"name":"Baltic University Programme"}]},{"@type":"WebSite","@id":"https:\/\/pb.edu.pl\/sjo\/#website","url":"https:\/\/pb.edu.pl\/sjo\/","name":"Studium J\u0119zyk\u00f3w Obcych","description":"","potentialAction":[{"@type":"SearchAction","target":{"@type":"EntryPoint","urlTemplate":"https:\/\/pb.edu.pl\/sjo\/?s={search_term_string}"},"query-input":{"@type":"PropertyValueSpecification","valueRequired":true,"valueName":"search_term_string"}}],"inLanguage":"pl-PL"}]}},"_links":{"self":[{"href":"https:\/\/pb.edu.pl\/sjo\/wp-json\/wp\/v2\/pages\/19176","targetHints":{"allow":["GET"]}}],"collection":[{"href":"https:\/\/pb.edu.pl\/sjo\/wp-json\/wp\/v2\/pages"}],"about":[{"href":"https:\/\/pb.edu.pl\/sjo\/wp-json\/wp\/v2\/types\/page"}],"author":[{"embeddable":true,"href":"https:\/\/pb.edu.pl\/sjo\/wp-json\/wp\/v2\/users\/6"}],"replies":[{"embeddable":true,"href":"https:\/\/pb.edu.pl\/sjo\/wp-json\/wp\/v2\/comments?post=19176"}],"version-history":[{"count":0,"href":"https:\/\/pb.edu.pl\/sjo\/wp-json\/wp\/v2\/pages\/19176\/revisions"}],"up":[{"embeddable":true,"href":"https:\/\/pb.edu.pl\/sjo\/wp-json\/wp\/v2\/pages\/11674"}],"wp:attachment":[{"href":"https:\/\/pb.edu.pl\/sjo\/wp-json\/wp\/v2\/media?parent=19176"}],"curies":[{"name":"wp","href":"https:\/\/api.w.org\/{rel}","templated":true}]}}