{"id":18795,"date":"2023-02-16T10:34:36","date_gmt":"2023-02-16T09:34:36","guid":{"rendered":"https:\/\/pb.edu.pl\/sjo\/?page_id=18795"},"modified":"2026-02-13T19:37:16","modified_gmt":"2026-02-13T18:37:16","slug":"60-godzinny-kurs-b1","status":"publish","type":"page","link":"https:\/\/pb.edu.pl\/sjo\/polish-lab\/kursy-jezyka-polskiego-jako-obcego-2\/kursy-wiosenne\/60-godzinny-kurs-b1\/","title":{"rendered":"60-godzinny kurs B1(b) czyli druga cz\u0119\u015b\u0107 kursu przygotowuj\u0105cego do egzaminu certyfikatowego"},"content":{"rendered":"<div class=\"h2\">Dla kogo przeznaczony jest ten kurs?<\/div>\n<p><span style=\"font-size: 12pt\">Kurs j\u0119zyka polskiego na poziomie B1(b) oferowany jest cudzoziemcom znaj\u0105cym ju\u017c podstawy j\u0119zyka polskiego.<\/span><\/p>\n<p><span style=\"font-size: 12pt\">Szczeg\u00f3lnym zainteresowaniem cieszy si\u0119 w\u015br\u00f3d os\u00f3b planuj\u0105cych zdawanie egzaminu certyfikatowego, nauk\u0119 w polskich szko\u0142ach czy podj\u0119cie pracy na terenie Polski. Kurs jest drug\u0105 cz\u0119\u015bci\u0105&nbsp; kursu przygotowuj\u0105cego do pa\u0144stwowego egzaminu certyfikatowego, kt\u00f3ry odb\u0119dzie si\u0119 w&nbsp; czerwcu 2026 r.<\/span><\/p>\n<div class=\"h2\">Kiedy odbywaj\u0105 si\u0119 zaj\u0119cia?<\/div>\n<p><span style=\"font-size: 12pt\">Zaj\u0119cia prowadzone s\u0105 dwa razy w tygodniu, w godzinach popo\u0142udniowych, w grupach 6-10 osobowych. Cena zale\u017cy od liczby kursant\u00f3w. Nowy cennik kurs\u00f3w opublikujemy na pocz\u0105tku lutego 2026 r. Obowi\u0105zuj\u0105 zni\u017cki za kontynuacj\u0119 nauki w naszym o\u015brodku oraz za jednorazow\u0105 wp\u0142at\u0119 przed rozpocz\u0119ciem kursu.<\/span><\/p>\n<div style=\"clear: both\">&nbsp;<\/div>\n<p><span style=\"color: #ff6600\"><strong><span style=\"font-family: verdana, geneva, sans-serif;font-size: 12pt\">Rekrutacja rozpocnie si\u0119 16 lutego 2026 r., o godzinie 8:00, poprzez platform\u0119 <a style=\"color: #ff6600\" href=\"https:\/\/irk2.uci.pb.edu.pl\/pl\/offer\/KURSY_BEZ_2025_2026\/programme\/POLISH_LAB_KURS_ST_2026_LETNI\/\">IRK<\/a>.<\/span><\/strong><\/span><\/p>\n<p><span style=\"color: #ff6600\"><strong><span style=\"font-family: verdana, geneva, sans-serif;font-size: 12pt\">Zako\u0144czenie rekrutacji w dniu 27 lutego 2026 r.<\/span><\/strong><\/span><\/p>\n<p>&nbsp;<\/p>\n<p><span style=\"font-family: verdana, geneva, sans-serif;font-size: 12pt\">Kurs rozpoczyna si\u0119 9 marca 2026 r.<\/span><\/p>\n<p><span style=\"font-family: verdana, geneva, sans-serif;font-size: 12pt\">Termin pa\u0144stwowego egzaminu certyfikatowego: 27-28 czerwca 2026 r.<\/span><\/p>\n<div class=\"h2\">Czego mog\u0119 si\u0119 spodziewa\u0107 po kursie?<\/div>\n<p><span style=\"font-size: 12pt\">Osoba pos\u0142uguj\u0105ca si\u0119 j\u0119zykiem na poziomie B1(b):<\/span><\/p>\n<ul>\n<li><span style=\"font-size: 12pt\">rozumie znaczenie g\u0142\u00f3wnych w\u0105tk\u00f3w przekazu zawartego w jasnych, standardowych wypowiedziach, dotycz\u0105cych znanych jej spraw i zdarze\u0144 typowych dla pracy, szko\u0142y, czasu wolnego itd.<\/span><\/li>\n<li><span style=\"font-size: 12pt\">potrafi radzi\u0107 sobie w wi\u0119kszo\u015bci sytuacji komunikacyjnych, zwi\u0105zanych z podr\u00f3\u017c\u0105 do Polski<\/span><\/li>\n<li><span style=\"font-size: 12pt\">potrafi tworzy\u0107 proste, sp\u00f3jne wypowiedzi ustne i pisemne na znane lub interesuj\u0105ce j\u0105 tematy<\/span><\/li>\n<li><span style=\"font-size: 12pt\">potrafi opisywa\u0107 do\u015bwiadczenia, zdarzenia, a tak\u017ce plany i marzenia<\/span><\/li>\n<li><span style=\"font-size: 12pt\">potrafi kr\u00f3tko uzasadni\u0107 i wyja\u015bni\u0107 swoje opinie i zamierzenia.<\/span><\/li>\n<\/ul>\n<p><span style=\"font-size: 12pt\"> Wi\u0119cej informacji:<strong> <a href=\"#\" rel=\"nofollow\"  onclick=\"this.href='mailto:' + 'kursypl' + '@' + 'pb.edu.pl'\">kursypl [at] pb.edu.pl<\/a><\/strong><\/span><\/p>\n<p><span style=\"font-size: 12pt\">Sprawd\u017a dok\u0142adny <a href=\"https:\/\/pb.edu.pl\/sjo\/wp-content\/uploads\/sites\/9\/2024\/01\/PROGRAM-B1.pdf\">program kursu<\/a>.<\/span><\/p>\n<p>&nbsp;<\/p>\n<p><span style=\"font-size: 10pt\"><em>Aktualizacja 13 lutego 2026 r.<\/em><\/span><\/p>\n","protected":false},"excerpt":{"rendered":"<p>Dla kogo przeznaczony jest ten kurs? Kurs j\u0119zyka polskiego na poziomie B1(b) oferowany jest cudzoziemcom<\/p>\n","protected":false},"author":6,"featured_media":0,"parent":26001,"menu_order":0,"comment_status":"closed","ping_status":"closed","template":"","meta":{"_acf_changed":false,"ngg_post_thumbnail":0,"footnotes":""},"class_list":["post-18795","page","type-page","status-publish","hentry"],"acf":[],"yoast_head":"<!-- This site is optimized with the Yoast SEO plugin v27.0 - https:\/\/yoast.com\/product\/yoast-seo-wordpress\/ -->\n<title>60-godzinny kurs B1(b) czyli druga cz\u0119\u015b\u0107 kursu przygotowuj\u0105cego do egzaminu certyfikatowego - Studium J\u0119zyk\u00f3w Obcych<\/title>\n<meta name=\"description\" content=\"Dla kogo przeznaczony jest ten kurs? Kurs j\u0119zyka polskiego na poziomie B1(b) oferowany jest cudzoziemcom znaj\u0105cym ju\u017c podstawy j\u0119zyka polskiego.\" \/>\n<meta name=\"robots\" content=\"index, follow, max-snippet:-1, max-image-preview:large, max-video-preview:-1\" \/>\n<link rel=\"canonical\" href=\"https:\/\/pb.edu.pl\/sjo\/polish-lab\/kursy-jezyka-polskiego-jako-obcego-2\/kursy-wiosenne\/60-godzinny-kurs-b1\/\" \/>\n<meta property=\"og:locale\" content=\"pl_PL\" \/>\n<meta property=\"og:type\" content=\"article\" \/>\n<meta property=\"og:title\" content=\"60-godzinny kurs B1(b) czyli druga cz\u0119\u015b\u0107 kursu przygotowuj\u0105cego do egzaminu certyfikatowego - Studium J\u0119zyk\u00f3w Obcych\" \/>\n<meta property=\"og:description\" content=\"Dla kogo przeznaczony jest ten kurs? Kurs j\u0119zyka polskiego na poziomie B1(b) oferowany jest cudzoziemcom znaj\u0105cym ju\u017c podstawy j\u0119zyka polskiego.\" \/>\n<meta property=\"og:url\" content=\"https:\/\/pb.edu.pl\/sjo\/polish-lab\/kursy-jezyka-polskiego-jako-obcego-2\/kursy-wiosenne\/60-godzinny-kurs-b1\/\" \/>\n<meta property=\"og:site_name\" content=\"Studium J\u0119zyk\u00f3w Obcych\" \/>\n<meta property=\"article:modified_time\" content=\"2026-02-13T18:37:16+00:00\" \/>\n<meta name=\"twitter:label1\" content=\"Szacowany czas czytania\" \/>\n\t<meta name=\"twitter:data1\" content=\"2 minuty\" \/>\n<script type=\"application\/ld+json\" class=\"yoast-schema-graph\">{\"@context\":\"https:\/\/schema.org\",\"@graph\":[{\"@type\":\"WebPage\",\"@id\":\"https:\/\/pb.edu.pl\/sjo\/polish-lab\/kursy-jezyka-polskiego-jako-obcego-2\/kursy-wiosenne\/60-godzinny-kurs-b1\/\",\"url\":\"https:\/\/pb.edu.pl\/sjo\/polish-lab\/kursy-jezyka-polskiego-jako-obcego-2\/kursy-wiosenne\/60-godzinny-kurs-b1\/\",\"name\":\"60-godzinny kurs B1(b) czyli druga cz\u0119\u015b\u0107 kursu przygotowuj\u0105cego do egzaminu certyfikatowego - Studium J\u0119zyk\u00f3w Obcych\",\"isPartOf\":{\"@id\":\"https:\/\/pb.edu.pl\/sjo\/#website\"},\"datePublished\":\"2023-02-16T09:34:36+00:00\",\"dateModified\":\"2026-02-13T18:37:16+00:00\",\"description\":\"Dla kogo przeznaczony jest ten kurs? Kurs j\u0119zyka polskiego na poziomie B1(b) oferowany jest cudzoziemcom znaj\u0105cym ju\u017c podstawy j\u0119zyka polskiego.\",\"breadcrumb\":{\"@id\":\"https:\/\/pb.edu.pl\/sjo\/polish-lab\/kursy-jezyka-polskiego-jako-obcego-2\/kursy-wiosenne\/60-godzinny-kurs-b1\/#breadcrumb\"},\"inLanguage\":\"pl-PL\",\"potentialAction\":[{\"@type\":\"ReadAction\",\"target\":[\"https:\/\/pb.edu.pl\/sjo\/polish-lab\/kursy-jezyka-polskiego-jako-obcego-2\/kursy-wiosenne\/60-godzinny-kurs-b1\/\"]}]},{\"@type\":\"BreadcrumbList\",\"@id\":\"https:\/\/pb.edu.pl\/sjo\/polish-lab\/kursy-jezyka-polskiego-jako-obcego-2\/kursy-wiosenne\/60-godzinny-kurs-b1\/#breadcrumb\",\"itemListElement\":[{\"@type\":\"ListItem\",\"position\":1,\"name\":\"Home\",\"item\":\"https:\/\/pb.edu.pl\/sjo\/\"},{\"@type\":\"ListItem\",\"position\":2,\"name\":\"Centrum J\u0119zyka i Kultury Polskiej POLISH LAB\",\"item\":\"https:\/\/pb.edu.pl\/sjo\/polish-lab\/\"},{\"@type\":\"ListItem\",\"position\":3,\"name\":\"Kursy j\u0119zyka polskiego jako obcego\",\"item\":\"https:\/\/pb.edu.pl\/sjo\/polish-lab\/kursy-jezyka-polskiego-jako-obcego-2\/\"},{\"@type\":\"ListItem\",\"position\":4,\"name\":\"Kursy wiosenne\",\"item\":\"https:\/\/pb.edu.pl\/sjo\/polish-lab\/kursy-jezyka-polskiego-jako-obcego-2\/kursy-wiosenne\/\"},{\"@type\":\"ListItem\",\"position\":5,\"name\":\"60-godzinny kurs B1(b) czyli druga cz\u0119\u015b\u0107 kursu przygotowuj\u0105cego do egzaminu certyfikatowego\"}]},{\"@type\":\"WebSite\",\"@id\":\"https:\/\/pb.edu.pl\/sjo\/#website\",\"url\":\"https:\/\/pb.edu.pl\/sjo\/\",\"name\":\"Studium J\u0119zyk\u00f3w Obcych\",\"description\":\"\",\"potentialAction\":[{\"@type\":\"SearchAction\",\"target\":{\"@type\":\"EntryPoint\",\"urlTemplate\":\"https:\/\/pb.edu.pl\/sjo\/?s={search_term_string}\"},\"query-input\":{\"@type\":\"PropertyValueSpecification\",\"valueRequired\":true,\"valueName\":\"search_term_string\"}}],\"inLanguage\":\"pl-PL\"}]}<\/script>\n<!-- \/ Yoast SEO plugin. -->","yoast_head_json":{"title":"60-godzinny kurs B1(b) czyli druga cz\u0119\u015b\u0107 kursu przygotowuj\u0105cego do egzaminu certyfikatowego - Studium J\u0119zyk\u00f3w Obcych","description":"Dla kogo przeznaczony jest ten kurs? Kurs j\u0119zyka polskiego na poziomie B1(b) oferowany jest cudzoziemcom znaj\u0105cym ju\u017c podstawy j\u0119zyka polskiego.","robots":{"index":"index","follow":"follow","max-snippet":"max-snippet:-1","max-image-preview":"max-image-preview:large","max-video-preview":"max-video-preview:-1"},"canonical":"https:\/\/pb.edu.pl\/sjo\/polish-lab\/kursy-jezyka-polskiego-jako-obcego-2\/kursy-wiosenne\/60-godzinny-kurs-b1\/","og_locale":"pl_PL","og_type":"article","og_title":"60-godzinny kurs B1(b) czyli druga cz\u0119\u015b\u0107 kursu przygotowuj\u0105cego do egzaminu certyfikatowego - Studium J\u0119zyk\u00f3w Obcych","og_description":"Dla kogo przeznaczony jest ten kurs? Kurs j\u0119zyka polskiego na poziomie B1(b) oferowany jest cudzoziemcom znaj\u0105cym ju\u017c podstawy j\u0119zyka polskiego.","og_url":"https:\/\/pb.edu.pl\/sjo\/polish-lab\/kursy-jezyka-polskiego-jako-obcego-2\/kursy-wiosenne\/60-godzinny-kurs-b1\/","og_site_name":"Studium J\u0119zyk\u00f3w Obcych","article_modified_time":"2026-02-13T18:37:16+00:00","twitter_misc":{"Szacowany czas czytania":"2 minuty"},"schema":{"@context":"https:\/\/schema.org","@graph":[{"@type":"WebPage","@id":"https:\/\/pb.edu.pl\/sjo\/polish-lab\/kursy-jezyka-polskiego-jako-obcego-2\/kursy-wiosenne\/60-godzinny-kurs-b1\/","url":"https:\/\/pb.edu.pl\/sjo\/polish-lab\/kursy-jezyka-polskiego-jako-obcego-2\/kursy-wiosenne\/60-godzinny-kurs-b1\/","name":"60-godzinny kurs B1(b) czyli druga cz\u0119\u015b\u0107 kursu przygotowuj\u0105cego do egzaminu certyfikatowego - Studium J\u0119zyk\u00f3w Obcych","isPartOf":{"@id":"https:\/\/pb.edu.pl\/sjo\/#website"},"datePublished":"2023-02-16T09:34:36+00:00","dateModified":"2026-02-13T18:37:16+00:00","description":"Dla kogo przeznaczony jest ten kurs? Kurs j\u0119zyka polskiego na poziomie B1(b) oferowany jest cudzoziemcom znaj\u0105cym ju\u017c podstawy j\u0119zyka polskiego.","breadcrumb":{"@id":"https:\/\/pb.edu.pl\/sjo\/polish-lab\/kursy-jezyka-polskiego-jako-obcego-2\/kursy-wiosenne\/60-godzinny-kurs-b1\/#breadcrumb"},"inLanguage":"pl-PL","potentialAction":[{"@type":"ReadAction","target":["https:\/\/pb.edu.pl\/sjo\/polish-lab\/kursy-jezyka-polskiego-jako-obcego-2\/kursy-wiosenne\/60-godzinny-kurs-b1\/"]}]},{"@type":"BreadcrumbList","@id":"https:\/\/pb.edu.pl\/sjo\/polish-lab\/kursy-jezyka-polskiego-jako-obcego-2\/kursy-wiosenne\/60-godzinny-kurs-b1\/#breadcrumb","itemListElement":[{"@type":"ListItem","position":1,"name":"Home","item":"https:\/\/pb.edu.pl\/sjo\/"},{"@type":"ListItem","position":2,"name":"Centrum J\u0119zyka i Kultury Polskiej POLISH LAB","item":"https:\/\/pb.edu.pl\/sjo\/polish-lab\/"},{"@type":"ListItem","position":3,"name":"Kursy j\u0119zyka polskiego jako obcego","item":"https:\/\/pb.edu.pl\/sjo\/polish-lab\/kursy-jezyka-polskiego-jako-obcego-2\/"},{"@type":"ListItem","position":4,"name":"Kursy wiosenne","item":"https:\/\/pb.edu.pl\/sjo\/polish-lab\/kursy-jezyka-polskiego-jako-obcego-2\/kursy-wiosenne\/"},{"@type":"ListItem","position":5,"name":"60-godzinny kurs B1(b) czyli druga cz\u0119\u015b\u0107 kursu przygotowuj\u0105cego do egzaminu certyfikatowego"}]},{"@type":"WebSite","@id":"https:\/\/pb.edu.pl\/sjo\/#website","url":"https:\/\/pb.edu.pl\/sjo\/","name":"Studium J\u0119zyk\u00f3w Obcych","description":"","potentialAction":[{"@type":"SearchAction","target":{"@type":"EntryPoint","urlTemplate":"https:\/\/pb.edu.pl\/sjo\/?s={search_term_string}"},"query-input":{"@type":"PropertyValueSpecification","valueRequired":true,"valueName":"search_term_string"}}],"inLanguage":"pl-PL"}]}},"_links":{"self":[{"href":"https:\/\/pb.edu.pl\/sjo\/wp-json\/wp\/v2\/pages\/18795","targetHints":{"allow":["GET"]}}],"collection":[{"href":"https:\/\/pb.edu.pl\/sjo\/wp-json\/wp\/v2\/pages"}],"about":[{"href":"https:\/\/pb.edu.pl\/sjo\/wp-json\/wp\/v2\/types\/page"}],"author":[{"embeddable":true,"href":"https:\/\/pb.edu.pl\/sjo\/wp-json\/wp\/v2\/users\/6"}],"replies":[{"embeddable":true,"href":"https:\/\/pb.edu.pl\/sjo\/wp-json\/wp\/v2\/comments?post=18795"}],"version-history":[{"count":6,"href":"https:\/\/pb.edu.pl\/sjo\/wp-json\/wp\/v2\/pages\/18795\/revisions"}],"predecessor-version":[{"id":30673,"href":"https:\/\/pb.edu.pl\/sjo\/wp-json\/wp\/v2\/pages\/18795\/revisions\/30673"}],"up":[{"embeddable":true,"href":"https:\/\/pb.edu.pl\/sjo\/wp-json\/wp\/v2\/pages\/26001"}],"wp:attachment":[{"href":"https:\/\/pb.edu.pl\/sjo\/wp-json\/wp\/v2\/media?parent=18795"}],"curies":[{"name":"wp","href":"https:\/\/api.w.org\/{rel}","templated":true}]}}