{"id":18747,"date":"2023-02-15T11:50:50","date_gmt":"2023-02-15T10:50:50","guid":{"rendered":"https:\/\/pb.edu.pl\/sjo\/?page_id=18747"},"modified":"2025-09-24T11:05:14","modified_gmt":"2025-09-24T09:05:14","slug":"lektoraty-obieralne","status":"publish","type":"page","link":"https:\/\/pb.edu.pl\/sjo\/dla-studenta\/lektoraty-obieralne\/","title":{"rendered":"Lektoraty obieralne"},"content":{"rendered":"<p>Je\u017celi:<\/p>\n<ul>\n<li>jeste\u015b studentem PB na kierunku: le\u015bnictwo, zarz\u0105dzanie finansami i rachunkowo\u015b\u0107 lub kierunk\u00f3w na Wydziale Architektury i <strong>zaczynasz II semestr lektoratu w semestrze letnim 2025\/26<\/strong><\/li>\n<li>jeste\u015b studentem PB i <strong>zaczynasz lektorat w semestrze letnim 2025\/26<\/strong><\/li>\n<\/ul>\n<p>oraz<\/p>\n<ul>\n<li>posiadasz ju\u017c <strong>certyfikat po\u015bwiadczaj\u0105cy znajomo\u015b\u0107 j\u0119zyka<\/strong> angielskiego (lub innego) na poziomie co najmniej B2: <a href=\"https:\/\/pb.edu.pl\/sjo\/dla-studenta\/lista-honorowanych-certyfikatow\/\">Zobacz list\u0119 honorowanych certyfikat\u00f3w<\/a><\/li>\n<\/ul>\n<p>to <strong> mo\u017ce masz ochot\u0119 na inny lektorat ni\u017c wybrany podczas rekrutacji na studia<\/strong>?<\/p>\n<div style=\"clear: both\">&nbsp;<\/div>\n<h2>W SJO mamy ciekaw\u0105 ofert\u0119 lektorat\u00f3w obieralnych. Mo\u017cesz wybra\u0107 nauk\u0119 hiszpa\u0144skiego, niemieckiego, rosyjskiego albo ukrai\u0144skiego!<\/h2>\n<p>Zapiszesz si\u0119 na taki lektorat przez USOS. Otrzymasz od nas e-mail w tej sprawie w po\u0142owie semestru.<\/p>\n<p>Lektorat rusza od semestru letniego 2025\/26!<\/p>\n<p>Je\u017celi nie masz certyfikatu, ale zainteresowa\u0142a Ci\u0119 ta oferta, mamy rozwi\u0105zanie. W&nbsp;<a href=\"https:\/\/pb.edu.pl\/sjo\/dla-studenta\/egzaminy\/egzaminy-zestawienie\/\">SJO oferujemy szereg egzamin\u00f3w j\u0119zykowych<\/a>, dzi\u0119ki kt\u00f3rym zdob\u0119dziesz wymagany certyfikat. Sprawd\u017a, jakie to \u0142atwe!<br \/>\n&nbsp;<br \/>\n<div class=\"col-md-3\">\n\t<div class=\"boxlink animated zoomIn \">\n\t\t<a href=\"https:\/\/pb.edu.pl\/sjo\/dla-studenta\/lektoraty-obieralne\/poczatek-przygody-z-hiszpanskim\/\" class=\"no-icon\">\n\t\t\t<div class=\"boxlink-title\"><span>Zacznij hiszpa\u0144ski<\/span><\/div>\n\t\t\t<div class=\"boxlink-content\">\n\t\t\t\t<img decoding=\"async\" class=\"size-medium wp-image-12368 aligncenter\" src=\"https:\/\/pb.edu.pl\/sjo\/wp-content\/uploads\/sites\/9\/2023\/02\/6.png\" alt=\"\">\t\t\t<\/div>\n\t\t<\/a>\n\t<\/div>\n\n<\/div>\n<div class=\"col-md-3\">\n\t<div class=\"boxlink animated zoomIn \">\n\t\t<a href=\"https:\/\/pb.edu.pl\/sjo\/dla-studenta\/lektoraty-obieralne\/poczatek-przygody-z-niemieckim\/\" class=\"no-icon\">\n\t\t\t<div class=\"boxlink-title\"><span>Zacznij niemiecki<\/span><\/div>\n\t\t\t<div class=\"boxlink-content\">\n\t\t\t\t<img decoding=\"async\" class=\"size-medium wp-image-12368 aligncenter\" src=\"https:\/\/pb.edu.pl\/sjo\/wp-content\/uploads\/sites\/9\/2023\/02\/7.png\" alt=\"\">\t\t\t<\/div>\n\t\t<\/a>\n\t<\/div>\n\n<\/div>\n<div class=\"col-md-3\">\n\t<div class=\"boxlink animated zoomIn \">\n\t\t<a href=\"https:\/\/pb.edu.pl\/sjo\/dla-studenta\/lektoraty-obieralne\/poczatek-przygody-z-rosyjskim\/\" class=\"no-icon\">\n\t\t\t<div class=\"boxlink-title\"><span>Zacznij rosyjski<\/span><\/div>\n\t\t\t<div class=\"boxlink-content\">\n\t\t\t\t<img decoding=\"async\" class=\"size-medium wp-image-12368 aligncenter\" src=\"https:\/\/pb.edu.pl\/sjo\/wp-content\/uploads\/sites\/9\/2023\/06\/9.png\" alt=\"\">\t\t\t<\/div>\n\t\t<\/a>\n\t<\/div>\n\n<\/div>\n<div class=\"col-md-3\">\n\t<div class=\"boxlink animated zoomIn \">\n\t\t<a href=\"https:\/\/pb.edu.pl\/sjo\/dla-studenta\/lektoraty-obieralne\/poczatek-przygody-z-ukrainskim\/\" class=\"no-icon\">\n\t\t\t<div class=\"boxlink-title\"><span>Zacznij ukrai\u0144ski<\/span><\/div>\n\t\t\t<div class=\"boxlink-content\">\n\t\t\t\t<img decoding=\"async\" class=\"size-medium wp-image-12368 aligncenter\" src=\"https:\/\/pb.edu.pl\/sjo\/wp-content\/uploads\/sites\/9\/2023\/06\/10.png\" alt=\"\">\t\t\t<\/div>\n\t\t<\/a>\n\t<\/div>\n\n<\/div>\n","protected":false},"excerpt":{"rendered":"<p>Je\u017celi: jeste\u015b studentem PB na kierunku: le\u015bnictwo, zarz\u0105dzanie finansami i rachunkowo\u015b\u0107 lub kierunk\u00f3w na Wydziale<\/p>\n","protected":false},"author":6,"featured_media":0,"parent":16,"menu_order":0,"comment_status":"closed","ping_status":"closed","template":"","meta":{"_acf_changed":false,"ngg_post_thumbnail":0,"footnotes":""},"class_list":["post-18747","page","type-page","status-publish","hentry"],"acf":[],"yoast_head":"<!-- This site is optimized with the Yoast SEO plugin v27.0 - https:\/\/yoast.com\/product\/yoast-seo-wordpress\/ -->\n<title>Lektoraty obieralne - Studium J\u0119zyk\u00f3w Obcych<\/title>\n<meta name=\"description\" content=\"Je\u017celi: jeste\u015b studentem PB na kierunku: le\u015bnictwo, zarz\u0105dzanie finansami i rachunkowo\u015b\u0107 lub kierunk\u00f3w na Wydziale Architektury i zaczynasz II semestr\" \/>\n<meta name=\"robots\" content=\"index, follow, max-snippet:-1, max-image-preview:large, max-video-preview:-1\" \/>\n<link rel=\"canonical\" href=\"https:\/\/pb.edu.pl\/sjo\/dla-studenta\/lektoraty-obieralne\/\" \/>\n<meta property=\"og:locale\" content=\"pl_PL\" \/>\n<meta property=\"og:type\" content=\"article\" \/>\n<meta property=\"og:title\" content=\"Lektoraty obieralne - Studium J\u0119zyk\u00f3w Obcych\" \/>\n<meta property=\"og:description\" content=\"Je\u017celi: jeste\u015b studentem PB na kierunku: le\u015bnictwo, zarz\u0105dzanie finansami i rachunkowo\u015b\u0107 lub kierunk\u00f3w na Wydziale Architektury i zaczynasz II semestr\" \/>\n<meta property=\"og:url\" content=\"https:\/\/pb.edu.pl\/sjo\/dla-studenta\/lektoraty-obieralne\/\" \/>\n<meta property=\"og:site_name\" content=\"Studium J\u0119zyk\u00f3w Obcych\" \/>\n<meta property=\"article:modified_time\" content=\"2025-09-24T09:05:14+00:00\" \/>\n<meta property=\"og:image\" content=\"https:\/\/pb.edu.pl\/sjo\/wp-content\/uploads\/sites\/9\/2022\/02\/Kopia-centrum-jezyka-i-kultury-polskiej-zaprasza-Wpis-na-Facebooku-799\u00d7533-px.png\" \/>\n\t<meta property=\"og:image:width\" content=\"799\" \/>\n\t<meta property=\"og:image:height\" content=\"533\" \/>\n\t<meta property=\"og:image:type\" content=\"image\/png\" \/>\n<meta name=\"twitter:label1\" content=\"Szacowany czas czytania\" \/>\n\t<meta name=\"twitter:data1\" content=\"2 minuty\" \/>\n<script type=\"application\/ld+json\" class=\"yoast-schema-graph\">{\"@context\":\"https:\/\/schema.org\",\"@graph\":[{\"@type\":\"WebPage\",\"@id\":\"https:\/\/pb.edu.pl\/sjo\/dla-studenta\/lektoraty-obieralne\/\",\"url\":\"https:\/\/pb.edu.pl\/sjo\/dla-studenta\/lektoraty-obieralne\/\",\"name\":\"Lektoraty obieralne - Studium J\u0119zyk\u00f3w Obcych\",\"isPartOf\":{\"@id\":\"https:\/\/pb.edu.pl\/sjo\/#website\"},\"primaryImageOfPage\":{\"@id\":\"https:\/\/pb.edu.pl\/sjo\/dla-studenta\/lektoraty-obieralne\/#primaryimage\"},\"image\":{\"@id\":\"https:\/\/pb.edu.pl\/sjo\/dla-studenta\/lektoraty-obieralne\/#primaryimage\"},\"thumbnailUrl\":\"https:\/\/pb.edu.pl\/sjo\/wp-content\/uploads\/sites\/9\/2023\/02\/6.png\",\"datePublished\":\"2023-02-15T10:50:50+00:00\",\"dateModified\":\"2025-09-24T09:05:14+00:00\",\"description\":\"Je\u017celi: jeste\u015b studentem PB na kierunku: le\u015bnictwo, zarz\u0105dzanie finansami i rachunkowo\u015b\u0107 lub kierunk\u00f3w na Wydziale Architektury i zaczynasz II semestr\",\"breadcrumb\":{\"@id\":\"https:\/\/pb.edu.pl\/sjo\/dla-studenta\/lektoraty-obieralne\/#breadcrumb\"},\"inLanguage\":\"pl-PL\",\"potentialAction\":[{\"@type\":\"ReadAction\",\"target\":[\"https:\/\/pb.edu.pl\/sjo\/dla-studenta\/lektoraty-obieralne\/\"]}]},{\"@type\":\"ImageObject\",\"inLanguage\":\"pl-PL\",\"@id\":\"https:\/\/pb.edu.pl\/sjo\/dla-studenta\/lektoraty-obieralne\/#primaryimage\",\"url\":\"https:\/\/pb.edu.pl\/sjo\/wp-content\/uploads\/sites\/9\/2023\/02\/6.png\",\"contentUrl\":\"https:\/\/pb.edu.pl\/sjo\/wp-content\/uploads\/sites\/9\/2023\/02\/6.png\",\"width\":799,\"height\":533},{\"@type\":\"BreadcrumbList\",\"@id\":\"https:\/\/pb.edu.pl\/sjo\/dla-studenta\/lektoraty-obieralne\/#breadcrumb\",\"itemListElement\":[{\"@type\":\"ListItem\",\"position\":1,\"name\":\"Home\",\"item\":\"https:\/\/pb.edu.pl\/sjo\/\"},{\"@type\":\"ListItem\",\"position\":2,\"name\":\"Studiuj\u0119 w PB\",\"item\":\"https:\/\/pb.edu.pl\/sjo\/dla-studenta\/\"},{\"@type\":\"ListItem\",\"position\":3,\"name\":\"Lektoraty obieralne\"}]},{\"@type\":\"WebSite\",\"@id\":\"https:\/\/pb.edu.pl\/sjo\/#website\",\"url\":\"https:\/\/pb.edu.pl\/sjo\/\",\"name\":\"Studium J\u0119zyk\u00f3w Obcych\",\"description\":\"\",\"potentialAction\":[{\"@type\":\"SearchAction\",\"target\":{\"@type\":\"EntryPoint\",\"urlTemplate\":\"https:\/\/pb.edu.pl\/sjo\/?s={search_term_string}\"},\"query-input\":{\"@type\":\"PropertyValueSpecification\",\"valueRequired\":true,\"valueName\":\"search_term_string\"}}],\"inLanguage\":\"pl-PL\"}]}<\/script>\n<!-- \/ Yoast SEO plugin. -->","yoast_head_json":{"title":"Lektoraty obieralne - Studium J\u0119zyk\u00f3w Obcych","description":"Je\u017celi: jeste\u015b studentem PB na kierunku: le\u015bnictwo, zarz\u0105dzanie finansami i rachunkowo\u015b\u0107 lub kierunk\u00f3w na Wydziale Architektury i zaczynasz II semestr","robots":{"index":"index","follow":"follow","max-snippet":"max-snippet:-1","max-image-preview":"max-image-preview:large","max-video-preview":"max-video-preview:-1"},"canonical":"https:\/\/pb.edu.pl\/sjo\/dla-studenta\/lektoraty-obieralne\/","og_locale":"pl_PL","og_type":"article","og_title":"Lektoraty obieralne - Studium J\u0119zyk\u00f3w Obcych","og_description":"Je\u017celi: jeste\u015b studentem PB na kierunku: le\u015bnictwo, zarz\u0105dzanie finansami i rachunkowo\u015b\u0107 lub kierunk\u00f3w na Wydziale Architektury i zaczynasz II semestr","og_url":"https:\/\/pb.edu.pl\/sjo\/dla-studenta\/lektoraty-obieralne\/","og_site_name":"Studium J\u0119zyk\u00f3w Obcych","article_modified_time":"2025-09-24T09:05:14+00:00","og_image":[{"width":799,"height":533,"url":"https:\/\/pb.edu.pl\/sjo\/wp-content\/uploads\/sites\/9\/2022\/02\/Kopia-centrum-jezyka-i-kultury-polskiej-zaprasza-Wpis-na-Facebooku-799\u00d7533-px.png","type":"image\/png"}],"twitter_misc":{"Szacowany czas czytania":"2 minuty"},"schema":{"@context":"https:\/\/schema.org","@graph":[{"@type":"WebPage","@id":"https:\/\/pb.edu.pl\/sjo\/dla-studenta\/lektoraty-obieralne\/","url":"https:\/\/pb.edu.pl\/sjo\/dla-studenta\/lektoraty-obieralne\/","name":"Lektoraty obieralne - Studium J\u0119zyk\u00f3w Obcych","isPartOf":{"@id":"https:\/\/pb.edu.pl\/sjo\/#website"},"primaryImageOfPage":{"@id":"https:\/\/pb.edu.pl\/sjo\/dla-studenta\/lektoraty-obieralne\/#primaryimage"},"image":{"@id":"https:\/\/pb.edu.pl\/sjo\/dla-studenta\/lektoraty-obieralne\/#primaryimage"},"thumbnailUrl":"https:\/\/pb.edu.pl\/sjo\/wp-content\/uploads\/sites\/9\/2023\/02\/6.png","datePublished":"2023-02-15T10:50:50+00:00","dateModified":"2025-09-24T09:05:14+00:00","description":"Je\u017celi: jeste\u015b studentem PB na kierunku: le\u015bnictwo, zarz\u0105dzanie finansami i rachunkowo\u015b\u0107 lub kierunk\u00f3w na Wydziale Architektury i zaczynasz II semestr","breadcrumb":{"@id":"https:\/\/pb.edu.pl\/sjo\/dla-studenta\/lektoraty-obieralne\/#breadcrumb"},"inLanguage":"pl-PL","potentialAction":[{"@type":"ReadAction","target":["https:\/\/pb.edu.pl\/sjo\/dla-studenta\/lektoraty-obieralne\/"]}]},{"@type":"ImageObject","inLanguage":"pl-PL","@id":"https:\/\/pb.edu.pl\/sjo\/dla-studenta\/lektoraty-obieralne\/#primaryimage","url":"https:\/\/pb.edu.pl\/sjo\/wp-content\/uploads\/sites\/9\/2023\/02\/6.png","contentUrl":"https:\/\/pb.edu.pl\/sjo\/wp-content\/uploads\/sites\/9\/2023\/02\/6.png","width":799,"height":533},{"@type":"BreadcrumbList","@id":"https:\/\/pb.edu.pl\/sjo\/dla-studenta\/lektoraty-obieralne\/#breadcrumb","itemListElement":[{"@type":"ListItem","position":1,"name":"Home","item":"https:\/\/pb.edu.pl\/sjo\/"},{"@type":"ListItem","position":2,"name":"Studiuj\u0119 w PB","item":"https:\/\/pb.edu.pl\/sjo\/dla-studenta\/"},{"@type":"ListItem","position":3,"name":"Lektoraty obieralne"}]},{"@type":"WebSite","@id":"https:\/\/pb.edu.pl\/sjo\/#website","url":"https:\/\/pb.edu.pl\/sjo\/","name":"Studium J\u0119zyk\u00f3w Obcych","description":"","potentialAction":[{"@type":"SearchAction","target":{"@type":"EntryPoint","urlTemplate":"https:\/\/pb.edu.pl\/sjo\/?s={search_term_string}"},"query-input":{"@type":"PropertyValueSpecification","valueRequired":true,"valueName":"search_term_string"}}],"inLanguage":"pl-PL"}]}},"_links":{"self":[{"href":"https:\/\/pb.edu.pl\/sjo\/wp-json\/wp\/v2\/pages\/18747","targetHints":{"allow":["GET"]}}],"collection":[{"href":"https:\/\/pb.edu.pl\/sjo\/wp-json\/wp\/v2\/pages"}],"about":[{"href":"https:\/\/pb.edu.pl\/sjo\/wp-json\/wp\/v2\/types\/page"}],"author":[{"embeddable":true,"href":"https:\/\/pb.edu.pl\/sjo\/wp-json\/wp\/v2\/users\/6"}],"replies":[{"embeddable":true,"href":"https:\/\/pb.edu.pl\/sjo\/wp-json\/wp\/v2\/comments?post=18747"}],"version-history":[{"count":0,"href":"https:\/\/pb.edu.pl\/sjo\/wp-json\/wp\/v2\/pages\/18747\/revisions"}],"up":[{"embeddable":true,"href":"https:\/\/pb.edu.pl\/sjo\/wp-json\/wp\/v2\/pages\/16"}],"wp:attachment":[{"href":"https:\/\/pb.edu.pl\/sjo\/wp-json\/wp\/v2\/media?parent=18747"}],"curies":[{"name":"wp","href":"https:\/\/api.w.org\/{rel}","templated":true}]}}