{"id":18732,"date":"2023-02-15T11:43:43","date_gmt":"2023-02-15T10:43:43","guid":{"rendered":"https:\/\/pb.edu.pl\/sjo\/?page_id=18732"},"modified":"2023-03-08T15:08:16","modified_gmt":"2023-03-08T14:08:16","slug":"introduction-to-artificial-intelligence","status":"publish","type":"page","link":"https:\/\/pb.edu.pl\/sjo\/dla-studenta\/lektoraty-obieralne\/introduction-to-artificial-intelligence\/","title":{"rendered":"Introduction to Artificial Intelligence"},"content":{"rendered":"<h2>Dla kogo?<\/h2>\n<p>Je\u017celi jeste\u015b studentem\/-tk\u0105 <strong>III lub V semestru lektoratu (IV lub VI semestru studi\u00f3w)<\/strong> i posiadasz ju\u017c certyfikat po\u015bwiadczaj\u0105cy znajomo\u015b\u0107 j\u0119zyka angielskiego (lub innego) na poziomie co najmniej B2 (<a href=\"https:\/\/pb.edu.pl\/sjo\/egzaminy-komercyjne\/\">albo jeste\u015b w stanie go szybko zdoby\u0107<\/a>), mo\u017cesz wybra\u0107 inny lektorat &#8211; j\u0119zykowy lub tematyczny.<\/p>\n<p><strong>Oferta dotyczy tylko tych student\u00f3w, kt\u00f3rzy w obecnym semestrze maj\u0105 zaj\u0119cia w ramach lektoratu!<\/strong><\/p>\n<h2>Czego si\u0119 mog\u0119 nauczy\u0107?<\/h2>\n<p>Czwarta rewolucja przemys\u0142owa ju\u017c tu jest. Od pary do elektryczno\u015bci, od automatyzacji do cyfryzacji naszego spo\u0142ecze\u0144stwa, ludzko\u015b\u0107 do\u015bwiadczy\u0142a wielkiego post\u0119pu w ci\u0105gu ostatnich kilkuset lat. Na kursie b\u0119dziemy odkrywa\u0107 r\u00f3\u017cne aspekty sztucznej inteligencji i jej wp\u0142yw na nasze \u017cycie. Poruszymy takie tematy jak technologia rozpoznawania twarzy, ChatGPT, Dall- E, inteligentne fabryki i domy, blockchain, i co wszystkie te innowacje oznaczaj\u0105 dla naszej przysz\u0142o\u015bci. Zastanowimy si\u0119 r\u00f3wnie\u017c nad nasz\u0105 rol\u0105 i rol\u0105 naszych przyw\u00f3dc\u00f3w w regulowaniu tego, jak ta technologia jest wykorzystywana.<\/p>\n<h2>Kiedy?<\/h2>\n<p>Zaj\u0119cia odbywaj\u0105 si\u0119 we czwartki w godzinach 16.00 &#8211; 17.30.<\/p>\n<h2>Brzmi ciekawie! Rejestruj\u0119 si\u0119.<\/h2>\n<p>Zarejestruj si\u0119 przez <a href=\"https:\/\/usosweb.pb.edu.pl\/kontroler.php?_action=news\/default\">USOSweb<\/a> do 17.03.2023<\/p>\n<h2>Kto prowadzi zaj\u0119cia?<\/h2>\n<p><strong><img loading=\"lazy\" decoding=\"async\" class=\"wp-image-18887 alignleft\" src=\"https:\/\/pb.edu.pl\/sjo\/wp-content\/uploads\/sites\/9\/2023\/02\/27-300x300.png\" alt=\"\" width=\"350\" height=\"350\" srcset=\"https:\/\/pb.edu.pl\/sjo\/wp-content\/uploads\/sites\/9\/2023\/02\/27-300x300.png 300w, https:\/\/pb.edu.pl\/sjo\/wp-content\/uploads\/sites\/9\/2023\/02\/27.png 500w\" sizes=\"auto, (max-width: 350px) 100vw, 350px\" \/><\/strong><\/p>\n<p>&nbsp;<\/p>\n<p>&nbsp;<\/p>\n<p><strong>Mgr Aniela Staszewska<\/strong><\/p>\n<p>Mgr Aniela Staszewska od 2015 roku uczy j\u0119zyka angielskiego w Studium J\u0119zyk\u00f3w Obcych Politechniki Bia\u0142ostockiej.<br \/>\nInteresuje j\u0105 czwarta rewolucja przemys\u0142owa i rola, jak\u0105 technologia odgrywa w naszym \u017cyciu, a tak\u017ce zg\u0142\u0119bianie temat\u00f3w zwi\u0105zanych ze zr\u00f3wnowa\u017conym rozwojem.<br \/>\nJest aktywn\u0105 cz\u0142onkini\u0105 Baltic University Programme, kt\u00f3ry zach\u0119ca do wsp\u00f3\u0142pracy student\u00f3w i nauczycieli z uczelni w regionie Morza Ba\u0142tyckiego.<br \/>\n<a href=\"#\" rel=\"nofollow\"  onclick=\"this.href='mailto:' + 'a.staszewska' + '@' + 'pb.edu.pl'\">a.staszewska [at] pb.edu.pl<\/a>\n","protected":false},"excerpt":{"rendered":"<p>Dla kogo? Je\u017celi jeste\u015b studentem\/-tk\u0105 III lub V semestru lektoratu (IV lub VI semestru studi\u00f3w)<\/p>\n","protected":false},"author":6,"featured_media":0,"parent":18747,"menu_order":0,"comment_status":"closed","ping_status":"closed","template":"","meta":{"_acf_changed":false,"ngg_post_thumbnail":0,"footnotes":""},"class_list":["post-18732","page","type-page","status-publish","hentry"],"acf":[],"yoast_head":"<!-- This site is optimized with the Yoast SEO plugin v27.0 - https:\/\/yoast.com\/product\/yoast-seo-wordpress\/ -->\n<title>Introduction to Artificial Intelligence - Studium J\u0119zyk\u00f3w Obcych<\/title>\n<meta name=\"description\" content=\"Dla kogo? Je\u017celi jeste\u015b studentem\/-tk\u0105 III lub V semestru lektoratu (IV lub VI semestru studi\u00f3w) i posiadasz ju\u017c certyfikat po\u015bwiadczaj\u0105cy znajomo\u015b\u0107\" \/>\n<meta name=\"robots\" content=\"index, follow, max-snippet:-1, max-image-preview:large, max-video-preview:-1\" \/>\n<link rel=\"canonical\" href=\"https:\/\/pb.edu.pl\/sjo\/dla-studenta\/lektoraty-obieralne\/introduction-to-artificial-intelligence\/\" \/>\n<meta property=\"og:locale\" content=\"pl_PL\" \/>\n<meta property=\"og:type\" content=\"article\" \/>\n<meta property=\"og:title\" content=\"Introduction to Artificial Intelligence - Studium J\u0119zyk\u00f3w Obcych\" \/>\n<meta property=\"og:description\" content=\"Dla kogo? Je\u017celi jeste\u015b studentem\/-tk\u0105 III lub V semestru lektoratu (IV lub VI semestru studi\u00f3w) i posiadasz ju\u017c certyfikat po\u015bwiadczaj\u0105cy znajomo\u015b\u0107\" \/>\n<meta property=\"og:url\" content=\"https:\/\/pb.edu.pl\/sjo\/dla-studenta\/lektoraty-obieralne\/introduction-to-artificial-intelligence\/\" \/>\n<meta property=\"og:site_name\" content=\"Studium J\u0119zyk\u00f3w Obcych\" \/>\n<meta property=\"article:modified_time\" content=\"2023-03-08T14:08:16+00:00\" \/>\n<meta property=\"og:image\" content=\"https:\/\/pb.edu.pl\/sjo\/wp-content\/uploads\/sites\/9\/2023\/02\/27-300x300.png\" \/>\n<meta name=\"twitter:label1\" content=\"Szacowany czas czytania\" \/>\n\t<meta name=\"twitter:data1\" content=\"2 minuty\" \/>\n<script type=\"application\/ld+json\" class=\"yoast-schema-graph\">{\"@context\":\"https:\/\/schema.org\",\"@graph\":[{\"@type\":\"WebPage\",\"@id\":\"https:\/\/pb.edu.pl\/sjo\/dla-studenta\/lektoraty-obieralne\/introduction-to-artificial-intelligence\/\",\"url\":\"https:\/\/pb.edu.pl\/sjo\/dla-studenta\/lektoraty-obieralne\/introduction-to-artificial-intelligence\/\",\"name\":\"Introduction to Artificial Intelligence - Studium J\u0119zyk\u00f3w Obcych\",\"isPartOf\":{\"@id\":\"https:\/\/pb.edu.pl\/sjo\/#website\"},\"primaryImageOfPage\":{\"@id\":\"https:\/\/pb.edu.pl\/sjo\/dla-studenta\/lektoraty-obieralne\/introduction-to-artificial-intelligence\/#primaryimage\"},\"image\":{\"@id\":\"https:\/\/pb.edu.pl\/sjo\/dla-studenta\/lektoraty-obieralne\/introduction-to-artificial-intelligence\/#primaryimage\"},\"thumbnailUrl\":\"https:\/\/pb.edu.pl\/sjo\/wp-content\/uploads\/sites\/9\/2023\/02\/27-300x300.png\",\"datePublished\":\"2023-02-15T10:43:43+00:00\",\"dateModified\":\"2023-03-08T14:08:16+00:00\",\"description\":\"Dla kogo? Je\u017celi jeste\u015b studentem\/-tk\u0105 III lub V semestru lektoratu (IV lub VI semestru studi\u00f3w) i posiadasz ju\u017c certyfikat po\u015bwiadczaj\u0105cy znajomo\u015b\u0107\",\"breadcrumb\":{\"@id\":\"https:\/\/pb.edu.pl\/sjo\/dla-studenta\/lektoraty-obieralne\/introduction-to-artificial-intelligence\/#breadcrumb\"},\"inLanguage\":\"pl-PL\",\"potentialAction\":[{\"@type\":\"ReadAction\",\"target\":[\"https:\/\/pb.edu.pl\/sjo\/dla-studenta\/lektoraty-obieralne\/introduction-to-artificial-intelligence\/\"]}]},{\"@type\":\"ImageObject\",\"inLanguage\":\"pl-PL\",\"@id\":\"https:\/\/pb.edu.pl\/sjo\/dla-studenta\/lektoraty-obieralne\/introduction-to-artificial-intelligence\/#primaryimage\",\"url\":\"https:\/\/pb.edu.pl\/sjo\/wp-content\/uploads\/sites\/9\/2023\/02\/27.png\",\"contentUrl\":\"https:\/\/pb.edu.pl\/sjo\/wp-content\/uploads\/sites\/9\/2023\/02\/27.png\",\"width\":500,\"height\":500},{\"@type\":\"BreadcrumbList\",\"@id\":\"https:\/\/pb.edu.pl\/sjo\/dla-studenta\/lektoraty-obieralne\/introduction-to-artificial-intelligence\/#breadcrumb\",\"itemListElement\":[{\"@type\":\"ListItem\",\"position\":1,\"name\":\"Home\",\"item\":\"https:\/\/pb.edu.pl\/sjo\/\"},{\"@type\":\"ListItem\",\"position\":2,\"name\":\"Studiuj\u0119 w PB\",\"item\":\"https:\/\/pb.edu.pl\/sjo\/dla-studenta\/\"},{\"@type\":\"ListItem\",\"position\":3,\"name\":\"Lektoraty obieralne\",\"item\":\"https:\/\/pb.edu.pl\/sjo\/dla-studenta\/lektoraty-obieralne\/\"},{\"@type\":\"ListItem\",\"position\":4,\"name\":\"Introduction to Artificial Intelligence\"}]},{\"@type\":\"WebSite\",\"@id\":\"https:\/\/pb.edu.pl\/sjo\/#website\",\"url\":\"https:\/\/pb.edu.pl\/sjo\/\",\"name\":\"Studium J\u0119zyk\u00f3w Obcych\",\"description\":\"\",\"potentialAction\":[{\"@type\":\"SearchAction\",\"target\":{\"@type\":\"EntryPoint\",\"urlTemplate\":\"https:\/\/pb.edu.pl\/sjo\/?s={search_term_string}\"},\"query-input\":{\"@type\":\"PropertyValueSpecification\",\"valueRequired\":true,\"valueName\":\"search_term_string\"}}],\"inLanguage\":\"pl-PL\"}]}<\/script>\n<!-- \/ Yoast SEO plugin. -->","yoast_head_json":{"title":"Introduction to Artificial Intelligence - Studium J\u0119zyk\u00f3w Obcych","description":"Dla kogo? Je\u017celi jeste\u015b studentem\/-tk\u0105 III lub V semestru lektoratu (IV lub VI semestru studi\u00f3w) i posiadasz ju\u017c certyfikat po\u015bwiadczaj\u0105cy znajomo\u015b\u0107","robots":{"index":"index","follow":"follow","max-snippet":"max-snippet:-1","max-image-preview":"max-image-preview:large","max-video-preview":"max-video-preview:-1"},"canonical":"https:\/\/pb.edu.pl\/sjo\/dla-studenta\/lektoraty-obieralne\/introduction-to-artificial-intelligence\/","og_locale":"pl_PL","og_type":"article","og_title":"Introduction to Artificial Intelligence - Studium J\u0119zyk\u00f3w Obcych","og_description":"Dla kogo? Je\u017celi jeste\u015b studentem\/-tk\u0105 III lub V semestru lektoratu (IV lub VI semestru studi\u00f3w) i posiadasz ju\u017c certyfikat po\u015bwiadczaj\u0105cy znajomo\u015b\u0107","og_url":"https:\/\/pb.edu.pl\/sjo\/dla-studenta\/lektoraty-obieralne\/introduction-to-artificial-intelligence\/","og_site_name":"Studium J\u0119zyk\u00f3w Obcych","article_modified_time":"2023-03-08T14:08:16+00:00","og_image":[{"url":"https:\/\/pb.edu.pl\/sjo\/wp-content\/uploads\/sites\/9\/2023\/02\/27-300x300.png","type":"","width":"","height":""}],"twitter_misc":{"Szacowany czas czytania":"2 minuty"},"schema":{"@context":"https:\/\/schema.org","@graph":[{"@type":"WebPage","@id":"https:\/\/pb.edu.pl\/sjo\/dla-studenta\/lektoraty-obieralne\/introduction-to-artificial-intelligence\/","url":"https:\/\/pb.edu.pl\/sjo\/dla-studenta\/lektoraty-obieralne\/introduction-to-artificial-intelligence\/","name":"Introduction to Artificial Intelligence - Studium J\u0119zyk\u00f3w Obcych","isPartOf":{"@id":"https:\/\/pb.edu.pl\/sjo\/#website"},"primaryImageOfPage":{"@id":"https:\/\/pb.edu.pl\/sjo\/dla-studenta\/lektoraty-obieralne\/introduction-to-artificial-intelligence\/#primaryimage"},"image":{"@id":"https:\/\/pb.edu.pl\/sjo\/dla-studenta\/lektoraty-obieralne\/introduction-to-artificial-intelligence\/#primaryimage"},"thumbnailUrl":"https:\/\/pb.edu.pl\/sjo\/wp-content\/uploads\/sites\/9\/2023\/02\/27-300x300.png","datePublished":"2023-02-15T10:43:43+00:00","dateModified":"2023-03-08T14:08:16+00:00","description":"Dla kogo? Je\u017celi jeste\u015b studentem\/-tk\u0105 III lub V semestru lektoratu (IV lub VI semestru studi\u00f3w) i posiadasz ju\u017c certyfikat po\u015bwiadczaj\u0105cy znajomo\u015b\u0107","breadcrumb":{"@id":"https:\/\/pb.edu.pl\/sjo\/dla-studenta\/lektoraty-obieralne\/introduction-to-artificial-intelligence\/#breadcrumb"},"inLanguage":"pl-PL","potentialAction":[{"@type":"ReadAction","target":["https:\/\/pb.edu.pl\/sjo\/dla-studenta\/lektoraty-obieralne\/introduction-to-artificial-intelligence\/"]}]},{"@type":"ImageObject","inLanguage":"pl-PL","@id":"https:\/\/pb.edu.pl\/sjo\/dla-studenta\/lektoraty-obieralne\/introduction-to-artificial-intelligence\/#primaryimage","url":"https:\/\/pb.edu.pl\/sjo\/wp-content\/uploads\/sites\/9\/2023\/02\/27.png","contentUrl":"https:\/\/pb.edu.pl\/sjo\/wp-content\/uploads\/sites\/9\/2023\/02\/27.png","width":500,"height":500},{"@type":"BreadcrumbList","@id":"https:\/\/pb.edu.pl\/sjo\/dla-studenta\/lektoraty-obieralne\/introduction-to-artificial-intelligence\/#breadcrumb","itemListElement":[{"@type":"ListItem","position":1,"name":"Home","item":"https:\/\/pb.edu.pl\/sjo\/"},{"@type":"ListItem","position":2,"name":"Studiuj\u0119 w PB","item":"https:\/\/pb.edu.pl\/sjo\/dla-studenta\/"},{"@type":"ListItem","position":3,"name":"Lektoraty obieralne","item":"https:\/\/pb.edu.pl\/sjo\/dla-studenta\/lektoraty-obieralne\/"},{"@type":"ListItem","position":4,"name":"Introduction to Artificial Intelligence"}]},{"@type":"WebSite","@id":"https:\/\/pb.edu.pl\/sjo\/#website","url":"https:\/\/pb.edu.pl\/sjo\/","name":"Studium J\u0119zyk\u00f3w Obcych","description":"","potentialAction":[{"@type":"SearchAction","target":{"@type":"EntryPoint","urlTemplate":"https:\/\/pb.edu.pl\/sjo\/?s={search_term_string}"},"query-input":{"@type":"PropertyValueSpecification","valueRequired":true,"valueName":"search_term_string"}}],"inLanguage":"pl-PL"}]}},"_links":{"self":[{"href":"https:\/\/pb.edu.pl\/sjo\/wp-json\/wp\/v2\/pages\/18732","targetHints":{"allow":["GET"]}}],"collection":[{"href":"https:\/\/pb.edu.pl\/sjo\/wp-json\/wp\/v2\/pages"}],"about":[{"href":"https:\/\/pb.edu.pl\/sjo\/wp-json\/wp\/v2\/types\/page"}],"author":[{"embeddable":true,"href":"https:\/\/pb.edu.pl\/sjo\/wp-json\/wp\/v2\/users\/6"}],"replies":[{"embeddable":true,"href":"https:\/\/pb.edu.pl\/sjo\/wp-json\/wp\/v2\/comments?post=18732"}],"version-history":[{"count":0,"href":"https:\/\/pb.edu.pl\/sjo\/wp-json\/wp\/v2\/pages\/18732\/revisions"}],"up":[{"embeddable":true,"href":"https:\/\/pb.edu.pl\/sjo\/wp-json\/wp\/v2\/pages\/18747"}],"wp:attachment":[{"href":"https:\/\/pb.edu.pl\/sjo\/wp-json\/wp\/v2\/media?parent=18732"}],"curies":[{"name":"wp","href":"https:\/\/api.w.org\/{rel}","templated":true}]}}