{"id":18716,"date":"2023-02-14T14:00:51","date_gmt":"2023-02-14T13:00:51","guid":{"rendered":"https:\/\/pb.edu.pl\/sjo\/?page_id=18716"},"modified":"2023-05-16T13:35:19","modified_gmt":"2023-05-16T11:35:19","slug":"konkurs-fotograficzny-my-university-my-life","status":"publish","type":"page","link":"https:\/\/pb.edu.pl\/sjo\/wydarzenia-sjo\/konkurs-fotograficzny-my-university-my-life\/","title":{"rendered":"Konkurs fotograficzno-j\u0119zykowy &#8222;My university &#8211; my life&#8221;"},"content":{"rendered":"<div class=\"row\">\n<div class=\"col-md-6\">\n<div class=\"image\"><a href=\"https:\/\/pb.edu.pl\/sjo\/wydarzenia-sjo\/konkurs-fotograficzny-my-university-my-life\/laureaci-konkursu\/\" rel=\"noopener noreferrer\"><img loading=\"lazy\" decoding=\"async\" class=\"alignleft\" src=\"https:\/\/pb.edu.pl\/sjo\/wp-content\/uploads\/sites\/9\/2023\/05\/2-2.png\" alt=\"\" width=\"480\" height=\"160\"><\/a><\/div>\n<\/div>\n<div class=\"col-md-6\">\n<div class=\"image\"><a href=\"https:\/\/pb.edu.pl\/sjo\/wydarzenia-sjo\/konkurs-fotograficzny-my-university-my-life\/wreczenie-nagrod\/\" rel=\"noopener noreferrer\"><img loading=\"lazy\" decoding=\"async\" class=\"alignleft\" src=\"https:\/\/pb.edu.pl\/sjo\/wp-content\/uploads\/sites\/9\/2023\/05\/1-2.png\" alt=\"\" width=\"480\" height=\"160\"><\/a><\/div>\n<\/div>\n<\/div>\nJeste\u015b studentem PB? Przed Tob\u0105 szansa na wspania\u0142e nagrody&nbsp; &#8211; we\u017a udzia\u0142 w konkursie fotograficznym <strong>My University &#8211; My Life<\/strong><em>.<\/em><\/p>\n<p>To ju\u017c druga edycja naszego konkursu!<\/p>\n<h2>Zr\u00f3b ciekaw\u0105 fotografi\u0119 zwi\u0105zan\u0105 z naszym tematem &#8211; interpretacja nale\u017cy do Ciebie, lecz zdj\u0119cie powinno nawi\u0105zywa\u0107 do Politechniki Bia\u0142ostockiej i \u017cycia studenckiego. Mile widziana interpretacja tematu zr\u00f3wnowa\u017conego rozwoju naszej Uczelni.&nbsp;<\/h2>\n<p>Nadaj fotografii tytu\u0142 i opatrz zwi\u0119z\u0142ym opisem w j\u0119zyku angielskim (200 &#8211; 500 znak\u00f3w).<\/p>\n<p><strong>Liczy si\u0119 pomys\u0142owo\u015b\u0107! Nie potrzebujesz profesjonalnego sprz\u0119tu fotograficznego, wystarczy aparat w telefonie.<\/strong><\/p>\n<p>Zg\u0142o\u015b si\u0119 do konkursu wype\u0142niaj\u0105c formularz na dole strony.<\/p>\n<p><strong>Przyjmowanie prac konkursowych trwa od 13 marca do 14 kwietnia 2023, za\u015b og\u0142oszenie wynik\u00f3w nast\u0105pi 11.05.2023.<\/strong><\/p>\n<p><strong>Nagrody o warto\u015bci 1000 z\u0142 czekaj\u0105 na laureat\u00f3w! <\/strong>Ponadto przygotowali\u015bmy dyplomy i upominki dla wszystkich uczestnik\u00f3w.<\/p>\n<p>Najlepsze zdj\u0119cia wybiera\u0107 b\u0119dzie jury, natomiast <strong>Nagrod\u0119 Publiczno\u015bci<\/strong> otrzyma Wasz faworyt.<\/p>\n<p>Na profilu <u><a href=\"https:\/\/www.facebook.com\/StudiumJezykowObcychPB\">facebook SJO<\/a><\/u> zamie\u015bcimy nades\u0142ane zdj\u0119cia, na kt\u00f3re b\u0119dziecie mogli zag\u0142osowa\u0107. Autor\/ka fotografii z najwi\u0119ksza liczb\u0105 polubie\u0144 otrzyma Nagrod\u0119 Publiczno\u015bci.<br \/>\n&nbsp;<br \/>\n<a title=\"\" href=\"https:\/\/pb.edu.pl\/sjo\/wp-content\/uploads\/sites\/9\/2023\/04\/REGULAMIN-KONKURSU-My-university-my-life-06-04.pdf\">Regulamin konkursu \u201eMy University &#8211; My Life\u201d<\/a>.<br \/>\n&nbsp;<br \/>\nEwentualne <strong>pytania<\/strong> kierujcie na adres: sjo@pb.edu.pl<\/p>\n","protected":false},"excerpt":{"rendered":"<p>Jeste\u015b studentem PB? Przed Tob\u0105 szansa na wspania\u0142e nagrody&nbsp; &#8211; we\u017a udzia\u0142 w konkursie fotograficznym<\/p>\n","protected":false},"author":6,"featured_media":0,"parent":10915,"menu_order":0,"comment_status":"closed","ping_status":"closed","template":"","meta":{"_acf_changed":false,"ngg_post_thumbnail":0,"footnotes":""},"class_list":["post-18716","page","type-page","status-publish","hentry"],"acf":[],"yoast_head":"<!-- This site is optimized with the Yoast SEO plugin v27.0 - https:\/\/yoast.com\/product\/yoast-seo-wordpress\/ -->\n<title>Konkurs fotograficzno-j\u0119zykowy &quot;My university - my life&quot; - Studium J\u0119zyk\u00f3w Obcych<\/title>\n<meta name=\"description\" content=\"Jeste\u015b studentem PB? Przed Tob\u0105 szansa na wspania\u0142e nagrody&nbsp; - we\u017a udzia\u0142 w konkursie fotograficznym My University - My Life. To ju\u017c druga edycja\" \/>\n<meta name=\"robots\" content=\"index, follow, max-snippet:-1, max-image-preview:large, max-video-preview:-1\" \/>\n<link rel=\"canonical\" href=\"https:\/\/pb.edu.pl\/sjo\/wydarzenia-sjo\/konkurs-fotograficzny-my-university-my-life\/\" \/>\n<meta property=\"og:locale\" content=\"pl_PL\" \/>\n<meta property=\"og:type\" content=\"article\" \/>\n<meta property=\"og:title\" content=\"Konkurs fotograficzno-j\u0119zykowy &quot;My university - my life&quot; - Studium J\u0119zyk\u00f3w Obcych\" \/>\n<meta property=\"og:description\" content=\"Jeste\u015b studentem PB? Przed Tob\u0105 szansa na wspania\u0142e nagrody&nbsp; - we\u017a udzia\u0142 w konkursie fotograficznym My University - My Life. To ju\u017c druga edycja\" \/>\n<meta property=\"og:url\" content=\"https:\/\/pb.edu.pl\/sjo\/wydarzenia-sjo\/konkurs-fotograficzny-my-university-my-life\/\" \/>\n<meta property=\"og:site_name\" content=\"Studium J\u0119zyk\u00f3w Obcych\" \/>\n<meta property=\"article:modified_time\" content=\"2023-05-16T11:35:19+00:00\" \/>\n<meta property=\"og:image\" content=\"https:\/\/pb.edu.pl\/sjo\/wp-content\/uploads\/sites\/9\/2023\/05\/2-2.png\" \/>\n<meta name=\"twitter:label1\" content=\"Szacowany czas czytania\" \/>\n\t<meta name=\"twitter:data1\" content=\"2 minuty\" \/>\n<script type=\"application\/ld+json\" class=\"yoast-schema-graph\">{\"@context\":\"https:\/\/schema.org\",\"@graph\":[{\"@type\":\"WebPage\",\"@id\":\"https:\/\/pb.edu.pl\/sjo\/wydarzenia-sjo\/konkurs-fotograficzny-my-university-my-life\/\",\"url\":\"https:\/\/pb.edu.pl\/sjo\/wydarzenia-sjo\/konkurs-fotograficzny-my-university-my-life\/\",\"name\":\"Konkurs fotograficzno-j\u0119zykowy \\\"My university - my life\\\" - Studium J\u0119zyk\u00f3w Obcych\",\"isPartOf\":{\"@id\":\"https:\/\/pb.edu.pl\/sjo\/#website\"},\"primaryImageOfPage\":{\"@id\":\"https:\/\/pb.edu.pl\/sjo\/wydarzenia-sjo\/konkurs-fotograficzny-my-university-my-life\/#primaryimage\"},\"image\":{\"@id\":\"https:\/\/pb.edu.pl\/sjo\/wydarzenia-sjo\/konkurs-fotograficzny-my-university-my-life\/#primaryimage\"},\"thumbnailUrl\":\"https:\/\/pb.edu.pl\/sjo\/wp-content\/uploads\/sites\/9\/2023\/05\/2-2.png\",\"datePublished\":\"2023-02-14T13:00:51+00:00\",\"dateModified\":\"2023-05-16T11:35:19+00:00\",\"description\":\"Jeste\u015b studentem PB? Przed Tob\u0105 szansa na wspania\u0142e nagrody&nbsp; - we\u017a udzia\u0142 w konkursie fotograficznym My University - My Life. To ju\u017c druga edycja\",\"breadcrumb\":{\"@id\":\"https:\/\/pb.edu.pl\/sjo\/wydarzenia-sjo\/konkurs-fotograficzny-my-university-my-life\/#breadcrumb\"},\"inLanguage\":\"pl-PL\",\"potentialAction\":[{\"@type\":\"ReadAction\",\"target\":[\"https:\/\/pb.edu.pl\/sjo\/wydarzenia-sjo\/konkurs-fotograficzny-my-university-my-life\/\"]}]},{\"@type\":\"ImageObject\",\"inLanguage\":\"pl-PL\",\"@id\":\"https:\/\/pb.edu.pl\/sjo\/wydarzenia-sjo\/konkurs-fotograficzny-my-university-my-life\/#primaryimage\",\"url\":\"https:\/\/pb.edu.pl\/sjo\/wp-content\/uploads\/sites\/9\/2023\/05\/2-2.png\",\"contentUrl\":\"https:\/\/pb.edu.pl\/sjo\/wp-content\/uploads\/sites\/9\/2023\/05\/2-2.png\",\"width\":960,\"height\":160},{\"@type\":\"BreadcrumbList\",\"@id\":\"https:\/\/pb.edu.pl\/sjo\/wydarzenia-sjo\/konkurs-fotograficzny-my-university-my-life\/#breadcrumb\",\"itemListElement\":[{\"@type\":\"ListItem\",\"position\":1,\"name\":\"Home\",\"item\":\"https:\/\/pb.edu.pl\/sjo\/\"},{\"@type\":\"ListItem\",\"position\":2,\"name\":\"Wydarzenia SJO\",\"item\":\"https:\/\/pb.edu.pl\/sjo\/wydarzenia-sjo\/\"},{\"@type\":\"ListItem\",\"position\":3,\"name\":\"Konkurs fotograficzno-j\u0119zykowy &#8222;My university &#8211; my life&#8221;\"}]},{\"@type\":\"WebSite\",\"@id\":\"https:\/\/pb.edu.pl\/sjo\/#website\",\"url\":\"https:\/\/pb.edu.pl\/sjo\/\",\"name\":\"Studium J\u0119zyk\u00f3w Obcych\",\"description\":\"\",\"potentialAction\":[{\"@type\":\"SearchAction\",\"target\":{\"@type\":\"EntryPoint\",\"urlTemplate\":\"https:\/\/pb.edu.pl\/sjo\/?s={search_term_string}\"},\"query-input\":{\"@type\":\"PropertyValueSpecification\",\"valueRequired\":true,\"valueName\":\"search_term_string\"}}],\"inLanguage\":\"pl-PL\"}]}<\/script>\n<!-- \/ Yoast SEO plugin. -->","yoast_head_json":{"title":"Konkurs fotograficzno-j\u0119zykowy \"My university - my life\" - Studium J\u0119zyk\u00f3w Obcych","description":"Jeste\u015b studentem PB? Przed Tob\u0105 szansa na wspania\u0142e nagrody&nbsp; - we\u017a udzia\u0142 w konkursie fotograficznym My University - My Life. To ju\u017c druga edycja","robots":{"index":"index","follow":"follow","max-snippet":"max-snippet:-1","max-image-preview":"max-image-preview:large","max-video-preview":"max-video-preview:-1"},"canonical":"https:\/\/pb.edu.pl\/sjo\/wydarzenia-sjo\/konkurs-fotograficzny-my-university-my-life\/","og_locale":"pl_PL","og_type":"article","og_title":"Konkurs fotograficzno-j\u0119zykowy \"My university - my life\" - Studium J\u0119zyk\u00f3w Obcych","og_description":"Jeste\u015b studentem PB? Przed Tob\u0105 szansa na wspania\u0142e nagrody&nbsp; - we\u017a udzia\u0142 w konkursie fotograficznym My University - My Life. To ju\u017c druga edycja","og_url":"https:\/\/pb.edu.pl\/sjo\/wydarzenia-sjo\/konkurs-fotograficzny-my-university-my-life\/","og_site_name":"Studium J\u0119zyk\u00f3w Obcych","article_modified_time":"2023-05-16T11:35:19+00:00","og_image":[{"url":"https:\/\/pb.edu.pl\/sjo\/wp-content\/uploads\/sites\/9\/2023\/05\/2-2.png","type":"","width":"","height":""}],"twitter_misc":{"Szacowany czas czytania":"2 minuty"},"schema":{"@context":"https:\/\/schema.org","@graph":[{"@type":"WebPage","@id":"https:\/\/pb.edu.pl\/sjo\/wydarzenia-sjo\/konkurs-fotograficzny-my-university-my-life\/","url":"https:\/\/pb.edu.pl\/sjo\/wydarzenia-sjo\/konkurs-fotograficzny-my-university-my-life\/","name":"Konkurs fotograficzno-j\u0119zykowy \"My university - my life\" - Studium J\u0119zyk\u00f3w Obcych","isPartOf":{"@id":"https:\/\/pb.edu.pl\/sjo\/#website"},"primaryImageOfPage":{"@id":"https:\/\/pb.edu.pl\/sjo\/wydarzenia-sjo\/konkurs-fotograficzny-my-university-my-life\/#primaryimage"},"image":{"@id":"https:\/\/pb.edu.pl\/sjo\/wydarzenia-sjo\/konkurs-fotograficzny-my-university-my-life\/#primaryimage"},"thumbnailUrl":"https:\/\/pb.edu.pl\/sjo\/wp-content\/uploads\/sites\/9\/2023\/05\/2-2.png","datePublished":"2023-02-14T13:00:51+00:00","dateModified":"2023-05-16T11:35:19+00:00","description":"Jeste\u015b studentem PB? Przed Tob\u0105 szansa na wspania\u0142e nagrody&nbsp; - we\u017a udzia\u0142 w konkursie fotograficznym My University - My Life. To ju\u017c druga edycja","breadcrumb":{"@id":"https:\/\/pb.edu.pl\/sjo\/wydarzenia-sjo\/konkurs-fotograficzny-my-university-my-life\/#breadcrumb"},"inLanguage":"pl-PL","potentialAction":[{"@type":"ReadAction","target":["https:\/\/pb.edu.pl\/sjo\/wydarzenia-sjo\/konkurs-fotograficzny-my-university-my-life\/"]}]},{"@type":"ImageObject","inLanguage":"pl-PL","@id":"https:\/\/pb.edu.pl\/sjo\/wydarzenia-sjo\/konkurs-fotograficzny-my-university-my-life\/#primaryimage","url":"https:\/\/pb.edu.pl\/sjo\/wp-content\/uploads\/sites\/9\/2023\/05\/2-2.png","contentUrl":"https:\/\/pb.edu.pl\/sjo\/wp-content\/uploads\/sites\/9\/2023\/05\/2-2.png","width":960,"height":160},{"@type":"BreadcrumbList","@id":"https:\/\/pb.edu.pl\/sjo\/wydarzenia-sjo\/konkurs-fotograficzny-my-university-my-life\/#breadcrumb","itemListElement":[{"@type":"ListItem","position":1,"name":"Home","item":"https:\/\/pb.edu.pl\/sjo\/"},{"@type":"ListItem","position":2,"name":"Wydarzenia SJO","item":"https:\/\/pb.edu.pl\/sjo\/wydarzenia-sjo\/"},{"@type":"ListItem","position":3,"name":"Konkurs fotograficzno-j\u0119zykowy &#8222;My university &#8211; my life&#8221;"}]},{"@type":"WebSite","@id":"https:\/\/pb.edu.pl\/sjo\/#website","url":"https:\/\/pb.edu.pl\/sjo\/","name":"Studium J\u0119zyk\u00f3w Obcych","description":"","potentialAction":[{"@type":"SearchAction","target":{"@type":"EntryPoint","urlTemplate":"https:\/\/pb.edu.pl\/sjo\/?s={search_term_string}"},"query-input":{"@type":"PropertyValueSpecification","valueRequired":true,"valueName":"search_term_string"}}],"inLanguage":"pl-PL"}]}},"_links":{"self":[{"href":"https:\/\/pb.edu.pl\/sjo\/wp-json\/wp\/v2\/pages\/18716","targetHints":{"allow":["GET"]}}],"collection":[{"href":"https:\/\/pb.edu.pl\/sjo\/wp-json\/wp\/v2\/pages"}],"about":[{"href":"https:\/\/pb.edu.pl\/sjo\/wp-json\/wp\/v2\/types\/page"}],"author":[{"embeddable":true,"href":"https:\/\/pb.edu.pl\/sjo\/wp-json\/wp\/v2\/users\/6"}],"replies":[{"embeddable":true,"href":"https:\/\/pb.edu.pl\/sjo\/wp-json\/wp\/v2\/comments?post=18716"}],"version-history":[{"count":0,"href":"https:\/\/pb.edu.pl\/sjo\/wp-json\/wp\/v2\/pages\/18716\/revisions"}],"up":[{"embeddable":true,"href":"https:\/\/pb.edu.pl\/sjo\/wp-json\/wp\/v2\/pages\/10915"}],"wp:attachment":[{"href":"https:\/\/pb.edu.pl\/sjo\/wp-json\/wp\/v2\/media?parent=18716"}],"curies":[{"name":"wp","href":"https:\/\/api.w.org\/{rel}","templated":true}]}}