{"id":18023,"date":"2023-01-07T00:38:06","date_gmt":"2023-01-06T23:38:06","guid":{"rendered":"https:\/\/pb.edu.pl\/sjo\/?page_id=18023"},"modified":"2023-02-06T13:52:13","modified_gmt":"2023-02-06T12:52:13","slug":"stanislaw-moniuszko","status":"publish","type":"page","link":"https:\/\/pb.edu.pl\/sjo\/polish-lab\/czy-wiecie-ze\/stanislaw-moniuszko\/","title":{"rendered":"Inspiruj\u0105ce"},"content":{"rendered":"<p>&nbsp;<\/p>\n<p><span style=\"font-family: verdana, geneva, sans-serif;font-size: 12pt\"><span style=\"font-size: 14pt\"><strong>Stanis\u0142aw Moniuszko,<\/strong><\/span> kompozytor, dyrygent i pedagog, <strong>nazywany jest ojcem polskiej opery narodowej<\/strong>. By\u0142 jednym z najwybitniejszych kompozytor\u00f3w polskiego romantyzmu, obok Fryderyka Chopina i Henryka Wieniawskiego. Utwory, kt\u00f3re przynios\u0142y mu s\u0142aw\u0119 i uznanie w szerokich kr\u0119gach meloman\u00f3w w ca\u0142ej Europie, to pie\u015bni, utwory symfoniczne, operetki i w\u0142a\u015bnie pi\u0119kne opery. Te najbardziej \u2018narodowe\u2019 to <em>Halka<\/em> i <em>Straszny Dw\u00f3r<\/em>, ale skomponowa\u0142 ich w sumie 20.<\/span><\/p>\n<p><span style=\"font-family: verdana, geneva, sans-serif;font-size: 12pt\">Jego opery to arcydzie\u0142a, pe\u0142ne barwnych scen rodzajowych, ujmuj\u0105ce i melodyjne, a mimo to wyj\u0105tkowo rzadko pojawiaj\u0105 one si\u0119 na najwi\u0119kszych scenach operowych \u015bwiata. Dlaczego? Powodem jest prawdziwie narodowy charakter tych dzie\u0142. Ich tre\u015bci osadzone w polskiej historii i kulturze, pe\u0142ne s\u0105 element\u00f3w polskiej muzyki ludowej.<\/span><\/p>\n<p><span style=\"font-family: verdana, geneva, sans-serif;font-size: 12pt\">Moniuszko \u017cy\u0142 w latach 1819-1872, w trudnym czasie, kiedy Polska by\u0142a pod zaborami, istnia\u0142a tylko w sercach Polak\u00f3w<strong>.<\/strong> Ca\u0142a jego tw\u00f3rczo\u015b\u0107 nacechowana by\u0142a motywami polskiego folkloru, mi\u0142o\u015bci\u0105 do polskich tradycji i do Ojczyzny.<\/span><\/p>\n<p><span style=\"font-family: verdana, geneva, sans-serif;font-size: 12pt\">W roku 1843 zacz\u0105\u0142 wydawa\u0107 <em>\u015apiewnik Domowy<\/em>, kt\u00f3ry ukazywa\u0142 si\u0119 cyklicznie przez kilkana\u015bcie lat. Zawiera\u0142 zestawy pie\u015bni &#8221; do codziennego u\u017cytku&#8221;, za kt\u00f3re Moniuszk\u0119 pokocha\u0142y rzesze rodak\u00f3w. Wykonywane w salonach i na dworach utwory francuskie i w\u0142oskie, zosta\u0142y zast\u0105pione pie\u015bniami Moniuszki. Zreszt\u0105, s\u0105 \u015bpiewane do dnia dzisiejszego. Wszyscy znamy <em>Prz\u0105\u015bniczk\u0119, Krakowiaczka, Znasz-li ten kraj <\/em>czy<em> \u015awiteziank\u0119.<\/em> Tych pie\u015bni zebranych w 12 zeszytach by\u0142o a\u017c 268.<\/span><\/p>\n<p><span style=\"font-family: verdana, geneva, sans-serif;font-size: 12pt\">&nbsp;Najs\u0142ynniejszym jego utworem jest bez w\u0105tpienia <em>Halka<\/em> wystawiona po raz pierwszy w 1854 roku w Wilnie. Wkr\u00f3tce <em>Halka<\/em> mia\u0142a premiery na licznych scenach europejskich, m.in. w Krakowie, Odessie, Pradze, Wiedniu, Kijowie, we Lwowie, Petersburgu, itd. &nbsp;Po sukcesie tej opery Moniuszko zosta\u0142 powo\u0142any na stanowisko pierwszego dyrygenta Opery Polskiej w warszawskim Teatrze Wielkim.<\/span><\/p>\n<p><span style=\"font-family: verdana, geneva, sans-serif;font-size: 12pt\">Z ciekawostek warto wspomnie\u0107, \u017ce mia\u0142 dziesi\u0119cioro dzieci i cz\u0119sto spore d\u0142ugi, kt\u00f3re sumiennie sp\u0142aca\u0142, gdy tylko zarobi\u0142 kolejne pieni\u0105dze. Podobno lubi\u0142 wystawne \u017cycie, a dom Moniuszk\u00f3w skupia\u0142 inteligencj\u0119 literack\u0105 i artystyczn\u0105 Wilna,&nbsp; a potem Warszawy.<\/span><\/p>\n<p><span style=\"font-family: verdana, geneva, sans-serif;font-size: 12pt\">I jeszcze akcent lokalny: Opera i Filharmonia Podlaska \u2013 Europejskie Centrum Sztuki w Bia\u0142ymstoku <em>imienia<\/em> Stanis\u0142awa Moniuszki.<\/span><\/p>\n<div id='gallery-1' class='gallery galleryid-18023 gallery-columns-4 gallery-size-medium'><figure class='gallery-item'>\n\t\t\t<div class='gallery-icon portrait'>\n\t\t\t\t<a href='https:\/\/pb.edu.pl\/sjo\/polish-lab\/czy-wiecie-ze\/stanislaw-moniuszko\/moniuszko_autor-grafik-_jean_baptiste_adolphe-cc-by-sa-4-0\/'><img loading=\"lazy\" decoding=\"async\" width=\"222\" height=\"300\" src=\"https:\/\/pb.edu.pl\/sjo\/wp-content\/uploads\/sites\/9\/2023\/01\/Moniuszko_autor-grafik-_Jean_Baptiste_Adolphe-CC-BY-SA-4.0-222x300.jpg\" class=\"attachment-medium size-medium\" alt=\"Moniuszko_autor-grafik-_Jean_Baptiste_Adolphe\" srcset=\"https:\/\/pb.edu.pl\/sjo\/wp-content\/uploads\/sites\/9\/2023\/01\/Moniuszko_autor-grafik-_Jean_Baptiste_Adolphe-CC-BY-SA-4.0-222x300.jpg 222w, https:\/\/pb.edu.pl\/sjo\/wp-content\/uploads\/sites\/9\/2023\/01\/Moniuszko_autor-grafik-_Jean_Baptiste_Adolphe-CC-BY-SA-4.0.jpg 292w\" sizes=\"auto, (max-width: 222px) 100vw, 222px\" \/><\/a>\n\t\t\t<\/div><\/figure><figure class='gallery-item'>\n\t\t\t<div class='gallery-icon portrait'>\n\t\t\t\t<a href='https:\/\/pb.edu.pl\/sjo\/polish-lab\/czy-wiecie-ze\/stanislaw-moniuszko\/monument_of_stanislaw_moniuszko_in_warsaw-sculpturor-jan-szczepkowski-photo-wojciech-dittwald-cc-by-sa-4-0\/'><img loading=\"lazy\" decoding=\"async\" width=\"225\" height=\"300\" src=\"https:\/\/pb.edu.pl\/sjo\/wp-content\/uploads\/sites\/9\/2023\/01\/Monument_of_Stanislaw_Moniuszko_in_Warsaw-Sculpturor-Jan-Szczepkowski-Photo-Wojciech-Dittwald-CC-BY-SA-4.0-225x300.jpg\" class=\"attachment-medium size-medium\" alt=\"Monument_of_Stanislaw_Moniuszko_in_Warsaw Sculpturor Jan Szczepkowski Photo Wojciech Dittwald, CC BY-SA 4.0\" srcset=\"https:\/\/pb.edu.pl\/sjo\/wp-content\/uploads\/sites\/9\/2023\/01\/Monument_of_Stanislaw_Moniuszko_in_Warsaw-Sculpturor-Jan-Szczepkowski-Photo-Wojciech-Dittwald-CC-BY-SA-4.0-225x300.jpg 225w, https:\/\/pb.edu.pl\/sjo\/wp-content\/uploads\/sites\/9\/2023\/01\/Monument_of_Stanislaw_Moniuszko_in_Warsaw-Sculpturor-Jan-Szczepkowski-Photo-Wojciech-Dittwald-CC-BY-SA-4.0.jpg 512w\" sizes=\"auto, (max-width: 225px) 100vw, 225px\" \/><\/a>\n\t\t\t<\/div><\/figure><figure class='gallery-item'>\n\t\t\t<div class='gallery-icon landscape'>\n\t\t\t\t<a href='https:\/\/pb.edu.pl\/sjo\/polish-lab\/czy-wiecie-ze\/stanislaw-moniuszko\/przasniczka_akordy-svg\/'><img loading=\"lazy\" decoding=\"async\" width=\"300\" height=\"129\" src=\"https:\/\/pb.edu.pl\/sjo\/wp-content\/uploads\/sites\/9\/2023\/01\/Przasniczka_Akordy.svg_-300x129.png\" class=\"attachment-medium size-medium\" alt=\"Prz\u0105\u015bniczka_Akordy\" srcset=\"https:\/\/pb.edu.pl\/sjo\/wp-content\/uploads\/sites\/9\/2023\/01\/Przasniczka_Akordy.svg_-300x129.png 300w, https:\/\/pb.edu.pl\/sjo\/wp-content\/uploads\/sites\/9\/2023\/01\/Przasniczka_Akordy.svg_-768x331.png 768w, https:\/\/pb.edu.pl\/sjo\/wp-content\/uploads\/sites\/9\/2023\/01\/Przasniczka_Akordy.svg_.png 784w\" sizes=\"auto, (max-width: 300px) 100vw, 300px\" \/><\/a>\n\t\t\t<\/div><\/figure><figure class='gallery-item'>\n\t\t\t<div class='gallery-icon portrait'>\n\t\t\t\t<a href='https:\/\/pb.edu.pl\/sjo\/polish-lab\/czy-wiecie-ze\/stanislaw-moniuszko\/moniuszko-szuszonik-cc-by-sa-4-0\/'><img loading=\"lazy\" decoding=\"async\" width=\"212\" height=\"300\" src=\"https:\/\/pb.edu.pl\/sjo\/wp-content\/uploads\/sites\/9\/2023\/01\/moniuszko-Szuszonik-CC-BY-SA-4.0-212x300.jpg\" class=\"attachment-medium size-medium\" alt=\"Stanis\u0142aw Moniuszko\" srcset=\"https:\/\/pb.edu.pl\/sjo\/wp-content\/uploads\/sites\/9\/2023\/01\/moniuszko-Szuszonik-CC-BY-SA-4.0-212x300.jpg 212w, https:\/\/pb.edu.pl\/sjo\/wp-content\/uploads\/sites\/9\/2023\/01\/moniuszko-Szuszonik-CC-BY-SA-4.0.jpg 420w\" sizes=\"auto, (max-width: 212px) 100vw, 212px\" \/><\/a>\n\t\t\t<\/div><\/figure>\n\t\t<\/div>\n\n<p><span style=\"font-family: verdana, geneva, sans-serif;font-size: 12pt\">&nbsp;Premiera Strasznego Dworu W Operze i Filharmonii Podlaskiej&nbsp; <a href=\"https:\/\/youtu.be\/ihrou8B-iFo\">https:\/\/youtu.be\/ihrou8B-iFo<\/a><\/span><\/p>\n<p><span style=\"font-family: verdana, geneva, sans-serif;font-size: 12pt\">&nbsp;Prz\u0105\u015bniczka <a href=\"https:\/\/youtu.be\/Yj2BtVIXJyo\">https:\/\/youtu.be\/Yj2BtVIXJyo<\/a><br \/>\n<\/span><\/p>\n<div id='gallery-2' class='gallery galleryid-18023 gallery-columns-1 gallery-size-large'><figure class='gallery-item'>\n\t\t\t<div class='gallery-icon landscape'>\n\t\t\t\t<a href='https:\/\/pb.edu.pl\/sjo\/polish-lab\/czy-wiecie-ze\/stanislaw-moniuszko\/moniuszko-oifp-hoto-bia24\/'><img loading=\"lazy\" decoding=\"async\" width=\"1024\" height=\"576\" src=\"https:\/\/pb.edu.pl\/sjo\/wp-content\/uploads\/sites\/9\/2023\/01\/Moniuszko-oifp-hoto-BIA24-1024x576.jpg\" class=\"attachment-large size-large\" alt=\"Opera i Filharmonia Podlaska w Bia\u0142ymstoku, photo BIA24\" aria-describedby=\"gallery-2-18036\" srcset=\"https:\/\/pb.edu.pl\/sjo\/wp-content\/uploads\/sites\/9\/2023\/01\/Moniuszko-oifp-hoto-BIA24-1024x576.jpg 1024w, https:\/\/pb.edu.pl\/sjo\/wp-content\/uploads\/sites\/9\/2023\/01\/Moniuszko-oifp-hoto-BIA24-300x169.jpg 300w, https:\/\/pb.edu.pl\/sjo\/wp-content\/uploads\/sites\/9\/2023\/01\/Moniuszko-oifp-hoto-BIA24-768x432.jpg 768w, https:\/\/pb.edu.pl\/sjo\/wp-content\/uploads\/sites\/9\/2023\/01\/Moniuszko-oifp-hoto-BIA24.jpg 1280w\" sizes=\"auto, (max-width: 1024px) 100vw, 1024px\" \/><\/a>\n\t\t\t<\/div>\n\t\t\t\t<figcaption class='wp-caption-text gallery-caption' id='gallery-2-18036'>\n\t\t\t\tOpera i Filharmonia Podlaska w Bia\u0142ymstoku, photo BIA24\n\t\t\t\t<\/figcaption><\/figure>\n\t\t<\/div>\n\n","protected":false},"excerpt":{"rendered":"<p>&nbsp; Stanis\u0142aw Moniuszko, kompozytor, dyrygent i pedagog, nazywany jest ojcem polskiej opery narodowej. By\u0142 jednym<\/p>\n","protected":false},"author":77,"featured_media":0,"parent":8281,"menu_order":0,"comment_status":"closed","ping_status":"closed","template":"","meta":{"_acf_changed":false,"ngg_post_thumbnail":0,"footnotes":""},"class_list":["post-18023","page","type-page","status-publish","hentry"],"acf":[],"yoast_head":"<!-- This site is optimized with the Yoast SEO plugin v27.0 - https:\/\/yoast.com\/product\/yoast-seo-wordpress\/ -->\n<title>Inspiruj\u0105ce - Studium J\u0119zyk\u00f3w Obcych<\/title>\n<meta name=\"description\" content=\"&nbsp; Stanis\u0142aw Moniuszko, kompozytor, dyrygent i pedagog, nazywany jest ojcem polskiej opery narodowej. By\u0142 jednym z najwybitniejszych kompozytor\u00f3w\" \/>\n<meta name=\"robots\" content=\"index, follow, max-snippet:-1, max-image-preview:large, max-video-preview:-1\" \/>\n<link rel=\"canonical\" href=\"https:\/\/pb.edu.pl\/sjo\/polish-lab\/czy-wiecie-ze\/stanislaw-moniuszko\/\" \/>\n<meta property=\"og:locale\" content=\"pl_PL\" \/>\n<meta property=\"og:type\" content=\"article\" \/>\n<meta property=\"og:title\" content=\"Inspiruj\u0105ce - Studium J\u0119zyk\u00f3w Obcych\" \/>\n<meta property=\"og:description\" content=\"&nbsp; Stanis\u0142aw Moniuszko, kompozytor, dyrygent i pedagog, nazywany jest ojcem polskiej opery narodowej. By\u0142 jednym z najwybitniejszych kompozytor\u00f3w\" \/>\n<meta property=\"og:url\" content=\"https:\/\/pb.edu.pl\/sjo\/polish-lab\/czy-wiecie-ze\/stanislaw-moniuszko\/\" \/>\n<meta property=\"og:site_name\" content=\"Studium J\u0119zyk\u00f3w Obcych\" \/>\n<meta property=\"article:modified_time\" content=\"2023-02-06T12:52:13+00:00\" \/>\n<meta property=\"og:image\" content=\"https:\/\/pb.edu.pl\/sjo\/wp-content\/uploads\/sites\/9\/2023\/01\/Moniuszko_autor-grafik-_Jean_Baptiste_Adolphe-CC-BY-SA-4.0-222x300.jpg\" \/>\n<meta name=\"twitter:label1\" content=\"Szacowany czas czytania\" \/>\n\t<meta name=\"twitter:data1\" content=\"2 minuty\" \/>\n<script type=\"application\/ld+json\" class=\"yoast-schema-graph\">{\"@context\":\"https:\/\/schema.org\",\"@graph\":[{\"@type\":\"WebPage\",\"@id\":\"https:\/\/pb.edu.pl\/sjo\/polish-lab\/czy-wiecie-ze\/stanislaw-moniuszko\/\",\"url\":\"https:\/\/pb.edu.pl\/sjo\/polish-lab\/czy-wiecie-ze\/stanislaw-moniuszko\/\",\"name\":\"Inspiruj\u0105ce - Studium J\u0119zyk\u00f3w Obcych\",\"isPartOf\":{\"@id\":\"https:\/\/pb.edu.pl\/sjo\/#website\"},\"datePublished\":\"2023-01-06T23:38:06+00:00\",\"dateModified\":\"2023-02-06T12:52:13+00:00\",\"description\":\"&nbsp; Stanis\u0142aw Moniuszko, kompozytor, dyrygent i pedagog, nazywany jest ojcem polskiej opery narodowej. By\u0142 jednym z najwybitniejszych kompozytor\u00f3w\",\"breadcrumb\":{\"@id\":\"https:\/\/pb.edu.pl\/sjo\/polish-lab\/czy-wiecie-ze\/stanislaw-moniuszko\/#breadcrumb\"},\"inLanguage\":\"pl-PL\",\"potentialAction\":[{\"@type\":\"ReadAction\",\"target\":[\"https:\/\/pb.edu.pl\/sjo\/polish-lab\/czy-wiecie-ze\/stanislaw-moniuszko\/\"]}]},{\"@type\":\"BreadcrumbList\",\"@id\":\"https:\/\/pb.edu.pl\/sjo\/polish-lab\/czy-wiecie-ze\/stanislaw-moniuszko\/#breadcrumb\",\"itemListElement\":[{\"@type\":\"ListItem\",\"position\":1,\"name\":\"Home\",\"item\":\"https:\/\/pb.edu.pl\/sjo\/\"},{\"@type\":\"ListItem\",\"position\":2,\"name\":\"Centrum J\u0119zyka i Kultury Polskiej POLISH LAB\",\"item\":\"https:\/\/pb.edu.pl\/sjo\/polish-lab\/\"},{\"@type\":\"ListItem\",\"position\":3,\"name\":\"O Polsce i Polakach\",\"item\":\"https:\/\/pb.edu.pl\/sjo\/polish-lab\/czy-wiecie-ze\/\"},{\"@type\":\"ListItem\",\"position\":4,\"name\":\"Inspiruj\u0105ce\"}]},{\"@type\":\"WebSite\",\"@id\":\"https:\/\/pb.edu.pl\/sjo\/#website\",\"url\":\"https:\/\/pb.edu.pl\/sjo\/\",\"name\":\"Studium J\u0119zyk\u00f3w Obcych\",\"description\":\"\",\"potentialAction\":[{\"@type\":\"SearchAction\",\"target\":{\"@type\":\"EntryPoint\",\"urlTemplate\":\"https:\/\/pb.edu.pl\/sjo\/?s={search_term_string}\"},\"query-input\":{\"@type\":\"PropertyValueSpecification\",\"valueRequired\":true,\"valueName\":\"search_term_string\"}}],\"inLanguage\":\"pl-PL\"}]}<\/script>\n<!-- \/ Yoast SEO plugin. -->","yoast_head_json":{"title":"Inspiruj\u0105ce - Studium J\u0119zyk\u00f3w Obcych","description":"&nbsp; Stanis\u0142aw Moniuszko, kompozytor, dyrygent i pedagog, nazywany jest ojcem polskiej opery narodowej. By\u0142 jednym z najwybitniejszych kompozytor\u00f3w","robots":{"index":"index","follow":"follow","max-snippet":"max-snippet:-1","max-image-preview":"max-image-preview:large","max-video-preview":"max-video-preview:-1"},"canonical":"https:\/\/pb.edu.pl\/sjo\/polish-lab\/czy-wiecie-ze\/stanislaw-moniuszko\/","og_locale":"pl_PL","og_type":"article","og_title":"Inspiruj\u0105ce - Studium J\u0119zyk\u00f3w Obcych","og_description":"&nbsp; Stanis\u0142aw Moniuszko, kompozytor, dyrygent i pedagog, nazywany jest ojcem polskiej opery narodowej. By\u0142 jednym z najwybitniejszych kompozytor\u00f3w","og_url":"https:\/\/pb.edu.pl\/sjo\/polish-lab\/czy-wiecie-ze\/stanislaw-moniuszko\/","og_site_name":"Studium J\u0119zyk\u00f3w Obcych","article_modified_time":"2023-02-06T12:52:13+00:00","og_image":[{"url":"https:\/\/pb.edu.pl\/sjo\/wp-content\/uploads\/sites\/9\/2023\/01\/Moniuszko_autor-grafik-_Jean_Baptiste_Adolphe-CC-BY-SA-4.0-222x300.jpg","type":"","width":"","height":""}],"twitter_misc":{"Szacowany czas czytania":"2 minuty"},"schema":{"@context":"https:\/\/schema.org","@graph":[{"@type":"WebPage","@id":"https:\/\/pb.edu.pl\/sjo\/polish-lab\/czy-wiecie-ze\/stanislaw-moniuszko\/","url":"https:\/\/pb.edu.pl\/sjo\/polish-lab\/czy-wiecie-ze\/stanislaw-moniuszko\/","name":"Inspiruj\u0105ce - Studium J\u0119zyk\u00f3w Obcych","isPartOf":{"@id":"https:\/\/pb.edu.pl\/sjo\/#website"},"datePublished":"2023-01-06T23:38:06+00:00","dateModified":"2023-02-06T12:52:13+00:00","description":"&nbsp; Stanis\u0142aw Moniuszko, kompozytor, dyrygent i pedagog, nazywany jest ojcem polskiej opery narodowej. By\u0142 jednym z najwybitniejszych kompozytor\u00f3w","breadcrumb":{"@id":"https:\/\/pb.edu.pl\/sjo\/polish-lab\/czy-wiecie-ze\/stanislaw-moniuszko\/#breadcrumb"},"inLanguage":"pl-PL","potentialAction":[{"@type":"ReadAction","target":["https:\/\/pb.edu.pl\/sjo\/polish-lab\/czy-wiecie-ze\/stanislaw-moniuszko\/"]}]},{"@type":"BreadcrumbList","@id":"https:\/\/pb.edu.pl\/sjo\/polish-lab\/czy-wiecie-ze\/stanislaw-moniuszko\/#breadcrumb","itemListElement":[{"@type":"ListItem","position":1,"name":"Home","item":"https:\/\/pb.edu.pl\/sjo\/"},{"@type":"ListItem","position":2,"name":"Centrum J\u0119zyka i Kultury Polskiej POLISH LAB","item":"https:\/\/pb.edu.pl\/sjo\/polish-lab\/"},{"@type":"ListItem","position":3,"name":"O Polsce i Polakach","item":"https:\/\/pb.edu.pl\/sjo\/polish-lab\/czy-wiecie-ze\/"},{"@type":"ListItem","position":4,"name":"Inspiruj\u0105ce"}]},{"@type":"WebSite","@id":"https:\/\/pb.edu.pl\/sjo\/#website","url":"https:\/\/pb.edu.pl\/sjo\/","name":"Studium J\u0119zyk\u00f3w Obcych","description":"","potentialAction":[{"@type":"SearchAction","target":{"@type":"EntryPoint","urlTemplate":"https:\/\/pb.edu.pl\/sjo\/?s={search_term_string}"},"query-input":{"@type":"PropertyValueSpecification","valueRequired":true,"valueName":"search_term_string"}}],"inLanguage":"pl-PL"}]}},"_links":{"self":[{"href":"https:\/\/pb.edu.pl\/sjo\/wp-json\/wp\/v2\/pages\/18023","targetHints":{"allow":["GET"]}}],"collection":[{"href":"https:\/\/pb.edu.pl\/sjo\/wp-json\/wp\/v2\/pages"}],"about":[{"href":"https:\/\/pb.edu.pl\/sjo\/wp-json\/wp\/v2\/types\/page"}],"author":[{"embeddable":true,"href":"https:\/\/pb.edu.pl\/sjo\/wp-json\/wp\/v2\/users\/77"}],"replies":[{"embeddable":true,"href":"https:\/\/pb.edu.pl\/sjo\/wp-json\/wp\/v2\/comments?post=18023"}],"version-history":[{"count":0,"href":"https:\/\/pb.edu.pl\/sjo\/wp-json\/wp\/v2\/pages\/18023\/revisions"}],"up":[{"embeddable":true,"href":"https:\/\/pb.edu.pl\/sjo\/wp-json\/wp\/v2\/pages\/8281"}],"wp:attachment":[{"href":"https:\/\/pb.edu.pl\/sjo\/wp-json\/wp\/v2\/media?parent=18023"}],"curies":[{"name":"wp","href":"https:\/\/api.w.org\/{rel}","templated":true}]}}