{"id":17891,"date":"2023-01-06T11:44:41","date_gmt":"2023-01-06T10:44:41","guid":{"rendered":"https:\/\/pb.edu.pl\/sjo\/?page_id=17891"},"modified":"2023-02-06T13:51:39","modified_gmt":"2023-02-06T12:51:39","slug":"jacek-yerka","status":"publish","type":"page","link":"https:\/\/pb.edu.pl\/sjo\/polish-lab\/czy-wiecie-ze\/jacek-yerka\/","title":{"rendered":"Jacek Yerka"},"content":{"rendered":"<p><span style=\"font-family: verdana, geneva, sans-serif;font-size: 12pt\">Jacek Yerka &#8211; malarz z niesamowit\u0105 i nieposkromion\u0105 niczym wyobra\u017ani\u0105. Z jego obraz\u00f3w wy\u0142ania si\u0119 fantastyczny, ba\u015bniowy \u015bwiat, niezwyk\u0142e postacie czy zwierz\u0119ta, rekwizyty i miejsca, niby dobrze nam znane, ale jak\u017ce niecodzienne, symboliczne, zdumiewaj\u0105ce i zachwycaj\u0105ce. Na pierwszy rzut oka s\u0105 to obrazy ca\u0142kiem realistyczne, przykuwaj\u0105 uwag\u0119 \u017cyw\u0105 kolorystyk\u0105, ale ju\u017c po chwili wpadamy do ich wn\u0119trza, dajemy si\u0119 ponie\u015b\u0107 fantazji artysty, toniemy w domys\u0142ach, skojarzeniach, aluzjach. Bo w \u015bwiecie Yerki nic nie jest tym, czym na poz\u00f3r zdaje si\u0119 by\u0107.<\/span><\/p>\n<p><span style=\"font-family: verdana, geneva, sans-serif;font-size: 12pt\">Jacek Yerka to wsp\u00f3\u0142czesny kontynuator flamandzkich arcymistrz\u00f3w, takich jak Pieter Bruegel, Jan van Eyck czy Hieronimus Bosch. Czerpi\u0105c inspiracj\u0119 od dawnych mistrz\u00f3w tworzy surrealistyczne kompozycje z ogromnym kunsztem i oddaniem dla szczeg\u00f3\u0142u.&nbsp; Nie uto\u017csamia si\u0119 z \u017cadnym nurtem artystycznym, nie daje si\u0119 zaszufladkowa\u0107. &#8222;Klasyfikacje s\u0105 dla urz\u0119dnik\u00f3w&#8221;, powiada.<br \/>\n<\/span><\/p>\n<p><span style=\"font-family: verdana, geneva, sans-serif;font-size: 12pt\">Jak m\u00f3wi sam artysta, pomys\u0142y na te niezwyk\u0142e sceny malowane &nbsp;na p\u0142\u00f3tnach to cz\u0119sto wspomnienia z dzieci\u0144stwa, obrazy ze sn\u00f3w, koszmary z przesz\u0142o\u015bci, ale r\u00f3wnie\u017c postaci i sytuacje wykreowane podczas s\u0142uchania muzyki lub czytania literatury science-fiction. <em>\u201eLubi\u0119 w pracy tw\u00f3rczej przecieranie \u015bcie\u017cek, odkrywanie nowych skojarze\u0144, zag\u0142\u0119bianie si\u0119 w \u015bwiaty niemo\u017cliwe \u2013 to s\u0105 najprzyjemniejsze, ale i najtrudniejsze etapy pracy nad obrazem.\u201d<\/em><\/span><\/p>\n<p>&nbsp;<\/p>\n<div id='gallery-1' class='gallery galleryid-17891 gallery-columns-4 gallery-size-medium'><figure class='gallery-item'>\n\t\t\t<div class='gallery-icon landscape'>\n\t\t\t\t<a href='https:\/\/pb.edu.pl\/sjo\/polish-lab\/czy-wiecie-ze\/jacek-yerka\/yerka-img_20220825_170858\/'><img loading=\"lazy\" decoding=\"async\" width=\"300\" height=\"234\" src=\"https:\/\/pb.edu.pl\/sjo\/wp-content\/uploads\/sites\/9\/2023\/01\/yerka-IMG_20220825_170858-300x234.jpg\" class=\"attachment-medium size-medium\" alt=\"\" srcset=\"https:\/\/pb.edu.pl\/sjo\/wp-content\/uploads\/sites\/9\/2023\/01\/yerka-IMG_20220825_170858-300x234.jpg 300w, https:\/\/pb.edu.pl\/sjo\/wp-content\/uploads\/sites\/9\/2023\/01\/yerka-IMG_20220825_170858-1024x799.jpg 1024w, https:\/\/pb.edu.pl\/sjo\/wp-content\/uploads\/sites\/9\/2023\/01\/yerka-IMG_20220825_170858-768x599.jpg 768w, https:\/\/pb.edu.pl\/sjo\/wp-content\/uploads\/sites\/9\/2023\/01\/yerka-IMG_20220825_170858-1536x1199.jpg 1536w, https:\/\/pb.edu.pl\/sjo\/wp-content\/uploads\/sites\/9\/2023\/01\/yerka-IMG_20220825_170858-2048x1598.jpg 2048w\" sizes=\"auto, (max-width: 300px) 100vw, 300px\" \/><\/a>\n\t\t\t<\/div><\/figure><figure class='gallery-item'>\n\t\t\t<div class='gallery-icon portrait'>\n\t\t\t\t<a href='https:\/\/pb.edu.pl\/sjo\/polish-lab\/czy-wiecie-ze\/jacek-yerka\/yerka-mg_20220825_170715\/'><img loading=\"lazy\" decoding=\"async\" width=\"238\" height=\"300\" src=\"https:\/\/pb.edu.pl\/sjo\/wp-content\/uploads\/sites\/9\/2023\/01\/yerka-MG_20220825_170715-238x300.jpg\" class=\"attachment-medium size-medium\" alt=\"\" srcset=\"https:\/\/pb.edu.pl\/sjo\/wp-content\/uploads\/sites\/9\/2023\/01\/yerka-MG_20220825_170715-238x300.jpg 238w, https:\/\/pb.edu.pl\/sjo\/wp-content\/uploads\/sites\/9\/2023\/01\/yerka-MG_20220825_170715-812x1024.jpg 812w, https:\/\/pb.edu.pl\/sjo\/wp-content\/uploads\/sites\/9\/2023\/01\/yerka-MG_20220825_170715-768x969.jpg 768w, https:\/\/pb.edu.pl\/sjo\/wp-content\/uploads\/sites\/9\/2023\/01\/yerka-MG_20220825_170715-1218x1536.jpg 1218w, https:\/\/pb.edu.pl\/sjo\/wp-content\/uploads\/sites\/9\/2023\/01\/yerka-MG_20220825_170715-1624x2048.jpg 1624w, https:\/\/pb.edu.pl\/sjo\/wp-content\/uploads\/sites\/9\/2023\/01\/yerka-MG_20220825_170715-scaled.jpg 2030w\" sizes=\"auto, (max-width: 238px) 100vw, 238px\" \/><\/a>\n\t\t\t<\/div><\/figure><figure class='gallery-item'>\n\t\t\t<div class='gallery-icon portrait'>\n\t\t\t\t<a href='https:\/\/pb.edu.pl\/sjo\/polish-lab\/czy-wiecie-ze\/jacek-yerka\/yerka-oceanic-bathroom\/'><img loading=\"lazy\" decoding=\"async\" width=\"248\" height=\"300\" src=\"https:\/\/pb.edu.pl\/sjo\/wp-content\/uploads\/sites\/9\/2023\/01\/Yerka-oceanic-bathroom-248x300.jpeg\" class=\"attachment-medium size-medium\" alt=\"\u0141azienka oceaniczna\" srcset=\"https:\/\/pb.edu.pl\/sjo\/wp-content\/uploads\/sites\/9\/2023\/01\/Yerka-oceanic-bathroom-248x300.jpeg 248w, https:\/\/pb.edu.pl\/sjo\/wp-content\/uploads\/sites\/9\/2023\/01\/Yerka-oceanic-bathroom-846x1024.jpeg 846w, https:\/\/pb.edu.pl\/sjo\/wp-content\/uploads\/sites\/9\/2023\/01\/Yerka-oceanic-bathroom-768x929.jpeg 768w, https:\/\/pb.edu.pl\/sjo\/wp-content\/uploads\/sites\/9\/2023\/01\/Yerka-oceanic-bathroom.jpeg 1024w\" sizes=\"auto, (max-width: 248px) 100vw, 248px\" \/><\/a>\n\t\t\t<\/div><\/figure><figure class='gallery-item'>\n\t\t\t<div class='gallery-icon landscape'>\n\t\t\t\t<a href='https:\/\/pb.edu.pl\/sjo\/polish-lab\/czy-wiecie-ze\/jacek-yerka\/yerka-img_20220825_170759\/'><img loading=\"lazy\" decoding=\"async\" width=\"300\" height=\"266\" src=\"https:\/\/pb.edu.pl\/sjo\/wp-content\/uploads\/sites\/9\/2023\/01\/yerka-IMG_20220825_170759-300x266.jpg\" class=\"attachment-medium size-medium\" alt=\"\" srcset=\"https:\/\/pb.edu.pl\/sjo\/wp-content\/uploads\/sites\/9\/2023\/01\/yerka-IMG_20220825_170759-300x266.jpg 300w, https:\/\/pb.edu.pl\/sjo\/wp-content\/uploads\/sites\/9\/2023\/01\/yerka-IMG_20220825_170759-1024x907.jpg 1024w, https:\/\/pb.edu.pl\/sjo\/wp-content\/uploads\/sites\/9\/2023\/01\/yerka-IMG_20220825_170759-768x680.jpg 768w, https:\/\/pb.edu.pl\/sjo\/wp-content\/uploads\/sites\/9\/2023\/01\/yerka-IMG_20220825_170759-1536x1360.jpg 1536w, https:\/\/pb.edu.pl\/sjo\/wp-content\/uploads\/sites\/9\/2023\/01\/yerka-IMG_20220825_170759-2048x1814.jpg 2048w\" sizes=\"auto, (max-width: 300px) 100vw, 300px\" \/><\/a>\n\t\t\t<\/div><\/figure>\n\t\t<\/div>\n\n<p><span style=\"font-family: verdana, geneva, sans-serif;font-size: 12pt\">W 1995 roku Jacek Yerka otrzyma\u0142 presti\u017cow\u0105 nagrod\u0119 World Fantasy Award dla najlepszego artysty. Wystawia w Polsce i za granic\u0105, m.in. w Niemczech, Francji i USA, ma wiernych odbiorc\u00f3w swojej sztuki na wszystkich kontynentach.<\/span><\/p>\n<p><span style=\"font-family: verdana, geneva, sans-serif;font-size: 12pt\">Urodzony w roku 1952 malarz uznawany jest obecnie za jednego z najzdolniejszych wsp\u00f3\u0142czesnych polskich tw\u00f3rc\u00f3w. Zas\u0142u\u017cenie!<\/span><\/p>\n<p><span style=\"font-family: verdana, geneva, sans-serif;font-size: 12pt\">Warto pos\u0142ucha\u0107 malarza, jak omawia kilka ze swoich kompozycji, kt\u00f3re latem mo\u017cna by\u0142o obejrze\u0107 w Domu Aukcyjnym Agra Art w Warszawie: <a href=\"https:\/\/youtu.be\/AQ2aQ-sgpWU\">https:\/\/youtu.be\/AQ2aQ-sgpWU<\/a><\/span><\/p>\n<p>&nbsp;<\/p>\n<p><span style=\"font-family: verdana, geneva, sans-serif;font-size: 12pt\">Zdj\u0119cia obraz\u00f3w Jacka Yerki pochodz\u0105 g\u0142\u00f3wnie ze strony <a href=\"https:\/\/www.agraart.pl\">https:\/\/www.agraart.pl<\/a><\/span><\/p>\n<div id='gallery-2' class='gallery galleryid-17891 gallery-columns-4 gallery-size-medium'><figure class='gallery-item'>\n\t\t\t<div class='gallery-icon portrait'>\n\t\t\t\t<a href='https:\/\/pb.edu.pl\/sjo\/polish-lab\/czy-wiecie-ze\/jacek-yerka\/yerka-bibliotama\/'><img loading=\"lazy\" decoding=\"async\" width=\"237\" height=\"300\" src=\"https:\/\/pb.edu.pl\/sjo\/wp-content\/uploads\/sites\/9\/2023\/01\/Yerka-bibliotama-237x300.jpg\" class=\"attachment-medium size-medium\" alt=\"Bibliotama\" srcset=\"https:\/\/pb.edu.pl\/sjo\/wp-content\/uploads\/sites\/9\/2023\/01\/Yerka-bibliotama-237x300.jpg 237w, https:\/\/pb.edu.pl\/sjo\/wp-content\/uploads\/sites\/9\/2023\/01\/Yerka-bibliotama-807x1024.jpg 807w, https:\/\/pb.edu.pl\/sjo\/wp-content\/uploads\/sites\/9\/2023\/01\/Yerka-bibliotama-768x974.jpg 768w, https:\/\/pb.edu.pl\/sjo\/wp-content\/uploads\/sites\/9\/2023\/01\/Yerka-bibliotama.jpg 1100w\" sizes=\"auto, (max-width: 237px) 100vw, 237px\" \/><\/a>\n\t\t\t<\/div><\/figure><figure class='gallery-item'>\n\t\t\t<div class='gallery-icon landscape'>\n\t\t\t\t<a href='https:\/\/pb.edu.pl\/sjo\/polish-lab\/czy-wiecie-ze\/jacek-yerka\/yerka-zniwny-amok\/'><img loading=\"lazy\" decoding=\"async\" width=\"300\" height=\"277\" src=\"https:\/\/pb.edu.pl\/sjo\/wp-content\/uploads\/sites\/9\/2023\/01\/Yerka-zniwny-amok-300x277.jpg\" class=\"attachment-medium size-medium\" alt=\"\" srcset=\"https:\/\/pb.edu.pl\/sjo\/wp-content\/uploads\/sites\/9\/2023\/01\/Yerka-zniwny-amok-300x277.jpg 300w, https:\/\/pb.edu.pl\/sjo\/wp-content\/uploads\/sites\/9\/2023\/01\/Yerka-zniwny-amok-1024x944.jpg 1024w, https:\/\/pb.edu.pl\/sjo\/wp-content\/uploads\/sites\/9\/2023\/01\/Yerka-zniwny-amok-768x708.jpg 768w, https:\/\/pb.edu.pl\/sjo\/wp-content\/uploads\/sites\/9\/2023\/01\/Yerka-zniwny-amok.jpg 1100w\" sizes=\"auto, (max-width: 300px) 100vw, 300px\" \/><\/a>\n\t\t\t<\/div><\/figure><figure class='gallery-item'>\n\t\t\t<div class='gallery-icon landscape'>\n\t\t\t\t<a href='https:\/\/pb.edu.pl\/sjo\/polish-lab\/czy-wiecie-ze\/jacek-yerka\/yerka-wigilia-wedlug-karpia\/'><img loading=\"lazy\" decoding=\"async\" width=\"300\" height=\"255\" src=\"https:\/\/pb.edu.pl\/sjo\/wp-content\/uploads\/sites\/9\/2023\/01\/yerka-Wigilia-wedlug-karpia-300x255.jpeg\" class=\"attachment-medium size-medium\" alt=\"Wigilia wed\u0142ug karpia\" srcset=\"https:\/\/pb.edu.pl\/sjo\/wp-content\/uploads\/sites\/9\/2023\/01\/yerka-Wigilia-wedlug-karpia-300x255.jpeg 300w, https:\/\/pb.edu.pl\/sjo\/wp-content\/uploads\/sites\/9\/2023\/01\/yerka-Wigilia-wedlug-karpia-768x654.jpeg 768w, https:\/\/pb.edu.pl\/sjo\/wp-content\/uploads\/sites\/9\/2023\/01\/yerka-Wigilia-wedlug-karpia.jpeg 800w\" sizes=\"auto, (max-width: 300px) 100vw, 300px\" \/><\/a>\n\t\t\t<\/div><\/figure><figure class='gallery-item'>\n\t\t\t<div class='gallery-icon landscape'>\n\t\t\t\t<a href='https:\/\/pb.edu.pl\/sjo\/polish-lab\/czy-wiecie-ze\/jacek-yerka\/yerka-cztery-pory-roku\/'><img loading=\"lazy\" decoding=\"async\" width=\"300\" height=\"300\" src=\"https:\/\/pb.edu.pl\/sjo\/wp-content\/uploads\/sites\/9\/2023\/01\/Yerka-cztery-pory-roku-300x300.jpg\" class=\"attachment-medium size-medium\" alt=\"Cztery pory roku\" srcset=\"https:\/\/pb.edu.pl\/sjo\/wp-content\/uploads\/sites\/9\/2023\/01\/Yerka-cztery-pory-roku-300x300.jpg 300w, https:\/\/pb.edu.pl\/sjo\/wp-content\/uploads\/sites\/9\/2023\/01\/Yerka-cztery-pory-roku.jpg 526w\" sizes=\"auto, (max-width: 300px) 100vw, 300px\" \/><\/a>\n\t\t\t<\/div><\/figure>\n\t\t<\/div>\n\n<div id='gallery-3' class='gallery galleryid-17891 gallery-columns-3 gallery-size-medium'><figure class='gallery-item'>\n\t\t\t<div class='gallery-icon landscape'>\n\t\t\t\t<a href='https:\/\/pb.edu.pl\/sjo\/polish-lab\/czy-wiecie-ze\/jacek-yerka\/yerka-img_20220825_170114\/'><img loading=\"lazy\" decoding=\"async\" width=\"300\" height=\"169\" src=\"https:\/\/pb.edu.pl\/sjo\/wp-content\/uploads\/sites\/9\/2023\/01\/yerka-IMG_20220825_170114-300x169.jpg\" class=\"attachment-medium size-medium\" alt=\"Wystawa obrz\u00f3w Jacka Yerki w AgraArt\" srcset=\"https:\/\/pb.edu.pl\/sjo\/wp-content\/uploads\/sites\/9\/2023\/01\/yerka-IMG_20220825_170114-300x169.jpg 300w, https:\/\/pb.edu.pl\/sjo\/wp-content\/uploads\/sites\/9\/2023\/01\/yerka-IMG_20220825_170114-1024x576.jpg 1024w, https:\/\/pb.edu.pl\/sjo\/wp-content\/uploads\/sites\/9\/2023\/01\/yerka-IMG_20220825_170114-768x432.jpg 768w, https:\/\/pb.edu.pl\/sjo\/wp-content\/uploads\/sites\/9\/2023\/01\/yerka-IMG_20220825_170114-1536x864.jpg 1536w, https:\/\/pb.edu.pl\/sjo\/wp-content\/uploads\/sites\/9\/2023\/01\/yerka-IMG_20220825_170114-2048x1152.jpg 2048w\" sizes=\"auto, (max-width: 300px) 100vw, 300px\" \/><\/a>\n\t\t\t<\/div><\/figure><figure class='gallery-item'>\n\t\t\t<div class='gallery-icon landscape'>\n\t\t\t\t<a href='https:\/\/pb.edu.pl\/sjo\/polish-lab\/czy-wiecie-ze\/jacek-yerka\/yerka\/'><img loading=\"lazy\" decoding=\"async\" width=\"300\" height=\"200\" src=\"https:\/\/pb.edu.pl\/sjo\/wp-content\/uploads\/sites\/9\/2023\/01\/yerka-300x200.jpg\" class=\"attachment-medium size-medium\" alt=\"Jacek Yerka\" srcset=\"https:\/\/pb.edu.pl\/sjo\/wp-content\/uploads\/sites\/9\/2023\/01\/yerka-300x200.jpg 300w, https:\/\/pb.edu.pl\/sjo\/wp-content\/uploads\/sites\/9\/2023\/01\/yerka-1024x683.jpg 1024w, https:\/\/pb.edu.pl\/sjo\/wp-content\/uploads\/sites\/9\/2023\/01\/yerka-768x512.jpg 768w, https:\/\/pb.edu.pl\/sjo\/wp-content\/uploads\/sites\/9\/2023\/01\/yerka-1536x1024.jpg 1536w, https:\/\/pb.edu.pl\/sjo\/wp-content\/uploads\/sites\/9\/2023\/01\/yerka-2048x1365.jpg 2048w, https:\/\/pb.edu.pl\/sjo\/wp-content\/uploads\/sites\/9\/2023\/01\/yerka-480x320.jpg 480w\" sizes=\"auto, (max-width: 300px) 100vw, 300px\" \/><\/a>\n\t\t\t<\/div><\/figure><figure class='gallery-item'>\n\t\t\t<div class='gallery-icon landscape'>\n\t\t\t\t<a href='https:\/\/pb.edu.pl\/sjo\/polish-lab\/czy-wiecie-ze\/jacek-yerka\/yerka-img_20220825_165821\/'><img loading=\"lazy\" decoding=\"async\" width=\"300\" height=\"170\" src=\"https:\/\/pb.edu.pl\/sjo\/wp-content\/uploads\/sites\/9\/2023\/01\/yerka-IMG_20220825_165821-300x170.jpg\" class=\"attachment-medium size-medium\" alt=\"\" srcset=\"https:\/\/pb.edu.pl\/sjo\/wp-content\/uploads\/sites\/9\/2023\/01\/yerka-IMG_20220825_165821-300x170.jpg 300w, https:\/\/pb.edu.pl\/sjo\/wp-content\/uploads\/sites\/9\/2023\/01\/yerka-IMG_20220825_165821-1024x581.jpg 1024w, https:\/\/pb.edu.pl\/sjo\/wp-content\/uploads\/sites\/9\/2023\/01\/yerka-IMG_20220825_165821-768x436.jpg 768w, https:\/\/pb.edu.pl\/sjo\/wp-content\/uploads\/sites\/9\/2023\/01\/yerka-IMG_20220825_165821-1536x872.jpg 1536w, https:\/\/pb.edu.pl\/sjo\/wp-content\/uploads\/sites\/9\/2023\/01\/yerka-IMG_20220825_165821-2048x1162.jpg 2048w\" sizes=\"auto, (max-width: 300px) 100vw, 300px\" \/><\/a>\n\t\t\t<\/div><\/figure>\n\t\t<\/div>\n\n","protected":false},"excerpt":{"rendered":"<p>Jacek Yerka &#8211; malarz z niesamowit\u0105 i nieposkromion\u0105 niczym wyobra\u017ani\u0105. Z jego obraz\u00f3w wy\u0142ania si\u0119<\/p>\n","protected":false},"author":77,"featured_media":0,"parent":8281,"menu_order":0,"comment_status":"closed","ping_status":"closed","template":"","meta":{"_acf_changed":false,"ngg_post_thumbnail":0,"footnotes":""},"class_list":["post-17891","page","type-page","status-publish","hentry"],"acf":[],"yoast_head":"<!-- This site is optimized with the Yoast SEO plugin v27.0 - https:\/\/yoast.com\/product\/yoast-seo-wordpress\/ -->\n<title>Jacek Yerka - Studium J\u0119zyk\u00f3w Obcych<\/title>\n<meta name=\"description\" content=\"Jacek Yerka - malarz z niesamowit\u0105 i nieposkromion\u0105 niczym wyobra\u017ani\u0105. Z jego obraz\u00f3w wy\u0142ania si\u0119 fantastyczny, ba\u015bniowy \u015bwiat, niezwyk\u0142e postacie czy\" \/>\n<meta name=\"robots\" content=\"index, follow, max-snippet:-1, max-image-preview:large, max-video-preview:-1\" \/>\n<link rel=\"canonical\" href=\"https:\/\/pb.edu.pl\/sjo\/polish-lab\/czy-wiecie-ze\/jacek-yerka\/\" \/>\n<meta property=\"og:locale\" content=\"pl_PL\" \/>\n<meta property=\"og:type\" content=\"article\" \/>\n<meta property=\"og:title\" content=\"Jacek Yerka - Studium J\u0119zyk\u00f3w Obcych\" \/>\n<meta property=\"og:description\" content=\"Jacek Yerka - malarz z niesamowit\u0105 i nieposkromion\u0105 niczym wyobra\u017ani\u0105. Z jego obraz\u00f3w wy\u0142ania si\u0119 fantastyczny, ba\u015bniowy \u015bwiat, niezwyk\u0142e postacie czy\" \/>\n<meta property=\"og:url\" content=\"https:\/\/pb.edu.pl\/sjo\/polish-lab\/czy-wiecie-ze\/jacek-yerka\/\" \/>\n<meta property=\"og:site_name\" content=\"Studium J\u0119zyk\u00f3w Obcych\" \/>\n<meta property=\"article:modified_time\" content=\"2023-02-06T12:51:39+00:00\" \/>\n<meta property=\"og:image\" content=\"https:\/\/pb.edu.pl\/sjo\/wp-content\/uploads\/sites\/9\/2023\/01\/yerka-IMG_20220825_170858-300x234.jpg\" \/>\n<meta name=\"twitter:label1\" content=\"Szacowany czas czytania\" \/>\n\t<meta name=\"twitter:data1\" content=\"2 minuty\" \/>\n<script type=\"application\/ld+json\" class=\"yoast-schema-graph\">{\"@context\":\"https:\/\/schema.org\",\"@graph\":[{\"@type\":\"WebPage\",\"@id\":\"https:\/\/pb.edu.pl\/sjo\/polish-lab\/czy-wiecie-ze\/jacek-yerka\/\",\"url\":\"https:\/\/pb.edu.pl\/sjo\/polish-lab\/czy-wiecie-ze\/jacek-yerka\/\",\"name\":\"Jacek Yerka - Studium J\u0119zyk\u00f3w Obcych\",\"isPartOf\":{\"@id\":\"https:\/\/pb.edu.pl\/sjo\/#website\"},\"datePublished\":\"2023-01-06T10:44:41+00:00\",\"dateModified\":\"2023-02-06T12:51:39+00:00\",\"description\":\"Jacek Yerka - malarz z niesamowit\u0105 i nieposkromion\u0105 niczym wyobra\u017ani\u0105. Z jego obraz\u00f3w wy\u0142ania si\u0119 fantastyczny, ba\u015bniowy \u015bwiat, niezwyk\u0142e postacie czy\",\"breadcrumb\":{\"@id\":\"https:\/\/pb.edu.pl\/sjo\/polish-lab\/czy-wiecie-ze\/jacek-yerka\/#breadcrumb\"},\"inLanguage\":\"pl-PL\",\"potentialAction\":[{\"@type\":\"ReadAction\",\"target\":[\"https:\/\/pb.edu.pl\/sjo\/polish-lab\/czy-wiecie-ze\/jacek-yerka\/\"]}]},{\"@type\":\"BreadcrumbList\",\"@id\":\"https:\/\/pb.edu.pl\/sjo\/polish-lab\/czy-wiecie-ze\/jacek-yerka\/#breadcrumb\",\"itemListElement\":[{\"@type\":\"ListItem\",\"position\":1,\"name\":\"Home\",\"item\":\"https:\/\/pb.edu.pl\/sjo\/\"},{\"@type\":\"ListItem\",\"position\":2,\"name\":\"Centrum J\u0119zyka i Kultury Polskiej POLISH LAB\",\"item\":\"https:\/\/pb.edu.pl\/sjo\/polish-lab\/\"},{\"@type\":\"ListItem\",\"position\":3,\"name\":\"O Polsce i Polakach\",\"item\":\"https:\/\/pb.edu.pl\/sjo\/polish-lab\/czy-wiecie-ze\/\"},{\"@type\":\"ListItem\",\"position\":4,\"name\":\"Jacek Yerka\"}]},{\"@type\":\"WebSite\",\"@id\":\"https:\/\/pb.edu.pl\/sjo\/#website\",\"url\":\"https:\/\/pb.edu.pl\/sjo\/\",\"name\":\"Studium J\u0119zyk\u00f3w Obcych\",\"description\":\"\",\"potentialAction\":[{\"@type\":\"SearchAction\",\"target\":{\"@type\":\"EntryPoint\",\"urlTemplate\":\"https:\/\/pb.edu.pl\/sjo\/?s={search_term_string}\"},\"query-input\":{\"@type\":\"PropertyValueSpecification\",\"valueRequired\":true,\"valueName\":\"search_term_string\"}}],\"inLanguage\":\"pl-PL\"}]}<\/script>\n<!-- \/ Yoast SEO plugin. -->","yoast_head_json":{"title":"Jacek Yerka - Studium J\u0119zyk\u00f3w Obcych","description":"Jacek Yerka - malarz z niesamowit\u0105 i nieposkromion\u0105 niczym wyobra\u017ani\u0105. Z jego obraz\u00f3w wy\u0142ania si\u0119 fantastyczny, ba\u015bniowy \u015bwiat, niezwyk\u0142e postacie czy","robots":{"index":"index","follow":"follow","max-snippet":"max-snippet:-1","max-image-preview":"max-image-preview:large","max-video-preview":"max-video-preview:-1"},"canonical":"https:\/\/pb.edu.pl\/sjo\/polish-lab\/czy-wiecie-ze\/jacek-yerka\/","og_locale":"pl_PL","og_type":"article","og_title":"Jacek Yerka - Studium J\u0119zyk\u00f3w Obcych","og_description":"Jacek Yerka - malarz z niesamowit\u0105 i nieposkromion\u0105 niczym wyobra\u017ani\u0105. Z jego obraz\u00f3w wy\u0142ania si\u0119 fantastyczny, ba\u015bniowy \u015bwiat, niezwyk\u0142e postacie czy","og_url":"https:\/\/pb.edu.pl\/sjo\/polish-lab\/czy-wiecie-ze\/jacek-yerka\/","og_site_name":"Studium J\u0119zyk\u00f3w Obcych","article_modified_time":"2023-02-06T12:51:39+00:00","og_image":[{"url":"https:\/\/pb.edu.pl\/sjo\/wp-content\/uploads\/sites\/9\/2023\/01\/yerka-IMG_20220825_170858-300x234.jpg","type":"","width":"","height":""}],"twitter_misc":{"Szacowany czas czytania":"2 minuty"},"schema":{"@context":"https:\/\/schema.org","@graph":[{"@type":"WebPage","@id":"https:\/\/pb.edu.pl\/sjo\/polish-lab\/czy-wiecie-ze\/jacek-yerka\/","url":"https:\/\/pb.edu.pl\/sjo\/polish-lab\/czy-wiecie-ze\/jacek-yerka\/","name":"Jacek Yerka - Studium J\u0119zyk\u00f3w Obcych","isPartOf":{"@id":"https:\/\/pb.edu.pl\/sjo\/#website"},"datePublished":"2023-01-06T10:44:41+00:00","dateModified":"2023-02-06T12:51:39+00:00","description":"Jacek Yerka - malarz z niesamowit\u0105 i nieposkromion\u0105 niczym wyobra\u017ani\u0105. Z jego obraz\u00f3w wy\u0142ania si\u0119 fantastyczny, ba\u015bniowy \u015bwiat, niezwyk\u0142e postacie czy","breadcrumb":{"@id":"https:\/\/pb.edu.pl\/sjo\/polish-lab\/czy-wiecie-ze\/jacek-yerka\/#breadcrumb"},"inLanguage":"pl-PL","potentialAction":[{"@type":"ReadAction","target":["https:\/\/pb.edu.pl\/sjo\/polish-lab\/czy-wiecie-ze\/jacek-yerka\/"]}]},{"@type":"BreadcrumbList","@id":"https:\/\/pb.edu.pl\/sjo\/polish-lab\/czy-wiecie-ze\/jacek-yerka\/#breadcrumb","itemListElement":[{"@type":"ListItem","position":1,"name":"Home","item":"https:\/\/pb.edu.pl\/sjo\/"},{"@type":"ListItem","position":2,"name":"Centrum J\u0119zyka i Kultury Polskiej POLISH LAB","item":"https:\/\/pb.edu.pl\/sjo\/polish-lab\/"},{"@type":"ListItem","position":3,"name":"O Polsce i Polakach","item":"https:\/\/pb.edu.pl\/sjo\/polish-lab\/czy-wiecie-ze\/"},{"@type":"ListItem","position":4,"name":"Jacek Yerka"}]},{"@type":"WebSite","@id":"https:\/\/pb.edu.pl\/sjo\/#website","url":"https:\/\/pb.edu.pl\/sjo\/","name":"Studium J\u0119zyk\u00f3w Obcych","description":"","potentialAction":[{"@type":"SearchAction","target":{"@type":"EntryPoint","urlTemplate":"https:\/\/pb.edu.pl\/sjo\/?s={search_term_string}"},"query-input":{"@type":"PropertyValueSpecification","valueRequired":true,"valueName":"search_term_string"}}],"inLanguage":"pl-PL"}]}},"_links":{"self":[{"href":"https:\/\/pb.edu.pl\/sjo\/wp-json\/wp\/v2\/pages\/17891","targetHints":{"allow":["GET"]}}],"collection":[{"href":"https:\/\/pb.edu.pl\/sjo\/wp-json\/wp\/v2\/pages"}],"about":[{"href":"https:\/\/pb.edu.pl\/sjo\/wp-json\/wp\/v2\/types\/page"}],"author":[{"embeddable":true,"href":"https:\/\/pb.edu.pl\/sjo\/wp-json\/wp\/v2\/users\/77"}],"replies":[{"embeddable":true,"href":"https:\/\/pb.edu.pl\/sjo\/wp-json\/wp\/v2\/comments?post=17891"}],"version-history":[{"count":0,"href":"https:\/\/pb.edu.pl\/sjo\/wp-json\/wp\/v2\/pages\/17891\/revisions"}],"up":[{"embeddable":true,"href":"https:\/\/pb.edu.pl\/sjo\/wp-json\/wp\/v2\/pages\/8281"}],"wp:attachment":[{"href":"https:\/\/pb.edu.pl\/sjo\/wp-json\/wp\/v2\/media?parent=17891"}],"curies":[{"name":"wp","href":"https:\/\/api.w.org\/{rel}","templated":true}]}}