{"id":17159,"date":"2022-10-23T01:55:13","date_gmt":"2022-10-22T23:55:13","guid":{"rendered":"https:\/\/pb.edu.pl\/sjo\/?page_id=17159"},"modified":"2023-02-24T00:34:20","modified_gmt":"2023-02-23T23:34:20","slug":"iga-swiatek","status":"publish","type":"page","link":"https:\/\/pb.edu.pl\/sjo\/polish-lab\/czy-wiecie-ze\/iga-swiatek\/","title":{"rendered":"Iga \u015awi\u0105tek"},"content":{"rendered":"<p><span style=\"font-family: verdana, geneva, sans-serif;font-size: 12pt\"><strong><span style=\"font-size: 14pt\">Iga \u015awi\u0105tek<\/span> <\/strong>jest tenisistk\u0105, ma tylko 22 lata (ur. w 2001 r.), a ju\u017c jest \u201epierwsz\u0105 rakiet\u0105 \u015bwiata\u201d &#8211; liderk\u0105 rankingu singlowego WTA (the <em>Women&#8217;s Tennis Association)<\/em>. Zwyci\u0119\u017cy\u0142a w o\u015bmiu turniejach WTA w grze pojedynczej i w trzech turniejach wielkoszlemowych: French Open 2020 i 2022 oraz US Open 2022.<\/span><\/p>\n<p><span style=\"font-family: verdana, geneva, sans-serif;font-size: 12pt\">Na korcie tenisowym nie ma sobie r\u00f3wnych, dominuje i zachwyca perfekcyjn\u0105 gr\u0105, szybko\u015bci\u0105, intuicj\u0105. Ale te\u017c ujmuje miliony widz\u00f3w swoj\u0105 naturalno\u015bci\u0105, poczuciem humoru, mi\u0142ym u\u015bmiechem i szczer\u0105 rado\u015bci\u0105 z drobnych rzeczy.<\/span><\/p>\n<p><span style=\"font-family: verdana, geneva, sans-serif;font-size: 12pt\">Poza kortem odnosi te\u017c sukcesy w mediach spo\u0142eczno\u015bciowych: liczba obserwuj\u0105cych oficjalne konto Igi \u015awi\u0105tek na Instagramie przekroczy\u0142a ju\u017c milion. Nic dziwnego, bo Iga ma \u015bwietny kontakt ze swoimi fanami, cz\u0119sto zamieszcza posty i swoje zdj\u0119cia, ch\u0119tnie i &nbsp;szczerze odpowiada na pytania fan\u00f3w oraz recenzuje przeczytane ksi\u0105\u017cki.<\/span><\/p>\n<p><span style=\"font-family: verdana, geneva, sans-serif;font-size: 12pt;color: #000000\">Jak sama m\u00f3wi, nie ma zbyt wiele czasu na rozrywki. Trenuje niemal codziennie przez kilka godzin i pracuje z psychologiem sportowym. Wielk\u0105 przyjemno\u015b\u0107 sprawia jej zabawa z domow\u0105 kotk\u0105, Grapp\u0105. Ma ca\u0142kiem typowe zainteresowania: s\u0142uchanie muzyki, czytanie ksi\u0105\u017cek oraz ogl\u0105danie seriali. Jednym z ulubionych jest serial \u201eFriends\u201d i zupe\u0142nie niedawno, po obejrzeniu nagrania, na kt\u00f3rym serialowa Monica \u015brednio sobie radzi\u0142a na korcie, zaproponowa\u0142a jej profesjonalne wsparcie! Courteney Cox, graj\u0105ca t\u0119 rol\u0119, natychmiast t\u0119 pomoc przyj\u0119\u0142a. Wkr\u00f3tce dowiemy si\u0119, czy b\u0119dzie ci\u0105g dalszy ?<\/span><\/p>\n<p><span style=\"font-family: verdana, geneva, sans-serif;font-size: 12pt;color: #000000\">Przyznaje r\u00f3wnie\u017c, \u017ce uwielbia s\u0142odycze, szczeg\u00f3lnie tiramisu.&nbsp;<strong><em>\u201e<\/em><\/strong>Je\u017celi chodzi o diet\u0119, to czasami trzeba mnie pilnowa\u0107, bo kiedy jestem zm\u0119czona, lubi\u0119 si\u0119gn\u0105\u0107 po wi\u0119cej s\u0142odyczy lub t\u0142uste potrawy\u201d. Czyli: zwyczajna dziewczyna, ale niezwyk\u0142y talent!&nbsp; <\/span><\/p>\n<div id='gallery-1' class='gallery galleryid-17159 gallery-columns-3 gallery-size-full'><figure class='gallery-item'>\n\t\t\t<div class='gallery-icon portrait'>\n\t\t\t\t<a href='https:\/\/pb.edu.pl\/sjo\/polish-lab\/czy-wiecie-ze\/iga-swiatek\/iga_swiatek-cc-by-sa-2-0-2\/'><img loading=\"lazy\" decoding=\"async\" width=\"1024\" height=\"1358\" src=\"https:\/\/pb.edu.pl\/sjo\/wp-content\/uploads\/sites\/9\/2022\/10\/Iga_Swiatek-CC-BY-SA-2.0.jpg\" class=\"attachment-full size-full\" alt=\"m\u0142oda dziewczyna z rakiet\u0105 tenisow\u0105 w r\u0119kach\" aria-describedby=\"gallery-1-17164\" srcset=\"https:\/\/pb.edu.pl\/sjo\/wp-content\/uploads\/sites\/9\/2022\/10\/Iga_Swiatek-CC-BY-SA-2.0.jpg 1024w, https:\/\/pb.edu.pl\/sjo\/wp-content\/uploads\/sites\/9\/2022\/10\/Iga_Swiatek-CC-BY-SA-2.0-226x300.jpg 226w, https:\/\/pb.edu.pl\/sjo\/wp-content\/uploads\/sites\/9\/2022\/10\/Iga_Swiatek-CC-BY-SA-2.0-772x1024.jpg 772w, https:\/\/pb.edu.pl\/sjo\/wp-content\/uploads\/sites\/9\/2022\/10\/Iga_Swiatek-CC-BY-SA-2.0-768x1019.jpg 768w\" sizes=\"auto, (max-width: 1024px) 100vw, 1024px\" \/><\/a>\n\t\t\t<\/div>\n\t\t\t\t<figcaption class='wp-caption-text gallery-caption' id='gallery-1-17164'>\n\t\t\t\tIga_Swiatek CC BY-SA 2.0\n\t\t\t\t<\/figcaption><\/figure><figure class='gallery-item'>\n\t\t\t<div class='gallery-icon portrait'>\n\t\t\t\t<a href='https:\/\/pb.edu.pl\/sjo\/polish-lab\/czy-wiecie-ze\/iga-swiatek\/iga-swiatek-zrodlo-twitter\/'><img loading=\"lazy\" decoding=\"async\" width=\"647\" height=\"850\" src=\"https:\/\/pb.edu.pl\/sjo\/wp-content\/uploads\/sites\/9\/2022\/10\/Iga-Swiatek-zrodlo-twitter.jpg\" class=\"attachment-full size-full\" alt=\"\" aria-describedby=\"gallery-1-17162\" srcset=\"https:\/\/pb.edu.pl\/sjo\/wp-content\/uploads\/sites\/9\/2022\/10\/Iga-Swiatek-zrodlo-twitter.jpg 647w, https:\/\/pb.edu.pl\/sjo\/wp-content\/uploads\/sites\/9\/2022\/10\/Iga-Swiatek-zrodlo-twitter-228x300.jpg 228w\" sizes=\"auto, (max-width: 647px) 100vw, 647px\" \/><\/a>\n\t\t\t<\/div>\n\t\t\t\t<figcaption class='wp-caption-text gallery-caption' id='gallery-1-17162'>\n\t\t\t\tIga \u015awi\u0105tek, \u017cr\u00f3d\u0142o twitter\n\t\t\t\t<\/figcaption><\/figure><figure class='gallery-item'>\n\t\t\t<div class='gallery-icon landscape'>\n\t\t\t\t<a href='https:\/\/pb.edu.pl\/sjo\/polish-lab\/czy-wiecie-ze\/iga-swiatek\/01-23-22-iga-swia%cc%a8tek-na-instagramie\/'><img loading=\"lazy\" decoding=\"async\" width=\"598\" height=\"598\" src=\"https:\/\/pb.edu.pl\/sjo\/wp-content\/uploads\/sites\/9\/2022\/10\/01-23-22-Iga-S\u0301wia\u0328tek-na-Instagramie-.png\" class=\"attachment-full size-full\" alt=\"\" aria-describedby=\"gallery-1-17160\" srcset=\"https:\/\/pb.edu.pl\/sjo\/wp-content\/uploads\/sites\/9\/2022\/10\/01-23-22-Iga-S\u0301wia\u0328tek-na-Instagramie-.png 598w, https:\/\/pb.edu.pl\/sjo\/wp-content\/uploads\/sites\/9\/2022\/10\/01-23-22-Iga-S\u0301wia\u0328tek-na-Instagramie--300x300.png 300w\" sizes=\"auto, (max-width: 598px) 100vw, 598px\" \/><\/a>\n\t\t\t<\/div>\n\t\t\t\t<figcaption class='wp-caption-text gallery-caption' id='gallery-1-17160'>\n\t\t\t\t01-23-22 Iga S\u0301wia\u0328tek na Instagramie  \n\t\t\t\t<\/figcaption><\/figure>\n\t\t<\/div>\n\n<p><span style=\"font-family: verdana, geneva, sans-serif;font-size: 12pt\">Iga Swiatek is a tennis player, only 22 years old (born in 2001), and already the &#8222;world&#8217;s first racket&#8221;. &#8211; the leader of the WTA (the Women&#8217;s Tennis Association) singles ranking. She has won eight WTA singles tournaments and three Grand Slam ones: French Open 2020 and 2022 and US Open 2022.<\/span><\/p>\n<p><span style=\"font-family: verdana, geneva, sans-serif;font-size: 12pt\">She is second to none on the tennis court, dominating and impressing with her perfect game, speed and intuition. But she also captivates millions of spectators with her naturalness, sense of humour, her kind smile and genuine enjoyment of the little things.<\/span><\/p>\n<p><span style=\"font-family: verdana, geneva, sans-serif;font-size: 12pt\">Off the court, she is also successful on social media: the number of followers on Iga Swiatek&#8217;s official Instagram account has already exceeded one million. This is not surprising, as Iga has a great rapport with her fans, often posting posts and photos of herself, willingly and honestly answering her fans&#8217; questions and reviewing the books she has read.<\/span><\/p>\n<p><span style=\"font-family: verdana, geneva, sans-serif;font-size: 12pt\">In her own words, she doesn&#8217;t have much time for entertainment. She trains almost every day for several hours and works with a sports psychologist. She takes great pleasure in playing with her house cat, Grappa. She has pretty typical interests: listening to music, reading books and watching TV series. One of her favourites is the TV series <em>Friends<\/em>, and quite recently, after watching a video where the series&#8217; Monica was performing moderately well on the court, she offered her professional support! Courteney Cox, who plays the role, immediately accepted this help. We&#8217;ll soon find out if there will be a sequel ?<\/span><\/p>\n<p><span style=\"font-family: verdana, geneva, sans-serif;font-size: 12pt\">She also admits that she loves sweets, especially tiramisu. &#8222;When it comes to diet, sometimes I need to be watched because when I&#8217;m tired, I like to reach for more sweets or fatty foods.&#8221; So: an ordinary girl, but an extraordinary talent!<\/span><\/p>\n<p>&nbsp;<\/p>\n","protected":false},"excerpt":{"rendered":"<p>Iga \u015awi\u0105tek jest tenisistk\u0105, ma tylko 22 lata (ur. w 2001 r.), a ju\u017c jest<\/p>\n","protected":false},"author":77,"featured_media":0,"parent":8281,"menu_order":0,"comment_status":"closed","ping_status":"closed","template":"","meta":{"_acf_changed":false,"ngg_post_thumbnail":0,"footnotes":""},"class_list":["post-17159","page","type-page","status-publish","hentry"],"acf":[],"yoast_head":"<!-- This site is optimized with the Yoast SEO plugin v27.0 - https:\/\/yoast.com\/product\/yoast-seo-wordpress\/ -->\n<title>Iga \u015awi\u0105tek - Studium J\u0119zyk\u00f3w Obcych<\/title>\n<meta name=\"description\" content=\"Iga \u015awi\u0105tek jest tenisistk\u0105, ma tylko 22 lata (ur. w 2001 r.), a ju\u017c jest \u201epierwsz\u0105 rakiet\u0105 \u015bwiata\u201d - liderk\u0105 rankingu singlowego WTA (the Women&#039;s Tennis\" \/>\n<meta name=\"robots\" content=\"index, follow, max-snippet:-1, max-image-preview:large, max-video-preview:-1\" \/>\n<link rel=\"canonical\" href=\"https:\/\/pb.edu.pl\/sjo\/polish-lab\/czy-wiecie-ze\/iga-swiatek\/\" \/>\n<meta property=\"og:locale\" content=\"pl_PL\" \/>\n<meta property=\"og:type\" content=\"article\" \/>\n<meta property=\"og:title\" content=\"Iga \u015awi\u0105tek - Studium J\u0119zyk\u00f3w Obcych\" \/>\n<meta property=\"og:description\" content=\"Iga \u015awi\u0105tek jest tenisistk\u0105, ma tylko 22 lata (ur. w 2001 r.), a ju\u017c jest \u201epierwsz\u0105 rakiet\u0105 \u015bwiata\u201d - liderk\u0105 rankingu singlowego WTA (the Women&#039;s Tennis\" \/>\n<meta property=\"og:url\" content=\"https:\/\/pb.edu.pl\/sjo\/polish-lab\/czy-wiecie-ze\/iga-swiatek\/\" \/>\n<meta property=\"og:site_name\" content=\"Studium J\u0119zyk\u00f3w Obcych\" \/>\n<meta property=\"article:modified_time\" content=\"2023-02-23T23:34:20+00:00\" \/>\n<meta property=\"og:image\" content=\"https:\/\/pb.edu.pl\/sjo\/wp-content\/uploads\/sites\/9\/2022\/10\/Iga_Swiatek-CC-BY-SA-2.0.jpg\" \/>\n<meta name=\"twitter:label1\" content=\"Szacowany czas czytania\" \/>\n\t<meta name=\"twitter:data1\" content=\"3 minuty\" \/>\n<script type=\"application\/ld+json\" class=\"yoast-schema-graph\">{\"@context\":\"https:\/\/schema.org\",\"@graph\":[{\"@type\":\"WebPage\",\"@id\":\"https:\/\/pb.edu.pl\/sjo\/polish-lab\/czy-wiecie-ze\/iga-swiatek\/\",\"url\":\"https:\/\/pb.edu.pl\/sjo\/polish-lab\/czy-wiecie-ze\/iga-swiatek\/\",\"name\":\"Iga \u015awi\u0105tek - Studium J\u0119zyk\u00f3w Obcych\",\"isPartOf\":{\"@id\":\"https:\/\/pb.edu.pl\/sjo\/#website\"},\"datePublished\":\"2022-10-22T23:55:13+00:00\",\"dateModified\":\"2023-02-23T23:34:20+00:00\",\"description\":\"Iga \u015awi\u0105tek jest tenisistk\u0105, ma tylko 22 lata (ur. w 2001 r.), a ju\u017c jest \u201epierwsz\u0105 rakiet\u0105 \u015bwiata\u201d - liderk\u0105 rankingu singlowego WTA (the Women's Tennis\",\"breadcrumb\":{\"@id\":\"https:\/\/pb.edu.pl\/sjo\/polish-lab\/czy-wiecie-ze\/iga-swiatek\/#breadcrumb\"},\"inLanguage\":\"pl-PL\",\"potentialAction\":[{\"@type\":\"ReadAction\",\"target\":[\"https:\/\/pb.edu.pl\/sjo\/polish-lab\/czy-wiecie-ze\/iga-swiatek\/\"]}]},{\"@type\":\"BreadcrumbList\",\"@id\":\"https:\/\/pb.edu.pl\/sjo\/polish-lab\/czy-wiecie-ze\/iga-swiatek\/#breadcrumb\",\"itemListElement\":[{\"@type\":\"ListItem\",\"position\":1,\"name\":\"Home\",\"item\":\"https:\/\/pb.edu.pl\/sjo\/\"},{\"@type\":\"ListItem\",\"position\":2,\"name\":\"Centrum J\u0119zyka i Kultury Polskiej POLISH LAB\",\"item\":\"https:\/\/pb.edu.pl\/sjo\/polish-lab\/\"},{\"@type\":\"ListItem\",\"position\":3,\"name\":\"O Polsce i Polakach\",\"item\":\"https:\/\/pb.edu.pl\/sjo\/polish-lab\/czy-wiecie-ze\/\"},{\"@type\":\"ListItem\",\"position\":4,\"name\":\"Iga \u015awi\u0105tek\"}]},{\"@type\":\"WebSite\",\"@id\":\"https:\/\/pb.edu.pl\/sjo\/#website\",\"url\":\"https:\/\/pb.edu.pl\/sjo\/\",\"name\":\"Studium J\u0119zyk\u00f3w Obcych\",\"description\":\"\",\"potentialAction\":[{\"@type\":\"SearchAction\",\"target\":{\"@type\":\"EntryPoint\",\"urlTemplate\":\"https:\/\/pb.edu.pl\/sjo\/?s={search_term_string}\"},\"query-input\":{\"@type\":\"PropertyValueSpecification\",\"valueRequired\":true,\"valueName\":\"search_term_string\"}}],\"inLanguage\":\"pl-PL\"}]}<\/script>\n<!-- \/ Yoast SEO plugin. -->","yoast_head_json":{"title":"Iga \u015awi\u0105tek - Studium J\u0119zyk\u00f3w Obcych","description":"Iga \u015awi\u0105tek jest tenisistk\u0105, ma tylko 22 lata (ur. w 2001 r.), a ju\u017c jest \u201epierwsz\u0105 rakiet\u0105 \u015bwiata\u201d - liderk\u0105 rankingu singlowego WTA (the Women's Tennis","robots":{"index":"index","follow":"follow","max-snippet":"max-snippet:-1","max-image-preview":"max-image-preview:large","max-video-preview":"max-video-preview:-1"},"canonical":"https:\/\/pb.edu.pl\/sjo\/polish-lab\/czy-wiecie-ze\/iga-swiatek\/","og_locale":"pl_PL","og_type":"article","og_title":"Iga \u015awi\u0105tek - Studium J\u0119zyk\u00f3w Obcych","og_description":"Iga \u015awi\u0105tek jest tenisistk\u0105, ma tylko 22 lata (ur. w 2001 r.), a ju\u017c jest \u201epierwsz\u0105 rakiet\u0105 \u015bwiata\u201d - liderk\u0105 rankingu singlowego WTA (the Women's Tennis","og_url":"https:\/\/pb.edu.pl\/sjo\/polish-lab\/czy-wiecie-ze\/iga-swiatek\/","og_site_name":"Studium J\u0119zyk\u00f3w Obcych","article_modified_time":"2023-02-23T23:34:20+00:00","og_image":[{"url":"https:\/\/pb.edu.pl\/sjo\/wp-content\/uploads\/sites\/9\/2022\/10\/Iga_Swiatek-CC-BY-SA-2.0.jpg","type":"","width":"","height":""}],"twitter_misc":{"Szacowany czas czytania":"3 minuty"},"schema":{"@context":"https:\/\/schema.org","@graph":[{"@type":"WebPage","@id":"https:\/\/pb.edu.pl\/sjo\/polish-lab\/czy-wiecie-ze\/iga-swiatek\/","url":"https:\/\/pb.edu.pl\/sjo\/polish-lab\/czy-wiecie-ze\/iga-swiatek\/","name":"Iga \u015awi\u0105tek - Studium J\u0119zyk\u00f3w Obcych","isPartOf":{"@id":"https:\/\/pb.edu.pl\/sjo\/#website"},"datePublished":"2022-10-22T23:55:13+00:00","dateModified":"2023-02-23T23:34:20+00:00","description":"Iga \u015awi\u0105tek jest tenisistk\u0105, ma tylko 22 lata (ur. w 2001 r.), a ju\u017c jest \u201epierwsz\u0105 rakiet\u0105 \u015bwiata\u201d - liderk\u0105 rankingu singlowego WTA (the Women's Tennis","breadcrumb":{"@id":"https:\/\/pb.edu.pl\/sjo\/polish-lab\/czy-wiecie-ze\/iga-swiatek\/#breadcrumb"},"inLanguage":"pl-PL","potentialAction":[{"@type":"ReadAction","target":["https:\/\/pb.edu.pl\/sjo\/polish-lab\/czy-wiecie-ze\/iga-swiatek\/"]}]},{"@type":"BreadcrumbList","@id":"https:\/\/pb.edu.pl\/sjo\/polish-lab\/czy-wiecie-ze\/iga-swiatek\/#breadcrumb","itemListElement":[{"@type":"ListItem","position":1,"name":"Home","item":"https:\/\/pb.edu.pl\/sjo\/"},{"@type":"ListItem","position":2,"name":"Centrum J\u0119zyka i Kultury Polskiej POLISH LAB","item":"https:\/\/pb.edu.pl\/sjo\/polish-lab\/"},{"@type":"ListItem","position":3,"name":"O Polsce i Polakach","item":"https:\/\/pb.edu.pl\/sjo\/polish-lab\/czy-wiecie-ze\/"},{"@type":"ListItem","position":4,"name":"Iga \u015awi\u0105tek"}]},{"@type":"WebSite","@id":"https:\/\/pb.edu.pl\/sjo\/#website","url":"https:\/\/pb.edu.pl\/sjo\/","name":"Studium J\u0119zyk\u00f3w Obcych","description":"","potentialAction":[{"@type":"SearchAction","target":{"@type":"EntryPoint","urlTemplate":"https:\/\/pb.edu.pl\/sjo\/?s={search_term_string}"},"query-input":{"@type":"PropertyValueSpecification","valueRequired":true,"valueName":"search_term_string"}}],"inLanguage":"pl-PL"}]}},"_links":{"self":[{"href":"https:\/\/pb.edu.pl\/sjo\/wp-json\/wp\/v2\/pages\/17159","targetHints":{"allow":["GET"]}}],"collection":[{"href":"https:\/\/pb.edu.pl\/sjo\/wp-json\/wp\/v2\/pages"}],"about":[{"href":"https:\/\/pb.edu.pl\/sjo\/wp-json\/wp\/v2\/types\/page"}],"author":[{"embeddable":true,"href":"https:\/\/pb.edu.pl\/sjo\/wp-json\/wp\/v2\/users\/77"}],"replies":[{"embeddable":true,"href":"https:\/\/pb.edu.pl\/sjo\/wp-json\/wp\/v2\/comments?post=17159"}],"version-history":[{"count":0,"href":"https:\/\/pb.edu.pl\/sjo\/wp-json\/wp\/v2\/pages\/17159\/revisions"}],"up":[{"embeddable":true,"href":"https:\/\/pb.edu.pl\/sjo\/wp-json\/wp\/v2\/pages\/8281"}],"wp:attachment":[{"href":"https:\/\/pb.edu.pl\/sjo\/wp-json\/wp\/v2\/media?parent=17159"}],"curies":[{"name":"wp","href":"https:\/\/api.w.org\/{rel}","templated":true}]}}