{"id":16980,"date":"2022-10-07T13:41:00","date_gmt":"2022-10-07T11:41:00","guid":{"rendered":"https:\/\/pb.edu.pl\/sjo\/?page_id=16980"},"modified":"2025-12-10T13:43:02","modified_gmt":"2025-12-10T12:43:02","slug":"herbatka-z-tutorem","status":"publish","type":"page","link":"https:\/\/pb.edu.pl\/sjo\/projekty-2-2\/program-tutorski\/herbatka-z-tutorem\/","title":{"rendered":"Herbatka z tutorem &#8211; otw\u00f3rz si\u0119 na nowe mo\u017cliwo\u015bci"},"content":{"rendered":"<div><img loading=\"lazy\" decoding=\"async\" class=\"alignleft wp-image-23965\" src=\"https:\/\/pb.edu.pl\/sjo\/wp-content\/uploads\/sites\/9\/2024\/02\/herbatka-z-tutorem-02-2024.png\" alt=\"\" width=\"500\" height=\"334\" srcset=\"https:\/\/pb.edu.pl\/sjo\/wp-content\/uploads\/sites\/9\/2024\/02\/herbatka-z-tutorem-02-2024.png 799w, https:\/\/pb.edu.pl\/sjo\/wp-content\/uploads\/sites\/9\/2024\/02\/herbatka-z-tutorem-02-2024-300x200.png 300w, https:\/\/pb.edu.pl\/sjo\/wp-content\/uploads\/sites\/9\/2024\/02\/herbatka-z-tutorem-02-2024-768x512.png 768w, https:\/\/pb.edu.pl\/sjo\/wp-content\/uploads\/sites\/9\/2024\/02\/herbatka-z-tutorem-02-2024-480x320.png 480w\" sizes=\"auto, (max-width: 500px) 100vw, 500px\" \/>Tutoring to program <strong>o poszukiwaniu i wyznaczaniu cel\u00f3w i swoich mocnych stron; o tym, \u017ce warto w \u017cyciu robi\u0107 to, co nas naprawd\u0119 interesuje; o tym, \u017ce mo\u017cna \u017cy\u0107 i pracowa\u0107 w r\u00f3\u017cnych ciekawych miejscach, bo \u015bwiat staje przed Tob\u0105 otworem, kiedy potrafisz m\u00f3wi\u0107 r\u00f3\u017cnymi j\u0119zykami i wiesz, dok\u0105d zmierzasz; o wsp\u00f3\u0142czesnym \u015bwiecie, jego wyzwaniach i problemach.<\/strong><\/div>\n<div>&nbsp;<\/div>\n<div>\n<div>Mo\u017cemy podsun\u0105\u0107 Ci pomys\u0142 na siebie, podpowiedzie\u0107 jakie s\u0105 Twoje mocne i s\u0142abe strony&#8230;.<\/div>\n<div class=\"iw-signature\">\n<div>Mo\u017ce zobaczysz siebie w innym \u015bwietle&#8230;.<\/div>\n<div>Mo\u017ce zmotywujemy Ci\u0119 do dokonywania bardziej \u015bwiadomych wybor\u00f3w, do g\u0142\u0119bszej refleksji&#8230;<\/div>\n<\/div>\n<\/div>\n<div>&nbsp;<\/div>\n<div><strong>Przyjd\u017a i porozmawiaj o swoich zainteresowaniach! <\/strong><\/div>\n<div><strong>Zobacz, jaki potencja\u0142 si\u0119 w nich kryje!<\/strong><\/div>\n<div><strong>Jak je rozwin\u0105\u0107 i ukierunkowa\u0107?<\/strong><\/div>\n<div class=\"iw-signature\">\n<div class=\"h2\">Czyli o co chodzi?<\/div>\n<div>\n<p>Aktualnie nie prowadzimy nowego naboru do programu tutorskiego, ale pragniemy propagowa\u0107 ide\u0119 tutoringu w nieco zmienionej formie. Zapraszamy na indywidualne spotkania z certyfikowanymi tutorkami SJO przy fili\u017cance aromatycznej herbaty i w mi\u0142ej atmosferze.<\/p>\n<p><strong>To tylko jedno spotkanie, ale jak wiele mo\u017ce zmieni\u0107!<\/strong><\/p>\n<p>&nbsp;<\/p>\n<ul>\n<li><a href=\"https:\/\/pb.edu.pl\/sjo\/projekty-2-2\/program-tutorski\/baza-tutorow-sjo\/\">Poznaj nasze tutorki<\/a><\/li>\n<li>Pomy\u015bl co w ofercie danej tutorki przykuwa Twoj\u0105 uwag\u0119 i o czym chcesz porozmawia\u0107,<\/li>\n<li>Skontaktuj si\u0119 z wybran\u0105 wyk\u0142adowczyni\u0105 i um\u00f3w si\u0119 na spotkanie.<\/li>\n<\/ul>\n<p>&nbsp;<\/p>\n<p><strong>&nbsp;<\/strong><\/p>\n<p><span style=\"font-size: 18pt\">W czym mog\u0119 pom\u00f3c? <\/span><\/p>\n<p><strong>Koordynatorka Zespo\u0142u Tutor\u00f3w SJO:&nbsp; <\/strong>mgr Urszula Socho\u0144-Okruszko, <a href=\"mailto:u.sochon@pb.edu.pl\">u.sochon@pb.edu.pl<\/a> , CNK P2\/05;<\/p>\n<p>akredytowana tutorka II stopnia z do\u015bwiadczeniem dw\u00f3ch program\u00f3w tutorskich;<\/p>\n<\/div>\n<\/div>\n<div class=\"iw-signature\">\n<div>&nbsp;<\/div>\n<\/div>\n","protected":false},"excerpt":{"rendered":"<p>Tutoring to program o poszukiwaniu i wyznaczaniu cel\u00f3w i swoich mocnych stron; o tym, \u017ce<\/p>\n","protected":false},"author":6,"featured_media":0,"parent":19547,"menu_order":0,"comment_status":"closed","ping_status":"closed","template":"","meta":{"_acf_changed":false,"ngg_post_thumbnail":0,"footnotes":""},"class_list":["post-16980","page","type-page","status-publish","hentry"],"acf":[],"yoast_head":"<!-- This site is optimized with the Yoast SEO plugin v27.0 - https:\/\/yoast.com\/product\/yoast-seo-wordpress\/ -->\n<title>Herbatka z tutorem - otw\u00f3rz si\u0119 na nowe mo\u017cliwo\u015bci - Studium J\u0119zyk\u00f3w Obcych<\/title>\n<meta name=\"description\" content=\"Tutoring to program o poszukiwaniu i wyznaczaniu cel\u00f3w i swoich mocnych stron; o tym, \u017ce warto w \u017cyciu robi\u0107 to, co nas naprawd\u0119 interesuje; o tym, \u017ce\" \/>\n<meta name=\"robots\" content=\"index, follow, max-snippet:-1, max-image-preview:large, max-video-preview:-1\" \/>\n<link rel=\"canonical\" href=\"https:\/\/pb.edu.pl\/sjo\/projekty-2-2\/program-tutorski\/herbatka-z-tutorem\/\" \/>\n<meta property=\"og:locale\" content=\"pl_PL\" \/>\n<meta property=\"og:type\" content=\"article\" \/>\n<meta property=\"og:title\" content=\"Herbatka z tutorem - otw\u00f3rz si\u0119 na nowe mo\u017cliwo\u015bci - Studium J\u0119zyk\u00f3w Obcych\" \/>\n<meta property=\"og:description\" content=\"Tutoring to program o poszukiwaniu i wyznaczaniu cel\u00f3w i swoich mocnych stron; o tym, \u017ce warto w \u017cyciu robi\u0107 to, co nas naprawd\u0119 interesuje; o tym, \u017ce\" \/>\n<meta property=\"og:url\" content=\"https:\/\/pb.edu.pl\/sjo\/projekty-2-2\/program-tutorski\/herbatka-z-tutorem\/\" \/>\n<meta property=\"og:site_name\" content=\"Studium J\u0119zyk\u00f3w Obcych\" \/>\n<meta property=\"article:modified_time\" content=\"2025-12-10T12:43:02+00:00\" \/>\n<meta property=\"og:image\" content=\"https:\/\/pb.edu.pl\/sjo\/wp-content\/uploads\/sites\/9\/2024\/02\/herbatka-z-tutorem-02-2024.png\" \/>\n\t<meta property=\"og:image:width\" content=\"799\" \/>\n\t<meta property=\"og:image:height\" content=\"533\" \/>\n\t<meta property=\"og:image:type\" content=\"image\/png\" \/>\n<meta name=\"twitter:label1\" content=\"Szacowany czas czytania\" \/>\n\t<meta name=\"twitter:data1\" content=\"2 minuty\" \/>\n<script type=\"application\/ld+json\" class=\"yoast-schema-graph\">{\"@context\":\"https:\/\/schema.org\",\"@graph\":[{\"@type\":\"WebPage\",\"@id\":\"https:\/\/pb.edu.pl\/sjo\/projekty-2-2\/program-tutorski\/herbatka-z-tutorem\/\",\"url\":\"https:\/\/pb.edu.pl\/sjo\/projekty-2-2\/program-tutorski\/herbatka-z-tutorem\/\",\"name\":\"Herbatka z tutorem - otw\u00f3rz si\u0119 na nowe mo\u017cliwo\u015bci - Studium J\u0119zyk\u00f3w Obcych\",\"isPartOf\":{\"@id\":\"https:\/\/pb.edu.pl\/sjo\/#website\"},\"primaryImageOfPage\":{\"@id\":\"https:\/\/pb.edu.pl\/sjo\/projekty-2-2\/program-tutorski\/herbatka-z-tutorem\/#primaryimage\"},\"image\":{\"@id\":\"https:\/\/pb.edu.pl\/sjo\/projekty-2-2\/program-tutorski\/herbatka-z-tutorem\/#primaryimage\"},\"thumbnailUrl\":\"https:\/\/pb.edu.pl\/sjo\/wp-content\/uploads\/sites\/9\/2024\/02\/herbatka-z-tutorem-02-2024.png\",\"datePublished\":\"2022-10-07T11:41:00+00:00\",\"dateModified\":\"2025-12-10T12:43:02+00:00\",\"description\":\"Tutoring to program o poszukiwaniu i wyznaczaniu cel\u00f3w i swoich mocnych stron; o tym, \u017ce warto w \u017cyciu robi\u0107 to, co nas naprawd\u0119 interesuje; o tym, \u017ce\",\"breadcrumb\":{\"@id\":\"https:\/\/pb.edu.pl\/sjo\/projekty-2-2\/program-tutorski\/herbatka-z-tutorem\/#breadcrumb\"},\"inLanguage\":\"pl-PL\",\"potentialAction\":[{\"@type\":\"ReadAction\",\"target\":[\"https:\/\/pb.edu.pl\/sjo\/projekty-2-2\/program-tutorski\/herbatka-z-tutorem\/\"]}]},{\"@type\":\"ImageObject\",\"inLanguage\":\"pl-PL\",\"@id\":\"https:\/\/pb.edu.pl\/sjo\/projekty-2-2\/program-tutorski\/herbatka-z-tutorem\/#primaryimage\",\"url\":\"https:\/\/pb.edu.pl\/sjo\/wp-content\/uploads\/sites\/9\/2024\/02\/herbatka-z-tutorem-02-2024.png\",\"contentUrl\":\"https:\/\/pb.edu.pl\/sjo\/wp-content\/uploads\/sites\/9\/2024\/02\/herbatka-z-tutorem-02-2024.png\",\"width\":799,\"height\":533},{\"@type\":\"BreadcrumbList\",\"@id\":\"https:\/\/pb.edu.pl\/sjo\/projekty-2-2\/program-tutorski\/herbatka-z-tutorem\/#breadcrumb\",\"itemListElement\":[{\"@type\":\"ListItem\",\"position\":1,\"name\":\"Home\",\"item\":\"https:\/\/pb.edu.pl\/sjo\/\"},{\"@type\":\"ListItem\",\"position\":2,\"name\":\"Projekty\",\"item\":\"https:\/\/pb.edu.pl\/sjo\/projekty-2-2\/\"},{\"@type\":\"ListItem\",\"position\":3,\"name\":\"Program tutorski\",\"item\":\"https:\/\/pb.edu.pl\/sjo\/projekty-2-2\/program-tutorski\/\"},{\"@type\":\"ListItem\",\"position\":4,\"name\":\"Herbatka z tutorem &#8211; otw\u00f3rz si\u0119 na nowe mo\u017cliwo\u015bci\"}]},{\"@type\":\"WebSite\",\"@id\":\"https:\/\/pb.edu.pl\/sjo\/#website\",\"url\":\"https:\/\/pb.edu.pl\/sjo\/\",\"name\":\"Studium J\u0119zyk\u00f3w Obcych\",\"description\":\"\",\"potentialAction\":[{\"@type\":\"SearchAction\",\"target\":{\"@type\":\"EntryPoint\",\"urlTemplate\":\"https:\/\/pb.edu.pl\/sjo\/?s={search_term_string}\"},\"query-input\":{\"@type\":\"PropertyValueSpecification\",\"valueRequired\":true,\"valueName\":\"search_term_string\"}}],\"inLanguage\":\"pl-PL\"}]}<\/script>\n<!-- \/ Yoast SEO plugin. -->","yoast_head_json":{"title":"Herbatka z tutorem - otw\u00f3rz si\u0119 na nowe mo\u017cliwo\u015bci - Studium J\u0119zyk\u00f3w Obcych","description":"Tutoring to program o poszukiwaniu i wyznaczaniu cel\u00f3w i swoich mocnych stron; o tym, \u017ce warto w \u017cyciu robi\u0107 to, co nas naprawd\u0119 interesuje; o tym, \u017ce","robots":{"index":"index","follow":"follow","max-snippet":"max-snippet:-1","max-image-preview":"max-image-preview:large","max-video-preview":"max-video-preview:-1"},"canonical":"https:\/\/pb.edu.pl\/sjo\/projekty-2-2\/program-tutorski\/herbatka-z-tutorem\/","og_locale":"pl_PL","og_type":"article","og_title":"Herbatka z tutorem - otw\u00f3rz si\u0119 na nowe mo\u017cliwo\u015bci - Studium J\u0119zyk\u00f3w Obcych","og_description":"Tutoring to program o poszukiwaniu i wyznaczaniu cel\u00f3w i swoich mocnych stron; o tym, \u017ce warto w \u017cyciu robi\u0107 to, co nas naprawd\u0119 interesuje; o tym, \u017ce","og_url":"https:\/\/pb.edu.pl\/sjo\/projekty-2-2\/program-tutorski\/herbatka-z-tutorem\/","og_site_name":"Studium J\u0119zyk\u00f3w Obcych","article_modified_time":"2025-12-10T12:43:02+00:00","og_image":[{"width":799,"height":533,"url":"https:\/\/pb.edu.pl\/sjo\/wp-content\/uploads\/sites\/9\/2024\/02\/herbatka-z-tutorem-02-2024.png","type":"image\/png"}],"twitter_misc":{"Szacowany czas czytania":"2 minuty"},"schema":{"@context":"https:\/\/schema.org","@graph":[{"@type":"WebPage","@id":"https:\/\/pb.edu.pl\/sjo\/projekty-2-2\/program-tutorski\/herbatka-z-tutorem\/","url":"https:\/\/pb.edu.pl\/sjo\/projekty-2-2\/program-tutorski\/herbatka-z-tutorem\/","name":"Herbatka z tutorem - otw\u00f3rz si\u0119 na nowe mo\u017cliwo\u015bci - Studium J\u0119zyk\u00f3w Obcych","isPartOf":{"@id":"https:\/\/pb.edu.pl\/sjo\/#website"},"primaryImageOfPage":{"@id":"https:\/\/pb.edu.pl\/sjo\/projekty-2-2\/program-tutorski\/herbatka-z-tutorem\/#primaryimage"},"image":{"@id":"https:\/\/pb.edu.pl\/sjo\/projekty-2-2\/program-tutorski\/herbatka-z-tutorem\/#primaryimage"},"thumbnailUrl":"https:\/\/pb.edu.pl\/sjo\/wp-content\/uploads\/sites\/9\/2024\/02\/herbatka-z-tutorem-02-2024.png","datePublished":"2022-10-07T11:41:00+00:00","dateModified":"2025-12-10T12:43:02+00:00","description":"Tutoring to program o poszukiwaniu i wyznaczaniu cel\u00f3w i swoich mocnych stron; o tym, \u017ce warto w \u017cyciu robi\u0107 to, co nas naprawd\u0119 interesuje; o tym, \u017ce","breadcrumb":{"@id":"https:\/\/pb.edu.pl\/sjo\/projekty-2-2\/program-tutorski\/herbatka-z-tutorem\/#breadcrumb"},"inLanguage":"pl-PL","potentialAction":[{"@type":"ReadAction","target":["https:\/\/pb.edu.pl\/sjo\/projekty-2-2\/program-tutorski\/herbatka-z-tutorem\/"]}]},{"@type":"ImageObject","inLanguage":"pl-PL","@id":"https:\/\/pb.edu.pl\/sjo\/projekty-2-2\/program-tutorski\/herbatka-z-tutorem\/#primaryimage","url":"https:\/\/pb.edu.pl\/sjo\/wp-content\/uploads\/sites\/9\/2024\/02\/herbatka-z-tutorem-02-2024.png","contentUrl":"https:\/\/pb.edu.pl\/sjo\/wp-content\/uploads\/sites\/9\/2024\/02\/herbatka-z-tutorem-02-2024.png","width":799,"height":533},{"@type":"BreadcrumbList","@id":"https:\/\/pb.edu.pl\/sjo\/projekty-2-2\/program-tutorski\/herbatka-z-tutorem\/#breadcrumb","itemListElement":[{"@type":"ListItem","position":1,"name":"Home","item":"https:\/\/pb.edu.pl\/sjo\/"},{"@type":"ListItem","position":2,"name":"Projekty","item":"https:\/\/pb.edu.pl\/sjo\/projekty-2-2\/"},{"@type":"ListItem","position":3,"name":"Program tutorski","item":"https:\/\/pb.edu.pl\/sjo\/projekty-2-2\/program-tutorski\/"},{"@type":"ListItem","position":4,"name":"Herbatka z tutorem &#8211; otw\u00f3rz si\u0119 na nowe mo\u017cliwo\u015bci"}]},{"@type":"WebSite","@id":"https:\/\/pb.edu.pl\/sjo\/#website","url":"https:\/\/pb.edu.pl\/sjo\/","name":"Studium J\u0119zyk\u00f3w Obcych","description":"","potentialAction":[{"@type":"SearchAction","target":{"@type":"EntryPoint","urlTemplate":"https:\/\/pb.edu.pl\/sjo\/?s={search_term_string}"},"query-input":{"@type":"PropertyValueSpecification","valueRequired":true,"valueName":"search_term_string"}}],"inLanguage":"pl-PL"}]}},"_links":{"self":[{"href":"https:\/\/pb.edu.pl\/sjo\/wp-json\/wp\/v2\/pages\/16980","targetHints":{"allow":["GET"]}}],"collection":[{"href":"https:\/\/pb.edu.pl\/sjo\/wp-json\/wp\/v2\/pages"}],"about":[{"href":"https:\/\/pb.edu.pl\/sjo\/wp-json\/wp\/v2\/types\/page"}],"author":[{"embeddable":true,"href":"https:\/\/pb.edu.pl\/sjo\/wp-json\/wp\/v2\/users\/6"}],"replies":[{"embeddable":true,"href":"https:\/\/pb.edu.pl\/sjo\/wp-json\/wp\/v2\/comments?post=16980"}],"version-history":[{"count":0,"href":"https:\/\/pb.edu.pl\/sjo\/wp-json\/wp\/v2\/pages\/16980\/revisions"}],"up":[{"embeddable":true,"href":"https:\/\/pb.edu.pl\/sjo\/wp-json\/wp\/v2\/pages\/19547"}],"wp:attachment":[{"href":"https:\/\/pb.edu.pl\/sjo\/wp-json\/wp\/v2\/media?parent=16980"}],"curies":[{"name":"wp","href":"https:\/\/api.w.org\/{rel}","templated":true}]}}