{"id":16812,"date":"2022-10-03T14:56:52","date_gmt":"2022-10-03T12:56:52","guid":{"rendered":"https:\/\/pb.edu.pl\/sjo\/?page_id=16812"},"modified":"2024-01-10T12:39:40","modified_gmt":"2024-01-10T11:39:40","slug":"program-fulbright","status":"publish","type":"page","link":"https:\/\/pb.edu.pl\/sjo\/projekty-2-2\/program-fulbright\/","title":{"rendered":"Program Fulbrighta"},"content":{"rendered":"<p>Od pa\u017adziernika 2023 w Studium J\u0119zyk\u00f3w Obcych pracuje <strong>stypendystka Programu Fulbrighta<\/strong> <a href=\"https:\/\/pb.edu.pl\/sjo\/2023\/10\/03\/22172\/\">Cailyn Stewart<\/a>. Nasza nowa native speaker prowadzi <strong>zaj\u0119cia lektoratowe ze studentami, kursy konwersacyjne dla pracownik\u00f3w i student\u00f3w<\/strong>, bierze udzia\u0142 w <strong>wydarzeniach kulturalnych<\/strong> oraz <strong>promuje nauk\u0119 j\u0119zyka angielskiego oraz kultur\u0119 Stan\u00f3w Zjednoczonych w\u015br\u00f3d uczni\u00f3w szk\u00f3\u0142 podstawowych i ponadpodstawowych w naszym regionie<\/strong>. Szczeg\u00f3\u0142y jej dzia\u0142alno\u015bci w boksach poni\u017cej.<\/p>\n<p>W roku akademickim 2022\/23 po raz pierwszy mieli\u015bmy przyjemno\u015b\u0107 go\u015bci\u0107 <strong>Fulbright English Teaching Assistant<\/strong>. <a href=\"https:\/\/pb.edu.pl\/sjo\/2022\/10\/03\/stypendystka-fulbrighta-w-sjo\/\">Meghan Ludke<\/a>. Stypendystka Programu Fulbrighta ze Stan\u00f3w Zjednoczonych bra\u0142a czynny udzia\u0142 w \u017cyciu Politechniki oraz prowadzi\u0142a zaj\u0119cia w szko\u0142ach na Podlasiu. Szczeg\u00f3\u0142owe informacje o dzia\u0142aniach Meghan znajduj\u0105 si\u0119 w boksach poni\u017cej.<\/p>\n<p><strong>Program Fulbrighta<\/strong> to najwi\u0119kszy program wymiany naukowej i kulturowej Stan\u00f3w Zjednoczonych. Przez wielu uznawany jest za jeden z najbardziej presti\u017cowych program\u00f3w wymiany na \u015bwiecie, z reputacj\u0105 daleko wykraczaj\u0105c\u0105 poza \u015brodowisko akademickie. Program Fulbrighta dzia\u0142a od 1946 r. w ponad 160 krajach na ca\u0142ym \u015bwiecie a z jego oferty stypendialnej skorzysta\u0142o ponad 380 tysi\u0119cy os\u00f3b (dane na rok 2021). <a href=\"https:\/\/fulbright.edu.pl\/kim-jestesmy\/\">Przeczytaj wi\u0119cej o Polsko-Ameryka\u0144skiej Komisji Fulbrighta<\/a>.<br \/>\n&nbsp;<\/p>\n<div style=\"margin: 0 auto;max-width: 850px\"><div class=\"row\">\n<div class=\"col-md-4\">\n\t<div class=\"boxlink animated zoomIn \">\n\t\t<a href=\"https:\/\/pb.edu.pl\/sjo\/projekty-2-2\/program-fulbright\/stypendystka-fulbrighta-w-bialostockich-szkolach\/\" class=\"no-icon\">\n\t\t\t<div class=\"boxlink-title\"><span>Stypendystka Fulbright\u2019a w podlaskich szko\u0142ach<\/span><\/div>\n\t\t\t<div class=\"boxlink-content\">\n\t\t\t\t<img decoding=\"async\" class=\"size-medium wp-image-10611 aligncenter\" src=\"https:\/\/pb.edu.pl\/sjo\/wp-content\/uploads\/sites\/9\/2023\/11\/lectures-2.png\" alt=\"\">\t\t\t<\/div>\n\t\t<\/a>\n\t<\/div>\n\n<\/div>\n<div class=\"col-md-4\">\n\t<div class=\"boxlink animated zoomIn \">\n\t\t<a href=\"https:\/\/pb.edu.pl\/sjo\/projekty-2-2\/program-fulbright\/wyklady-o-kulturze-stanow-zjednoczonych\/\" class=\"no-icon\">\n\t\t\t<div class=\"boxlink-title\"><span>Wyk\u0142ady o kulturze Stan\u00f3w Zjednoczonych<\/span><\/div>\n\t\t\t<div class=\"boxlink-content\">\n\t\t\t\t<img decoding=\"async\" class=\"size-medium wp-image-10611 aligncenter\" src=\"https:\/\/pb.edu.pl\/sjo\/wp-content\/uploads\/sites\/9\/2023\/11\/fulbright-lectures-2.png\" alt=\"\">\t\t\t<\/div>\n\t\t<\/a>\n\t<\/div>\n\n<\/div>\n<div class=\"col-md-4\">\n\t<div class=\"boxlink animated zoomIn \">\n\t\t<a href=\"https:\/\/pb.edu.pl\/sjo\/projekty-2-2\/program-fulbright\/fullbright-na-politechnice-bialostockiej\/\" class=\"no-icon\">\n\t\t\t<div class=\"boxlink-title\"><span>Fullbright na Politechnice Bia\u0142ostockiej<\/span><\/div>\n\t\t\t<div class=\"boxlink-content\">\n\t\t\t\t<img decoding=\"async\" class=\"size-medium wp-image-10611 aligncenter\" src=\"https:\/\/pb.edu.pl\/sjo\/wp-content\/uploads\/sites\/9\/2022\/10\/Rozgadaj-sie-z-Meghan-799\u00d7533-px.png\" alt=\"\">\t\t\t<\/div>\n\t\t<\/a>\n\t<\/div>\n\n<\/div>\n<\/div><\/div>\n","protected":false},"excerpt":{"rendered":"<p>Od pa\u017adziernika 2023 w Studium J\u0119zyk\u00f3w Obcych pracuje stypendystka Programu Fulbrighta Cailyn Stewart. Nasza nowa<\/p>\n","protected":false},"author":6,"featured_media":0,"parent":11674,"menu_order":0,"comment_status":"closed","ping_status":"closed","template":"","meta":{"_acf_changed":false,"ngg_post_thumbnail":0,"footnotes":""},"class_list":["post-16812","page","type-page","status-publish","hentry"],"acf":[],"yoast_head":"<!-- This site is optimized with the Yoast SEO plugin v27.0 - https:\/\/yoast.com\/product\/yoast-seo-wordpress\/ -->\n<title>Program Fulbrighta - Studium J\u0119zyk\u00f3w Obcych<\/title>\n<meta name=\"description\" content=\"Od pa\u017adziernika 2023 w Studium J\u0119zyk\u00f3w Obcych pracuje stypendystka Programu Fulbrighta Cailyn Stewart. Nasza nowa native speaker prowadzi zaj\u0119cia\" \/>\n<meta name=\"robots\" content=\"index, follow, max-snippet:-1, max-image-preview:large, max-video-preview:-1\" \/>\n<link rel=\"canonical\" href=\"https:\/\/pb.edu.pl\/sjo\/projekty-2-2\/program-fulbright\/\" \/>\n<meta property=\"og:locale\" content=\"pl_PL\" \/>\n<meta property=\"og:type\" content=\"article\" \/>\n<meta property=\"og:title\" content=\"Program Fulbrighta - Studium J\u0119zyk\u00f3w Obcych\" \/>\n<meta property=\"og:description\" content=\"Od pa\u017adziernika 2023 w Studium J\u0119zyk\u00f3w Obcych pracuje stypendystka Programu Fulbrighta Cailyn Stewart. Nasza nowa native speaker prowadzi zaj\u0119cia\" \/>\n<meta property=\"og:url\" content=\"https:\/\/pb.edu.pl\/sjo\/projekty-2-2\/program-fulbright\/\" \/>\n<meta property=\"og:site_name\" content=\"Studium J\u0119zyk\u00f3w Obcych\" \/>\n<meta property=\"article:modified_time\" content=\"2024-01-10T11:39:40+00:00\" \/>\n<meta property=\"og:image\" content=\"https:\/\/pb.edu.pl\/sjo\/wp-content\/uploads\/sites\/9\/2023\/11\/lectures-2.png\" \/>\n<meta name=\"twitter:label1\" content=\"Szacowany czas czytania\" \/>\n\t<meta name=\"twitter:data1\" content=\"2 minuty\" \/>\n<script type=\"application\/ld+json\" class=\"yoast-schema-graph\">{\"@context\":\"https:\/\/schema.org\",\"@graph\":[{\"@type\":\"WebPage\",\"@id\":\"https:\/\/pb.edu.pl\/sjo\/projekty-2-2\/program-fulbright\/\",\"url\":\"https:\/\/pb.edu.pl\/sjo\/projekty-2-2\/program-fulbright\/\",\"name\":\"Program Fulbrighta - Studium J\u0119zyk\u00f3w Obcych\",\"isPartOf\":{\"@id\":\"https:\/\/pb.edu.pl\/sjo\/#website\"},\"primaryImageOfPage\":{\"@id\":\"https:\/\/pb.edu.pl\/sjo\/projekty-2-2\/program-fulbright\/#primaryimage\"},\"image\":{\"@id\":\"https:\/\/pb.edu.pl\/sjo\/projekty-2-2\/program-fulbright\/#primaryimage\"},\"thumbnailUrl\":\"https:\/\/pb.edu.pl\/sjo\/wp-content\/uploads\/sites\/9\/2023\/11\/lectures-2.png\",\"datePublished\":\"2022-10-03T12:56:52+00:00\",\"dateModified\":\"2024-01-10T11:39:40+00:00\",\"description\":\"Od pa\u017adziernika 2023 w Studium J\u0119zyk\u00f3w Obcych pracuje stypendystka Programu Fulbrighta Cailyn Stewart. Nasza nowa native speaker prowadzi zaj\u0119cia\",\"breadcrumb\":{\"@id\":\"https:\/\/pb.edu.pl\/sjo\/projekty-2-2\/program-fulbright\/#breadcrumb\"},\"inLanguage\":\"pl-PL\",\"potentialAction\":[{\"@type\":\"ReadAction\",\"target\":[\"https:\/\/pb.edu.pl\/sjo\/projekty-2-2\/program-fulbright\/\"]}]},{\"@type\":\"ImageObject\",\"inLanguage\":\"pl-PL\",\"@id\":\"https:\/\/pb.edu.pl\/sjo\/projekty-2-2\/program-fulbright\/#primaryimage\",\"url\":\"https:\/\/pb.edu.pl\/sjo\/wp-content\/uploads\/sites\/9\/2023\/11\/lectures-2.png\",\"contentUrl\":\"https:\/\/pb.edu.pl\/sjo\/wp-content\/uploads\/sites\/9\/2023\/11\/lectures-2.png\",\"width\":799,\"height\":533,\"caption\":\"podpis\"},{\"@type\":\"BreadcrumbList\",\"@id\":\"https:\/\/pb.edu.pl\/sjo\/projekty-2-2\/program-fulbright\/#breadcrumb\",\"itemListElement\":[{\"@type\":\"ListItem\",\"position\":1,\"name\":\"Home\",\"item\":\"https:\/\/pb.edu.pl\/sjo\/\"},{\"@type\":\"ListItem\",\"position\":2,\"name\":\"Projekty\",\"item\":\"https:\/\/pb.edu.pl\/sjo\/projekty-2-2\/\"},{\"@type\":\"ListItem\",\"position\":3,\"name\":\"Program Fulbrighta\"}]},{\"@type\":\"WebSite\",\"@id\":\"https:\/\/pb.edu.pl\/sjo\/#website\",\"url\":\"https:\/\/pb.edu.pl\/sjo\/\",\"name\":\"Studium J\u0119zyk\u00f3w Obcych\",\"description\":\"\",\"potentialAction\":[{\"@type\":\"SearchAction\",\"target\":{\"@type\":\"EntryPoint\",\"urlTemplate\":\"https:\/\/pb.edu.pl\/sjo\/?s={search_term_string}\"},\"query-input\":{\"@type\":\"PropertyValueSpecification\",\"valueRequired\":true,\"valueName\":\"search_term_string\"}}],\"inLanguage\":\"pl-PL\"}]}<\/script>\n<!-- \/ Yoast SEO plugin. -->","yoast_head_json":{"title":"Program Fulbrighta - Studium J\u0119zyk\u00f3w Obcych","description":"Od pa\u017adziernika 2023 w Studium J\u0119zyk\u00f3w Obcych pracuje stypendystka Programu Fulbrighta Cailyn Stewart. Nasza nowa native speaker prowadzi zaj\u0119cia","robots":{"index":"index","follow":"follow","max-snippet":"max-snippet:-1","max-image-preview":"max-image-preview:large","max-video-preview":"max-video-preview:-1"},"canonical":"https:\/\/pb.edu.pl\/sjo\/projekty-2-2\/program-fulbright\/","og_locale":"pl_PL","og_type":"article","og_title":"Program Fulbrighta - Studium J\u0119zyk\u00f3w Obcych","og_description":"Od pa\u017adziernika 2023 w Studium J\u0119zyk\u00f3w Obcych pracuje stypendystka Programu Fulbrighta Cailyn Stewart. Nasza nowa native speaker prowadzi zaj\u0119cia","og_url":"https:\/\/pb.edu.pl\/sjo\/projekty-2-2\/program-fulbright\/","og_site_name":"Studium J\u0119zyk\u00f3w Obcych","article_modified_time":"2024-01-10T11:39:40+00:00","og_image":[{"url":"https:\/\/pb.edu.pl\/sjo\/wp-content\/uploads\/sites\/9\/2023\/11\/lectures-2.png","type":"","width":"","height":""}],"twitter_misc":{"Szacowany czas czytania":"2 minuty"},"schema":{"@context":"https:\/\/schema.org","@graph":[{"@type":"WebPage","@id":"https:\/\/pb.edu.pl\/sjo\/projekty-2-2\/program-fulbright\/","url":"https:\/\/pb.edu.pl\/sjo\/projekty-2-2\/program-fulbright\/","name":"Program Fulbrighta - Studium J\u0119zyk\u00f3w Obcych","isPartOf":{"@id":"https:\/\/pb.edu.pl\/sjo\/#website"},"primaryImageOfPage":{"@id":"https:\/\/pb.edu.pl\/sjo\/projekty-2-2\/program-fulbright\/#primaryimage"},"image":{"@id":"https:\/\/pb.edu.pl\/sjo\/projekty-2-2\/program-fulbright\/#primaryimage"},"thumbnailUrl":"https:\/\/pb.edu.pl\/sjo\/wp-content\/uploads\/sites\/9\/2023\/11\/lectures-2.png","datePublished":"2022-10-03T12:56:52+00:00","dateModified":"2024-01-10T11:39:40+00:00","description":"Od pa\u017adziernika 2023 w Studium J\u0119zyk\u00f3w Obcych pracuje stypendystka Programu Fulbrighta Cailyn Stewart. Nasza nowa native speaker prowadzi zaj\u0119cia","breadcrumb":{"@id":"https:\/\/pb.edu.pl\/sjo\/projekty-2-2\/program-fulbright\/#breadcrumb"},"inLanguage":"pl-PL","potentialAction":[{"@type":"ReadAction","target":["https:\/\/pb.edu.pl\/sjo\/projekty-2-2\/program-fulbright\/"]}]},{"@type":"ImageObject","inLanguage":"pl-PL","@id":"https:\/\/pb.edu.pl\/sjo\/projekty-2-2\/program-fulbright\/#primaryimage","url":"https:\/\/pb.edu.pl\/sjo\/wp-content\/uploads\/sites\/9\/2023\/11\/lectures-2.png","contentUrl":"https:\/\/pb.edu.pl\/sjo\/wp-content\/uploads\/sites\/9\/2023\/11\/lectures-2.png","width":799,"height":533,"caption":"podpis"},{"@type":"BreadcrumbList","@id":"https:\/\/pb.edu.pl\/sjo\/projekty-2-2\/program-fulbright\/#breadcrumb","itemListElement":[{"@type":"ListItem","position":1,"name":"Home","item":"https:\/\/pb.edu.pl\/sjo\/"},{"@type":"ListItem","position":2,"name":"Projekty","item":"https:\/\/pb.edu.pl\/sjo\/projekty-2-2\/"},{"@type":"ListItem","position":3,"name":"Program Fulbrighta"}]},{"@type":"WebSite","@id":"https:\/\/pb.edu.pl\/sjo\/#website","url":"https:\/\/pb.edu.pl\/sjo\/","name":"Studium J\u0119zyk\u00f3w Obcych","description":"","potentialAction":[{"@type":"SearchAction","target":{"@type":"EntryPoint","urlTemplate":"https:\/\/pb.edu.pl\/sjo\/?s={search_term_string}"},"query-input":{"@type":"PropertyValueSpecification","valueRequired":true,"valueName":"search_term_string"}}],"inLanguage":"pl-PL"}]}},"_links":{"self":[{"href":"https:\/\/pb.edu.pl\/sjo\/wp-json\/wp\/v2\/pages\/16812","targetHints":{"allow":["GET"]}}],"collection":[{"href":"https:\/\/pb.edu.pl\/sjo\/wp-json\/wp\/v2\/pages"}],"about":[{"href":"https:\/\/pb.edu.pl\/sjo\/wp-json\/wp\/v2\/types\/page"}],"author":[{"embeddable":true,"href":"https:\/\/pb.edu.pl\/sjo\/wp-json\/wp\/v2\/users\/6"}],"replies":[{"embeddable":true,"href":"https:\/\/pb.edu.pl\/sjo\/wp-json\/wp\/v2\/comments?post=16812"}],"version-history":[{"count":0,"href":"https:\/\/pb.edu.pl\/sjo\/wp-json\/wp\/v2\/pages\/16812\/revisions"}],"up":[{"embeddable":true,"href":"https:\/\/pb.edu.pl\/sjo\/wp-json\/wp\/v2\/pages\/11674"}],"wp:attachment":[{"href":"https:\/\/pb.edu.pl\/sjo\/wp-json\/wp\/v2\/media?parent=16812"}],"curies":[{"name":"wp","href":"https:\/\/api.w.org\/{rel}","templated":true}]}}