{"id":16745,"date":"2022-09-29T01:47:17","date_gmt":"2022-09-28T23:47:17","guid":{"rendered":"https:\/\/pb.edu.pl\/sjo\/?page_id=16745"},"modified":"2023-02-06T13:54:08","modified_gmt":"2023-02-06T12:54:08","slug":"witkacy","status":"publish","type":"page","link":"https:\/\/pb.edu.pl\/sjo\/polish-lab\/czy-wiecie-ze\/witkacy\/","title":{"rendered":"Witkacy"},"content":{"rendered":"<p><span style=\"font-family: verdana, geneva, sans-serif;font-size: 12pt\">Witkacy, czyli Stanis\u0142aw Ignacy Witkiewicz, to cz\u0142owiek o wielu talentach, dramaturg, pisarz, malarz, portrecista, filozof, teoretyk teatru, fotograf. By\u0142 artyst\u0105 niezwyk\u0142ym, o skomplikowanej, ale i fascynuj\u0105cej osobowo\u015bci, kt\u00f3r\u0105 trzeba pozna\u0107, \u017ceby zrozumie\u0107 to, co Witkacy stworzy\u0142, napisa\u0142 i namalowa\u0142. Jego tw\u00f3rczo\u015b\u0107 poprzeplatana jest w\u0105tkami autobiograficznymi, tote\u017c nie da si\u0119 rozdzieli\u0107 jego \u017cycia od malarstwa, malarstwa od literatury czy literatury od wydarze\u0144 w \u017cyciu osobistym oraz w perspektywie historycznej.<\/span><\/p>\n<p><span style=\"font-family: verdana, geneva, sans-serif;font-size: 12pt\">Jesieni\u0105 2022 r. w Muzeum Narodowym w Warszawie mo\u017cna by\u0142o obejrze\u0107 wystaw\u0119 pt. \u201eWitkacy. Sejsmograf epoki przyspieszenia\u201d. Wystawa pozwoli\u0142a nam ujrze\u0107 geniusza, kt\u00f3ry nie daje si\u0119 uj\u0105\u0107 w ramy \u017cadnego kierunku w sztuce, bo Witkacy jest sam w sobie sztuk\u0105. Artysta, jak sejsmograf, rejestrowa\u0142 wszystko: wsp\u00f3\u0142czesne mu nurty i pomys\u0142y artystyczne, przemiany cywilizacyjne, jak np. automatyzacj\u0119 produkcji, cierpienie zwi\u0105zane z wojn\u0105 czy Rewolucj\u0105 Pa\u017adziernikow\u0105 w Rosji &#8211; i przetwarza\u0142 je w sztuk\u0119, po swojemu.<\/span><\/p>\n<p><span style=\"font-family: verdana, geneva, sans-serif;font-size: 12pt\">By\u0142 wnikliwym obserwatorem ludzkiej osobowo\u015bci. Wida\u0107 to doskonale na malowanych przez niego portretach, kt\u00f3re pozwalaj\u0105 zajrze\u0107 w g\u0142\u0105b duszy os\u00f3b portretowanych. Gdy by\u0142 ju\u017c znanym artyst\u0105 zarzuci\u0142 malarstwo olejne i za\u0142o\u017cy\u0142 &#8222;Firm\u0119 Portretow\u0105&#8221;, kt\u00f3ra sta\u0142a si\u0119 g\u0142\u00f3wnym \u017ar\u00f3d\u0142em jego utrzymania. Ale Witkacy nie portretowa\u0142 ka\u017cdego: niekt\u00f3rym odmawia\u0142, m\u00f3wi\u0105c stanowczo: &#8222;Nie widz\u0119 powodu!&#8221; Natomiast szcz\u0119\u015bliwcy, kt\u00f3rym si\u0119 uda\u0142o, musieli przestrzega\u0107 stworzonego przez artyst\u0119 regulaminu, kt\u00f3rego ostatni punkt brzmia\u0142: &#8222;Nieporozumienia wykluczone&#8221;. &nbsp;<\/span><\/p>\n<p><span style=\"font-family: verdana, geneva, sans-serif;font-size: 12pt\">Przez kilkana\u015bcie lat namalowa\u0142 kilka tysi\u0119cy portret\u00f3w. Nierzadko na swoich obrazach wypisywa\u0142, jakie u\u017cywki za\u017cy\u0142 lub wypali\u0142 podczas tworzenia dzie\u0142a, ale cz\u0119sto by\u0142y to po prostu kawa lub herbata.<\/span><\/p>\n<p><span style=\"font-family: verdana, geneva, sans-serif;font-size: 12pt\">Witkacy \u017cy\u0142 w latach 1885 \u2013 1939. Zmar\u0142 \u015bmierci\u0105 samob\u00f3jcz\u0105 (18 wrze\u015bnia 1939) na wie\u015b\u0107 o tym, \u017ce armia rosyjska wkroczy\u0142a na terytorium Polski, dokonuj\u0105c wraz z Niemcami kolejnego rozbioru kraju.<br \/>\n<\/span><\/p>\n<div id='gallery-1' class='gallery galleryid-16745 gallery-columns-3 gallery-size-large'><figure class='gallery-item'>\n\t\t\t<div class='gallery-icon landscape'>\n\t\t\t\t<a href='https:\/\/pb.edu.pl\/sjo\/polish-lab\/czy-wiecie-ze\/witkacy\/img_20220826_135525\/'><img loading=\"lazy\" decoding=\"async\" width=\"1024\" height=\"545\" src=\"https:\/\/pb.edu.pl\/sjo\/wp-content\/uploads\/sites\/9\/2022\/09\/IMG_20220826_135525-scaled-e1664413631915-1024x545.jpg\" class=\"attachment-large size-large\" alt=\"\" srcset=\"https:\/\/pb.edu.pl\/sjo\/wp-content\/uploads\/sites\/9\/2022\/09\/IMG_20220826_135525-scaled-e1664413631915-1024x545.jpg 1024w, https:\/\/pb.edu.pl\/sjo\/wp-content\/uploads\/sites\/9\/2022\/09\/IMG_20220826_135525-scaled-e1664413631915-300x160.jpg 300w, https:\/\/pb.edu.pl\/sjo\/wp-content\/uploads\/sites\/9\/2022\/09\/IMG_20220826_135525-scaled-e1664413631915-768x409.jpg 768w, https:\/\/pb.edu.pl\/sjo\/wp-content\/uploads\/sites\/9\/2022\/09\/IMG_20220826_135525-scaled-e1664413631915-1536x818.jpg 1536w, https:\/\/pb.edu.pl\/sjo\/wp-content\/uploads\/sites\/9\/2022\/09\/IMG_20220826_135525-scaled-e1664413631915-2048x1091.jpg 2048w\" sizes=\"auto, (max-width: 1024px) 100vw, 1024px\" \/><\/a>\n\t\t\t<\/div><\/figure><figure class='gallery-item'>\n\t\t\t<div class='gallery-icon landscape'>\n\t\t\t\t<a href='https:\/\/pb.edu.pl\/sjo\/polish-lab\/czy-wiecie-ze\/witkacy\/img_20220826_135651\/'><img loading=\"lazy\" decoding=\"async\" width=\"1024\" height=\"540\" src=\"https:\/\/pb.edu.pl\/sjo\/wp-content\/uploads\/sites\/9\/2022\/09\/IMG_20220826_135651-scaled-e1664466338462-1024x540.jpg\" class=\"attachment-large size-large\" alt=\"\" srcset=\"https:\/\/pb.edu.pl\/sjo\/wp-content\/uploads\/sites\/9\/2022\/09\/IMG_20220826_135651-scaled-e1664466338462-1024x540.jpg 1024w, https:\/\/pb.edu.pl\/sjo\/wp-content\/uploads\/sites\/9\/2022\/09\/IMG_20220826_135651-scaled-e1664466338462-300x158.jpg 300w, https:\/\/pb.edu.pl\/sjo\/wp-content\/uploads\/sites\/9\/2022\/09\/IMG_20220826_135651-scaled-e1664466338462-768x405.jpg 768w, https:\/\/pb.edu.pl\/sjo\/wp-content\/uploads\/sites\/9\/2022\/09\/IMG_20220826_135651-scaled-e1664466338462-1536x809.jpg 1536w, https:\/\/pb.edu.pl\/sjo\/wp-content\/uploads\/sites\/9\/2022\/09\/IMG_20220826_135651-scaled-e1664466338462-2048x1079.jpg 2048w\" sizes=\"auto, (max-width: 1024px) 100vw, 1024px\" \/><\/a>\n\t\t\t<\/div><\/figure><figure class='gallery-item'>\n\t\t\t<div class='gallery-icon landscape'>\n\t\t\t\t<a href='https:\/\/pb.edu.pl\/sjo\/polish-lab\/czy-wiecie-ze\/witkacy\/img_20220918_111536-1\/'><img loading=\"lazy\" decoding=\"async\" width=\"1024\" height=\"556\" src=\"https:\/\/pb.edu.pl\/sjo\/wp-content\/uploads\/sites\/9\/2022\/09\/IMG_20220918_111536-1-scaled-e1664466388245-1024x556.jpg\" class=\"attachment-large size-large\" alt=\"\" srcset=\"https:\/\/pb.edu.pl\/sjo\/wp-content\/uploads\/sites\/9\/2022\/09\/IMG_20220918_111536-1-scaled-e1664466388245-1024x556.jpg 1024w, https:\/\/pb.edu.pl\/sjo\/wp-content\/uploads\/sites\/9\/2022\/09\/IMG_20220918_111536-1-scaled-e1664466388245-300x163.jpg 300w, https:\/\/pb.edu.pl\/sjo\/wp-content\/uploads\/sites\/9\/2022\/09\/IMG_20220918_111536-1-scaled-e1664466388245-768x417.jpg 768w, https:\/\/pb.edu.pl\/sjo\/wp-content\/uploads\/sites\/9\/2022\/09\/IMG_20220918_111536-1-scaled-e1664466388245-1536x834.jpg 1536w, https:\/\/pb.edu.pl\/sjo\/wp-content\/uploads\/sites\/9\/2022\/09\/IMG_20220918_111536-1-scaled-e1664466388245.jpg 1945w\" sizes=\"auto, (max-width: 1024px) 100vw, 1024px\" \/><\/a>\n\t\t\t<\/div><\/figure>\n\t\t<\/div>\n\n<p>&nbsp;<\/p>\n<div id='gallery-2' class='gallery galleryid-16745 gallery-columns-2 gallery-size-large'><figure class='gallery-item'>\n\t\t\t<div class='gallery-icon landscape'>\n\t\t\t\t<a href='https:\/\/pb.edu.pl\/sjo\/polish-lab\/czy-wiecie-ze\/witkacy\/img_20220826_140111\/'><img loading=\"lazy\" decoding=\"async\" width=\"1024\" height=\"889\" src=\"https:\/\/pb.edu.pl\/sjo\/wp-content\/uploads\/sites\/9\/2022\/09\/IMG_20220826_140111-scaled-e1664413494562-1024x889.jpg\" class=\"attachment-large size-large\" alt=\"\" srcset=\"https:\/\/pb.edu.pl\/sjo\/wp-content\/uploads\/sites\/9\/2022\/09\/IMG_20220826_140111-scaled-e1664413494562-1024x889.jpg 1024w, https:\/\/pb.edu.pl\/sjo\/wp-content\/uploads\/sites\/9\/2022\/09\/IMG_20220826_140111-scaled-e1664413494562-300x260.jpg 300w, https:\/\/pb.edu.pl\/sjo\/wp-content\/uploads\/sites\/9\/2022\/09\/IMG_20220826_140111-scaled-e1664413494562-768x667.jpg 768w, https:\/\/pb.edu.pl\/sjo\/wp-content\/uploads\/sites\/9\/2022\/09\/IMG_20220826_140111-scaled-e1664413494562.jpg 1267w\" sizes=\"auto, (max-width: 1024px) 100vw, 1024px\" \/><\/a>\n\t\t\t<\/div><\/figure><figure class='gallery-item'>\n\t\t\t<div class='gallery-icon landscape'>\n\t\t\t\t<a href='https:\/\/pb.edu.pl\/sjo\/polish-lab\/czy-wiecie-ze\/witkacy\/img_20220826_135323\/'><img loading=\"lazy\" decoding=\"async\" width=\"1024\" height=\"705\" src=\"https:\/\/pb.edu.pl\/sjo\/wp-content\/uploads\/sites\/9\/2022\/09\/IMG_20220826_135323-scaled-e1664413327908-1024x705.jpg\" class=\"attachment-large size-large\" alt=\"\" srcset=\"https:\/\/pb.edu.pl\/sjo\/wp-content\/uploads\/sites\/9\/2022\/09\/IMG_20220826_135323-scaled-e1664413327908-1024x705.jpg 1024w, https:\/\/pb.edu.pl\/sjo\/wp-content\/uploads\/sites\/9\/2022\/09\/IMG_20220826_135323-scaled-e1664413327908-300x206.jpg 300w, https:\/\/pb.edu.pl\/sjo\/wp-content\/uploads\/sites\/9\/2022\/09\/IMG_20220826_135323-scaled-e1664413327908-768x528.jpg 768w, https:\/\/pb.edu.pl\/sjo\/wp-content\/uploads\/sites\/9\/2022\/09\/IMG_20220826_135323-scaled-e1664413327908.jpg 1478w\" sizes=\"auto, (max-width: 1024px) 100vw, 1024px\" \/><\/a>\n\t\t\t<\/div><\/figure>\n\t\t<\/div>\n\n<p>&nbsp;<\/p>\n<div id='gallery-3' class='gallery galleryid-16745 gallery-columns-2 gallery-size-large'><figure class='gallery-item'>\n\t\t\t<div class='gallery-icon landscape'>\n\t\t\t\t<a href='https:\/\/pb.edu.pl\/sjo\/polish-lab\/czy-wiecie-ze\/witkacy\/img_20220826_140818\/'><img loading=\"lazy\" decoding=\"async\" width=\"1024\" height=\"461\" src=\"https:\/\/pb.edu.pl\/sjo\/wp-content\/uploads\/sites\/9\/2022\/09\/IMG_20220826_140818-1024x461.jpg\" class=\"attachment-large size-large\" alt=\"\" srcset=\"https:\/\/pb.edu.pl\/sjo\/wp-content\/uploads\/sites\/9\/2022\/09\/IMG_20220826_140818-1024x461.jpg 1024w, https:\/\/pb.edu.pl\/sjo\/wp-content\/uploads\/sites\/9\/2022\/09\/IMG_20220826_140818-300x135.jpg 300w, https:\/\/pb.edu.pl\/sjo\/wp-content\/uploads\/sites\/9\/2022\/09\/IMG_20220826_140818-768x346.jpg 768w, https:\/\/pb.edu.pl\/sjo\/wp-content\/uploads\/sites\/9\/2022\/09\/IMG_20220826_140818-1536x691.jpg 1536w, https:\/\/pb.edu.pl\/sjo\/wp-content\/uploads\/sites\/9\/2022\/09\/IMG_20220826_140818-2048x922.jpg 2048w\" sizes=\"auto, (max-width: 1024px) 100vw, 1024px\" \/><\/a>\n\t\t\t<\/div><\/figure><figure class='gallery-item'>\n\t\t\t<div class='gallery-icon landscape'>\n\t\t\t\t<a href='https:\/\/pb.edu.pl\/sjo\/polish-lab\/czy-wiecie-ze\/witkacy\/img_20220826_134450\/'><img loading=\"lazy\" decoding=\"async\" width=\"1024\" height=\"461\" src=\"https:\/\/pb.edu.pl\/sjo\/wp-content\/uploads\/sites\/9\/2022\/09\/IMG_20220826_134450-1024x461.jpg\" class=\"attachment-large size-large\" alt=\"\" srcset=\"https:\/\/pb.edu.pl\/sjo\/wp-content\/uploads\/sites\/9\/2022\/09\/IMG_20220826_134450-1024x461.jpg 1024w, https:\/\/pb.edu.pl\/sjo\/wp-content\/uploads\/sites\/9\/2022\/09\/IMG_20220826_134450-300x135.jpg 300w, https:\/\/pb.edu.pl\/sjo\/wp-content\/uploads\/sites\/9\/2022\/09\/IMG_20220826_134450-768x346.jpg 768w, https:\/\/pb.edu.pl\/sjo\/wp-content\/uploads\/sites\/9\/2022\/09\/IMG_20220826_134450-1536x691.jpg 1536w, https:\/\/pb.edu.pl\/sjo\/wp-content\/uploads\/sites\/9\/2022\/09\/IMG_20220826_134450-2048x922.jpg 2048w\" sizes=\"auto, (max-width: 1024px) 100vw, 1024px\" \/><\/a>\n\t\t\t<\/div><\/figure>\n\t\t<\/div>\n\n<div id='gallery-4' class='gallery galleryid-16745 gallery-columns-3 gallery-size-medium'><figure class='gallery-item'>\n\t\t\t<div class='gallery-icon portrait'>\n\t\t\t\t<a href='https:\/\/pb.edu.pl\/sjo\/polish-lab\/czy-wiecie-ze\/witkacy\/img_20220918_111449\/'><img loading=\"lazy\" decoding=\"async\" width=\"214\" height=\"300\" src=\"https:\/\/pb.edu.pl\/sjo\/wp-content\/uploads\/sites\/9\/2022\/09\/IMG_20220918_111449-scaled-e1664413253945-214x300.jpg\" class=\"attachment-medium size-medium\" alt=\"\" srcset=\"https:\/\/pb.edu.pl\/sjo\/wp-content\/uploads\/sites\/9\/2022\/09\/IMG_20220918_111449-scaled-e1664413253945-214x300.jpg 214w, https:\/\/pb.edu.pl\/sjo\/wp-content\/uploads\/sites\/9\/2022\/09\/IMG_20220918_111449-scaled-e1664413253945-732x1024.jpg 732w, https:\/\/pb.edu.pl\/sjo\/wp-content\/uploads\/sites\/9\/2022\/09\/IMG_20220918_111449-scaled-e1664413253945-768x1075.jpg 768w, https:\/\/pb.edu.pl\/sjo\/wp-content\/uploads\/sites\/9\/2022\/09\/IMG_20220918_111449-scaled-e1664413253945-1098x1536.jpg 1098w, https:\/\/pb.edu.pl\/sjo\/wp-content\/uploads\/sites\/9\/2022\/09\/IMG_20220918_111449-scaled-e1664413253945.jpg 1152w\" sizes=\"auto, (max-width: 214px) 100vw, 214px\" \/><\/a>\n\t\t\t<\/div><\/figure><figure class='gallery-item'>\n\t\t\t<div class='gallery-icon portrait'>\n\t\t\t\t<a href='https:\/\/pb.edu.pl\/sjo\/polish-lab\/czy-wiecie-ze\/witkacy\/witkacy-jozef-glogowski-stanislaw-ignacy-witkiewicz-przerazenie-wariata-1931\/'><img loading=\"lazy\" decoding=\"async\" width=\"197\" height=\"300\" src=\"https:\/\/pb.edu.pl\/sjo\/wp-content\/uploads\/sites\/9\/2022\/09\/Witkacy-Jozef-Glogowski-Stanislaw-Ignacy-Witkiewicz-Przerazenie-wariata-1931-197x300.png\" class=\"attachment-medium size-medium\" alt=\"\" aria-describedby=\"gallery-4-16782\" srcset=\"https:\/\/pb.edu.pl\/sjo\/wp-content\/uploads\/sites\/9\/2022\/09\/Witkacy-Jozef-Glogowski-Stanislaw-Ignacy-Witkiewicz-Przerazenie-wariata-1931-197x300.png 197w, https:\/\/pb.edu.pl\/sjo\/wp-content\/uploads\/sites\/9\/2022\/09\/Witkacy-Jozef-Glogowski-Stanislaw-Ignacy-Witkiewicz-Przerazenie-wariata-1931-e1664491398985.png 540w\" sizes=\"auto, (max-width: 197px) 100vw, 197px\" \/><\/a>\n\t\t\t<\/div>\n\t\t\t\t<figcaption class='wp-caption-text gallery-caption' id='gallery-4-16782'>\n\t\t\t\tWitkacy, &#8222;Przera\u017cenie wariata&#8221;, autoportret, 1931, fot. www.sothebys.com\n\t\t\t\t<\/figcaption><\/figure><figure class='gallery-item'>\n\t\t\t<div class='gallery-icon landscape'>\n\t\t\t\t<a href='https:\/\/pb.edu.pl\/sjo\/polish-lab\/czy-wiecie-ze\/witkacy\/img_20220826_134859\/'><img loading=\"lazy\" decoding=\"async\" width=\"300\" height=\"135\" src=\"https:\/\/pb.edu.pl\/sjo\/wp-content\/uploads\/sites\/9\/2022\/09\/IMG_20220826_134859-300x135.jpg\" class=\"attachment-medium size-medium\" alt=\"cztery zdj\u0119cia portretowe m\u0119\u017cczyzny\" aria-describedby=\"gallery-4-16752\" srcset=\"https:\/\/pb.edu.pl\/sjo\/wp-content\/uploads\/sites\/9\/2022\/09\/IMG_20220826_134859-300x135.jpg 300w, https:\/\/pb.edu.pl\/sjo\/wp-content\/uploads\/sites\/9\/2022\/09\/IMG_20220826_134859-1024x461.jpg 1024w, https:\/\/pb.edu.pl\/sjo\/wp-content\/uploads\/sites\/9\/2022\/09\/IMG_20220826_134859-768x346.jpg 768w, https:\/\/pb.edu.pl\/sjo\/wp-content\/uploads\/sites\/9\/2022\/09\/IMG_20220826_134859-1536x691.jpg 1536w, https:\/\/pb.edu.pl\/sjo\/wp-content\/uploads\/sites\/9\/2022\/09\/IMG_20220826_134859-2048x922.jpg 2048w\" sizes=\"auto, (max-width: 300px) 100vw, 300px\" \/><\/a>\n\t\t\t<\/div>\n\t\t\t\t<figcaption class='wp-caption-text gallery-caption' id='gallery-4-16752'>\n\t\t\t\tseria zdj\u0119\u0107 artysty\n\t\t\t\t<\/figcaption><\/figure>\n\t\t<\/div>\n\n<p>Poni\u017cej kr\u00f3tki program dokumentalny o Witkacym (poziom j\u0119zyka B1+\/B2)<\/p>\n<div class=\"embed-responsive embed-responsive-16by9\"><iframe loading=\"lazy\" title=\"WITKACY -  Two\u0301rczos\u0301c\u0301 i \u017cycie\" width=\"500\" height=\"281\" src=\"https:\/\/www.youtube.com\/embed\/04vDLbG0dVQ?feature=oembed\" frameborder=\"0\" allow=\"accelerometer; autoplay; clipboard-write; encrypted-media; gyroscope; picture-in-picture; web-share\" referrerpolicy=\"strict-origin-when-cross-origin\" allowfullscreen><\/iframe><\/div>\n","protected":false},"excerpt":{"rendered":"<p>Witkacy, czyli Stanis\u0142aw Ignacy Witkiewicz, to cz\u0142owiek o wielu talentach, dramaturg, pisarz, malarz, portrecista, filozof,<\/p>\n","protected":false},"author":77,"featured_media":0,"parent":8281,"menu_order":0,"comment_status":"closed","ping_status":"closed","template":"","meta":{"_acf_changed":false,"ngg_post_thumbnail":0,"footnotes":""},"class_list":["post-16745","page","type-page","status-publish","hentry"],"acf":[],"yoast_head":"<!-- This site is optimized with the Yoast SEO plugin v27.0 - https:\/\/yoast.com\/product\/yoast-seo-wordpress\/ -->\n<title>Witkacy - Studium J\u0119zyk\u00f3w Obcych<\/title>\n<meta name=\"description\" content=\"Witkacy, czyli Stanis\u0142aw Ignacy Witkiewicz, to cz\u0142owiek o wielu talentach, dramaturg, pisarz, malarz, portrecista, filozof, teoretyk teatru, fotograf. By\u0142\" \/>\n<meta name=\"robots\" content=\"index, follow, max-snippet:-1, max-image-preview:large, max-video-preview:-1\" \/>\n<link rel=\"canonical\" href=\"https:\/\/pb.edu.pl\/sjo\/polish-lab\/czy-wiecie-ze\/witkacy\/\" \/>\n<meta property=\"og:locale\" content=\"pl_PL\" \/>\n<meta property=\"og:type\" content=\"article\" \/>\n<meta property=\"og:title\" content=\"Witkacy - Studium J\u0119zyk\u00f3w Obcych\" \/>\n<meta property=\"og:description\" content=\"Witkacy, czyli Stanis\u0142aw Ignacy Witkiewicz, to cz\u0142owiek o wielu talentach, dramaturg, pisarz, malarz, portrecista, filozof, teoretyk teatru, fotograf. By\u0142\" \/>\n<meta property=\"og:url\" content=\"https:\/\/pb.edu.pl\/sjo\/polish-lab\/czy-wiecie-ze\/witkacy\/\" \/>\n<meta property=\"og:site_name\" content=\"Studium J\u0119zyk\u00f3w Obcych\" \/>\n<meta property=\"article:modified_time\" content=\"2023-02-06T12:54:08+00:00\" \/>\n<meta property=\"og:image\" content=\"https:\/\/pb.edu.pl\/sjo\/wp-content\/uploads\/sites\/9\/2022\/09\/IMG_20220826_135525-scaled-e1664413631915-1024x545.jpg\" \/>\n<meta name=\"twitter:label1\" content=\"Szacowany czas czytania\" \/>\n\t<meta name=\"twitter:data1\" content=\"2 minuty\" \/>\n<script type=\"application\/ld+json\" class=\"yoast-schema-graph\">{\"@context\":\"https:\/\/schema.org\",\"@graph\":[{\"@type\":\"WebPage\",\"@id\":\"https:\/\/pb.edu.pl\/sjo\/polish-lab\/czy-wiecie-ze\/witkacy\/\",\"url\":\"https:\/\/pb.edu.pl\/sjo\/polish-lab\/czy-wiecie-ze\/witkacy\/\",\"name\":\"Witkacy - Studium J\u0119zyk\u00f3w Obcych\",\"isPartOf\":{\"@id\":\"https:\/\/pb.edu.pl\/sjo\/#website\"},\"datePublished\":\"2022-09-28T23:47:17+00:00\",\"dateModified\":\"2023-02-06T12:54:08+00:00\",\"description\":\"Witkacy, czyli Stanis\u0142aw Ignacy Witkiewicz, to cz\u0142owiek o wielu talentach, dramaturg, pisarz, malarz, portrecista, filozof, teoretyk teatru, fotograf. By\u0142\",\"breadcrumb\":{\"@id\":\"https:\/\/pb.edu.pl\/sjo\/polish-lab\/czy-wiecie-ze\/witkacy\/#breadcrumb\"},\"inLanguage\":\"pl-PL\",\"potentialAction\":[{\"@type\":\"ReadAction\",\"target\":[\"https:\/\/pb.edu.pl\/sjo\/polish-lab\/czy-wiecie-ze\/witkacy\/\"]}]},{\"@type\":\"BreadcrumbList\",\"@id\":\"https:\/\/pb.edu.pl\/sjo\/polish-lab\/czy-wiecie-ze\/witkacy\/#breadcrumb\",\"itemListElement\":[{\"@type\":\"ListItem\",\"position\":1,\"name\":\"Home\",\"item\":\"https:\/\/pb.edu.pl\/sjo\/\"},{\"@type\":\"ListItem\",\"position\":2,\"name\":\"Centrum J\u0119zyka i Kultury Polskiej POLISH LAB\",\"item\":\"https:\/\/pb.edu.pl\/sjo\/polish-lab\/\"},{\"@type\":\"ListItem\",\"position\":3,\"name\":\"O Polsce i Polakach\",\"item\":\"https:\/\/pb.edu.pl\/sjo\/polish-lab\/czy-wiecie-ze\/\"},{\"@type\":\"ListItem\",\"position\":4,\"name\":\"Witkacy\"}]},{\"@type\":\"WebSite\",\"@id\":\"https:\/\/pb.edu.pl\/sjo\/#website\",\"url\":\"https:\/\/pb.edu.pl\/sjo\/\",\"name\":\"Studium J\u0119zyk\u00f3w Obcych\",\"description\":\"\",\"potentialAction\":[{\"@type\":\"SearchAction\",\"target\":{\"@type\":\"EntryPoint\",\"urlTemplate\":\"https:\/\/pb.edu.pl\/sjo\/?s={search_term_string}\"},\"query-input\":{\"@type\":\"PropertyValueSpecification\",\"valueRequired\":true,\"valueName\":\"search_term_string\"}}],\"inLanguage\":\"pl-PL\"}]}<\/script>\n<!-- \/ Yoast SEO plugin. -->","yoast_head_json":{"title":"Witkacy - Studium J\u0119zyk\u00f3w Obcych","description":"Witkacy, czyli Stanis\u0142aw Ignacy Witkiewicz, to cz\u0142owiek o wielu talentach, dramaturg, pisarz, malarz, portrecista, filozof, teoretyk teatru, fotograf. By\u0142","robots":{"index":"index","follow":"follow","max-snippet":"max-snippet:-1","max-image-preview":"max-image-preview:large","max-video-preview":"max-video-preview:-1"},"canonical":"https:\/\/pb.edu.pl\/sjo\/polish-lab\/czy-wiecie-ze\/witkacy\/","og_locale":"pl_PL","og_type":"article","og_title":"Witkacy - Studium J\u0119zyk\u00f3w Obcych","og_description":"Witkacy, czyli Stanis\u0142aw Ignacy Witkiewicz, to cz\u0142owiek o wielu talentach, dramaturg, pisarz, malarz, portrecista, filozof, teoretyk teatru, fotograf. By\u0142","og_url":"https:\/\/pb.edu.pl\/sjo\/polish-lab\/czy-wiecie-ze\/witkacy\/","og_site_name":"Studium J\u0119zyk\u00f3w Obcych","article_modified_time":"2023-02-06T12:54:08+00:00","og_image":[{"url":"https:\/\/pb.edu.pl\/sjo\/wp-content\/uploads\/sites\/9\/2022\/09\/IMG_20220826_135525-scaled-e1664413631915-1024x545.jpg","type":"","width":"","height":""}],"twitter_misc":{"Szacowany czas czytania":"2 minuty"},"schema":{"@context":"https:\/\/schema.org","@graph":[{"@type":"WebPage","@id":"https:\/\/pb.edu.pl\/sjo\/polish-lab\/czy-wiecie-ze\/witkacy\/","url":"https:\/\/pb.edu.pl\/sjo\/polish-lab\/czy-wiecie-ze\/witkacy\/","name":"Witkacy - Studium J\u0119zyk\u00f3w Obcych","isPartOf":{"@id":"https:\/\/pb.edu.pl\/sjo\/#website"},"datePublished":"2022-09-28T23:47:17+00:00","dateModified":"2023-02-06T12:54:08+00:00","description":"Witkacy, czyli Stanis\u0142aw Ignacy Witkiewicz, to cz\u0142owiek o wielu talentach, dramaturg, pisarz, malarz, portrecista, filozof, teoretyk teatru, fotograf. By\u0142","breadcrumb":{"@id":"https:\/\/pb.edu.pl\/sjo\/polish-lab\/czy-wiecie-ze\/witkacy\/#breadcrumb"},"inLanguage":"pl-PL","potentialAction":[{"@type":"ReadAction","target":["https:\/\/pb.edu.pl\/sjo\/polish-lab\/czy-wiecie-ze\/witkacy\/"]}]},{"@type":"BreadcrumbList","@id":"https:\/\/pb.edu.pl\/sjo\/polish-lab\/czy-wiecie-ze\/witkacy\/#breadcrumb","itemListElement":[{"@type":"ListItem","position":1,"name":"Home","item":"https:\/\/pb.edu.pl\/sjo\/"},{"@type":"ListItem","position":2,"name":"Centrum J\u0119zyka i Kultury Polskiej POLISH LAB","item":"https:\/\/pb.edu.pl\/sjo\/polish-lab\/"},{"@type":"ListItem","position":3,"name":"O Polsce i Polakach","item":"https:\/\/pb.edu.pl\/sjo\/polish-lab\/czy-wiecie-ze\/"},{"@type":"ListItem","position":4,"name":"Witkacy"}]},{"@type":"WebSite","@id":"https:\/\/pb.edu.pl\/sjo\/#website","url":"https:\/\/pb.edu.pl\/sjo\/","name":"Studium J\u0119zyk\u00f3w Obcych","description":"","potentialAction":[{"@type":"SearchAction","target":{"@type":"EntryPoint","urlTemplate":"https:\/\/pb.edu.pl\/sjo\/?s={search_term_string}"},"query-input":{"@type":"PropertyValueSpecification","valueRequired":true,"valueName":"search_term_string"}}],"inLanguage":"pl-PL"}]}},"_links":{"self":[{"href":"https:\/\/pb.edu.pl\/sjo\/wp-json\/wp\/v2\/pages\/16745","targetHints":{"allow":["GET"]}}],"collection":[{"href":"https:\/\/pb.edu.pl\/sjo\/wp-json\/wp\/v2\/pages"}],"about":[{"href":"https:\/\/pb.edu.pl\/sjo\/wp-json\/wp\/v2\/types\/page"}],"author":[{"embeddable":true,"href":"https:\/\/pb.edu.pl\/sjo\/wp-json\/wp\/v2\/users\/77"}],"replies":[{"embeddable":true,"href":"https:\/\/pb.edu.pl\/sjo\/wp-json\/wp\/v2\/comments?post=16745"}],"version-history":[{"count":0,"href":"https:\/\/pb.edu.pl\/sjo\/wp-json\/wp\/v2\/pages\/16745\/revisions"}],"up":[{"embeddable":true,"href":"https:\/\/pb.edu.pl\/sjo\/wp-json\/wp\/v2\/pages\/8281"}],"wp:attachment":[{"href":"https:\/\/pb.edu.pl\/sjo\/wp-json\/wp\/v2\/media?parent=16745"}],"curies":[{"name":"wp","href":"https:\/\/api.w.org\/{rel}","templated":true}]}}