{"id":16410,"date":"2022-09-07T12:44:59","date_gmt":"2022-09-07T10:44:59","guid":{"rendered":"https:\/\/pb.edu.pl\/sjo\/?page_id=16410"},"modified":"2025-06-24T13:59:00","modified_gmt":"2025-06-24T11:59:00","slug":"jesienny-kurs-hiszpanskiego","status":"publish","type":"page","link":"https:\/\/pb.edu.pl\/sjo\/polilingua\/jesienny-kurs-hiszpanskiego\/","title":{"rendered":"Jesienny kurs hiszpa\u0144skiego"},"content":{"rendered":"<h2><img loading=\"lazy\" decoding=\"async\" class=\"alignleft wp-image-14263\" src=\"https:\/\/pb.edu.pl\/sjo\/wp-content\/uploads\/sites\/9\/2022\/09\/Jesienny-hiszp-box-www.png\" alt=\"\" width=\"350\" height=\"233\"><\/h2>\n<h2>Kurs zako\u0144czony.<\/h2>\n<h2>Jesienny kurs j\u0119zyka hiszpa\u0144skiego dla mniej pocz\u0105tkuj\u0105cych<\/h2>\n<p>\u00bfGdzie mo\u017cna zobaczy\u0107 Guadalquivir?<br \/>\n\u00bfCukierki, tequila i wie\u0144ce w kszta\u0142cie gitar &#8211; co si\u0119 tak \u015bwi\u0119tuje?<br \/>\n\u00bfCo wyj\u0105tkowego jest w villancicos?<\/p>\n<h2>Przydatne s\u0142\u00f3wka, porcja niezb\u0119dnej gramatyki, du\u017co m\u00f3wienia i zabawy z j\u0119zykiem, masa ciekawostek, fajna atmosfera!<\/h2>\n<p>To wszystko ju\u017c od pa\u017adziernika na kursie hiszpa\u0144skiego! <a href=\"https:\/\/pb.edu.pl\/sjo\/wp-content\/uploads\/sites\/9\/2022\/09\/Jesienny-kurs-hiszpanskiego-A1-cz.II_.pdf\">Zobacz szczeg\u00f3\u0142y.<\/a><\/p>\n<div class=\"h2\">Kiedy<\/div>\n<p>Jesienny kurs trwa od <strong>15.10.2022 <\/strong>do <strong>17.12.2022<\/strong>. Zaj\u0119cia odbywaj\u0105 si\u0119 w soboty po 4 godziny dziennie w godzinach 9:00 &#8211; 12:15 (z 1 przerw\u0105 15-minutow\u0105). <strong>To a\u017c 40 godzin lekcyjnych nauki<\/strong> (1 godzina lekcyjna = 45 minut).<\/p>\n<div class=\"h2\">Gdzie<\/div>\n<p>POLILINGUA, Studium J\u0119zyk\u00f3w Obcych<br \/>\nCNK, II pi\u0119tro, sala 19<\/p>\n<div class=\"h2\">Dla kogo<\/div>\n<p>Zaj\u0119cia dla student\u00f3w i pracownik\u00f3w PB oraz dla os\u00f3b spoza PB.<\/p>\n<p>Zapraszamy wszystkich z podstawow\u0105 znajomo\u015bci\u0105 j\u0119zyka hiszpa\u0144skiego (po ok. 30-40 h nauki). Je\u015bli mia\u0142e\u015b\/a\u015b ju\u017c kontakt z j\u0119zykiem, ale nie jeste\u015b pewny\/a, czy to kurs dla Ciebie, <a href=\"mailto:v.grabinska@pb.edu.pl\">napisz do nas.<\/a>&nbsp;<\/p>\n<div class=\"h2\">Prowadz\u0105cy<\/div>\n<div>mgr Violetta Grabi\u0144ska<\/div>\n<div><i class=\"fal fa-envelope\"><\/i> <a href=\"#\" rel=\"nofollow\"  onclick=\"this.href='mailto:' + 'v.grabinska' + '@' + 'pb.edu.pl '\">v.grabinska [at] pb.edu.pl <\/a>&nbsp;<\/div>\n<div class=\"h2\">Zapisy<\/div>\n<p>Koszt kursu to 650 z\u0142\/ os.<br \/>\nLiczba uczestnik\u00f3w: min. 10 os\u00f3b<br \/>\n<strong>Zapisy do 04.10.2022.<\/strong><\/p>\n<p><a href=\"https:\/\/pb.edu.pl\/sjo\/wp-content\/uploads\/sites\/9\/2022\/05\/Zalaczniknr1.pdf\">Regulamin organizacji kurs\u00f3w na Politechnice Bia\u0142ostockiej.<\/a><\/p>\n<p>Materia\u0142y do nauki zapewnia POLILINGUA.<br \/>\nRejestracja zako\u0144czona.<\/p>\n","protected":false},"excerpt":{"rendered":"<p>Kurs zako\u0144czony. Jesienny kurs j\u0119zyka hiszpa\u0144skiego dla mniej pocz\u0105tkuj\u0105cych \u00bfGdzie mo\u017cna zobaczy\u0107 Guadalquivir? \u00bfCukierki, tequila<\/p>\n","protected":false},"author":6,"featured_media":0,"parent":13364,"menu_order":0,"comment_status":"closed","ping_status":"closed","template":"","meta":{"_acf_changed":false,"ngg_post_thumbnail":0,"footnotes":""},"class_list":["post-16410","page","type-page","status-publish","hentry"],"acf":[],"yoast_head":"<!-- This site is optimized with the Yoast SEO plugin v27.0 - https:\/\/yoast.com\/product\/yoast-seo-wordpress\/ -->\n<title>Jesienny kurs hiszpa\u0144skiego - Studium J\u0119zyk\u00f3w Obcych<\/title>\n<meta name=\"description\" content=\"Kurs zako\u0144czony. Jesienny kurs j\u0119zyka hiszpa\u0144skiego dla mniej pocz\u0105tkuj\u0105cych \u00bfGdzie mo\u017cna zobaczy\u0107 Guadalquivir? \u00bfCukierki, tequila i wie\u0144ce w kszta\u0142cie\" \/>\n<meta name=\"robots\" content=\"index, follow, max-snippet:-1, max-image-preview:large, max-video-preview:-1\" \/>\n<link rel=\"canonical\" href=\"https:\/\/pb.edu.pl\/sjo\/polilingua\/jesienny-kurs-hiszpanskiego\/\" \/>\n<meta property=\"og:locale\" content=\"pl_PL\" \/>\n<meta property=\"og:type\" content=\"article\" \/>\n<meta property=\"og:title\" content=\"Jesienny kurs hiszpa\u0144skiego - Studium J\u0119zyk\u00f3w Obcych\" \/>\n<meta property=\"og:description\" content=\"Kurs zako\u0144czony. Jesienny kurs j\u0119zyka hiszpa\u0144skiego dla mniej pocz\u0105tkuj\u0105cych \u00bfGdzie mo\u017cna zobaczy\u0107 Guadalquivir? \u00bfCukierki, tequila i wie\u0144ce w kszta\u0142cie\" \/>\n<meta property=\"og:url\" content=\"https:\/\/pb.edu.pl\/sjo\/polilingua\/jesienny-kurs-hiszpanskiego\/\" \/>\n<meta property=\"og:site_name\" content=\"Studium J\u0119zyk\u00f3w Obcych\" \/>\n<meta property=\"article:modified_time\" content=\"2025-06-24T11:59:00+00:00\" \/>\n<meta property=\"og:image\" content=\"https:\/\/pb.edu.pl\/sjo\/wp-content\/uploads\/sites\/9\/2022\/05\/English-for-Business-and-IT-students-940\u00d7788-px-799\u00d7533-px.png\" \/>\n\t<meta property=\"og:image:width\" content=\"799\" \/>\n\t<meta property=\"og:image:height\" content=\"533\" \/>\n\t<meta property=\"og:image:type\" content=\"image\/png\" \/>\n<meta name=\"twitter:label1\" content=\"Szacowany czas czytania\" \/>\n\t<meta name=\"twitter:data1\" content=\"2 minuty\" \/>\n<script type=\"application\/ld+json\" class=\"yoast-schema-graph\">{\"@context\":\"https:\/\/schema.org\",\"@graph\":[{\"@type\":\"WebPage\",\"@id\":\"https:\/\/pb.edu.pl\/sjo\/polilingua\/jesienny-kurs-hiszpanskiego\/\",\"url\":\"https:\/\/pb.edu.pl\/sjo\/polilingua\/jesienny-kurs-hiszpanskiego\/\",\"name\":\"Jesienny kurs hiszpa\u0144skiego - Studium J\u0119zyk\u00f3w Obcych\",\"isPartOf\":{\"@id\":\"https:\/\/pb.edu.pl\/sjo\/#website\"},\"primaryImageOfPage\":{\"@id\":\"https:\/\/pb.edu.pl\/sjo\/polilingua\/jesienny-kurs-hiszpanskiego\/#primaryimage\"},\"image\":{\"@id\":\"https:\/\/pb.edu.pl\/sjo\/polilingua\/jesienny-kurs-hiszpanskiego\/#primaryimage\"},\"thumbnailUrl\":\"https:\/\/pb.edu.pl\/sjo\/wp-content\/uploads\/sites\/9\/2022\/09\/Jesienny-hiszp-box-www.png\",\"datePublished\":\"2022-09-07T10:44:59+00:00\",\"dateModified\":\"2025-06-24T11:59:00+00:00\",\"description\":\"Kurs zako\u0144czony. Jesienny kurs j\u0119zyka hiszpa\u0144skiego dla mniej pocz\u0105tkuj\u0105cych \u00bfGdzie mo\u017cna zobaczy\u0107 Guadalquivir? \u00bfCukierki, tequila i wie\u0144ce w kszta\u0142cie\",\"breadcrumb\":{\"@id\":\"https:\/\/pb.edu.pl\/sjo\/polilingua\/jesienny-kurs-hiszpanskiego\/#breadcrumb\"},\"inLanguage\":\"pl-PL\",\"potentialAction\":[{\"@type\":\"ReadAction\",\"target\":[\"https:\/\/pb.edu.pl\/sjo\/polilingua\/jesienny-kurs-hiszpanskiego\/\"]}]},{\"@type\":\"ImageObject\",\"inLanguage\":\"pl-PL\",\"@id\":\"https:\/\/pb.edu.pl\/sjo\/polilingua\/jesienny-kurs-hiszpanskiego\/#primaryimage\",\"url\":\"https:\/\/pb.edu.pl\/sjo\/wp-content\/uploads\/sites\/9\/2022\/09\/Jesienny-hiszp-box-www.png\",\"contentUrl\":\"https:\/\/pb.edu.pl\/sjo\/wp-content\/uploads\/sites\/9\/2022\/09\/Jesienny-hiszp-box-www.png\",\"width\":799,\"height\":533},{\"@type\":\"BreadcrumbList\",\"@id\":\"https:\/\/pb.edu.pl\/sjo\/polilingua\/jesienny-kurs-hiszpanskiego\/#breadcrumb\",\"itemListElement\":[{\"@type\":\"ListItem\",\"position\":1,\"name\":\"Home\",\"item\":\"https:\/\/pb.edu.pl\/sjo\/\"},{\"@type\":\"ListItem\",\"position\":2,\"name\":\"Polilingua\",\"item\":\"https:\/\/pb.edu.pl\/sjo\/polilingua\/\"},{\"@type\":\"ListItem\",\"position\":3,\"name\":\"Jesienny kurs hiszpa\u0144skiego\"}]},{\"@type\":\"WebSite\",\"@id\":\"https:\/\/pb.edu.pl\/sjo\/#website\",\"url\":\"https:\/\/pb.edu.pl\/sjo\/\",\"name\":\"Studium J\u0119zyk\u00f3w Obcych\",\"description\":\"\",\"potentialAction\":[{\"@type\":\"SearchAction\",\"target\":{\"@type\":\"EntryPoint\",\"urlTemplate\":\"https:\/\/pb.edu.pl\/sjo\/?s={search_term_string}\"},\"query-input\":{\"@type\":\"PropertyValueSpecification\",\"valueRequired\":true,\"valueName\":\"search_term_string\"}}],\"inLanguage\":\"pl-PL\"}]}<\/script>\n<!-- \/ Yoast SEO plugin. -->","yoast_head_json":{"title":"Jesienny kurs hiszpa\u0144skiego - Studium J\u0119zyk\u00f3w Obcych","description":"Kurs zako\u0144czony. Jesienny kurs j\u0119zyka hiszpa\u0144skiego dla mniej pocz\u0105tkuj\u0105cych \u00bfGdzie mo\u017cna zobaczy\u0107 Guadalquivir? \u00bfCukierki, tequila i wie\u0144ce w kszta\u0142cie","robots":{"index":"index","follow":"follow","max-snippet":"max-snippet:-1","max-image-preview":"max-image-preview:large","max-video-preview":"max-video-preview:-1"},"canonical":"https:\/\/pb.edu.pl\/sjo\/polilingua\/jesienny-kurs-hiszpanskiego\/","og_locale":"pl_PL","og_type":"article","og_title":"Jesienny kurs hiszpa\u0144skiego - Studium J\u0119zyk\u00f3w Obcych","og_description":"Kurs zako\u0144czony. Jesienny kurs j\u0119zyka hiszpa\u0144skiego dla mniej pocz\u0105tkuj\u0105cych \u00bfGdzie mo\u017cna zobaczy\u0107 Guadalquivir? \u00bfCukierki, tequila i wie\u0144ce w kszta\u0142cie","og_url":"https:\/\/pb.edu.pl\/sjo\/polilingua\/jesienny-kurs-hiszpanskiego\/","og_site_name":"Studium J\u0119zyk\u00f3w Obcych","article_modified_time":"2025-06-24T11:59:00+00:00","og_image":[{"width":799,"height":533,"url":"https:\/\/pb.edu.pl\/sjo\/wp-content\/uploads\/sites\/9\/2022\/05\/English-for-Business-and-IT-students-940\u00d7788-px-799\u00d7533-px.png","type":"image\/png"}],"twitter_misc":{"Szacowany czas czytania":"2 minuty"},"schema":{"@context":"https:\/\/schema.org","@graph":[{"@type":"WebPage","@id":"https:\/\/pb.edu.pl\/sjo\/polilingua\/jesienny-kurs-hiszpanskiego\/","url":"https:\/\/pb.edu.pl\/sjo\/polilingua\/jesienny-kurs-hiszpanskiego\/","name":"Jesienny kurs hiszpa\u0144skiego - Studium J\u0119zyk\u00f3w Obcych","isPartOf":{"@id":"https:\/\/pb.edu.pl\/sjo\/#website"},"primaryImageOfPage":{"@id":"https:\/\/pb.edu.pl\/sjo\/polilingua\/jesienny-kurs-hiszpanskiego\/#primaryimage"},"image":{"@id":"https:\/\/pb.edu.pl\/sjo\/polilingua\/jesienny-kurs-hiszpanskiego\/#primaryimage"},"thumbnailUrl":"https:\/\/pb.edu.pl\/sjo\/wp-content\/uploads\/sites\/9\/2022\/09\/Jesienny-hiszp-box-www.png","datePublished":"2022-09-07T10:44:59+00:00","dateModified":"2025-06-24T11:59:00+00:00","description":"Kurs zako\u0144czony. Jesienny kurs j\u0119zyka hiszpa\u0144skiego dla mniej pocz\u0105tkuj\u0105cych \u00bfGdzie mo\u017cna zobaczy\u0107 Guadalquivir? \u00bfCukierki, tequila i wie\u0144ce w kszta\u0142cie","breadcrumb":{"@id":"https:\/\/pb.edu.pl\/sjo\/polilingua\/jesienny-kurs-hiszpanskiego\/#breadcrumb"},"inLanguage":"pl-PL","potentialAction":[{"@type":"ReadAction","target":["https:\/\/pb.edu.pl\/sjo\/polilingua\/jesienny-kurs-hiszpanskiego\/"]}]},{"@type":"ImageObject","inLanguage":"pl-PL","@id":"https:\/\/pb.edu.pl\/sjo\/polilingua\/jesienny-kurs-hiszpanskiego\/#primaryimage","url":"https:\/\/pb.edu.pl\/sjo\/wp-content\/uploads\/sites\/9\/2022\/09\/Jesienny-hiszp-box-www.png","contentUrl":"https:\/\/pb.edu.pl\/sjo\/wp-content\/uploads\/sites\/9\/2022\/09\/Jesienny-hiszp-box-www.png","width":799,"height":533},{"@type":"BreadcrumbList","@id":"https:\/\/pb.edu.pl\/sjo\/polilingua\/jesienny-kurs-hiszpanskiego\/#breadcrumb","itemListElement":[{"@type":"ListItem","position":1,"name":"Home","item":"https:\/\/pb.edu.pl\/sjo\/"},{"@type":"ListItem","position":2,"name":"Polilingua","item":"https:\/\/pb.edu.pl\/sjo\/polilingua\/"},{"@type":"ListItem","position":3,"name":"Jesienny kurs hiszpa\u0144skiego"}]},{"@type":"WebSite","@id":"https:\/\/pb.edu.pl\/sjo\/#website","url":"https:\/\/pb.edu.pl\/sjo\/","name":"Studium J\u0119zyk\u00f3w Obcych","description":"","potentialAction":[{"@type":"SearchAction","target":{"@type":"EntryPoint","urlTemplate":"https:\/\/pb.edu.pl\/sjo\/?s={search_term_string}"},"query-input":{"@type":"PropertyValueSpecification","valueRequired":true,"valueName":"search_term_string"}}],"inLanguage":"pl-PL"}]}},"_links":{"self":[{"href":"https:\/\/pb.edu.pl\/sjo\/wp-json\/wp\/v2\/pages\/16410","targetHints":{"allow":["GET"]}}],"collection":[{"href":"https:\/\/pb.edu.pl\/sjo\/wp-json\/wp\/v2\/pages"}],"about":[{"href":"https:\/\/pb.edu.pl\/sjo\/wp-json\/wp\/v2\/types\/page"}],"author":[{"embeddable":true,"href":"https:\/\/pb.edu.pl\/sjo\/wp-json\/wp\/v2\/users\/6"}],"replies":[{"embeddable":true,"href":"https:\/\/pb.edu.pl\/sjo\/wp-json\/wp\/v2\/comments?post=16410"}],"version-history":[{"count":0,"href":"https:\/\/pb.edu.pl\/sjo\/wp-json\/wp\/v2\/pages\/16410\/revisions"}],"up":[{"embeddable":true,"href":"https:\/\/pb.edu.pl\/sjo\/wp-json\/wp\/v2\/pages\/13364"}],"wp:attachment":[{"href":"https:\/\/pb.edu.pl\/sjo\/wp-json\/wp\/v2\/media?parent=16410"}],"curies":[{"name":"wp","href":"https:\/\/api.w.org\/{rel}","templated":true}]}}