{"id":16,"date":"2017-11-11T17:30:59","date_gmt":"2017-11-11T16:30:59","guid":{"rendered":"https:\/\/pb.edu.pl\/sjo\/?page_id=16"},"modified":"2026-02-19T10:50:18","modified_gmt":"2026-02-19T09:50:18","slug":"dla-studenta","status":"publish","type":"page","link":"https:\/\/pb.edu.pl\/sjo\/dla-studenta\/","title":{"rendered":"Studiuj\u0119 w PB"},"content":{"rendered":"<div class=\"row\">\n<div class=\"col-md-3\">\n\t<div class=\"boxlink animated zoomIn \">\n\t\t<a href=\"https:\/\/pb.edu.pl\/sjo\/dla-studenta\/lektoraty-obieralne\/\" class=\"no-icon\">\n\t\t\t<div class=\"boxlink-title\"><span>Lektoraty obieralne<\/span><\/div>\n\t\t\t<div class=\"boxlink-content\">\n\t\t\t\t<img decoding=\"async\" class=\"aligncenter wp-image-534 size-full\" src=\"https:\/\/pb.edu.pl\/sjo\/wp-content\/uploads\/sites\/9\/2023\/02\/lektoraty-obieralne.png\" alt=\"\">\t\t\t<\/div>\n\t\t<\/a>\n\t<\/div>\n\n<\/div>\n<div class=\"col-md-3\">\n\t<div class=\"boxlink animated zoomIn \">\n\t\t<a href=\"https:\/\/pb.edu.pl\/sjo\/dla-studenta\/konsultacje\/\" class=\"no-icon\">\n\t\t\t<div class=\"boxlink-title\"><span>Konsultacje pracownik\u00f3w<\/span><\/div>\n\t\t\t<div class=\"boxlink-content\">\n\t\t\t\t<img decoding=\"async\" class=\"aligncenter wp-image-534 size-full\" src=\"https:\/\/pb.edu.pl\/sjo\/wp-content\/uploads\/sites\/9\/2021\/10\/Konsultacje-pracownikow.png\" alt=\"\">\t\t\t<\/div>\n\t\t<\/a>\n\t<\/div>\n\n<\/div>\n<div class=\"col-md-3\">\n\t<div class=\"boxlink animated zoomIn \">\n\t\t<a href=\"https:\/\/pb.edu.pl\/sjo\/dla-studenta\/opiekunowie-jezykowi\/\" class=\"no-icon\">\n\t\t\t<div class=\"boxlink-title\"><span>Opiekunowie j\u0119zykowi<\/span><\/div>\n\t\t\t<div class=\"boxlink-content\">\n\t\t\t\t<img decoding=\"async\" class=\"aligncenter wp-image-534 size-full\" src=\"https:\/\/pb.edu.pl\/sjo\/wp-content\/uploads\/sites\/9\/2021\/10\/Opiekunowie-wydzialowi.png\" alt=\"\">\t\t\t<\/div>\n\t\t<\/a>\n\t<\/div>\n\n<\/div>\n<div class=\"col-md-3\">\n\t<div class=\"boxlink animated zoomIn \">\n\t\t<a href=\"https:\/\/pb.edu.pl\/sjo\/dla-studenta\/zasady-dotyczace-lektoratow\/\" class=\"no-icon\">\n\t\t\t<div class=\"boxlink-title\"><span>Zasady dot. lektorat\u00f3w<\/span><\/div>\n\t\t\t<div class=\"boxlink-content\">\n\t\t\t\t<img decoding=\"async\" class=\"aligncenter wp-image-534 size-full\" src=\"https:\/\/pb.edu.pl\/sjo\/wp-content\/uploads\/sites\/9\/2021\/10\/Zasady-odbywania-i-zaliczania-lektoratow.png\" alt=\"\">\t\t\t<\/div>\n\t\t<\/a>\n\t<\/div>\n\n<\/div>\n<\/div>\n<div class=\"row\">\n<div class=\"col-md-3\">\n\t<div class=\"boxlink animated zoomIn \">\n\t\t<a href=\"https:\/\/pb.edu.pl\/sjo\/dla-studenta\/jakosc-ksztalcenia\/\" class=\"no-icon\">\n\t\t\t<div class=\"boxlink-title\"><span>Jako\u015b\u0107 kszta\u0142cenia<\/span><\/div>\n\t\t\t<div class=\"boxlink-content\">\n\t\t\t\t<img decoding=\"async\" class=\"aligncenter wp-image-534 size-full\" src=\"https:\/\/pb.edu.pl\/sjo\/wp-content\/uploads\/sites\/9\/2026\/02\/wszjkj-banner.png\" alt=\"\">\t\t\t<\/div>\n\t\t<\/a>\n\t<\/div>\n\n<\/div>\n<div class=\"col-md-3\">\n\t<div class=\"boxlink animated zoomIn \">\n\t\t<a href=\"\/sjo\/egzaminy\/\" class=\"no-icon\">\n\t\t\t<div class=\"boxlink-title\"><span>Egzaminy<\/span><\/div>\n\t\t\t<div class=\"boxlink-content\">\n\t\t\t\t<img decoding=\"async\" class=\"aligncenter wp-image-534 size-full\" src=\"https:\/\/pb.edu.pl\/sjo\/wp-content\/uploads\/sites\/9\/2021\/10\/egzaminy.png\" alt=\"\">\t\t\t<\/div>\n\t\t<\/a>\n\t<\/div>\n\n<\/div>\n<div class=\"col-md-3\">\n\t<div class=\"boxlink animated zoomIn \">\n\t\t<a href=\"https:\/\/pb.edu.pl\/sjo\/dla-studenta\/egzaminy\/szkola-doktorska\/\" class=\"no-icon\">\n\t\t\t<div class=\"boxlink-title\"><span>Szko\u0142a doktorska<\/span><\/div>\n\t\t\t<div class=\"boxlink-content\">\n\t\t\t\t<img decoding=\"async\" class=\"aligncenter wp-image-534 size-full\" src=\"https:\/\/pb.edu.pl\/sjo\/wp-content\/uploads\/sites\/9\/2021\/10\/Szkola-Doktorska.png\" alt=\"\">\t\t\t<\/div>\n\t\t<\/a>\n\t<\/div>\n\n<\/div>\n<div class=\"col-md-3\">\n\t<div class=\"boxlink animated zoomIn \">\n\t\t<a href=\"https:\/\/pb.edu.pl\/sjo\/projekty-2-2\/program-tutorski\/\" class=\"no-icon\">\n\t\t\t<div class=\"boxlink-title\"><span>Tutoring<\/span><\/div>\n\t\t\t<div class=\"boxlink-content\">\n\t\t\t\t<img loading=\"lazy\" decoding=\"async\" class=\"aligncenter wp-image-29693 size-full\" src=\"https:\/\/pb.edu.pl\/sjo\/wp-content\/uploads\/sites\/9\/2025\/09\/tutoring-kafelek-GPT-U.-Okruszko.png\" alt=\"\" width=\"799\" height=\"533\" srcset=\"https:\/\/pb.edu.pl\/sjo\/wp-content\/uploads\/sites\/9\/2025\/09\/tutoring-kafelek-GPT-U.-Okruszko.png 799w, https:\/\/pb.edu.pl\/sjo\/wp-content\/uploads\/sites\/9\/2025\/09\/tutoring-kafelek-GPT-U.-Okruszko-300x200.png 300w, https:\/\/pb.edu.pl\/sjo\/wp-content\/uploads\/sites\/9\/2025\/09\/tutoring-kafelek-GPT-U.-Okruszko-768x512.png 768w, https:\/\/pb.edu.pl\/sjo\/wp-content\/uploads\/sites\/9\/2025\/09\/tutoring-kafelek-GPT-U.-Okruszko-480x320.png 480w\" sizes=\"auto, (max-width: 799px) 100vw, 799px\" \/>\t\t\t<\/div>\n\t\t<\/a>\n\t<\/div>\n\n<\/div>\n<\/div>\n<div class=\"row\">\n<div class=\"col-md-3\">\n<\/div>\n<div class=\"col-md-3\">\n\t<div class=\"boxlink animated zoomIn \">\n\t\t<a href=\"\/sjo\/dla-studenta\/studenci-z-niepelnosprawnoscia\/\" class=\"no-icon\">\n\t\t\t<div class=\"boxlink-title\"><span>Osoby z niepe\u0142nosprawno\u015bci\u0105<\/span><\/div>\n\t\t\t<div class=\"boxlink-content\">\n\t\t\t\t<img decoding=\"async\" class=\"aligncenter wp-image-534 size-full\" src=\"\/sjo\/wp-content\/uploads\/sites\/9\/2021\/10\/Studenci-z-niepelnosprawnoscia.png\" alt=\"\">\t\t\t<\/div>\n\t\t<\/a>\n\t<\/div>\n\n<\/div>\n<div class=\"col-md-3\">\n\t<div class=\"boxlink animated zoomIn \">\n\t\t<a href=\"\/sjo\/ciekawe-uzyteczne\/\" class=\"no-icon\">\n\t\t\t<div class=\"boxlink-title\"><span>Ciekawe i u\u017cyteczne<\/span><\/div>\n\t\t\t<div class=\"boxlink-content\">\n\t\t\t\t<img decoding=\"async\" class=\"aligncenter wp-image-534 size-full\" src=\"\/sjo\/wp-content\/uploads\/sites\/9\/2021\/10\/Ciekawe-i-uzyteczne.png\" alt=\"\">\t\t\t<\/div>\n\t\t<\/a>\n\t<\/div>\n\n<\/div>\n<\/div>\n","protected":false},"excerpt":{"rendered":"","protected":false},"author":2,"featured_media":0,"parent":0,"menu_order":3,"comment_status":"closed","ping_status":"closed","template":"","meta":{"_acf_changed":false,"ngg_post_thumbnail":0,"footnotes":""},"class_list":["post-16","page","type-page","status-publish","hentry"],"acf":[],"yoast_head":"<!-- This site is optimized with the Yoast SEO plugin v27.0 - https:\/\/yoast.com\/product\/yoast-seo-wordpress\/ -->\n<title>Studiuj\u0119 w PB - Studium J\u0119zyk\u00f3w Obcych<\/title>\n<meta name=\"robots\" content=\"index, follow, max-snippet:-1, max-image-preview:large, max-video-preview:-1\" \/>\n<link rel=\"canonical\" href=\"https:\/\/pb.edu.pl\/sjo\/dla-studenta\/\" \/>\n<meta property=\"og:locale\" content=\"pl_PL\" \/>\n<meta property=\"og:type\" content=\"article\" \/>\n<meta property=\"og:title\" content=\"Studiuj\u0119 w PB - Studium J\u0119zyk\u00f3w Obcych\" \/>\n<meta property=\"og:url\" content=\"https:\/\/pb.edu.pl\/sjo\/dla-studenta\/\" \/>\n<meta property=\"og:site_name\" content=\"Studium J\u0119zyk\u00f3w Obcych\" \/>\n<meta property=\"article:modified_time\" content=\"2026-02-19T09:50:18+00:00\" \/>\n<meta name=\"twitter:label1\" content=\"Szacowany czas czytania\" \/>\n\t<meta name=\"twitter:data1\" content=\"3 minuty\" \/>\n<script type=\"application\/ld+json\" class=\"yoast-schema-graph\">{\"@context\":\"https:\/\/schema.org\",\"@graph\":[{\"@type\":\"WebPage\",\"@id\":\"https:\/\/pb.edu.pl\/sjo\/dla-studenta\/\",\"url\":\"https:\/\/pb.edu.pl\/sjo\/dla-studenta\/\",\"name\":\"Studiuj\u0119 w PB - Studium J\u0119zyk\u00f3w Obcych\",\"isPartOf\":{\"@id\":\"https:\/\/pb.edu.pl\/sjo\/#website\"},\"primaryImageOfPage\":{\"@id\":\"https:\/\/pb.edu.pl\/sjo\/dla-studenta\/#primaryimage\"},\"image\":{\"@id\":\"https:\/\/pb.edu.pl\/sjo\/dla-studenta\/#primaryimage\"},\"thumbnailUrl\":\"https:\/\/pb.edu.pl\/sjo\/wp-content\/uploads\/sites\/9\/2023\/02\/lektoraty-obieralne.png\",\"datePublished\":\"2017-11-11T16:30:59+00:00\",\"dateModified\":\"2026-02-19T09:50:18+00:00\",\"breadcrumb\":{\"@id\":\"https:\/\/pb.edu.pl\/sjo\/dla-studenta\/#breadcrumb\"},\"inLanguage\":\"pl-PL\",\"potentialAction\":[{\"@type\":\"ReadAction\",\"target\":[\"https:\/\/pb.edu.pl\/sjo\/dla-studenta\/\"]}]},{\"@type\":\"ImageObject\",\"inLanguage\":\"pl-PL\",\"@id\":\"https:\/\/pb.edu.pl\/sjo\/dla-studenta\/#primaryimage\",\"url\":\"https:\/\/pb.edu.pl\/sjo\/wp-content\/uploads\/sites\/9\/2023\/02\/lektoraty-obieralne.png\",\"contentUrl\":\"https:\/\/pb.edu.pl\/sjo\/wp-content\/uploads\/sites\/9\/2023\/02\/lektoraty-obieralne.png\",\"width\":799,\"height\":533},{\"@type\":\"BreadcrumbList\",\"@id\":\"https:\/\/pb.edu.pl\/sjo\/dla-studenta\/#breadcrumb\",\"itemListElement\":[{\"@type\":\"ListItem\",\"position\":1,\"name\":\"Home\",\"item\":\"https:\/\/pb.edu.pl\/sjo\/\"},{\"@type\":\"ListItem\",\"position\":2,\"name\":\"Studiuj\u0119 w PB\"}]},{\"@type\":\"WebSite\",\"@id\":\"https:\/\/pb.edu.pl\/sjo\/#website\",\"url\":\"https:\/\/pb.edu.pl\/sjo\/\",\"name\":\"Studium J\u0119zyk\u00f3w Obcych\",\"description\":\"\",\"potentialAction\":[{\"@type\":\"SearchAction\",\"target\":{\"@type\":\"EntryPoint\",\"urlTemplate\":\"https:\/\/pb.edu.pl\/sjo\/?s={search_term_string}\"},\"query-input\":{\"@type\":\"PropertyValueSpecification\",\"valueRequired\":true,\"valueName\":\"search_term_string\"}}],\"inLanguage\":\"pl-PL\"}]}<\/script>\n<!-- \/ Yoast SEO plugin. -->","yoast_head_json":{"title":"Studiuj\u0119 w PB - Studium J\u0119zyk\u00f3w Obcych","robots":{"index":"index","follow":"follow","max-snippet":"max-snippet:-1","max-image-preview":"max-image-preview:large","max-video-preview":"max-video-preview:-1"},"canonical":"https:\/\/pb.edu.pl\/sjo\/dla-studenta\/","og_locale":"pl_PL","og_type":"article","og_title":"Studiuj\u0119 w PB - Studium J\u0119zyk\u00f3w Obcych","og_url":"https:\/\/pb.edu.pl\/sjo\/dla-studenta\/","og_site_name":"Studium J\u0119zyk\u00f3w Obcych","article_modified_time":"2026-02-19T09:50:18+00:00","twitter_misc":{"Szacowany czas czytania":"3 minuty"},"schema":{"@context":"https:\/\/schema.org","@graph":[{"@type":"WebPage","@id":"https:\/\/pb.edu.pl\/sjo\/dla-studenta\/","url":"https:\/\/pb.edu.pl\/sjo\/dla-studenta\/","name":"Studiuj\u0119 w PB - Studium J\u0119zyk\u00f3w Obcych","isPartOf":{"@id":"https:\/\/pb.edu.pl\/sjo\/#website"},"primaryImageOfPage":{"@id":"https:\/\/pb.edu.pl\/sjo\/dla-studenta\/#primaryimage"},"image":{"@id":"https:\/\/pb.edu.pl\/sjo\/dla-studenta\/#primaryimage"},"thumbnailUrl":"https:\/\/pb.edu.pl\/sjo\/wp-content\/uploads\/sites\/9\/2023\/02\/lektoraty-obieralne.png","datePublished":"2017-11-11T16:30:59+00:00","dateModified":"2026-02-19T09:50:18+00:00","breadcrumb":{"@id":"https:\/\/pb.edu.pl\/sjo\/dla-studenta\/#breadcrumb"},"inLanguage":"pl-PL","potentialAction":[{"@type":"ReadAction","target":["https:\/\/pb.edu.pl\/sjo\/dla-studenta\/"]}]},{"@type":"ImageObject","inLanguage":"pl-PL","@id":"https:\/\/pb.edu.pl\/sjo\/dla-studenta\/#primaryimage","url":"https:\/\/pb.edu.pl\/sjo\/wp-content\/uploads\/sites\/9\/2023\/02\/lektoraty-obieralne.png","contentUrl":"https:\/\/pb.edu.pl\/sjo\/wp-content\/uploads\/sites\/9\/2023\/02\/lektoraty-obieralne.png","width":799,"height":533},{"@type":"BreadcrumbList","@id":"https:\/\/pb.edu.pl\/sjo\/dla-studenta\/#breadcrumb","itemListElement":[{"@type":"ListItem","position":1,"name":"Home","item":"https:\/\/pb.edu.pl\/sjo\/"},{"@type":"ListItem","position":2,"name":"Studiuj\u0119 w PB"}]},{"@type":"WebSite","@id":"https:\/\/pb.edu.pl\/sjo\/#website","url":"https:\/\/pb.edu.pl\/sjo\/","name":"Studium J\u0119zyk\u00f3w Obcych","description":"","potentialAction":[{"@type":"SearchAction","target":{"@type":"EntryPoint","urlTemplate":"https:\/\/pb.edu.pl\/sjo\/?s={search_term_string}"},"query-input":{"@type":"PropertyValueSpecification","valueRequired":true,"valueName":"search_term_string"}}],"inLanguage":"pl-PL"}]}},"_links":{"self":[{"href":"https:\/\/pb.edu.pl\/sjo\/wp-json\/wp\/v2\/pages\/16","targetHints":{"allow":["GET"]}}],"collection":[{"href":"https:\/\/pb.edu.pl\/sjo\/wp-json\/wp\/v2\/pages"}],"about":[{"href":"https:\/\/pb.edu.pl\/sjo\/wp-json\/wp\/v2\/types\/page"}],"author":[{"embeddable":true,"href":"https:\/\/pb.edu.pl\/sjo\/wp-json\/wp\/v2\/users\/2"}],"replies":[{"embeddable":true,"href":"https:\/\/pb.edu.pl\/sjo\/wp-json\/wp\/v2\/comments?post=16"}],"version-history":[{"count":3,"href":"https:\/\/pb.edu.pl\/sjo\/wp-json\/wp\/v2\/pages\/16\/revisions"}],"predecessor-version":[{"id":30708,"href":"https:\/\/pb.edu.pl\/sjo\/wp-json\/wp\/v2\/pages\/16\/revisions\/30708"}],"wp:attachment":[{"href":"https:\/\/pb.edu.pl\/sjo\/wp-json\/wp\/v2\/media?parent=16"}],"curies":[{"name":"wp","href":"https:\/\/api.w.org\/{rel}","templated":true}]}}