{"id":14089,"date":"2022-05-11T12:41:37","date_gmt":"2022-05-11T10:41:37","guid":{"rendered":"https:\/\/pb.edu.pl\/sjo\/?page_id=14089"},"modified":"2022-05-13T14:03:26","modified_gmt":"2022-05-13T12:03:26","slug":"laureaci-konkursu","status":"publish","type":"page","link":"https:\/\/pb.edu.pl\/sjo\/wydarzenia-sjo\/konkurs-photograph-your-english\/laureaci-konkursu\/","title":{"rendered":"Laureaci konkursu"},"content":{"rendered":"<h2><img loading=\"lazy\" decoding=\"async\" class=\"alignleft wp-image-13988\" src=\"https:\/\/pb.edu.pl\/sjo\/wp-content\/uploads\/sites\/9\/2022\/05\/KONKURS-wyniki-300x200.png\" alt=\"\" width=\"350\" height=\"233\" srcset=\"https:\/\/pb.edu.pl\/sjo\/wp-content\/uploads\/sites\/9\/2022\/05\/KONKURS-wyniki-300x200.png 300w, https:\/\/pb.edu.pl\/sjo\/wp-content\/uploads\/sites\/9\/2022\/05\/KONKURS-wyniki-768x512.png 768w, https:\/\/pb.edu.pl\/sjo\/wp-content\/uploads\/sites\/9\/2022\/05\/KONKURS-wyniki-480x320.png 480w, https:\/\/pb.edu.pl\/sjo\/wp-content\/uploads\/sites\/9\/2022\/05\/KONKURS-wyniki.png 799w\" sizes=\"auto, (max-width: 350px) 100vw, 350px\" \/>Znamy wyniki konkursu fotograficznego!<\/h2>\n<p>Wykazali\u015bcie si\u0119 ogromn\u0105 kreatywno\u015bci\u0105! Temat uj\u0119li\u015bcie w bardzo r\u00f3\u017cnorodny spos\u00f3b. Niekt\u00f3re pomys\u0142y powtarza\u0142y si\u0119, ale ka\u017cde zdj\u0119cie jest wyj\u0105tkowe!<\/p>\n<p>Wszystkim gratulujemy ciekawego spojrzenia na angielski.<\/p>\n<h2>Kilka fakt\u00f3w:<\/h2>\n<ul>\n<li>na konkurs wp\u0142yn\u0119\u0142y 84 fotografie<\/li>\n<li>pierwszy post z <a href=\"https:\/\/www.facebook.com\/media\/set?vanity=StudiumJezykowObcychPB&amp;set=a.510314654014571\">albumem na profilu facebook SJO<\/a> mia\u0142 ponad 14 tysi\u0119cy wy\u015bwietle\u0144!<\/li>\n<li>najwi\u0119ksz\u0105 aktywno\u015bci\u0105 wykazali si\u0119 studenci Wydzia\u0142u Budownictwa i In\u017cynierii \u015arodowiska<\/li>\n<li>w konkursie udzia\u0142 wzi\u0119\u0142y 53 kobiety i 31m\u0119\u017cczyzn<\/li>\n<\/ul>\n<p>Przygotowali\u015bmy niespodziank\u0119 dla wszystkich uczestnik\u00f3w! <strong>Od 10 do 20 maja 2022 r. zapraszamy na wystaw\u0119 Waszych prac<\/strong>! Zdj\u0119cia b\u0119dzie mo\u017cna ogl\u0105da\u0107 na parterze budynku CNK.<\/p>\n<p>G\u0142osowali\u015bcie na Nagrod\u0119 Publiczno\u015bci, a jury wybra\u0142o 3 g\u0142\u00f3wnych laureat\u00f3w. Zadanie nie by\u0142o \u0142atwe, wi\u0119c <strong>dodatkowo<\/strong> postanowi\u0142o przyzna\u0107 <strong>10 wyr\u00f3\u017cnie\u0144 &#8211; dyplom\u00f3w<\/strong>.<\/p>\n<h2>Przedstawiamy list\u0119 laureat\u00f3w:<\/h2>\n<table style=\"border-collapse: collapse;width: 100%\">\n<tbody>\n<tr>\n<td style=\"width: 21.3214%\"><img loading=\"lazy\" decoding=\"async\" class=\"alignnone wp-image-12880\" src=\"https:\/\/pb.edu.pl\/sjo\/wp-content\/uploads\/sites\/9\/2022\/02\/1-4-300x200.png\" alt=\"\" width=\"350\" height=\"233\" srcset=\"https:\/\/pb.edu.pl\/sjo\/wp-content\/uploads\/sites\/9\/2022\/02\/1-4-300x200.png 300w, https:\/\/pb.edu.pl\/sjo\/wp-content\/uploads\/sites\/9\/2022\/02\/1-4-768x512.png 768w, https:\/\/pb.edu.pl\/sjo\/wp-content\/uploads\/sites\/9\/2022\/02\/1-4-480x320.png 480w, https:\/\/pb.edu.pl\/sjo\/wp-content\/uploads\/sites\/9\/2022\/02\/1-4.png 799w\" sizes=\"auto, (max-width: 350px) 100vw, 350px\" \/><\/td>\n<td style=\"width: 45.3453%\"><strong>Aleksandra Wawreniuk<\/strong>, Wydzia\u0142 Architektury<\/td>\n<\/tr>\n<tr>\n<td style=\"width: 21.3214%\"><img loading=\"lazy\" decoding=\"async\" class=\"alignnone wp-image-12881\" src=\"https:\/\/pb.edu.pl\/sjo\/wp-content\/uploads\/sites\/9\/2022\/02\/2-5-300x200.png\" alt=\"\" width=\"350\" height=\"233\" srcset=\"https:\/\/pb.edu.pl\/sjo\/wp-content\/uploads\/sites\/9\/2022\/02\/2-5-300x200.png 300w, https:\/\/pb.edu.pl\/sjo\/wp-content\/uploads\/sites\/9\/2022\/02\/2-5-768x512.png 768w, https:\/\/pb.edu.pl\/sjo\/wp-content\/uploads\/sites\/9\/2022\/02\/2-5-480x320.png 480w, https:\/\/pb.edu.pl\/sjo\/wp-content\/uploads\/sites\/9\/2022\/02\/2-5.png 799w\" sizes=\"auto, (max-width: 350px) 100vw, 350px\" \/><\/td>\n<td style=\"width: 45.3453%\"><strong>Julia Boszko<\/strong>, Wydzia\u0142 Budownictwa i Nauk o \u015arodowisku<\/td>\n<\/tr>\n<tr>\n<td style=\"width: 21.3214%\"><img loading=\"lazy\" decoding=\"async\" class=\"alignnone wp-image-12882\" src=\"https:\/\/pb.edu.pl\/sjo\/wp-content\/uploads\/sites\/9\/2022\/02\/3-3-300x200.png\" alt=\"\" width=\"350\" height=\"233\" srcset=\"https:\/\/pb.edu.pl\/sjo\/wp-content\/uploads\/sites\/9\/2022\/02\/3-3-300x200.png 300w, https:\/\/pb.edu.pl\/sjo\/wp-content\/uploads\/sites\/9\/2022\/02\/3-3-768x512.png 768w, https:\/\/pb.edu.pl\/sjo\/wp-content\/uploads\/sites\/9\/2022\/02\/3-3-480x320.png 480w, https:\/\/pb.edu.pl\/sjo\/wp-content\/uploads\/sites\/9\/2022\/02\/3-3.png 799w\" sizes=\"auto, (max-width: 350px) 100vw, 350px\" \/><\/td>\n<td style=\"width: 45.3453%\"><strong>Karolina Karpiarz<\/strong>, Wydzia\u0142 In\u017cynierii Zarz\u0105dzania<\/td>\n<\/tr>\n<tr>\n<td style=\"width: 21.3214%\"><img loading=\"lazy\" decoding=\"async\" class=\"alignnone wp-image-12883\" src=\"https:\/\/pb.edu.pl\/sjo\/wp-content\/uploads\/sites\/9\/2022\/02\/Boks-centrum-jezyka-i-kultury-polskiej-zaprasza-Wpis-na-Facebooku-799\u00d7533-px1-300x200.png\" alt=\"\" width=\"350\" height=\"233\" srcset=\"https:\/\/pb.edu.pl\/sjo\/wp-content\/uploads\/sites\/9\/2022\/02\/Boks-centrum-jezyka-i-kultury-polskiej-zaprasza-Wpis-na-Facebooku-799\u00d7533-px1-300x200.png 300w, https:\/\/pb.edu.pl\/sjo\/wp-content\/uploads\/sites\/9\/2022\/02\/Boks-centrum-jezyka-i-kultury-polskiej-zaprasza-Wpis-na-Facebooku-799\u00d7533-px1-768x512.png 768w, https:\/\/pb.edu.pl\/sjo\/wp-content\/uploads\/sites\/9\/2022\/02\/Boks-centrum-jezyka-i-kultury-polskiej-zaprasza-Wpis-na-Facebooku-799\u00d7533-px1-480x320.png 480w, https:\/\/pb.edu.pl\/sjo\/wp-content\/uploads\/sites\/9\/2022\/02\/Boks-centrum-jezyka-i-kultury-polskiej-zaprasza-Wpis-na-Facebooku-799\u00d7533-px1.png 799w\" sizes=\"auto, (max-width: 350px) 100vw, 350px\" \/><\/td>\n<td style=\"width: 45.3453%\">&nbsp;<\/p>\n<p>&nbsp;<\/p>\n<p>&nbsp;<\/p>\n<p><strong>Karolina Baluta<\/strong>, Wydzia\u0142 Budownictwa i Nauk o \u015arodowisku<\/p>\n<p>ex aequo<\/p>\n<p><strong>Piotr Nalewajek<\/strong>, Wydzia\u0142 Budownictwa i Nauk o \u015arodowisku<\/td>\n<\/tr>\n<\/tbody>\n<\/table>\n<h2>Wyr\u00f3\u017cnienia otrzymuj\u0105:<\/h2>\n<ul>\n<li><span class=\"TextRun SCXW212433697 BCX9\" xml:lang=\"PL-PL\" data-contrast=\"auto\" lang=\"PL-PL\"><strong><span class=\"NormalTextRun SCXW212433697 BCX9\">Natalia <\/span><\/strong><span class=\"SpellingError SCXW212433697 BCX9\"><strong>Wojszko<\/strong>, Wydzia\u0142 Budownictwa i Nauk o \u015arodowisku<\/span><\/span><span class=\"EOP SCXW212433697 BCX9\" data-ccp-props=\"{&quot;201341983&quot;:0,&quot;335559739&quot;:200,&quot;335559740&quot;:276}\"><br \/>\n<\/span><\/li>\n<li><span class=\"TextRun SCXW236716212 BCX9\" xml:lang=\"PL-PL\" data-contrast=\"auto\" lang=\"PL-PL\"><span class=\"NormalTextRun SCXW236716212 BCX9\"><strong>Maciej Nosorowski<\/strong>, Wydzia\u0142 Mechaniczny<\/span><\/span><span class=\"EOP SCXW236716212 BCX9\" data-ccp-props=\"{&quot;201341983&quot;:0,&quot;335559739&quot;:200,&quot;335559740&quot;:276}\"><br \/>\n<\/span><\/li>\n<li><span class=\"TextRun SCXW198696994 BCX9\" xml:lang=\"PL-PL\" data-contrast=\"auto\" lang=\"PL-PL\"><span class=\"NormalTextRun SCXW198696994 BCX9\"><strong>Diana Grabowska<\/strong>, <span class=\"TextRun SCXW212433697 BCX9\" xml:lang=\"PL-PL\" data-contrast=\"auto\" lang=\"PL-PL\"><span class=\"SpellingError SCXW212433697 BCX9\">Wydzia\u0142 Budownictwa i Nauk o \u015arodowisku<\/span><\/span><\/span><\/span><span class=\"EOP SCXW198696994 BCX9\" data-ccp-props=\"{&quot;201341983&quot;:0,&quot;335559739&quot;:200,&quot;335559740&quot;:276}\"><br \/>\n<\/span><\/li>\n<li><span class=\"TextRun SCXW43751744 BCX9\" xml:lang=\"PL-PL\" data-contrast=\"auto\" lang=\"PL-PL\"><span class=\"NormalTextRun SCXW43751744 BCX9\"><strong>Ewa Niewiarowska<\/strong>, Wydzia\u0142 Architektury<\/span><\/span><span class=\"EOP SCXW43751744 BCX9\" data-ccp-props=\"{&quot;201341983&quot;:0,&quot;335559739&quot;:200,&quot;335559740&quot;:276}\"><br \/>\n<\/span><\/li>\n<li><span class=\"TextRun SCXW229230689 BCX9\" xml:lang=\"PL-PL\" data-contrast=\"auto\" lang=\"PL-PL\"><strong><span class=\"NormalTextRun SCXW229230689 BCX9\">Zuzanna <\/span><\/strong><span class=\"SpellingError SCXW229230689 BCX9\"><strong>\u015awierzbin<\/strong>, Wydzia\u0142 In\u017cynierii Zarz\u0105dzania<\/span><\/span><span class=\"EOP SCXW229230689 BCX9\" data-ccp-props=\"{&quot;201341983&quot;:0,&quot;335559739&quot;:200,&quot;335559740&quot;:276}\"><br \/>\n<\/span><\/li>\n<li><span class=\"TextRun SCXW182236662 BCX9\" xml:lang=\"PL-PL\" data-contrast=\"auto\" lang=\"PL-PL\"><strong><span class=\"NormalTextRun SCXW182236662 BCX9\">Marcin <\/span><\/strong><span class=\"SpellingError SCXW182236662 BCX9\"><strong>Czubaszek<\/strong>, Wydzia\u0142 In\u017cynierii Zarz\u0105dzania<\/span><\/span><span class=\"EOP SCXW182236662 BCX9\" data-ccp-props=\"{&quot;201341983&quot;:0,&quot;335559739&quot;:200,&quot;335559740&quot;:276}\"><br \/>\n<\/span><\/li>\n<li><span class=\"TextRun SCXW129864460 BCX9\" xml:lang=\"PL-PL\" data-contrast=\"auto\" lang=\"PL-PL\"><span class=\"NormalTextRun SCXW129864460 BCX9\"><strong>Aneta Stypu\u0142kowska<\/strong>, Wydzia\u0142 Elektryczny<\/span><\/span><span class=\"EOP SCXW129864460 BCX9\" data-ccp-props=\"{&quot;201341983&quot;:0,&quot;335559739&quot;:200,&quot;335559740&quot;:276}\"><br \/>\n<\/span><\/li>\n<li><span class=\"TextRun SCXW203683874 BCX9\" xml:lang=\"PL-PL\" data-contrast=\"auto\" lang=\"PL-PL\"><span class=\"NormalTextRun SCXW203683874 BCX9\"><strong>Dawid Kisiel<\/strong>, <span class=\"TextRun SCXW236716212 BCX9\" xml:lang=\"PL-PL\" data-contrast=\"auto\" lang=\"PL-PL\"><span class=\"NormalTextRun SCXW236716212 BCX9\">Wydzia\u0142 Mechaniczny<\/span><\/span><\/span><\/span><span class=\"EOP SCXW203683874 BCX9\" data-ccp-props=\"{&quot;201341983&quot;:0,&quot;335559739&quot;:200,&quot;335559740&quot;:276}\"><br \/>\n<\/span><\/li>\n<li><span class=\"TextRun SCXW217221435 BCX9\" xml:lang=\"PL-PL\" data-contrast=\"auto\" lang=\"PL-PL\"><span class=\"NormalTextRun SCXW217221435 BCX9\"><strong>Natalia Lisowska<\/strong>, Wydzia\u0142 Informatyki<\/span><\/span><span class=\"EOP SCXW217221435 BCX9\" data-ccp-props=\"{&quot;201341983&quot;:0,&quot;335559739&quot;:200,&quot;335559740&quot;:276}\"><br \/>\n<\/span><\/li>\n<li><span class=\"TextRun SCXW86572247 BCX9\" xml:lang=\"PL-PL\" data-contrast=\"auto\" lang=\"PL-PL\"><span class=\"NormalTextRun SCXW86572247 BCX9\"><strong>Paulina \u017bebrowska<\/strong>, <span class=\"TextRun SCXW212433697 BCX9\" xml:lang=\"PL-PL\" data-contrast=\"auto\" lang=\"PL-PL\"><span class=\"SpellingError SCXW212433697 BCX9\">Wydzia\u0142 Budownictwa i Nauk o \u015arodowisku<\/span><\/span>&nbsp;<\/span><\/span><span class=\"EOP SCXW86572247 BCX9\" data-ccp-props=\"{&quot;201341983&quot;:0,&quot;335559739&quot;:200,&quot;335559740&quot;:276}\"><br \/>\n<\/span><\/li>\n<\/ul>\n<h2>Uroczyste wr\u0119czenie nagr\u00f3d odby\u0142o si\u0119 10 maja (wtorek) w holu g\u0142\u00f3wnym CNK.<\/h2>\n<p>Nagrody wr\u0119czy\u0142a pani Prorektor ds. Kszta\u0142cenia, dr hab. Agnieszka Dardzi\u0144ska-G\u0142\u0119bocka, prof. PB.<\/p>\n","protected":false},"excerpt":{"rendered":"<p>Znamy wyniki konkursu fotograficznego! Wykazali\u015bcie si\u0119 ogromn\u0105 kreatywno\u015bci\u0105! Temat uj\u0119li\u015bcie w bardzo r\u00f3\u017cnorodny spos\u00f3b. Niekt\u00f3re<\/p>\n","protected":false},"author":38,"featured_media":0,"parent":12538,"menu_order":0,"comment_status":"closed","ping_status":"closed","template":"","meta":{"_acf_changed":false,"ngg_post_thumbnail":0,"footnotes":""},"class_list":["post-14089","page","type-page","status-publish","hentry"],"acf":[],"yoast_head":"<!-- This site is optimized with the Yoast SEO plugin v27.0 - https:\/\/yoast.com\/product\/yoast-seo-wordpress\/ -->\n<title>Laureaci konkursu - Studium J\u0119zyk\u00f3w Obcych<\/title>\n<meta name=\"description\" content=\"Znamy wyniki konkursu fotograficznego! Wykazali\u015bcie si\u0119 ogromn\u0105 kreatywno\u015bci\u0105! Temat uj\u0119li\u015bcie w bardzo r\u00f3\u017cnorodny spos\u00f3b. Niekt\u00f3re pomys\u0142y powtarza\u0142y\" \/>\n<meta name=\"robots\" content=\"index, follow, max-snippet:-1, max-image-preview:large, max-video-preview:-1\" \/>\n<link rel=\"canonical\" href=\"https:\/\/pb.edu.pl\/sjo\/wydarzenia-sjo\/konkurs-photograph-your-english\/laureaci-konkursu\/\" \/>\n<meta property=\"og:locale\" content=\"pl_PL\" \/>\n<meta property=\"og:type\" content=\"article\" \/>\n<meta property=\"og:title\" content=\"Laureaci konkursu - Studium J\u0119zyk\u00f3w Obcych\" \/>\n<meta property=\"og:description\" content=\"Znamy wyniki konkursu fotograficznego! Wykazali\u015bcie si\u0119 ogromn\u0105 kreatywno\u015bci\u0105! Temat uj\u0119li\u015bcie w bardzo r\u00f3\u017cnorodny spos\u00f3b. Niekt\u00f3re pomys\u0142y powtarza\u0142y\" \/>\n<meta property=\"og:url\" content=\"https:\/\/pb.edu.pl\/sjo\/wydarzenia-sjo\/konkurs-photograph-your-english\/laureaci-konkursu\/\" \/>\n<meta property=\"og:site_name\" content=\"Studium J\u0119zyk\u00f3w Obcych\" \/>\n<meta property=\"article:modified_time\" content=\"2022-05-13T12:03:26+00:00\" \/>\n<meta property=\"og:image\" content=\"https:\/\/pb.edu.pl\/sjo\/wp-content\/uploads\/sites\/9\/2022\/05\/KONKURS-wyniki-300x200.png\" \/>\n<meta name=\"twitter:label1\" content=\"Szacowany czas czytania\" \/>\n\t<meta name=\"twitter:data1\" content=\"3 minuty\" \/>\n<script type=\"application\/ld+json\" class=\"yoast-schema-graph\">{\"@context\":\"https:\/\/schema.org\",\"@graph\":[{\"@type\":\"WebPage\",\"@id\":\"https:\/\/pb.edu.pl\/sjo\/wydarzenia-sjo\/konkurs-photograph-your-english\/laureaci-konkursu\/\",\"url\":\"https:\/\/pb.edu.pl\/sjo\/wydarzenia-sjo\/konkurs-photograph-your-english\/laureaci-konkursu\/\",\"name\":\"Laureaci konkursu - Studium J\u0119zyk\u00f3w Obcych\",\"isPartOf\":{\"@id\":\"https:\/\/pb.edu.pl\/sjo\/#website\"},\"primaryImageOfPage\":{\"@id\":\"https:\/\/pb.edu.pl\/sjo\/wydarzenia-sjo\/konkurs-photograph-your-english\/laureaci-konkursu\/#primaryimage\"},\"image\":{\"@id\":\"https:\/\/pb.edu.pl\/sjo\/wydarzenia-sjo\/konkurs-photograph-your-english\/laureaci-konkursu\/#primaryimage\"},\"thumbnailUrl\":\"https:\/\/pb.edu.pl\/sjo\/wp-content\/uploads\/sites\/9\/2022\/05\/KONKURS-wyniki-300x200.png\",\"datePublished\":\"2022-05-11T10:41:37+00:00\",\"dateModified\":\"2022-05-13T12:03:26+00:00\",\"description\":\"Znamy wyniki konkursu fotograficznego! Wykazali\u015bcie si\u0119 ogromn\u0105 kreatywno\u015bci\u0105! Temat uj\u0119li\u015bcie w bardzo r\u00f3\u017cnorodny spos\u00f3b. Niekt\u00f3re pomys\u0142y powtarza\u0142y\",\"breadcrumb\":{\"@id\":\"https:\/\/pb.edu.pl\/sjo\/wydarzenia-sjo\/konkurs-photograph-your-english\/laureaci-konkursu\/#breadcrumb\"},\"inLanguage\":\"pl-PL\",\"potentialAction\":[{\"@type\":\"ReadAction\",\"target\":[\"https:\/\/pb.edu.pl\/sjo\/wydarzenia-sjo\/konkurs-photograph-your-english\/laureaci-konkursu\/\"]}]},{\"@type\":\"ImageObject\",\"inLanguage\":\"pl-PL\",\"@id\":\"https:\/\/pb.edu.pl\/sjo\/wydarzenia-sjo\/konkurs-photograph-your-english\/laureaci-konkursu\/#primaryimage\",\"url\":\"https:\/\/pb.edu.pl\/sjo\/wp-content\/uploads\/sites\/9\/2022\/05\/KONKURS-wyniki.png\",\"contentUrl\":\"https:\/\/pb.edu.pl\/sjo\/wp-content\/uploads\/sites\/9\/2022\/05\/KONKURS-wyniki.png\",\"width\":799,\"height\":533},{\"@type\":\"BreadcrumbList\",\"@id\":\"https:\/\/pb.edu.pl\/sjo\/wydarzenia-sjo\/konkurs-photograph-your-english\/laureaci-konkursu\/#breadcrumb\",\"itemListElement\":[{\"@type\":\"ListItem\",\"position\":1,\"name\":\"Home\",\"item\":\"https:\/\/pb.edu.pl\/sjo\/\"},{\"@type\":\"ListItem\",\"position\":2,\"name\":\"Wydarzenia SJO\",\"item\":\"https:\/\/pb.edu.pl\/sjo\/wydarzenia-sjo\/\"},{\"@type\":\"ListItem\",\"position\":3,\"name\":\"Konkurs &#8222;Photograph your English&#8221;\",\"item\":\"https:\/\/pb.edu.pl\/sjo\/wydarzenia-sjo\/konkurs-photograph-your-english\/\"},{\"@type\":\"ListItem\",\"position\":4,\"name\":\"Laureaci konkursu\"}]},{\"@type\":\"WebSite\",\"@id\":\"https:\/\/pb.edu.pl\/sjo\/#website\",\"url\":\"https:\/\/pb.edu.pl\/sjo\/\",\"name\":\"Studium J\u0119zyk\u00f3w Obcych\",\"description\":\"\",\"potentialAction\":[{\"@type\":\"SearchAction\",\"target\":{\"@type\":\"EntryPoint\",\"urlTemplate\":\"https:\/\/pb.edu.pl\/sjo\/?s={search_term_string}\"},\"query-input\":{\"@type\":\"PropertyValueSpecification\",\"valueRequired\":true,\"valueName\":\"search_term_string\"}}],\"inLanguage\":\"pl-PL\"}]}<\/script>\n<!-- \/ Yoast SEO plugin. -->","yoast_head_json":{"title":"Laureaci konkursu - Studium J\u0119zyk\u00f3w Obcych","description":"Znamy wyniki konkursu fotograficznego! Wykazali\u015bcie si\u0119 ogromn\u0105 kreatywno\u015bci\u0105! Temat uj\u0119li\u015bcie w bardzo r\u00f3\u017cnorodny spos\u00f3b. Niekt\u00f3re pomys\u0142y powtarza\u0142y","robots":{"index":"index","follow":"follow","max-snippet":"max-snippet:-1","max-image-preview":"max-image-preview:large","max-video-preview":"max-video-preview:-1"},"canonical":"https:\/\/pb.edu.pl\/sjo\/wydarzenia-sjo\/konkurs-photograph-your-english\/laureaci-konkursu\/","og_locale":"pl_PL","og_type":"article","og_title":"Laureaci konkursu - Studium J\u0119zyk\u00f3w Obcych","og_description":"Znamy wyniki konkursu fotograficznego! Wykazali\u015bcie si\u0119 ogromn\u0105 kreatywno\u015bci\u0105! Temat uj\u0119li\u015bcie w bardzo r\u00f3\u017cnorodny spos\u00f3b. Niekt\u00f3re pomys\u0142y powtarza\u0142y","og_url":"https:\/\/pb.edu.pl\/sjo\/wydarzenia-sjo\/konkurs-photograph-your-english\/laureaci-konkursu\/","og_site_name":"Studium J\u0119zyk\u00f3w Obcych","article_modified_time":"2022-05-13T12:03:26+00:00","og_image":[{"url":"https:\/\/pb.edu.pl\/sjo\/wp-content\/uploads\/sites\/9\/2022\/05\/KONKURS-wyniki-300x200.png","type":"","width":"","height":""}],"twitter_misc":{"Szacowany czas czytania":"3 minuty"},"schema":{"@context":"https:\/\/schema.org","@graph":[{"@type":"WebPage","@id":"https:\/\/pb.edu.pl\/sjo\/wydarzenia-sjo\/konkurs-photograph-your-english\/laureaci-konkursu\/","url":"https:\/\/pb.edu.pl\/sjo\/wydarzenia-sjo\/konkurs-photograph-your-english\/laureaci-konkursu\/","name":"Laureaci konkursu - Studium J\u0119zyk\u00f3w Obcych","isPartOf":{"@id":"https:\/\/pb.edu.pl\/sjo\/#website"},"primaryImageOfPage":{"@id":"https:\/\/pb.edu.pl\/sjo\/wydarzenia-sjo\/konkurs-photograph-your-english\/laureaci-konkursu\/#primaryimage"},"image":{"@id":"https:\/\/pb.edu.pl\/sjo\/wydarzenia-sjo\/konkurs-photograph-your-english\/laureaci-konkursu\/#primaryimage"},"thumbnailUrl":"https:\/\/pb.edu.pl\/sjo\/wp-content\/uploads\/sites\/9\/2022\/05\/KONKURS-wyniki-300x200.png","datePublished":"2022-05-11T10:41:37+00:00","dateModified":"2022-05-13T12:03:26+00:00","description":"Znamy wyniki konkursu fotograficznego! Wykazali\u015bcie si\u0119 ogromn\u0105 kreatywno\u015bci\u0105! Temat uj\u0119li\u015bcie w bardzo r\u00f3\u017cnorodny spos\u00f3b. Niekt\u00f3re pomys\u0142y powtarza\u0142y","breadcrumb":{"@id":"https:\/\/pb.edu.pl\/sjo\/wydarzenia-sjo\/konkurs-photograph-your-english\/laureaci-konkursu\/#breadcrumb"},"inLanguage":"pl-PL","potentialAction":[{"@type":"ReadAction","target":["https:\/\/pb.edu.pl\/sjo\/wydarzenia-sjo\/konkurs-photograph-your-english\/laureaci-konkursu\/"]}]},{"@type":"ImageObject","inLanguage":"pl-PL","@id":"https:\/\/pb.edu.pl\/sjo\/wydarzenia-sjo\/konkurs-photograph-your-english\/laureaci-konkursu\/#primaryimage","url":"https:\/\/pb.edu.pl\/sjo\/wp-content\/uploads\/sites\/9\/2022\/05\/KONKURS-wyniki.png","contentUrl":"https:\/\/pb.edu.pl\/sjo\/wp-content\/uploads\/sites\/9\/2022\/05\/KONKURS-wyniki.png","width":799,"height":533},{"@type":"BreadcrumbList","@id":"https:\/\/pb.edu.pl\/sjo\/wydarzenia-sjo\/konkurs-photograph-your-english\/laureaci-konkursu\/#breadcrumb","itemListElement":[{"@type":"ListItem","position":1,"name":"Home","item":"https:\/\/pb.edu.pl\/sjo\/"},{"@type":"ListItem","position":2,"name":"Wydarzenia SJO","item":"https:\/\/pb.edu.pl\/sjo\/wydarzenia-sjo\/"},{"@type":"ListItem","position":3,"name":"Konkurs &#8222;Photograph your English&#8221;","item":"https:\/\/pb.edu.pl\/sjo\/wydarzenia-sjo\/konkurs-photograph-your-english\/"},{"@type":"ListItem","position":4,"name":"Laureaci konkursu"}]},{"@type":"WebSite","@id":"https:\/\/pb.edu.pl\/sjo\/#website","url":"https:\/\/pb.edu.pl\/sjo\/","name":"Studium J\u0119zyk\u00f3w Obcych","description":"","potentialAction":[{"@type":"SearchAction","target":{"@type":"EntryPoint","urlTemplate":"https:\/\/pb.edu.pl\/sjo\/?s={search_term_string}"},"query-input":{"@type":"PropertyValueSpecification","valueRequired":true,"valueName":"search_term_string"}}],"inLanguage":"pl-PL"}]}},"_links":{"self":[{"href":"https:\/\/pb.edu.pl\/sjo\/wp-json\/wp\/v2\/pages\/14089","targetHints":{"allow":["GET"]}}],"collection":[{"href":"https:\/\/pb.edu.pl\/sjo\/wp-json\/wp\/v2\/pages"}],"about":[{"href":"https:\/\/pb.edu.pl\/sjo\/wp-json\/wp\/v2\/types\/page"}],"author":[{"embeddable":true,"href":"https:\/\/pb.edu.pl\/sjo\/wp-json\/wp\/v2\/users\/38"}],"replies":[{"embeddable":true,"href":"https:\/\/pb.edu.pl\/sjo\/wp-json\/wp\/v2\/comments?post=14089"}],"version-history":[{"count":0,"href":"https:\/\/pb.edu.pl\/sjo\/wp-json\/wp\/v2\/pages\/14089\/revisions"}],"up":[{"embeddable":true,"href":"https:\/\/pb.edu.pl\/sjo\/wp-json\/wp\/v2\/pages\/12538"}],"wp:attachment":[{"href":"https:\/\/pb.edu.pl\/sjo\/wp-json\/wp\/v2\/media?parent=14089"}],"curies":[{"name":"wp","href":"https:\/\/api.w.org\/{rel}","templated":true}]}}