{"id":13795,"date":"2022-04-26T13:25:07","date_gmt":"2022-04-26T11:25:07","guid":{"rendered":"https:\/\/pb.edu.pl\/sjo\/?page_id=13795"},"modified":"2022-04-27T10:35:41","modified_gmt":"2022-04-27T08:35:41","slug":"acaisoft-2","status":"publish","type":"page","link":"https:\/\/pb.edu.pl\/sjo\/wydarzenia-sjo\/mock-2022\/mock-2022-pracodawcy\/acaisoft-2\/","title":{"rendered":"Acaisoft"},"content":{"rendered":"<h2><img loading=\"lazy\" decoding=\"async\" class=\"alignleft wp-image-13793\" src=\"https:\/\/pb.edu.pl\/sjo\/wp-content\/uploads\/sites\/9\/2022\/04\/acaisoft-300x200.png\" alt=\"\" width=\"350\" height=\"233\" srcset=\"https:\/\/pb.edu.pl\/sjo\/wp-content\/uploads\/sites\/9\/2022\/04\/acaisoft-300x200.png 300w, https:\/\/pb.edu.pl\/sjo\/wp-content\/uploads\/sites\/9\/2022\/04\/acaisoft-768x512.png 768w, https:\/\/pb.edu.pl\/sjo\/wp-content\/uploads\/sites\/9\/2022\/04\/acaisoft-480x320.png 480w, https:\/\/pb.edu.pl\/sjo\/wp-content\/uploads\/sites\/9\/2022\/04\/acaisoft.png 799w\" sizes=\"auto, (max-width: 350px) 100vw, 350px\" \/>Acaisoft specjalizuje si\u0119 w wytwarzaniu oprogramowania premium.<\/h2>\n<p>Naszym g\u0142\u00f3wnym obszarem dzia\u0142ania jest kompleksowe projektowanie i wdra\u017canie aplikacji i serwis\u00f3w w \u015brodowiskach Cloud Native.<br \/>\nJeste\u015bmy partnerem dla nowatorskich startup\u00f3w i gigant\u00f3w technologicznych z Doliny Krzemowej i kraj\u00f3w Europy Zachodniej.<br \/>\nPracuj\u0105 dla nas najlepsi specjali\u015bci w bran\u017cy, pasjonaci najnowszych technologii, uwielbiaj\u0105cy nowatorskie i elastyczne podej\u015bcie przy wdra\u017caniu projekt\u00f3w programistycznych. Satysfakcja i przyjemno\u015b\u0107 z pracy w Acaisoft jest dla nas bardzo wa\u017cna.<\/p>\n<p>Zapraszamy do odwiedzenia naszej <a href=\"https:\/\/www.acaisoft.com\/careers\">strony<\/a>.<\/p>\n<div style=\"width: 640px;\" class=\"wp-video\"><video class=\"wp-video-shortcode\" id=\"video-13795-1\" width=\"640\" height=\"360\" preload=\"metadata\" controls=\"controls\"><source type=\"video\/mp4\" src=\"https:\/\/pb.edu.pl\/sjo\/wp-content\/uploads\/sites\/9\/2022\/04\/6141da342b246010b629bc35_home-transcode.mp4?_=1\" \/><a href=\"https:\/\/pb.edu.pl\/sjo\/wp-content\/uploads\/sites\/9\/2022\/04\/6141da342b246010b629bc35_home-transcode.mp4\">https:\/\/pb.edu.pl\/sjo\/wp-content\/uploads\/sites\/9\/2022\/04\/6141da342b246010b629bc35_home-transcode.mp4<\/a><\/video><\/div>\n","protected":false},"excerpt":{"rendered":"<p>Acaisoft specjalizuje si\u0119 w wytwarzaniu oprogramowania premium. Naszym g\u0142\u00f3wnym obszarem dzia\u0142ania jest kompleksowe projektowanie i<\/p>\n","protected":false},"author":38,"featured_media":0,"parent":13228,"menu_order":0,"comment_status":"closed","ping_status":"closed","template":"","meta":{"_acf_changed":false,"ngg_post_thumbnail":0,"footnotes":""},"class_list":["post-13795","page","type-page","status-publish","hentry"],"acf":[],"yoast_head":"<!-- This site is optimized with the Yoast SEO plugin v27.0 - https:\/\/yoast.com\/product\/yoast-seo-wordpress\/ -->\n<title>Acaisoft - Studium J\u0119zyk\u00f3w Obcych<\/title>\n<meta name=\"description\" content=\"Acaisoft specjalizuje si\u0119 w wytwarzaniu oprogramowania premium. Naszym g\u0142\u00f3wnym obszarem dzia\u0142ania jest kompleksowe projektowanie i wdra\u017canie aplikacji i\" \/>\n<meta name=\"robots\" content=\"index, follow, max-snippet:-1, max-image-preview:large, max-video-preview:-1\" \/>\n<link rel=\"canonical\" href=\"https:\/\/pb.edu.pl\/sjo\/wydarzenia-sjo\/mock-2022\/mock-2022-pracodawcy\/acaisoft-2\/\" \/>\n<meta property=\"og:locale\" content=\"pl_PL\" \/>\n<meta property=\"og:type\" content=\"article\" \/>\n<meta property=\"og:title\" content=\"Acaisoft - Studium J\u0119zyk\u00f3w Obcych\" \/>\n<meta property=\"og:description\" content=\"Acaisoft specjalizuje si\u0119 w wytwarzaniu oprogramowania premium. Naszym g\u0142\u00f3wnym obszarem dzia\u0142ania jest kompleksowe projektowanie i wdra\u017canie aplikacji i\" \/>\n<meta property=\"og:url\" content=\"https:\/\/pb.edu.pl\/sjo\/wydarzenia-sjo\/mock-2022\/mock-2022-pracodawcy\/acaisoft-2\/\" \/>\n<meta property=\"og:site_name\" content=\"Studium J\u0119zyk\u00f3w Obcych\" \/>\n<meta property=\"article:modified_time\" content=\"2022-04-27T08:35:41+00:00\" \/>\n<meta property=\"og:image\" content=\"https:\/\/pb.edu.pl\/sjo\/wp-content\/uploads\/sites\/9\/2022\/04\/acaisoft-300x200.png\" \/>\n<meta name=\"twitter:label1\" content=\"Szacowany czas czytania\" \/>\n\t<meta name=\"twitter:data1\" content=\"1 minuta\" \/>\n<script type=\"application\/ld+json\" class=\"yoast-schema-graph\">{\"@context\":\"https:\/\/schema.org\",\"@graph\":[{\"@type\":\"WebPage\",\"@id\":\"https:\/\/pb.edu.pl\/sjo\/wydarzenia-sjo\/mock-2022\/mock-2022-pracodawcy\/acaisoft-2\/\",\"url\":\"https:\/\/pb.edu.pl\/sjo\/wydarzenia-sjo\/mock-2022\/mock-2022-pracodawcy\/acaisoft-2\/\",\"name\":\"Acaisoft - Studium J\u0119zyk\u00f3w Obcych\",\"isPartOf\":{\"@id\":\"https:\/\/pb.edu.pl\/sjo\/#website\"},\"primaryImageOfPage\":{\"@id\":\"https:\/\/pb.edu.pl\/sjo\/wydarzenia-sjo\/mock-2022\/mock-2022-pracodawcy\/acaisoft-2\/#primaryimage\"},\"image\":{\"@id\":\"https:\/\/pb.edu.pl\/sjo\/wydarzenia-sjo\/mock-2022\/mock-2022-pracodawcy\/acaisoft-2\/#primaryimage\"},\"thumbnailUrl\":\"https:\/\/pb.edu.pl\/sjo\/wp-content\/uploads\/sites\/9\/2022\/04\/acaisoft-300x200.png\",\"datePublished\":\"2022-04-26T11:25:07+00:00\",\"dateModified\":\"2022-04-27T08:35:41+00:00\",\"description\":\"Acaisoft specjalizuje si\u0119 w wytwarzaniu oprogramowania premium. Naszym g\u0142\u00f3wnym obszarem dzia\u0142ania jest kompleksowe projektowanie i wdra\u017canie aplikacji i\",\"breadcrumb\":{\"@id\":\"https:\/\/pb.edu.pl\/sjo\/wydarzenia-sjo\/mock-2022\/mock-2022-pracodawcy\/acaisoft-2\/#breadcrumb\"},\"inLanguage\":\"pl-PL\",\"potentialAction\":[{\"@type\":\"ReadAction\",\"target\":[\"https:\/\/pb.edu.pl\/sjo\/wydarzenia-sjo\/mock-2022\/mock-2022-pracodawcy\/acaisoft-2\/\"]}]},{\"@type\":\"ImageObject\",\"inLanguage\":\"pl-PL\",\"@id\":\"https:\/\/pb.edu.pl\/sjo\/wydarzenia-sjo\/mock-2022\/mock-2022-pracodawcy\/acaisoft-2\/#primaryimage\",\"url\":\"https:\/\/pb.edu.pl\/sjo\/wp-content\/uploads\/sites\/9\/2022\/04\/acaisoft.png\",\"contentUrl\":\"https:\/\/pb.edu.pl\/sjo\/wp-content\/uploads\/sites\/9\/2022\/04\/acaisoft.png\",\"width\":799,\"height\":533},{\"@type\":\"BreadcrumbList\",\"@id\":\"https:\/\/pb.edu.pl\/sjo\/wydarzenia-sjo\/mock-2022\/mock-2022-pracodawcy\/acaisoft-2\/#breadcrumb\",\"itemListElement\":[{\"@type\":\"ListItem\",\"position\":1,\"name\":\"Home\",\"item\":\"https:\/\/pb.edu.pl\/sjo\/\"},{\"@type\":\"ListItem\",\"position\":2,\"name\":\"Wydarzenia SJO\",\"item\":\"https:\/\/pb.edu.pl\/sjo\/wydarzenia-sjo\/\"},{\"@type\":\"ListItem\",\"position\":3,\"name\":\"Mock Job Interview 2022\",\"item\":\"https:\/\/pb.edu.pl\/sjo\/wydarzenia-sjo\/mock-2022\/\"},{\"@type\":\"ListItem\",\"position\":4,\"name\":\"MOCK 2022 &#8211; Pracodawcy\",\"item\":\"https:\/\/pb.edu.pl\/sjo\/wydarzenia-sjo\/mock-2022\/mock-2022-pracodawcy\/\"},{\"@type\":\"ListItem\",\"position\":5,\"name\":\"Acaisoft\"}]},{\"@type\":\"WebSite\",\"@id\":\"https:\/\/pb.edu.pl\/sjo\/#website\",\"url\":\"https:\/\/pb.edu.pl\/sjo\/\",\"name\":\"Studium J\u0119zyk\u00f3w Obcych\",\"description\":\"\",\"potentialAction\":[{\"@type\":\"SearchAction\",\"target\":{\"@type\":\"EntryPoint\",\"urlTemplate\":\"https:\/\/pb.edu.pl\/sjo\/?s={search_term_string}\"},\"query-input\":{\"@type\":\"PropertyValueSpecification\",\"valueRequired\":true,\"valueName\":\"search_term_string\"}}],\"inLanguage\":\"pl-PL\"}]}<\/script>\n<!-- \/ Yoast SEO plugin. -->","yoast_head_json":{"title":"Acaisoft - Studium J\u0119zyk\u00f3w Obcych","description":"Acaisoft specjalizuje si\u0119 w wytwarzaniu oprogramowania premium. Naszym g\u0142\u00f3wnym obszarem dzia\u0142ania jest kompleksowe projektowanie i wdra\u017canie aplikacji i","robots":{"index":"index","follow":"follow","max-snippet":"max-snippet:-1","max-image-preview":"max-image-preview:large","max-video-preview":"max-video-preview:-1"},"canonical":"https:\/\/pb.edu.pl\/sjo\/wydarzenia-sjo\/mock-2022\/mock-2022-pracodawcy\/acaisoft-2\/","og_locale":"pl_PL","og_type":"article","og_title":"Acaisoft - Studium J\u0119zyk\u00f3w Obcych","og_description":"Acaisoft specjalizuje si\u0119 w wytwarzaniu oprogramowania premium. Naszym g\u0142\u00f3wnym obszarem dzia\u0142ania jest kompleksowe projektowanie i wdra\u017canie aplikacji i","og_url":"https:\/\/pb.edu.pl\/sjo\/wydarzenia-sjo\/mock-2022\/mock-2022-pracodawcy\/acaisoft-2\/","og_site_name":"Studium J\u0119zyk\u00f3w Obcych","article_modified_time":"2022-04-27T08:35:41+00:00","og_image":[{"url":"https:\/\/pb.edu.pl\/sjo\/wp-content\/uploads\/sites\/9\/2022\/04\/acaisoft-300x200.png","type":"","width":"","height":""}],"twitter_misc":{"Szacowany czas czytania":"1 minuta"},"schema":{"@context":"https:\/\/schema.org","@graph":[{"@type":"WebPage","@id":"https:\/\/pb.edu.pl\/sjo\/wydarzenia-sjo\/mock-2022\/mock-2022-pracodawcy\/acaisoft-2\/","url":"https:\/\/pb.edu.pl\/sjo\/wydarzenia-sjo\/mock-2022\/mock-2022-pracodawcy\/acaisoft-2\/","name":"Acaisoft - Studium J\u0119zyk\u00f3w Obcych","isPartOf":{"@id":"https:\/\/pb.edu.pl\/sjo\/#website"},"primaryImageOfPage":{"@id":"https:\/\/pb.edu.pl\/sjo\/wydarzenia-sjo\/mock-2022\/mock-2022-pracodawcy\/acaisoft-2\/#primaryimage"},"image":{"@id":"https:\/\/pb.edu.pl\/sjo\/wydarzenia-sjo\/mock-2022\/mock-2022-pracodawcy\/acaisoft-2\/#primaryimage"},"thumbnailUrl":"https:\/\/pb.edu.pl\/sjo\/wp-content\/uploads\/sites\/9\/2022\/04\/acaisoft-300x200.png","datePublished":"2022-04-26T11:25:07+00:00","dateModified":"2022-04-27T08:35:41+00:00","description":"Acaisoft specjalizuje si\u0119 w wytwarzaniu oprogramowania premium. Naszym g\u0142\u00f3wnym obszarem dzia\u0142ania jest kompleksowe projektowanie i wdra\u017canie aplikacji i","breadcrumb":{"@id":"https:\/\/pb.edu.pl\/sjo\/wydarzenia-sjo\/mock-2022\/mock-2022-pracodawcy\/acaisoft-2\/#breadcrumb"},"inLanguage":"pl-PL","potentialAction":[{"@type":"ReadAction","target":["https:\/\/pb.edu.pl\/sjo\/wydarzenia-sjo\/mock-2022\/mock-2022-pracodawcy\/acaisoft-2\/"]}]},{"@type":"ImageObject","inLanguage":"pl-PL","@id":"https:\/\/pb.edu.pl\/sjo\/wydarzenia-sjo\/mock-2022\/mock-2022-pracodawcy\/acaisoft-2\/#primaryimage","url":"https:\/\/pb.edu.pl\/sjo\/wp-content\/uploads\/sites\/9\/2022\/04\/acaisoft.png","contentUrl":"https:\/\/pb.edu.pl\/sjo\/wp-content\/uploads\/sites\/9\/2022\/04\/acaisoft.png","width":799,"height":533},{"@type":"BreadcrumbList","@id":"https:\/\/pb.edu.pl\/sjo\/wydarzenia-sjo\/mock-2022\/mock-2022-pracodawcy\/acaisoft-2\/#breadcrumb","itemListElement":[{"@type":"ListItem","position":1,"name":"Home","item":"https:\/\/pb.edu.pl\/sjo\/"},{"@type":"ListItem","position":2,"name":"Wydarzenia SJO","item":"https:\/\/pb.edu.pl\/sjo\/wydarzenia-sjo\/"},{"@type":"ListItem","position":3,"name":"Mock Job Interview 2022","item":"https:\/\/pb.edu.pl\/sjo\/wydarzenia-sjo\/mock-2022\/"},{"@type":"ListItem","position":4,"name":"MOCK 2022 &#8211; Pracodawcy","item":"https:\/\/pb.edu.pl\/sjo\/wydarzenia-sjo\/mock-2022\/mock-2022-pracodawcy\/"},{"@type":"ListItem","position":5,"name":"Acaisoft"}]},{"@type":"WebSite","@id":"https:\/\/pb.edu.pl\/sjo\/#website","url":"https:\/\/pb.edu.pl\/sjo\/","name":"Studium J\u0119zyk\u00f3w Obcych","description":"","potentialAction":[{"@type":"SearchAction","target":{"@type":"EntryPoint","urlTemplate":"https:\/\/pb.edu.pl\/sjo\/?s={search_term_string}"},"query-input":{"@type":"PropertyValueSpecification","valueRequired":true,"valueName":"search_term_string"}}],"inLanguage":"pl-PL"}]}},"_links":{"self":[{"href":"https:\/\/pb.edu.pl\/sjo\/wp-json\/wp\/v2\/pages\/13795","targetHints":{"allow":["GET"]}}],"collection":[{"href":"https:\/\/pb.edu.pl\/sjo\/wp-json\/wp\/v2\/pages"}],"about":[{"href":"https:\/\/pb.edu.pl\/sjo\/wp-json\/wp\/v2\/types\/page"}],"author":[{"embeddable":true,"href":"https:\/\/pb.edu.pl\/sjo\/wp-json\/wp\/v2\/users\/38"}],"replies":[{"embeddable":true,"href":"https:\/\/pb.edu.pl\/sjo\/wp-json\/wp\/v2\/comments?post=13795"}],"version-history":[{"count":0,"href":"https:\/\/pb.edu.pl\/sjo\/wp-json\/wp\/v2\/pages\/13795\/revisions"}],"up":[{"embeddable":true,"href":"https:\/\/pb.edu.pl\/sjo\/wp-json\/wp\/v2\/pages\/13228"}],"wp:attachment":[{"href":"https:\/\/pb.edu.pl\/sjo\/wp-json\/wp\/v2\/media?parent=13795"}],"curies":[{"name":"wp","href":"https:\/\/api.w.org\/{rel}","templated":true}]}}