{"id":137,"date":"2017-11-21T10:45:50","date_gmt":"2017-11-21T09:45:50","guid":{"rendered":"https:\/\/pb.edu.pl\/sjo\/?page_id=137"},"modified":"2022-05-30T11:11:58","modified_gmt":"2022-05-30T09:11:58","slug":"wydarzenia-archiwum","status":"publish","type":"page","link":"https:\/\/pb.edu.pl\/sjo\/wydarzenia-sjo\/wydarzenia-archiwum\/","title":{"rendered":"Wydarzenia"},"content":{"rendered":"<p><a href=\"https:\/\/pb.edu.pl\/sjo\/2019\/12\/09\/polish-culture-and-language-workshop-2\/\">Polish Culture and Language Workshop, 2019<\/a><\/p>\n<p><a href=\"https:\/\/pb.edu.pl\/sjo\/2019\/10\/12\/spotkanie-z-gruzja\/\">Spotkanie z Gruzj\u0105, 2019<\/a><\/p>\n<p><a href=\"https:\/\/pb.edu.pl\/sjo\/o-nas\/wydarzenia\/podlaska-akademia-mlodego-inzyniera\/\">Podlaska Akademia M\u0142odego In\u017cyniera, 2018<\/a><\/p>\n<p><a href=\"https:\/\/pb.edu.pl\/sjo\/o-nas\/wydarzenia\/lektor-high-tech\/\">Konferencja: Lektor High-Tech, Politechnika \u0141\u00f3dzka, 2018<\/a><\/p>\n<p><a href=\"https:\/\/pb.edu.pl\/sjo\/o-nas\/wydarzenia\/xv-cercles-international-conference\/\">Konferencja: XV CercleS International Conference, Politechnika Pozna\u0144ska, 2018<\/a><\/p>\n<p><a href=\"https:\/\/pb.edu.pl\/sjo\/2018\/05\/21\/pb-talks\/\">PB Talks 2018<\/a><\/p>\n<p><a href=\"https:\/\/pb.edu.pl\/sjo\/o-nas\/wydarzenia\/konkurs-piosenki-obcojezycznej-2018\/\">Konkurs piosenki obcoj\u0119zycznej 2018<\/a><\/p>\n<p><a href=\"https:\/\/pb.edu.pl\/sjo\/2018\/05\/15\/polish-culture-and-language-workshop\/\">Polish Culture and Language Workshop, International Week 2018<\/a><\/p>\n<p><a href=\"https:\/\/pb.edu.pl\/sjo\/academic-survival-skills-little-engines-of-success\/\">Academic Survival Skills: Little Engines of Success, 2018<\/a><\/p>\n<p><a href=\"https:\/\/pb.edu.pl\/sjo\/o-nas\/wydarzenia\/byc-studentem-choc-przez-chwile\/\">By\u0107 studentem, cho\u0107 przez chwil\u0119 &#8211; go\u015bcie z Zespo\u0142u Szk\u00f3\u0142 Mechanicznych, 2018<\/a><\/p>\n<p><a href=\"https:\/\/pb.edu.pl\/sjo\/2017\/11\/11\/wyklad-profesora-wen-shai-hunga\/\">Wyk\u0142ad Profesora Wen-Shai Hunga, 2017<\/a><\/p>\n<p><a href=\"https:\/\/pb.edu.pl\/sjo\/dla-studenta\/konkursy-jezykowe\/olimpiada-jezyka-angielskiego\/\">Olimpiada J\u0119zyka Angielskiego<\/a><\/p>\n<p><a href=\"https:\/\/pb.edu.pl\/sjo\/dla-studenta\/konkursy-jezykowe\/olimpiada-jezyka-niemieckiego\/\">Olimpiada J\u0119zyka Niemieckiego<\/a><\/p>\n<p><a href=\"https:\/\/pb.edu.pl\/sjo\/2017\/12\/06\/international-week-w-sjo\/\">International Week 2017<\/a><\/p>\n<p><a href=\"https:\/\/pb.edu.pl\/sjo\/o-nas\/wydarzenia\/szkolimy-sie\/kapital-jezykowy-wyznacznikiem-sukcesu\/\">Konferencja: Kapita\u0142 j\u0119zykowy wyznacznikiem sukcesu na wsp\u00f3\u0142czesnym rynku pracy, Warszawa, 2017<\/a><\/p>\n<p><a href=\"https:\/\/pb.edu.pl\/sjo\/o-nas\/wydarzenia\/szkolimy-sie\/konferencja-iatefl-2017\/\">Konferencja IATEFL, Akademia Techniczno-Humanistyczna w Bielsku-Bia\u0142ej, 2017<\/a><\/p>\n<p><a href=\"https:\/\/pb.edu.pl\/sjo\/o-nas\/wydarzenia\/szkolimy-sie\/jezyk-specjalistyczny-nowe-wyzwania\/\">Warsztaty metodyczne: J\u0119zyk specjalistyczny &#8211; nowe wyzwania, Politechnika Krakowska, 2017<\/a><\/p>\n<p><a href=\"https:\/\/pb.edu.pl\/sjo\/konkurs-na-prezentacje-2017\/\">Konkurs na prezentacj\u0119 2017<\/a><\/p>\n<p><a href=\"https:\/\/pb.edu.pl\/sjo\/o-nas\/wydarzenia\/szkolimy-sie\/jak-zaprzyjaznic-sie-z-pamiecia\/\">Szkolenie: Jak zaprzyja\u017ani\u0107 si\u0119 z pami\u0119ci\u0105, Politechnika Bia\u0142ostocka, 2017<\/a><\/p>\n<p><a href=\"https:\/\/pb.edu.pl\/sjo\/o-nas\/wydarzenia\/szkolimy-sie\/4th-iatefl-poland-esp-sig-conference\/\">Konferencja: 4th IATEFL Poland ESP SIG Conference, Uniwersytet Przyrodniczy w Lublinie, 2017<\/a><\/p>\n<p><a href=\"https:\/\/pb.edu.pl\/sjo\/o-nas\/wydarzenia\/wtja-2016\/\">Wielki Test J\u0119zyka Angielskiego 2016<\/a><\/p>\n<p><a href=\"https:\/\/pb.edu.pl\/sjo\/o-nas\/wydarzenia\/uczniowie-technikum-mechanicznego-w-sjo\/\">Uczniowie Technikum Mechanicznego w SJO, 2016<\/a><\/p>\n<p><a href=\"https:\/\/pb.edu.pl\/sjo\/o-nas\/wydarzenia\/konkurs-piosenki-obcojezycznej-2016\/\">Konkurs piosenki obcoj\u0119zycznej 2016<\/a><\/p>\n<p><a href=\"https:\/\/pb.edu.pl\/sjo\/o-nas\/wydarzenia\/szkolimy-sie\/proces-tworzenia-egzaminu-certyfikowanego\/\">Seminarium: Proces tworzenia egzaminu certyfikowanego na uczelnie wy\u017cszej, Politechnika Pozna\u0144ska, 2015<\/a><\/p>\n<p><a href=\"https:\/\/pb.edu.pl\/sjo\/o-nas\/wydarzenia\/dzien-otwarty-2015\/\">Dzie\u0144 Otwarty 2015<\/a><\/p>\n<p><a href=\"https:\/\/pb.edu.pl\/sjo\/o-nas\/wydarzenia\/festiwal-nauki-sztuki-2015\/\">Festiwal Nauki i Sztuki 2015<\/a><\/p>\n<p><a href=\"http:\/\/biaman.platontv.pl\/?id=4913\">Erasmus Tour at the Bia\u0142ystok University of Technology &#8211; Foreign Language Centre, 2015<\/a><\/p>\n<p><a href=\"https:\/\/pb.edu.pl\/sjo\/o-nas\/wydarzenia\/50-lecie-studium-jezykow-obcych\/\">50-lecie Studium J\u0119zyk\u00f3w Obcych PB<\/a><\/p>\n<p><a href=\"https:\/\/pb.edu.pl\/sjo\/o-nas\/wydarzenia\/konkurs-piosenki-obcojezycznej-2014\/\">Konkurs piosenki obcoj\u0119zycznej 2014<\/a><\/p>\n<p><a href=\"https:\/\/pb.edu.pl\/sjo\/o-nas\/wydarzenia\/konferencja-2014\/\">Konferencja 30, 31.05.2014<\/a><\/p>\n<p><a href=\"https:\/\/pb.edu.pl\/sjo\/quiz-z-jezyka-angielskiego-2014\/\">Quiz z j\u0119zyka angielskiego 2014<\/a><\/p>\n<p><a href=\"http:\/\/eilc.uci.pb.edu.pl\/\">Erasmus Intensive Language Courses 2013<\/a><\/p>\n<p><a href=\"https:\/\/pb.edu.pl\/sjo\/o-nas\/wydarzenia\/konkurs-na-prezentacje-2013\/\">Konkurs na prezentacj\u0119 2013<\/a><\/p>\n","protected":false},"excerpt":{"rendered":"<p>Polish Culture and Language Workshop, 2019 Spotkanie z Gruzj\u0105, 2019 Podlaska Akademia M\u0142odego In\u017cyniera, 2018<\/p>\n","protected":false},"author":2,"featured_media":0,"parent":10915,"menu_order":7,"comment_status":"closed","ping_status":"closed","template":"","meta":{"_acf_changed":false,"ngg_post_thumbnail":0,"footnotes":""},"class_list":["post-137","page","type-page","status-publish","hentry"],"acf":[],"yoast_head":"<!-- This site is optimized with the Yoast SEO plugin v27.0 - https:\/\/yoast.com\/product\/yoast-seo-wordpress\/ -->\n<title>Wydarzenia - Studium J\u0119zyk\u00f3w Obcych<\/title>\n<meta name=\"description\" content=\"Polish Culture and Language Workshop, 2019 Spotkanie z Gruzj\u0105, 2019 Podlaska Akademia M\u0142odego In\u017cyniera, 2018 Konferencja: Lektor High-Tech, Politechnika\" \/>\n<meta name=\"robots\" content=\"index, follow, max-snippet:-1, max-image-preview:large, max-video-preview:-1\" \/>\n<link rel=\"canonical\" href=\"https:\/\/pb.edu.pl\/sjo\/wydarzenia-sjo\/wydarzenia-archiwum\/\" \/>\n<meta property=\"og:locale\" content=\"pl_PL\" \/>\n<meta property=\"og:type\" content=\"article\" \/>\n<meta property=\"og:title\" content=\"Wydarzenia - Studium J\u0119zyk\u00f3w Obcych\" \/>\n<meta property=\"og:description\" content=\"Polish Culture and Language Workshop, 2019 Spotkanie z Gruzj\u0105, 2019 Podlaska Akademia M\u0142odego In\u017cyniera, 2018 Konferencja: Lektor High-Tech, Politechnika\" \/>\n<meta property=\"og:url\" content=\"https:\/\/pb.edu.pl\/sjo\/wydarzenia-sjo\/wydarzenia-archiwum\/\" \/>\n<meta property=\"og:site_name\" content=\"Studium J\u0119zyk\u00f3w Obcych\" \/>\n<meta property=\"article:modified_time\" content=\"2022-05-30T09:11:58+00:00\" \/>\n<meta name=\"twitter:label1\" content=\"Szacowany czas czytania\" \/>\n\t<meta name=\"twitter:data1\" content=\"1 minuta\" \/>\n<script type=\"application\/ld+json\" class=\"yoast-schema-graph\">{\"@context\":\"https:\/\/schema.org\",\"@graph\":[{\"@type\":\"WebPage\",\"@id\":\"https:\/\/pb.edu.pl\/sjo\/wydarzenia-sjo\/wydarzenia-archiwum\/\",\"url\":\"https:\/\/pb.edu.pl\/sjo\/wydarzenia-sjo\/wydarzenia-archiwum\/\",\"name\":\"Wydarzenia - Studium J\u0119zyk\u00f3w Obcych\",\"isPartOf\":{\"@id\":\"https:\/\/pb.edu.pl\/sjo\/#website\"},\"datePublished\":\"2017-11-21T09:45:50+00:00\",\"dateModified\":\"2022-05-30T09:11:58+00:00\",\"description\":\"Polish Culture and Language Workshop, 2019 Spotkanie z Gruzj\u0105, 2019 Podlaska Akademia M\u0142odego In\u017cyniera, 2018 Konferencja: Lektor High-Tech, Politechnika\",\"breadcrumb\":{\"@id\":\"https:\/\/pb.edu.pl\/sjo\/wydarzenia-sjo\/wydarzenia-archiwum\/#breadcrumb\"},\"inLanguage\":\"pl-PL\",\"potentialAction\":[{\"@type\":\"ReadAction\",\"target\":[\"https:\/\/pb.edu.pl\/sjo\/wydarzenia-sjo\/wydarzenia-archiwum\/\"]}]},{\"@type\":\"BreadcrumbList\",\"@id\":\"https:\/\/pb.edu.pl\/sjo\/wydarzenia-sjo\/wydarzenia-archiwum\/#breadcrumb\",\"itemListElement\":[{\"@type\":\"ListItem\",\"position\":1,\"name\":\"Home\",\"item\":\"https:\/\/pb.edu.pl\/sjo\/\"},{\"@type\":\"ListItem\",\"position\":2,\"name\":\"Wydarzenia SJO\",\"item\":\"https:\/\/pb.edu.pl\/sjo\/wydarzenia-sjo\/\"},{\"@type\":\"ListItem\",\"position\":3,\"name\":\"Wydarzenia\"}]},{\"@type\":\"WebSite\",\"@id\":\"https:\/\/pb.edu.pl\/sjo\/#website\",\"url\":\"https:\/\/pb.edu.pl\/sjo\/\",\"name\":\"Studium J\u0119zyk\u00f3w Obcych\",\"description\":\"\",\"potentialAction\":[{\"@type\":\"SearchAction\",\"target\":{\"@type\":\"EntryPoint\",\"urlTemplate\":\"https:\/\/pb.edu.pl\/sjo\/?s={search_term_string}\"},\"query-input\":{\"@type\":\"PropertyValueSpecification\",\"valueRequired\":true,\"valueName\":\"search_term_string\"}}],\"inLanguage\":\"pl-PL\"}]}<\/script>\n<!-- \/ Yoast SEO plugin. -->","yoast_head_json":{"title":"Wydarzenia - Studium J\u0119zyk\u00f3w Obcych","description":"Polish Culture and Language Workshop, 2019 Spotkanie z Gruzj\u0105, 2019 Podlaska Akademia M\u0142odego In\u017cyniera, 2018 Konferencja: Lektor High-Tech, Politechnika","robots":{"index":"index","follow":"follow","max-snippet":"max-snippet:-1","max-image-preview":"max-image-preview:large","max-video-preview":"max-video-preview:-1"},"canonical":"https:\/\/pb.edu.pl\/sjo\/wydarzenia-sjo\/wydarzenia-archiwum\/","og_locale":"pl_PL","og_type":"article","og_title":"Wydarzenia - Studium J\u0119zyk\u00f3w Obcych","og_description":"Polish Culture and Language Workshop, 2019 Spotkanie z Gruzj\u0105, 2019 Podlaska Akademia M\u0142odego In\u017cyniera, 2018 Konferencja: Lektor High-Tech, Politechnika","og_url":"https:\/\/pb.edu.pl\/sjo\/wydarzenia-sjo\/wydarzenia-archiwum\/","og_site_name":"Studium J\u0119zyk\u00f3w Obcych","article_modified_time":"2022-05-30T09:11:58+00:00","twitter_misc":{"Szacowany czas czytania":"1 minuta"},"schema":{"@context":"https:\/\/schema.org","@graph":[{"@type":"WebPage","@id":"https:\/\/pb.edu.pl\/sjo\/wydarzenia-sjo\/wydarzenia-archiwum\/","url":"https:\/\/pb.edu.pl\/sjo\/wydarzenia-sjo\/wydarzenia-archiwum\/","name":"Wydarzenia - Studium J\u0119zyk\u00f3w Obcych","isPartOf":{"@id":"https:\/\/pb.edu.pl\/sjo\/#website"},"datePublished":"2017-11-21T09:45:50+00:00","dateModified":"2022-05-30T09:11:58+00:00","description":"Polish Culture and Language Workshop, 2019 Spotkanie z Gruzj\u0105, 2019 Podlaska Akademia M\u0142odego In\u017cyniera, 2018 Konferencja: Lektor High-Tech, Politechnika","breadcrumb":{"@id":"https:\/\/pb.edu.pl\/sjo\/wydarzenia-sjo\/wydarzenia-archiwum\/#breadcrumb"},"inLanguage":"pl-PL","potentialAction":[{"@type":"ReadAction","target":["https:\/\/pb.edu.pl\/sjo\/wydarzenia-sjo\/wydarzenia-archiwum\/"]}]},{"@type":"BreadcrumbList","@id":"https:\/\/pb.edu.pl\/sjo\/wydarzenia-sjo\/wydarzenia-archiwum\/#breadcrumb","itemListElement":[{"@type":"ListItem","position":1,"name":"Home","item":"https:\/\/pb.edu.pl\/sjo\/"},{"@type":"ListItem","position":2,"name":"Wydarzenia SJO","item":"https:\/\/pb.edu.pl\/sjo\/wydarzenia-sjo\/"},{"@type":"ListItem","position":3,"name":"Wydarzenia"}]},{"@type":"WebSite","@id":"https:\/\/pb.edu.pl\/sjo\/#website","url":"https:\/\/pb.edu.pl\/sjo\/","name":"Studium J\u0119zyk\u00f3w Obcych","description":"","potentialAction":[{"@type":"SearchAction","target":{"@type":"EntryPoint","urlTemplate":"https:\/\/pb.edu.pl\/sjo\/?s={search_term_string}"},"query-input":{"@type":"PropertyValueSpecification","valueRequired":true,"valueName":"search_term_string"}}],"inLanguage":"pl-PL"}]}},"_links":{"self":[{"href":"https:\/\/pb.edu.pl\/sjo\/wp-json\/wp\/v2\/pages\/137","targetHints":{"allow":["GET"]}}],"collection":[{"href":"https:\/\/pb.edu.pl\/sjo\/wp-json\/wp\/v2\/pages"}],"about":[{"href":"https:\/\/pb.edu.pl\/sjo\/wp-json\/wp\/v2\/types\/page"}],"author":[{"embeddable":true,"href":"https:\/\/pb.edu.pl\/sjo\/wp-json\/wp\/v2\/users\/2"}],"replies":[{"embeddable":true,"href":"https:\/\/pb.edu.pl\/sjo\/wp-json\/wp\/v2\/comments?post=137"}],"version-history":[{"count":0,"href":"https:\/\/pb.edu.pl\/sjo\/wp-json\/wp\/v2\/pages\/137\/revisions"}],"up":[{"embeddable":true,"href":"https:\/\/pb.edu.pl\/sjo\/wp-json\/wp\/v2\/pages\/10915"}],"wp:attachment":[{"href":"https:\/\/pb.edu.pl\/sjo\/wp-json\/wp\/v2\/media?parent=137"}],"curies":[{"name":"wp","href":"https:\/\/api.w.org\/{rel}","templated":true}]}}