{"id":13611,"date":"2022-04-20T11:40:15","date_gmt":"2022-04-20T09:40:15","guid":{"rendered":"https:\/\/pb.edu.pl\/sjo\/?page_id=13611"},"modified":"2022-05-23T14:12:24","modified_gmt":"2022-05-23T12:12:24","slug":"mock-2022-galeria","status":"publish","type":"page","link":"https:\/\/pb.edu.pl\/sjo\/wydarzenia-sjo\/mock-2022\/mock-2022-galeria\/","title":{"rendered":"MOCK 2022 &#8211; Galeria"},"content":{"rendered":"<div class=\"h2\">Zapraszamy do przeczytania <a href=\"https:\/\/pb.edu.pl\/2022\/05\/19\/juz-wiedza-jak-przygotowac-sie-do-rozmowy-kwalifikacyjnej\/\">relacji<\/a> z Mock Job Interview 2022<\/div>\n<div>&nbsp;<\/div>\n<div class=\"embed-responsive embed-responsive-16by9\"><iframe loading=\"lazy\" title=\"Ju\u017c wiedz\u0105, jak przygotowa\u0107 si\u0119 do rozmowy kwalifikacyjnej\" width=\"500\" height=\"281\" src=\"https:\/\/www.youtube.com\/embed\/fF9cLvdqt0g?feature=oembed\" frameborder=\"0\" allow=\"accelerometer; autoplay; clipboard-write; encrypted-media; gyroscope; picture-in-picture; web-share\" referrerpolicy=\"strict-origin-when-cross-origin\" allowfullscreen><\/iframe><\/div>\nngg_shortcode_0_placeholder\n","protected":false},"excerpt":{"rendered":"<p>Zapraszamy do przeczytania relacji z Mock Job Interview 2022 &nbsp;<\/p>\n","protected":false},"author":6,"featured_media":0,"parent":13222,"menu_order":0,"comment_status":"closed","ping_status":"closed","template":"","meta":{"_acf_changed":false,"ngg_post_thumbnail":0,"footnotes":""},"class_list":["post-13611","page","type-page","status-publish","hentry"],"acf":[],"yoast_head":"<!-- This site is optimized with the Yoast SEO plugin v27.0 - https:\/\/yoast.com\/product\/yoast-seo-wordpress\/ -->\n<title>MOCK 2022 - Galeria - Studium J\u0119zyk\u00f3w Obcych<\/title>\n<meta name=\"description\" content=\"Zapraszamy do przeczytania relacji z Mock Job Interview 2022 &nbsp; https:\/\/www.youtube.com\/watch?v=fF9cLvdqt0g\" \/>\n<meta name=\"robots\" content=\"index, follow, max-snippet:-1, max-image-preview:large, max-video-preview:-1\" \/>\n<link rel=\"canonical\" href=\"https:\/\/pb.edu.pl\/sjo\/wydarzenia-sjo\/mock-2022\/mock-2022-galeria\/\" \/>\n<meta property=\"og:locale\" content=\"pl_PL\" \/>\n<meta property=\"og:type\" content=\"article\" \/>\n<meta property=\"og:title\" content=\"MOCK 2022 - Galeria - Studium J\u0119zyk\u00f3w Obcych\" \/>\n<meta property=\"og:description\" content=\"Zapraszamy do przeczytania relacji z Mock Job Interview 2022 &nbsp; https:\/\/www.youtube.com\/watch?v=fF9cLvdqt0g\" \/>\n<meta property=\"og:url\" content=\"https:\/\/pb.edu.pl\/sjo\/wydarzenia-sjo\/mock-2022\/mock-2022-galeria\/\" \/>\n<meta property=\"og:site_name\" content=\"Studium J\u0119zyk\u00f3w Obcych\" \/>\n<meta property=\"article:modified_time\" content=\"2022-05-23T12:12:24+00:00\" \/>\n<meta name=\"twitter:label1\" content=\"Szacowany czas czytania\" \/>\n\t<meta name=\"twitter:data1\" content=\"1 minuta\" \/>\n<script type=\"application\/ld+json\" class=\"yoast-schema-graph\">{\"@context\":\"https:\/\/schema.org\",\"@graph\":[{\"@type\":\"WebPage\",\"@id\":\"https:\/\/pb.edu.pl\/sjo\/wydarzenia-sjo\/mock-2022\/mock-2022-galeria\/\",\"url\":\"https:\/\/pb.edu.pl\/sjo\/wydarzenia-sjo\/mock-2022\/mock-2022-galeria\/\",\"name\":\"MOCK 2022 - Galeria - Studium J\u0119zyk\u00f3w Obcych\",\"isPartOf\":{\"@id\":\"https:\/\/pb.edu.pl\/sjo\/#website\"},\"datePublished\":\"2022-04-20T09:40:15+00:00\",\"dateModified\":\"2022-05-23T12:12:24+00:00\",\"description\":\"Zapraszamy do przeczytania relacji z Mock Job Interview 2022 &nbsp; https:\/\/www.youtube.com\/watch?v=fF9cLvdqt0g\",\"breadcrumb\":{\"@id\":\"https:\/\/pb.edu.pl\/sjo\/wydarzenia-sjo\/mock-2022\/mock-2022-galeria\/#breadcrumb\"},\"inLanguage\":\"pl-PL\",\"potentialAction\":[{\"@type\":\"ReadAction\",\"target\":[\"https:\/\/pb.edu.pl\/sjo\/wydarzenia-sjo\/mock-2022\/mock-2022-galeria\/\"]}]},{\"@type\":\"BreadcrumbList\",\"@id\":\"https:\/\/pb.edu.pl\/sjo\/wydarzenia-sjo\/mock-2022\/mock-2022-galeria\/#breadcrumb\",\"itemListElement\":[{\"@type\":\"ListItem\",\"position\":1,\"name\":\"Home\",\"item\":\"https:\/\/pb.edu.pl\/sjo\/\"},{\"@type\":\"ListItem\",\"position\":2,\"name\":\"Wydarzenia SJO\",\"item\":\"https:\/\/pb.edu.pl\/sjo\/wydarzenia-sjo\/\"},{\"@type\":\"ListItem\",\"position\":3,\"name\":\"Mock Job Interview 2022\",\"item\":\"https:\/\/pb.edu.pl\/sjo\/wydarzenia-sjo\/mock-2022\/\"},{\"@type\":\"ListItem\",\"position\":4,\"name\":\"MOCK 2022 &#8211; Galeria\"}]},{\"@type\":\"WebSite\",\"@id\":\"https:\/\/pb.edu.pl\/sjo\/#website\",\"url\":\"https:\/\/pb.edu.pl\/sjo\/\",\"name\":\"Studium J\u0119zyk\u00f3w Obcych\",\"description\":\"\",\"potentialAction\":[{\"@type\":\"SearchAction\",\"target\":{\"@type\":\"EntryPoint\",\"urlTemplate\":\"https:\/\/pb.edu.pl\/sjo\/?s={search_term_string}\"},\"query-input\":{\"@type\":\"PropertyValueSpecification\",\"valueRequired\":true,\"valueName\":\"search_term_string\"}}],\"inLanguage\":\"pl-PL\"}]}<\/script>\n<!-- \/ Yoast SEO plugin. -->","yoast_head_json":{"title":"MOCK 2022 - Galeria - Studium J\u0119zyk\u00f3w Obcych","description":"Zapraszamy do przeczytania relacji z Mock Job Interview 2022 &nbsp; https:\/\/www.youtube.com\/watch?v=fF9cLvdqt0g","robots":{"index":"index","follow":"follow","max-snippet":"max-snippet:-1","max-image-preview":"max-image-preview:large","max-video-preview":"max-video-preview:-1"},"canonical":"https:\/\/pb.edu.pl\/sjo\/wydarzenia-sjo\/mock-2022\/mock-2022-galeria\/","og_locale":"pl_PL","og_type":"article","og_title":"MOCK 2022 - Galeria - Studium J\u0119zyk\u00f3w Obcych","og_description":"Zapraszamy do przeczytania relacji z Mock Job Interview 2022 &nbsp; https:\/\/www.youtube.com\/watch?v=fF9cLvdqt0g","og_url":"https:\/\/pb.edu.pl\/sjo\/wydarzenia-sjo\/mock-2022\/mock-2022-galeria\/","og_site_name":"Studium J\u0119zyk\u00f3w Obcych","article_modified_time":"2022-05-23T12:12:24+00:00","twitter_misc":{"Szacowany czas czytania":"1 minuta"},"schema":{"@context":"https:\/\/schema.org","@graph":[{"@type":"WebPage","@id":"https:\/\/pb.edu.pl\/sjo\/wydarzenia-sjo\/mock-2022\/mock-2022-galeria\/","url":"https:\/\/pb.edu.pl\/sjo\/wydarzenia-sjo\/mock-2022\/mock-2022-galeria\/","name":"MOCK 2022 - Galeria - Studium J\u0119zyk\u00f3w Obcych","isPartOf":{"@id":"https:\/\/pb.edu.pl\/sjo\/#website"},"datePublished":"2022-04-20T09:40:15+00:00","dateModified":"2022-05-23T12:12:24+00:00","description":"Zapraszamy do przeczytania relacji z Mock Job Interview 2022 &nbsp; https:\/\/www.youtube.com\/watch?v=fF9cLvdqt0g","breadcrumb":{"@id":"https:\/\/pb.edu.pl\/sjo\/wydarzenia-sjo\/mock-2022\/mock-2022-galeria\/#breadcrumb"},"inLanguage":"pl-PL","potentialAction":[{"@type":"ReadAction","target":["https:\/\/pb.edu.pl\/sjo\/wydarzenia-sjo\/mock-2022\/mock-2022-galeria\/"]}]},{"@type":"BreadcrumbList","@id":"https:\/\/pb.edu.pl\/sjo\/wydarzenia-sjo\/mock-2022\/mock-2022-galeria\/#breadcrumb","itemListElement":[{"@type":"ListItem","position":1,"name":"Home","item":"https:\/\/pb.edu.pl\/sjo\/"},{"@type":"ListItem","position":2,"name":"Wydarzenia SJO","item":"https:\/\/pb.edu.pl\/sjo\/wydarzenia-sjo\/"},{"@type":"ListItem","position":3,"name":"Mock Job Interview 2022","item":"https:\/\/pb.edu.pl\/sjo\/wydarzenia-sjo\/mock-2022\/"},{"@type":"ListItem","position":4,"name":"MOCK 2022 &#8211; Galeria"}]},{"@type":"WebSite","@id":"https:\/\/pb.edu.pl\/sjo\/#website","url":"https:\/\/pb.edu.pl\/sjo\/","name":"Studium J\u0119zyk\u00f3w Obcych","description":"","potentialAction":[{"@type":"SearchAction","target":{"@type":"EntryPoint","urlTemplate":"https:\/\/pb.edu.pl\/sjo\/?s={search_term_string}"},"query-input":{"@type":"PropertyValueSpecification","valueRequired":true,"valueName":"search_term_string"}}],"inLanguage":"pl-PL"}]}},"_links":{"self":[{"href":"https:\/\/pb.edu.pl\/sjo\/wp-json\/wp\/v2\/pages\/13611","targetHints":{"allow":["GET"]}}],"collection":[{"href":"https:\/\/pb.edu.pl\/sjo\/wp-json\/wp\/v2\/pages"}],"about":[{"href":"https:\/\/pb.edu.pl\/sjo\/wp-json\/wp\/v2\/types\/page"}],"author":[{"embeddable":true,"href":"https:\/\/pb.edu.pl\/sjo\/wp-json\/wp\/v2\/users\/6"}],"replies":[{"embeddable":true,"href":"https:\/\/pb.edu.pl\/sjo\/wp-json\/wp\/v2\/comments?post=13611"}],"version-history":[{"count":0,"href":"https:\/\/pb.edu.pl\/sjo\/wp-json\/wp\/v2\/pages\/13611\/revisions"}],"up":[{"embeddable":true,"href":"https:\/\/pb.edu.pl\/sjo\/wp-json\/wp\/v2\/pages\/13222"}],"wp:attachment":[{"href":"https:\/\/pb.edu.pl\/sjo\/wp-json\/wp\/v2\/media?parent=13611"}],"curies":[{"name":"wp","href":"https:\/\/api.w.org\/{rel}","templated":true}]}}