{"id":13562,"date":"2022-04-20T11:33:02","date_gmt":"2022-04-20T09:33:02","guid":{"rendered":"https:\/\/pb.edu.pl\/sjo\/?page_id=13562"},"modified":"2022-04-28T12:48:02","modified_gmt":"2022-04-28T10:48:02","slug":"mock-2022-eksperci","status":"publish","type":"page","link":"https:\/\/pb.edu.pl\/sjo\/wydarzenia-sjo\/mock-2022\/mock-2022-eksperci\/","title":{"rendered":"MOCK 2022 &#8211; Eksperci"},"content":{"rendered":"<div class=\"row\">\n<div class=\"col-sm-4\"><img decoding=\"async\" class=\"alignnone size-full wp-image-11686\" src=\"https:\/\/pb.edu.pl\/sjo\/wp-content\/uploads\/sites\/9\/2022\/04\/MA.png\" alt=\"Mateusz Adaszczyk\"><\/div>\n<div class=\"col-sm-8\">\n<p><strong>mgr Mateusz Adaszczyk<\/strong><\/p>\n<p>Kierownik Biura Karier i Wsp\u00f3\u0142pracy z Absolwentami PB. Politechnika Bia\u0142ostocka to miejsce w kt\u00f3rym od 10 lat pracuje na rzecz spo\u0142eczno\u015bci akademickiej. Najpierw jako student i Przewodnicz\u0105cy Samorz\u0105du Student\u00f3w Politechniki Bia\u0142ostockiej, p\u00f3\u017aniej Pe\u0142nomocnik Rektora ds. Los\u00f3w Absolwent\u00f3w, teraz jako Kierownik Biura Karier i Wsp\u00f3\u0142pracy z Absolwentami PB. Dzia\u0142a r\u00f3wnie\u017c na innych p\u0142aszczyznach jako Prezes w organizacjach NGO oraz przedsi\u0119biorca prowadz\u0105cy w\u0142asn\u0105 firm\u0119 szkoleniow\u0105. Tematyka negocjacji i relacji w biznesie jest jego ulubion\u0105, chod\u017a przy tym lubi organizowa\u0107 naprawd\u0119 du\u017ce i ciekawe projekty jak chocia\u017cby Juwenalia.<\/p>\n<\/div>\n<\/div>\n<div class=\"row\">\n<div class=\"col-sm-4\"><img decoding=\"async\" class=\"alignnone size-medium wp-image-11689\" src=\"https:\/\/pb.edu.pl\/sjo\/wp-content\/uploads\/sites\/9\/2022\/04\/MC.png\" alt=\"Micha\u0142 Citko\"><\/div>\n<div class=\"col-sm-8\">\n<p><strong>mgr Micha\u0142 Citko<\/strong><\/p>\n<p>Wyk\u0142adowca j\u0119zyka angielskiego oraz polskiego jako obcego w SJO PB. Najtrudniejsz\u0105 rozmow\u0119 o prac\u0119 odby\u0142 przez telefon z ameryka\u0144skim pracodawc\u0105, kt\u00f3remu musia\u0142 udowodni\u0107 swoja przydatno\u015b\u0107 do pracy z osobami niepe\u0142nosprawnymi, pomimo braku takiego do\u015bwiadczenia. Jako kierownik SJO od czasu do czasu przeprowadza r\u00f3wnie\u017c rozmowy o prac\u0119.<\/p>\n<\/div>\n<\/div>\n<div class=\"row\">\n<div class=\"col-sm-4\"><img decoding=\"async\" class=\"alignnone size-medium wp-image-11691\" src=\"https:\/\/pb.edu.pl\/sjo\/wp-content\/uploads\/sites\/9\/2022\/04\/BF.png\" alt=\"Beata Falkowska\"><\/div>\n<div class=\"col-sm-8\">\n<p><strong>mgr Beata Falkowska<\/strong><\/p>\n<p>Wyk\u0142adowca j\u0119zyka angielskiego w SJO PB. Prowadz\u0105c biuro nieruchomo\u015bci przeprowadzi\u0142a wiele rozm\u00f3w kwalifikacyjnych i dzieli si\u0119 w\u0142asnymi spostrze\u017ceniami na temat wypowiedzi i zachowania kandydat\u00f3w. Prywatnie kocha podr\u00f3\u017ce, powie\u015bci historyczne i gry j\u0119zykowe.<\/p>\n<\/div>\n<\/div>\n<div class=\"row\">\n<div class=\"col-sm-4\"><img decoding=\"async\" class=\"alignnone size-medium wp-image-11688\" src=\"https:\/\/pb.edu.pl\/sjo\/wp-content\/uploads\/sites\/9\/2022\/04\/MK-1.png\" alt=\"Ma\u0142gorzata Komarewska\"><\/div>\n<div class=\"col-sm-8\">\n<p><strong>mgr Ma\u0142gorzata Komarewska<\/strong><\/p>\n<p>Wyk\u0142adowca j\u0119zyka angielskiego i polskiego jako obcego w SJO PB. Jest r\u00f3wnie\u017c koordynatorem egzamin\u00f3w komercyjnych oferowanych przez Studium i ch\u0119tnie doradzi na jaki egzamin si\u0119 zdecydowa\u0107. Jest przekonana, \u017ce certyfikat j\u0119zykowy mo\u017ce by\u0107 cennym dodatkiem do CV w oczach wielu potencjalnych pracodawc\u00f3w.<\/p>\n<\/div>\n<\/div>\n<div class=\"row\">\n<div class=\"col-sm-4\"><img decoding=\"async\" class=\"alignnone size-medium wp-image-11692\" src=\"https:\/\/pb.edu.pl\/sjo\/wp-content\/uploads\/sites\/9\/2022\/04\/EO.png\" alt=\"Eliza Ostaszewska\"><\/div>\n<div class=\"col-sm-8\">\n<p><strong>mgr Eliza Ostaszewska<\/strong><\/p>\n<p>Doradca Zawodowy na Politechnice Bia\u0142ostockiej. W pracy zawodowej pomaga studentom w odnalezieniu si\u0119 na rynku pracy i przygotowaniu dokument\u00f3w rekrutacyjnych. K\u0142adzie szczeg\u00f3lny nacisk na rozw\u00f3j kreatywno\u015bci student\u00f3w i budowanie ich marki w\u0142asnej. Prywatnie kocha podr\u00f3\u017ce, g\u00f3ry i biegi d\u0142ugodystansowe.<\/p>\n<\/div>\n<\/div>\n<div class=\"row\">\n<div class=\"col-sm-4\"><img decoding=\"async\" class=\"alignnone size-medium wp-image-11691\" src=\"https:\/\/pb.edu.pl\/sjo\/wp-content\/uploads\/sites\/9\/2022\/04\/WR.png\" alt=\"Liliana Sienkiewicz\"><\/div>\n<div class=\"col-sm-8\">\n<p><strong>mgr Wojciech Rogalski<\/strong><\/p>\n<p>Wyk\u0142adowca j\u0119zyka angielskiego w SJO PB, t\u0142umacz-dialogista, trener pracy. Prowadzi tak\u017ce kursy oraz przeprowadza egzaminy z j\u0119zyka polskiego jako obcego w Centrum J\u0119zyka i Kultury Polskiej PolishLab.<\/p>\n<\/div>\n<\/div>\n<div class=\"row\">\n<div class=\"col-sm-4\"><img decoding=\"async\" class=\"alignnone size-medium wp-image-11687\" src=\"https:\/\/pb.edu.pl\/sjo\/wp-content\/uploads\/sites\/9\/2022\/04\/LS.png\" alt=\"Wojciech Rogalski\"><\/div>\n<div class=\"col-sm-8\">\n<p><strong>mgr Liliana Sienkiewicz<\/strong><\/p>\n<p>Wyk\u0142adowca j\u0119zyka angielskiego w SJO PB. Interesuje si\u0119 strategiami rozm\u00f3w kwalifikacyjnych. Podpowiada studentom co robi\u0107, by nie da\u0107 si\u0119 zaskoczy\u0107 i wyj\u015b\u0107 z ka\u017cdej sytuacji obronn\u0105 r\u0119k\u0105. Wyznaj\u0105c zasad\u0119 \u2018practice makes perfect\u2019, od wielu lat przeprowadza pr\u00f3bne rozmowy rekrutacyjne ze studentami wykorzystuj\u0105c uwagi i sugestie podlaskich przedsi\u0119biorc\u00f3w. Jest organizatork\u0105 licznych konkurs\u00f3w studenckich.<\/p>\n<\/div>\n<\/div>\n<div class=\"row\">\n<div class=\"col-sm-4\"><img decoding=\"async\" class=\"alignnone size-medium wp-image-11687\" src=\"https:\/\/pb.edu.pl\/sjo\/wp-content\/uploads\/sites\/9\/2022\/04\/USO.png\" alt=\"Urszula Socho\u0144\"><\/div>\n<div class=\"col-sm-8\">\n<p><strong>mgr Urszula Socho\u0144<\/strong><\/p>\n<p>Wyk\u0142adowca j\u0119zyka angielskiego w SJO PB. Prowadzi lektoraty, warsztaty bran\u017cowe, kursy, a w tym roku zaczyna te\u017c przygod\u0119 z metod\u0105 tutoringu. Na swoich zaj\u0119ciach cz\u0119sto nawi\u0105zuje do oczekiwa\u0144 rynku pracy, st\u0105d jej zainteresowanie soft skills \u2013 kompetencjami XXI wieku. Lubi, kiedy studenci pracuj\u0105 zespo\u0142owo, bo \u2018ability to work in a team\u2019 to pewniak na li\u015bcie wymaga\u0144 pracodawc\u00f3w. \u015aledzi krajowe i zagraniczne oferty pracy, dokszta\u0142ca si\u0119 w dziedzinie employability skills, korzysta z do\u015bwiadcze\u0144 m\u0142odych os\u00f3b wkraczaj\u0105cych na rynek pracy (ma swoje wiarygodne \u017ar\u00f3d\u0142a ?) i przemyca rekrutacyjne ciekawostki na zaj\u0119cia.<\/p>\n<\/div>\n<\/div>\n<div class=\"row\">\n<div class=\"col-sm-4\"><img decoding=\"async\" class=\"alignnone size-medium wp-image-11870\" src=\"https:\/\/pb.edu.pl\/sjo\/wp-content\/uploads\/sites\/9\/2022\/04\/AS.png\" alt=\"Aniela Staszewska\"><\/div>\n<div class=\"col-sm-8\">\n<p><strong>mgr Aniela Staszewska<\/strong><\/p>\n<p>Nauczyciel j\u0119zyka angielskiego w SJO PB i native speaker ze Stan\u00f3w Zjednoczonych. Z wielu rozm\u00f3w o prac\u0119, w kt\u00f3rych wzi\u0119\u0142a udzia\u0142, ciekawe by\u0142o zaproszenie do firmy FinTech. W ci\u0105gu godziny musia\u0142a przeprowadzi\u0107 badania i przygotowa\u0107 prezentacj\u0119 na temat, o kt\u00f3rym wiedzia\u0142a bardzo ma\u0142o. Jej pracodawca chcia\u0142 sprawdzi\u0107 jak szybko mo\u017ce si\u0119 nauczy\u0107 czego\u015b nowego. Prezentacja zako\u0144czy\u0142a si\u0119 sukcesem i kilkuletni\u0105 wsp\u00f3\u0142prac\u0105. Jedn\u0105 z umiej\u0119tno\u015bci, kt\u00f3re musimy \u0107wiczy\u0107, jest umiej\u0119tno\u015b\u0107 uczenia si\u0119, oduczania i ponownego uczenia si\u0119, aby odkrywa\u0107 siebie na nowo we wsp\u00f3\u0142czesnym \u015bwiecie.<\/p>\n<\/div>\n<\/div>\n<div class=\"row\">\n<div class=\"col-sm-4\"><img decoding=\"async\" class=\"alignnone size-medium wp-image-11878\" src=\"https:\/\/pb.edu.pl\/sjo\/wp-content\/uploads\/sites\/9\/2022\/04\/MS.png\" alt=\"Monika \u015aleszy\u0144ska\"><\/div>\n<div class=\"col-sm-8\">\n<p><strong>mgr Monika \u015aleszy\u0144ska<\/strong><\/p>\n<p>Wyk\u0142adowca j\u0119zyka angielskiego w SJO PB. <span class=\"TextRun SCXW39753193 BCX9\" xml:lang=\"PL-PL\" data-contrast=\"auto\" lang=\"PL-PL\"><span class=\"NormalTextRun SCXW39753193 BCX9\">Zach\u0119ca do stosowania zasad uproszczonego j\u0119zyka angielskiego (<\/span><\/span><span class=\"TextRun SCXW39753193 BCX9\" xml:lang=\"PL-PL\" data-contrast=\"auto\" lang=\"PL-PL\"><span class=\"SpellingError SCXW39753193 BCX9\">Plain<\/span><span class=\"NormalTextRun SCXW39753193 BCX9\"> English<\/span><\/span><span class=\"TextRun SCXW39753193 BCX9\" xml:lang=\"PL-PL\" data-contrast=\"auto\" lang=\"PL-PL\"><span class=\"NormalTextRun SCXW39753193 BCX9\">) w wypowiedziach ustnych i pisemnych o tematyce specjalistycznej.<\/span> <span class=\"NormalTextRun SCXW39753193 BCX9\">Na <\/span><span class=\"NormalTextRun SCXW39753193 BCX9\">jej <\/span><span class=\"NormalTextRun SCXW39753193 BCX9\">zaj\u0119ciach studenci pisz\u0105 listy m<\/span><span class=\"NormalTextRun SCXW39753193 BCX9\">otywacyjne<\/span><span class=\"NormalTextRun SCXW39753193 BCX9\"> i<\/span><span class=\"NormalTextRun SCXW39753193 BCX9\"> przeprowadzaj\u0105 <\/span><\/span><span class=\"TextRun SCXW39753193 BCX9\" xml:lang=\"PL-PL\" data-contrast=\"auto\" lang=\"PL-PL\"><span class=\"SpellingError SCXW39753193 BCX9\">mock<\/span> <span class=\"SpellingError SCXW39753193 BCX9\">job<\/span> <span class=\"SpellingError SCXW39753193 BCX9\">interviews<\/span><\/span><span class=\"TextRun SCXW39753193 BCX9\" xml:lang=\"PL-PL\" data-contrast=\"auto\" lang=\"PL-PL\"><span class=\"NormalTextRun SCXW39753193 BCX9\"> w oparciu o autentyczne oferty pracy. <\/span><span class=\"NormalTextRun SCXW39753193 BCX9\">Jest przekonana, \u017ce zasada <\/span><\/span><span class=\"TextRun SCXW39753193 BCX9\" xml:lang=\"PL-PL\" data-contrast=\"auto\" lang=\"PL-PL\"><span class=\"NormalTextRun SCXW39753193 BCX9\">KISS<\/span><\/span><span class=\"TextRun SCXW39753193 BCX9\" xml:lang=\"PL-PL\" data-contrast=\"auto\" lang=\"PL-PL\"><span class=\"NormalTextRun SCXW39753193 BCX9\"> (<\/span><\/span><span class=\"TextRun SCXW39753193 BCX9\" xml:lang=\"PL-PL\" data-contrast=\"auto\" lang=\"PL-PL\"><span class=\"SpellingError SCXW39753193 BCX9\">keep<\/span> <span class=\"SpellingError SCXW39753193 BCX9\">it<\/span> <span class=\"SpellingError SCXW39753193 BCX9\">short<\/span><span class=\"NormalTextRun SCXW39753193 BCX9\"> and <\/span><span class=\"SpellingError SCXW39753193 BCX9\">simple<\/span><\/span><span class=\"TextRun SCXW39753193 BCX9\" xml:lang=\"PL-PL\" data-contrast=\"auto\" lang=\"PL-PL\"><span class=\"NormalTextRun SCXW39753193 BCX9\">) przydaje si\u0119 w wielu <\/span><span class=\"NormalTextRun SCXW39753193 BCX9\">sytuacjach<\/span> <span class=\"NormalTextRun SCXW39753193 BCX9\">formalnych,<\/span> <span class=\"NormalTextRun SCXW39753193 BCX9\">tak\u017ce<\/span><span class=\"NormalTextRun SCXW39753193 BCX9\"> podczas<\/span><span class=\"NormalTextRun SCXW39753193 BCX9\"> rozmow<\/span><span class=\"NormalTextRun SCXW39753193 BCX9\">y<\/span> <span class=\"NormalTextRun SCXW39753193 BCX9\">kwalifikacyjnej<\/span><span class=\"NormalTextRun SCXW39753193 BCX9\">.<\/span><\/span><\/p>\n<\/div>\n<\/div>\n","protected":false},"excerpt":{"rendered":"<p>mgr Mateusz Adaszczyk Kierownik Biura Karier i Wsp\u00f3\u0142pracy z Absolwentami PB. Politechnika Bia\u0142ostocka to miejsce<\/p>\n","protected":false},"author":38,"featured_media":0,"parent":13222,"menu_order":0,"comment_status":"closed","ping_status":"closed","template":"","meta":{"_acf_changed":false,"ngg_post_thumbnail":0,"footnotes":""},"class_list":["post-13562","page","type-page","status-publish","hentry"],"acf":[],"yoast_head":"<!-- This site is optimized with the Yoast SEO plugin v27.0 - https:\/\/yoast.com\/product\/yoast-seo-wordpress\/ -->\n<title>MOCK 2022 - Eksperci - Studium J\u0119zyk\u00f3w Obcych<\/title>\n<meta name=\"description\" content=\"mgr Mateusz Adaszczyk Kierownik Biura Karier i Wsp\u00f3\u0142pracy z Absolwentami PB. Politechnika Bia\u0142ostocka to miejsce w kt\u00f3rym od 10 lat pracuje na rzecz\" \/>\n<meta name=\"robots\" content=\"index, follow, max-snippet:-1, max-image-preview:large, max-video-preview:-1\" \/>\n<link rel=\"canonical\" href=\"https:\/\/pb.edu.pl\/sjo\/wydarzenia-sjo\/mock-2022\/mock-2022-eksperci\/\" \/>\n<meta property=\"og:locale\" content=\"pl_PL\" \/>\n<meta property=\"og:type\" content=\"article\" \/>\n<meta property=\"og:title\" content=\"MOCK 2022 - Eksperci - Studium J\u0119zyk\u00f3w Obcych\" \/>\n<meta property=\"og:description\" content=\"mgr Mateusz Adaszczyk Kierownik Biura Karier i Wsp\u00f3\u0142pracy z Absolwentami PB. Politechnika Bia\u0142ostocka to miejsce w kt\u00f3rym od 10 lat pracuje na rzecz\" \/>\n<meta property=\"og:url\" content=\"https:\/\/pb.edu.pl\/sjo\/wydarzenia-sjo\/mock-2022\/mock-2022-eksperci\/\" \/>\n<meta property=\"og:site_name\" content=\"Studium J\u0119zyk\u00f3w Obcych\" \/>\n<meta property=\"article:modified_time\" content=\"2022-04-28T10:48:02+00:00\" \/>\n<meta property=\"og:image\" content=\"https:\/\/pb.edu.pl\/sjo\/wp-content\/uploads\/sites\/9\/2022\/04\/MA.png\" \/>\n<meta name=\"twitter:label1\" content=\"Szacowany czas czytania\" \/>\n\t<meta name=\"twitter:data1\" content=\"5 minut\" \/>\n<script type=\"application\/ld+json\" class=\"yoast-schema-graph\">{\"@context\":\"https:\/\/schema.org\",\"@graph\":[{\"@type\":\"WebPage\",\"@id\":\"https:\/\/pb.edu.pl\/sjo\/wydarzenia-sjo\/mock-2022\/mock-2022-eksperci\/\",\"url\":\"https:\/\/pb.edu.pl\/sjo\/wydarzenia-sjo\/mock-2022\/mock-2022-eksperci\/\",\"name\":\"MOCK 2022 - Eksperci - Studium J\u0119zyk\u00f3w Obcych\",\"isPartOf\":{\"@id\":\"https:\/\/pb.edu.pl\/sjo\/#website\"},\"primaryImageOfPage\":{\"@id\":\"https:\/\/pb.edu.pl\/sjo\/wydarzenia-sjo\/mock-2022\/mock-2022-eksperci\/#primaryimage\"},\"image\":{\"@id\":\"https:\/\/pb.edu.pl\/sjo\/wydarzenia-sjo\/mock-2022\/mock-2022-eksperci\/#primaryimage\"},\"thumbnailUrl\":\"https:\/\/pb.edu.pl\/sjo\/wp-content\/uploads\/sites\/9\/2022\/04\/MA.png\",\"datePublished\":\"2022-04-20T09:33:02+00:00\",\"dateModified\":\"2022-04-28T10:48:02+00:00\",\"description\":\"mgr Mateusz Adaszczyk Kierownik Biura Karier i Wsp\u00f3\u0142pracy z Absolwentami PB. Politechnika Bia\u0142ostocka to miejsce w kt\u00f3rym od 10 lat pracuje na rzecz\",\"breadcrumb\":{\"@id\":\"https:\/\/pb.edu.pl\/sjo\/wydarzenia-sjo\/mock-2022\/mock-2022-eksperci\/#breadcrumb\"},\"inLanguage\":\"pl-PL\",\"potentialAction\":[{\"@type\":\"ReadAction\",\"target\":[\"https:\/\/pb.edu.pl\/sjo\/wydarzenia-sjo\/mock-2022\/mock-2022-eksperci\/\"]}]},{\"@type\":\"ImageObject\",\"inLanguage\":\"pl-PL\",\"@id\":\"https:\/\/pb.edu.pl\/sjo\/wydarzenia-sjo\/mock-2022\/mock-2022-eksperci\/#primaryimage\",\"url\":\"https:\/\/pb.edu.pl\/sjo\/wp-content\/uploads\/sites\/9\/2022\/04\/MA.png\",\"contentUrl\":\"https:\/\/pb.edu.pl\/sjo\/wp-content\/uploads\/sites\/9\/2022\/04\/MA.png\",\"width\":400,\"height\":320},{\"@type\":\"BreadcrumbList\",\"@id\":\"https:\/\/pb.edu.pl\/sjo\/wydarzenia-sjo\/mock-2022\/mock-2022-eksperci\/#breadcrumb\",\"itemListElement\":[{\"@type\":\"ListItem\",\"position\":1,\"name\":\"Home\",\"item\":\"https:\/\/pb.edu.pl\/sjo\/\"},{\"@type\":\"ListItem\",\"position\":2,\"name\":\"Wydarzenia SJO\",\"item\":\"https:\/\/pb.edu.pl\/sjo\/wydarzenia-sjo\/\"},{\"@type\":\"ListItem\",\"position\":3,\"name\":\"Mock Job Interview 2022\",\"item\":\"https:\/\/pb.edu.pl\/sjo\/wydarzenia-sjo\/mock-2022\/\"},{\"@type\":\"ListItem\",\"position\":4,\"name\":\"MOCK 2022 &#8211; Eksperci\"}]},{\"@type\":\"WebSite\",\"@id\":\"https:\/\/pb.edu.pl\/sjo\/#website\",\"url\":\"https:\/\/pb.edu.pl\/sjo\/\",\"name\":\"Studium J\u0119zyk\u00f3w Obcych\",\"description\":\"\",\"potentialAction\":[{\"@type\":\"SearchAction\",\"target\":{\"@type\":\"EntryPoint\",\"urlTemplate\":\"https:\/\/pb.edu.pl\/sjo\/?s={search_term_string}\"},\"query-input\":{\"@type\":\"PropertyValueSpecification\",\"valueRequired\":true,\"valueName\":\"search_term_string\"}}],\"inLanguage\":\"pl-PL\"}]}<\/script>\n<!-- \/ Yoast SEO plugin. -->","yoast_head_json":{"title":"MOCK 2022 - Eksperci - Studium J\u0119zyk\u00f3w Obcych","description":"mgr Mateusz Adaszczyk Kierownik Biura Karier i Wsp\u00f3\u0142pracy z Absolwentami PB. Politechnika Bia\u0142ostocka to miejsce w kt\u00f3rym od 10 lat pracuje na rzecz","robots":{"index":"index","follow":"follow","max-snippet":"max-snippet:-1","max-image-preview":"max-image-preview:large","max-video-preview":"max-video-preview:-1"},"canonical":"https:\/\/pb.edu.pl\/sjo\/wydarzenia-sjo\/mock-2022\/mock-2022-eksperci\/","og_locale":"pl_PL","og_type":"article","og_title":"MOCK 2022 - Eksperci - Studium J\u0119zyk\u00f3w Obcych","og_description":"mgr Mateusz Adaszczyk Kierownik Biura Karier i Wsp\u00f3\u0142pracy z Absolwentami PB. Politechnika Bia\u0142ostocka to miejsce w kt\u00f3rym od 10 lat pracuje na rzecz","og_url":"https:\/\/pb.edu.pl\/sjo\/wydarzenia-sjo\/mock-2022\/mock-2022-eksperci\/","og_site_name":"Studium J\u0119zyk\u00f3w Obcych","article_modified_time":"2022-04-28T10:48:02+00:00","og_image":[{"url":"https:\/\/pb.edu.pl\/sjo\/wp-content\/uploads\/sites\/9\/2022\/04\/MA.png","type":"","width":"","height":""}],"twitter_misc":{"Szacowany czas czytania":"5 minut"},"schema":{"@context":"https:\/\/schema.org","@graph":[{"@type":"WebPage","@id":"https:\/\/pb.edu.pl\/sjo\/wydarzenia-sjo\/mock-2022\/mock-2022-eksperci\/","url":"https:\/\/pb.edu.pl\/sjo\/wydarzenia-sjo\/mock-2022\/mock-2022-eksperci\/","name":"MOCK 2022 - Eksperci - Studium J\u0119zyk\u00f3w Obcych","isPartOf":{"@id":"https:\/\/pb.edu.pl\/sjo\/#website"},"primaryImageOfPage":{"@id":"https:\/\/pb.edu.pl\/sjo\/wydarzenia-sjo\/mock-2022\/mock-2022-eksperci\/#primaryimage"},"image":{"@id":"https:\/\/pb.edu.pl\/sjo\/wydarzenia-sjo\/mock-2022\/mock-2022-eksperci\/#primaryimage"},"thumbnailUrl":"https:\/\/pb.edu.pl\/sjo\/wp-content\/uploads\/sites\/9\/2022\/04\/MA.png","datePublished":"2022-04-20T09:33:02+00:00","dateModified":"2022-04-28T10:48:02+00:00","description":"mgr Mateusz Adaszczyk Kierownik Biura Karier i Wsp\u00f3\u0142pracy z Absolwentami PB. Politechnika Bia\u0142ostocka to miejsce w kt\u00f3rym od 10 lat pracuje na rzecz","breadcrumb":{"@id":"https:\/\/pb.edu.pl\/sjo\/wydarzenia-sjo\/mock-2022\/mock-2022-eksperci\/#breadcrumb"},"inLanguage":"pl-PL","potentialAction":[{"@type":"ReadAction","target":["https:\/\/pb.edu.pl\/sjo\/wydarzenia-sjo\/mock-2022\/mock-2022-eksperci\/"]}]},{"@type":"ImageObject","inLanguage":"pl-PL","@id":"https:\/\/pb.edu.pl\/sjo\/wydarzenia-sjo\/mock-2022\/mock-2022-eksperci\/#primaryimage","url":"https:\/\/pb.edu.pl\/sjo\/wp-content\/uploads\/sites\/9\/2022\/04\/MA.png","contentUrl":"https:\/\/pb.edu.pl\/sjo\/wp-content\/uploads\/sites\/9\/2022\/04\/MA.png","width":400,"height":320},{"@type":"BreadcrumbList","@id":"https:\/\/pb.edu.pl\/sjo\/wydarzenia-sjo\/mock-2022\/mock-2022-eksperci\/#breadcrumb","itemListElement":[{"@type":"ListItem","position":1,"name":"Home","item":"https:\/\/pb.edu.pl\/sjo\/"},{"@type":"ListItem","position":2,"name":"Wydarzenia SJO","item":"https:\/\/pb.edu.pl\/sjo\/wydarzenia-sjo\/"},{"@type":"ListItem","position":3,"name":"Mock Job Interview 2022","item":"https:\/\/pb.edu.pl\/sjo\/wydarzenia-sjo\/mock-2022\/"},{"@type":"ListItem","position":4,"name":"MOCK 2022 &#8211; Eksperci"}]},{"@type":"WebSite","@id":"https:\/\/pb.edu.pl\/sjo\/#website","url":"https:\/\/pb.edu.pl\/sjo\/","name":"Studium J\u0119zyk\u00f3w Obcych","description":"","potentialAction":[{"@type":"SearchAction","target":{"@type":"EntryPoint","urlTemplate":"https:\/\/pb.edu.pl\/sjo\/?s={search_term_string}"},"query-input":{"@type":"PropertyValueSpecification","valueRequired":true,"valueName":"search_term_string"}}],"inLanguage":"pl-PL"}]}},"_links":{"self":[{"href":"https:\/\/pb.edu.pl\/sjo\/wp-json\/wp\/v2\/pages\/13562","targetHints":{"allow":["GET"]}}],"collection":[{"href":"https:\/\/pb.edu.pl\/sjo\/wp-json\/wp\/v2\/pages"}],"about":[{"href":"https:\/\/pb.edu.pl\/sjo\/wp-json\/wp\/v2\/types\/page"}],"author":[{"embeddable":true,"href":"https:\/\/pb.edu.pl\/sjo\/wp-json\/wp\/v2\/users\/38"}],"replies":[{"embeddable":true,"href":"https:\/\/pb.edu.pl\/sjo\/wp-json\/wp\/v2\/comments?post=13562"}],"version-history":[{"count":0,"href":"https:\/\/pb.edu.pl\/sjo\/wp-json\/wp\/v2\/pages\/13562\/revisions"}],"up":[{"embeddable":true,"href":"https:\/\/pb.edu.pl\/sjo\/wp-json\/wp\/v2\/pages\/13222"}],"wp:attachment":[{"href":"https:\/\/pb.edu.pl\/sjo\/wp-json\/wp\/v2\/media?parent=13562"}],"curies":[{"name":"wp","href":"https:\/\/api.w.org\/{rel}","templated":true}]}}