{"id":135,"date":"2017-11-21T10:45:38","date_gmt":"2017-11-21T09:45:38","guid":{"rendered":"https:\/\/pb.edu.pl\/sjo\/?page_id=135"},"modified":"2025-09-19T09:48:43","modified_gmt":"2025-09-19T07:48:43","slug":"publikacje-pracownikow","status":"publish","type":"page","link":"https:\/\/pb.edu.pl\/sjo\/o-nas\/publikacje-pracownikow\/","title":{"rendered":"Publikacje pracownik\u00f3w"},"content":{"rendered":"<p><strong>Bramska, Halina, i El\u017cbieta Sie\u0144ko.<\/strong> <em>R U read E :-)?<\/em>. Wydawnictwo Politechniki Bia\u0142ostockiej, 2004.<\/p>\n<p><strong>Ciereszko, Ma\u0142gorzata.&nbsp;<\/strong><em>English for Landscape Architecture. Part I<\/em>. Oficyna Wydawnicza Politechniki Bia\u0142ostockiej, 2023, <a href=\"https:\/\/doi.org\/10.24427\/978-83-67185-69-1\">https:\/\/doi.org\/10.24427\/978-83-67185-69-1<\/a>.<\/p>\n<p><strong>Citko, Micha\u0142.<\/strong>&nbsp;\u201eCzy listy wyrazowe s\u0105 skutecznym narz\u0119dziem w nauczaniu\/uczeniu si\u0119 s\u0142ownictwa j\u0119zyka obcego?\u201d.&nbsp;<em>Z problematyki kszta\u0142cenia j\u0119zykowego<\/em>, t. 7, 2018, s. 237-257.<\/p>\n<p><strong>Citko, Micha\u0142.<\/strong>&nbsp;\u201ePodej\u015bcie do zagadnie\u0144 wymowy w trzech podr\u0119cznikach do nauki j\u0119zyka polskiego jako obcego: Start 1, Hurra!&nbsp;Po polsku 1, Polski jest cool\u201d.<em>&nbsp;<\/em>&nbsp;<em>Annales Universitatis Paedagogicae Cracoviensis. <\/em><em>Studia Linguistica<\/em>, &nbsp;t. 223, 2016, s. 19-30.<\/p>\n<p><strong>Czarnopy\u015b, Ryszard.&nbsp;<\/strong><em>Chesterton : polonofil z wyboru<\/em>. Wydawnictwo Prymat, 2021.<\/p>\n<p><strong>Hajczuk, Roman, i Aleksander Zubov.<\/strong>&nbsp;<em>English-Polish-Russian-Belarusian dictionary on informatics and computer technology<\/em>. ARTICO Artur Rubin, 2003.<\/p>\n<p><strong>Hajczuk, Roman, i Aleksander Zubov.<\/strong>&nbsp;<em>Osnovy sozdavanija terminologiceskich slovarej<\/em>. Trans Humana Wydawnictwo Uniwersyteckie, 2004.<\/p>\n<p><strong>Hajczuk, Roman<\/strong>. \u201eDelovoj \u00e2zyk v turizme\u201d.&nbsp;<em>Dziedzictwo przesz\u0142o\u015bci zwi\u0105zk\u00f3w j\u0119zykowych, literackich i kulturowych polsko-ba\u0142to-wschodnios\u0142owia\u0144skich<\/em>, red. Jan Nosowicz i in., Wydawnictwo Studium Hotelarstwa i Obs\u0142ugi Turystyki, 2004, s. 47-51.<\/p>\n<p><strong>Hajczuk, Roman<\/strong>. \u201eIspol\u2019zovanie komp\u2019utera v formirovanii i soversenstvovanii leksiceskih navykov inostrannogo azyka<em>\u201d<\/em>. <em>Linguodidactica<\/em>, t. 9, 2005, s. 51-58.<\/p>\n<p><strong>Hajczuk, Roman<\/strong>. \u201eK voprosu o distancionnom obucenii inostrannym azykam\u201d. <em>Linguodidactica<\/em>, t. 9, 2005, s. 59-70.<\/p>\n<p><strong>Hajczuk, Roman<\/strong>. \u201eLingovokul\u2019turologiceskij podchod k obuceniju russkomu jazyku i rol komp\u2019jutera v gumanitarnom obrazovanii\u201d. &nbsp;<em>Pragmatyczne aspekty opisu j\u0119zyk\u00f3w wschodnios\u0142owia\u0144skich<\/em>, red. Piotr Czerwi\u0144ski i in., Wydawnictwo Uniwersytetu \u015al\u0105skiego, 2003, s. 235-244.<\/p>\n<p><strong>Hajczuk, Roman<\/strong>. Recenzja <em>Proces glottodydaktyczny w szkole<\/em> autorstwa W\u0142adys\u0142awa Figarskiego. <em>Linguodidactica<\/em>, t. 8, 2004, s. 313-319.<\/p>\n<p><strong>Hajczuk, Roman<\/strong>.&nbsp;\u201eK voprosu formirovanija leksiki informatiki i vycislitel\u2019noj techniki v sovremennom russkom jazyke v uslovijach zaimstvovanija terminologii\u201d. <em>Linguodidactica<\/em>, t. 7, 2003, s. 87-103.<\/p>\n<p><strong>Hajczuk, Roman<\/strong>. \u201eK voprosu ispol\u2019zovanija inojazycnych slov v russkom jazyke\u201d. <em>Linguodidactica<\/em>, t. 8, 2004, s. 43-50.<\/p>\n<p><strong>Jab\u0142o\u0144ska Domurat, Alina. <\/strong>\u201eKursy j\u0119zyka polskiego na uczelni technicznej?\u201d&nbsp;<em>J\u0119zyki Obce w Szkole<\/em>, 2014, s. 99\u2013101.<\/p>\n<p><strong>Jermo\u0142owicz, Renata i Monika \u015aleszy\u0144ska.<\/strong> <em>Architecture in the 20th century<\/em>. Wydawnictwo Politechniki Bia\u0142ostockiej, 2004.<\/p>\n<p><strong>Jermo\u0142owicz, Renata.<\/strong> &#8222;The Role of Jonathan Edwards in Shaping the American Idealistic Thought\u2019&#8221;<em>.<\/em> <em>Linguodidactica<\/em>, t.7, 2003, s. 105-116.<\/p>\n<p><strong>Komarewska, Ma\u0142gorzata.<\/strong> &#8222;The evolution of verbs from old to modern English: selected issues&#8221;. <em>Linguodidactica,<\/em> t. 7, 2003, s. 123-129.<\/p>\n<p><strong>Omelianiuk, Wioletta, i Halina Ostapczuk.<\/strong>&nbsp;<em>Sach- und Fachtexte auf Deutsch. Teil 2<\/em>, Wydawnictwo Politechniki Bia\u0142ostockiej, 2010.<\/p>\n<p><strong>Omelianiuk, Wioletta, i in. <\/strong><em>Sach- und Fachtexte auf Deutsch. Teil.1<\/em>, Wydawnictwo Politechniki Bia\u0142ostockiej, 2004.<\/p>\n<p><strong>Sienkiewicz, Liliana.<\/strong> Recenzja &#8222;Learning to Teach&#8221;, autorstwa I. Andreasyan.&nbsp; <em>Linguodidactica<\/em>, &nbsp;t. 7, 2003, s. 277-280.<\/p>\n<p><strong>Sienkiewicz, Liliana.<\/strong> Recenzja &#8222;Written and oral texts comprehension and their informational compression&#8221; autorstwa I. Panovej i in. <em>Linguodidactica<\/em>, t. 7, 2003, s. 273-276.<\/p>\n<p><strong>Sie\u0144ko, El\u017cbieta i Izabela Ta\u0142a\u0142aj.<\/strong>&nbsp;<em>Green Matters: English for environmental engineers<\/em>. Wydawnictwo Politechniki Bia\u0142ostockiej, 2005.<\/p>\n<p><strong>Staszewska, Aniela.<\/strong>&nbsp;<em>Energy Issues in Poland. <\/em><em>A Handbook for Learners of English as a Foreign Language<\/em>. Politechnika Bia\u0142ostocka. Oficyna Wydawnicza Politechniki Bia\u0142ostockiej, 2023.<\/p>\n<p><strong>Suchocki, Janusz.<\/strong> \u201dZ rozwa\u017ca\u0144 nad j\u0119zykami specjalistycznymi\u201d. <em>Linguodidactica<\/em>, t. 9, 2005, s. 165-172.<\/p>\n<p><strong>Suchocki, Janusz.<\/strong> \u201eEinige Bemerkungen zum Begriff Idiom<em>\u201d<\/em>. <em>Linguodidactica<\/em>, t. 9, 2005, s. 173-181.<\/p>\n<p><strong>Suchocki, Janusz.<\/strong> <em>Aus dem deutschen Brauchtum \u2013 Texte mit Ubungen<\/em>. Oficyna Wydawnicza Politechniki Bia\u0142ostockiej, 2012.<\/p>\n<p><strong>Suchocki, Janusz.<\/strong> <em>Testy \u0107wiczeniowe z j\u0119zyka niemieckiego: Gelernt ist gelernt<\/em>. Wydawnictwo Politechniki Bia\u0142ostockiej, 2004.<\/p>\n<p><strong>Suchocki, Janusz.<\/strong> <em>Tourismus allerlei<\/em>. Oficyna Wydawnicza Politechniki Bia\u0142ostockiej, 2003.<\/p>\n<p><strong>Szuper-Jakubiuk, Dorota.<\/strong> \u201eBibliografia s\u0142ownik\u00f3w przek\u0142adowych handlowych i oko\u0142ohandlowych (j\u0119zyk polski, rosyjski, ukrai\u0144ski) za lata 1990-2010 w uk\u0142adzie chronologicznym\u201d. <em>Linguodidactica<\/em>, t. 14, 2010, s. 243-250.<\/p>\n<p><strong>Szuper-Jakubiuk, Dorota.<\/strong> \u201eHandel jako jeden z podstawowych obszar\u00f3w wiedzy specjalistycznej j\u0119zyka business communication\u201d.<em> Linguodidactica,<\/em> t. 13, 2009, s. 223-229.<\/p>\n<p><strong>Szuper-Jakubiuk, Dorota.<\/strong> \u201eKomunikowanie si\u0119 w biznesie na przyk\u0142adzie tworzonego modu\u0142owego tezaurusa terminologii handlu zagranicznego\u201d.&nbsp;<em>Dyskursy komunikacji medialnej.<\/em>&nbsp;<em>Poznawa\u0107. Tworzy\u0107. Komunikowa\u0107<\/em>. red. Anita Filipczak-Bia\u0142kowska, Primum Verbum, 2011.<\/p>\n<p><strong>Szuper-Jakubiuk, Dorota.<\/strong> \u201eNiekt\u00f3re aspekty tworzenia modu\u0142owego tezaurusa terminologii specjalistycznej na przyk\u0142adzie terminologii handlu zagranicznego\u201d<em>.<\/em> <em>Linguodidactica<\/em>, t. 12, &nbsp;2008, s. 187-194.<\/p>\n<p><strong>\u015aleszy\u0144ska, Monika.<\/strong> &#8222;A Tentative Study on Integrating Plain English into the Doctoral Language Programme.&#8221; <em>HERMES &#8211; Journal of Language and Communication in Business,&nbsp;<\/em>t. 64, 2024, s. 149\u2013163, <a title=\"\" href=\"https:\/\/doi.org\/10.7146\/hjlcb.vi64.147980\">https:\/\/doi.org\/10.7146\/hjlcb.vi64.147980<\/a>.<\/p>\n<p><strong>\u015aleszy\u0144ska, Monika<\/strong>. &#8222;How to Write (Science) Better. Simplified English Principles in a Skill-Oriented ESP Course&#8221;. <em>Studies in Logic, Grammar and Rhetoric<\/em>, t. 66, nr 1, 2021, ss. 115\u201333, <a href=\"https:\/\/doi.org\/10.2478\/slgr-2021-0008\">https:\/\/doi.org\/10.2478\/slgr-2021-0008<\/a>.<\/p>\n<p><strong>\u015aleszy\u0144ska, Monika. &#8222;<\/strong>A stutterer and and his\/her self-regard&#8221;. <em>Linguodidactica<\/em>, t. 7, 2003, s. 255-262.<\/p>\n<p><strong>\u015aleszy\u0144ska, Monika.<\/strong>&nbsp; &#8222;Simpler. Clearer. Stronger. How to speak and write science better&#8221;.<em> IATEFL Online Post-Conference Journal,<\/em> nr 40, 2018, s. 43-45.<\/p>\n<p><strong>\u015aleszy\u0144ska, Monika.<\/strong>&nbsp;\u201eLess&nbsp;is&nbsp;more&nbsp;\u2013 uproszczony j\u0119zyk angielski techniczny\u201d.&nbsp;<em>Biuletyn Informacyjny Podlaskiej Okr\u0119gowej Izby In\u017cynier\u00f3w Budownictwa<\/em>, t. 64, nr 1, 2019,&nbsp;s. 30-31.<\/p>\n<p><strong>\u015aleszy\u0144ska, Monika.<\/strong>&nbsp;<em>Get Ready for Technical B2.<\/em>&nbsp;Oficyna Wydawnicza Politechniki Bia\u0142ostockiej, 2011.<\/p>\n<p><strong>\u015aleszy\u0144ska, Monika.<\/strong>&nbsp;<em>Practice Tests in English<\/em>. Oficyna Wydawnicza Politechniki Bia\u0142ostockiej, 2003.<\/p>\n<p><strong>\u015aleszy\u0144ska, Monika.<\/strong> Integrating Plain English into Writing Activities in the PhD Language Programme. Springer Cham, 2025. <a class=\"decorated-link\" href=\"https:\/\/doi.org\/10.1007\/978-3-031-93583-1\" target=\"_new\" rel=\"noopener\" data-start=\"122\" data-end=\"163\" data-is-last-node=\"\">https:\/\/doi.org\/10.1007\/978-3-031-93583-1<\/a><\/p>\n<p><strong>Weber, Marek i \u0141ukasz Brzosko.<\/strong>&nbsp;<em>English for Engineers<\/em>. Oficyna Wydawnicza Politechniki Bia\u0142ostockiej, 2010.<\/p>\n<p><strong>Weber, Marek i \u0141ukasz Brzosko.<\/strong>&nbsp;<em>English in Modern Technology<\/em>. Oficyna Wydawnicza Politechniki Bia\u0142ostockiej, 2011.<\/p>\n<p><strong>Weber, Marek<\/strong>. &#8222;Semantyczne aspekty procesu kategoryzacji&#8221;. <em>V Konferencja naukowo-praktyczna: Energia w nauce i technice, Suwa\u0142ki, 2006.<\/em> Wydawnictwo Politechniki Bia\u0142ostockiej, 2006, s. 487-493.<\/p>\n<p><strong>Weber, Marek<\/strong>. \u201eRecurrent Multi-Word Sequences. Terminological Bundles in a Corpus of Technical Documentation of Network Technologies\u201d.&nbsp;<em>KOMUNIKACJA SPECJALISTYCZNA. Communication for Special Purposes. Fachsprachenkommunikation. Professionalnaja Kommunikacija<\/em>, 2014, s. 96\u2013110.<\/p>\n<p><strong>Weber, Marek.<\/strong> \u201eTerminological Bundlesn ICT Textbooks and Documentation of Programming Languages\u201d.&nbsp;<em>KOMUNIKACJA SPECJALISTYCZNA. Communication for Special Purposes. Fachsprachenkommunikation. Professionalnaja Kommunikacija<\/em>, 2013, s. 89\u201399.<\/p>\n<p><strong>Weber, Marek. <\/strong><em>Anglicyzmy w polskim socjolekcie informatycznym. <\/em>&nbsp;Wydawnictwo Politechniki Bia\u0142ostockiej, 2008.<\/p>\n<p><strong>Weber, Marek<\/strong>. &#8222;New Language Phenomena in the Net&#8221;<em>. VI Konferencja naukowo-praktyczna: Energia w nauce i technice: streszczenia referat\u00f3w, Suwa\u0142ki, 2007. <\/em>Wydawnictwo Politechniki Bia\u0142ostockiej, 2007, s. 426-431.<\/p>\n<p><strong>Weber, Marek.<\/strong> &#8222;Linguistic Peculiarities of Private Blogs&#8221;. <em>VII Konferencja naukowo-praktyczna: Energia w nauce i technice, Suwa\u0142ki, 2008. <\/em>Wydawnictwo Politechniki Bia\u0142ostockiej, 2008, s. 816-828.<\/p>\n<p><strong>Weber, Marek.<\/strong> &#8222;Selected Linguistic Mechanisms in the Language of Electronic Mail<em>&#8222;.<\/em> <em>VI Konferencja naukowo-praktyczna: Energia w nauce i technice: streszczenia referat\u00f3w, Suwa\u0142ki, 2007. <\/em>Wydawnictwo Politechniki Bia\u0142ostockiej, 2007, s. 421-426.<\/p>\n<p><strong>Weber, Marek<\/strong>. &#8222;Semantic Loanwords from the English Language in the Vocabulary of Computer and Internet Users&#8221;. <em>V Konferencja naukowo-praktyczna: Energia w nauce i technice, Suwa\u0142ki, 2006. <\/em>Wydawnictwo Politechniki Bia\u0142ostockiej, 2006, s. 479-485.<\/p>\n<p><strong>Weber, Marek.<\/strong>&nbsp;\u201eAnaliza przyczyn ekstralingwalnych wp\u0142ywu j\u0119zyka angielskiego na polskie s\u0142ownictwo informatyczne\u201d. <em>IV Konferencja naukowo-praktyczna: Energia w nauce i technice, Suwa\u0142ki 2005. <\/em>Wydawnictwo Politechniki Bia\u0142ostockiej, 2005, s. 435-448.<\/p>\n<p><strong>Weber, Marek.<\/strong>&nbsp;\u201eOddzia\u0142ywanie obcych j\u0119zyk\u00f3w na polskie s\u0142ownictwo techniczne w przekroju czasowym\u201d. <em>IV Konferencja naukowo-praktyczna: Energia w nauce i technice, Suwa\u0142ki, 2005. <\/em>&nbsp;Wydawnictwo Politechniki Bia\u0142ostockiej, 2005, s. 449-462.<\/p>\n<p><strong>Weber, Marek.<\/strong>&nbsp;\u201ePrzes\u0142anki historyczno-lingwistyczne badan por\u00f3wnawczo-typologicznych w Galicji (druga polowa XIX wieku)\u201d. <em>III Konferencja naukowo-praktyczna: Energia w nauce i technice, Suwa\u0142ki, 2004. <\/em>&nbsp;Wydawnictwo Politechniki Bia\u0142ostockiej, 2004, s. 417-420.<\/p>\n<p><strong>Weber, Marek<\/strong>.&nbsp;<em>A Corpus-Based Study of the Language of Information and Communication Technology<\/em>. Akademicka Oficyna Wydawnicza EXIT, 2016.<\/p>\n<p><strong>Weber, Marek.<\/strong>&nbsp;<em>Angielski w informatyce z kluczem do \u0107wicze\u0144.<\/em> Wydawnictwo Politechniki Bia\u0142ostockiej, 2004.<\/p>\n<p><strong>Weber, Marek.<\/strong>&nbsp;<em>Angielski w projektowaniu wspomaganym komputerowo.<\/em> Wydawnictwo Politechniki Bia\u0142ostockiej, 2005.<\/p>\n<p><strong>Weber, Marek.<\/strong>&nbsp;<em>Angielski w technikach CAD<\/em>. Wydawnictwo Politechniki Bia\u0142ostockiej, 2008.<\/p>\n<p><strong>Weber, Marek.<\/strong>&nbsp;<em>Angielski w technikach komputerowych z kluczem do pyta\u0144.<\/em> Wydawnictwo Politechniki Bia\u0142ostockiej, 2005.<\/p>\n<p><strong>Weber, Marek<\/strong>.&nbsp;<em>Selected Topics from the Area of Biotechnology for English Language Learners<\/em>. Akademicka Oficyna Wydawnicza Exit, 2018.<\/p>\n<p><strong>Weber, Marek<\/strong>.&nbsp;<em>Selected Topics from the Area of Information and Communication Technology for English Language Learners<\/em>. Akademicka Oficyna Wydawnicza Exit, 2017.<\/p>\n<p><strong>Zubov, Aleksander, i Roman Hajczuk. &nbsp;<\/strong><em>Nauczanie na odleg\u0142o\u015b\u0107 j\u0119zyk\u00f3w obcych<\/em>. Trans Humana Wydawnictwo Uniwersyteckie, 2005.<\/p>\n","protected":false},"excerpt":{"rendered":"<p>Bramska, Halina, i El\u017cbieta Sie\u0144ko. R U read E :-)?. Wydawnictwo Politechniki Bia\u0142ostockiej, 2004. Ciereszko,<\/p>\n","protected":false},"author":2,"featured_media":0,"parent":14,"menu_order":6,"comment_status":"closed","ping_status":"closed","template":"","meta":{"_acf_changed":false,"ngg_post_thumbnail":0,"footnotes":""},"class_list":["post-135","page","type-page","status-publish","hentry"],"acf":[],"yoast_head":"<!-- This site is optimized with the Yoast SEO plugin v27.0 - https:\/\/yoast.com\/product\/yoast-seo-wordpress\/ -->\n<title>Publikacje pracownik\u00f3w - Studium J\u0119zyk\u00f3w Obcych<\/title>\n<meta name=\"description\" content=\"Bramska, Halina, i El\u017cbieta Sie\u0144ko. R U read E :-)?. Wydawnictwo Politechniki Bia\u0142ostockiej, 2004. Ciereszko, Ma\u0142gorzata.&nbsp;English for Landscape\" \/>\n<meta name=\"robots\" content=\"index, follow, max-snippet:-1, max-image-preview:large, max-video-preview:-1\" \/>\n<link rel=\"canonical\" href=\"https:\/\/pb.edu.pl\/sjo\/o-nas\/publikacje-pracownikow\/\" \/>\n<meta property=\"og:locale\" content=\"pl_PL\" \/>\n<meta property=\"og:type\" content=\"article\" \/>\n<meta property=\"og:title\" content=\"Publikacje pracownik\u00f3w - Studium J\u0119zyk\u00f3w Obcych\" \/>\n<meta property=\"og:description\" content=\"Bramska, Halina, i El\u017cbieta Sie\u0144ko. R U read E :-)?. Wydawnictwo Politechniki Bia\u0142ostockiej, 2004. Ciereszko, Ma\u0142gorzata.&nbsp;English for Landscape\" \/>\n<meta property=\"og:url\" content=\"https:\/\/pb.edu.pl\/sjo\/o-nas\/publikacje-pracownikow\/\" \/>\n<meta property=\"og:site_name\" content=\"Studium J\u0119zyk\u00f3w Obcych\" \/>\n<meta property=\"article:modified_time\" content=\"2025-09-19T07:48:43+00:00\" \/>\n<meta name=\"twitter:label1\" content=\"Szacowany czas czytania\" \/>\n\t<meta name=\"twitter:data1\" content=\"8 minut\" \/>\n<script type=\"application\/ld+json\" class=\"yoast-schema-graph\">{\"@context\":\"https:\/\/schema.org\",\"@graph\":[{\"@type\":\"WebPage\",\"@id\":\"https:\/\/pb.edu.pl\/sjo\/o-nas\/publikacje-pracownikow\/\",\"url\":\"https:\/\/pb.edu.pl\/sjo\/o-nas\/publikacje-pracownikow\/\",\"name\":\"Publikacje pracownik\u00f3w - Studium J\u0119zyk\u00f3w Obcych\",\"isPartOf\":{\"@id\":\"https:\/\/pb.edu.pl\/sjo\/#website\"},\"datePublished\":\"2017-11-21T09:45:38+00:00\",\"dateModified\":\"2025-09-19T07:48:43+00:00\",\"description\":\"Bramska, Halina, i El\u017cbieta Sie\u0144ko. R U read E :-)?. Wydawnictwo Politechniki Bia\u0142ostockiej, 2004. Ciereszko, Ma\u0142gorzata.&nbsp;English for Landscape\",\"breadcrumb\":{\"@id\":\"https:\/\/pb.edu.pl\/sjo\/o-nas\/publikacje-pracownikow\/#breadcrumb\"},\"inLanguage\":\"pl-PL\",\"potentialAction\":[{\"@type\":\"ReadAction\",\"target\":[\"https:\/\/pb.edu.pl\/sjo\/o-nas\/publikacje-pracownikow\/\"]}]},{\"@type\":\"BreadcrumbList\",\"@id\":\"https:\/\/pb.edu.pl\/sjo\/o-nas\/publikacje-pracownikow\/#breadcrumb\",\"itemListElement\":[{\"@type\":\"ListItem\",\"position\":1,\"name\":\"Home\",\"item\":\"https:\/\/pb.edu.pl\/sjo\/\"},{\"@type\":\"ListItem\",\"position\":2,\"name\":\"O nas\",\"item\":\"https:\/\/pb.edu.pl\/sjo\/o-nas\/\"},{\"@type\":\"ListItem\",\"position\":3,\"name\":\"Publikacje pracownik\u00f3w\"}]},{\"@type\":\"WebSite\",\"@id\":\"https:\/\/pb.edu.pl\/sjo\/#website\",\"url\":\"https:\/\/pb.edu.pl\/sjo\/\",\"name\":\"Studium J\u0119zyk\u00f3w Obcych\",\"description\":\"\",\"potentialAction\":[{\"@type\":\"SearchAction\",\"target\":{\"@type\":\"EntryPoint\",\"urlTemplate\":\"https:\/\/pb.edu.pl\/sjo\/?s={search_term_string}\"},\"query-input\":{\"@type\":\"PropertyValueSpecification\",\"valueRequired\":true,\"valueName\":\"search_term_string\"}}],\"inLanguage\":\"pl-PL\"}]}<\/script>\n<!-- \/ Yoast SEO plugin. -->","yoast_head_json":{"title":"Publikacje pracownik\u00f3w - Studium J\u0119zyk\u00f3w Obcych","description":"Bramska, Halina, i El\u017cbieta Sie\u0144ko. R U read E :-)?. Wydawnictwo Politechniki Bia\u0142ostockiej, 2004. Ciereszko, Ma\u0142gorzata.&nbsp;English for Landscape","robots":{"index":"index","follow":"follow","max-snippet":"max-snippet:-1","max-image-preview":"max-image-preview:large","max-video-preview":"max-video-preview:-1"},"canonical":"https:\/\/pb.edu.pl\/sjo\/o-nas\/publikacje-pracownikow\/","og_locale":"pl_PL","og_type":"article","og_title":"Publikacje pracownik\u00f3w - Studium J\u0119zyk\u00f3w Obcych","og_description":"Bramska, Halina, i El\u017cbieta Sie\u0144ko. R U read E :-)?. Wydawnictwo Politechniki Bia\u0142ostockiej, 2004. Ciereszko, Ma\u0142gorzata.&nbsp;English for Landscape","og_url":"https:\/\/pb.edu.pl\/sjo\/o-nas\/publikacje-pracownikow\/","og_site_name":"Studium J\u0119zyk\u00f3w Obcych","article_modified_time":"2025-09-19T07:48:43+00:00","twitter_misc":{"Szacowany czas czytania":"8 minut"},"schema":{"@context":"https:\/\/schema.org","@graph":[{"@type":"WebPage","@id":"https:\/\/pb.edu.pl\/sjo\/o-nas\/publikacje-pracownikow\/","url":"https:\/\/pb.edu.pl\/sjo\/o-nas\/publikacje-pracownikow\/","name":"Publikacje pracownik\u00f3w - Studium J\u0119zyk\u00f3w Obcych","isPartOf":{"@id":"https:\/\/pb.edu.pl\/sjo\/#website"},"datePublished":"2017-11-21T09:45:38+00:00","dateModified":"2025-09-19T07:48:43+00:00","description":"Bramska, Halina, i El\u017cbieta Sie\u0144ko. R U read E :-)?. Wydawnictwo Politechniki Bia\u0142ostockiej, 2004. Ciereszko, Ma\u0142gorzata.&nbsp;English for Landscape","breadcrumb":{"@id":"https:\/\/pb.edu.pl\/sjo\/o-nas\/publikacje-pracownikow\/#breadcrumb"},"inLanguage":"pl-PL","potentialAction":[{"@type":"ReadAction","target":["https:\/\/pb.edu.pl\/sjo\/o-nas\/publikacje-pracownikow\/"]}]},{"@type":"BreadcrumbList","@id":"https:\/\/pb.edu.pl\/sjo\/o-nas\/publikacje-pracownikow\/#breadcrumb","itemListElement":[{"@type":"ListItem","position":1,"name":"Home","item":"https:\/\/pb.edu.pl\/sjo\/"},{"@type":"ListItem","position":2,"name":"O nas","item":"https:\/\/pb.edu.pl\/sjo\/o-nas\/"},{"@type":"ListItem","position":3,"name":"Publikacje pracownik\u00f3w"}]},{"@type":"WebSite","@id":"https:\/\/pb.edu.pl\/sjo\/#website","url":"https:\/\/pb.edu.pl\/sjo\/","name":"Studium J\u0119zyk\u00f3w Obcych","description":"","potentialAction":[{"@type":"SearchAction","target":{"@type":"EntryPoint","urlTemplate":"https:\/\/pb.edu.pl\/sjo\/?s={search_term_string}"},"query-input":{"@type":"PropertyValueSpecification","valueRequired":true,"valueName":"search_term_string"}}],"inLanguage":"pl-PL"}]}},"_links":{"self":[{"href":"https:\/\/pb.edu.pl\/sjo\/wp-json\/wp\/v2\/pages\/135","targetHints":{"allow":["GET"]}}],"collection":[{"href":"https:\/\/pb.edu.pl\/sjo\/wp-json\/wp\/v2\/pages"}],"about":[{"href":"https:\/\/pb.edu.pl\/sjo\/wp-json\/wp\/v2\/types\/page"}],"author":[{"embeddable":true,"href":"https:\/\/pb.edu.pl\/sjo\/wp-json\/wp\/v2\/users\/2"}],"replies":[{"embeddable":true,"href":"https:\/\/pb.edu.pl\/sjo\/wp-json\/wp\/v2\/comments?post=135"}],"version-history":[{"count":0,"href":"https:\/\/pb.edu.pl\/sjo\/wp-json\/wp\/v2\/pages\/135\/revisions"}],"up":[{"embeddable":true,"href":"https:\/\/pb.edu.pl\/sjo\/wp-json\/wp\/v2\/pages\/14"}],"wp:attachment":[{"href":"https:\/\/pb.edu.pl\/sjo\/wp-json\/wp\/v2\/media?parent=135"}],"curies":[{"name":"wp","href":"https:\/\/api.w.org\/{rel}","templated":true}]}}