{"id":13499,"date":"2022-04-15T08:40:16","date_gmt":"2022-04-15T06:40:16","guid":{"rendered":"https:\/\/pb.edu.pl\/sjo\/?page_id=13499"},"modified":"2023-04-26T15:50:48","modified_gmt":"2023-04-26T13:50:48","slug":"xviii-podlaski-festiwal-nauki-i-sztuki","status":"publish","type":"page","link":"https:\/\/pb.edu.pl\/sjo\/wydarzenia-sjo\/xviii-podlaski-festiwal-nauki-i-sztuki\/","title":{"rendered":"XVIII Podlaski Festiwal Nauki i Sztuki"},"content":{"rendered":"<h2><img loading=\"lazy\" decoding=\"async\" class=\"alignleft wp-image-13528\" src=\"https:\/\/pb.edu.pl\/sjo\/wp-content\/uploads\/sites\/9\/2022\/04\/Festiwal-Podlaski-300x200.png\" alt=\"\" width=\"350\" height=\"233\" srcset=\"https:\/\/pb.edu.pl\/sjo\/wp-content\/uploads\/sites\/9\/2022\/04\/Festiwal-Podlaski-300x200.png 300w, https:\/\/pb.edu.pl\/sjo\/wp-content\/uploads\/sites\/9\/2022\/04\/Festiwal-Podlaski.png 480w\" sizes=\"auto, (max-width: 350px) 100vw, 350px\" \/>Podlaski Festiwal Nauki i Sztuki to najwi\u0119ksza, cykliczna impreza w Polsce p\u00f3\u0142nocno-wschodniej, kt\u00f3ra w spos\u00f3b przyst\u0119pny i ciekawy zach\u0119ca do poznawania nauk \u015bcis\u0142ych, technicznych, medycznych, przyrodniczych, humanistycznych i spo\u0142ecznych, a tak\u017ce upowszechnia tematyk\u0119 i osi\u0105gni\u0119cia uczelni bia\u0142ostockich, \u0142om\u017cy\u0144skich i suwalskich.<\/h2>\n<p><a href=\"https:\/\/pb.edu.pl\/podlaski-festiwal-nauki-i-sztuki-2022\/\">XVIII Podlaski Festiwal Nauki i Sztuki na Politechnice Bia\u0142ostockiej.<\/a><\/p>\n<p>&nbsp;<\/p>\n<p><strong>Studium J\u0119zyk\u00f3w Obcych proponuje szereg ciekawych wydarze\u0144:<\/strong><\/p>\n<p>10:00-12:00 &#8211; <a href=\"https:\/\/podlaskifestiwal.pl\/imprezy\/co-slysza-twoje-oczy\/\">&#8222;Co s\u0142ysz\u0105 twoje oczy?&#8221; &#8211; do\u015bwiadczenie<\/a>, mgr Micha\u0142 Citko<\/p>\n<p>12:00-13:00 &#8211; <a href=\"https:\/\/podlaskifestiwal.pl\/imprezy\/lekcja-jezyka-polskiego-jako-obcego-na-poziomie-b1\/\">&#8222;Lekcja j\u0119zyka polskiego jako obcego na poziomie B1&#8221;<\/a>, mgr Dorota Szuper-Jakubiuk<\/p>\n<p>12:00-12:15 &#8211; <a href=\"https:\/\/podlaskifestiwal.pl\/imprezy\/konkurs-fotograficzno-jezykowy-photograph-your-english\/\">&#8222;Konkurs fotograficzno-j\u0119zykowy <em>Photograph your English&#8221;&nbsp;<\/em>&#8211; wr\u0119czenie nagr\u00f3d<\/a>, mgr Liliana Sienkiewicz&nbsp;<\/p>\n<p>13:00-14:00 &#8211; <a href=\"https:\/\/podlaskifestiwal.pl\/imprezy\/technical-writing-for-engineers-what-why-how\/\">&#8222;Technical Writing &nbsp;for Engineers: What? Why? How?&#8221; &#8211; warsztat<\/a>, mgr Monika \u015aleszy\u0144ska&nbsp;<\/p>\n<p>14:00-15:00 &#8211; <a href=\"https:\/\/podlaskifestiwal.pl\/imprezy\/gra-terraformacja-marsa\/\">&#8222;Gra Terraformacja Marsa&#8221; &#8211; warsztat<\/a>, mgr Aniela Staszewska i mgr Joanna Nazarko&nbsp;<\/p>\n<p>14:00-15:00 &#8211; <a href=\"https:\/\/podlaskifestiwal.pl\/imprezy\/gra-scrabble-towers\/\">&#8222;Gra Scrabble Towers&#8221; &#8211; warsztat<\/a>, mgr Beata Falkowska&nbsp;<\/p>\n<p>Dzia\u0142ania SJO w ramach Festiwalu koordynuje dr Ma\u0142gorzata Ciereszko.<\/p>\n<p><a href=\"https:\/\/podlaskifestiwal.pl\/program\/lista-imprez\/\">Zarejestruj si\u0119.<\/a><\/p>\n<p>Wst\u0119p na wszystkie imprezy zaplanowane przez Politechnik\u0119 Bia\u0142ostock\u0105 w ramach XVIII Podlaskiego Festiwalu Nauki i Sztuki jest <strong>bezp\u0142atny<\/strong>.<br \/>\n&nbsp;<br \/>\n<span style=\"color: #999999;font-size: 8pt\"><em>Data publikacji: 15.04.2022<\/em><\/span><\/p>\n","protected":false},"excerpt":{"rendered":"<p>Podlaski Festiwal Nauki i Sztuki to najwi\u0119ksza, cykliczna impreza w Polsce p\u00f3\u0142nocno-wschodniej, kt\u00f3ra w spos\u00f3b<\/p>\n","protected":false},"author":38,"featured_media":0,"parent":10915,"menu_order":0,"comment_status":"closed","ping_status":"closed","template":"","meta":{"_acf_changed":false,"ngg_post_thumbnail":0,"footnotes":""},"class_list":["post-13499","page","type-page","status-publish","hentry"],"acf":[],"yoast_head":"<!-- This site is optimized with the Yoast SEO plugin v27.0 - https:\/\/yoast.com\/product\/yoast-seo-wordpress\/ -->\n<title>XVIII Podlaski Festiwal Nauki i Sztuki - Studium J\u0119zyk\u00f3w Obcych<\/title>\n<meta name=\"description\" content=\"Podlaski Festiwal Nauki i Sztuki to najwi\u0119ksza, cykliczna impreza w Polsce p\u00f3\u0142nocno-wschodniej, kt\u00f3ra w spos\u00f3b przyst\u0119pny i ciekawy zach\u0119ca do poznawania\" \/>\n<meta name=\"robots\" content=\"index, follow, max-snippet:-1, max-image-preview:large, max-video-preview:-1\" \/>\n<link rel=\"canonical\" href=\"https:\/\/pb.edu.pl\/sjo\/wydarzenia-sjo\/xviii-podlaski-festiwal-nauki-i-sztuki\/\" \/>\n<meta property=\"og:locale\" content=\"pl_PL\" \/>\n<meta property=\"og:type\" content=\"article\" \/>\n<meta property=\"og:title\" content=\"XVIII Podlaski Festiwal Nauki i Sztuki - Studium J\u0119zyk\u00f3w Obcych\" \/>\n<meta property=\"og:description\" content=\"Podlaski Festiwal Nauki i Sztuki to najwi\u0119ksza, cykliczna impreza w Polsce p\u00f3\u0142nocno-wschodniej, kt\u00f3ra w spos\u00f3b przyst\u0119pny i ciekawy zach\u0119ca do poznawania\" \/>\n<meta property=\"og:url\" content=\"https:\/\/pb.edu.pl\/sjo\/wydarzenia-sjo\/xviii-podlaski-festiwal-nauki-i-sztuki\/\" \/>\n<meta property=\"og:site_name\" content=\"Studium J\u0119zyk\u00f3w Obcych\" \/>\n<meta property=\"article:modified_time\" content=\"2023-04-26T13:50:48+00:00\" \/>\n<meta property=\"og:image\" content=\"https:\/\/pb.edu.pl\/sjo\/wp-content\/uploads\/sites\/9\/2022\/04\/Festiwal-Podlaski-300x200.png\" \/>\n<meta name=\"twitter:label1\" content=\"Szacowany czas czytania\" \/>\n\t<meta name=\"twitter:data1\" content=\"2 minuty\" \/>\n<script type=\"application\/ld+json\" class=\"yoast-schema-graph\">{\"@context\":\"https:\/\/schema.org\",\"@graph\":[{\"@type\":\"WebPage\",\"@id\":\"https:\/\/pb.edu.pl\/sjo\/wydarzenia-sjo\/xviii-podlaski-festiwal-nauki-i-sztuki\/\",\"url\":\"https:\/\/pb.edu.pl\/sjo\/wydarzenia-sjo\/xviii-podlaski-festiwal-nauki-i-sztuki\/\",\"name\":\"XVIII Podlaski Festiwal Nauki i Sztuki - Studium J\u0119zyk\u00f3w Obcych\",\"isPartOf\":{\"@id\":\"https:\/\/pb.edu.pl\/sjo\/#website\"},\"primaryImageOfPage\":{\"@id\":\"https:\/\/pb.edu.pl\/sjo\/wydarzenia-sjo\/xviii-podlaski-festiwal-nauki-i-sztuki\/#primaryimage\"},\"image\":{\"@id\":\"https:\/\/pb.edu.pl\/sjo\/wydarzenia-sjo\/xviii-podlaski-festiwal-nauki-i-sztuki\/#primaryimage\"},\"thumbnailUrl\":\"https:\/\/pb.edu.pl\/sjo\/wp-content\/uploads\/sites\/9\/2022\/04\/Festiwal-Podlaski-300x200.png\",\"datePublished\":\"2022-04-15T06:40:16+00:00\",\"dateModified\":\"2023-04-26T13:50:48+00:00\",\"description\":\"Podlaski Festiwal Nauki i Sztuki to najwi\u0119ksza, cykliczna impreza w Polsce p\u00f3\u0142nocno-wschodniej, kt\u00f3ra w spos\u00f3b przyst\u0119pny i ciekawy zach\u0119ca do poznawania\",\"breadcrumb\":{\"@id\":\"https:\/\/pb.edu.pl\/sjo\/wydarzenia-sjo\/xviii-podlaski-festiwal-nauki-i-sztuki\/#breadcrumb\"},\"inLanguage\":\"pl-PL\",\"potentialAction\":[{\"@type\":\"ReadAction\",\"target\":[\"https:\/\/pb.edu.pl\/sjo\/wydarzenia-sjo\/xviii-podlaski-festiwal-nauki-i-sztuki\/\"]}]},{\"@type\":\"ImageObject\",\"inLanguage\":\"pl-PL\",\"@id\":\"https:\/\/pb.edu.pl\/sjo\/wydarzenia-sjo\/xviii-podlaski-festiwal-nauki-i-sztuki\/#primaryimage\",\"url\":\"https:\/\/pb.edu.pl\/sjo\/wp-content\/uploads\/sites\/9\/2022\/04\/Festiwal-Podlaski.png\",\"contentUrl\":\"https:\/\/pb.edu.pl\/sjo\/wp-content\/uploads\/sites\/9\/2022\/04\/Festiwal-Podlaski.png\",\"width\":480,\"height\":320},{\"@type\":\"BreadcrumbList\",\"@id\":\"https:\/\/pb.edu.pl\/sjo\/wydarzenia-sjo\/xviii-podlaski-festiwal-nauki-i-sztuki\/#breadcrumb\",\"itemListElement\":[{\"@type\":\"ListItem\",\"position\":1,\"name\":\"Home\",\"item\":\"https:\/\/pb.edu.pl\/sjo\/\"},{\"@type\":\"ListItem\",\"position\":2,\"name\":\"Wydarzenia SJO\",\"item\":\"https:\/\/pb.edu.pl\/sjo\/wydarzenia-sjo\/\"},{\"@type\":\"ListItem\",\"position\":3,\"name\":\"XVIII Podlaski Festiwal Nauki i Sztuki\"}]},{\"@type\":\"WebSite\",\"@id\":\"https:\/\/pb.edu.pl\/sjo\/#website\",\"url\":\"https:\/\/pb.edu.pl\/sjo\/\",\"name\":\"Studium J\u0119zyk\u00f3w Obcych\",\"description\":\"\",\"potentialAction\":[{\"@type\":\"SearchAction\",\"target\":{\"@type\":\"EntryPoint\",\"urlTemplate\":\"https:\/\/pb.edu.pl\/sjo\/?s={search_term_string}\"},\"query-input\":{\"@type\":\"PropertyValueSpecification\",\"valueRequired\":true,\"valueName\":\"search_term_string\"}}],\"inLanguage\":\"pl-PL\"}]}<\/script>\n<!-- \/ Yoast SEO plugin. -->","yoast_head_json":{"title":"XVIII Podlaski Festiwal Nauki i Sztuki - Studium J\u0119zyk\u00f3w Obcych","description":"Podlaski Festiwal Nauki i Sztuki to najwi\u0119ksza, cykliczna impreza w Polsce p\u00f3\u0142nocno-wschodniej, kt\u00f3ra w spos\u00f3b przyst\u0119pny i ciekawy zach\u0119ca do poznawania","robots":{"index":"index","follow":"follow","max-snippet":"max-snippet:-1","max-image-preview":"max-image-preview:large","max-video-preview":"max-video-preview:-1"},"canonical":"https:\/\/pb.edu.pl\/sjo\/wydarzenia-sjo\/xviii-podlaski-festiwal-nauki-i-sztuki\/","og_locale":"pl_PL","og_type":"article","og_title":"XVIII Podlaski Festiwal Nauki i Sztuki - Studium J\u0119zyk\u00f3w Obcych","og_description":"Podlaski Festiwal Nauki i Sztuki to najwi\u0119ksza, cykliczna impreza w Polsce p\u00f3\u0142nocno-wschodniej, kt\u00f3ra w spos\u00f3b przyst\u0119pny i ciekawy zach\u0119ca do poznawania","og_url":"https:\/\/pb.edu.pl\/sjo\/wydarzenia-sjo\/xviii-podlaski-festiwal-nauki-i-sztuki\/","og_site_name":"Studium J\u0119zyk\u00f3w Obcych","article_modified_time":"2023-04-26T13:50:48+00:00","og_image":[{"url":"https:\/\/pb.edu.pl\/sjo\/wp-content\/uploads\/sites\/9\/2022\/04\/Festiwal-Podlaski-300x200.png","type":"","width":"","height":""}],"twitter_misc":{"Szacowany czas czytania":"2 minuty"},"schema":{"@context":"https:\/\/schema.org","@graph":[{"@type":"WebPage","@id":"https:\/\/pb.edu.pl\/sjo\/wydarzenia-sjo\/xviii-podlaski-festiwal-nauki-i-sztuki\/","url":"https:\/\/pb.edu.pl\/sjo\/wydarzenia-sjo\/xviii-podlaski-festiwal-nauki-i-sztuki\/","name":"XVIII Podlaski Festiwal Nauki i Sztuki - Studium J\u0119zyk\u00f3w Obcych","isPartOf":{"@id":"https:\/\/pb.edu.pl\/sjo\/#website"},"primaryImageOfPage":{"@id":"https:\/\/pb.edu.pl\/sjo\/wydarzenia-sjo\/xviii-podlaski-festiwal-nauki-i-sztuki\/#primaryimage"},"image":{"@id":"https:\/\/pb.edu.pl\/sjo\/wydarzenia-sjo\/xviii-podlaski-festiwal-nauki-i-sztuki\/#primaryimage"},"thumbnailUrl":"https:\/\/pb.edu.pl\/sjo\/wp-content\/uploads\/sites\/9\/2022\/04\/Festiwal-Podlaski-300x200.png","datePublished":"2022-04-15T06:40:16+00:00","dateModified":"2023-04-26T13:50:48+00:00","description":"Podlaski Festiwal Nauki i Sztuki to najwi\u0119ksza, cykliczna impreza w Polsce p\u00f3\u0142nocno-wschodniej, kt\u00f3ra w spos\u00f3b przyst\u0119pny i ciekawy zach\u0119ca do poznawania","breadcrumb":{"@id":"https:\/\/pb.edu.pl\/sjo\/wydarzenia-sjo\/xviii-podlaski-festiwal-nauki-i-sztuki\/#breadcrumb"},"inLanguage":"pl-PL","potentialAction":[{"@type":"ReadAction","target":["https:\/\/pb.edu.pl\/sjo\/wydarzenia-sjo\/xviii-podlaski-festiwal-nauki-i-sztuki\/"]}]},{"@type":"ImageObject","inLanguage":"pl-PL","@id":"https:\/\/pb.edu.pl\/sjo\/wydarzenia-sjo\/xviii-podlaski-festiwal-nauki-i-sztuki\/#primaryimage","url":"https:\/\/pb.edu.pl\/sjo\/wp-content\/uploads\/sites\/9\/2022\/04\/Festiwal-Podlaski.png","contentUrl":"https:\/\/pb.edu.pl\/sjo\/wp-content\/uploads\/sites\/9\/2022\/04\/Festiwal-Podlaski.png","width":480,"height":320},{"@type":"BreadcrumbList","@id":"https:\/\/pb.edu.pl\/sjo\/wydarzenia-sjo\/xviii-podlaski-festiwal-nauki-i-sztuki\/#breadcrumb","itemListElement":[{"@type":"ListItem","position":1,"name":"Home","item":"https:\/\/pb.edu.pl\/sjo\/"},{"@type":"ListItem","position":2,"name":"Wydarzenia SJO","item":"https:\/\/pb.edu.pl\/sjo\/wydarzenia-sjo\/"},{"@type":"ListItem","position":3,"name":"XVIII Podlaski Festiwal Nauki i Sztuki"}]},{"@type":"WebSite","@id":"https:\/\/pb.edu.pl\/sjo\/#website","url":"https:\/\/pb.edu.pl\/sjo\/","name":"Studium J\u0119zyk\u00f3w Obcych","description":"","potentialAction":[{"@type":"SearchAction","target":{"@type":"EntryPoint","urlTemplate":"https:\/\/pb.edu.pl\/sjo\/?s={search_term_string}"},"query-input":{"@type":"PropertyValueSpecification","valueRequired":true,"valueName":"search_term_string"}}],"inLanguage":"pl-PL"}]}},"_links":{"self":[{"href":"https:\/\/pb.edu.pl\/sjo\/wp-json\/wp\/v2\/pages\/13499","targetHints":{"allow":["GET"]}}],"collection":[{"href":"https:\/\/pb.edu.pl\/sjo\/wp-json\/wp\/v2\/pages"}],"about":[{"href":"https:\/\/pb.edu.pl\/sjo\/wp-json\/wp\/v2\/types\/page"}],"author":[{"embeddable":true,"href":"https:\/\/pb.edu.pl\/sjo\/wp-json\/wp\/v2\/users\/38"}],"replies":[{"embeddable":true,"href":"https:\/\/pb.edu.pl\/sjo\/wp-json\/wp\/v2\/comments?post=13499"}],"version-history":[{"count":0,"href":"https:\/\/pb.edu.pl\/sjo\/wp-json\/wp\/v2\/pages\/13499\/revisions"}],"up":[{"embeddable":true,"href":"https:\/\/pb.edu.pl\/sjo\/wp-json\/wp\/v2\/pages\/10915"}],"wp:attachment":[{"href":"https:\/\/pb.edu.pl\/sjo\/wp-json\/wp\/v2\/media?parent=13499"}],"curies":[{"name":"wp","href":"https:\/\/api.w.org\/{rel}","templated":true}]}}