{"id":13443,"date":"2022-04-13T09:12:11","date_gmt":"2022-04-13T07:12:11","guid":{"rendered":"https:\/\/pb.edu.pl\/sjo\/?page_id=13443"},"modified":"2025-10-03T13:24:04","modified_gmt":"2025-10-03T11:24:04","slug":"kontakt","status":"publish","type":"page","link":"https:\/\/pb.edu.pl\/sjo\/polilingua\/kontakt\/","title":{"rendered":"Kontakt"},"content":{"rendered":"<h2>Studium J\u0119zyk\u00f3w Obcych Politechniki Bia\u0142ostockiej<\/h2>\n<p>Centrum Nowoczesnego Kszta\u0142cenia (CNK)<br \/>\nul. Zwierzyniecka 16<br \/>\n15-333 Bia\u0142ystok<\/p>\n<table style=\"border-collapse: collapse;width: 100%\">\n<tbody>\n<tr>\n<td style=\"width: 27.9279%\"><img loading=\"lazy\" decoding=\"async\" class=\"alignnone wp-image-29757 \" src=\"https:\/\/pb.edu.pl\/sjo\/wp-content\/uploads\/sites\/9\/2025\/10\/Greta-ramka-kolo-300x300.png\" alt=\"\" width=\"356\" height=\"356\" srcset=\"https:\/\/pb.edu.pl\/sjo\/wp-content\/uploads\/sites\/9\/2025\/10\/Greta-ramka-kolo-300x300.png 300w, https:\/\/pb.edu.pl\/sjo\/wp-content\/uploads\/sites\/9\/2025\/10\/Greta-ramka-kolo-1024x1024.png 1024w, https:\/\/pb.edu.pl\/sjo\/wp-content\/uploads\/sites\/9\/2025\/10\/Greta-ramka-kolo-768x768.png 768w, https:\/\/pb.edu.pl\/sjo\/wp-content\/uploads\/sites\/9\/2025\/10\/Greta-ramka-kolo.png 1080w\" sizes=\"auto, (max-width: 356px) 100vw, 356px\" \/><\/td>\n<td style=\"width: 72.0721%\"><strong><span style=\"font-size: 12pt\">Kursy j\u0119zyka angielskiego<\/span><\/strong><\/p>\n<p><span style=\"font-size: 12pt\">mgr Greta G\u0142owacka-Czarnopy\u015b<\/span><br \/>\n<span style=\"font-size: 12pt\"><a href=\"#\" rel=\"nofollow\"  onclick=\"this.href='mailto:' + 'g.czarnopys' + '@' + 'pb.edu.pl '\">g.czarnopys [at] pb.edu.pl <\/a><\/span><\/td>\n<\/tr>\n<tr>\n<td style=\"width: 27.9279%\"><img loading=\"lazy\" decoding=\"async\" class=\"alignleft wp-image-13480\" src=\"https:\/\/pb.edu.pl\/sjo\/wp-content\/uploads\/sites\/9\/2022\/04\/VG-300x300.png\" alt=\"Profil_VGrabinska\" width=\"350\" height=\"350\" srcset=\"https:\/\/pb.edu.pl\/sjo\/wp-content\/uploads\/sites\/9\/2022\/04\/VG-300x300.png 300w, https:\/\/pb.edu.pl\/sjo\/wp-content\/uploads\/sites\/9\/2022\/04\/VG.png 500w\" sizes=\"auto, (max-width: 350px) 100vw, 350px\" \/><\/td>\n<td style=\"width: 72.0721%\"><span style=\"font-size: 12pt\"><strong>Kursy j\u0119zyka hiszpa\u0144skiego<\/strong><\/span><\/p>\n<p><span style=\"font-size: 12pt\">mgr Violetta Grabi\u0144ska<\/span><br \/>\n<span style=\"font-size: 12pt\"><a href=\"#\" rel=\"nofollow\"  onclick=\"this.href='mailto:' + 'v.grabinska' + '@' + 'pb.edu.pl '\">v.grabinska [at] pb.edu.pl <\/a><\/span><\/p>\n<p><strong><span style=\"font-size: 12pt\">&nbsp;<\/span><\/strong><\/td>\n<\/tr>\n<tr>\n<td style=\"width: 27.9279%\"><img loading=\"lazy\" decoding=\"async\" class=\"alignleft wp-image-13301\" src=\"https:\/\/pb.edu.pl\/sjo\/wp-content\/uploads\/sites\/9\/2022\/04\/DSJ-300x300.png\" alt=\"Profil_DSzuperJakubiuk\" width=\"350\" height=\"350\" srcset=\"https:\/\/pb.edu.pl\/sjo\/wp-content\/uploads\/sites\/9\/2022\/04\/DSJ-300x300.png 300w, https:\/\/pb.edu.pl\/sjo\/wp-content\/uploads\/sites\/9\/2022\/04\/DSJ.png 500w\" sizes=\"auto, (max-width: 350px) 100vw, 350px\" \/><\/td>\n<td style=\"width: 72.0721%\"><span style=\"font-size: 12pt\"><strong>Kursy j\u0119zyka rosyjskiego<\/strong><\/span><\/p>\n<p><span style=\"font-size: 12pt\">mgr Dorota Szuper-Jakubiuk<\/span><\/p>\n<p><span style=\"font-size: 12pt\"><a href=\"#\" rel=\"nofollow\"  onclick=\"this.href='mailto:' + 'd.jakubiuk' + '@' + 'pb.edu.pl'\">d.jakubiuk [at] pb.edu.pl<\/a><\/span><\/p>\n<p><strong><span style=\"font-size: 12pt\">&nbsp;<\/span><\/strong><\/td>\n<\/tr>\n<tr>\n<td style=\"width: 27.9279%\"><img loading=\"lazy\" decoding=\"async\" class=\"alignleft wp-image-13481\" src=\"https:\/\/pb.edu.pl\/sjo\/wp-content\/uploads\/sites\/9\/2022\/04\/AK-300x300.png\" alt=\"Profil_AKuzmicz\" width=\"350\" height=\"350\" srcset=\"https:\/\/pb.edu.pl\/sjo\/wp-content\/uploads\/sites\/9\/2022\/04\/AK-300x300.png 300w, https:\/\/pb.edu.pl\/sjo\/wp-content\/uploads\/sites\/9\/2022\/04\/AK.png 500w\" sizes=\"auto, (max-width: 350px) 100vw, 350px\" \/><\/td>\n<td style=\"width: 72.0721%\"><span style=\"font-size: 12pt\"><strong>Kursy j\u0119zyka niemieckiego<\/strong><\/span><\/p>\n<p><span style=\"font-size: 12pt\">mgr Artur Ku\u017amicz<\/span><\/p>\n<p><span style=\"font-size: 12pt\"><a href=\"#\" rel=\"nofollow\"  onclick=\"this.href='mailto:' + 'a.kuzmicz' + '@' + 'pb.edu.pl'\">a.kuzmicz [at] pb.edu.pl<\/a><\/span><\/p>\n<p><strong><span style=\"font-size: 12pt\">&nbsp;<\/span><\/strong><\/td>\n<\/tr>\n<\/tbody>\n<\/table>\n<p><a href=\"https:\/\/pb.edu.pl\/sjo\/wp-content\/uploads\/sites\/9\/2022\/04\/SJO_Kampus-Glowny-PB.png\"><img loading=\"lazy\" decoding=\"async\" class=\"alignleft wp-image-13471 size-full\" src=\"https:\/\/pb.edu.pl\/sjo\/wp-content\/uploads\/sites\/9\/2022\/04\/SJO_Kampus-Glowny-PB.png\" alt=\"\" width=\"1920\" height=\"1080\" srcset=\"https:\/\/pb.edu.pl\/sjo\/wp-content\/uploads\/sites\/9\/2022\/04\/SJO_Kampus-Glowny-PB.png 1920w, https:\/\/pb.edu.pl\/sjo\/wp-content\/uploads\/sites\/9\/2022\/04\/SJO_Kampus-Glowny-PB-300x169.png 300w, https:\/\/pb.edu.pl\/sjo\/wp-content\/uploads\/sites\/9\/2022\/04\/SJO_Kampus-Glowny-PB-1024x576.png 1024w, https:\/\/pb.edu.pl\/sjo\/wp-content\/uploads\/sites\/9\/2022\/04\/SJO_Kampus-Glowny-PB-768x432.png 768w, https:\/\/pb.edu.pl\/sjo\/wp-content\/uploads\/sites\/9\/2022\/04\/SJO_Kampus-Glowny-PB-1536x864.png 1536w\" sizes=\"auto, (max-width: 1920px) 100vw, 1920px\" \/><\/a><\/p>\n","protected":false},"excerpt":{"rendered":"<p>Studium J\u0119zyk\u00f3w Obcych Politechniki Bia\u0142ostockiej Centrum Nowoczesnego Kszta\u0142cenia (CNK) ul. Zwierzyniecka 16 15-333 Bia\u0142ystok Kursy<\/p>\n","protected":false},"author":6,"featured_media":0,"parent":13364,"menu_order":0,"comment_status":"closed","ping_status":"closed","template":"","meta":{"_acf_changed":false,"ngg_post_thumbnail":0,"footnotes":""},"class_list":["post-13443","page","type-page","status-publish","hentry"],"acf":[],"yoast_head":"<!-- This site is optimized with the Yoast SEO plugin v27.0 - https:\/\/yoast.com\/product\/yoast-seo-wordpress\/ -->\n<title>Kontakt - Studium J\u0119zyk\u00f3w Obcych<\/title>\n<meta name=\"description\" content=\"Studium J\u0119zyk\u00f3w Obcych Politechniki Bia\u0142ostockiej Centrum Nowoczesnego Kszta\u0142cenia (CNK) ul. Zwierzyniecka 16 15-333 Bia\u0142ystok Kursy j\u0119zyka angielskiego\" \/>\n<meta name=\"robots\" content=\"index, follow, max-snippet:-1, max-image-preview:large, max-video-preview:-1\" \/>\n<link rel=\"canonical\" href=\"https:\/\/pb.edu.pl\/sjo\/polilingua\/kontakt\/\" \/>\n<meta property=\"og:locale\" content=\"pl_PL\" \/>\n<meta property=\"og:type\" content=\"article\" \/>\n<meta property=\"og:title\" content=\"Kontakt - Studium J\u0119zyk\u00f3w Obcych\" \/>\n<meta property=\"og:description\" content=\"Studium J\u0119zyk\u00f3w Obcych Politechniki Bia\u0142ostockiej Centrum Nowoczesnego Kszta\u0142cenia (CNK) ul. Zwierzyniecka 16 15-333 Bia\u0142ystok Kursy j\u0119zyka angielskiego\" \/>\n<meta property=\"og:url\" content=\"https:\/\/pb.edu.pl\/sjo\/polilingua\/kontakt\/\" \/>\n<meta property=\"og:site_name\" content=\"Studium J\u0119zyk\u00f3w Obcych\" \/>\n<meta property=\"article:modified_time\" content=\"2025-10-03T11:24:04+00:00\" \/>\n<meta property=\"og:image\" content=\"https:\/\/pb.edu.pl\/sjo\/wp-content\/uploads\/sites\/9\/2025\/10\/Greta-ramka-kolo.png\" \/>\n\t<meta property=\"og:image:width\" content=\"1080\" \/>\n\t<meta property=\"og:image:height\" content=\"1080\" \/>\n\t<meta property=\"og:image:type\" content=\"image\/png\" \/>\n<meta name=\"twitter:label1\" content=\"Szacowany czas czytania\" \/>\n\t<meta name=\"twitter:data1\" content=\"2 minuty\" \/>\n<script type=\"application\/ld+json\" class=\"yoast-schema-graph\">{\"@context\":\"https:\/\/schema.org\",\"@graph\":[{\"@type\":\"WebPage\",\"@id\":\"https:\/\/pb.edu.pl\/sjo\/polilingua\/kontakt\/\",\"url\":\"https:\/\/pb.edu.pl\/sjo\/polilingua\/kontakt\/\",\"name\":\"Kontakt - Studium J\u0119zyk\u00f3w Obcych\",\"isPartOf\":{\"@id\":\"https:\/\/pb.edu.pl\/sjo\/#website\"},\"primaryImageOfPage\":{\"@id\":\"https:\/\/pb.edu.pl\/sjo\/polilingua\/kontakt\/#primaryimage\"},\"image\":{\"@id\":\"https:\/\/pb.edu.pl\/sjo\/polilingua\/kontakt\/#primaryimage\"},\"thumbnailUrl\":\"https:\/\/pb.edu.pl\/sjo\/wp-content\/uploads\/sites\/9\/2025\/10\/Greta-ramka-kolo-300x300.png\",\"datePublished\":\"2022-04-13T07:12:11+00:00\",\"dateModified\":\"2025-10-03T11:24:04+00:00\",\"description\":\"Studium J\u0119zyk\u00f3w Obcych Politechniki Bia\u0142ostockiej Centrum Nowoczesnego Kszta\u0142cenia (CNK) ul. Zwierzyniecka 16 15-333 Bia\u0142ystok Kursy j\u0119zyka angielskiego\",\"breadcrumb\":{\"@id\":\"https:\/\/pb.edu.pl\/sjo\/polilingua\/kontakt\/#breadcrumb\"},\"inLanguage\":\"pl-PL\",\"potentialAction\":[{\"@type\":\"ReadAction\",\"target\":[\"https:\/\/pb.edu.pl\/sjo\/polilingua\/kontakt\/\"]}]},{\"@type\":\"ImageObject\",\"inLanguage\":\"pl-PL\",\"@id\":\"https:\/\/pb.edu.pl\/sjo\/polilingua\/kontakt\/#primaryimage\",\"url\":\"https:\/\/pb.edu.pl\/sjo\/wp-content\/uploads\/sites\/9\/2025\/10\/Greta-ramka-kolo.png\",\"contentUrl\":\"https:\/\/pb.edu.pl\/sjo\/wp-content\/uploads\/sites\/9\/2025\/10\/Greta-ramka-kolo.png\",\"width\":1080,\"height\":1080},{\"@type\":\"BreadcrumbList\",\"@id\":\"https:\/\/pb.edu.pl\/sjo\/polilingua\/kontakt\/#breadcrumb\",\"itemListElement\":[{\"@type\":\"ListItem\",\"position\":1,\"name\":\"Home\",\"item\":\"https:\/\/pb.edu.pl\/sjo\/\"},{\"@type\":\"ListItem\",\"position\":2,\"name\":\"Polilingua\",\"item\":\"https:\/\/pb.edu.pl\/sjo\/polilingua\/\"},{\"@type\":\"ListItem\",\"position\":3,\"name\":\"Kontakt\"}]},{\"@type\":\"WebSite\",\"@id\":\"https:\/\/pb.edu.pl\/sjo\/#website\",\"url\":\"https:\/\/pb.edu.pl\/sjo\/\",\"name\":\"Studium J\u0119zyk\u00f3w Obcych\",\"description\":\"\",\"potentialAction\":[{\"@type\":\"SearchAction\",\"target\":{\"@type\":\"EntryPoint\",\"urlTemplate\":\"https:\/\/pb.edu.pl\/sjo\/?s={search_term_string}\"},\"query-input\":{\"@type\":\"PropertyValueSpecification\",\"valueRequired\":true,\"valueName\":\"search_term_string\"}}],\"inLanguage\":\"pl-PL\"}]}<\/script>\n<!-- \/ Yoast SEO plugin. -->","yoast_head_json":{"title":"Kontakt - Studium J\u0119zyk\u00f3w Obcych","description":"Studium J\u0119zyk\u00f3w Obcych Politechniki Bia\u0142ostockiej Centrum Nowoczesnego Kszta\u0142cenia (CNK) ul. Zwierzyniecka 16 15-333 Bia\u0142ystok Kursy j\u0119zyka angielskiego","robots":{"index":"index","follow":"follow","max-snippet":"max-snippet:-1","max-image-preview":"max-image-preview:large","max-video-preview":"max-video-preview:-1"},"canonical":"https:\/\/pb.edu.pl\/sjo\/polilingua\/kontakt\/","og_locale":"pl_PL","og_type":"article","og_title":"Kontakt - Studium J\u0119zyk\u00f3w Obcych","og_description":"Studium J\u0119zyk\u00f3w Obcych Politechniki Bia\u0142ostockiej Centrum Nowoczesnego Kszta\u0142cenia (CNK) ul. Zwierzyniecka 16 15-333 Bia\u0142ystok Kursy j\u0119zyka angielskiego","og_url":"https:\/\/pb.edu.pl\/sjo\/polilingua\/kontakt\/","og_site_name":"Studium J\u0119zyk\u00f3w Obcych","article_modified_time":"2025-10-03T11:24:04+00:00","og_image":[{"width":1080,"height":1080,"url":"https:\/\/pb.edu.pl\/sjo\/wp-content\/uploads\/sites\/9\/2025\/10\/Greta-ramka-kolo.png","type":"image\/png"}],"twitter_misc":{"Szacowany czas czytania":"2 minuty"},"schema":{"@context":"https:\/\/schema.org","@graph":[{"@type":"WebPage","@id":"https:\/\/pb.edu.pl\/sjo\/polilingua\/kontakt\/","url":"https:\/\/pb.edu.pl\/sjo\/polilingua\/kontakt\/","name":"Kontakt - Studium J\u0119zyk\u00f3w Obcych","isPartOf":{"@id":"https:\/\/pb.edu.pl\/sjo\/#website"},"primaryImageOfPage":{"@id":"https:\/\/pb.edu.pl\/sjo\/polilingua\/kontakt\/#primaryimage"},"image":{"@id":"https:\/\/pb.edu.pl\/sjo\/polilingua\/kontakt\/#primaryimage"},"thumbnailUrl":"https:\/\/pb.edu.pl\/sjo\/wp-content\/uploads\/sites\/9\/2025\/10\/Greta-ramka-kolo-300x300.png","datePublished":"2022-04-13T07:12:11+00:00","dateModified":"2025-10-03T11:24:04+00:00","description":"Studium J\u0119zyk\u00f3w Obcych Politechniki Bia\u0142ostockiej Centrum Nowoczesnego Kszta\u0142cenia (CNK) ul. Zwierzyniecka 16 15-333 Bia\u0142ystok Kursy j\u0119zyka angielskiego","breadcrumb":{"@id":"https:\/\/pb.edu.pl\/sjo\/polilingua\/kontakt\/#breadcrumb"},"inLanguage":"pl-PL","potentialAction":[{"@type":"ReadAction","target":["https:\/\/pb.edu.pl\/sjo\/polilingua\/kontakt\/"]}]},{"@type":"ImageObject","inLanguage":"pl-PL","@id":"https:\/\/pb.edu.pl\/sjo\/polilingua\/kontakt\/#primaryimage","url":"https:\/\/pb.edu.pl\/sjo\/wp-content\/uploads\/sites\/9\/2025\/10\/Greta-ramka-kolo.png","contentUrl":"https:\/\/pb.edu.pl\/sjo\/wp-content\/uploads\/sites\/9\/2025\/10\/Greta-ramka-kolo.png","width":1080,"height":1080},{"@type":"BreadcrumbList","@id":"https:\/\/pb.edu.pl\/sjo\/polilingua\/kontakt\/#breadcrumb","itemListElement":[{"@type":"ListItem","position":1,"name":"Home","item":"https:\/\/pb.edu.pl\/sjo\/"},{"@type":"ListItem","position":2,"name":"Polilingua","item":"https:\/\/pb.edu.pl\/sjo\/polilingua\/"},{"@type":"ListItem","position":3,"name":"Kontakt"}]},{"@type":"WebSite","@id":"https:\/\/pb.edu.pl\/sjo\/#website","url":"https:\/\/pb.edu.pl\/sjo\/","name":"Studium J\u0119zyk\u00f3w Obcych","description":"","potentialAction":[{"@type":"SearchAction","target":{"@type":"EntryPoint","urlTemplate":"https:\/\/pb.edu.pl\/sjo\/?s={search_term_string}"},"query-input":{"@type":"PropertyValueSpecification","valueRequired":true,"valueName":"search_term_string"}}],"inLanguage":"pl-PL"}]}},"_links":{"self":[{"href":"https:\/\/pb.edu.pl\/sjo\/wp-json\/wp\/v2\/pages\/13443","targetHints":{"allow":["GET"]}}],"collection":[{"href":"https:\/\/pb.edu.pl\/sjo\/wp-json\/wp\/v2\/pages"}],"about":[{"href":"https:\/\/pb.edu.pl\/sjo\/wp-json\/wp\/v2\/types\/page"}],"author":[{"embeddable":true,"href":"https:\/\/pb.edu.pl\/sjo\/wp-json\/wp\/v2\/users\/6"}],"replies":[{"embeddable":true,"href":"https:\/\/pb.edu.pl\/sjo\/wp-json\/wp\/v2\/comments?post=13443"}],"version-history":[{"count":0,"href":"https:\/\/pb.edu.pl\/sjo\/wp-json\/wp\/v2\/pages\/13443\/revisions"}],"up":[{"embeddable":true,"href":"https:\/\/pb.edu.pl\/sjo\/wp-json\/wp\/v2\/pages\/13364"}],"wp:attachment":[{"href":"https:\/\/pb.edu.pl\/sjo\/wp-json\/wp\/v2\/media?parent=13443"}],"curies":[{"name":"wp","href":"https:\/\/api.w.org\/{rel}","templated":true}]}}