{"id":13364,"date":"2022-04-11T09:12:34","date_gmt":"2022-04-11T07:12:34","guid":{"rendered":"https:\/\/pb.edu.pl\/sjo\/?page_id=13364"},"modified":"2024-10-02T11:27:19","modified_gmt":"2024-10-02T09:27:19","slug":"polilingua","status":"publish","type":"page","link":"https:\/\/pb.edu.pl\/sjo\/polilingua\/","title":{"rendered":"Polilingua"},"content":{"rendered":"<h2>POLILINGUA zaprasza wszystkich ch\u0119tnych do nauki j\u0119zyk\u00f3w angielskiego, niemieckiego, rosyjskiego i hiszpa\u0144skiego.<\/h2>\n<p><span style=\"font-family: verdana, geneva, sans-serif;font-size: 12pt\">Zaj\u0119cia prowadzone s\u0105 przez wysoko wykwalifikowanych lektor\u00f3w Studium J\u0119zyk\u00f3w Obcych Politechniki Bia\u0142ostockiej.<\/span><\/p>\n<p><span style=\"font-family: verdana, geneva, sans-serif;font-size: 12pt\">Zapraszamy na intensywne kursy j\u0119zyka angielskiego (poziomy A1-C1) &#8211; indywidualne lub grupowe.<\/span><\/p>\n<p>W ramach Polilingua organizujemy kursy j\u0119zyka angielskiego \u201eszyte na miar\u0119\u201d \u2013 dopasowane do indywidualnych potrzeb uczestnik\u00f3w. Je\u015bli jeste\u015b pracodawc\u0105, lub osob\u0105 odpowiedzialn\u0105 za szkolenia pracownik\u00f3w \u2013 jeste\u015b we w\u0142a\u015bciwym miejscu. Przed podj\u0119ciem wsp\u00f3\u0142pracy:<\/p>\n<ul>\n<li>okre\u015blimy poziom j\u0119zykowy uczestnik\u00f3w kursu,<\/li>\n<li>przygotujemy program kursu dopasowany do potrzeb konkretnej bran\u017cy,<\/li>\n<li>przygotujemy ofert\u0119 cenow\u0105.<\/li>\n<\/ul>\n<p>Nasi nauczyciele maj\u0105 wieloletnie do\u015bwiadczenie w uczeniu technicznego oraz biznesowego j\u0119zyka angielskiego na wszystkich poziomach zaawansowania.<br \/>\n<span style=\"font-family: verdana, geneva, sans-serif;font-size: 12pt\"><a href=\"https:\/\/pb.edu.pl\/sjo\/polilingua\/kontakt\/\">Zapraszamy do kontaktu<\/a>.<\/span><\/p>\n<p><span style=\"font-size: 12pt;font-family: verdana, geneva, sans-serif\"><a href=\"https:\/\/pb.edu.pl\/sjo\/polish-lab\/kursy-jezyka-polskiego-jako-obcego\/\">Kursy j\u0119zyka polskiego<\/a> prowadzone s\u0105 w <\/span><span style=\"font-family: verdana, geneva, sans-serif;font-size: 12pt\">Centrum J\u0119zyka i Kultury Polskiej <a href=\"https:\/\/pb.edu.pl\/sjo\/polish-lab\/\">POLISH LAB<\/a>.<\/span><\/p>\n<h2>Szczeg\u00f3\u0142owe informacje na temat Twojego kursu:<\/h2>\n<ul style=\"font-family: verdana, geneva, sans-serif;font-size: 12pt\">\n<li>koszt kursu jest uzale\u017cniony od liczby os\u00f3b w grupie oraz liczby godzin lekcyjnych<\/li>\n<li>maksymalnie w twojej grupie mo\u017ce by\u0107 15 os\u00f3b<\/li>\n<li>wi\u0119ksza liczba os\u00f3b dopuszczalna jest w szczeg\u00f3lnych przypadkach, za zgod\u0105 kursant\u00f3w<\/li>\n<li>na spotkaniu organizacyjnym s\u0142uchacze maj\u0105 mo\u017cliwo\u015b\u0107 napisania testu kompetencji j\u0119zykowej, na podstawie, kt\u00f3rego, lektor dokona podzia\u0142u na grupy<\/li>\n<li>napisz do nas je\u015bli nie je\u015bli nie wiesz jak okre\u015bli\u0107 sw\u00f3j poziom j\u0119zyka<\/li>\n<\/ul>\n<p><span style=\"font-family: verdana, geneva, sans-serif;font-size: 12pt\">Wszyscy s\u0142uchacze kurs\u00f3w s\u0105 zobowi\u0105zani zapozna\u0107 si\u0119 z tre\u015bci\u0105 <a href=\"https:\/\/pb.edu.pl\/sjo\/kursy-jezykowe\/regulamin-polilingua\/\">regulaminu<\/a>.<\/span><\/p>\n","protected":false},"excerpt":{"rendered":"<p>POLILINGUA zaprasza wszystkich ch\u0119tnych do nauki j\u0119zyk\u00f3w angielskiego, niemieckiego, rosyjskiego i hiszpa\u0144skiego. Zaj\u0119cia prowadzone s\u0105<\/p>\n","protected":false},"author":6,"featured_media":0,"parent":0,"menu_order":0,"comment_status":"closed","ping_status":"closed","template":"","meta":{"_acf_changed":false,"ngg_post_thumbnail":0,"footnotes":""},"class_list":["post-13364","page","type-page","status-publish","hentry"],"acf":[],"yoast_head":"<!-- This site is optimized with the Yoast SEO plugin v27.0 - https:\/\/yoast.com\/product\/yoast-seo-wordpress\/ -->\n<title>Polilingua - Studium J\u0119zyk\u00f3w Obcych<\/title>\n<meta name=\"description\" content=\"POLILINGUA zaprasza wszystkich ch\u0119tnych do nauki j\u0119zyk\u00f3w angielskiego, niemieckiego, rosyjskiego i hiszpa\u0144skiego. Zaj\u0119cia prowadzone s\u0105 przez wysoko\" \/>\n<meta name=\"robots\" content=\"index, follow, max-snippet:-1, max-image-preview:large, max-video-preview:-1\" \/>\n<link rel=\"canonical\" href=\"https:\/\/pb.edu.pl\/sjo\/polilingua\/\" \/>\n<meta property=\"og:locale\" content=\"pl_PL\" \/>\n<meta property=\"og:type\" content=\"article\" \/>\n<meta property=\"og:title\" content=\"Polilingua - Studium J\u0119zyk\u00f3w Obcych\" \/>\n<meta property=\"og:description\" content=\"POLILINGUA zaprasza wszystkich ch\u0119tnych do nauki j\u0119zyk\u00f3w angielskiego, niemieckiego, rosyjskiego i hiszpa\u0144skiego. Zaj\u0119cia prowadzone s\u0105 przez wysoko\" \/>\n<meta property=\"og:url\" content=\"https:\/\/pb.edu.pl\/sjo\/polilingua\/\" \/>\n<meta property=\"og:site_name\" content=\"Studium J\u0119zyk\u00f3w Obcych\" \/>\n<meta property=\"article:modified_time\" content=\"2024-10-02T09:27:19+00:00\" \/>\n<meta name=\"twitter:label1\" content=\"Szacowany czas czytania\" \/>\n\t<meta name=\"twitter:data1\" content=\"2 minuty\" \/>\n<script type=\"application\/ld+json\" class=\"yoast-schema-graph\">{\"@context\":\"https:\/\/schema.org\",\"@graph\":[{\"@type\":\"WebPage\",\"@id\":\"https:\/\/pb.edu.pl\/sjo\/polilingua\/\",\"url\":\"https:\/\/pb.edu.pl\/sjo\/polilingua\/\",\"name\":\"Polilingua - Studium J\u0119zyk\u00f3w Obcych\",\"isPartOf\":{\"@id\":\"https:\/\/pb.edu.pl\/sjo\/#website\"},\"datePublished\":\"2022-04-11T07:12:34+00:00\",\"dateModified\":\"2024-10-02T09:27:19+00:00\",\"description\":\"POLILINGUA zaprasza wszystkich ch\u0119tnych do nauki j\u0119zyk\u00f3w angielskiego, niemieckiego, rosyjskiego i hiszpa\u0144skiego. Zaj\u0119cia prowadzone s\u0105 przez wysoko\",\"breadcrumb\":{\"@id\":\"https:\/\/pb.edu.pl\/sjo\/polilingua\/#breadcrumb\"},\"inLanguage\":\"pl-PL\",\"potentialAction\":[{\"@type\":\"ReadAction\",\"target\":[\"https:\/\/pb.edu.pl\/sjo\/polilingua\/\"]}]},{\"@type\":\"BreadcrumbList\",\"@id\":\"https:\/\/pb.edu.pl\/sjo\/polilingua\/#breadcrumb\",\"itemListElement\":[{\"@type\":\"ListItem\",\"position\":1,\"name\":\"Home\",\"item\":\"https:\/\/pb.edu.pl\/sjo\/\"},{\"@type\":\"ListItem\",\"position\":2,\"name\":\"Polilingua\"}]},{\"@type\":\"WebSite\",\"@id\":\"https:\/\/pb.edu.pl\/sjo\/#website\",\"url\":\"https:\/\/pb.edu.pl\/sjo\/\",\"name\":\"Studium J\u0119zyk\u00f3w Obcych\",\"description\":\"\",\"potentialAction\":[{\"@type\":\"SearchAction\",\"target\":{\"@type\":\"EntryPoint\",\"urlTemplate\":\"https:\/\/pb.edu.pl\/sjo\/?s={search_term_string}\"},\"query-input\":{\"@type\":\"PropertyValueSpecification\",\"valueRequired\":true,\"valueName\":\"search_term_string\"}}],\"inLanguage\":\"pl-PL\"}]}<\/script>\n<!-- \/ Yoast SEO plugin. -->","yoast_head_json":{"title":"Polilingua - Studium J\u0119zyk\u00f3w Obcych","description":"POLILINGUA zaprasza wszystkich ch\u0119tnych do nauki j\u0119zyk\u00f3w angielskiego, niemieckiego, rosyjskiego i hiszpa\u0144skiego. Zaj\u0119cia prowadzone s\u0105 przez wysoko","robots":{"index":"index","follow":"follow","max-snippet":"max-snippet:-1","max-image-preview":"max-image-preview:large","max-video-preview":"max-video-preview:-1"},"canonical":"https:\/\/pb.edu.pl\/sjo\/polilingua\/","og_locale":"pl_PL","og_type":"article","og_title":"Polilingua - Studium J\u0119zyk\u00f3w Obcych","og_description":"POLILINGUA zaprasza wszystkich ch\u0119tnych do nauki j\u0119zyk\u00f3w angielskiego, niemieckiego, rosyjskiego i hiszpa\u0144skiego. Zaj\u0119cia prowadzone s\u0105 przez wysoko","og_url":"https:\/\/pb.edu.pl\/sjo\/polilingua\/","og_site_name":"Studium J\u0119zyk\u00f3w Obcych","article_modified_time":"2024-10-02T09:27:19+00:00","twitter_misc":{"Szacowany czas czytania":"2 minuty"},"schema":{"@context":"https:\/\/schema.org","@graph":[{"@type":"WebPage","@id":"https:\/\/pb.edu.pl\/sjo\/polilingua\/","url":"https:\/\/pb.edu.pl\/sjo\/polilingua\/","name":"Polilingua - Studium J\u0119zyk\u00f3w Obcych","isPartOf":{"@id":"https:\/\/pb.edu.pl\/sjo\/#website"},"datePublished":"2022-04-11T07:12:34+00:00","dateModified":"2024-10-02T09:27:19+00:00","description":"POLILINGUA zaprasza wszystkich ch\u0119tnych do nauki j\u0119zyk\u00f3w angielskiego, niemieckiego, rosyjskiego i hiszpa\u0144skiego. Zaj\u0119cia prowadzone s\u0105 przez wysoko","breadcrumb":{"@id":"https:\/\/pb.edu.pl\/sjo\/polilingua\/#breadcrumb"},"inLanguage":"pl-PL","potentialAction":[{"@type":"ReadAction","target":["https:\/\/pb.edu.pl\/sjo\/polilingua\/"]}]},{"@type":"BreadcrumbList","@id":"https:\/\/pb.edu.pl\/sjo\/polilingua\/#breadcrumb","itemListElement":[{"@type":"ListItem","position":1,"name":"Home","item":"https:\/\/pb.edu.pl\/sjo\/"},{"@type":"ListItem","position":2,"name":"Polilingua"}]},{"@type":"WebSite","@id":"https:\/\/pb.edu.pl\/sjo\/#website","url":"https:\/\/pb.edu.pl\/sjo\/","name":"Studium J\u0119zyk\u00f3w Obcych","description":"","potentialAction":[{"@type":"SearchAction","target":{"@type":"EntryPoint","urlTemplate":"https:\/\/pb.edu.pl\/sjo\/?s={search_term_string}"},"query-input":{"@type":"PropertyValueSpecification","valueRequired":true,"valueName":"search_term_string"}}],"inLanguage":"pl-PL"}]}},"_links":{"self":[{"href":"https:\/\/pb.edu.pl\/sjo\/wp-json\/wp\/v2\/pages\/13364","targetHints":{"allow":["GET"]}}],"collection":[{"href":"https:\/\/pb.edu.pl\/sjo\/wp-json\/wp\/v2\/pages"}],"about":[{"href":"https:\/\/pb.edu.pl\/sjo\/wp-json\/wp\/v2\/types\/page"}],"author":[{"embeddable":true,"href":"https:\/\/pb.edu.pl\/sjo\/wp-json\/wp\/v2\/users\/6"}],"replies":[{"embeddable":true,"href":"https:\/\/pb.edu.pl\/sjo\/wp-json\/wp\/v2\/comments?post=13364"}],"version-history":[{"count":0,"href":"https:\/\/pb.edu.pl\/sjo\/wp-json\/wp\/v2\/pages\/13364\/revisions"}],"wp:attachment":[{"href":"https:\/\/pb.edu.pl\/sjo\/wp-json\/wp\/v2\/media?parent=13364"}],"curies":[{"name":"wp","href":"https:\/\/api.w.org\/{rel}","templated":true}]}}